{"id":7746,"date":"2025-04-23T21:54:13","date_gmt":"2025-04-23T21:54:13","guid":{"rendered":"https:\/\/irgumburgumstudio.hu\/?post_type=product&#038;p=7746"},"modified":"2025-06-01T07:21:33","modified_gmt":"2025-06-01T07:21:33","slug":"dalmatas-zorgo-rongyi-sarga","status":"publish","type":"product","link":"https:\/\/irgumburgumstudio.hu\/en\/bolt\/zorgo-rongyik\/dalmatas-zorgo-rongyi-sarga\/","title":{"rendered":"DALMAT\u00c1S Z\u00d6RG\u0150 RONGYI &#8211; S\u00c1RGA"},"content":{"rendered":"","protected":false},"excerpt":{"rendered":"<p>PAC\u00c1S PETRA<br \/>\n<span>Ha ezt a term\u00e9ket rendeled meg, akkor a\u00a0 s\u00e1rga foltos h\u00e1toldal\u00fa term\u00e9ket kapod k\u00e9zhez!<\/span><\/p>\n<p>K\u00e9zzel k\u00e9sz\u00edtett babarongyi cs\u00f6rg\u0151vel \u2013 dalmat\u00e1s mint\u00e1val.<br \/>\nAj\u00e1nd\u00e9kozd meg a bab\u00e1t egy k\u00fcl\u00f6nleges, k\u00e9zzel k\u00e9sz\u00edtett cs\u00f6rg\u0151 rongyival!<br \/>\nAz elej\u00e9n b\u00e1jos dalmata kutya illusztr\u00e1ci\u00f3, a h\u00e1tulj\u00e1n pedig vid\u00e1m p\u00f6tty\u00f6s mint\u00e1zat tal\u00e1lhat\u00f3.<\/p>\n<p><strong>A fekete-feh\u00e9r kontrasztos sz\u00ednek k\u00fcl\u00f6n\u00f6sen hasznosak az els\u0151 h\u00f3napokban, amikor a bab\u00e1k l\u00e1t\u00e1sa fejl\u0151dik, \u00e9s a nagyobb kontraszt\u00fa mint\u00e1k vonzz\u00e1k a figyelm\u00fcket.<\/strong><\/p>\n<p><strong>Anyag:<\/strong><br \/>\nBord\u00e1zott JERSEY + V\u00e1szon<br \/>\nPuha, b\u0151rbar\u00e1t textil a baba k\u00e9nyelm\u00e9\u00e9rt \u00e9s biztons\u00e1g\u00e1\u00e9rt.<\/p>\n<p><strong>Funkci\u00f3:<\/strong><span>\u00a0<\/span>Cs\u00f6rg\u0151 hang, amely lek\u00f6ti a baba figyelm\u00e9t, \u00e9s hajtogathat\u00f3 textilr\u00e9teg a tapint\u00e1s fejleszt\u00e9s\u00e9\u00e9rt.<\/p>\n<p><strong>Diz\u00e1jn:<\/strong><span>\u00a0<\/span>Az elej\u00e9n egy bar\u00e1ts\u00e1gos dalmata kutya minta, a h\u00e1toldalon klasszikus fekete-feh\u00e9r p\u00f6tty\u00f6k.<\/p>\n<p><strong>M\u00e9ret:<\/strong><span>\u00a0<\/span>K\u00f6nny\u0171 \u00e9s kis m\u00e9ret\u0171, ide\u00e1lis a baba kezeinek.<\/p>\n<p><strong>Tiszt\u00edt\u00e1s:<\/strong><span>\u00a0<\/span>K\u00e9zi mos\u00e1s.<\/p>\n<p>Ez a term\u00e9k k\u00e9t f\u00e9le h\u00e1toldallal rendelhet\u0151.<br \/>\nAz egyik opci\u00f3 s\u00e1rga puha anyag, a m\u00e1sik pedig feh\u00e9r alapon fekete p\u00f6tty\u00f6s anyag, v\u00e1szonb\u00f3l!<\/p>\n<p><strong>A csomag tartalma:<\/strong><br \/>\n1 db dalmat\u00e1s z\u00f6rg\u0151 rongyi.<\/p>\n<p><em><strong>Mi\u00e9rt k\u00fcl\u00f6nleges?<\/strong><\/em><br \/>\nEz a rongyi nemcsak j\u00e1t\u00e9k, hanem az \u00e9rz\u00e9kszervek fejl\u0151d\u00e9s\u00e9nek is nagyszer\u0171 eszk\u00f6ze.<br \/>\nA fekete-feh\u00e9r kontraszt serkenti a baba l\u00e1t\u00e1s\u00e1t, m\u00edg a cs\u00f6rg\u0151 hang \u00e9s a puha anyag lek\u00f6ti a figyelm\u00e9t, \u00e9s megnyugtat\u00f3 t\u00e1rs lehet a mindennapokban.<\/p>\n<p><em>Aj\u00e1nd\u00e9knak is t\u00f6k\u00e9letes! Ide\u00e1lis v\u00e1laszt\u00e1s babal\u00e1togat\u00e1sra vagy \u00fajsz\u00fcl\u00f6tt-aj\u00e1nd\u00e9knak.<br \/>\nEgyedi diz\u00e1jnja \u00e9s praktikus funkci\u00f3i garant\u00e1ltan \u00f6r\u00f6met szereznek a bab\u00e1nak \u00e9s a sz\u00fcl\u0151knek egyar\u00e1nt.<\/em><\/p>\n<p>Rendeld meg most, \u00e9s t\u00e1mogasd a hazai k\u00e9zm\u0171ves term\u00e9keket!<\/p>","protected":false},"featured_media":7341,"comment_status":"open","ping_status":"closed","template":"","meta":[],"product_brand":[],"product_cat":[163],"product_tag":[],"class_list":{"0":"post-7746","1":"product","2":"type-product","3":"status-publish","4":"has-post-thumbnail","6":"product_cat-zorgo-rongyik","8":"first","9":"outofstock","10":"taxable","11":"shipping-taxable","12":"purchasable","13":"product-type-simple"},"yoast_head":"<!-- This site is optimized with the Yoast SEO plugin v27.6 - https:\/\/yoast.com\/product\/yoast-seo-wordpress\/ -->\n<title>DALMAT\u00c1S Z\u00d6RG\u0150 RONGYI - S\u00c1RGA - IrgumburgumStudio<\/title>\n<meta name=\"robots\" content=\"index, follow, max-snippet:-1, max-image-preview:large, max-video-preview:-1\" \/>\n<link rel=\"canonical\" href=\"https:\/\/irgumburgumstudio.hu\/en\/bolt\/zorgo-rongyik\/dalmatas-zorgo-rongyi-sarga\/\" \/>\n<meta property=\"og:locale\" content=\"en_US\" \/>\n<meta property=\"og:type\" content=\"article\" \/>\n<meta property=\"og:title\" content=\"DALMAT\u00c1S Z\u00d6RG\u0150 RONGYI - S\u00c1RGA - IrgumburgumStudio\" \/>\n<meta property=\"og:description\" content=\"PAC\u00c1S PETRA Ha ezt a term\u00e9ket rendeled meg, akkor a\u00a0 s\u00e1rga foltos h\u00e1toldal\u00fa term\u00e9ket kapod k\u00e9zhez!  K\u00e9zzel k\u00e9sz\u00edtett babarongyi cs\u00f6rg\u0151vel \u2013 dalmat\u00e1s mint\u00e1val. Aj\u00e1nd\u00e9kozd meg a bab\u00e1t egy k\u00fcl\u00f6nleges, k\u00e9zzel k\u00e9sz\u00edtett cs\u00f6rg\u0151 rongyival! Az elej\u00e9n b\u00e1jos dalmata kutya illusztr\u00e1ci\u00f3, a h\u00e1tulj\u00e1n pedig vid\u00e1m p\u00f6tty\u00f6s mint\u00e1zat tal\u00e1lhat\u00f3.  A fekete-feh\u00e9r kontrasztos sz\u00ednek k\u00fcl\u00f6n\u00f6sen hasznosak az els\u0151 h\u00f3napokban, amikor a bab\u00e1k l\u00e1t\u00e1sa fejl\u0151dik, \u00e9s a nagyobb kontraszt\u00fa mint\u00e1k vonzz\u00e1k a figyelm\u00fcket.  Anyag: Bord\u00e1zott JERSEY + V\u00e1szon Puha, b\u0151rbar\u00e1t textil a baba k\u00e9nyelm\u00e9\u00e9rt \u00e9s biztons\u00e1g\u00e1\u00e9rt.  Funkci\u00f3:\u00a0Cs\u00f6rg\u0151 hang, amely lek\u00f6ti a baba figyelm\u00e9t, \u00e9s hajtogathat\u00f3 textilr\u00e9teg a tapint\u00e1s fejleszt\u00e9s\u00e9\u00e9rt.  Diz\u00e1jn:\u00a0Az elej\u00e9n egy bar\u00e1ts\u00e1gos dalmata kutya minta, a h\u00e1toldalon klasszikus fekete-feh\u00e9r p\u00f6tty\u00f6k.  M\u00e9ret:\u00a0K\u00f6nny\u0171 \u00e9s kis m\u00e9ret\u0171, ide\u00e1lis a baba kezeinek.  Tiszt\u00edt\u00e1s:\u00a0K\u00e9zi mos\u00e1s.  Ez a term\u00e9k k\u00e9t f\u00e9le h\u00e1toldallal rendelhet\u0151. Az egyik opci\u00f3 s\u00e1rga puha anyag, a m\u00e1sik pedig feh\u00e9r alapon fekete p\u00f6tty\u00f6s anyag, v\u00e1szonb\u00f3l!  A csomag tartalma: 1 db dalmat\u00e1s z\u00f6rg\u0151 rongyi.  Mi\u00e9rt k\u00fcl\u00f6nleges? Ez a rongyi nemcsak j\u00e1t\u00e9k, hanem az \u00e9rz\u00e9kszervek fejl\u0151d\u00e9s\u00e9nek is nagyszer\u0171 eszk\u00f6ze. A fekete-feh\u00e9r kontraszt serkenti a baba l\u00e1t\u00e1s\u00e1t, m\u00edg a cs\u00f6rg\u0151 hang \u00e9s a puha anyag lek\u00f6ti a figyelm\u00e9t, \u00e9s megnyugtat\u00f3 t\u00e1rs lehet a mindennapokban.  Aj\u00e1nd\u00e9knak is t\u00f6k\u00e9letes! Ide\u00e1lis v\u00e1laszt\u00e1s babal\u00e1togat\u00e1sra vagy \u00fajsz\u00fcl\u00f6tt-aj\u00e1nd\u00e9knak. Egyedi diz\u00e1jnja \u00e9s praktikus funkci\u00f3i garant\u00e1ltan \u00f6r\u00f6met szereznek a bab\u00e1nak \u00e9s a sz\u00fcl\u0151knek egyar\u00e1nt.  Rendeld meg most, \u00e9s t\u00e1mogasd a hazai k\u00e9zm\u0171ves term\u00e9keket!\" \/>\n<meta property=\"og:url\" content=\"https:\/\/irgumburgumstudio.hu\/en\/bolt\/zorgo-rongyik\/dalmatas-zorgo-rongyi-sarga\/\" \/>\n<meta property=\"og:site_name\" content=\"IrgumburgumStudio\" \/>\n<meta property=\"article:publisher\" content=\"https:\/\/www.facebook.com\/profile.php?id=100040055444498\" \/>\n<meta property=\"article:modified_time\" content=\"2025-06-01T07:21:33+00:00\" \/>\n<meta property=\"og:image\" content=\"https:\/\/irgumburgumstudio.hu\/wp-content\/uploads\/2024\/11\/IMG_7295-min-scaled.jpg\" \/>\n\t<meta property=\"og:image:width\" content=\"1920\" \/>\n\t<meta property=\"og:image:height\" content=\"2560\" \/>\n\t<meta property=\"og:image:type\" content=\"image\/jpeg\" \/>\n<meta name=\"twitter:card\" content=\"summary_large_image\" \/>\n<meta name=\"twitter:label1\" content=\"Est. reading time\" \/>\n\t<meta name=\"twitter:data1\" content=\"1 minute\" \/>\n<script type=\"application\/ld+json\" class=\"yoast-schema-graph\">{\"@context\":\"https:\\\/\\\/schema.org\",\"@graph\":[{\"@type\":\"WebPage\",\"@id\":\"https:\\\/\\\/irgumburgumstudio.hu\\\/bolt\\\/zorgo-rongyik\\\/dalmatas-zorgo-rongyi-sarga\\\/\",\"url\":\"https:\\\/\\\/irgumburgumstudio.hu\\\/bolt\\\/zorgo-rongyik\\\/dalmatas-zorgo-rongyi-sarga\\\/\",\"name\":\"DALMAT\u00c1S Z\u00d6RG\u0150 RONGYI - S\u00c1RGA - IrgumburgumStudio\",\"isPartOf\":{\"@id\":\"https:\\\/\\\/irgumburgumstudio.hu\\\/#website\"},\"primaryImageOfPage\":{\"@id\":\"https:\\\/\\\/irgumburgumstudio.hu\\\/bolt\\\/zorgo-rongyik\\\/dalmatas-zorgo-rongyi-sarga\\\/#primaryimage\"},\"image\":{\"@id\":\"https:\\\/\\\/irgumburgumstudio.hu\\\/bolt\\\/zorgo-rongyik\\\/dalmatas-zorgo-rongyi-sarga\\\/#primaryimage\"},\"thumbnailUrl\":\"https:\\\/\\\/irgumburgumstudio.hu\\\/wp-content\\\/uploads\\\/2024\\\/11\\\/IMG_7295-min-scaled.jpg\",\"datePublished\":\"2025-04-23T21:54:13+00:00\",\"dateModified\":\"2025-06-01T07:21:33+00:00\",\"breadcrumb\":{\"@id\":\"https:\\\/\\\/irgumburgumstudio.hu\\\/bolt\\\/zorgo-rongyik\\\/dalmatas-zorgo-rongyi-sarga\\\/#breadcrumb\"},\"inLanguage\":\"en-US\",\"potentialAction\":[{\"@type\":\"ReadAction\",\"target\":[\"https:\\\/\\\/irgumburgumstudio.hu\\\/bolt\\\/zorgo-rongyik\\\/dalmatas-zorgo-rongyi-sarga\\\/\"]}]},{\"@type\":\"ImageObject\",\"inLanguage\":\"en-US\",\"@id\":\"https:\\\/\\\/irgumburgumstudio.hu\\\/bolt\\\/zorgo-rongyik\\\/dalmatas-zorgo-rongyi-sarga\\\/#primaryimage\",\"url\":\"https:\\\/\\\/irgumburgumstudio.hu\\\/wp-content\\\/uploads\\\/2024\\\/11\\\/IMG_7295-min-scaled.jpg\",\"contentUrl\":\"https:\\\/\\\/irgumburgumstudio.hu\\\/wp-content\\\/uploads\\\/2024\\\/11\\\/IMG_7295-min-scaled.jpg\",\"width\":1920,\"height\":2560},{\"@type\":\"BreadcrumbList\",\"@id\":\"https:\\\/\\\/irgumburgumstudio.hu\\\/bolt\\\/zorgo-rongyik\\\/dalmatas-zorgo-rongyi-sarga\\\/#breadcrumb\",\"itemListElement\":[{\"@type\":\"ListItem\",\"position\":1,\"name\":\"Home\",\"item\":\"https:\\\/\\\/irgumburgumstudio.hu\\\/\"},{\"@type\":\"ListItem\",\"position\":2,\"name\":\"Bolt\",\"item\":\"https:\\\/\\\/irgumburgumstudio.hu\\\/bolt\\\/\"},{\"@type\":\"ListItem\",\"position\":3,\"name\":\"DALMAT\u00c1S Z\u00d6RG\u0150 RONGYI &#8211; S\u00c1RGA\"}]},{\"@type\":\"WebSite\",\"@id\":\"https:\\\/\\\/irgumburgumstudio.hu\\\/#website\",\"url\":\"https:\\\/\\\/irgumburgumstudio.hu\\\/\",\"name\":\"IrgumburgumStudio\",\"description\":\"IrgumburgumStudio - k\u00e9zzel k\u00e9sz\u00edtett egyedi term\u00e9kek.\",\"publisher\":{\"@id\":\"https:\\\/\\\/irgumburgumstudio.hu\\\/#organization\"},\"potentialAction\":[{\"@type\":\"SearchAction\",\"target\":{\"@type\":\"EntryPoint\",\"urlTemplate\":\"https:\\\/\\\/irgumburgumstudio.hu\\\/?s={search_term_string}\"},\"query-input\":{\"@type\":\"PropertyValueSpecification\",\"valueRequired\":true,\"valueName\":\"search_term_string\"}}],\"inLanguage\":\"en-US\"},{\"@type\":\"Organization\",\"@id\":\"https:\\\/\\\/irgumburgumstudio.hu\\\/#organization\",\"name\":\"IrgumburgumStudio\",\"url\":\"https:\\\/\\\/irgumburgumstudio.hu\\\/\",\"logo\":{\"@type\":\"ImageObject\",\"inLanguage\":\"en-US\",\"@id\":\"https:\\\/\\\/irgumburgumstudio.hu\\\/#\\\/schema\\\/logo\\\/image\\\/\",\"url\":\"https:\\\/\\\/irgumburgumstudio.hu\\\/wp-content\\\/uploads\\\/2019\\\/10\\\/cropped-logoszines-min.png\",\"contentUrl\":\"https:\\\/\\\/irgumburgumstudio.hu\\\/wp-content\\\/uploads\\\/2019\\\/10\\\/cropped-logoszines-min.png\",\"width\":512,\"height\":512,\"caption\":\"IrgumburgumStudio\"},\"image\":{\"@id\":\"https:\\\/\\\/irgumburgumstudio.hu\\\/#\\\/schema\\\/logo\\\/image\\\/\"},\"sameAs\":[\"https:\\\/\\\/www.facebook.com\\\/profile.php?id=100040055444498\"]}]}<\/script>\n<!-- \/ Yoast SEO plugin. -->","yoast_head_json":{"title":"DALMAT\u00c1S Z\u00d6RG\u0150 RONGYI - S\u00c1RGA - IrgumburgumStudio","robots":{"index":"index","follow":"follow","max-snippet":"max-snippet:-1","max-image-preview":"max-image-preview:large","max-video-preview":"max-video-preview:-1"},"canonical":"https:\/\/irgumburgumstudio.hu\/en\/bolt\/zorgo-rongyik\/dalmatas-zorgo-rongyi-sarga\/","og_locale":"en_US","og_type":"article","og_title":"DALMAT\u00c1S Z\u00d6RG\u0150 RONGYI - S\u00c1RGA - IrgumburgumStudio","og_description":"PAC\u00c1S PETRA Ha ezt a term\u00e9ket rendeled meg, akkor a\u00a0 s\u00e1rga foltos h\u00e1toldal\u00fa term\u00e9ket kapod k\u00e9zhez!  K\u00e9zzel k\u00e9sz\u00edtett babarongyi cs\u00f6rg\u0151vel \u2013 dalmat\u00e1s mint\u00e1val. Aj\u00e1nd\u00e9kozd meg a bab\u00e1t egy k\u00fcl\u00f6nleges, k\u00e9zzel k\u00e9sz\u00edtett cs\u00f6rg\u0151 rongyival! Az elej\u00e9n b\u00e1jos dalmata kutya illusztr\u00e1ci\u00f3, a h\u00e1tulj\u00e1n pedig vid\u00e1m p\u00f6tty\u00f6s mint\u00e1zat tal\u00e1lhat\u00f3.  A fekete-feh\u00e9r kontrasztos sz\u00ednek k\u00fcl\u00f6n\u00f6sen hasznosak az els\u0151 h\u00f3napokban, amikor a bab\u00e1k l\u00e1t\u00e1sa fejl\u0151dik, \u00e9s a nagyobb kontraszt\u00fa mint\u00e1k vonzz\u00e1k a figyelm\u00fcket.  Anyag: Bord\u00e1zott JERSEY + V\u00e1szon Puha, b\u0151rbar\u00e1t textil a baba k\u00e9nyelm\u00e9\u00e9rt \u00e9s biztons\u00e1g\u00e1\u00e9rt.  Funkci\u00f3:\u00a0Cs\u00f6rg\u0151 hang, amely lek\u00f6ti a baba figyelm\u00e9t, \u00e9s hajtogathat\u00f3 textilr\u00e9teg a tapint\u00e1s fejleszt\u00e9s\u00e9\u00e9rt.  Diz\u00e1jn:\u00a0Az elej\u00e9n egy bar\u00e1ts\u00e1gos dalmata kutya minta, a h\u00e1toldalon klasszikus fekete-feh\u00e9r p\u00f6tty\u00f6k.  M\u00e9ret:\u00a0K\u00f6nny\u0171 \u00e9s kis m\u00e9ret\u0171, ide\u00e1lis a baba kezeinek.  Tiszt\u00edt\u00e1s:\u00a0K\u00e9zi mos\u00e1s.  Ez a term\u00e9k k\u00e9t f\u00e9le h\u00e1toldallal rendelhet\u0151. Az egyik opci\u00f3 s\u00e1rga puha anyag, a m\u00e1sik pedig feh\u00e9r alapon fekete p\u00f6tty\u00f6s anyag, v\u00e1szonb\u00f3l!  A csomag tartalma: 1 db dalmat\u00e1s z\u00f6rg\u0151 rongyi.  Mi\u00e9rt k\u00fcl\u00f6nleges? Ez a rongyi nemcsak j\u00e1t\u00e9k, hanem az \u00e9rz\u00e9kszervek fejl\u0151d\u00e9s\u00e9nek is nagyszer\u0171 eszk\u00f6ze. A fekete-feh\u00e9r kontraszt serkenti a baba l\u00e1t\u00e1s\u00e1t, m\u00edg a cs\u00f6rg\u0151 hang \u00e9s a puha anyag lek\u00f6ti a figyelm\u00e9t, \u00e9s megnyugtat\u00f3 t\u00e1rs lehet a mindennapokban.  Aj\u00e1nd\u00e9knak is t\u00f6k\u00e9letes! Ide\u00e1lis v\u00e1laszt\u00e1s babal\u00e1togat\u00e1sra vagy \u00fajsz\u00fcl\u00f6tt-aj\u00e1nd\u00e9knak. Egyedi diz\u00e1jnja \u00e9s praktikus funkci\u00f3i garant\u00e1ltan \u00f6r\u00f6met szereznek a bab\u00e1nak \u00e9s a sz\u00fcl\u0151knek egyar\u00e1nt.  Rendeld meg most, \u00e9s t\u00e1mogasd a hazai k\u00e9zm\u0171ves term\u00e9keket!","og_url":"https:\/\/irgumburgumstudio.hu\/en\/bolt\/zorgo-rongyik\/dalmatas-zorgo-rongyi-sarga\/","og_site_name":"IrgumburgumStudio","article_publisher":"https:\/\/www.facebook.com\/profile.php?id=100040055444498","article_modified_time":"2025-06-01T07:21:33+00:00","og_image":[{"width":1920,"height":2560,"url":"https:\/\/irgumburgumstudio.hu\/wp-content\/uploads\/2024\/11\/IMG_7295-min-scaled.jpg","type":"image\/jpeg"}],"twitter_card":"summary_large_image","twitter_misc":{"Est. reading time":"1 minute"},"schema":{"@context":"https:\/\/schema.org","@graph":[{"@type":"WebPage","@id":"https:\/\/irgumburgumstudio.hu\/bolt\/zorgo-rongyik\/dalmatas-zorgo-rongyi-sarga\/","url":"https:\/\/irgumburgumstudio.hu\/bolt\/zorgo-rongyik\/dalmatas-zorgo-rongyi-sarga\/","name":"DALMAT\u00c1S Z\u00d6RG\u0150 RONGYI - S\u00c1RGA - IrgumburgumStudio","isPartOf":{"@id":"https:\/\/irgumburgumstudio.hu\/#website"},"primaryImageOfPage":{"@id":"https:\/\/irgumburgumstudio.hu\/bolt\/zorgo-rongyik\/dalmatas-zorgo-rongyi-sarga\/#primaryimage"},"image":{"@id":"https:\/\/irgumburgumstudio.hu\/bolt\/zorgo-rongyik\/dalmatas-zorgo-rongyi-sarga\/#primaryimage"},"thumbnailUrl":"https:\/\/irgumburgumstudio.hu\/wp-content\/uploads\/2024\/11\/IMG_7295-min-scaled.jpg","datePublished":"2025-04-23T21:54:13+00:00","dateModified":"2025-06-01T07:21:33+00:00","breadcrumb":{"@id":"https:\/\/irgumburgumstudio.hu\/bolt\/zorgo-rongyik\/dalmatas-zorgo-rongyi-sarga\/#breadcrumb"},"inLanguage":"en-US","potentialAction":[{"@type":"ReadAction","target":["https:\/\/irgumburgumstudio.hu\/bolt\/zorgo-rongyik\/dalmatas-zorgo-rongyi-sarga\/"]}]},{"@type":"ImageObject","inLanguage":"en-US","@id":"https:\/\/irgumburgumstudio.hu\/bolt\/zorgo-rongyik\/dalmatas-zorgo-rongyi-sarga\/#primaryimage","url":"https:\/\/irgumburgumstudio.hu\/wp-content\/uploads\/2024\/11\/IMG_7295-min-scaled.jpg","contentUrl":"https:\/\/irgumburgumstudio.hu\/wp-content\/uploads\/2024\/11\/IMG_7295-min-scaled.jpg","width":1920,"height":2560},{"@type":"BreadcrumbList","@id":"https:\/\/irgumburgumstudio.hu\/bolt\/zorgo-rongyik\/dalmatas-zorgo-rongyi-sarga\/#breadcrumb","itemListElement":[{"@type":"ListItem","position":1,"name":"Home","item":"https:\/\/irgumburgumstudio.hu\/"},{"@type":"ListItem","position":2,"name":"Bolt","item":"https:\/\/irgumburgumstudio.hu\/bolt\/"},{"@type":"ListItem","position":3,"name":"DALMAT\u00c1S Z\u00d6RG\u0150 RONGYI &#8211; S\u00c1RGA"}]},{"@type":"WebSite","@id":"https:\/\/irgumburgumstudio.hu\/#website","url":"https:\/\/irgumburgumstudio.hu\/","name":"IrgumburgumStudio","description":"IrgumburgumStudio - k\u00e9zzel k\u00e9sz\u00edtett egyedi term\u00e9kek.","publisher":{"@id":"https:\/\/irgumburgumstudio.hu\/#organization"},"potentialAction":[{"@type":"SearchAction","target":{"@type":"EntryPoint","urlTemplate":"https:\/\/irgumburgumstudio.hu\/?s={search_term_string}"},"query-input":{"@type":"PropertyValueSpecification","valueRequired":true,"valueName":"search_term_string"}}],"inLanguage":"en-US"},{"@type":"Organization","@id":"https:\/\/irgumburgumstudio.hu\/#organization","name":"IrgumburgumStudio","url":"https:\/\/irgumburgumstudio.hu\/","logo":{"@type":"ImageObject","inLanguage":"en-US","@id":"https:\/\/irgumburgumstudio.hu\/#\/schema\/logo\/image\/","url":"https:\/\/irgumburgumstudio.hu\/wp-content\/uploads\/2019\/10\/cropped-logoszines-min.png","contentUrl":"https:\/\/irgumburgumstudio.hu\/wp-content\/uploads\/2019\/10\/cropped-logoszines-min.png","width":512,"height":512,"caption":"IrgumburgumStudio"},"image":{"@id":"https:\/\/irgumburgumstudio.hu\/#\/schema\/logo\/image\/"},"sameAs":["https:\/\/www.facebook.com\/profile.php?id=100040055444498"]}]}},"_links":{"self":[{"href":"https:\/\/irgumburgumstudio.hu\/en\/wp-json\/wp\/v2\/product\/7746","targetHints":{"allow":["GET"]}}],"collection":[{"href":"https:\/\/irgumburgumstudio.hu\/en\/wp-json\/wp\/v2\/product"}],"about":[{"href":"https:\/\/irgumburgumstudio.hu\/en\/wp-json\/wp\/v2\/types\/product"}],"replies":[{"embeddable":true,"href":"https:\/\/irgumburgumstudio.hu\/en\/wp-json\/wp\/v2\/comments?post=7746"}],"wp:featuredmedia":[{"embeddable":true,"href":"https:\/\/irgumburgumstudio.hu\/en\/wp-json\/wp\/v2\/media\/7341"}],"wp:attachment":[{"href":"https:\/\/irgumburgumstudio.hu\/en\/wp-json\/wp\/v2\/media?parent=7746"}],"wp:term":[{"taxonomy":"product_brand","embeddable":true,"href":"https:\/\/irgumburgumstudio.hu\/en\/wp-json\/wp\/v2\/product_brand?post=7746"},{"taxonomy":"product_cat","embeddable":true,"href":"https:\/\/irgumburgumstudio.hu\/en\/wp-json\/wp\/v2\/product_cat?post=7746"},{"taxonomy":"product_tag","embeddable":true,"href":"https:\/\/irgumburgumstudio.hu\/en\/wp-json\/wp\/v2\/product_tag?post=7746"}],"curies":[{"name":"wp","href":"https:\/\/api.w.org\/{rel}","templated":true}]}}