{"id":7687,"date":"2025-04-17T11:55:04","date_gmt":"2025-04-17T11:55:04","guid":{"rendered":"https:\/\/irgumburgumstudio.hu\/?post_type=product&#038;p=7687"},"modified":"2025-06-01T07:22:26","modified_gmt":"2025-06-01T07:22:26","slug":"nyuszis-babatakaro-racsos-agyba","status":"publish","type":"product","link":"https:\/\/irgumburgumstudio.hu\/en\/bolt\/nyuszis-kollekcio\/nyuszis-babatakaro-racsos-agyba\/","title":{"rendered":"NYUSZIS BABATAKAR\u00d3 R\u00c1CSOS \u00c1GYBA"},"content":{"rendered":"","protected":false},"excerpt":{"rendered":"<h3 class=\"\" data-start=\"167\" data-end=\"221\"><strong data-start=\"171\" data-end=\"221\">Nyuszis muszlin babatakar\u00f3 \u2013 egyedi grafik\u00e1val<\/strong><\/h3>\n<p class=\"\" data-start=\"223\" data-end=\"705\">&#x1f430; <strong data-start=\"226\" data-end=\"243\">Egyedi design<\/strong> \u2013 Saj\u00e1t k\u00e9zzel rajzolt nyuszis minta, csak n\u00e1lunk el\u00e9rhet\u0151, limit\u00e1lt sz\u00e1mban.\u00a0<br data-start=\"293\" data-end=\"296\" \/>&#x1f6cf;&#xfe0f; <strong data-start=\"300\" data-end=\"325\">R\u00e1csos \u00e1gyba tervezve<\/strong> \u2013 M\u00e9rete: 80\u00d7100 cm (\u00b11\u20132 cm)<br data-start=\"355\" data-end=\"358\" \/>&#x1f476; <strong data-start=\"361\" data-end=\"379\">0\u20132 \u00e9ves korig<\/strong> \u2013 Ide\u00e1lis kisbab\u00e1knak, \u00fajsz\u00fcl\u00f6tt kort\u00f3l 2 \u00e9ves korig.<br data-start=\"419\" data-end=\"422\" \/>&#x1f33f; <strong data-start=\"425\" data-end=\"447\">100% pamut muszlin<\/strong> \u2013 Puh\u00e1n \u00f6lel, term\u00e9szetes \u00e9s l\u00e9g\u00e1tereszt\u0151<br data-start=\"489\" data-end=\"492\" \/>&#x1f9f8; <strong data-start=\"495\" data-end=\"517\">T\u00f6bbc\u00e9l\u00fa haszn\u00e1lat<\/strong> \u2013 Takar\u00f3k\u00e9nt \u00e9s j\u00e1tsz\u00f3sz\u0151nyegk\u00e9nt is t\u00f6k\u00e9letes a mindennapi haszn\u00e1latra.<br data-start=\"564\" data-end=\"567\" \/>&#x1f4a8; <strong data-start=\"570\" data-end=\"593\">Antiallerg\u00e9n t\u00f6ltet<\/strong> \u2013 Biztons\u00e1gos, \u00e9rz\u00e9keny b\u0151rre is aj\u00e1nlott!<br data-start=\"635\" data-end=\"638\" \/>&#x1f9fc; <strong data-start=\"641\" data-end=\"664\">K\u00f6nnyen tiszt\u00edthat\u00f3<\/strong> \u2013 Mos\u00f3g\u00e9pben 30 fokon moshat\u00f3.<\/p>","protected":false},"featured_media":7693,"comment_status":"open","ping_status":"closed","template":"","meta":[],"product_brand":[],"product_cat":[171],"product_tag":[],"class_list":{"0":"post-7687","1":"product","2":"type-product","3":"status-publish","4":"has-post-thumbnail","6":"product_cat-nyuszis-kollekcio","7":"product_shipping_class-babavaro-csomagok","9":"first","10":"outofstock","11":"taxable","12":"shipping-taxable","13":"purchasable","14":"product-type-simple"},"yoast_head":"<!-- This site is optimized with the Yoast SEO plugin v27.4 - https:\/\/yoast.com\/product\/yoast-seo-wordpress\/ -->\n<title>NYUSZIS BABATAKAR\u00d3 R\u00c1CSOS \u00c1GYBA - IrgumburgumStudio<\/title>\n<meta name=\"robots\" content=\"index, follow, max-snippet:-1, max-image-preview:large, max-video-preview:-1\" \/>\n<link rel=\"canonical\" href=\"https:\/\/irgumburgumstudio.hu\/en\/bolt\/nyuszis-kollekcio\/nyuszis-babatakaro-racsos-agyba\/\" \/>\n<meta property=\"og:locale\" content=\"en_US\" \/>\n<meta property=\"og:type\" content=\"article\" \/>\n<meta property=\"og:title\" content=\"NYUSZIS BABATAKAR\u00d3 R\u00c1CSOS \u00c1GYBA - IrgumburgumStudio\" \/>\n<meta property=\"og:description\" content=\"Nyuszis muszlin babatakar\u00f3 \u2013 egyedi grafik\u00e1val &#x1f430; Egyedi design \u2013 Saj\u00e1t k\u00e9zzel rajzolt nyuszis minta, csak n\u00e1lunk el\u00e9rhet\u0151, limit\u00e1lt sz\u00e1mban.\u00a0&#x1f6cf;&#xfe0f; R\u00e1csos \u00e1gyba tervezve \u2013 M\u00e9rete: 80\u00d7100 cm (\u00b11\u20132 cm)&#x1f476; 0\u20132 \u00e9ves korig \u2013 Ide\u00e1lis kisbab\u00e1knak, \u00fajsz\u00fcl\u00f6tt kort\u00f3l 2 \u00e9ves korig.&#x1f33f; 100% pamut muszlin \u2013 Puh\u00e1n \u00f6lel, term\u00e9szetes \u00e9s l\u00e9g\u00e1tereszt\u0151&#x1f9f8; T\u00f6bbc\u00e9l\u00fa haszn\u00e1lat \u2013 Takar\u00f3k\u00e9nt \u00e9s j\u00e1tsz\u00f3sz\u0151nyegk\u00e9nt is t\u00f6k\u00e9letes a mindennapi haszn\u00e1latra.&#x1f4a8; Antiallerg\u00e9n t\u00f6ltet \u2013 Biztons\u00e1gos, \u00e9rz\u00e9keny b\u0151rre is aj\u00e1nlott!&#x1f9fc; K\u00f6nnyen tiszt\u00edthat\u00f3 \u2013 Mos\u00f3g\u00e9pben 30 fokon moshat\u00f3.\" \/>\n<meta property=\"og:url\" content=\"https:\/\/irgumburgumstudio.hu\/en\/bolt\/nyuszis-kollekcio\/nyuszis-babatakaro-racsos-agyba\/\" \/>\n<meta property=\"og:site_name\" content=\"IrgumburgumStudio\" \/>\n<meta property=\"article:publisher\" content=\"https:\/\/www.facebook.com\/profile.php?id=100040055444498\" \/>\n<meta property=\"article:modified_time\" content=\"2025-06-01T07:22:26+00:00\" \/>\n<meta property=\"og:image\" content=\"https:\/\/irgumburgumstudio.hu\/wp-content\/uploads\/2025\/04\/IMG_1429-min-scaled.jpg\" \/>\n\t<meta property=\"og:image:width\" content=\"2501\" \/>\n\t<meta property=\"og:image:height\" content=\"2560\" \/>\n\t<meta property=\"og:image:type\" content=\"image\/jpeg\" \/>\n<meta name=\"twitter:card\" content=\"summary_large_image\" \/>\n<meta name=\"twitter:label1\" content=\"Est. reading time\" \/>\n\t<meta name=\"twitter:data1\" content=\"1 minute\" \/>\n<script type=\"application\/ld+json\" class=\"yoast-schema-graph\">{\"@context\":\"https:\\\/\\\/schema.org\",\"@graph\":[{\"@type\":\"WebPage\",\"@id\":\"https:\\\/\\\/irgumburgumstudio.hu\\\/bolt\\\/nyuszis-kollekcio\\\/nyuszis-babatakaro-racsos-agyba\\\/\",\"url\":\"https:\\\/\\\/irgumburgumstudio.hu\\\/bolt\\\/nyuszis-kollekcio\\\/nyuszis-babatakaro-racsos-agyba\\\/\",\"name\":\"NYUSZIS BABATAKAR\u00d3 R\u00c1CSOS \u00c1GYBA - IrgumburgumStudio\",\"isPartOf\":{\"@id\":\"https:\\\/\\\/irgumburgumstudio.hu\\\/#website\"},\"primaryImageOfPage\":{\"@id\":\"https:\\\/\\\/irgumburgumstudio.hu\\\/bolt\\\/nyuszis-kollekcio\\\/nyuszis-babatakaro-racsos-agyba\\\/#primaryimage\"},\"image\":{\"@id\":\"https:\\\/\\\/irgumburgumstudio.hu\\\/bolt\\\/nyuszis-kollekcio\\\/nyuszis-babatakaro-racsos-agyba\\\/#primaryimage\"},\"thumbnailUrl\":\"https:\\\/\\\/irgumburgumstudio.hu\\\/wp-content\\\/uploads\\\/2025\\\/04\\\/IMG_1429-min-scaled.jpg\",\"datePublished\":\"2025-04-17T11:55:04+00:00\",\"dateModified\":\"2025-06-01T07:22:26+00:00\",\"breadcrumb\":{\"@id\":\"https:\\\/\\\/irgumburgumstudio.hu\\\/bolt\\\/nyuszis-kollekcio\\\/nyuszis-babatakaro-racsos-agyba\\\/#breadcrumb\"},\"inLanguage\":\"en-US\",\"potentialAction\":[{\"@type\":\"ReadAction\",\"target\":[\"https:\\\/\\\/irgumburgumstudio.hu\\\/bolt\\\/nyuszis-kollekcio\\\/nyuszis-babatakaro-racsos-agyba\\\/\"]}]},{\"@type\":\"ImageObject\",\"inLanguage\":\"en-US\",\"@id\":\"https:\\\/\\\/irgumburgumstudio.hu\\\/bolt\\\/nyuszis-kollekcio\\\/nyuszis-babatakaro-racsos-agyba\\\/#primaryimage\",\"url\":\"https:\\\/\\\/irgumburgumstudio.hu\\\/wp-content\\\/uploads\\\/2025\\\/04\\\/IMG_1429-min-scaled.jpg\",\"contentUrl\":\"https:\\\/\\\/irgumburgumstudio.hu\\\/wp-content\\\/uploads\\\/2025\\\/04\\\/IMG_1429-min-scaled.jpg\",\"width\":2501,\"height\":2560},{\"@type\":\"BreadcrumbList\",\"@id\":\"https:\\\/\\\/irgumburgumstudio.hu\\\/bolt\\\/nyuszis-kollekcio\\\/nyuszis-babatakaro-racsos-agyba\\\/#breadcrumb\",\"itemListElement\":[{\"@type\":\"ListItem\",\"position\":1,\"name\":\"Home\",\"item\":\"https:\\\/\\\/irgumburgumstudio.hu\\\/\"},{\"@type\":\"ListItem\",\"position\":2,\"name\":\"Bolt\",\"item\":\"https:\\\/\\\/irgumburgumstudio.hu\\\/bolt\\\/\"},{\"@type\":\"ListItem\",\"position\":3,\"name\":\"NYUSZIS BABATAKAR\u00d3 R\u00c1CSOS \u00c1GYBA\"}]},{\"@type\":\"WebSite\",\"@id\":\"https:\\\/\\\/irgumburgumstudio.hu\\\/#website\",\"url\":\"https:\\\/\\\/irgumburgumstudio.hu\\\/\",\"name\":\"IrgumburgumStudio\",\"description\":\"IrgumburgumStudio - k\u00e9zzel k\u00e9sz\u00edtett egyedi term\u00e9kek.\",\"publisher\":{\"@id\":\"https:\\\/\\\/irgumburgumstudio.hu\\\/#organization\"},\"potentialAction\":[{\"@type\":\"SearchAction\",\"target\":{\"@type\":\"EntryPoint\",\"urlTemplate\":\"https:\\\/\\\/irgumburgumstudio.hu\\\/?s={search_term_string}\"},\"query-input\":{\"@type\":\"PropertyValueSpecification\",\"valueRequired\":true,\"valueName\":\"search_term_string\"}}],\"inLanguage\":\"en-US\"},{\"@type\":\"Organization\",\"@id\":\"https:\\\/\\\/irgumburgumstudio.hu\\\/#organization\",\"name\":\"IrgumburgumStudio\",\"url\":\"https:\\\/\\\/irgumburgumstudio.hu\\\/\",\"logo\":{\"@type\":\"ImageObject\",\"inLanguage\":\"en-US\",\"@id\":\"https:\\\/\\\/irgumburgumstudio.hu\\\/#\\\/schema\\\/logo\\\/image\\\/\",\"url\":\"https:\\\/\\\/irgumburgumstudio.hu\\\/wp-content\\\/uploads\\\/2019\\\/10\\\/cropped-logoszines-min.png\",\"contentUrl\":\"https:\\\/\\\/irgumburgumstudio.hu\\\/wp-content\\\/uploads\\\/2019\\\/10\\\/cropped-logoszines-min.png\",\"width\":512,\"height\":512,\"caption\":\"IrgumburgumStudio\"},\"image\":{\"@id\":\"https:\\\/\\\/irgumburgumstudio.hu\\\/#\\\/schema\\\/logo\\\/image\\\/\"},\"sameAs\":[\"https:\\\/\\\/www.facebook.com\\\/profile.php?id=100040055444498\"]}]}<\/script>\n<!-- \/ Yoast SEO plugin. -->","yoast_head_json":{"title":"NYUSZIS BABATAKAR\u00d3 R\u00c1CSOS \u00c1GYBA - IrgumburgumStudio","robots":{"index":"index","follow":"follow","max-snippet":"max-snippet:-1","max-image-preview":"max-image-preview:large","max-video-preview":"max-video-preview:-1"},"canonical":"https:\/\/irgumburgumstudio.hu\/en\/bolt\/nyuszis-kollekcio\/nyuszis-babatakaro-racsos-agyba\/","og_locale":"en_US","og_type":"article","og_title":"NYUSZIS BABATAKAR\u00d3 R\u00c1CSOS \u00c1GYBA - IrgumburgumStudio","og_description":"Nyuszis muszlin babatakar\u00f3 \u2013 egyedi grafik\u00e1val &#x1f430; Egyedi design \u2013 Saj\u00e1t k\u00e9zzel rajzolt nyuszis minta, csak n\u00e1lunk el\u00e9rhet\u0151, limit\u00e1lt sz\u00e1mban.\u00a0&#x1f6cf;&#xfe0f; R\u00e1csos \u00e1gyba tervezve \u2013 M\u00e9rete: 80\u00d7100 cm (\u00b11\u20132 cm)&#x1f476; 0\u20132 \u00e9ves korig \u2013 Ide\u00e1lis kisbab\u00e1knak, \u00fajsz\u00fcl\u00f6tt kort\u00f3l 2 \u00e9ves korig.&#x1f33f; 100% pamut muszlin \u2013 Puh\u00e1n \u00f6lel, term\u00e9szetes \u00e9s l\u00e9g\u00e1tereszt\u0151&#x1f9f8; T\u00f6bbc\u00e9l\u00fa haszn\u00e1lat \u2013 Takar\u00f3k\u00e9nt \u00e9s j\u00e1tsz\u00f3sz\u0151nyegk\u00e9nt is t\u00f6k\u00e9letes a mindennapi haszn\u00e1latra.&#x1f4a8; Antiallerg\u00e9n t\u00f6ltet \u2013 Biztons\u00e1gos, \u00e9rz\u00e9keny b\u0151rre is aj\u00e1nlott!&#x1f9fc; K\u00f6nnyen tiszt\u00edthat\u00f3 \u2013 Mos\u00f3g\u00e9pben 30 fokon moshat\u00f3.","og_url":"https:\/\/irgumburgumstudio.hu\/en\/bolt\/nyuszis-kollekcio\/nyuszis-babatakaro-racsos-agyba\/","og_site_name":"IrgumburgumStudio","article_publisher":"https:\/\/www.facebook.com\/profile.php?id=100040055444498","article_modified_time":"2025-06-01T07:22:26+00:00","og_image":[{"width":2501,"height":2560,"url":"https:\/\/irgumburgumstudio.hu\/wp-content\/uploads\/2025\/04\/IMG_1429-min-scaled.jpg","type":"image\/jpeg"}],"twitter_card":"summary_large_image","twitter_misc":{"Est. reading time":"1 minute"},"schema":{"@context":"https:\/\/schema.org","@graph":[{"@type":"WebPage","@id":"https:\/\/irgumburgumstudio.hu\/bolt\/nyuszis-kollekcio\/nyuszis-babatakaro-racsos-agyba\/","url":"https:\/\/irgumburgumstudio.hu\/bolt\/nyuszis-kollekcio\/nyuszis-babatakaro-racsos-agyba\/","name":"NYUSZIS BABATAKAR\u00d3 R\u00c1CSOS \u00c1GYBA - IrgumburgumStudio","isPartOf":{"@id":"https:\/\/irgumburgumstudio.hu\/#website"},"primaryImageOfPage":{"@id":"https:\/\/irgumburgumstudio.hu\/bolt\/nyuszis-kollekcio\/nyuszis-babatakaro-racsos-agyba\/#primaryimage"},"image":{"@id":"https:\/\/irgumburgumstudio.hu\/bolt\/nyuszis-kollekcio\/nyuszis-babatakaro-racsos-agyba\/#primaryimage"},"thumbnailUrl":"https:\/\/irgumburgumstudio.hu\/wp-content\/uploads\/2025\/04\/IMG_1429-min-scaled.jpg","datePublished":"2025-04-17T11:55:04+00:00","dateModified":"2025-06-01T07:22:26+00:00","breadcrumb":{"@id":"https:\/\/irgumburgumstudio.hu\/bolt\/nyuszis-kollekcio\/nyuszis-babatakaro-racsos-agyba\/#breadcrumb"},"inLanguage":"en-US","potentialAction":[{"@type":"ReadAction","target":["https:\/\/irgumburgumstudio.hu\/bolt\/nyuszis-kollekcio\/nyuszis-babatakaro-racsos-agyba\/"]}]},{"@type":"ImageObject","inLanguage":"en-US","@id":"https:\/\/irgumburgumstudio.hu\/bolt\/nyuszis-kollekcio\/nyuszis-babatakaro-racsos-agyba\/#primaryimage","url":"https:\/\/irgumburgumstudio.hu\/wp-content\/uploads\/2025\/04\/IMG_1429-min-scaled.jpg","contentUrl":"https:\/\/irgumburgumstudio.hu\/wp-content\/uploads\/2025\/04\/IMG_1429-min-scaled.jpg","width":2501,"height":2560},{"@type":"BreadcrumbList","@id":"https:\/\/irgumburgumstudio.hu\/bolt\/nyuszis-kollekcio\/nyuszis-babatakaro-racsos-agyba\/#breadcrumb","itemListElement":[{"@type":"ListItem","position":1,"name":"Home","item":"https:\/\/irgumburgumstudio.hu\/"},{"@type":"ListItem","position":2,"name":"Bolt","item":"https:\/\/irgumburgumstudio.hu\/bolt\/"},{"@type":"ListItem","position":3,"name":"NYUSZIS BABATAKAR\u00d3 R\u00c1CSOS \u00c1GYBA"}]},{"@type":"WebSite","@id":"https:\/\/irgumburgumstudio.hu\/#website","url":"https:\/\/irgumburgumstudio.hu\/","name":"IrgumburgumStudio","description":"IrgumburgumStudio - k\u00e9zzel k\u00e9sz\u00edtett egyedi term\u00e9kek.","publisher":{"@id":"https:\/\/irgumburgumstudio.hu\/#organization"},"potentialAction":[{"@type":"SearchAction","target":{"@type":"EntryPoint","urlTemplate":"https:\/\/irgumburgumstudio.hu\/?s={search_term_string}"},"query-input":{"@type":"PropertyValueSpecification","valueRequired":true,"valueName":"search_term_string"}}],"inLanguage":"en-US"},{"@type":"Organization","@id":"https:\/\/irgumburgumstudio.hu\/#organization","name":"IrgumburgumStudio","url":"https:\/\/irgumburgumstudio.hu\/","logo":{"@type":"ImageObject","inLanguage":"en-US","@id":"https:\/\/irgumburgumstudio.hu\/#\/schema\/logo\/image\/","url":"https:\/\/irgumburgumstudio.hu\/wp-content\/uploads\/2019\/10\/cropped-logoszines-min.png","contentUrl":"https:\/\/irgumburgumstudio.hu\/wp-content\/uploads\/2019\/10\/cropped-logoszines-min.png","width":512,"height":512,"caption":"IrgumburgumStudio"},"image":{"@id":"https:\/\/irgumburgumstudio.hu\/#\/schema\/logo\/image\/"},"sameAs":["https:\/\/www.facebook.com\/profile.php?id=100040055444498"]}]}},"_links":{"self":[{"href":"https:\/\/irgumburgumstudio.hu\/en\/wp-json\/wp\/v2\/product\/7687","targetHints":{"allow":["GET"]}}],"collection":[{"href":"https:\/\/irgumburgumstudio.hu\/en\/wp-json\/wp\/v2\/product"}],"about":[{"href":"https:\/\/irgumburgumstudio.hu\/en\/wp-json\/wp\/v2\/types\/product"}],"replies":[{"embeddable":true,"href":"https:\/\/irgumburgumstudio.hu\/en\/wp-json\/wp\/v2\/comments?post=7687"}],"wp:featuredmedia":[{"embeddable":true,"href":"https:\/\/irgumburgumstudio.hu\/en\/wp-json\/wp\/v2\/media\/7693"}],"wp:attachment":[{"href":"https:\/\/irgumburgumstudio.hu\/en\/wp-json\/wp\/v2\/media?parent=7687"}],"wp:term":[{"taxonomy":"product_brand","embeddable":true,"href":"https:\/\/irgumburgumstudio.hu\/en\/wp-json\/wp\/v2\/product_brand?post=7687"},{"taxonomy":"product_cat","embeddable":true,"href":"https:\/\/irgumburgumstudio.hu\/en\/wp-json\/wp\/v2\/product_cat?post=7687"},{"taxonomy":"product_tag","embeddable":true,"href":"https:\/\/irgumburgumstudio.hu\/en\/wp-json\/wp\/v2\/product_tag?post=7687"}],"curies":[{"name":"wp","href":"https:\/\/api.w.org\/{rel}","templated":true}]}}