{"id":7682,"date":"2025-04-16T11:51:26","date_gmt":"2025-04-16T11:51:26","guid":{"rendered":"https:\/\/irgumburgumstudio.hu\/?post_type=product&#038;p=7682"},"modified":"2025-06-01T07:23:15","modified_gmt":"2025-06-01T07:23:15","slug":"sarga-ruhas-nyuszi-hammock-hintara-akaszthato-csorgo-jatek","status":"publish","type":"product","link":"https:\/\/irgumburgumstudio.hu\/en\/bolt\/nyuszis-kollekcio\/sarga-ruhas-nyuszi-hammock-hintara-akaszthato-csorgo-jatek\/","title":{"rendered":"S\u00e1rga ruh\u00e1s nyuszi Hammock hint\u00e1ra akaszthat\u00f3 cs\u00f6rg\u0151 j\u00e1t\u00e9k"},"content":{"rendered":"","protected":false},"excerpt":{"rendered":"<p class=\"\" data-start=\"91\" data-end=\"135\"><strong data-start=\"91\" data-end=\"135\">Limit\u00e1lt kiad\u00e1s\u00fa, egyedi grafik\u00e1s term\u00e9k.<\/strong><\/p>\n<p class=\"\" data-start=\"137\" data-end=\"234\">Ez a k\u00fcl\u00f6nleges darab csak korl\u00e1tozott mennyis\u00e9gben \u00e9rhet\u0151 el \u2013 ha megtetszett, ne habozz sok\u00e1ig!<\/p>\n<p class=\"\" data-start=\"236\" data-end=\"466\">&#x1f4cf; <strong data-start=\"239\" data-end=\"249\">M\u00e9ret:<\/strong> kb. 16 x 12 cm<br data-start=\"263\" data-end=\"266\" \/>&#x1f33f; <strong data-start=\"269\" data-end=\"279\">Anyag:<\/strong> 100% pamut<br data-start=\"290\" data-end=\"293\" \/>&#x1f3a8; Az egyedi grafik\u00e1val ell\u00e1tott oldal bababar\u00e1t fest\u00e9kkel k\u00e9sz\u00fclt, m\u00edg a h\u00e1toldala \u00fajrahasznos\u00edtott anyagb\u00f3l van, \u00edgy nemcsak st\u00edlusos, hanem k\u00f6rnyezettudatos v\u00e1laszt\u00e1s is.<\/p>","protected":false},"featured_media":7678,"comment_status":"open","ping_status":"closed","template":"","meta":[],"product_brand":[],"product_cat":[171],"product_tag":[],"class_list":{"0":"post-7682","1":"product","2":"type-product","3":"status-publish","4":"has-post-thumbnail","6":"product_cat-nyuszis-kollekcio","8":"first","9":"outofstock","10":"taxable","11":"shipping-taxable","12":"purchasable","13":"product-type-simple"},"yoast_head":"<!-- This site is optimized with the Yoast SEO plugin v27.3 - https:\/\/yoast.com\/product\/yoast-seo-wordpress\/ -->\n<title>S\u00e1rga ruh\u00e1s nyuszi Hammock hint\u00e1ra akaszthat\u00f3 cs\u00f6rg\u0151 j\u00e1t\u00e9k - IrgumburgumStudio<\/title>\n<meta name=\"robots\" content=\"index, follow, max-snippet:-1, max-image-preview:large, max-video-preview:-1\" \/>\n<link rel=\"canonical\" href=\"https:\/\/irgumburgumstudio.hu\/en\/bolt\/nyuszis-kollekcio\/sarga-ruhas-nyuszi-hammock-hintara-akaszthato-csorgo-jatek\/\" \/>\n<meta property=\"og:locale\" content=\"en_US\" \/>\n<meta property=\"og:type\" content=\"article\" \/>\n<meta property=\"og:title\" content=\"S\u00e1rga ruh\u00e1s nyuszi Hammock hint\u00e1ra akaszthat\u00f3 cs\u00f6rg\u0151 j\u00e1t\u00e9k - IrgumburgumStudio\" \/>\n<meta property=\"og:description\" content=\"Limit\u00e1lt kiad\u00e1s\u00fa, egyedi grafik\u00e1s term\u00e9k. Ez a k\u00fcl\u00f6nleges darab csak korl\u00e1tozott mennyis\u00e9gben \u00e9rhet\u0151 el \u2013 ha megtetszett, ne habozz sok\u00e1ig! &#x1f4cf; M\u00e9ret: kb. 16 x 12 cm&#x1f33f; Anyag: 100% pamut&#x1f3a8; Az egyedi grafik\u00e1val ell\u00e1tott oldal bababar\u00e1t fest\u00e9kkel k\u00e9sz\u00fclt, m\u00edg a h\u00e1toldala \u00fajrahasznos\u00edtott anyagb\u00f3l van, \u00edgy nemcsak st\u00edlusos, hanem k\u00f6rnyezettudatos v\u00e1laszt\u00e1s is.\" \/>\n<meta property=\"og:url\" content=\"https:\/\/irgumburgumstudio.hu\/en\/bolt\/nyuszis-kollekcio\/sarga-ruhas-nyuszi-hammock-hintara-akaszthato-csorgo-jatek\/\" \/>\n<meta property=\"og:site_name\" content=\"IrgumburgumStudio\" \/>\n<meta property=\"article:publisher\" content=\"https:\/\/www.facebook.com\/profile.php?id=100040055444498\" \/>\n<meta property=\"article:modified_time\" content=\"2025-06-01T07:23:15+00:00\" \/>\n<meta property=\"og:image\" content=\"https:\/\/irgumburgumstudio.hu\/wp-content\/uploads\/2025\/04\/IMG_1406-min-scaled.jpg\" \/>\n\t<meta property=\"og:image:width\" content=\"2560\" \/>\n\t<meta property=\"og:image:height\" content=\"2447\" \/>\n\t<meta property=\"og:image:type\" content=\"image\/jpeg\" \/>\n<meta name=\"twitter:card\" content=\"summary_large_image\" \/>\n<meta name=\"twitter:label1\" content=\"Est. reading time\" \/>\n\t<meta name=\"twitter:data1\" content=\"1 minute\" \/>\n<script type=\"application\/ld+json\" class=\"yoast-schema-graph\">{\"@context\":\"https:\\\/\\\/schema.org\",\"@graph\":[{\"@type\":\"WebPage\",\"@id\":\"https:\\\/\\\/irgumburgumstudio.hu\\\/bolt\\\/nyuszis-kollekcio\\\/sarga-ruhas-nyuszi-hammock-hintara-akaszthato-csorgo-jatek\\\/\",\"url\":\"https:\\\/\\\/irgumburgumstudio.hu\\\/bolt\\\/nyuszis-kollekcio\\\/sarga-ruhas-nyuszi-hammock-hintara-akaszthato-csorgo-jatek\\\/\",\"name\":\"S\u00e1rga ruh\u00e1s nyuszi Hammock hint\u00e1ra akaszthat\u00f3 cs\u00f6rg\u0151 j\u00e1t\u00e9k - IrgumburgumStudio\",\"isPartOf\":{\"@id\":\"https:\\\/\\\/irgumburgumstudio.hu\\\/#website\"},\"primaryImageOfPage\":{\"@id\":\"https:\\\/\\\/irgumburgumstudio.hu\\\/bolt\\\/nyuszis-kollekcio\\\/sarga-ruhas-nyuszi-hammock-hintara-akaszthato-csorgo-jatek\\\/#primaryimage\"},\"image\":{\"@id\":\"https:\\\/\\\/irgumburgumstudio.hu\\\/bolt\\\/nyuszis-kollekcio\\\/sarga-ruhas-nyuszi-hammock-hintara-akaszthato-csorgo-jatek\\\/#primaryimage\"},\"thumbnailUrl\":\"https:\\\/\\\/irgumburgumstudio.hu\\\/wp-content\\\/uploads\\\/2025\\\/04\\\/IMG_1406-min-scaled.jpg\",\"datePublished\":\"2025-04-16T11:51:26+00:00\",\"dateModified\":\"2025-06-01T07:23:15+00:00\",\"breadcrumb\":{\"@id\":\"https:\\\/\\\/irgumburgumstudio.hu\\\/bolt\\\/nyuszis-kollekcio\\\/sarga-ruhas-nyuszi-hammock-hintara-akaszthato-csorgo-jatek\\\/#breadcrumb\"},\"inLanguage\":\"en-US\",\"potentialAction\":[{\"@type\":\"ReadAction\",\"target\":[\"https:\\\/\\\/irgumburgumstudio.hu\\\/bolt\\\/nyuszis-kollekcio\\\/sarga-ruhas-nyuszi-hammock-hintara-akaszthato-csorgo-jatek\\\/\"]}]},{\"@type\":\"ImageObject\",\"inLanguage\":\"en-US\",\"@id\":\"https:\\\/\\\/irgumburgumstudio.hu\\\/bolt\\\/nyuszis-kollekcio\\\/sarga-ruhas-nyuszi-hammock-hintara-akaszthato-csorgo-jatek\\\/#primaryimage\",\"url\":\"https:\\\/\\\/irgumburgumstudio.hu\\\/wp-content\\\/uploads\\\/2025\\\/04\\\/IMG_1406-min-scaled.jpg\",\"contentUrl\":\"https:\\\/\\\/irgumburgumstudio.hu\\\/wp-content\\\/uploads\\\/2025\\\/04\\\/IMG_1406-min-scaled.jpg\",\"width\":2560,\"height\":2447},{\"@type\":\"BreadcrumbList\",\"@id\":\"https:\\\/\\\/irgumburgumstudio.hu\\\/bolt\\\/nyuszis-kollekcio\\\/sarga-ruhas-nyuszi-hammock-hintara-akaszthato-csorgo-jatek\\\/#breadcrumb\",\"itemListElement\":[{\"@type\":\"ListItem\",\"position\":1,\"name\":\"Home\",\"item\":\"https:\\\/\\\/irgumburgumstudio.hu\\\/\"},{\"@type\":\"ListItem\",\"position\":2,\"name\":\"Bolt\",\"item\":\"https:\\\/\\\/irgumburgumstudio.hu\\\/bolt\\\/\"},{\"@type\":\"ListItem\",\"position\":3,\"name\":\"S\u00e1rga ruh\u00e1s nyuszi Hammock hint\u00e1ra akaszthat\u00f3 cs\u00f6rg\u0151 j\u00e1t\u00e9k\"}]},{\"@type\":\"WebSite\",\"@id\":\"https:\\\/\\\/irgumburgumstudio.hu\\\/#website\",\"url\":\"https:\\\/\\\/irgumburgumstudio.hu\\\/\",\"name\":\"IrgumburgumStudio\",\"description\":\"IrgumburgumStudio - k\u00e9zzel k\u00e9sz\u00edtett egyedi term\u00e9kek.\",\"publisher\":{\"@id\":\"https:\\\/\\\/irgumburgumstudio.hu\\\/#organization\"},\"potentialAction\":[{\"@type\":\"SearchAction\",\"target\":{\"@type\":\"EntryPoint\",\"urlTemplate\":\"https:\\\/\\\/irgumburgumstudio.hu\\\/?s={search_term_string}\"},\"query-input\":{\"@type\":\"PropertyValueSpecification\",\"valueRequired\":true,\"valueName\":\"search_term_string\"}}],\"inLanguage\":\"en-US\"},{\"@type\":\"Organization\",\"@id\":\"https:\\\/\\\/irgumburgumstudio.hu\\\/#organization\",\"name\":\"IrgumburgumStudio\",\"url\":\"https:\\\/\\\/irgumburgumstudio.hu\\\/\",\"logo\":{\"@type\":\"ImageObject\",\"inLanguage\":\"en-US\",\"@id\":\"https:\\\/\\\/irgumburgumstudio.hu\\\/#\\\/schema\\\/logo\\\/image\\\/\",\"url\":\"https:\\\/\\\/irgumburgumstudio.hu\\\/wp-content\\\/uploads\\\/2019\\\/10\\\/cropped-logoszines-min.png\",\"contentUrl\":\"https:\\\/\\\/irgumburgumstudio.hu\\\/wp-content\\\/uploads\\\/2019\\\/10\\\/cropped-logoszines-min.png\",\"width\":512,\"height\":512,\"caption\":\"IrgumburgumStudio\"},\"image\":{\"@id\":\"https:\\\/\\\/irgumburgumstudio.hu\\\/#\\\/schema\\\/logo\\\/image\\\/\"},\"sameAs\":[\"https:\\\/\\\/www.facebook.com\\\/profile.php?id=100040055444498\"]}]}<\/script>\n<!-- \/ Yoast SEO plugin. -->","yoast_head_json":{"title":"S\u00e1rga ruh\u00e1s nyuszi Hammock hint\u00e1ra akaszthat\u00f3 cs\u00f6rg\u0151 j\u00e1t\u00e9k - IrgumburgumStudio","robots":{"index":"index","follow":"follow","max-snippet":"max-snippet:-1","max-image-preview":"max-image-preview:large","max-video-preview":"max-video-preview:-1"},"canonical":"https:\/\/irgumburgumstudio.hu\/en\/bolt\/nyuszis-kollekcio\/sarga-ruhas-nyuszi-hammock-hintara-akaszthato-csorgo-jatek\/","og_locale":"en_US","og_type":"article","og_title":"S\u00e1rga ruh\u00e1s nyuszi Hammock hint\u00e1ra akaszthat\u00f3 cs\u00f6rg\u0151 j\u00e1t\u00e9k - IrgumburgumStudio","og_description":"Limit\u00e1lt kiad\u00e1s\u00fa, egyedi grafik\u00e1s term\u00e9k. Ez a k\u00fcl\u00f6nleges darab csak korl\u00e1tozott mennyis\u00e9gben \u00e9rhet\u0151 el \u2013 ha megtetszett, ne habozz sok\u00e1ig! &#x1f4cf; M\u00e9ret: kb. 16 x 12 cm&#x1f33f; Anyag: 100% pamut&#x1f3a8; Az egyedi grafik\u00e1val ell\u00e1tott oldal bababar\u00e1t fest\u00e9kkel k\u00e9sz\u00fclt, m\u00edg a h\u00e1toldala \u00fajrahasznos\u00edtott anyagb\u00f3l van, \u00edgy nemcsak st\u00edlusos, hanem k\u00f6rnyezettudatos v\u00e1laszt\u00e1s is.","og_url":"https:\/\/irgumburgumstudio.hu\/en\/bolt\/nyuszis-kollekcio\/sarga-ruhas-nyuszi-hammock-hintara-akaszthato-csorgo-jatek\/","og_site_name":"IrgumburgumStudio","article_publisher":"https:\/\/www.facebook.com\/profile.php?id=100040055444498","article_modified_time":"2025-06-01T07:23:15+00:00","og_image":[{"width":2560,"height":2447,"url":"https:\/\/irgumburgumstudio.hu\/wp-content\/uploads\/2025\/04\/IMG_1406-min-scaled.jpg","type":"image\/jpeg"}],"twitter_card":"summary_large_image","twitter_misc":{"Est. reading time":"1 minute"},"schema":{"@context":"https:\/\/schema.org","@graph":[{"@type":"WebPage","@id":"https:\/\/irgumburgumstudio.hu\/bolt\/nyuszis-kollekcio\/sarga-ruhas-nyuszi-hammock-hintara-akaszthato-csorgo-jatek\/","url":"https:\/\/irgumburgumstudio.hu\/bolt\/nyuszis-kollekcio\/sarga-ruhas-nyuszi-hammock-hintara-akaszthato-csorgo-jatek\/","name":"S\u00e1rga ruh\u00e1s nyuszi Hammock hint\u00e1ra akaszthat\u00f3 cs\u00f6rg\u0151 j\u00e1t\u00e9k - IrgumburgumStudio","isPartOf":{"@id":"https:\/\/irgumburgumstudio.hu\/#website"},"primaryImageOfPage":{"@id":"https:\/\/irgumburgumstudio.hu\/bolt\/nyuszis-kollekcio\/sarga-ruhas-nyuszi-hammock-hintara-akaszthato-csorgo-jatek\/#primaryimage"},"image":{"@id":"https:\/\/irgumburgumstudio.hu\/bolt\/nyuszis-kollekcio\/sarga-ruhas-nyuszi-hammock-hintara-akaszthato-csorgo-jatek\/#primaryimage"},"thumbnailUrl":"https:\/\/irgumburgumstudio.hu\/wp-content\/uploads\/2025\/04\/IMG_1406-min-scaled.jpg","datePublished":"2025-04-16T11:51:26+00:00","dateModified":"2025-06-01T07:23:15+00:00","breadcrumb":{"@id":"https:\/\/irgumburgumstudio.hu\/bolt\/nyuszis-kollekcio\/sarga-ruhas-nyuszi-hammock-hintara-akaszthato-csorgo-jatek\/#breadcrumb"},"inLanguage":"en-US","potentialAction":[{"@type":"ReadAction","target":["https:\/\/irgumburgumstudio.hu\/bolt\/nyuszis-kollekcio\/sarga-ruhas-nyuszi-hammock-hintara-akaszthato-csorgo-jatek\/"]}]},{"@type":"ImageObject","inLanguage":"en-US","@id":"https:\/\/irgumburgumstudio.hu\/bolt\/nyuszis-kollekcio\/sarga-ruhas-nyuszi-hammock-hintara-akaszthato-csorgo-jatek\/#primaryimage","url":"https:\/\/irgumburgumstudio.hu\/wp-content\/uploads\/2025\/04\/IMG_1406-min-scaled.jpg","contentUrl":"https:\/\/irgumburgumstudio.hu\/wp-content\/uploads\/2025\/04\/IMG_1406-min-scaled.jpg","width":2560,"height":2447},{"@type":"BreadcrumbList","@id":"https:\/\/irgumburgumstudio.hu\/bolt\/nyuszis-kollekcio\/sarga-ruhas-nyuszi-hammock-hintara-akaszthato-csorgo-jatek\/#breadcrumb","itemListElement":[{"@type":"ListItem","position":1,"name":"Home","item":"https:\/\/irgumburgumstudio.hu\/"},{"@type":"ListItem","position":2,"name":"Bolt","item":"https:\/\/irgumburgumstudio.hu\/bolt\/"},{"@type":"ListItem","position":3,"name":"S\u00e1rga ruh\u00e1s nyuszi Hammock hint\u00e1ra akaszthat\u00f3 cs\u00f6rg\u0151 j\u00e1t\u00e9k"}]},{"@type":"WebSite","@id":"https:\/\/irgumburgumstudio.hu\/#website","url":"https:\/\/irgumburgumstudio.hu\/","name":"IrgumburgumStudio","description":"IrgumburgumStudio - k\u00e9zzel k\u00e9sz\u00edtett egyedi term\u00e9kek.","publisher":{"@id":"https:\/\/irgumburgumstudio.hu\/#organization"},"potentialAction":[{"@type":"SearchAction","target":{"@type":"EntryPoint","urlTemplate":"https:\/\/irgumburgumstudio.hu\/?s={search_term_string}"},"query-input":{"@type":"PropertyValueSpecification","valueRequired":true,"valueName":"search_term_string"}}],"inLanguage":"en-US"},{"@type":"Organization","@id":"https:\/\/irgumburgumstudio.hu\/#organization","name":"IrgumburgumStudio","url":"https:\/\/irgumburgumstudio.hu\/","logo":{"@type":"ImageObject","inLanguage":"en-US","@id":"https:\/\/irgumburgumstudio.hu\/#\/schema\/logo\/image\/","url":"https:\/\/irgumburgumstudio.hu\/wp-content\/uploads\/2019\/10\/cropped-logoszines-min.png","contentUrl":"https:\/\/irgumburgumstudio.hu\/wp-content\/uploads\/2019\/10\/cropped-logoszines-min.png","width":512,"height":512,"caption":"IrgumburgumStudio"},"image":{"@id":"https:\/\/irgumburgumstudio.hu\/#\/schema\/logo\/image\/"},"sameAs":["https:\/\/www.facebook.com\/profile.php?id=100040055444498"]}]}},"_links":{"self":[{"href":"https:\/\/irgumburgumstudio.hu\/en\/wp-json\/wp\/v2\/product\/7682","targetHints":{"allow":["GET"]}}],"collection":[{"href":"https:\/\/irgumburgumstudio.hu\/en\/wp-json\/wp\/v2\/product"}],"about":[{"href":"https:\/\/irgumburgumstudio.hu\/en\/wp-json\/wp\/v2\/types\/product"}],"replies":[{"embeddable":true,"href":"https:\/\/irgumburgumstudio.hu\/en\/wp-json\/wp\/v2\/comments?post=7682"}],"wp:featuredmedia":[{"embeddable":true,"href":"https:\/\/irgumburgumstudio.hu\/en\/wp-json\/wp\/v2\/media\/7678"}],"wp:attachment":[{"href":"https:\/\/irgumburgumstudio.hu\/en\/wp-json\/wp\/v2\/media?parent=7682"}],"wp:term":[{"taxonomy":"product_brand","embeddable":true,"href":"https:\/\/irgumburgumstudio.hu\/en\/wp-json\/wp\/v2\/product_brand?post=7682"},{"taxonomy":"product_cat","embeddable":true,"href":"https:\/\/irgumburgumstudio.hu\/en\/wp-json\/wp\/v2\/product_cat?post=7682"},{"taxonomy":"product_tag","embeddable":true,"href":"https:\/\/irgumburgumstudio.hu\/en\/wp-json\/wp\/v2\/product_tag?post=7682"}],"curies":[{"name":"wp","href":"https:\/\/api.w.org\/{rel}","templated":true}]}}