{"id":7569,"date":"2025-03-04T11:49:27","date_gmt":"2025-03-04T11:49:27","guid":{"rendered":"https:\/\/irgumburgumstudio.hu\/?post_type=product&#038;p=7569"},"modified":"2025-06-01T07:24:08","modified_gmt":"2025-06-01T07:24:08","slug":"virsli-vili-cumitartos-szundikendo","status":"publish","type":"product","link":"https:\/\/irgumburgumstudio.hu\/en\/bolt\/cumitartos-szundikendok-szundikendo-nyunyoka-babajatek\/virsli-vili-cumitartos-szundikendo\/","title":{"rendered":"VIRSLI VILI CUMITART\u00d3S SZUNDIKEND\u0150"},"content":{"rendered":"","protected":false},"excerpt":{"rendered":"<p data-start=\"0\" data-end=\"86\"><strong data-start=\"0\" data-end=\"84\">Puha \u00f6lel\u00e9s, egyedi grafik\u00e1val \u2013 az Irgumburgumstudio tacsk\u00f3s cumitart\u00f3s szundikend\u0151je<\/strong><\/p>\n<p>Ilyet biztosan csak a mi webshopunkban tal\u00e1lsz!<\/p>\n<p data-start=\"88\" data-end=\"312\">Fedezd fel az Irgumburgumstudio k\u00fcl\u00f6nleges <strong data-start=\"133\" data-end=\"188\">duplag\u00e9z anyagb\u00f3l k\u00e9sz\u00fclt cumitart\u00f3s szundikend\u0151j\u00e9t<\/strong>, amely nemcsak puha \u00e9s megnyugtat\u00f3 t\u00e1rs a kicsik sz\u00e1m\u00e1ra, hanem egyed\u00fcl\u00e1ll\u00f3 grafik\u00e1j\u00e1val st\u00edlust is visz a mindennapokba!<\/p>\n<p data-start=\"314\" data-end=\"923\">&#x1f33f; <strong data-start=\"317\" data-end=\"349\">Term\u00e9szetes \u00e9s l\u00e9legz\u0151 anyag<\/strong> \u2013 A kiv\u00e1l\u00f3 min\u0151s\u00e9g\u0171, 100% pamut duplag\u00e9z kellemes tapint\u00e1s\u00fa, l\u00e9g\u00e1tereszt\u0151 \u00e9s biztons\u00e1gos a bab\u00e1k \u00e9rz\u00e9keny b\u0151r\u00e9hez.<br \/>\n<br data-start=\"464\" data-end=\"467\" \/>&#x1f3a8; <strong data-start=\"470\" data-end=\"488\" data-is-only-node=\"\">Egyedi grafika<\/strong> \u2013 A mi szundikend\u0151nk att\u00f3l k\u00fcl\u00f6nleges, hogy mag\u00e1n az anyagon van grafika, az \u00e1llatkat, nem pedig a fej, ami minden m\u00e1s szundikend\u0151n tal\u00e1lhat\u00f3. A szundikend\u0151n tal\u00e1lhat\u00f3 illusztr\u00e1ci\u00f3 <strong data-start=\"38\" data-end=\"93\">Dana, az Irgumburgumstudio meg\u00e1lmod\u00f3j\u00e1nak munk\u00e1ja<\/strong>, \u00edgy minden darab egyedi \u00e9s k\u00fcl\u00f6nleges.<br \/>\n<br data-start=\"634\" data-end=\"637\" \/>&#x1f37c; <strong data-start=\"640\" data-end=\"663\">Praktikus cumitart\u00f3<\/strong> \u2013 A kend\u0151 tetej\u00e9n tal\u00e1lhat\u00f3 hurkos megold\u00e1s seg\u00edts\u00e9g\u00e9vel k\u00f6nnyed\u00e9n r\u00f6gz\u00edtheted a baba kedvenc cumij\u00e1t, \u00edgy mindig k\u00e9zn\u00e9l lesz.\u00a0 (\u00c9s tutira k\u00f6nnyebben megtal\u00e1lod, mintha csak a cumit keresg\u00e9ln\u00e9d!)<br \/>\n<br data-start=\"803\" data-end=\"806\" \/>&#x2728; <strong data-start=\"808\" data-end=\"842\">Kedvenc t\u00e1rs nappal \u00e9s \u00e9jszaka<\/strong> \u2013 Seg\u00edt a bab\u00e1nak megnyugodni \u00e9s biztons\u00e1g\u00e9rzetet ad alv\u00e1s vagy utaz\u00e1s k\u00f6zben.<\/p>\n<p><strong>M\u00e9rete:<\/strong> 25 cm x 25 cm (+-1-2cm)<\/p>\n<p data-start=\"925\" data-end=\"1017\" data-is-last-node=\"\" data-is-only-node=\"\"><strong data-start=\"925\" data-end=\"1012\">Aj\u00e1nljuk minden pic\u00farnak, aki egy puha, szerethet\u0151 \u00e9s egyedi kincset keres! &#x1f49b;<\/strong>&#x1f436;<\/p>","protected":false},"featured_media":7617,"comment_status":"open","ping_status":"closed","template":"","meta":[],"product_brand":[],"product_cat":[168],"product_tag":[],"class_list":{"0":"post-7569","1":"product","2":"type-product","3":"status-publish","4":"has-post-thumbnail","6":"product_cat-cumitartos-szundikendok-szundikendo-nyunyoka-babajatek","8":"first","9":"outofstock","10":"taxable","11":"shipping-taxable","12":"purchasable","13":"product-type-simple"},"yoast_head":"<!-- This site is optimized with the Yoast SEO plugin v27.4 - https:\/\/yoast.com\/product\/yoast-seo-wordpress\/ -->\n<title>VIRSLI VILI CUMITART\u00d3S SZUNDIKEND\u0150 - IrgumburgumStudio<\/title>\n<meta name=\"description\" content=\"cumitart\u00f3, szundikend\u0151, tacsk\u00f3, tacsk\u00f3s szundikend\u0151, tacsk\u00f3s babaterm\u00e9k, \u00fajsz\u00fcl\u00f6tt aj\u00e1nd\u00e9k, kisbab\u00e1knak, alv\u00f3ka, szundi, nyunyi, taksi, cumil\u00e1nc, cumir\u00e1g\u00f3ka\" \/>\n<meta name=\"robots\" content=\"index, follow, max-snippet:-1, max-image-preview:large, max-video-preview:-1\" \/>\n<link rel=\"canonical\" href=\"https:\/\/irgumburgumstudio.hu\/en\/bolt\/cumitartos-szundikendok-szundikendo-nyunyoka-babajatek\/virsli-vili-cumitartos-szundikendo\/\" \/>\n<meta property=\"og:locale\" content=\"en_US\" \/>\n<meta property=\"og:type\" content=\"article\" \/>\n<meta property=\"og:title\" content=\"VIRSLI VILI CUMITART\u00d3S SZUNDIKEND\u0150 - IrgumburgumStudio\" \/>\n<meta property=\"og:description\" content=\"cumitart\u00f3, szundikend\u0151, tacsk\u00f3, tacsk\u00f3s szundikend\u0151, tacsk\u00f3s babaterm\u00e9k, \u00fajsz\u00fcl\u00f6tt aj\u00e1nd\u00e9k, kisbab\u00e1knak, alv\u00f3ka, szundi, nyunyi, taksi, cumil\u00e1nc, cumir\u00e1g\u00f3ka\" \/>\n<meta property=\"og:url\" content=\"https:\/\/irgumburgumstudio.hu\/en\/bolt\/cumitartos-szundikendok-szundikendo-nyunyoka-babajatek\/virsli-vili-cumitartos-szundikendo\/\" \/>\n<meta property=\"og:site_name\" content=\"IrgumburgumStudio\" \/>\n<meta property=\"article:publisher\" content=\"https:\/\/www.facebook.com\/profile.php?id=100040055444498\" \/>\n<meta property=\"article:modified_time\" content=\"2025-06-01T07:24:08+00:00\" \/>\n<meta property=\"og:image\" content=\"https:\/\/irgumburgumstudio.hu\/wp-content\/uploads\/2025\/03\/DSC_0975-Edit-min-scaled.jpg\" \/>\n\t<meta property=\"og:image:width\" content=\"2560\" \/>\n\t<meta property=\"og:image:height\" content=\"2560\" \/>\n\t<meta property=\"og:image:type\" content=\"image\/jpeg\" \/>\n<meta name=\"twitter:card\" content=\"summary_large_image\" \/>\n<meta name=\"twitter:label1\" content=\"Est. reading time\" \/>\n\t<meta name=\"twitter:data1\" content=\"1 minute\" \/>\n<script type=\"application\/ld+json\" class=\"yoast-schema-graph\">{\"@context\":\"https:\\\/\\\/schema.org\",\"@graph\":[{\"@type\":\"WebPage\",\"@id\":\"https:\\\/\\\/irgumburgumstudio.hu\\\/bolt\\\/cumitartos-szundikendok-szundikendo-nyunyoka-babajatek\\\/virsli-vili-cumitartos-szundikendo\\\/\",\"url\":\"https:\\\/\\\/irgumburgumstudio.hu\\\/bolt\\\/cumitartos-szundikendok-szundikendo-nyunyoka-babajatek\\\/virsli-vili-cumitartos-szundikendo\\\/\",\"name\":\"VIRSLI VILI CUMITART\u00d3S SZUNDIKEND\u0150 - IrgumburgumStudio\",\"isPartOf\":{\"@id\":\"https:\\\/\\\/irgumburgumstudio.hu\\\/#website\"},\"primaryImageOfPage\":{\"@id\":\"https:\\\/\\\/irgumburgumstudio.hu\\\/bolt\\\/cumitartos-szundikendok-szundikendo-nyunyoka-babajatek\\\/virsli-vili-cumitartos-szundikendo\\\/#primaryimage\"},\"image\":{\"@id\":\"https:\\\/\\\/irgumburgumstudio.hu\\\/bolt\\\/cumitartos-szundikendok-szundikendo-nyunyoka-babajatek\\\/virsli-vili-cumitartos-szundikendo\\\/#primaryimage\"},\"thumbnailUrl\":\"https:\\\/\\\/irgumburgumstudio.hu\\\/wp-content\\\/uploads\\\/2025\\\/03\\\/DSC_0975-Edit-min-scaled.jpg\",\"datePublished\":\"2025-03-04T11:49:27+00:00\",\"dateModified\":\"2025-06-01T07:24:08+00:00\",\"description\":\"cumitart\u00f3, szundikend\u0151, tacsk\u00f3, tacsk\u00f3s szundikend\u0151, tacsk\u00f3s babaterm\u00e9k, \u00fajsz\u00fcl\u00f6tt aj\u00e1nd\u00e9k, kisbab\u00e1knak, alv\u00f3ka, szundi, nyunyi, taksi, cumil\u00e1nc, cumir\u00e1g\u00f3ka\",\"breadcrumb\":{\"@id\":\"https:\\\/\\\/irgumburgumstudio.hu\\\/bolt\\\/cumitartos-szundikendok-szundikendo-nyunyoka-babajatek\\\/virsli-vili-cumitartos-szundikendo\\\/#breadcrumb\"},\"inLanguage\":\"en-US\",\"potentialAction\":[{\"@type\":\"ReadAction\",\"target\":[\"https:\\\/\\\/irgumburgumstudio.hu\\\/bolt\\\/cumitartos-szundikendok-szundikendo-nyunyoka-babajatek\\\/virsli-vili-cumitartos-szundikendo\\\/\"]}]},{\"@type\":\"ImageObject\",\"inLanguage\":\"en-US\",\"@id\":\"https:\\\/\\\/irgumburgumstudio.hu\\\/bolt\\\/cumitartos-szundikendok-szundikendo-nyunyoka-babajatek\\\/virsli-vili-cumitartos-szundikendo\\\/#primaryimage\",\"url\":\"https:\\\/\\\/irgumburgumstudio.hu\\\/wp-content\\\/uploads\\\/2025\\\/03\\\/DSC_0975-Edit-min-scaled.jpg\",\"contentUrl\":\"https:\\\/\\\/irgumburgumstudio.hu\\\/wp-content\\\/uploads\\\/2025\\\/03\\\/DSC_0975-Edit-min-scaled.jpg\",\"width\":2560,\"height\":2560},{\"@type\":\"BreadcrumbList\",\"@id\":\"https:\\\/\\\/irgumburgumstudio.hu\\\/bolt\\\/cumitartos-szundikendok-szundikendo-nyunyoka-babajatek\\\/virsli-vili-cumitartos-szundikendo\\\/#breadcrumb\",\"itemListElement\":[{\"@type\":\"ListItem\",\"position\":1,\"name\":\"Home\",\"item\":\"https:\\\/\\\/irgumburgumstudio.hu\\\/\"},{\"@type\":\"ListItem\",\"position\":2,\"name\":\"Bolt\",\"item\":\"https:\\\/\\\/irgumburgumstudio.hu\\\/bolt\\\/\"},{\"@type\":\"ListItem\",\"position\":3,\"name\":\"VIRSLI VILI CUMITART\u00d3S SZUNDIKEND\u0150\"}]},{\"@type\":\"WebSite\",\"@id\":\"https:\\\/\\\/irgumburgumstudio.hu\\\/#website\",\"url\":\"https:\\\/\\\/irgumburgumstudio.hu\\\/\",\"name\":\"IrgumburgumStudio\",\"description\":\"IrgumburgumStudio - k\u00e9zzel k\u00e9sz\u00edtett egyedi term\u00e9kek.\",\"publisher\":{\"@id\":\"https:\\\/\\\/irgumburgumstudio.hu\\\/#organization\"},\"potentialAction\":[{\"@type\":\"SearchAction\",\"target\":{\"@type\":\"EntryPoint\",\"urlTemplate\":\"https:\\\/\\\/irgumburgumstudio.hu\\\/?s={search_term_string}\"},\"query-input\":{\"@type\":\"PropertyValueSpecification\",\"valueRequired\":true,\"valueName\":\"search_term_string\"}}],\"inLanguage\":\"en-US\"},{\"@type\":\"Organization\",\"@id\":\"https:\\\/\\\/irgumburgumstudio.hu\\\/#organization\",\"name\":\"IrgumburgumStudio\",\"url\":\"https:\\\/\\\/irgumburgumstudio.hu\\\/\",\"logo\":{\"@type\":\"ImageObject\",\"inLanguage\":\"en-US\",\"@id\":\"https:\\\/\\\/irgumburgumstudio.hu\\\/#\\\/schema\\\/logo\\\/image\\\/\",\"url\":\"https:\\\/\\\/irgumburgumstudio.hu\\\/wp-content\\\/uploads\\\/2019\\\/10\\\/cropped-logoszines-min.png\",\"contentUrl\":\"https:\\\/\\\/irgumburgumstudio.hu\\\/wp-content\\\/uploads\\\/2019\\\/10\\\/cropped-logoszines-min.png\",\"width\":512,\"height\":512,\"caption\":\"IrgumburgumStudio\"},\"image\":{\"@id\":\"https:\\\/\\\/irgumburgumstudio.hu\\\/#\\\/schema\\\/logo\\\/image\\\/\"},\"sameAs\":[\"https:\\\/\\\/www.facebook.com\\\/profile.php?id=100040055444498\"]}]}<\/script>\n<!-- \/ Yoast SEO plugin. -->","yoast_head_json":{"title":"VIRSLI VILI CUMITART\u00d3S SZUNDIKEND\u0150 - IrgumburgumStudio","description":"cumitart\u00f3, szundikend\u0151, tacsk\u00f3, tacsk\u00f3s szundikend\u0151, tacsk\u00f3s babaterm\u00e9k, \u00fajsz\u00fcl\u00f6tt aj\u00e1nd\u00e9k, kisbab\u00e1knak, alv\u00f3ka, szundi, nyunyi, taksi, cumil\u00e1nc, cumir\u00e1g\u00f3ka","robots":{"index":"index","follow":"follow","max-snippet":"max-snippet:-1","max-image-preview":"max-image-preview:large","max-video-preview":"max-video-preview:-1"},"canonical":"https:\/\/irgumburgumstudio.hu\/en\/bolt\/cumitartos-szundikendok-szundikendo-nyunyoka-babajatek\/virsli-vili-cumitartos-szundikendo\/","og_locale":"en_US","og_type":"article","og_title":"VIRSLI VILI CUMITART\u00d3S SZUNDIKEND\u0150 - IrgumburgumStudio","og_description":"cumitart\u00f3, szundikend\u0151, tacsk\u00f3, tacsk\u00f3s szundikend\u0151, tacsk\u00f3s babaterm\u00e9k, \u00fajsz\u00fcl\u00f6tt aj\u00e1nd\u00e9k, kisbab\u00e1knak, alv\u00f3ka, szundi, nyunyi, taksi, cumil\u00e1nc, cumir\u00e1g\u00f3ka","og_url":"https:\/\/irgumburgumstudio.hu\/en\/bolt\/cumitartos-szundikendok-szundikendo-nyunyoka-babajatek\/virsli-vili-cumitartos-szundikendo\/","og_site_name":"IrgumburgumStudio","article_publisher":"https:\/\/www.facebook.com\/profile.php?id=100040055444498","article_modified_time":"2025-06-01T07:24:08+00:00","og_image":[{"width":2560,"height":2560,"url":"https:\/\/irgumburgumstudio.hu\/wp-content\/uploads\/2025\/03\/DSC_0975-Edit-min-scaled.jpg","type":"image\/jpeg"}],"twitter_card":"summary_large_image","twitter_misc":{"Est. reading time":"1 minute"},"schema":{"@context":"https:\/\/schema.org","@graph":[{"@type":"WebPage","@id":"https:\/\/irgumburgumstudio.hu\/bolt\/cumitartos-szundikendok-szundikendo-nyunyoka-babajatek\/virsli-vili-cumitartos-szundikendo\/","url":"https:\/\/irgumburgumstudio.hu\/bolt\/cumitartos-szundikendok-szundikendo-nyunyoka-babajatek\/virsli-vili-cumitartos-szundikendo\/","name":"VIRSLI VILI CUMITART\u00d3S SZUNDIKEND\u0150 - IrgumburgumStudio","isPartOf":{"@id":"https:\/\/irgumburgumstudio.hu\/#website"},"primaryImageOfPage":{"@id":"https:\/\/irgumburgumstudio.hu\/bolt\/cumitartos-szundikendok-szundikendo-nyunyoka-babajatek\/virsli-vili-cumitartos-szundikendo\/#primaryimage"},"image":{"@id":"https:\/\/irgumburgumstudio.hu\/bolt\/cumitartos-szundikendok-szundikendo-nyunyoka-babajatek\/virsli-vili-cumitartos-szundikendo\/#primaryimage"},"thumbnailUrl":"https:\/\/irgumburgumstudio.hu\/wp-content\/uploads\/2025\/03\/DSC_0975-Edit-min-scaled.jpg","datePublished":"2025-03-04T11:49:27+00:00","dateModified":"2025-06-01T07:24:08+00:00","description":"cumitart\u00f3, szundikend\u0151, tacsk\u00f3, tacsk\u00f3s szundikend\u0151, tacsk\u00f3s babaterm\u00e9k, \u00fajsz\u00fcl\u00f6tt aj\u00e1nd\u00e9k, kisbab\u00e1knak, alv\u00f3ka, szundi, nyunyi, taksi, cumil\u00e1nc, cumir\u00e1g\u00f3ka","breadcrumb":{"@id":"https:\/\/irgumburgumstudio.hu\/bolt\/cumitartos-szundikendok-szundikendo-nyunyoka-babajatek\/virsli-vili-cumitartos-szundikendo\/#breadcrumb"},"inLanguage":"en-US","potentialAction":[{"@type":"ReadAction","target":["https:\/\/irgumburgumstudio.hu\/bolt\/cumitartos-szundikendok-szundikendo-nyunyoka-babajatek\/virsli-vili-cumitartos-szundikendo\/"]}]},{"@type":"ImageObject","inLanguage":"en-US","@id":"https:\/\/irgumburgumstudio.hu\/bolt\/cumitartos-szundikendok-szundikendo-nyunyoka-babajatek\/virsli-vili-cumitartos-szundikendo\/#primaryimage","url":"https:\/\/irgumburgumstudio.hu\/wp-content\/uploads\/2025\/03\/DSC_0975-Edit-min-scaled.jpg","contentUrl":"https:\/\/irgumburgumstudio.hu\/wp-content\/uploads\/2025\/03\/DSC_0975-Edit-min-scaled.jpg","width":2560,"height":2560},{"@type":"BreadcrumbList","@id":"https:\/\/irgumburgumstudio.hu\/bolt\/cumitartos-szundikendok-szundikendo-nyunyoka-babajatek\/virsli-vili-cumitartos-szundikendo\/#breadcrumb","itemListElement":[{"@type":"ListItem","position":1,"name":"Home","item":"https:\/\/irgumburgumstudio.hu\/"},{"@type":"ListItem","position":2,"name":"Bolt","item":"https:\/\/irgumburgumstudio.hu\/bolt\/"},{"@type":"ListItem","position":3,"name":"VIRSLI VILI CUMITART\u00d3S SZUNDIKEND\u0150"}]},{"@type":"WebSite","@id":"https:\/\/irgumburgumstudio.hu\/#website","url":"https:\/\/irgumburgumstudio.hu\/","name":"IrgumburgumStudio","description":"IrgumburgumStudio - k\u00e9zzel k\u00e9sz\u00edtett egyedi term\u00e9kek.","publisher":{"@id":"https:\/\/irgumburgumstudio.hu\/#organization"},"potentialAction":[{"@type":"SearchAction","target":{"@type":"EntryPoint","urlTemplate":"https:\/\/irgumburgumstudio.hu\/?s={search_term_string}"},"query-input":{"@type":"PropertyValueSpecification","valueRequired":true,"valueName":"search_term_string"}}],"inLanguage":"en-US"},{"@type":"Organization","@id":"https:\/\/irgumburgumstudio.hu\/#organization","name":"IrgumburgumStudio","url":"https:\/\/irgumburgumstudio.hu\/","logo":{"@type":"ImageObject","inLanguage":"en-US","@id":"https:\/\/irgumburgumstudio.hu\/#\/schema\/logo\/image\/","url":"https:\/\/irgumburgumstudio.hu\/wp-content\/uploads\/2019\/10\/cropped-logoszines-min.png","contentUrl":"https:\/\/irgumburgumstudio.hu\/wp-content\/uploads\/2019\/10\/cropped-logoszines-min.png","width":512,"height":512,"caption":"IrgumburgumStudio"},"image":{"@id":"https:\/\/irgumburgumstudio.hu\/#\/schema\/logo\/image\/"},"sameAs":["https:\/\/www.facebook.com\/profile.php?id=100040055444498"]}]}},"_links":{"self":[{"href":"https:\/\/irgumburgumstudio.hu\/en\/wp-json\/wp\/v2\/product\/7569","targetHints":{"allow":["GET"]}}],"collection":[{"href":"https:\/\/irgumburgumstudio.hu\/en\/wp-json\/wp\/v2\/product"}],"about":[{"href":"https:\/\/irgumburgumstudio.hu\/en\/wp-json\/wp\/v2\/types\/product"}],"replies":[{"embeddable":true,"href":"https:\/\/irgumburgumstudio.hu\/en\/wp-json\/wp\/v2\/comments?post=7569"}],"wp:featuredmedia":[{"embeddable":true,"href":"https:\/\/irgumburgumstudio.hu\/en\/wp-json\/wp\/v2\/media\/7617"}],"wp:attachment":[{"href":"https:\/\/irgumburgumstudio.hu\/en\/wp-json\/wp\/v2\/media?parent=7569"}],"wp:term":[{"taxonomy":"product_brand","embeddable":true,"href":"https:\/\/irgumburgumstudio.hu\/en\/wp-json\/wp\/v2\/product_brand?post=7569"},{"taxonomy":"product_cat","embeddable":true,"href":"https:\/\/irgumburgumstudio.hu\/en\/wp-json\/wp\/v2\/product_cat?post=7569"},{"taxonomy":"product_tag","embeddable":true,"href":"https:\/\/irgumburgumstudio.hu\/en\/wp-json\/wp\/v2\/product_tag?post=7569"}],"curies":[{"name":"wp","href":"https:\/\/api.w.org\/{rel}","templated":true}]}}