{"id":7354,"date":"2024-11-25T14:40:18","date_gmt":"2024-11-25T14:40:18","guid":{"rendered":"https:\/\/irgumburgumstudio.hu\/?post_type=product&#038;p=7354"},"modified":"2025-06-01T07:24:58","modified_gmt":"2025-06-01T07:24:58","slug":"7354","status":"publish","type":"product","link":"https:\/\/irgumburgumstudio.hu\/en\/bolt\/zorgo-rongyik\/7354\/","title":{"rendered":"PILL\u00c9CSKE Z\u00d6RG\u0150 RONGYI"},"content":{"rendered":"","protected":false},"excerpt":{"rendered":"<p><em><strong>PILL\u00c9CSKE A M\u00c9HECSKE<br \/>\n<span style=\"color: #008ae6;\">( V\u00e1rhat\u00f3 sz\u00e1ll\u00edt\u00e1si id\u0151: 1-3 munkanap )<\/span><br \/>\n<\/strong><\/em><\/p>\n<p>Ismerd meg ezt a b\u00e1jos cs\u00f6rg\u0151 rongyit, amelyet term\u00e9szetes anyagokb\u00f3l k\u00e9sz\u00edtettem, \u00e9s egy egyedi, k\u00e9zzel rajzolt mint\u00e1val d\u00edsz\u00edtettem!<br \/>\nAz aranyos m\u00e9hecske mot\u00edvum \u00e9s a finoman kidolgozott r\u00e9szletek j\u00e1t\u00e9koss\u00e1got \u00e9s vid\u00e1ms\u00e1got sug\u00e1roznak, hogy a baba mindennapjai m\u00e9g \u00f6r\u00f6mtelibbek legyenek.<br \/>\nA rongyi puha, textur\u00e1lt anyaga kellemes tapint\u00e1s\u00fa, \u00e9s a bab\u00e1k sz\u00e1m\u00e1ra k\u00f6nnyen megfoghat\u00f3.<br \/>\nBelsej\u00e9ben cs\u00f6rg\u0151 anyag rejt\u0151zik, amely minden mozdulatra finom hangot ad, ezzel seg\u00edtve a kicsik hall\u00e1s\u00e1nak \u00e9s \u00e9rz\u00e9kel\u00e9s\u00e9nek fejleszt\u00e9s\u00e9t.<\/p>\n<p><strong>Egyedi design:<\/strong> Az aranyos m\u00e9hecske mot\u00edvum k\u00e9zzel rajzolt grafika alapj\u00e1n k\u00e9sz\u00fclt, \u00edgy igaz\u00e1n k\u00fcl\u00f6nleges megjelen\u00e9st k\u00f6lcs\u00f6n\u00f6z a term\u00e9knek.<\/p>\n<p><strong>Biztons\u00e1gos anyagok:<\/strong> Kiz\u00e1r\u00f3lag b\u0151rbar\u00e1t, term\u00e9szetes anyagokb\u00f3l k\u00e9sz\u00fclt, hogy a baba b\u0151re sz\u00e1m\u00e1ra gyeng\u00e9d \u00e9s biztons\u00e1gos legyen.<\/p>\n<p><strong>Fejleszt\u0151 hat\u00e1s:<\/strong> A be\u00e9p\u00edtett cs\u00f6rg\u0151 hangja j\u00e1t\u00e9kosan \u00f6szt\u00f6nzi a baba figyelm\u00e9t, \u00e9s hozz\u00e1j\u00e1rul az \u00e9rz\u00e9kszervek fejl\u0151d\u00e9s\u00e9hez.<\/p>\n<p><strong>Praktikus kialak\u00edt\u00e1s:<\/strong> K\u00f6nnyen tiszt\u00edthat\u00f3 \u00e9s hordozhat\u00f3, ide\u00e1lis t\u00e1rs a mindennapokban \u00e9s utaz\u00e1sok alkalm\u00e1val is. K\u00f6nnyen r\u00e1akaszthat\u00f3 m\u00e1sik j\u00e1t\u00e9kra-cumira-hint\u00e1ra-kis\u00e1gyra..<\/p>\n<p>Ezzel a szeretettel tervezett rongyival nemcsak egy praktikus babaeszk\u00f6zt, hanem egy vid\u00e1m, szerethet\u0151 t\u00e1rsat is aj\u00e1nd\u00e9kozhatsz a kicsiknek!<\/p>\n<p>T\u00f6k\u00e9letes aj\u00e1nd\u00e9k babav\u00e1r\u00f3 bulikra, keresztel\u0151re vagy b\u00e1rmilyen k\u00fcl\u00f6nleges alkalomra.<\/p>\n<p><strong>Funkci\u00f3:<\/strong> Cs\u00f6rg\u0151 hanggal \u00e9s j\u00e1t\u00e9kos hajtogat\u00e1si lehet\u0151s\u00e9ggel sz\u00f3rakoztatja \u00e9s fejleszti a kicsiket.<\/p>\n<p><strong>M\u00e9ret:<\/strong><br \/>\n30 x 25 cm<br \/>\nIde\u00e1lis kis kezek sz\u00e1m\u00e1ra, k\u00f6nnyen megfoghat\u00f3 \u00e9s kezelhet\u0151.<\/p>\n<p><strong>Tiszt\u00edt\u00e1s:<\/strong> k\u00e9zzel moshat\u00f3<\/p>\n<p><strong>Anyaga:<\/strong> RIB JERSEY + DOMBOR MINT\u00c1S WELLSOFT<\/p>\n<p><strong>A csomag tartalma:<\/strong><br \/>\n1 db m\u00e9hecsk\u00e9s z\u00f6rg\u0151 rongyi.<\/p>\n<ul>\n<li><em><strong><span>F\u0151bb jellemz\u0151k:<br \/>\n<\/span><\/strong><\/em>Egyedi grafika, amely k\u00e9zzel tervezett.<br \/>\nCs\u00f6rg\u0151 hanggal a baba sz\u00f3rakoztat\u00e1s\u00e1ra.<br \/>\nPuha, kellemes tapint\u00e1s\u00fa fel\u00fclet.<br \/>\nK\u00f6nnyen tiszt\u00edthat\u00f3 \u00e9s bababar\u00e1t.<\/li>\n<\/ul>","protected":false},"featured_media":7359,"comment_status":"open","ping_status":"closed","template":"","meta":[],"product_brand":[],"product_cat":[163],"product_tag":[],"class_list":{"0":"post-7354","1":"product","2":"type-product","3":"status-publish","4":"has-post-thumbnail","6":"product_cat-zorgo-rongyik","8":"first","9":"outofstock","10":"taxable","11":"shipping-taxable","12":"purchasable","13":"product-type-simple"},"yoast_head":"<!-- This site is optimized with the Yoast SEO plugin v27.4 - https:\/\/yoast.com\/product\/yoast-seo-wordpress\/ -->\n<title>PILL\u00c9CSKE Z\u00d6RG\u0150 RONGYI - IrgumburgumStudio<\/title>\n<meta name=\"description\" content=\"baba aj\u00e1nd\u00e9kok, pr\u00e9mium babaj\u00e1t\u00e9kok, diz\u00e1jn babaj\u00e1t\u00e9kok, egyedi babaterm\u00e9kek, baba els\u0151 j\u00e1t\u00e9kai, cs\u00f6rg\u0151 babaj\u00e1t\u00e9kok, k\u00e9zzel k\u00e9sz\u00fclt babaj\u00e1t\u00e9k, min\u0151s\u00e9gi\" \/>\n<meta name=\"robots\" content=\"index, follow, max-snippet:-1, max-image-preview:large, max-video-preview:-1\" \/>\n<link rel=\"canonical\" href=\"https:\/\/irgumburgumstudio.hu\/en\/bolt\/zorgo-rongyik\/7354\/\" \/>\n<meta property=\"og:locale\" content=\"en_US\" \/>\n<meta property=\"og:type\" content=\"article\" \/>\n<meta property=\"og:title\" content=\"PILL\u00c9CSKE Z\u00d6RG\u0150 RONGYI - IrgumburgumStudio\" \/>\n<meta property=\"og:description\" content=\"baba aj\u00e1nd\u00e9kok, pr\u00e9mium babaj\u00e1t\u00e9kok, diz\u00e1jn babaj\u00e1t\u00e9kok, egyedi babaterm\u00e9kek, baba els\u0151 j\u00e1t\u00e9kai, cs\u00f6rg\u0151 babaj\u00e1t\u00e9kok, k\u00e9zzel k\u00e9sz\u00fclt babaj\u00e1t\u00e9k, min\u0151s\u00e9gi\" \/>\n<meta property=\"og:url\" content=\"https:\/\/irgumburgumstudio.hu\/en\/bolt\/zorgo-rongyik\/7354\/\" \/>\n<meta property=\"og:site_name\" content=\"IrgumburgumStudio\" \/>\n<meta property=\"article:publisher\" content=\"https:\/\/www.facebook.com\/profile.php?id=100040055444498\" \/>\n<meta property=\"article:modified_time\" content=\"2025-06-01T07:24:58+00:00\" \/>\n<meta property=\"og:image\" content=\"https:\/\/irgumburgumstudio.hu\/wp-content\/uploads\/2024\/11\/IMG_7329-min-scaled.jpg\" \/>\n\t<meta property=\"og:image:width\" content=\"2122\" \/>\n\t<meta property=\"og:image:height\" content=\"2560\" \/>\n\t<meta property=\"og:image:type\" content=\"image\/jpeg\" \/>\n<meta name=\"twitter:card\" content=\"summary_large_image\" \/>\n<meta name=\"twitter:label1\" content=\"Est. reading time\" \/>\n\t<meta name=\"twitter:data1\" content=\"1 minute\" \/>\n<script type=\"application\/ld+json\" class=\"yoast-schema-graph\">{\"@context\":\"https:\\\/\\\/schema.org\",\"@graph\":[{\"@type\":\"WebPage\",\"@id\":\"https:\\\/\\\/irgumburgumstudio.hu\\\/bolt\\\/zorgo-rongyik\\\/7354\\\/\",\"url\":\"https:\\\/\\\/irgumburgumstudio.hu\\\/bolt\\\/zorgo-rongyik\\\/7354\\\/\",\"name\":\"PILL\u00c9CSKE Z\u00d6RG\u0150 RONGYI - IrgumburgumStudio\",\"isPartOf\":{\"@id\":\"https:\\\/\\\/irgumburgumstudio.hu\\\/#website\"},\"primaryImageOfPage\":{\"@id\":\"https:\\\/\\\/irgumburgumstudio.hu\\\/bolt\\\/zorgo-rongyik\\\/7354\\\/#primaryimage\"},\"image\":{\"@id\":\"https:\\\/\\\/irgumburgumstudio.hu\\\/bolt\\\/zorgo-rongyik\\\/7354\\\/#primaryimage\"},\"thumbnailUrl\":\"https:\\\/\\\/irgumburgumstudio.hu\\\/wp-content\\\/uploads\\\/2024\\\/11\\\/IMG_7329-min-scaled.jpg\",\"datePublished\":\"2024-11-25T14:40:18+00:00\",\"dateModified\":\"2025-06-01T07:24:58+00:00\",\"description\":\"baba aj\u00e1nd\u00e9kok, pr\u00e9mium babaj\u00e1t\u00e9kok, diz\u00e1jn babaj\u00e1t\u00e9kok, egyedi babaterm\u00e9kek, baba els\u0151 j\u00e1t\u00e9kai, cs\u00f6rg\u0151 babaj\u00e1t\u00e9kok, k\u00e9zzel k\u00e9sz\u00fclt babaj\u00e1t\u00e9k, min\u0151s\u00e9gi\",\"breadcrumb\":{\"@id\":\"https:\\\/\\\/irgumburgumstudio.hu\\\/bolt\\\/zorgo-rongyik\\\/7354\\\/#breadcrumb\"},\"inLanguage\":\"en-US\",\"potentialAction\":[{\"@type\":\"ReadAction\",\"target\":[\"https:\\\/\\\/irgumburgumstudio.hu\\\/bolt\\\/zorgo-rongyik\\\/7354\\\/\"]}]},{\"@type\":\"ImageObject\",\"inLanguage\":\"en-US\",\"@id\":\"https:\\\/\\\/irgumburgumstudio.hu\\\/bolt\\\/zorgo-rongyik\\\/7354\\\/#primaryimage\",\"url\":\"https:\\\/\\\/irgumburgumstudio.hu\\\/wp-content\\\/uploads\\\/2024\\\/11\\\/IMG_7329-min-scaled.jpg\",\"contentUrl\":\"https:\\\/\\\/irgumburgumstudio.hu\\\/wp-content\\\/uploads\\\/2024\\\/11\\\/IMG_7329-min-scaled.jpg\",\"width\":2122,\"height\":2560},{\"@type\":\"BreadcrumbList\",\"@id\":\"https:\\\/\\\/irgumburgumstudio.hu\\\/bolt\\\/zorgo-rongyik\\\/7354\\\/#breadcrumb\",\"itemListElement\":[{\"@type\":\"ListItem\",\"position\":1,\"name\":\"Home\",\"item\":\"https:\\\/\\\/irgumburgumstudio.hu\\\/\"},{\"@type\":\"ListItem\",\"position\":2,\"name\":\"Bolt\",\"item\":\"https:\\\/\\\/irgumburgumstudio.hu\\\/bolt\\\/\"},{\"@type\":\"ListItem\",\"position\":3,\"name\":\"PILL\u00c9CSKE Z\u00d6RG\u0150 RONGYI\"}]},{\"@type\":\"WebSite\",\"@id\":\"https:\\\/\\\/irgumburgumstudio.hu\\\/#website\",\"url\":\"https:\\\/\\\/irgumburgumstudio.hu\\\/\",\"name\":\"IrgumburgumStudio\",\"description\":\"IrgumburgumStudio - k\u00e9zzel k\u00e9sz\u00edtett egyedi term\u00e9kek.\",\"publisher\":{\"@id\":\"https:\\\/\\\/irgumburgumstudio.hu\\\/#organization\"},\"potentialAction\":[{\"@type\":\"SearchAction\",\"target\":{\"@type\":\"EntryPoint\",\"urlTemplate\":\"https:\\\/\\\/irgumburgumstudio.hu\\\/?s={search_term_string}\"},\"query-input\":{\"@type\":\"PropertyValueSpecification\",\"valueRequired\":true,\"valueName\":\"search_term_string\"}}],\"inLanguage\":\"en-US\"},{\"@type\":\"Organization\",\"@id\":\"https:\\\/\\\/irgumburgumstudio.hu\\\/#organization\",\"name\":\"IrgumburgumStudio\",\"url\":\"https:\\\/\\\/irgumburgumstudio.hu\\\/\",\"logo\":{\"@type\":\"ImageObject\",\"inLanguage\":\"en-US\",\"@id\":\"https:\\\/\\\/irgumburgumstudio.hu\\\/#\\\/schema\\\/logo\\\/image\\\/\",\"url\":\"https:\\\/\\\/irgumburgumstudio.hu\\\/wp-content\\\/uploads\\\/2019\\\/10\\\/cropped-logoszines-min.png\",\"contentUrl\":\"https:\\\/\\\/irgumburgumstudio.hu\\\/wp-content\\\/uploads\\\/2019\\\/10\\\/cropped-logoszines-min.png\",\"width\":512,\"height\":512,\"caption\":\"IrgumburgumStudio\"},\"image\":{\"@id\":\"https:\\\/\\\/irgumburgumstudio.hu\\\/#\\\/schema\\\/logo\\\/image\\\/\"},\"sameAs\":[\"https:\\\/\\\/www.facebook.com\\\/profile.php?id=100040055444498\"]}]}<\/script>\n<!-- \/ Yoast SEO plugin. -->","yoast_head_json":{"title":"PILL\u00c9CSKE Z\u00d6RG\u0150 RONGYI - IrgumburgumStudio","description":"baba aj\u00e1nd\u00e9kok, pr\u00e9mium babaj\u00e1t\u00e9kok, diz\u00e1jn babaj\u00e1t\u00e9kok, egyedi babaterm\u00e9kek, baba els\u0151 j\u00e1t\u00e9kai, cs\u00f6rg\u0151 babaj\u00e1t\u00e9kok, k\u00e9zzel k\u00e9sz\u00fclt babaj\u00e1t\u00e9k, min\u0151s\u00e9gi","robots":{"index":"index","follow":"follow","max-snippet":"max-snippet:-1","max-image-preview":"max-image-preview:large","max-video-preview":"max-video-preview:-1"},"canonical":"https:\/\/irgumburgumstudio.hu\/en\/bolt\/zorgo-rongyik\/7354\/","og_locale":"en_US","og_type":"article","og_title":"PILL\u00c9CSKE Z\u00d6RG\u0150 RONGYI - IrgumburgumStudio","og_description":"baba aj\u00e1nd\u00e9kok, pr\u00e9mium babaj\u00e1t\u00e9kok, diz\u00e1jn babaj\u00e1t\u00e9kok, egyedi babaterm\u00e9kek, baba els\u0151 j\u00e1t\u00e9kai, cs\u00f6rg\u0151 babaj\u00e1t\u00e9kok, k\u00e9zzel k\u00e9sz\u00fclt babaj\u00e1t\u00e9k, min\u0151s\u00e9gi","og_url":"https:\/\/irgumburgumstudio.hu\/en\/bolt\/zorgo-rongyik\/7354\/","og_site_name":"IrgumburgumStudio","article_publisher":"https:\/\/www.facebook.com\/profile.php?id=100040055444498","article_modified_time":"2025-06-01T07:24:58+00:00","og_image":[{"width":2122,"height":2560,"url":"https:\/\/irgumburgumstudio.hu\/wp-content\/uploads\/2024\/11\/IMG_7329-min-scaled.jpg","type":"image\/jpeg"}],"twitter_card":"summary_large_image","twitter_misc":{"Est. reading time":"1 minute"},"schema":{"@context":"https:\/\/schema.org","@graph":[{"@type":"WebPage","@id":"https:\/\/irgumburgumstudio.hu\/bolt\/zorgo-rongyik\/7354\/","url":"https:\/\/irgumburgumstudio.hu\/bolt\/zorgo-rongyik\/7354\/","name":"PILL\u00c9CSKE Z\u00d6RG\u0150 RONGYI - IrgumburgumStudio","isPartOf":{"@id":"https:\/\/irgumburgumstudio.hu\/#website"},"primaryImageOfPage":{"@id":"https:\/\/irgumburgumstudio.hu\/bolt\/zorgo-rongyik\/7354\/#primaryimage"},"image":{"@id":"https:\/\/irgumburgumstudio.hu\/bolt\/zorgo-rongyik\/7354\/#primaryimage"},"thumbnailUrl":"https:\/\/irgumburgumstudio.hu\/wp-content\/uploads\/2024\/11\/IMG_7329-min-scaled.jpg","datePublished":"2024-11-25T14:40:18+00:00","dateModified":"2025-06-01T07:24:58+00:00","description":"baba aj\u00e1nd\u00e9kok, pr\u00e9mium babaj\u00e1t\u00e9kok, diz\u00e1jn babaj\u00e1t\u00e9kok, egyedi babaterm\u00e9kek, baba els\u0151 j\u00e1t\u00e9kai, cs\u00f6rg\u0151 babaj\u00e1t\u00e9kok, k\u00e9zzel k\u00e9sz\u00fclt babaj\u00e1t\u00e9k, min\u0151s\u00e9gi","breadcrumb":{"@id":"https:\/\/irgumburgumstudio.hu\/bolt\/zorgo-rongyik\/7354\/#breadcrumb"},"inLanguage":"en-US","potentialAction":[{"@type":"ReadAction","target":["https:\/\/irgumburgumstudio.hu\/bolt\/zorgo-rongyik\/7354\/"]}]},{"@type":"ImageObject","inLanguage":"en-US","@id":"https:\/\/irgumburgumstudio.hu\/bolt\/zorgo-rongyik\/7354\/#primaryimage","url":"https:\/\/irgumburgumstudio.hu\/wp-content\/uploads\/2024\/11\/IMG_7329-min-scaled.jpg","contentUrl":"https:\/\/irgumburgumstudio.hu\/wp-content\/uploads\/2024\/11\/IMG_7329-min-scaled.jpg","width":2122,"height":2560},{"@type":"BreadcrumbList","@id":"https:\/\/irgumburgumstudio.hu\/bolt\/zorgo-rongyik\/7354\/#breadcrumb","itemListElement":[{"@type":"ListItem","position":1,"name":"Home","item":"https:\/\/irgumburgumstudio.hu\/"},{"@type":"ListItem","position":2,"name":"Bolt","item":"https:\/\/irgumburgumstudio.hu\/bolt\/"},{"@type":"ListItem","position":3,"name":"PILL\u00c9CSKE Z\u00d6RG\u0150 RONGYI"}]},{"@type":"WebSite","@id":"https:\/\/irgumburgumstudio.hu\/#website","url":"https:\/\/irgumburgumstudio.hu\/","name":"IrgumburgumStudio","description":"IrgumburgumStudio - k\u00e9zzel k\u00e9sz\u00edtett egyedi term\u00e9kek.","publisher":{"@id":"https:\/\/irgumburgumstudio.hu\/#organization"},"potentialAction":[{"@type":"SearchAction","target":{"@type":"EntryPoint","urlTemplate":"https:\/\/irgumburgumstudio.hu\/?s={search_term_string}"},"query-input":{"@type":"PropertyValueSpecification","valueRequired":true,"valueName":"search_term_string"}}],"inLanguage":"en-US"},{"@type":"Organization","@id":"https:\/\/irgumburgumstudio.hu\/#organization","name":"IrgumburgumStudio","url":"https:\/\/irgumburgumstudio.hu\/","logo":{"@type":"ImageObject","inLanguage":"en-US","@id":"https:\/\/irgumburgumstudio.hu\/#\/schema\/logo\/image\/","url":"https:\/\/irgumburgumstudio.hu\/wp-content\/uploads\/2019\/10\/cropped-logoszines-min.png","contentUrl":"https:\/\/irgumburgumstudio.hu\/wp-content\/uploads\/2019\/10\/cropped-logoszines-min.png","width":512,"height":512,"caption":"IrgumburgumStudio"},"image":{"@id":"https:\/\/irgumburgumstudio.hu\/#\/schema\/logo\/image\/"},"sameAs":["https:\/\/www.facebook.com\/profile.php?id=100040055444498"]}]}},"_links":{"self":[{"href":"https:\/\/irgumburgumstudio.hu\/en\/wp-json\/wp\/v2\/product\/7354","targetHints":{"allow":["GET"]}}],"collection":[{"href":"https:\/\/irgumburgumstudio.hu\/en\/wp-json\/wp\/v2\/product"}],"about":[{"href":"https:\/\/irgumburgumstudio.hu\/en\/wp-json\/wp\/v2\/types\/product"}],"replies":[{"embeddable":true,"href":"https:\/\/irgumburgumstudio.hu\/en\/wp-json\/wp\/v2\/comments?post=7354"}],"wp:featuredmedia":[{"embeddable":true,"href":"https:\/\/irgumburgumstudio.hu\/en\/wp-json\/wp\/v2\/media\/7359"}],"wp:attachment":[{"href":"https:\/\/irgumburgumstudio.hu\/en\/wp-json\/wp\/v2\/media?parent=7354"}],"wp:term":[{"taxonomy":"product_brand","embeddable":true,"href":"https:\/\/irgumburgumstudio.hu\/en\/wp-json\/wp\/v2\/product_brand?post=7354"},{"taxonomy":"product_cat","embeddable":true,"href":"https:\/\/irgumburgumstudio.hu\/en\/wp-json\/wp\/v2\/product_cat?post=7354"},{"taxonomy":"product_tag","embeddable":true,"href":"https:\/\/irgumburgumstudio.hu\/en\/wp-json\/wp\/v2\/product_tag?post=7354"}],"curies":[{"name":"wp","href":"https:\/\/api.w.org\/{rel}","templated":true}]}}