{"id":7352,"date":"2024-11-25T14:19:11","date_gmt":"2024-11-25T14:19:11","guid":{"rendered":"https:\/\/irgumburgumstudio.hu\/?post_type=product&#038;p=7352"},"modified":"2025-06-01T07:25:13","modified_gmt":"2025-06-01T07:25:13","slug":"holdfeny-tunder-csorgo-rongyi","status":"publish","type":"product","link":"https:\/\/irgumburgumstudio.hu\/en\/bolt\/zorgo-rongyik\/holdfeny-tunder-csorgo-rongyi\/","title":{"rendered":"HOLDF\u00c9NY T\u00dcND\u00c9R Z\u00d6RG\u0150 RONGYI"},"content":{"rendered":"","protected":false},"excerpt":{"rendered":"<p><strong><span style=\"color: #008ae6;\">( V\u00e1rhat\u00f3 sz\u00e1ll\u00edt\u00e1si id\u0151: 1-2 munkanap )<\/span><\/strong><\/p>\n<p>Fedezd fel ezt a k\u00fcl\u00f6nleges, term\u00e9szetes anyagokb\u00f3l k\u00e9sz\u00fclt cs\u00f6rg\u0151 rongyit, amely t\u00f6k\u00e9letes v\u00e1laszt\u00e1s bab\u00e1k sz\u00e1m\u00e1ra!<br \/>\nAz egyik oldal\u00e1t puha, kellemes tapint\u00e1s\u00fa textil bor\u00edtja, a m\u00e1sikat pedig egy egyedi tervez\u00e9s\u0171, \u00e1ltalam rajzolt grafika d\u00edsz\u00edti, amely b\u00e1jos \u00e9s mes\u00e9s hangulatot \u00e1raszt.<\/p>\n<p>A rongyi belsej\u00e9ben cs\u00f6rg\u0151 anyag tal\u00e1lhat\u00f3, amely j\u00e1t\u00e9kosan stimul\u00e1lja a baba \u00e9rz\u00e9keit, \u00e9s vid\u00e1m hangj\u00e1val felkelti a figyelm\u00e9t.<br \/>\nA term\u00e9k k\u00f6nnyen megfoghat\u00f3, \u00edgy seg\u00edti a kicsik finommotorikus k\u00e9pess\u00e9geinek fejl\u0151d\u00e9s\u00e9t.<br \/>\nPr\u00e9mium min\u0151s\u00e9g\u0171, b\u0151rbar\u00e1t anyagokb\u00f3l k\u00e9sz\u00fclt, hogy biztons\u00e1gos \u00e9s k\u00e9nyelmes legyen a legkisebbek sz\u00e1m\u00e1ra is.<\/p>\n<p>Ide\u00e1lis aj\u00e1nd\u00e9k \u00fajsz\u00fcl\u00f6tteknek, amely egyszerre ny\u00fajt j\u00e1t\u00e9k\u00e9lm\u00e9nyt \u00e9s megnyugtat\u00f3 t\u00e1rsas\u00e1got a mindennapokban.<\/p>\n<p>&nbsp;<\/p>\n<p><strong>Anyag:<\/strong> Puha, bababar\u00e1t textil a maxim\u00e1lis k\u00e9nyelem\u00e9rt.<\/p>\n<p><strong>Funkci\u00f3:<\/strong> Cs\u00f6rg\u0151 hanggal \u00e9s j\u00e1t\u00e9kos hajtogat\u00e1si lehet\u0151s\u00e9ggel sz\u00f3rakoztatja \u00e9s fejleszti a kicsiket.<\/p>\n<p><strong>M\u00e9ret:<\/strong><br \/>\n30 x 20 cm<br \/>\nIde\u00e1lis kis kezek sz\u00e1m\u00e1ra, k\u00f6nnyen megfoghat\u00f3 \u00e9s kezelhet\u0151.<\/p>\n<p><strong>Tiszt\u00edt\u00e1s:<\/strong> k\u00e9zzel moshat\u00f3<\/p>\n<p><strong>Anyaga:<\/strong> RIB JERSEY + DOMBOR MINT\u00c1S WELLSOFT<\/p>\n<p><strong>Mi\u00e9rt v\u00e1laszd?<\/strong> Ez a rongyi nemcsak j\u00e1t\u00e9k, hanem t\u00f6k\u00e9letes t\u00e1rs a felfedez\u00e9shez \u00e9s a nyugodt pillanatokhoz. A cs\u00f6rg\u0151 hang \u00e9s a puha anyagok kombin\u00e1ci\u00f3ja serkenti a bab\u00e1k \u00e9rz\u00e9kszerveit, mik\u00f6zben a term\u00e9szetes, biztons\u00e1gos anyagok gondoskodnak a sz\u00fcl\u0151k nyugalm\u00e1r\u00f3l. Nem besz\u00e9lve arr\u00f3l, hogy a h\u00e1toldal\u00e1n fekete-feh\u00e9r mint\u00e1k tal\u00e1lhat\u00f3ak, \u00edgy kimondottan seg\u00edts\u00e9getekre lehet m\u00e1r az els\u0151 napokt\u00f3l kezdve!<\/p>\n<ul>\n<li><span><span><span><strong>F\u0151bb jellemz\u0151k:<\/strong><br \/>\nEgyedi grafika, amely k\u00e9zzel tervezett.<br \/>\nCs\u00f6rg\u0151 hanggal a baba sz\u00f3rakoztat\u00e1s\u00e1ra.<br \/>\nPuha, kellemes tapint\u00e1s\u00fa fel\u00fclet.<br \/>\nK\u00f6nnyen tiszt\u00edthat\u00f3 \u00e9s bababar\u00e1t.<\/span><\/span><\/span><br \/>\n<em><strong><br \/>\nTedd k\u00fcl\u00f6nlegess\u00e9 a baba els\u0151 h\u00f3napjait ezzel a szeretettel k\u00e9sz\u00fclt rongyival!<\/strong><\/em><\/li>\n<\/ul>","protected":false},"featured_media":7340,"comment_status":"open","ping_status":"closed","template":"","meta":[],"product_brand":[],"product_cat":[163],"product_tag":[],"class_list":{"0":"post-7352","1":"product","2":"type-product","3":"status-publish","4":"has-post-thumbnail","6":"product_cat-zorgo-rongyik","8":"first","9":"outofstock","10":"taxable","11":"shipping-taxable","12":"purchasable","13":"product-type-simple"},"yoast_head":"<!-- This site is optimized with the Yoast SEO plugin v27.6 - https:\/\/yoast.com\/product\/yoast-seo-wordpress\/ -->\n<title>HOLDF\u00c9NY T\u00dcND\u00c9R Z\u00d6RG\u0150 RONGYI - IrgumburgumStudio<\/title>\n<meta name=\"description\" content=\"baba els\u0151 j\u00e1t\u00e9kai, pr\u00e9mium babaj\u00e1t\u00e9k, z\u00f6rg\u0151 babak\u00f6nyv, baba aj\u00e1nd\u00e9k, k\u00e9zm\u0171ves m\u00e1rka, term\u00e9szetes anyag\u00fa babaj\u00e1t\u00e9kok, diz\u00e1jn babaj\u00e1t\u00e9kok\" \/>\n<meta name=\"robots\" content=\"index, follow, max-snippet:-1, max-image-preview:large, max-video-preview:-1\" \/>\n<link rel=\"canonical\" href=\"https:\/\/irgumburgumstudio.hu\/en\/bolt\/zorgo-rongyik\/holdfeny-tunder-csorgo-rongyi\/\" \/>\n<meta property=\"og:locale\" content=\"en_US\" \/>\n<meta property=\"og:type\" content=\"article\" \/>\n<meta property=\"og:title\" content=\"HOLDF\u00c9NY T\u00dcND\u00c9R Z\u00d6RG\u0150 RONGYI - IrgumburgumStudio\" \/>\n<meta property=\"og:description\" content=\"baba els\u0151 j\u00e1t\u00e9kai, pr\u00e9mium babaj\u00e1t\u00e9k, z\u00f6rg\u0151 babak\u00f6nyv, baba aj\u00e1nd\u00e9k, k\u00e9zm\u0171ves m\u00e1rka, term\u00e9szetes anyag\u00fa babaj\u00e1t\u00e9kok, diz\u00e1jn babaj\u00e1t\u00e9kok\" \/>\n<meta property=\"og:url\" content=\"https:\/\/irgumburgumstudio.hu\/en\/bolt\/zorgo-rongyik\/holdfeny-tunder-csorgo-rongyi\/\" \/>\n<meta property=\"og:site_name\" content=\"IrgumburgumStudio\" \/>\n<meta property=\"article:publisher\" content=\"https:\/\/www.facebook.com\/profile.php?id=100040055444498\" \/>\n<meta property=\"article:modified_time\" content=\"2025-06-01T07:25:13+00:00\" \/>\n<meta property=\"og:image\" content=\"https:\/\/irgumburgumstudio.hu\/wp-content\/uploads\/2024\/11\/IMG_7338-min-scaled.jpg\" \/>\n\t<meta property=\"og:image:width\" content=\"2394\" \/>\n\t<meta property=\"og:image:height\" content=\"2560\" \/>\n\t<meta property=\"og:image:type\" content=\"image\/jpeg\" \/>\n<meta name=\"twitter:card\" content=\"summary_large_image\" \/>\n<meta name=\"twitter:label1\" content=\"Est. reading time\" \/>\n\t<meta name=\"twitter:data1\" content=\"1 minute\" \/>\n<script type=\"application\/ld+json\" class=\"yoast-schema-graph\">{\"@context\":\"https:\\\/\\\/schema.org\",\"@graph\":[{\"@type\":\"WebPage\",\"@id\":\"https:\\\/\\\/irgumburgumstudio.hu\\\/bolt\\\/zorgo-rongyik\\\/holdfeny-tunder-csorgo-rongyi\\\/\",\"url\":\"https:\\\/\\\/irgumburgumstudio.hu\\\/bolt\\\/zorgo-rongyik\\\/holdfeny-tunder-csorgo-rongyi\\\/\",\"name\":\"HOLDF\u00c9NY T\u00dcND\u00c9R Z\u00d6RG\u0150 RONGYI - IrgumburgumStudio\",\"isPartOf\":{\"@id\":\"https:\\\/\\\/irgumburgumstudio.hu\\\/#website\"},\"primaryImageOfPage\":{\"@id\":\"https:\\\/\\\/irgumburgumstudio.hu\\\/bolt\\\/zorgo-rongyik\\\/holdfeny-tunder-csorgo-rongyi\\\/#primaryimage\"},\"image\":{\"@id\":\"https:\\\/\\\/irgumburgumstudio.hu\\\/bolt\\\/zorgo-rongyik\\\/holdfeny-tunder-csorgo-rongyi\\\/#primaryimage\"},\"thumbnailUrl\":\"https:\\\/\\\/irgumburgumstudio.hu\\\/wp-content\\\/uploads\\\/2024\\\/11\\\/IMG_7338-min-scaled.jpg\",\"datePublished\":\"2024-11-25T14:19:11+00:00\",\"dateModified\":\"2025-06-01T07:25:13+00:00\",\"description\":\"baba els\u0151 j\u00e1t\u00e9kai, pr\u00e9mium babaj\u00e1t\u00e9k, z\u00f6rg\u0151 babak\u00f6nyv, baba aj\u00e1nd\u00e9k, k\u00e9zm\u0171ves m\u00e1rka, term\u00e9szetes anyag\u00fa babaj\u00e1t\u00e9kok, diz\u00e1jn babaj\u00e1t\u00e9kok\",\"breadcrumb\":{\"@id\":\"https:\\\/\\\/irgumburgumstudio.hu\\\/bolt\\\/zorgo-rongyik\\\/holdfeny-tunder-csorgo-rongyi\\\/#breadcrumb\"},\"inLanguage\":\"en-US\",\"potentialAction\":[{\"@type\":\"ReadAction\",\"target\":[\"https:\\\/\\\/irgumburgumstudio.hu\\\/bolt\\\/zorgo-rongyik\\\/holdfeny-tunder-csorgo-rongyi\\\/\"]}]},{\"@type\":\"ImageObject\",\"inLanguage\":\"en-US\",\"@id\":\"https:\\\/\\\/irgumburgumstudio.hu\\\/bolt\\\/zorgo-rongyik\\\/holdfeny-tunder-csorgo-rongyi\\\/#primaryimage\",\"url\":\"https:\\\/\\\/irgumburgumstudio.hu\\\/wp-content\\\/uploads\\\/2024\\\/11\\\/IMG_7338-min-scaled.jpg\",\"contentUrl\":\"https:\\\/\\\/irgumburgumstudio.hu\\\/wp-content\\\/uploads\\\/2024\\\/11\\\/IMG_7338-min-scaled.jpg\",\"width\":2394,\"height\":2560},{\"@type\":\"BreadcrumbList\",\"@id\":\"https:\\\/\\\/irgumburgumstudio.hu\\\/bolt\\\/zorgo-rongyik\\\/holdfeny-tunder-csorgo-rongyi\\\/#breadcrumb\",\"itemListElement\":[{\"@type\":\"ListItem\",\"position\":1,\"name\":\"Home\",\"item\":\"https:\\\/\\\/irgumburgumstudio.hu\\\/\"},{\"@type\":\"ListItem\",\"position\":2,\"name\":\"Bolt\",\"item\":\"https:\\\/\\\/irgumburgumstudio.hu\\\/bolt\\\/\"},{\"@type\":\"ListItem\",\"position\":3,\"name\":\"HOLDF\u00c9NY T\u00dcND\u00c9R Z\u00d6RG\u0150 RONGYI\"}]},{\"@type\":\"WebSite\",\"@id\":\"https:\\\/\\\/irgumburgumstudio.hu\\\/#website\",\"url\":\"https:\\\/\\\/irgumburgumstudio.hu\\\/\",\"name\":\"IrgumburgumStudio\",\"description\":\"IrgumburgumStudio - k\u00e9zzel k\u00e9sz\u00edtett egyedi term\u00e9kek.\",\"publisher\":{\"@id\":\"https:\\\/\\\/irgumburgumstudio.hu\\\/#organization\"},\"potentialAction\":[{\"@type\":\"SearchAction\",\"target\":{\"@type\":\"EntryPoint\",\"urlTemplate\":\"https:\\\/\\\/irgumburgumstudio.hu\\\/?s={search_term_string}\"},\"query-input\":{\"@type\":\"PropertyValueSpecification\",\"valueRequired\":true,\"valueName\":\"search_term_string\"}}],\"inLanguage\":\"en-US\"},{\"@type\":\"Organization\",\"@id\":\"https:\\\/\\\/irgumburgumstudio.hu\\\/#organization\",\"name\":\"IrgumburgumStudio\",\"url\":\"https:\\\/\\\/irgumburgumstudio.hu\\\/\",\"logo\":{\"@type\":\"ImageObject\",\"inLanguage\":\"en-US\",\"@id\":\"https:\\\/\\\/irgumburgumstudio.hu\\\/#\\\/schema\\\/logo\\\/image\\\/\",\"url\":\"https:\\\/\\\/irgumburgumstudio.hu\\\/wp-content\\\/uploads\\\/2019\\\/10\\\/cropped-logoszines-min.png\",\"contentUrl\":\"https:\\\/\\\/irgumburgumstudio.hu\\\/wp-content\\\/uploads\\\/2019\\\/10\\\/cropped-logoszines-min.png\",\"width\":512,\"height\":512,\"caption\":\"IrgumburgumStudio\"},\"image\":{\"@id\":\"https:\\\/\\\/irgumburgumstudio.hu\\\/#\\\/schema\\\/logo\\\/image\\\/\"},\"sameAs\":[\"https:\\\/\\\/www.facebook.com\\\/profile.php?id=100040055444498\"]}]}<\/script>\n<!-- \/ Yoast SEO plugin. -->","yoast_head_json":{"title":"HOLDF\u00c9NY T\u00dcND\u00c9R Z\u00d6RG\u0150 RONGYI - IrgumburgumStudio","description":"baba els\u0151 j\u00e1t\u00e9kai, pr\u00e9mium babaj\u00e1t\u00e9k, z\u00f6rg\u0151 babak\u00f6nyv, baba aj\u00e1nd\u00e9k, k\u00e9zm\u0171ves m\u00e1rka, term\u00e9szetes anyag\u00fa babaj\u00e1t\u00e9kok, diz\u00e1jn babaj\u00e1t\u00e9kok","robots":{"index":"index","follow":"follow","max-snippet":"max-snippet:-1","max-image-preview":"max-image-preview:large","max-video-preview":"max-video-preview:-1"},"canonical":"https:\/\/irgumburgumstudio.hu\/en\/bolt\/zorgo-rongyik\/holdfeny-tunder-csorgo-rongyi\/","og_locale":"en_US","og_type":"article","og_title":"HOLDF\u00c9NY T\u00dcND\u00c9R Z\u00d6RG\u0150 RONGYI - IrgumburgumStudio","og_description":"baba els\u0151 j\u00e1t\u00e9kai, pr\u00e9mium babaj\u00e1t\u00e9k, z\u00f6rg\u0151 babak\u00f6nyv, baba aj\u00e1nd\u00e9k, k\u00e9zm\u0171ves m\u00e1rka, term\u00e9szetes anyag\u00fa babaj\u00e1t\u00e9kok, diz\u00e1jn babaj\u00e1t\u00e9kok","og_url":"https:\/\/irgumburgumstudio.hu\/en\/bolt\/zorgo-rongyik\/holdfeny-tunder-csorgo-rongyi\/","og_site_name":"IrgumburgumStudio","article_publisher":"https:\/\/www.facebook.com\/profile.php?id=100040055444498","article_modified_time":"2025-06-01T07:25:13+00:00","og_image":[{"width":2394,"height":2560,"url":"https:\/\/irgumburgumstudio.hu\/wp-content\/uploads\/2024\/11\/IMG_7338-min-scaled.jpg","type":"image\/jpeg"}],"twitter_card":"summary_large_image","twitter_misc":{"Est. reading time":"1 minute"},"schema":{"@context":"https:\/\/schema.org","@graph":[{"@type":"WebPage","@id":"https:\/\/irgumburgumstudio.hu\/bolt\/zorgo-rongyik\/holdfeny-tunder-csorgo-rongyi\/","url":"https:\/\/irgumburgumstudio.hu\/bolt\/zorgo-rongyik\/holdfeny-tunder-csorgo-rongyi\/","name":"HOLDF\u00c9NY T\u00dcND\u00c9R Z\u00d6RG\u0150 RONGYI - IrgumburgumStudio","isPartOf":{"@id":"https:\/\/irgumburgumstudio.hu\/#website"},"primaryImageOfPage":{"@id":"https:\/\/irgumburgumstudio.hu\/bolt\/zorgo-rongyik\/holdfeny-tunder-csorgo-rongyi\/#primaryimage"},"image":{"@id":"https:\/\/irgumburgumstudio.hu\/bolt\/zorgo-rongyik\/holdfeny-tunder-csorgo-rongyi\/#primaryimage"},"thumbnailUrl":"https:\/\/irgumburgumstudio.hu\/wp-content\/uploads\/2024\/11\/IMG_7338-min-scaled.jpg","datePublished":"2024-11-25T14:19:11+00:00","dateModified":"2025-06-01T07:25:13+00:00","description":"baba els\u0151 j\u00e1t\u00e9kai, pr\u00e9mium babaj\u00e1t\u00e9k, z\u00f6rg\u0151 babak\u00f6nyv, baba aj\u00e1nd\u00e9k, k\u00e9zm\u0171ves m\u00e1rka, term\u00e9szetes anyag\u00fa babaj\u00e1t\u00e9kok, diz\u00e1jn babaj\u00e1t\u00e9kok","breadcrumb":{"@id":"https:\/\/irgumburgumstudio.hu\/bolt\/zorgo-rongyik\/holdfeny-tunder-csorgo-rongyi\/#breadcrumb"},"inLanguage":"en-US","potentialAction":[{"@type":"ReadAction","target":["https:\/\/irgumburgumstudio.hu\/bolt\/zorgo-rongyik\/holdfeny-tunder-csorgo-rongyi\/"]}]},{"@type":"ImageObject","inLanguage":"en-US","@id":"https:\/\/irgumburgumstudio.hu\/bolt\/zorgo-rongyik\/holdfeny-tunder-csorgo-rongyi\/#primaryimage","url":"https:\/\/irgumburgumstudio.hu\/wp-content\/uploads\/2024\/11\/IMG_7338-min-scaled.jpg","contentUrl":"https:\/\/irgumburgumstudio.hu\/wp-content\/uploads\/2024\/11\/IMG_7338-min-scaled.jpg","width":2394,"height":2560},{"@type":"BreadcrumbList","@id":"https:\/\/irgumburgumstudio.hu\/bolt\/zorgo-rongyik\/holdfeny-tunder-csorgo-rongyi\/#breadcrumb","itemListElement":[{"@type":"ListItem","position":1,"name":"Home","item":"https:\/\/irgumburgumstudio.hu\/"},{"@type":"ListItem","position":2,"name":"Bolt","item":"https:\/\/irgumburgumstudio.hu\/bolt\/"},{"@type":"ListItem","position":3,"name":"HOLDF\u00c9NY T\u00dcND\u00c9R Z\u00d6RG\u0150 RONGYI"}]},{"@type":"WebSite","@id":"https:\/\/irgumburgumstudio.hu\/#website","url":"https:\/\/irgumburgumstudio.hu\/","name":"IrgumburgumStudio","description":"IrgumburgumStudio - k\u00e9zzel k\u00e9sz\u00edtett egyedi term\u00e9kek.","publisher":{"@id":"https:\/\/irgumburgumstudio.hu\/#organization"},"potentialAction":[{"@type":"SearchAction","target":{"@type":"EntryPoint","urlTemplate":"https:\/\/irgumburgumstudio.hu\/?s={search_term_string}"},"query-input":{"@type":"PropertyValueSpecification","valueRequired":true,"valueName":"search_term_string"}}],"inLanguage":"en-US"},{"@type":"Organization","@id":"https:\/\/irgumburgumstudio.hu\/#organization","name":"IrgumburgumStudio","url":"https:\/\/irgumburgumstudio.hu\/","logo":{"@type":"ImageObject","inLanguage":"en-US","@id":"https:\/\/irgumburgumstudio.hu\/#\/schema\/logo\/image\/","url":"https:\/\/irgumburgumstudio.hu\/wp-content\/uploads\/2019\/10\/cropped-logoszines-min.png","contentUrl":"https:\/\/irgumburgumstudio.hu\/wp-content\/uploads\/2019\/10\/cropped-logoszines-min.png","width":512,"height":512,"caption":"IrgumburgumStudio"},"image":{"@id":"https:\/\/irgumburgumstudio.hu\/#\/schema\/logo\/image\/"},"sameAs":["https:\/\/www.facebook.com\/profile.php?id=100040055444498"]}]}},"_links":{"self":[{"href":"https:\/\/irgumburgumstudio.hu\/en\/wp-json\/wp\/v2\/product\/7352","targetHints":{"allow":["GET"]}}],"collection":[{"href":"https:\/\/irgumburgumstudio.hu\/en\/wp-json\/wp\/v2\/product"}],"about":[{"href":"https:\/\/irgumburgumstudio.hu\/en\/wp-json\/wp\/v2\/types\/product"}],"replies":[{"embeddable":true,"href":"https:\/\/irgumburgumstudio.hu\/en\/wp-json\/wp\/v2\/comments?post=7352"}],"wp:featuredmedia":[{"embeddable":true,"href":"https:\/\/irgumburgumstudio.hu\/en\/wp-json\/wp\/v2\/media\/7340"}],"wp:attachment":[{"href":"https:\/\/irgumburgumstudio.hu\/en\/wp-json\/wp\/v2\/media?parent=7352"}],"wp:term":[{"taxonomy":"product_brand","embeddable":true,"href":"https:\/\/irgumburgumstudio.hu\/en\/wp-json\/wp\/v2\/product_brand?post=7352"},{"taxonomy":"product_cat","embeddable":true,"href":"https:\/\/irgumburgumstudio.hu\/en\/wp-json\/wp\/v2\/product_cat?post=7352"},{"taxonomy":"product_tag","embeddable":true,"href":"https:\/\/irgumburgumstudio.hu\/en\/wp-json\/wp\/v2\/product_tag?post=7352"}],"curies":[{"name":"wp","href":"https:\/\/api.w.org\/{rel}","templated":true}]}}