{"id":7335,"date":"2024-11-22T16:11:52","date_gmt":"2024-11-22T16:11:52","guid":{"rendered":"https:\/\/irgumburgumstudio.hu\/?post_type=product&#038;p=7335"},"modified":"2025-04-27T11:48:55","modified_gmt":"2025-04-27T11:48:55","slug":"virsli-vili-tacskos-zorgo-rongyi","status":"publish","type":"product","link":"https:\/\/irgumburgumstudio.hu\/en\/bolt\/zorgo-rongyik\/virsli-vili-tacskos-zorgo-rongyi\/","title":{"rendered":"VIRSLI VILI TACSK\u00d3S Z\u00d6RG\u0150 RONGYI"},"content":{"rendered":"","protected":false},"excerpt":{"rendered":"<p><span><strong><span style=\"color: #008ae6;\">( V\u00e1rhat\u00f3 sz\u00e1ll\u00edt\u00e1si id\u0151: 1-2 munkanap )<\/span><\/strong><\/span><\/p>\n<p><strong>VIRSLI VILI<\/strong><\/p>\n<p>Dobd fel a baba mindennapjait ezzel az aranyos, egyedi tervez\u00e9s\u0171 cs\u00f6rg\u0151 rongyival!<\/p>\n<p>A k\u00e9zzel k\u00e9sz\u00edtett textilj\u00e1t\u00e9kon egy \u00e9des tacsk\u00f3 grafika l\u00e1that\u00f3, amelyet saj\u00e1t kezemmel rajzoltam meg, hogy minden darab egy kis m\u0171v\u00e9szi \u00e9rt\u00e9ket k\u00e9pviseljen.<\/p>\n<p><strong>Anyag:<\/strong> Puha, bababar\u00e1t textil a maxim\u00e1lis k\u00e9nyelem\u00e9rt.<\/p>\n<p><strong>Funkci\u00f3:<\/strong> Cs\u00f6rg\u0151 hanggal \u00e9s j\u00e1t\u00e9kos hajtogat\u00e1si lehet\u0151s\u00e9ggel sz\u00f3rakoztatja \u00e9s fejleszti a kicsiket.<\/p>\n<p><strong>M\u00e9ret:<\/strong><br \/>\n15 x 20 cm<br \/>\nIde\u00e1lis kis kezek sz\u00e1m\u00e1ra, k\u00f6nnyen megfoghat\u00f3 \u00e9s kezelhet\u0151.<\/p>\n<p><strong>Tiszt\u00edt\u00e1s:<\/strong> k\u00e9zzel moshat\u00f3<\/p>\n<p><strong>Anyaga:<\/strong> RIB JERSEY + cotton<\/p>\n<p><strong>A csomag tartalma:<\/strong><br \/>\n1 db tacsk\u00f3s z\u00f6rg\u0151 rongyi.<\/p>\n<p><strong>Mi\u00e9rt v\u00e1laszd?<\/strong> Ez a rongyi nemcsak j\u00e1t\u00e9k, hanem t\u00f6k\u00e9letes t\u00e1rs a felfedez\u00e9shez \u00e9s a nyugodt pillanatokhoz. A cs\u00f6rg\u0151 hang \u00e9s a puha anyagok kombin\u00e1ci\u00f3ja serkenti a bab\u00e1k \u00e9rz\u00e9kszerveit, mik\u00f6zben a term\u00e9szetes, biztons\u00e1gos anyagok gondoskodnak a sz\u00fcl\u0151k nyugalm\u00e1r\u00f3l. Nem besz\u00e9lve arr\u00f3l, hogy a h\u00e1toldal\u00e1n fekete-feh\u00e9r mint\u00e1k tal\u00e1lhat\u00f3ak, \u00edgy kimondottan seg\u00edts\u00e9getekre lehet m\u00e1r az els\u0151 napokt\u00f3l kezdve!<\/p>\n<p>Aj\u00e1nd\u00e9kba is t\u00f6k\u00e9letes! Ha egyedi, szem\u00e9lyes aj\u00e1nd\u00e9kot keresel babal\u00e1togat\u00f3ra vagy keresztel\u0151re, ez a cs\u00f6rg\u0151 rongyi garant\u00e1ltan mosolyt csal mindenki arc\u00e1ra! Rendeld meg most, \u00e9s v\u00e1lassz hazai, k\u00e9zzel k\u00e9sz\u00edtett term\u00e9ket!<\/p>","protected":false},"featured_media":7346,"comment_status":"open","ping_status":"closed","template":"","meta":[],"product_brand":[],"product_cat":[163],"product_tag":[],"class_list":{"0":"post-7335","1":"product","2":"type-product","3":"status-publish","4":"has-post-thumbnail","6":"product_cat-zorgo-rongyik","8":"first","9":"outofstock","10":"taxable","11":"shipping-taxable","12":"purchasable","13":"product-type-simple"},"yoast_head":"<!-- This site is optimized with the Yoast SEO plugin v27.3 - https:\/\/yoast.com\/product\/yoast-seo-wordpress\/ -->\n<title>VIRSLI VILI TACSK\u00d3S Z\u00d6RG\u0150 RONGYI - IrgumburgumStudio<\/title>\n<meta name=\"robots\" content=\"index, follow, max-snippet:-1, max-image-preview:large, max-video-preview:-1\" \/>\n<link rel=\"canonical\" href=\"https:\/\/irgumburgumstudio.hu\/en\/bolt\/zorgo-rongyik\/virsli-vili-tacskos-zorgo-rongyi\/\" \/>\n<meta property=\"og:locale\" content=\"en_US\" \/>\n<meta property=\"og:type\" content=\"article\" \/>\n<meta property=\"og:title\" content=\"VIRSLI VILI TACSK\u00d3S Z\u00d6RG\u0150 RONGYI - IrgumburgumStudio\" \/>\n<meta property=\"og:description\" content=\"( V\u00e1rhat\u00f3 sz\u00e1ll\u00edt\u00e1si id\u0151: 1-2 munkanap )  VIRSLI VILI  Dobd fel a baba mindennapjait ezzel az aranyos, egyedi tervez\u00e9s\u0171 cs\u00f6rg\u0151 rongyival!  A k\u00e9zzel k\u00e9sz\u00edtett textilj\u00e1t\u00e9kon egy \u00e9des tacsk\u00f3 grafika l\u00e1that\u00f3, amelyet saj\u00e1t kezemmel rajzoltam meg, hogy minden darab egy kis m\u0171v\u00e9szi \u00e9rt\u00e9ket k\u00e9pviseljen.  Anyag: Puha, bababar\u00e1t textil a maxim\u00e1lis k\u00e9nyelem\u00e9rt.  Funkci\u00f3: Cs\u00f6rg\u0151 hanggal \u00e9s j\u00e1t\u00e9kos hajtogat\u00e1si lehet\u0151s\u00e9ggel sz\u00f3rakoztatja \u00e9s fejleszti a kicsiket.  M\u00e9ret: 15 x 20 cm Ide\u00e1lis kis kezek sz\u00e1m\u00e1ra, k\u00f6nnyen megfoghat\u00f3 \u00e9s kezelhet\u0151.  Tiszt\u00edt\u00e1s: k\u00e9zzel moshat\u00f3  Anyaga: RIB JERSEY + cotton  A csomag tartalma: 1 db tacsk\u00f3s z\u00f6rg\u0151 rongyi.  Mi\u00e9rt v\u00e1laszd? Ez a rongyi nemcsak j\u00e1t\u00e9k, hanem t\u00f6k\u00e9letes t\u00e1rs a felfedez\u00e9shez \u00e9s a nyugodt pillanatokhoz. A cs\u00f6rg\u0151 hang \u00e9s a puha anyagok kombin\u00e1ci\u00f3ja serkenti a bab\u00e1k \u00e9rz\u00e9kszerveit, mik\u00f6zben a term\u00e9szetes, biztons\u00e1gos anyagok gondoskodnak a sz\u00fcl\u0151k nyugalm\u00e1r\u00f3l. Nem besz\u00e9lve arr\u00f3l, hogy a h\u00e1toldal\u00e1n fekete-feh\u00e9r mint\u00e1k tal\u00e1lhat\u00f3ak, \u00edgy kimondottan seg\u00edts\u00e9getekre lehet m\u00e1r az els\u0151 napokt\u00f3l kezdve!  Aj\u00e1nd\u00e9kba is t\u00f6k\u00e9letes! Ha egyedi, szem\u00e9lyes aj\u00e1nd\u00e9kot keresel babal\u00e1togat\u00f3ra vagy keresztel\u0151re, ez a cs\u00f6rg\u0151 rongyi garant\u00e1ltan mosolyt csal mindenki arc\u00e1ra! Rendeld meg most, \u00e9s v\u00e1lassz hazai, k\u00e9zzel k\u00e9sz\u00edtett term\u00e9ket!\" \/>\n<meta property=\"og:url\" content=\"https:\/\/irgumburgumstudio.hu\/en\/bolt\/zorgo-rongyik\/virsli-vili-tacskos-zorgo-rongyi\/\" \/>\n<meta property=\"og:site_name\" content=\"IrgumburgumStudio\" \/>\n<meta property=\"article:publisher\" content=\"https:\/\/www.facebook.com\/profile.php?id=100040055444498\" \/>\n<meta property=\"article:modified_time\" content=\"2025-04-27T11:48:55+00:00\" \/>\n<meta property=\"og:image\" content=\"https:\/\/irgumburgumstudio.hu\/wp-content\/uploads\/2024\/11\/IMG_7214-min-scaled.jpg\" \/>\n\t<meta property=\"og:image:width\" content=\"2208\" \/>\n\t<meta property=\"og:image:height\" content=\"2560\" \/>\n\t<meta property=\"og:image:type\" content=\"image\/jpeg\" \/>\n<meta name=\"twitter:card\" content=\"summary_large_image\" \/>\n<meta name=\"twitter:label1\" content=\"Est. reading time\" \/>\n\t<meta name=\"twitter:data1\" content=\"1 minute\" \/>\n<script type=\"application\/ld+json\" class=\"yoast-schema-graph\">{\"@context\":\"https:\\\/\\\/schema.org\",\"@graph\":[{\"@type\":\"WebPage\",\"@id\":\"https:\\\/\\\/irgumburgumstudio.hu\\\/bolt\\\/zorgo-rongyik\\\/virsli-vili-tacskos-zorgo-rongyi\\\/\",\"url\":\"https:\\\/\\\/irgumburgumstudio.hu\\\/bolt\\\/zorgo-rongyik\\\/virsli-vili-tacskos-zorgo-rongyi\\\/\",\"name\":\"VIRSLI VILI TACSK\u00d3S Z\u00d6RG\u0150 RONGYI - IrgumburgumStudio\",\"isPartOf\":{\"@id\":\"https:\\\/\\\/irgumburgumstudio.hu\\\/#website\"},\"primaryImageOfPage\":{\"@id\":\"https:\\\/\\\/irgumburgumstudio.hu\\\/bolt\\\/zorgo-rongyik\\\/virsli-vili-tacskos-zorgo-rongyi\\\/#primaryimage\"},\"image\":{\"@id\":\"https:\\\/\\\/irgumburgumstudio.hu\\\/bolt\\\/zorgo-rongyik\\\/virsli-vili-tacskos-zorgo-rongyi\\\/#primaryimage\"},\"thumbnailUrl\":\"https:\\\/\\\/irgumburgumstudio.hu\\\/wp-content\\\/uploads\\\/2024\\\/11\\\/IMG_7214-min-scaled.jpg\",\"datePublished\":\"2024-11-22T16:11:52+00:00\",\"dateModified\":\"2025-04-27T11:48:55+00:00\",\"breadcrumb\":{\"@id\":\"https:\\\/\\\/irgumburgumstudio.hu\\\/bolt\\\/zorgo-rongyik\\\/virsli-vili-tacskos-zorgo-rongyi\\\/#breadcrumb\"},\"inLanguage\":\"en-US\",\"potentialAction\":[{\"@type\":\"ReadAction\",\"target\":[\"https:\\\/\\\/irgumburgumstudio.hu\\\/bolt\\\/zorgo-rongyik\\\/virsli-vili-tacskos-zorgo-rongyi\\\/\"]}]},{\"@type\":\"ImageObject\",\"inLanguage\":\"en-US\",\"@id\":\"https:\\\/\\\/irgumburgumstudio.hu\\\/bolt\\\/zorgo-rongyik\\\/virsli-vili-tacskos-zorgo-rongyi\\\/#primaryimage\",\"url\":\"https:\\\/\\\/irgumburgumstudio.hu\\\/wp-content\\\/uploads\\\/2024\\\/11\\\/IMG_7214-min-scaled.jpg\",\"contentUrl\":\"https:\\\/\\\/irgumburgumstudio.hu\\\/wp-content\\\/uploads\\\/2024\\\/11\\\/IMG_7214-min-scaled.jpg\",\"width\":2208,\"height\":2560},{\"@type\":\"BreadcrumbList\",\"@id\":\"https:\\\/\\\/irgumburgumstudio.hu\\\/bolt\\\/zorgo-rongyik\\\/virsli-vili-tacskos-zorgo-rongyi\\\/#breadcrumb\",\"itemListElement\":[{\"@type\":\"ListItem\",\"position\":1,\"name\":\"Home\",\"item\":\"https:\\\/\\\/irgumburgumstudio.hu\\\/\"},{\"@type\":\"ListItem\",\"position\":2,\"name\":\"Bolt\",\"item\":\"https:\\\/\\\/irgumburgumstudio.hu\\\/bolt\\\/\"},{\"@type\":\"ListItem\",\"position\":3,\"name\":\"VIRSLI VILI TACSK\u00d3S Z\u00d6RG\u0150 RONGYI\"}]},{\"@type\":\"WebSite\",\"@id\":\"https:\\\/\\\/irgumburgumstudio.hu\\\/#website\",\"url\":\"https:\\\/\\\/irgumburgumstudio.hu\\\/\",\"name\":\"IrgumburgumStudio\",\"description\":\"IrgumburgumStudio - k\u00e9zzel k\u00e9sz\u00edtett egyedi term\u00e9kek.\",\"publisher\":{\"@id\":\"https:\\\/\\\/irgumburgumstudio.hu\\\/#organization\"},\"potentialAction\":[{\"@type\":\"SearchAction\",\"target\":{\"@type\":\"EntryPoint\",\"urlTemplate\":\"https:\\\/\\\/irgumburgumstudio.hu\\\/?s={search_term_string}\"},\"query-input\":{\"@type\":\"PropertyValueSpecification\",\"valueRequired\":true,\"valueName\":\"search_term_string\"}}],\"inLanguage\":\"en-US\"},{\"@type\":\"Organization\",\"@id\":\"https:\\\/\\\/irgumburgumstudio.hu\\\/#organization\",\"name\":\"IrgumburgumStudio\",\"url\":\"https:\\\/\\\/irgumburgumstudio.hu\\\/\",\"logo\":{\"@type\":\"ImageObject\",\"inLanguage\":\"en-US\",\"@id\":\"https:\\\/\\\/irgumburgumstudio.hu\\\/#\\\/schema\\\/logo\\\/image\\\/\",\"url\":\"https:\\\/\\\/irgumburgumstudio.hu\\\/wp-content\\\/uploads\\\/2019\\\/10\\\/cropped-logoszines-min.png\",\"contentUrl\":\"https:\\\/\\\/irgumburgumstudio.hu\\\/wp-content\\\/uploads\\\/2019\\\/10\\\/cropped-logoszines-min.png\",\"width\":512,\"height\":512,\"caption\":\"IrgumburgumStudio\"},\"image\":{\"@id\":\"https:\\\/\\\/irgumburgumstudio.hu\\\/#\\\/schema\\\/logo\\\/image\\\/\"},\"sameAs\":[\"https:\\\/\\\/www.facebook.com\\\/profile.php?id=100040055444498\"]}]}<\/script>\n<!-- \/ Yoast SEO plugin. -->","yoast_head_json":{"title":"VIRSLI VILI TACSK\u00d3S Z\u00d6RG\u0150 RONGYI - IrgumburgumStudio","robots":{"index":"index","follow":"follow","max-snippet":"max-snippet:-1","max-image-preview":"max-image-preview:large","max-video-preview":"max-video-preview:-1"},"canonical":"https:\/\/irgumburgumstudio.hu\/en\/bolt\/zorgo-rongyik\/virsli-vili-tacskos-zorgo-rongyi\/","og_locale":"en_US","og_type":"article","og_title":"VIRSLI VILI TACSK\u00d3S Z\u00d6RG\u0150 RONGYI - IrgumburgumStudio","og_description":"( V\u00e1rhat\u00f3 sz\u00e1ll\u00edt\u00e1si id\u0151: 1-2 munkanap )  VIRSLI VILI  Dobd fel a baba mindennapjait ezzel az aranyos, egyedi tervez\u00e9s\u0171 cs\u00f6rg\u0151 rongyival!  A k\u00e9zzel k\u00e9sz\u00edtett textilj\u00e1t\u00e9kon egy \u00e9des tacsk\u00f3 grafika l\u00e1that\u00f3, amelyet saj\u00e1t kezemmel rajzoltam meg, hogy minden darab egy kis m\u0171v\u00e9szi \u00e9rt\u00e9ket k\u00e9pviseljen.  Anyag: Puha, bababar\u00e1t textil a maxim\u00e1lis k\u00e9nyelem\u00e9rt.  Funkci\u00f3: Cs\u00f6rg\u0151 hanggal \u00e9s j\u00e1t\u00e9kos hajtogat\u00e1si lehet\u0151s\u00e9ggel sz\u00f3rakoztatja \u00e9s fejleszti a kicsiket.  M\u00e9ret: 15 x 20 cm Ide\u00e1lis kis kezek sz\u00e1m\u00e1ra, k\u00f6nnyen megfoghat\u00f3 \u00e9s kezelhet\u0151.  Tiszt\u00edt\u00e1s: k\u00e9zzel moshat\u00f3  Anyaga: RIB JERSEY + cotton  A csomag tartalma: 1 db tacsk\u00f3s z\u00f6rg\u0151 rongyi.  Mi\u00e9rt v\u00e1laszd? Ez a rongyi nemcsak j\u00e1t\u00e9k, hanem t\u00f6k\u00e9letes t\u00e1rs a felfedez\u00e9shez \u00e9s a nyugodt pillanatokhoz. A cs\u00f6rg\u0151 hang \u00e9s a puha anyagok kombin\u00e1ci\u00f3ja serkenti a bab\u00e1k \u00e9rz\u00e9kszerveit, mik\u00f6zben a term\u00e9szetes, biztons\u00e1gos anyagok gondoskodnak a sz\u00fcl\u0151k nyugalm\u00e1r\u00f3l. Nem besz\u00e9lve arr\u00f3l, hogy a h\u00e1toldal\u00e1n fekete-feh\u00e9r mint\u00e1k tal\u00e1lhat\u00f3ak, \u00edgy kimondottan seg\u00edts\u00e9getekre lehet m\u00e1r az els\u0151 napokt\u00f3l kezdve!  Aj\u00e1nd\u00e9kba is t\u00f6k\u00e9letes! Ha egyedi, szem\u00e9lyes aj\u00e1nd\u00e9kot keresel babal\u00e1togat\u00f3ra vagy keresztel\u0151re, ez a cs\u00f6rg\u0151 rongyi garant\u00e1ltan mosolyt csal mindenki arc\u00e1ra! Rendeld meg most, \u00e9s v\u00e1lassz hazai, k\u00e9zzel k\u00e9sz\u00edtett term\u00e9ket!","og_url":"https:\/\/irgumburgumstudio.hu\/en\/bolt\/zorgo-rongyik\/virsli-vili-tacskos-zorgo-rongyi\/","og_site_name":"IrgumburgumStudio","article_publisher":"https:\/\/www.facebook.com\/profile.php?id=100040055444498","article_modified_time":"2025-04-27T11:48:55+00:00","og_image":[{"width":2208,"height":2560,"url":"https:\/\/irgumburgumstudio.hu\/wp-content\/uploads\/2024\/11\/IMG_7214-min-scaled.jpg","type":"image\/jpeg"}],"twitter_card":"summary_large_image","twitter_misc":{"Est. reading time":"1 minute"},"schema":{"@context":"https:\/\/schema.org","@graph":[{"@type":"WebPage","@id":"https:\/\/irgumburgumstudio.hu\/bolt\/zorgo-rongyik\/virsli-vili-tacskos-zorgo-rongyi\/","url":"https:\/\/irgumburgumstudio.hu\/bolt\/zorgo-rongyik\/virsli-vili-tacskos-zorgo-rongyi\/","name":"VIRSLI VILI TACSK\u00d3S Z\u00d6RG\u0150 RONGYI - IrgumburgumStudio","isPartOf":{"@id":"https:\/\/irgumburgumstudio.hu\/#website"},"primaryImageOfPage":{"@id":"https:\/\/irgumburgumstudio.hu\/bolt\/zorgo-rongyik\/virsli-vili-tacskos-zorgo-rongyi\/#primaryimage"},"image":{"@id":"https:\/\/irgumburgumstudio.hu\/bolt\/zorgo-rongyik\/virsli-vili-tacskos-zorgo-rongyi\/#primaryimage"},"thumbnailUrl":"https:\/\/irgumburgumstudio.hu\/wp-content\/uploads\/2024\/11\/IMG_7214-min-scaled.jpg","datePublished":"2024-11-22T16:11:52+00:00","dateModified":"2025-04-27T11:48:55+00:00","breadcrumb":{"@id":"https:\/\/irgumburgumstudio.hu\/bolt\/zorgo-rongyik\/virsli-vili-tacskos-zorgo-rongyi\/#breadcrumb"},"inLanguage":"en-US","potentialAction":[{"@type":"ReadAction","target":["https:\/\/irgumburgumstudio.hu\/bolt\/zorgo-rongyik\/virsli-vili-tacskos-zorgo-rongyi\/"]}]},{"@type":"ImageObject","inLanguage":"en-US","@id":"https:\/\/irgumburgumstudio.hu\/bolt\/zorgo-rongyik\/virsli-vili-tacskos-zorgo-rongyi\/#primaryimage","url":"https:\/\/irgumburgumstudio.hu\/wp-content\/uploads\/2024\/11\/IMG_7214-min-scaled.jpg","contentUrl":"https:\/\/irgumburgumstudio.hu\/wp-content\/uploads\/2024\/11\/IMG_7214-min-scaled.jpg","width":2208,"height":2560},{"@type":"BreadcrumbList","@id":"https:\/\/irgumburgumstudio.hu\/bolt\/zorgo-rongyik\/virsli-vili-tacskos-zorgo-rongyi\/#breadcrumb","itemListElement":[{"@type":"ListItem","position":1,"name":"Home","item":"https:\/\/irgumburgumstudio.hu\/"},{"@type":"ListItem","position":2,"name":"Bolt","item":"https:\/\/irgumburgumstudio.hu\/bolt\/"},{"@type":"ListItem","position":3,"name":"VIRSLI VILI TACSK\u00d3S Z\u00d6RG\u0150 RONGYI"}]},{"@type":"WebSite","@id":"https:\/\/irgumburgumstudio.hu\/#website","url":"https:\/\/irgumburgumstudio.hu\/","name":"IrgumburgumStudio","description":"IrgumburgumStudio - k\u00e9zzel k\u00e9sz\u00edtett egyedi term\u00e9kek.","publisher":{"@id":"https:\/\/irgumburgumstudio.hu\/#organization"},"potentialAction":[{"@type":"SearchAction","target":{"@type":"EntryPoint","urlTemplate":"https:\/\/irgumburgumstudio.hu\/?s={search_term_string}"},"query-input":{"@type":"PropertyValueSpecification","valueRequired":true,"valueName":"search_term_string"}}],"inLanguage":"en-US"},{"@type":"Organization","@id":"https:\/\/irgumburgumstudio.hu\/#organization","name":"IrgumburgumStudio","url":"https:\/\/irgumburgumstudio.hu\/","logo":{"@type":"ImageObject","inLanguage":"en-US","@id":"https:\/\/irgumburgumstudio.hu\/#\/schema\/logo\/image\/","url":"https:\/\/irgumburgumstudio.hu\/wp-content\/uploads\/2019\/10\/cropped-logoszines-min.png","contentUrl":"https:\/\/irgumburgumstudio.hu\/wp-content\/uploads\/2019\/10\/cropped-logoszines-min.png","width":512,"height":512,"caption":"IrgumburgumStudio"},"image":{"@id":"https:\/\/irgumburgumstudio.hu\/#\/schema\/logo\/image\/"},"sameAs":["https:\/\/www.facebook.com\/profile.php?id=100040055444498"]}]}},"_links":{"self":[{"href":"https:\/\/irgumburgumstudio.hu\/en\/wp-json\/wp\/v2\/product\/7335","targetHints":{"allow":["GET"]}}],"collection":[{"href":"https:\/\/irgumburgumstudio.hu\/en\/wp-json\/wp\/v2\/product"}],"about":[{"href":"https:\/\/irgumburgumstudio.hu\/en\/wp-json\/wp\/v2\/types\/product"}],"replies":[{"embeddable":true,"href":"https:\/\/irgumburgumstudio.hu\/en\/wp-json\/wp\/v2\/comments?post=7335"}],"wp:featuredmedia":[{"embeddable":true,"href":"https:\/\/irgumburgumstudio.hu\/en\/wp-json\/wp\/v2\/media\/7346"}],"wp:attachment":[{"href":"https:\/\/irgumburgumstudio.hu\/en\/wp-json\/wp\/v2\/media?parent=7335"}],"wp:term":[{"taxonomy":"product_brand","embeddable":true,"href":"https:\/\/irgumburgumstudio.hu\/en\/wp-json\/wp\/v2\/product_brand?post=7335"},{"taxonomy":"product_cat","embeddable":true,"href":"https:\/\/irgumburgumstudio.hu\/en\/wp-json\/wp\/v2\/product_cat?post=7335"},{"taxonomy":"product_tag","embeddable":true,"href":"https:\/\/irgumburgumstudio.hu\/en\/wp-json\/wp\/v2\/product_tag?post=7335"}],"curies":[{"name":"wp","href":"https:\/\/api.w.org\/{rel}","templated":true}]}}