{"id":7330,"date":"2024-11-22T16:12:16","date_gmt":"2024-11-22T16:12:16","guid":{"rendered":"https:\/\/irgumburgumstudio.hu\/?post_type=product&#038;p=7330"},"modified":"2025-04-26T18:06:34","modified_gmt":"2025-04-26T18:06:34","slug":"csipke-cicus-zorgo-rongyi","status":"publish","type":"product","link":"https:\/\/irgumburgumstudio.hu\/en\/bolt\/zorgo-rongyik\/csipke-cicus-zorgo-rongyi\/","title":{"rendered":"CSIPKE CICUS Z\u00d6RG\u0150 RONGYI"},"content":{"rendered":"","protected":false},"excerpt":{"rendered":"<p><strong><span style=\"color: #008ae6;\">( V\u00e1rhat\u00f3 sz\u00e1ll\u00edt\u00e1si id\u0151: 1-2 munkanap )<\/span><\/strong><\/p>\n<p>K\u00e9zzel k\u00e9sz\u00edtett cs\u00f6rg\u0151 babarongyi \u2013 egyedi cic\u00e1s diz\u00e1jnnal.<\/p>\n<p><span>Tedd k\u00fcl\u00f6nlegess\u00e9 a baba els\u0151 j\u00e1t\u00e9k\u00e9lm\u00e9nyeit ezzel az egyedi, k\u00e9zzel tervezett cs\u00f6rg\u0151 rongyival!<br \/>\n<\/span><span>A puha textilen egy bar\u00e1ts\u00e1gos cica illusztr\u00e1ci\u00f3 l\u00e1that\u00f3, amely saj\u00e1t tervez\u00e9s\u0171 grafik\u00e1val teszi m\u00e9g szem\u00e9lyesebb\u00e9 \u00e9s k\u00fcl\u00f6nlegesebb\u00e9 a term\u00e9ket.<br \/>\nA cicafanoknak a kedvenc j\u00e1t\u00e9ka lesz otthon, f\u0151leg ha van saj\u00e1t cicus is a h\u00e1zban!<\/span><\/p>\n<p><strong>Anyag:<\/strong><br \/>\nBord\u00e1zott RIB Jersey \u00e9s Duplag\u00e9z.<br \/>\nMin\u0151s\u00e9gi, bababar\u00e1t anyag, amely gyeng\u00e9d a baba b\u0151r\u00e9hez.<\/p>\n<p><span><strong>Funkci\u00f3:<\/strong><br \/>\nCs\u00f6rg\u0151 hanggal, amely sz\u00f3rakoztatja \u00e9s fejleszti a kicsik hall\u00e1s\u00e1t, \u00e9s k\u00fcl\u00f6nleges grafik\u00e1val amely felkelti a baba \u00e9rdekl\u0151d\u00e9s\u00e9t.<\/span><\/p>\n<p><span><strong>M\u00e9ret:<br \/>\n<\/strong>20 x 21 cm<br \/>\nT\u00f6k\u00e9letes a kis kezek sz\u00e1m\u00e1ra, k\u00f6nnyen foghat\u00f3 \u00e9s kezelhet\u0151.<br \/>\nTiszt\u00edthat\u00f3s\u00e1g: K\u00e9zzel moshat\u00f3, hogy mindig higi\u00e9nikus maradjon.<\/span><\/p>\n<p><strong>Mi\u00e9rt v\u00e1laszd ezt a term\u00e9ket?<\/strong><br \/>\nEz a rongyi a bab\u00e1k kedvenc j\u00e1t\u00e9k\u00e1v\u00e1 v\u00e1lhat, amely nemcsak sz\u00f3rakoztat, hanem seg\u00edti az \u00e9rz\u00e9kszervek fejl\u0151d\u00e9s\u00e9t is.<br \/>\nA k\u00e9zzel k\u00e9sz\u00edtett r\u00e9szletek \u00e9s a vid\u00e1m cic\u00e1s design egyediv\u00e9 \u00e9s szerethet\u0151v\u00e9 teszi ezt a j\u00e1t\u00e9kot.<br \/>\nUgyan ilyen j\u00e1t\u00e9kot biztosan nem kapni b\u00e1rmelyik boltban.<\/p>\n<p><strong>A csomag tartalma:<\/strong><br \/>\n1 db cic\u00e1s z\u00f6rg\u0151 rongyi.<\/p>\n<p><em>Aj\u00e1nd\u00e9knak<\/em> is kiv\u00e1l\u00f3, legyen sz\u00f3 <em>babal\u00e1togat\u00e1sr\u00f3l<\/em>, <em>keresztel\u0151r\u0151l<\/em> vagy <em>sz\u00fclet\u00e9snapi<\/em> aj\u00e1nd\u00e9kr\u00f3l, ez a rongyi garant\u00e1ltan mosolyt csal a sz\u00fcl\u0151k \u00e9s a bab\u00e1k arc\u00e1ra egyar\u00e1nt.<br \/>\nRendeld meg most, \u00e9s v\u00e1lassz egyedi, k\u00e9zm\u0171ves babaj\u00e1t\u00e9kot!<\/p>","protected":false},"featured_media":7345,"comment_status":"open","ping_status":"closed","template":"","meta":[],"product_brand":[],"product_cat":[163],"product_tag":[],"class_list":{"0":"post-7330","1":"product","2":"type-product","3":"status-publish","4":"has-post-thumbnail","6":"product_cat-zorgo-rongyik","8":"first","9":"outofstock","10":"taxable","11":"shipping-taxable","12":"purchasable","13":"product-type-simple"},"yoast_head":"<!-- This site is optimized with the Yoast SEO plugin v27.4 - https:\/\/yoast.com\/product\/yoast-seo-wordpress\/ -->\n<title>CSIPKE CICUS Z\u00d6RG\u0150 RONGYI - IrgumburgumStudio<\/title>\n<meta name=\"description\" content=\"cs\u00f6rg\u0151 babaj\u00e1t\u00e9k, pr\u00e9mium babaj\u00e1t\u00e9k, k\u00e9zm\u0171ves babaj\u00e1t\u00e9k, baba els\u0151 j\u00e1t\u00e9kai, term\u00e9szetes anyag\u00fa babaj\u00e1t\u00e9k, egyedi babaaj\u00e1nd\u00e9k, baba aj\u00e1n\u00e9dkok, bababar\u00e1t\" \/>\n<meta name=\"robots\" content=\"index, follow, max-snippet:-1, max-image-preview:large, max-video-preview:-1\" \/>\n<link rel=\"canonical\" href=\"https:\/\/irgumburgumstudio.hu\/en\/bolt\/zorgo-rongyik\/csipke-cicus-zorgo-rongyi\/\" \/>\n<meta property=\"og:locale\" content=\"en_US\" \/>\n<meta property=\"og:type\" content=\"article\" \/>\n<meta property=\"og:title\" content=\"CSIPKE CICUS Z\u00d6RG\u0150 RONGYI - IrgumburgumStudio\" \/>\n<meta property=\"og:description\" content=\"cs\u00f6rg\u0151 babaj\u00e1t\u00e9k, pr\u00e9mium babaj\u00e1t\u00e9k, k\u00e9zm\u0171ves babaj\u00e1t\u00e9k, baba els\u0151 j\u00e1t\u00e9kai, term\u00e9szetes anyag\u00fa babaj\u00e1t\u00e9k, egyedi babaaj\u00e1nd\u00e9k, baba aj\u00e1n\u00e9dkok, bababar\u00e1t\" \/>\n<meta property=\"og:url\" content=\"https:\/\/irgumburgumstudio.hu\/en\/bolt\/zorgo-rongyik\/csipke-cicus-zorgo-rongyi\/\" \/>\n<meta property=\"og:site_name\" content=\"IrgumburgumStudio\" \/>\n<meta property=\"article:publisher\" content=\"https:\/\/www.facebook.com\/profile.php?id=100040055444498\" \/>\n<meta property=\"article:modified_time\" content=\"2025-04-26T18:06:34+00:00\" \/>\n<meta property=\"og:image\" content=\"https:\/\/irgumburgumstudio.hu\/wp-content\/uploads\/2024\/11\/IMG_7190-min-scaled.jpg\" \/>\n\t<meta property=\"og:image:width\" content=\"1920\" \/>\n\t<meta property=\"og:image:height\" content=\"2560\" \/>\n\t<meta property=\"og:image:type\" content=\"image\/jpeg\" \/>\n<meta name=\"twitter:card\" content=\"summary_large_image\" \/>\n<meta name=\"twitter:label1\" content=\"Est. reading time\" \/>\n\t<meta name=\"twitter:data1\" content=\"1 minute\" \/>\n<script type=\"application\/ld+json\" class=\"yoast-schema-graph\">{\"@context\":\"https:\\\/\\\/schema.org\",\"@graph\":[{\"@type\":\"WebPage\",\"@id\":\"https:\\\/\\\/irgumburgumstudio.hu\\\/bolt\\\/zorgo-rongyik\\\/csipke-cicus-zorgo-rongyi\\\/\",\"url\":\"https:\\\/\\\/irgumburgumstudio.hu\\\/bolt\\\/zorgo-rongyik\\\/csipke-cicus-zorgo-rongyi\\\/\",\"name\":\"CSIPKE CICUS Z\u00d6RG\u0150 RONGYI - IrgumburgumStudio\",\"isPartOf\":{\"@id\":\"https:\\\/\\\/irgumburgumstudio.hu\\\/#website\"},\"primaryImageOfPage\":{\"@id\":\"https:\\\/\\\/irgumburgumstudio.hu\\\/bolt\\\/zorgo-rongyik\\\/csipke-cicus-zorgo-rongyi\\\/#primaryimage\"},\"image\":{\"@id\":\"https:\\\/\\\/irgumburgumstudio.hu\\\/bolt\\\/zorgo-rongyik\\\/csipke-cicus-zorgo-rongyi\\\/#primaryimage\"},\"thumbnailUrl\":\"https:\\\/\\\/irgumburgumstudio.hu\\\/wp-content\\\/uploads\\\/2024\\\/11\\\/IMG_7190-min-scaled.jpg\",\"datePublished\":\"2024-11-22T16:12:16+00:00\",\"dateModified\":\"2025-04-26T18:06:34+00:00\",\"description\":\"cs\u00f6rg\u0151 babaj\u00e1t\u00e9k, pr\u00e9mium babaj\u00e1t\u00e9k, k\u00e9zm\u0171ves babaj\u00e1t\u00e9k, baba els\u0151 j\u00e1t\u00e9kai, term\u00e9szetes anyag\u00fa babaj\u00e1t\u00e9k, egyedi babaaj\u00e1nd\u00e9k, baba aj\u00e1n\u00e9dkok, bababar\u00e1t\",\"breadcrumb\":{\"@id\":\"https:\\\/\\\/irgumburgumstudio.hu\\\/bolt\\\/zorgo-rongyik\\\/csipke-cicus-zorgo-rongyi\\\/#breadcrumb\"},\"inLanguage\":\"en-US\",\"potentialAction\":[{\"@type\":\"ReadAction\",\"target\":[\"https:\\\/\\\/irgumburgumstudio.hu\\\/bolt\\\/zorgo-rongyik\\\/csipke-cicus-zorgo-rongyi\\\/\"]}]},{\"@type\":\"ImageObject\",\"inLanguage\":\"en-US\",\"@id\":\"https:\\\/\\\/irgumburgumstudio.hu\\\/bolt\\\/zorgo-rongyik\\\/csipke-cicus-zorgo-rongyi\\\/#primaryimage\",\"url\":\"https:\\\/\\\/irgumburgumstudio.hu\\\/wp-content\\\/uploads\\\/2024\\\/11\\\/IMG_7190-min-scaled.jpg\",\"contentUrl\":\"https:\\\/\\\/irgumburgumstudio.hu\\\/wp-content\\\/uploads\\\/2024\\\/11\\\/IMG_7190-min-scaled.jpg\",\"width\":1920,\"height\":2560},{\"@type\":\"BreadcrumbList\",\"@id\":\"https:\\\/\\\/irgumburgumstudio.hu\\\/bolt\\\/zorgo-rongyik\\\/csipke-cicus-zorgo-rongyi\\\/#breadcrumb\",\"itemListElement\":[{\"@type\":\"ListItem\",\"position\":1,\"name\":\"Home\",\"item\":\"https:\\\/\\\/irgumburgumstudio.hu\\\/\"},{\"@type\":\"ListItem\",\"position\":2,\"name\":\"Bolt\",\"item\":\"https:\\\/\\\/irgumburgumstudio.hu\\\/bolt\\\/\"},{\"@type\":\"ListItem\",\"position\":3,\"name\":\"CSIPKE CICUS Z\u00d6RG\u0150 RONGYI\"}]},{\"@type\":\"WebSite\",\"@id\":\"https:\\\/\\\/irgumburgumstudio.hu\\\/#website\",\"url\":\"https:\\\/\\\/irgumburgumstudio.hu\\\/\",\"name\":\"IrgumburgumStudio\",\"description\":\"IrgumburgumStudio - k\u00e9zzel k\u00e9sz\u00edtett egyedi term\u00e9kek.\",\"publisher\":{\"@id\":\"https:\\\/\\\/irgumburgumstudio.hu\\\/#organization\"},\"potentialAction\":[{\"@type\":\"SearchAction\",\"target\":{\"@type\":\"EntryPoint\",\"urlTemplate\":\"https:\\\/\\\/irgumburgumstudio.hu\\\/?s={search_term_string}\"},\"query-input\":{\"@type\":\"PropertyValueSpecification\",\"valueRequired\":true,\"valueName\":\"search_term_string\"}}],\"inLanguage\":\"en-US\"},{\"@type\":\"Organization\",\"@id\":\"https:\\\/\\\/irgumburgumstudio.hu\\\/#organization\",\"name\":\"IrgumburgumStudio\",\"url\":\"https:\\\/\\\/irgumburgumstudio.hu\\\/\",\"logo\":{\"@type\":\"ImageObject\",\"inLanguage\":\"en-US\",\"@id\":\"https:\\\/\\\/irgumburgumstudio.hu\\\/#\\\/schema\\\/logo\\\/image\\\/\",\"url\":\"https:\\\/\\\/irgumburgumstudio.hu\\\/wp-content\\\/uploads\\\/2019\\\/10\\\/cropped-logoszines-min.png\",\"contentUrl\":\"https:\\\/\\\/irgumburgumstudio.hu\\\/wp-content\\\/uploads\\\/2019\\\/10\\\/cropped-logoszines-min.png\",\"width\":512,\"height\":512,\"caption\":\"IrgumburgumStudio\"},\"image\":{\"@id\":\"https:\\\/\\\/irgumburgumstudio.hu\\\/#\\\/schema\\\/logo\\\/image\\\/\"},\"sameAs\":[\"https:\\\/\\\/www.facebook.com\\\/profile.php?id=100040055444498\"]}]}<\/script>\n<!-- \/ Yoast SEO plugin. -->","yoast_head_json":{"title":"CSIPKE CICUS Z\u00d6RG\u0150 RONGYI - IrgumburgumStudio","description":"cs\u00f6rg\u0151 babaj\u00e1t\u00e9k, pr\u00e9mium babaj\u00e1t\u00e9k, k\u00e9zm\u0171ves babaj\u00e1t\u00e9k, baba els\u0151 j\u00e1t\u00e9kai, term\u00e9szetes anyag\u00fa babaj\u00e1t\u00e9k, egyedi babaaj\u00e1nd\u00e9k, baba aj\u00e1n\u00e9dkok, bababar\u00e1t","robots":{"index":"index","follow":"follow","max-snippet":"max-snippet:-1","max-image-preview":"max-image-preview:large","max-video-preview":"max-video-preview:-1"},"canonical":"https:\/\/irgumburgumstudio.hu\/en\/bolt\/zorgo-rongyik\/csipke-cicus-zorgo-rongyi\/","og_locale":"en_US","og_type":"article","og_title":"CSIPKE CICUS Z\u00d6RG\u0150 RONGYI - IrgumburgumStudio","og_description":"cs\u00f6rg\u0151 babaj\u00e1t\u00e9k, pr\u00e9mium babaj\u00e1t\u00e9k, k\u00e9zm\u0171ves babaj\u00e1t\u00e9k, baba els\u0151 j\u00e1t\u00e9kai, term\u00e9szetes anyag\u00fa babaj\u00e1t\u00e9k, egyedi babaaj\u00e1nd\u00e9k, baba aj\u00e1n\u00e9dkok, bababar\u00e1t","og_url":"https:\/\/irgumburgumstudio.hu\/en\/bolt\/zorgo-rongyik\/csipke-cicus-zorgo-rongyi\/","og_site_name":"IrgumburgumStudio","article_publisher":"https:\/\/www.facebook.com\/profile.php?id=100040055444498","article_modified_time":"2025-04-26T18:06:34+00:00","og_image":[{"width":1920,"height":2560,"url":"https:\/\/irgumburgumstudio.hu\/wp-content\/uploads\/2024\/11\/IMG_7190-min-scaled.jpg","type":"image\/jpeg"}],"twitter_card":"summary_large_image","twitter_misc":{"Est. reading time":"1 minute"},"schema":{"@context":"https:\/\/schema.org","@graph":[{"@type":"WebPage","@id":"https:\/\/irgumburgumstudio.hu\/bolt\/zorgo-rongyik\/csipke-cicus-zorgo-rongyi\/","url":"https:\/\/irgumburgumstudio.hu\/bolt\/zorgo-rongyik\/csipke-cicus-zorgo-rongyi\/","name":"CSIPKE CICUS Z\u00d6RG\u0150 RONGYI - IrgumburgumStudio","isPartOf":{"@id":"https:\/\/irgumburgumstudio.hu\/#website"},"primaryImageOfPage":{"@id":"https:\/\/irgumburgumstudio.hu\/bolt\/zorgo-rongyik\/csipke-cicus-zorgo-rongyi\/#primaryimage"},"image":{"@id":"https:\/\/irgumburgumstudio.hu\/bolt\/zorgo-rongyik\/csipke-cicus-zorgo-rongyi\/#primaryimage"},"thumbnailUrl":"https:\/\/irgumburgumstudio.hu\/wp-content\/uploads\/2024\/11\/IMG_7190-min-scaled.jpg","datePublished":"2024-11-22T16:12:16+00:00","dateModified":"2025-04-26T18:06:34+00:00","description":"cs\u00f6rg\u0151 babaj\u00e1t\u00e9k, pr\u00e9mium babaj\u00e1t\u00e9k, k\u00e9zm\u0171ves babaj\u00e1t\u00e9k, baba els\u0151 j\u00e1t\u00e9kai, term\u00e9szetes anyag\u00fa babaj\u00e1t\u00e9k, egyedi babaaj\u00e1nd\u00e9k, baba aj\u00e1n\u00e9dkok, bababar\u00e1t","breadcrumb":{"@id":"https:\/\/irgumburgumstudio.hu\/bolt\/zorgo-rongyik\/csipke-cicus-zorgo-rongyi\/#breadcrumb"},"inLanguage":"en-US","potentialAction":[{"@type":"ReadAction","target":["https:\/\/irgumburgumstudio.hu\/bolt\/zorgo-rongyik\/csipke-cicus-zorgo-rongyi\/"]}]},{"@type":"ImageObject","inLanguage":"en-US","@id":"https:\/\/irgumburgumstudio.hu\/bolt\/zorgo-rongyik\/csipke-cicus-zorgo-rongyi\/#primaryimage","url":"https:\/\/irgumburgumstudio.hu\/wp-content\/uploads\/2024\/11\/IMG_7190-min-scaled.jpg","contentUrl":"https:\/\/irgumburgumstudio.hu\/wp-content\/uploads\/2024\/11\/IMG_7190-min-scaled.jpg","width":1920,"height":2560},{"@type":"BreadcrumbList","@id":"https:\/\/irgumburgumstudio.hu\/bolt\/zorgo-rongyik\/csipke-cicus-zorgo-rongyi\/#breadcrumb","itemListElement":[{"@type":"ListItem","position":1,"name":"Home","item":"https:\/\/irgumburgumstudio.hu\/"},{"@type":"ListItem","position":2,"name":"Bolt","item":"https:\/\/irgumburgumstudio.hu\/bolt\/"},{"@type":"ListItem","position":3,"name":"CSIPKE CICUS Z\u00d6RG\u0150 RONGYI"}]},{"@type":"WebSite","@id":"https:\/\/irgumburgumstudio.hu\/#website","url":"https:\/\/irgumburgumstudio.hu\/","name":"IrgumburgumStudio","description":"IrgumburgumStudio - k\u00e9zzel k\u00e9sz\u00edtett egyedi term\u00e9kek.","publisher":{"@id":"https:\/\/irgumburgumstudio.hu\/#organization"},"potentialAction":[{"@type":"SearchAction","target":{"@type":"EntryPoint","urlTemplate":"https:\/\/irgumburgumstudio.hu\/?s={search_term_string}"},"query-input":{"@type":"PropertyValueSpecification","valueRequired":true,"valueName":"search_term_string"}}],"inLanguage":"en-US"},{"@type":"Organization","@id":"https:\/\/irgumburgumstudio.hu\/#organization","name":"IrgumburgumStudio","url":"https:\/\/irgumburgumstudio.hu\/","logo":{"@type":"ImageObject","inLanguage":"en-US","@id":"https:\/\/irgumburgumstudio.hu\/#\/schema\/logo\/image\/","url":"https:\/\/irgumburgumstudio.hu\/wp-content\/uploads\/2019\/10\/cropped-logoszines-min.png","contentUrl":"https:\/\/irgumburgumstudio.hu\/wp-content\/uploads\/2019\/10\/cropped-logoszines-min.png","width":512,"height":512,"caption":"IrgumburgumStudio"},"image":{"@id":"https:\/\/irgumburgumstudio.hu\/#\/schema\/logo\/image\/"},"sameAs":["https:\/\/www.facebook.com\/profile.php?id=100040055444498"]}]}},"_links":{"self":[{"href":"https:\/\/irgumburgumstudio.hu\/en\/wp-json\/wp\/v2\/product\/7330","targetHints":{"allow":["GET"]}}],"collection":[{"href":"https:\/\/irgumburgumstudio.hu\/en\/wp-json\/wp\/v2\/product"}],"about":[{"href":"https:\/\/irgumburgumstudio.hu\/en\/wp-json\/wp\/v2\/types\/product"}],"replies":[{"embeddable":true,"href":"https:\/\/irgumburgumstudio.hu\/en\/wp-json\/wp\/v2\/comments?post=7330"}],"wp:featuredmedia":[{"embeddable":true,"href":"https:\/\/irgumburgumstudio.hu\/en\/wp-json\/wp\/v2\/media\/7345"}],"wp:attachment":[{"href":"https:\/\/irgumburgumstudio.hu\/en\/wp-json\/wp\/v2\/media?parent=7330"}],"wp:term":[{"taxonomy":"product_brand","embeddable":true,"href":"https:\/\/irgumburgumstudio.hu\/en\/wp-json\/wp\/v2\/product_brand?post=7330"},{"taxonomy":"product_cat","embeddable":true,"href":"https:\/\/irgumburgumstudio.hu\/en\/wp-json\/wp\/v2\/product_cat?post=7330"},{"taxonomy":"product_tag","embeddable":true,"href":"https:\/\/irgumburgumstudio.hu\/en\/wp-json\/wp\/v2\/product_tag?post=7330"}],"curies":[{"name":"wp","href":"https:\/\/api.w.org\/{rel}","templated":true}]}}