{"id":7329,"date":"2024-11-19T12:52:09","date_gmt":"2024-11-19T12:52:09","guid":{"rendered":"https:\/\/irgumburgumstudio.hu\/?post_type=product&#038;p=7329"},"modified":"2025-04-22T20:44:58","modified_gmt":"2025-04-22T20:44:58","slug":"viragkoszorus-kepeslap","status":"publish","type":"product","link":"https:\/\/irgumburgumstudio.hu\/en\/bolt\/fejleszto-jatekok\/kartyajatekaink\/viragkoszorus-kepeslap\/","title":{"rendered":"VIR\u00c1GKOSZOR\u00daS K\u00c9PESLAP"},"content":{"rendered":"","protected":false},"excerpt":{"rendered":"<p><span>Elk\u00e9sz\u00fcltek v\u00e9gre ezek a k\u00e9zzel festett \u00e9s egyben aranyos kar\u00e1csonyi kis k\u00e9peslapok, amiket sz\u00e1nd\u00e9kosan \u00fagy terveztem, hogy haszn\u00e1lat ut\u00e1n, de ak\u00e1r arra a c\u00e9lra is meg tudjatok v\u00e1s\u00e1rolni, hogy beker\u00fclhessenek a k\u00e9pkeretbe a gyerekszob\u00e1ba\/el\u0151szob\u00e1ba, a h\u00e1z b\u00e1rmely pontj\u00e1ra!<\/span><\/p>","protected":false},"featured_media":7285,"comment_status":"open","ping_status":"closed","template":"","meta":[],"product_brand":[],"product_cat":[144],"product_tag":[],"class_list":{"0":"post-7329","1":"product","2":"type-product","3":"status-publish","4":"has-post-thumbnail","6":"product_cat-kartyajatekaink","8":"first","9":"outofstock","10":"sale","11":"taxable","12":"shipping-taxable","13":"purchasable","14":"product-type-simple"},"yoast_head":"<!-- This site is optimized with the Yoast SEO plugin v27.4 - https:\/\/yoast.com\/product\/yoast-seo-wordpress\/ -->\n<title>VIR\u00c1GKOSZOR\u00daS K\u00c9PESLAP - IrgumburgumStudio<\/title>\n<meta name=\"robots\" content=\"index, follow, max-snippet:-1, max-image-preview:large, max-video-preview:-1\" \/>\n<link rel=\"canonical\" href=\"https:\/\/irgumburgumstudio.hu\/en\/bolt\/fejleszto-jatekok\/kartyajatekaink\/viragkoszorus-kepeslap\/\" \/>\n<meta property=\"og:locale\" content=\"en_US\" \/>\n<meta property=\"og:type\" content=\"article\" \/>\n<meta property=\"og:title\" content=\"VIR\u00c1GKOSZOR\u00daS K\u00c9PESLAP - IrgumburgumStudio\" \/>\n<meta property=\"og:description\" content=\"Elk\u00e9sz\u00fcltek v\u00e9gre ezek a k\u00e9zzel festett \u00e9s egyben aranyos kar\u00e1csonyi kis k\u00e9peslapok, amiket sz\u00e1nd\u00e9kosan \u00fagy terveztem, hogy haszn\u00e1lat ut\u00e1n, de ak\u00e1r arra a c\u00e9lra is meg tudjatok v\u00e1s\u00e1rolni, hogy beker\u00fclhessenek a k\u00e9pkeretbe a gyerekszob\u00e1ba\/el\u0151szob\u00e1ba, a h\u00e1z b\u00e1rmely pontj\u00e1ra!\" \/>\n<meta property=\"og:url\" content=\"https:\/\/irgumburgumstudio.hu\/en\/bolt\/fejleszto-jatekok\/kartyajatekaink\/viragkoszorus-kepeslap\/\" \/>\n<meta property=\"og:site_name\" content=\"IrgumburgumStudio\" \/>\n<meta property=\"article:publisher\" content=\"https:\/\/www.facebook.com\/profile.php?id=100040055444498\" \/>\n<meta property=\"article:modified_time\" content=\"2025-04-22T20:44:58+00:00\" \/>\n<meta property=\"og:image\" content=\"https:\/\/irgumburgumstudio.hu\/wp-content\/uploads\/2020\/10\/IMG_0832-min-scaled.jpg\" \/>\n\t<meta property=\"og:image:width\" content=\"1920\" \/>\n\t<meta property=\"og:image:height\" content=\"2560\" \/>\n\t<meta property=\"og:image:type\" content=\"image\/jpeg\" \/>\n<meta name=\"twitter:card\" content=\"summary_large_image\" \/>\n<meta name=\"twitter:label1\" content=\"Est. reading time\" \/>\n\t<meta name=\"twitter:data1\" content=\"1 minute\" \/>\n<script type=\"application\/ld+json\" class=\"yoast-schema-graph\">{\"@context\":\"https:\\\/\\\/schema.org\",\"@graph\":[{\"@type\":\"WebPage\",\"@id\":\"https:\\\/\\\/irgumburgumstudio.hu\\\/bolt\\\/fejleszto-jatekok\\\/kartyajatekaink\\\/viragkoszorus-kepeslap\\\/\",\"url\":\"https:\\\/\\\/irgumburgumstudio.hu\\\/bolt\\\/fejleszto-jatekok\\\/kartyajatekaink\\\/viragkoszorus-kepeslap\\\/\",\"name\":\"VIR\u00c1GKOSZOR\u00daS K\u00c9PESLAP - IrgumburgumStudio\",\"isPartOf\":{\"@id\":\"https:\\\/\\\/irgumburgumstudio.hu\\\/#website\"},\"primaryImageOfPage\":{\"@id\":\"https:\\\/\\\/irgumburgumstudio.hu\\\/bolt\\\/fejleszto-jatekok\\\/kartyajatekaink\\\/viragkoszorus-kepeslap\\\/#primaryimage\"},\"image\":{\"@id\":\"https:\\\/\\\/irgumburgumstudio.hu\\\/bolt\\\/fejleszto-jatekok\\\/kartyajatekaink\\\/viragkoszorus-kepeslap\\\/#primaryimage\"},\"thumbnailUrl\":\"https:\\\/\\\/irgumburgumstudio.hu\\\/wp-content\\\/uploads\\\/2020\\\/10\\\/IMG_0832-min-scaled.jpg\",\"datePublished\":\"2024-11-19T12:52:09+00:00\",\"dateModified\":\"2025-04-22T20:44:58+00:00\",\"breadcrumb\":{\"@id\":\"https:\\\/\\\/irgumburgumstudio.hu\\\/bolt\\\/fejleszto-jatekok\\\/kartyajatekaink\\\/viragkoszorus-kepeslap\\\/#breadcrumb\"},\"inLanguage\":\"en-US\",\"potentialAction\":[{\"@type\":\"ReadAction\",\"target\":[\"https:\\\/\\\/irgumburgumstudio.hu\\\/bolt\\\/fejleszto-jatekok\\\/kartyajatekaink\\\/viragkoszorus-kepeslap\\\/\"]}]},{\"@type\":\"ImageObject\",\"inLanguage\":\"en-US\",\"@id\":\"https:\\\/\\\/irgumburgumstudio.hu\\\/bolt\\\/fejleszto-jatekok\\\/kartyajatekaink\\\/viragkoszorus-kepeslap\\\/#primaryimage\",\"url\":\"https:\\\/\\\/irgumburgumstudio.hu\\\/wp-content\\\/uploads\\\/2020\\\/10\\\/IMG_0832-min-scaled.jpg\",\"contentUrl\":\"https:\\\/\\\/irgumburgumstudio.hu\\\/wp-content\\\/uploads\\\/2020\\\/10\\\/IMG_0832-min-scaled.jpg\",\"width\":1920,\"height\":2560},{\"@type\":\"BreadcrumbList\",\"@id\":\"https:\\\/\\\/irgumburgumstudio.hu\\\/bolt\\\/fejleszto-jatekok\\\/kartyajatekaink\\\/viragkoszorus-kepeslap\\\/#breadcrumb\",\"itemListElement\":[{\"@type\":\"ListItem\",\"position\":1,\"name\":\"Home\",\"item\":\"https:\\\/\\\/irgumburgumstudio.hu\\\/\"},{\"@type\":\"ListItem\",\"position\":2,\"name\":\"Bolt\",\"item\":\"https:\\\/\\\/irgumburgumstudio.hu\\\/bolt\\\/\"},{\"@type\":\"ListItem\",\"position\":3,\"name\":\"VIR\u00c1GKOSZOR\u00daS K\u00c9PESLAP\"}]},{\"@type\":\"WebSite\",\"@id\":\"https:\\\/\\\/irgumburgumstudio.hu\\\/#website\",\"url\":\"https:\\\/\\\/irgumburgumstudio.hu\\\/\",\"name\":\"IrgumburgumStudio\",\"description\":\"IrgumburgumStudio - k\u00e9zzel k\u00e9sz\u00edtett egyedi term\u00e9kek.\",\"publisher\":{\"@id\":\"https:\\\/\\\/irgumburgumstudio.hu\\\/#organization\"},\"potentialAction\":[{\"@type\":\"SearchAction\",\"target\":{\"@type\":\"EntryPoint\",\"urlTemplate\":\"https:\\\/\\\/irgumburgumstudio.hu\\\/?s={search_term_string}\"},\"query-input\":{\"@type\":\"PropertyValueSpecification\",\"valueRequired\":true,\"valueName\":\"search_term_string\"}}],\"inLanguage\":\"en-US\"},{\"@type\":\"Organization\",\"@id\":\"https:\\\/\\\/irgumburgumstudio.hu\\\/#organization\",\"name\":\"IrgumburgumStudio\",\"url\":\"https:\\\/\\\/irgumburgumstudio.hu\\\/\",\"logo\":{\"@type\":\"ImageObject\",\"inLanguage\":\"en-US\",\"@id\":\"https:\\\/\\\/irgumburgumstudio.hu\\\/#\\\/schema\\\/logo\\\/image\\\/\",\"url\":\"https:\\\/\\\/irgumburgumstudio.hu\\\/wp-content\\\/uploads\\\/2019\\\/10\\\/cropped-logoszines-min.png\",\"contentUrl\":\"https:\\\/\\\/irgumburgumstudio.hu\\\/wp-content\\\/uploads\\\/2019\\\/10\\\/cropped-logoszines-min.png\",\"width\":512,\"height\":512,\"caption\":\"IrgumburgumStudio\"},\"image\":{\"@id\":\"https:\\\/\\\/irgumburgumstudio.hu\\\/#\\\/schema\\\/logo\\\/image\\\/\"},\"sameAs\":[\"https:\\\/\\\/www.facebook.com\\\/profile.php?id=100040055444498\"]}]}<\/script>\n<!-- \/ Yoast SEO plugin. -->","yoast_head_json":{"title":"VIR\u00c1GKOSZOR\u00daS K\u00c9PESLAP - IrgumburgumStudio","robots":{"index":"index","follow":"follow","max-snippet":"max-snippet:-1","max-image-preview":"max-image-preview:large","max-video-preview":"max-video-preview:-1"},"canonical":"https:\/\/irgumburgumstudio.hu\/en\/bolt\/fejleszto-jatekok\/kartyajatekaink\/viragkoszorus-kepeslap\/","og_locale":"en_US","og_type":"article","og_title":"VIR\u00c1GKOSZOR\u00daS K\u00c9PESLAP - IrgumburgumStudio","og_description":"Elk\u00e9sz\u00fcltek v\u00e9gre ezek a k\u00e9zzel festett \u00e9s egyben aranyos kar\u00e1csonyi kis k\u00e9peslapok, amiket sz\u00e1nd\u00e9kosan \u00fagy terveztem, hogy haszn\u00e1lat ut\u00e1n, de ak\u00e1r arra a c\u00e9lra is meg tudjatok v\u00e1s\u00e1rolni, hogy beker\u00fclhessenek a k\u00e9pkeretbe a gyerekszob\u00e1ba\/el\u0151szob\u00e1ba, a h\u00e1z b\u00e1rmely pontj\u00e1ra!","og_url":"https:\/\/irgumburgumstudio.hu\/en\/bolt\/fejleszto-jatekok\/kartyajatekaink\/viragkoszorus-kepeslap\/","og_site_name":"IrgumburgumStudio","article_publisher":"https:\/\/www.facebook.com\/profile.php?id=100040055444498","article_modified_time":"2025-04-22T20:44:58+00:00","og_image":[{"width":1920,"height":2560,"url":"https:\/\/irgumburgumstudio.hu\/wp-content\/uploads\/2020\/10\/IMG_0832-min-scaled.jpg","type":"image\/jpeg"}],"twitter_card":"summary_large_image","twitter_misc":{"Est. reading time":"1 minute"},"schema":{"@context":"https:\/\/schema.org","@graph":[{"@type":"WebPage","@id":"https:\/\/irgumburgumstudio.hu\/bolt\/fejleszto-jatekok\/kartyajatekaink\/viragkoszorus-kepeslap\/","url":"https:\/\/irgumburgumstudio.hu\/bolt\/fejleszto-jatekok\/kartyajatekaink\/viragkoszorus-kepeslap\/","name":"VIR\u00c1GKOSZOR\u00daS K\u00c9PESLAP - IrgumburgumStudio","isPartOf":{"@id":"https:\/\/irgumburgumstudio.hu\/#website"},"primaryImageOfPage":{"@id":"https:\/\/irgumburgumstudio.hu\/bolt\/fejleszto-jatekok\/kartyajatekaink\/viragkoszorus-kepeslap\/#primaryimage"},"image":{"@id":"https:\/\/irgumburgumstudio.hu\/bolt\/fejleszto-jatekok\/kartyajatekaink\/viragkoszorus-kepeslap\/#primaryimage"},"thumbnailUrl":"https:\/\/irgumburgumstudio.hu\/wp-content\/uploads\/2020\/10\/IMG_0832-min-scaled.jpg","datePublished":"2024-11-19T12:52:09+00:00","dateModified":"2025-04-22T20:44:58+00:00","breadcrumb":{"@id":"https:\/\/irgumburgumstudio.hu\/bolt\/fejleszto-jatekok\/kartyajatekaink\/viragkoszorus-kepeslap\/#breadcrumb"},"inLanguage":"en-US","potentialAction":[{"@type":"ReadAction","target":["https:\/\/irgumburgumstudio.hu\/bolt\/fejleszto-jatekok\/kartyajatekaink\/viragkoszorus-kepeslap\/"]}]},{"@type":"ImageObject","inLanguage":"en-US","@id":"https:\/\/irgumburgumstudio.hu\/bolt\/fejleszto-jatekok\/kartyajatekaink\/viragkoszorus-kepeslap\/#primaryimage","url":"https:\/\/irgumburgumstudio.hu\/wp-content\/uploads\/2020\/10\/IMG_0832-min-scaled.jpg","contentUrl":"https:\/\/irgumburgumstudio.hu\/wp-content\/uploads\/2020\/10\/IMG_0832-min-scaled.jpg","width":1920,"height":2560},{"@type":"BreadcrumbList","@id":"https:\/\/irgumburgumstudio.hu\/bolt\/fejleszto-jatekok\/kartyajatekaink\/viragkoszorus-kepeslap\/#breadcrumb","itemListElement":[{"@type":"ListItem","position":1,"name":"Home","item":"https:\/\/irgumburgumstudio.hu\/"},{"@type":"ListItem","position":2,"name":"Bolt","item":"https:\/\/irgumburgumstudio.hu\/bolt\/"},{"@type":"ListItem","position":3,"name":"VIR\u00c1GKOSZOR\u00daS K\u00c9PESLAP"}]},{"@type":"WebSite","@id":"https:\/\/irgumburgumstudio.hu\/#website","url":"https:\/\/irgumburgumstudio.hu\/","name":"IrgumburgumStudio","description":"IrgumburgumStudio - k\u00e9zzel k\u00e9sz\u00edtett egyedi term\u00e9kek.","publisher":{"@id":"https:\/\/irgumburgumstudio.hu\/#organization"},"potentialAction":[{"@type":"SearchAction","target":{"@type":"EntryPoint","urlTemplate":"https:\/\/irgumburgumstudio.hu\/?s={search_term_string}"},"query-input":{"@type":"PropertyValueSpecification","valueRequired":true,"valueName":"search_term_string"}}],"inLanguage":"en-US"},{"@type":"Organization","@id":"https:\/\/irgumburgumstudio.hu\/#organization","name":"IrgumburgumStudio","url":"https:\/\/irgumburgumstudio.hu\/","logo":{"@type":"ImageObject","inLanguage":"en-US","@id":"https:\/\/irgumburgumstudio.hu\/#\/schema\/logo\/image\/","url":"https:\/\/irgumburgumstudio.hu\/wp-content\/uploads\/2019\/10\/cropped-logoszines-min.png","contentUrl":"https:\/\/irgumburgumstudio.hu\/wp-content\/uploads\/2019\/10\/cropped-logoszines-min.png","width":512,"height":512,"caption":"IrgumburgumStudio"},"image":{"@id":"https:\/\/irgumburgumstudio.hu\/#\/schema\/logo\/image\/"},"sameAs":["https:\/\/www.facebook.com\/profile.php?id=100040055444498"]}]}},"_links":{"self":[{"href":"https:\/\/irgumburgumstudio.hu\/en\/wp-json\/wp\/v2\/product\/7329","targetHints":{"allow":["GET"]}}],"collection":[{"href":"https:\/\/irgumburgumstudio.hu\/en\/wp-json\/wp\/v2\/product"}],"about":[{"href":"https:\/\/irgumburgumstudio.hu\/en\/wp-json\/wp\/v2\/types\/product"}],"replies":[{"embeddable":true,"href":"https:\/\/irgumburgumstudio.hu\/en\/wp-json\/wp\/v2\/comments?post=7329"}],"wp:featuredmedia":[{"embeddable":true,"href":"https:\/\/irgumburgumstudio.hu\/en\/wp-json\/wp\/v2\/media\/7285"}],"wp:attachment":[{"href":"https:\/\/irgumburgumstudio.hu\/en\/wp-json\/wp\/v2\/media?parent=7329"}],"wp:term":[{"taxonomy":"product_brand","embeddable":true,"href":"https:\/\/irgumburgumstudio.hu\/en\/wp-json\/wp\/v2\/product_brand?post=7329"},{"taxonomy":"product_cat","embeddable":true,"href":"https:\/\/irgumburgumstudio.hu\/en\/wp-json\/wp\/v2\/product_cat?post=7329"},{"taxonomy":"product_tag","embeddable":true,"href":"https:\/\/irgumburgumstudio.hu\/en\/wp-json\/wp\/v2\/product_tag?post=7329"}],"curies":[{"name":"wp","href":"https:\/\/api.w.org\/{rel}","templated":true}]}}