{"id":6895,"date":"2023-11-09T14:30:39","date_gmt":"2023-11-09T14:30:39","guid":{"rendered":"https:\/\/irgumburgumstudio.hu\/?post_type=product&#038;p=6895"},"modified":"2025-05-08T18:40:26","modified_gmt":"2025-05-08T18:40:26","slug":"babavaro-csomag","status":"publish","type":"product","link":"https:\/\/irgumburgumstudio.hu\/en\/bolt\/babavaro-csomagok\/babavaro-csomag\/","title":{"rendered":"Babav\u00e1r\u00f3 csomag"},"content":{"rendered":"<p>Kontrasztk\u00e1rtya 5490.- helyett 5150.-<br \/>\nR\u00e1g\u00f3maki 6990.- helyett 5480.-<\/p>\n<p><strong>FELH\u00cdVJUK A FIGYELMETEKET ARRA, HOGY EZT A CSOMAGOT 1590 FT-\u00e9rt csak automat\u00e1ba tudjuk k\u00fcldeni, sajnos ez nem a rakt\u00e1rb\u00f3l megy, \u00edgy nem tudjuk a h\u00e1zhozsz\u00e1ll\u00edt\u00f3s kedvez\u0151 \u00e1rat biztos\u00edtani.<\/strong><br \/>\n<strong>Rendel\u00e9s sor\u00e1n k\u00e9rlek a h\u00e1zhozsz\u00e1ll\u00edt\u00e1st v\u00e1laszd ki, \u00e9s megjegyz\u00e9sbe t\u00fcntesd fel az \u00e1ltalad kiv\u00e1lasztott FOXPOST automat\u00e1t!<\/strong><\/p>\n<p>&nbsp;<\/p>\n<p>\u00c9l\u00e9nk z\u00f6ld makival:<br \/>\nhttps:\/\/imaginebaby.hu\/ragomaki-elenkzold-ragoka-fogzasra<\/p>","protected":false},"excerpt":{"rendered":"<p>Leg\u00fajabb babacsomagunk ez\u00faton az<em><a href=\"https:\/\/imaginebaby.hu\/ragomaki-mentazold-ragoka-fogzasra\"> imaginebaby.hu<\/a>&#8211;<\/em>val k\u00f6z\u00f6sen meg\u00e1lmodott <strong>maki+k\u00e1rtya<\/strong> csomag lett.<\/p>\n<p>A csomag tartalma:<\/p>\n<h4 class=\"product-page-heading\"><span class=\"product-page-product-name\">R\u00c1G\u00d3MAKI &#8211; MENTAZ\u00d6LD &#8211; R\u00c1G\u00d3KA FOGZ\u00c1SRA<\/span><\/h4>\n<ul>\n<li>A Matchstick Monkey R\u00e1g\u00f3maki egyedi form\u00e1j\u00e1val \u00e9s k\u00fcl\u00f6nleges sz\u00edneivel azonnal a pici kedvence lesz<\/li>\n<li>Mialatt biztons\u00e1gosan csillap\u00edtja a sajg\u00f3 f\u00e1jdalmat, fejleszti a bab\u00e1d motorikus k\u00e9pess\u00e9geit is<\/li>\n<li>A R\u00e1g\u00f3maki fej\u00e9n a dudorok puh\u00e1k \u00e9s k\u00edm\u00e9letesek a bab\u00e1d \u00edny\u00e9hez<\/li>\n<li>K\u00f6zvetlen\u00fcl a f\u00e1jdalom forr\u00e1s\u00e1hoz eljutva seg\u00edt megnyugtatni a sajg\u00f3 \u00ednyt<\/li>\n<li>Higi\u00e9nikus m\u00f3dja a fogz\u00e1si f\u00e1jdalmat csillap\u00edt\u00f3 k\u00e9sz\u00edtm\u00e9nyek, g\u00e9lek haszn\u00e1lat\u00e1nak<\/li>\n<li>Nyugodtan beteheted a mosogat\u00f3g\u00e9pbe vagy steriliz\u00e1l\u00f3 k\u00e9sz\u00fcl\u00e9kkel is fert\u0151tlen\u00edtheted<\/li>\n<li>Mik\u00f6zben a bab\u00e1d az \u00edny\u00e9t massz\u00edrozza, a R\u00e1g\u00f3maki seg\u00edt felk\u00e9sz\u00fclni a fogkefe haszn\u00e1lat\u00e1ra is<\/li>\n<li>A R\u00e1g\u00f3maki BPA mentes anyagokb\u00f3l k\u00e9sz\u00fclt, illetve FDA \u00e9s CE tan\u00fas\u00edtv\u00e1nnyal rendelkezik<\/li>\n<li>3 h\u00f3napos kort\u00f3l aj\u00e1nlott eg\u00e9szen 3 \u00e9ves korig!<\/li>\n<li>A R\u00e1g\u00f3maki 10,5 cm magas<\/li>\n<\/ul>\n<p>Vidd fel a fogz\u00e1si f\u00e1jdalmat csillap\u00edt\u00f3 g\u00e9lt vagy granul\u00e1tumot a R\u00e1g\u00f3maki fej\u00e9re \u00e9s seg\u00edts a bab\u00e1dnak bemassz\u00edrozni oda, ahol \u00e9ppen f\u00e1j.<\/p>\n<p>Biztosak vagyunk benne, hogy a Matchstick Monkey R\u00e1g\u00f3maki gyorsan a legjobb bar\u00e1tja lesz a bab\u00e1dnak \u00e9s egy kis j\u00e1t\u00e9kkal \u00e9szrev\u00e9tlen\u00fcl siker\u00fcl megk\u00f6nny\u00edtenie a fogacsk\u00e1k el\u0151b\u00faj\u00e1s\u00e1t. Mindezt saj\u00e1t tapasztalatb\u00f3l mondjuk!<\/p>\n<h4 class=\"product-page-heading\"><span class=\"product-page-product-name\">IRGUMBURGUMSTUIDO &#8211; KONTRASZTK\u00c1RTYA CSOMAG<br \/>\n<\/span><\/h4>\n<ul>\n<li>15 db k\u00e1rtya<\/li>\n<li>30 k\u00fcl\u00f6nb\u00f6z\u0151 grafika<br \/>\n<strong>Fekete-feh\u00e9r kontrasztos babak\u00e1rty\u00e1k:<\/strong><\/p>\n<div class=\"__fb-light-mode x1n2onr6\" role=\"row\">\n<div class=\"\">\n<div class=\"x78zum5 xdt5ytf x1n2onr6\" tabindex=\"0\" role=\"gridcell\" data-release-focus-from=\"CLICK\" data-scope=\"messages_table\">\n<div>\n<div class=\"x78zum5\" role=\"none\">\n<div class=\"x78zum5 x1iyjqo2 xs83m0k xeuugli x15zctf7\" role=\"none\">\n<div class=\"x1h91t0o xkh2ocl x78zum5 xdt5ytf x13a6bvl x1r145dm\" role=\"none\">\n<div class=\"x78zum5 xh8yej3\" role=\"none\">\n<div class=\"x78zum5 xdt5ytf x193iq5w x1n2onr6 xuk3077\">\n<div class=\"x78zum5 xh8yej3\" role=\"none\">\n<div class=\"x1tlxs6b x1g8br2z x1gn5b1j x230xth x14ctfv x1okitfd x6ikm8r x10wlt62 x1mzt3pk x1y1aw1k xn6708d xwib8y2 x1ye3gou x1n2onr6 x13faqbe x1vjfegm\" role=\"none\">\n<div class=\"x9f619 x1n2onr6 x1ja2u2z __fb-light-mode\" role=\"none\">\n<div class=\"x6prxxf x1fc57z9 x1yc453h x126k92a x14ctfv\" dir=\"auto\" role=\"none\">\n<p>A fekete-feh\u00e9r babak\u00e1rty\u00e1k c\u00e9lja, hogy seg\u00edts\u00e9k a kisgyermekek vizu\u00e1lis \u00e9s \u00e9rz\u00e9kel\u00e9si fejl\u0151d\u00e9s\u00e9t, valamint az agyuk idegrendszer\u00e9nek fejl\u0151d\u00e9s\u00e9t. A nagy kontraszt\u00fa sz\u00ednek \u00e9s a mint\u00e1k seg\u00edtenek az agy fejl\u0151d\u00e9s\u00e9ben, \u00e9s seg\u00edtik az idegrendszert a k\u00fcl\u00f6nb\u00f6z\u0151 form\u00e1k \u00e9s sz\u00ednek megk\u00fcl\u00f6nb\u00f6ztet\u00e9s\u00e9ben. A fekete-feh\u00e9r babak\u00e1rty\u00e1k gyakran haszn\u00e1latosak korasz\u00fcl\u00f6tt bab\u00e1kn\u00e1l is, akiknek sz\u00fcks\u00e9g\u00fck van a vizu\u00e1lis stimul\u00e1ci\u00f3ra \u00e9s a fejl\u0151d\u00e9s\u00fck t\u00e1mogat\u00e1s\u00e1ra.<\/p>\n<p>Ez a k\u00e1rtyacsomag nagyszer\u0171 aj\u00e1nd\u00e9k lehet az \u00fajdons\u00fclt sz\u00fcl\u0151knek, bar\u00e1taink kisbab\u00e1inak, akik szeretn\u00e9k\u00a0\u00a0<em>t\u00e1mogatni a baba fejl\u0151d\u00e9s\u00e9t.<\/em><\/p>\n<\/div>\n<\/div>\n<\/div>\n<\/div>\n<\/div>\n<\/div>\n<div class=\"x1h91t0o xkh2ocl x78zum5 xdt5ytf x13a6bvl x193iq5w x1c4vz4f xcrg951\" role=\"none\"><strong><br \/>\n\u00cdgy haszn\u00e1ld:<\/strong><\/div>\n<\/div>\n<\/div>\n<\/div>\n<\/div>\n<\/div>\n<\/div>\n<\/div>\n<p>A kis\u00e1gyba-falhoz t\u00e1masztva, vagy ak\u00e1r egy asztali telefontart\u00f3ba tegy\u00fck le a bab\u00e1nk el\u00e9 a k\u00e9pet, figyelj\u00fck meg melyik k\u00f6ti le legink\u00e1bb a figyelm\u00e9t, cser\u00e9lj\u00fck neki a k\u00e1rty\u00e1kat. Pelenk\u00e1z\u00f3 helys\u00e9gbe is aj\u00e1nlom kitenni \u0151ket, \u00edgy sok esetben megk\u00f6nny\u00edtheti a pelenk\u00e1z\u00e1st.\u00a0<img decoding=\"async\" class=\"emoji\" role=\"img\" draggable=\"false\" src=\"https:\/\/s.w.org\/images\/core\/emoji\/14.0.0\/svg\/1f600.svg\" alt=\"&#x1f600;\" \/><br \/>\nEleinte azt javaslom hogy a k\u00e1rty\u00e1k azon oldalait mutogass\u00e1tok nekik, amelyekre egyszer\u0171bb mint\u00e1zatokat rajzoltam.<br \/>\n<em>Szerintem az\u00e9rt szuper hogy ilyen sokf\u00e9le k\u00e1rtya van, illetve hogy alapb\u00f3l k\u00fcl\u00f6n\u00e1ll\u00f3 k\u00e1rty\u00e1kr\u00f3l besz\u00e9l\u00fcnk, mert ak\u00e1r el lehet vinni 1-2 db-ot a nagyikhoz, aut\u00f3ba.. meg oda ahova s\u0171r\u0171n j\u00e1rtok.<img decoding=\"async\" class=\"emoji\" role=\"img\" draggable=\"false\" src=\"https:\/\/s.w.org\/images\/core\/emoji\/14.0.0\/svg\/1f642.svg\" alt=\"&#x1f642;\" \/><br \/>\n<\/em>Ha van csiptet\u0151s j\u00e1t\u00e9kotok amit a babakocsira r\u00e1 tudtok akasztani, akkor az p\u00e9ld\u00e1ul egy szuper megold\u00e1s hogy a csipesz r\u00e9szre r\u00e1tesztek egy db k\u00e1rty\u00e1t.<br \/>\n<strong>Leg\u00e9lesebben akkor l\u00e1tnak, ha a n\u00e9zend\u0151 dolog 20-25 cm-re van t\u0151l\u00fck.<\/strong><\/p>\n<p>&nbsp;<\/li>\n<\/ul>","protected":false},"featured_media":6906,"comment_status":"open","ping_status":"closed","template":"","meta":[],"product_brand":[],"product_cat":[164],"product_tag":[],"class_list":{"0":"post-6895","1":"product","2":"type-product","3":"status-publish","4":"has-post-thumbnail","6":"product_cat-babavaro-csomagok","7":"product_shipping_class-imaginebabyirgumburgum","9":"first","10":"outofstock","11":"sale","12":"taxable","13":"shipping-taxable","14":"purchasable","15":"product-type-variable"},"yoast_head":"<!-- This site is optimized with the Yoast SEO plugin v27.6 - https:\/\/yoast.com\/product\/yoast-seo-wordpress\/ -->\n<title>Babav\u00e1r\u00f3 csomag - IrgumburgumStudio<\/title>\n<meta name=\"robots\" content=\"index, follow, max-snippet:-1, max-image-preview:large, max-video-preview:-1\" \/>\n<link rel=\"canonical\" href=\"https:\/\/irgumburgumstudio.hu\/en\/bolt\/babavaro-csomagok\/babavaro-csomag\/\" \/>\n<meta property=\"og:locale\" content=\"en_US\" \/>\n<meta property=\"og:type\" content=\"article\" \/>\n<meta property=\"og:title\" content=\"Babav\u00e1r\u00f3 csomag - IrgumburgumStudio\" \/>\n<meta property=\"og:description\" content=\"Leg\u00fajabb babacsomagunk ez\u00faton az imaginebaby.hu-val k\u00f6z\u00f6sen meg\u00e1lmodott maki+k\u00e1rtya csomag lett.  A csomag tartalma: R\u00c1G\u00d3MAKI - MENTAZ\u00d6LD - R\u00c1G\u00d3KA FOGZ\u00c1SRA   A Matchstick Monkey R\u00e1g\u00f3maki egyedi form\u00e1j\u00e1val \u00e9s k\u00fcl\u00f6nleges sz\u00edneivel azonnal a pici kedvence lesz  Mialatt biztons\u00e1gosan csillap\u00edtja a sajg\u00f3 f\u00e1jdalmat, fejleszti a bab\u00e1d motorikus k\u00e9pess\u00e9geit is  A R\u00e1g\u00f3maki fej\u00e9n a dudorok puh\u00e1k \u00e9s k\u00edm\u00e9letesek a bab\u00e1d \u00edny\u00e9hez  K\u00f6zvetlen\u00fcl a f\u00e1jdalom forr\u00e1s\u00e1hoz eljutva seg\u00edt megnyugtatni a sajg\u00f3 \u00ednyt  Higi\u00e9nikus m\u00f3dja a fogz\u00e1si f\u00e1jdalmat csillap\u00edt\u00f3 k\u00e9sz\u00edtm\u00e9nyek, g\u00e9lek haszn\u00e1lat\u00e1nak  Nyugodtan beteheted a mosogat\u00f3g\u00e9pbe vagy steriliz\u00e1l\u00f3 k\u00e9sz\u00fcl\u00e9kkel is fert\u0151tlen\u00edtheted  Mik\u00f6zben a bab\u00e1d az \u00edny\u00e9t massz\u00edrozza, a R\u00e1g\u00f3maki seg\u00edt felk\u00e9sz\u00fclni a fogkefe haszn\u00e1lat\u00e1ra is  A R\u00e1g\u00f3maki BPA mentes anyagokb\u00f3l k\u00e9sz\u00fclt, illetve FDA \u00e9s CE tan\u00fas\u00edtv\u00e1nnyal rendelkezik  3 h\u00f3napos kort\u00f3l aj\u00e1nlott eg\u00e9szen 3 \u00e9ves korig!  A R\u00e1g\u00f3maki 10,5 cm magas  Vidd fel a fogz\u00e1si f\u00e1jdalmat csillap\u00edt\u00f3 g\u00e9lt vagy granul\u00e1tumot a R\u00e1g\u00f3maki fej\u00e9re \u00e9s seg\u00edts a bab\u00e1dnak bemassz\u00edrozni oda, ahol \u00e9ppen f\u00e1j.  Biztosak vagyunk benne, hogy a Matchstick Monkey R\u00e1g\u00f3maki gyorsan a legjobb bar\u00e1tja lesz a bab\u00e1dnak \u00e9s egy kis j\u00e1t\u00e9kkal \u00e9szrev\u00e9tlen\u00fcl siker\u00fcl megk\u00f6nny\u00edtenie a fogacsk\u00e1k el\u0151b\u00faj\u00e1s\u00e1t. Mindezt saj\u00e1t tapasztalatb\u00f3l mondjuk! IRGUMBURGUMSTUIDO - KONTRASZTK\u00c1RTYA CSOMAG    15 db k\u00e1rtya  30 k\u00fcl\u00f6nb\u00f6z\u0151 grafika Fekete-feh\u00e9r kontrasztos babak\u00e1rty\u00e1k:               A fekete-feh\u00e9r babak\u00e1rty\u00e1k c\u00e9lja, hogy seg\u00edts\u00e9k a kisgyermekek vizu\u00e1lis \u00e9s \u00e9rz\u00e9kel\u00e9si fejl\u0151d\u00e9s\u00e9t, valamint az agyuk idegrendszer\u00e9nek fejl\u0151d\u00e9s\u00e9t. A nagy kontraszt\u00fa sz\u00ednek \u00e9s a mint\u00e1k seg\u00edtenek az agy fejl\u0151d\u00e9s\u00e9ben, \u00e9s seg\u00edtik az idegrendszert a k\u00fcl\u00f6nb\u00f6z\u0151 form\u00e1k \u00e9s sz\u00ednek megk\u00fcl\u00f6nb\u00f6ztet\u00e9s\u00e9ben. A fekete-feh\u00e9r babak\u00e1rty\u00e1k gyakran haszn\u00e1latosak korasz\u00fcl\u00f6tt bab\u00e1kn\u00e1l is, akiknek sz\u00fcks\u00e9g\u00fck van a vizu\u00e1lis stimul\u00e1ci\u00f3ra \u00e9s a fejl\u0151d\u00e9s\u00fck t\u00e1mogat\u00e1s\u00e1ra.  Ez a k\u00e1rtyacsomag nagyszer\u0171 aj\u00e1nd\u00e9k lehet az \u00fajdons\u00fclt sz\u00fcl\u0151knek, bar\u00e1taink kisbab\u00e1inak, akik szeretn\u00e9k\u00a0\u00a0t\u00e1mogatni a baba fejl\u0151d\u00e9s\u00e9t.         \u00cdgy haszn\u00e1ld:        A kis\u00e1gyba-falhoz t\u00e1masztva, vagy ak\u00e1r egy asztali telefontart\u00f3ba tegy\u00fck le a bab\u00e1nk el\u00e9 a k\u00e9pet, figyelj\u00fck meg melyik k\u00f6ti le legink\u00e1bb a figyelm\u00e9t, cser\u00e9lj\u00fck neki a k\u00e1rty\u00e1kat. Pelenk\u00e1z\u00f3 helys\u00e9gbe is aj\u00e1nlom kitenni \u0151ket, \u00edgy sok esetben megk\u00f6nny\u00edtheti a pelenk\u00e1z\u00e1st.\u00a0 Eleinte azt javaslom hogy a k\u00e1rty\u00e1k azon oldalait mutogass\u00e1tok nekik, amelyekre egyszer\u0171bb mint\u00e1zatokat rajzoltam. Szerintem az\u00e9rt szuper hogy ilyen sokf\u00e9le k\u00e1rtya van, illetve hogy alapb\u00f3l k\u00fcl\u00f6n\u00e1ll\u00f3 k\u00e1rty\u00e1kr\u00f3l besz\u00e9l\u00fcnk, mert ak\u00e1r el lehet vinni 1-2 db-ot a nagyikhoz, aut\u00f3ba.. meg oda ahova s\u0171r\u0171n j\u00e1rtok. Ha van csiptet\u0151s j\u00e1t\u00e9kotok amit a babakocsira r\u00e1 tudtok akasztani, akkor az p\u00e9ld\u00e1ul egy szuper megold\u00e1s hogy a csipesz r\u00e9szre r\u00e1tesztek egy db k\u00e1rty\u00e1t. Leg\u00e9lesebben akkor l\u00e1tnak, ha a n\u00e9zend\u0151 dolog 20-25 cm-re van t\u0151l\u00fck.  &nbsp;\" \/>\n<meta property=\"og:url\" content=\"https:\/\/irgumburgumstudio.hu\/en\/bolt\/babavaro-csomagok\/babavaro-csomag\/\" \/>\n<meta property=\"og:site_name\" content=\"IrgumburgumStudio\" \/>\n<meta property=\"article:publisher\" content=\"https:\/\/www.facebook.com\/profile.php?id=100040055444498\" \/>\n<meta property=\"article:modified_time\" content=\"2025-05-08T18:40:26+00:00\" \/>\n<meta property=\"og:image\" content=\"https:\/\/irgumburgumstudio.hu\/wp-content\/uploads\/2023\/11\/IMG_4945-min-scaled.jpg\" \/>\n\t<meta property=\"og:image:width\" content=\"1920\" \/>\n\t<meta property=\"og:image:height\" content=\"2560\" \/>\n\t<meta property=\"og:image:type\" content=\"image\/jpeg\" \/>\n<meta name=\"twitter:card\" content=\"summary_large_image\" \/>\n<meta name=\"twitter:label1\" content=\"Est. reading time\" \/>\n\t<meta name=\"twitter:data1\" content=\"1 minute\" \/>\n<script type=\"application\/ld+json\" class=\"yoast-schema-graph\">{\"@context\":\"https:\\\/\\\/schema.org\",\"@graph\":[{\"@type\":\"WebPage\",\"@id\":\"https:\\\/\\\/irgumburgumstudio.hu\\\/bolt\\\/babavaro-csomagok\\\/babavaro-csomag\\\/\",\"url\":\"https:\\\/\\\/irgumburgumstudio.hu\\\/bolt\\\/babavaro-csomagok\\\/babavaro-csomag\\\/\",\"name\":\"Babav\u00e1r\u00f3 csomag - IrgumburgumStudio\",\"isPartOf\":{\"@id\":\"https:\\\/\\\/irgumburgumstudio.hu\\\/#website\"},\"primaryImageOfPage\":{\"@id\":\"https:\\\/\\\/irgumburgumstudio.hu\\\/bolt\\\/babavaro-csomagok\\\/babavaro-csomag\\\/#primaryimage\"},\"image\":{\"@id\":\"https:\\\/\\\/irgumburgumstudio.hu\\\/bolt\\\/babavaro-csomagok\\\/babavaro-csomag\\\/#primaryimage\"},\"thumbnailUrl\":\"https:\\\/\\\/irgumburgumstudio.hu\\\/wp-content\\\/uploads\\\/2023\\\/11\\\/IMG_4945-min-scaled.jpg\",\"datePublished\":\"2023-11-09T14:30:39+00:00\",\"dateModified\":\"2025-05-08T18:40:26+00:00\",\"breadcrumb\":{\"@id\":\"https:\\\/\\\/irgumburgumstudio.hu\\\/bolt\\\/babavaro-csomagok\\\/babavaro-csomag\\\/#breadcrumb\"},\"inLanguage\":\"en-US\",\"potentialAction\":[{\"@type\":\"ReadAction\",\"target\":[\"https:\\\/\\\/irgumburgumstudio.hu\\\/bolt\\\/babavaro-csomagok\\\/babavaro-csomag\\\/\"]}]},{\"@type\":\"ImageObject\",\"inLanguage\":\"en-US\",\"@id\":\"https:\\\/\\\/irgumburgumstudio.hu\\\/bolt\\\/babavaro-csomagok\\\/babavaro-csomag\\\/#primaryimage\",\"url\":\"https:\\\/\\\/irgumburgumstudio.hu\\\/wp-content\\\/uploads\\\/2023\\\/11\\\/IMG_4945-min-scaled.jpg\",\"contentUrl\":\"https:\\\/\\\/irgumburgumstudio.hu\\\/wp-content\\\/uploads\\\/2023\\\/11\\\/IMG_4945-min-scaled.jpg\",\"width\":1920,\"height\":2560},{\"@type\":\"BreadcrumbList\",\"@id\":\"https:\\\/\\\/irgumburgumstudio.hu\\\/bolt\\\/babavaro-csomagok\\\/babavaro-csomag\\\/#breadcrumb\",\"itemListElement\":[{\"@type\":\"ListItem\",\"position\":1,\"name\":\"Home\",\"item\":\"https:\\\/\\\/irgumburgumstudio.hu\\\/\"},{\"@type\":\"ListItem\",\"position\":2,\"name\":\"Bolt\",\"item\":\"https:\\\/\\\/irgumburgumstudio.hu\\\/bolt\\\/\"},{\"@type\":\"ListItem\",\"position\":3,\"name\":\"Babav\u00e1r\u00f3 csomag\"}]},{\"@type\":\"WebSite\",\"@id\":\"https:\\\/\\\/irgumburgumstudio.hu\\\/#website\",\"url\":\"https:\\\/\\\/irgumburgumstudio.hu\\\/\",\"name\":\"IrgumburgumStudio\",\"description\":\"IrgumburgumStudio - k\u00e9zzel k\u00e9sz\u00edtett egyedi term\u00e9kek.\",\"publisher\":{\"@id\":\"https:\\\/\\\/irgumburgumstudio.hu\\\/#organization\"},\"potentialAction\":[{\"@type\":\"SearchAction\",\"target\":{\"@type\":\"EntryPoint\",\"urlTemplate\":\"https:\\\/\\\/irgumburgumstudio.hu\\\/?s={search_term_string}\"},\"query-input\":{\"@type\":\"PropertyValueSpecification\",\"valueRequired\":true,\"valueName\":\"search_term_string\"}}],\"inLanguage\":\"en-US\"},{\"@type\":\"Organization\",\"@id\":\"https:\\\/\\\/irgumburgumstudio.hu\\\/#organization\",\"name\":\"IrgumburgumStudio\",\"url\":\"https:\\\/\\\/irgumburgumstudio.hu\\\/\",\"logo\":{\"@type\":\"ImageObject\",\"inLanguage\":\"en-US\",\"@id\":\"https:\\\/\\\/irgumburgumstudio.hu\\\/#\\\/schema\\\/logo\\\/image\\\/\",\"url\":\"https:\\\/\\\/irgumburgumstudio.hu\\\/wp-content\\\/uploads\\\/2019\\\/10\\\/cropped-logoszines-min.png\",\"contentUrl\":\"https:\\\/\\\/irgumburgumstudio.hu\\\/wp-content\\\/uploads\\\/2019\\\/10\\\/cropped-logoszines-min.png\",\"width\":512,\"height\":512,\"caption\":\"IrgumburgumStudio\"},\"image\":{\"@id\":\"https:\\\/\\\/irgumburgumstudio.hu\\\/#\\\/schema\\\/logo\\\/image\\\/\"},\"sameAs\":[\"https:\\\/\\\/www.facebook.com\\\/profile.php?id=100040055444498\"]}]}<\/script>\n<!-- \/ Yoast SEO plugin. -->","yoast_head_json":{"title":"Babav\u00e1r\u00f3 csomag - IrgumburgumStudio","robots":{"index":"index","follow":"follow","max-snippet":"max-snippet:-1","max-image-preview":"max-image-preview:large","max-video-preview":"max-video-preview:-1"},"canonical":"https:\/\/irgumburgumstudio.hu\/en\/bolt\/babavaro-csomagok\/babavaro-csomag\/","og_locale":"en_US","og_type":"article","og_title":"Babav\u00e1r\u00f3 csomag - IrgumburgumStudio","og_description":"Leg\u00fajabb babacsomagunk ez\u00faton az imaginebaby.hu-val k\u00f6z\u00f6sen meg\u00e1lmodott maki+k\u00e1rtya csomag lett.  A csomag tartalma: R\u00c1G\u00d3MAKI - MENTAZ\u00d6LD - R\u00c1G\u00d3KA FOGZ\u00c1SRA   A Matchstick Monkey R\u00e1g\u00f3maki egyedi form\u00e1j\u00e1val \u00e9s k\u00fcl\u00f6nleges sz\u00edneivel azonnal a pici kedvence lesz  Mialatt biztons\u00e1gosan csillap\u00edtja a sajg\u00f3 f\u00e1jdalmat, fejleszti a bab\u00e1d motorikus k\u00e9pess\u00e9geit is  A R\u00e1g\u00f3maki fej\u00e9n a dudorok puh\u00e1k \u00e9s k\u00edm\u00e9letesek a bab\u00e1d \u00edny\u00e9hez  K\u00f6zvetlen\u00fcl a f\u00e1jdalom forr\u00e1s\u00e1hoz eljutva seg\u00edt megnyugtatni a sajg\u00f3 \u00ednyt  Higi\u00e9nikus m\u00f3dja a fogz\u00e1si f\u00e1jdalmat csillap\u00edt\u00f3 k\u00e9sz\u00edtm\u00e9nyek, g\u00e9lek haszn\u00e1lat\u00e1nak  Nyugodtan beteheted a mosogat\u00f3g\u00e9pbe vagy steriliz\u00e1l\u00f3 k\u00e9sz\u00fcl\u00e9kkel is fert\u0151tlen\u00edtheted  Mik\u00f6zben a bab\u00e1d az \u00edny\u00e9t massz\u00edrozza, a R\u00e1g\u00f3maki seg\u00edt felk\u00e9sz\u00fclni a fogkefe haszn\u00e1lat\u00e1ra is  A R\u00e1g\u00f3maki BPA mentes anyagokb\u00f3l k\u00e9sz\u00fclt, illetve FDA \u00e9s CE tan\u00fas\u00edtv\u00e1nnyal rendelkezik  3 h\u00f3napos kort\u00f3l aj\u00e1nlott eg\u00e9szen 3 \u00e9ves korig!  A R\u00e1g\u00f3maki 10,5 cm magas  Vidd fel a fogz\u00e1si f\u00e1jdalmat csillap\u00edt\u00f3 g\u00e9lt vagy granul\u00e1tumot a R\u00e1g\u00f3maki fej\u00e9re \u00e9s seg\u00edts a bab\u00e1dnak bemassz\u00edrozni oda, ahol \u00e9ppen f\u00e1j.  Biztosak vagyunk benne, hogy a Matchstick Monkey R\u00e1g\u00f3maki gyorsan a legjobb bar\u00e1tja lesz a bab\u00e1dnak \u00e9s egy kis j\u00e1t\u00e9kkal \u00e9szrev\u00e9tlen\u00fcl siker\u00fcl megk\u00f6nny\u00edtenie a fogacsk\u00e1k el\u0151b\u00faj\u00e1s\u00e1t. Mindezt saj\u00e1t tapasztalatb\u00f3l mondjuk! IRGUMBURGUMSTUIDO - KONTRASZTK\u00c1RTYA CSOMAG    15 db k\u00e1rtya  30 k\u00fcl\u00f6nb\u00f6z\u0151 grafika Fekete-feh\u00e9r kontrasztos babak\u00e1rty\u00e1k:               A fekete-feh\u00e9r babak\u00e1rty\u00e1k c\u00e9lja, hogy seg\u00edts\u00e9k a kisgyermekek vizu\u00e1lis \u00e9s \u00e9rz\u00e9kel\u00e9si fejl\u0151d\u00e9s\u00e9t, valamint az agyuk idegrendszer\u00e9nek fejl\u0151d\u00e9s\u00e9t. A nagy kontraszt\u00fa sz\u00ednek \u00e9s a mint\u00e1k seg\u00edtenek az agy fejl\u0151d\u00e9s\u00e9ben, \u00e9s seg\u00edtik az idegrendszert a k\u00fcl\u00f6nb\u00f6z\u0151 form\u00e1k \u00e9s sz\u00ednek megk\u00fcl\u00f6nb\u00f6ztet\u00e9s\u00e9ben. A fekete-feh\u00e9r babak\u00e1rty\u00e1k gyakran haszn\u00e1latosak korasz\u00fcl\u00f6tt bab\u00e1kn\u00e1l is, akiknek sz\u00fcks\u00e9g\u00fck van a vizu\u00e1lis stimul\u00e1ci\u00f3ra \u00e9s a fejl\u0151d\u00e9s\u00fck t\u00e1mogat\u00e1s\u00e1ra.  Ez a k\u00e1rtyacsomag nagyszer\u0171 aj\u00e1nd\u00e9k lehet az \u00fajdons\u00fclt sz\u00fcl\u0151knek, bar\u00e1taink kisbab\u00e1inak, akik szeretn\u00e9k\u00a0\u00a0t\u00e1mogatni a baba fejl\u0151d\u00e9s\u00e9t.         \u00cdgy haszn\u00e1ld:        A kis\u00e1gyba-falhoz t\u00e1masztva, vagy ak\u00e1r egy asztali telefontart\u00f3ba tegy\u00fck le a bab\u00e1nk el\u00e9 a k\u00e9pet, figyelj\u00fck meg melyik k\u00f6ti le legink\u00e1bb a figyelm\u00e9t, cser\u00e9lj\u00fck neki a k\u00e1rty\u00e1kat. Pelenk\u00e1z\u00f3 helys\u00e9gbe is aj\u00e1nlom kitenni \u0151ket, \u00edgy sok esetben megk\u00f6nny\u00edtheti a pelenk\u00e1z\u00e1st.\u00a0 Eleinte azt javaslom hogy a k\u00e1rty\u00e1k azon oldalait mutogass\u00e1tok nekik, amelyekre egyszer\u0171bb mint\u00e1zatokat rajzoltam. Szerintem az\u00e9rt szuper hogy ilyen sokf\u00e9le k\u00e1rtya van, illetve hogy alapb\u00f3l k\u00fcl\u00f6n\u00e1ll\u00f3 k\u00e1rty\u00e1kr\u00f3l besz\u00e9l\u00fcnk, mert ak\u00e1r el lehet vinni 1-2 db-ot a nagyikhoz, aut\u00f3ba.. meg oda ahova s\u0171r\u0171n j\u00e1rtok. Ha van csiptet\u0151s j\u00e1t\u00e9kotok amit a babakocsira r\u00e1 tudtok akasztani, akkor az p\u00e9ld\u00e1ul egy szuper megold\u00e1s hogy a csipesz r\u00e9szre r\u00e1tesztek egy db k\u00e1rty\u00e1t. Leg\u00e9lesebben akkor l\u00e1tnak, ha a n\u00e9zend\u0151 dolog 20-25 cm-re van t\u0151l\u00fck.  &nbsp;","og_url":"https:\/\/irgumburgumstudio.hu\/en\/bolt\/babavaro-csomagok\/babavaro-csomag\/","og_site_name":"IrgumburgumStudio","article_publisher":"https:\/\/www.facebook.com\/profile.php?id=100040055444498","article_modified_time":"2025-05-08T18:40:26+00:00","og_image":[{"width":1920,"height":2560,"url":"https:\/\/irgumburgumstudio.hu\/wp-content\/uploads\/2023\/11\/IMG_4945-min-scaled.jpg","type":"image\/jpeg"}],"twitter_card":"summary_large_image","twitter_misc":{"Est. reading time":"1 minute"},"schema":{"@context":"https:\/\/schema.org","@graph":[{"@type":"WebPage","@id":"https:\/\/irgumburgumstudio.hu\/bolt\/babavaro-csomagok\/babavaro-csomag\/","url":"https:\/\/irgumburgumstudio.hu\/bolt\/babavaro-csomagok\/babavaro-csomag\/","name":"Babav\u00e1r\u00f3 csomag - IrgumburgumStudio","isPartOf":{"@id":"https:\/\/irgumburgumstudio.hu\/#website"},"primaryImageOfPage":{"@id":"https:\/\/irgumburgumstudio.hu\/bolt\/babavaro-csomagok\/babavaro-csomag\/#primaryimage"},"image":{"@id":"https:\/\/irgumburgumstudio.hu\/bolt\/babavaro-csomagok\/babavaro-csomag\/#primaryimage"},"thumbnailUrl":"https:\/\/irgumburgumstudio.hu\/wp-content\/uploads\/2023\/11\/IMG_4945-min-scaled.jpg","datePublished":"2023-11-09T14:30:39+00:00","dateModified":"2025-05-08T18:40:26+00:00","breadcrumb":{"@id":"https:\/\/irgumburgumstudio.hu\/bolt\/babavaro-csomagok\/babavaro-csomag\/#breadcrumb"},"inLanguage":"en-US","potentialAction":[{"@type":"ReadAction","target":["https:\/\/irgumburgumstudio.hu\/bolt\/babavaro-csomagok\/babavaro-csomag\/"]}]},{"@type":"ImageObject","inLanguage":"en-US","@id":"https:\/\/irgumburgumstudio.hu\/bolt\/babavaro-csomagok\/babavaro-csomag\/#primaryimage","url":"https:\/\/irgumburgumstudio.hu\/wp-content\/uploads\/2023\/11\/IMG_4945-min-scaled.jpg","contentUrl":"https:\/\/irgumburgumstudio.hu\/wp-content\/uploads\/2023\/11\/IMG_4945-min-scaled.jpg","width":1920,"height":2560},{"@type":"BreadcrumbList","@id":"https:\/\/irgumburgumstudio.hu\/bolt\/babavaro-csomagok\/babavaro-csomag\/#breadcrumb","itemListElement":[{"@type":"ListItem","position":1,"name":"Home","item":"https:\/\/irgumburgumstudio.hu\/"},{"@type":"ListItem","position":2,"name":"Bolt","item":"https:\/\/irgumburgumstudio.hu\/bolt\/"},{"@type":"ListItem","position":3,"name":"Babav\u00e1r\u00f3 csomag"}]},{"@type":"WebSite","@id":"https:\/\/irgumburgumstudio.hu\/#website","url":"https:\/\/irgumburgumstudio.hu\/","name":"IrgumburgumStudio","description":"IrgumburgumStudio - k\u00e9zzel k\u00e9sz\u00edtett egyedi term\u00e9kek.","publisher":{"@id":"https:\/\/irgumburgumstudio.hu\/#organization"},"potentialAction":[{"@type":"SearchAction","target":{"@type":"EntryPoint","urlTemplate":"https:\/\/irgumburgumstudio.hu\/?s={search_term_string}"},"query-input":{"@type":"PropertyValueSpecification","valueRequired":true,"valueName":"search_term_string"}}],"inLanguage":"en-US"},{"@type":"Organization","@id":"https:\/\/irgumburgumstudio.hu\/#organization","name":"IrgumburgumStudio","url":"https:\/\/irgumburgumstudio.hu\/","logo":{"@type":"ImageObject","inLanguage":"en-US","@id":"https:\/\/irgumburgumstudio.hu\/#\/schema\/logo\/image\/","url":"https:\/\/irgumburgumstudio.hu\/wp-content\/uploads\/2019\/10\/cropped-logoszines-min.png","contentUrl":"https:\/\/irgumburgumstudio.hu\/wp-content\/uploads\/2019\/10\/cropped-logoszines-min.png","width":512,"height":512,"caption":"IrgumburgumStudio"},"image":{"@id":"https:\/\/irgumburgumstudio.hu\/#\/schema\/logo\/image\/"},"sameAs":["https:\/\/www.facebook.com\/profile.php?id=100040055444498"]}]}},"_links":{"self":[{"href":"https:\/\/irgumburgumstudio.hu\/en\/wp-json\/wp\/v2\/product\/6895","targetHints":{"allow":["GET"]}}],"collection":[{"href":"https:\/\/irgumburgumstudio.hu\/en\/wp-json\/wp\/v2\/product"}],"about":[{"href":"https:\/\/irgumburgumstudio.hu\/en\/wp-json\/wp\/v2\/types\/product"}],"replies":[{"embeddable":true,"href":"https:\/\/irgumburgumstudio.hu\/en\/wp-json\/wp\/v2\/comments?post=6895"}],"wp:featuredmedia":[{"embeddable":true,"href":"https:\/\/irgumburgumstudio.hu\/en\/wp-json\/wp\/v2\/media\/6906"}],"wp:attachment":[{"href":"https:\/\/irgumburgumstudio.hu\/en\/wp-json\/wp\/v2\/media?parent=6895"}],"wp:term":[{"taxonomy":"product_brand","embeddable":true,"href":"https:\/\/irgumburgumstudio.hu\/en\/wp-json\/wp\/v2\/product_brand?post=6895"},{"taxonomy":"product_cat","embeddable":true,"href":"https:\/\/irgumburgumstudio.hu\/en\/wp-json\/wp\/v2\/product_cat?post=6895"},{"taxonomy":"product_tag","embeddable":true,"href":"https:\/\/irgumburgumstudio.hu\/en\/wp-json\/wp\/v2\/product_tag?post=6895"}],"curies":[{"name":"wp","href":"https:\/\/api.w.org\/{rel}","templated":true}]}}