{"id":6396,"date":"2023-04-22T14:30:26","date_gmt":"2023-04-22T14:30:26","guid":{"rendered":"https:\/\/irgumburgumstudio.hu\/?post_type=product&#038;p=6396"},"modified":"2025-06-01T07:26:18","modified_gmt":"2025-06-01T07:26:18","slug":"kontrasztos-babakartyak-kezzel-keszult-allatos","status":"publish","type":"product","link":"https:\/\/irgumburgumstudio.hu\/en\/bolt\/kontrasztos-babakartya-csomagok\/kontrasztos-babakartyak-kezzel-keszult-allatos\/","title":{"rendered":"KONTRASZTK\u00c1RTY\u00c1K KISBAB\u00c1KNAK"},"content":{"rendered":"<p style=\"text-align: center;\">15 db 10x10cm-es k\u00e1rtya, melyen 30 db k\u00fcl\u00f6nb\u00f6z\u0151 fekete-feh\u00e9r illusztr\u00e1ci\u00f3 tal\u00e1lhat\u00f3.<br \/>\n(Minden lap eleje \u00e9s h\u00e1tulja k\u00fcl\u00f6nb\u00f6zik egym\u00e1st\u00f3l!<\/p>\n<p style=\"text-align: center;\">Ez azt jelenti, hogy dupla annyi k\u00e9p tal\u00e1lhat\u00f3 a k\u00e1rty\u00e1kon, mint a r\u00e9gebbi <a href=\"https:\/\/irgumburgumstudio.hu\/en\/bolt\/kisbabaknak-valo-termekeink\/monokrom-babakartya\/\">monokr\u00f3m csomagban<\/a>.<\/p>\n<div class=\"summary entry-summary\">\n<div class=\"woocommerce-product-details__short-description\"><\/div>\n<\/div>","protected":false},"excerpt":{"rendered":"<p><span style=\"color: #008ae6;\"><strong>( V\u00e1rhat\u00f3 sz\u00e1ll\u00edt\u00e1si id\u0151: 1-2 munkanap )<\/strong><\/span><\/p>\n<p>&#x1f381; <strong data-start=\"449\" data-end=\"503\">Az els\u0151 igazi aj\u00e1nd\u00e9k a bab\u00e1d szem\u00e9nek \u00e9s agy\u00e1nak!<\/strong><\/p>\n<hr data-start=\"507\" data-end=\"510\" \/>\n<h3 data-start=\"512\" data-end=\"563\">&#x1f43e; <strong data-start=\"519\" data-end=\"561\">Mit\u0151l k\u00fcl\u00f6nlegesek a mi babak\u00e1rty\u00e1ink?<\/strong><\/h3>\n<p data-start=\"565\" data-end=\"669\">&#x2728; <strong data-start=\"567\" data-end=\"602\">K\u00e9zzel k\u00e9sz\u00fclt, egyedi grafik\u00e1k<\/strong> \u2013 Minden k\u00e1rtya gondos odafigyel\u00e9ssel k\u00e9sz\u00fclt, sz\u00edvvel-l\u00e9lekkel.<\/p>\n<p data-start=\"671\" data-end=\"777\">&#x1f476; <strong data-start=\"674\" data-end=\"704\">0+ h\u00f3napos kort\u00f3l aj\u00e1nlott<\/strong> \u2013 M\u00e1r \u00fajsz\u00fcl\u00f6tt kort\u00f3l seg\u00edtik a baba l\u00e1t\u00e1sfejl\u0151d\u00e9s\u00e9t \u00e9s f\u00f3kusz\u00e1l\u00e1s\u00e1t.<\/p>\n<p data-start=\"779\" data-end=\"891\">&#x1f98a; <strong data-start=\"782\" data-end=\"805\">Cuki \u00e1llatos mint\u00e1k<\/strong> \u2013 A bab\u00e1k im\u00e1dj\u00e1k a kontrasztos, nagy mint\u00e1kat, amik azonnal lek\u00f6tik a figyelm\u00fcket!<\/p>\n<p data-start=\"893\" data-end=\"1017\">&#x1f5a4;&#x1f90d; <strong data-start=\"898\" data-end=\"931\">Tiszta fekete-feh\u00e9r kontraszt<\/strong> \u2013 Tudom\u00e1nyosan bizony\u00edtott, hogy ez seg\u00edti legjobban a bab\u00e1k korai l\u00e1t\u00e1sfejl\u0151d\u00e9s\u00e9t.<\/p>\n<p data-start=\"1019\" data-end=\"1119\">&#x1f4cf; <strong data-start=\"1022\" data-end=\"1055\">Praktikus m\u00e9ret, tart\u00f3s anyag<\/strong> \u2013 Vastag, strapab\u00edr\u00f3 pap\u00edr, hogy kib\u00edrja a kis kezek pr\u00f3b\u00e1it. Lekerek\u00edtett sz\u00e9lekkel, matt f\u00f3li\u00e1val.<\/p>\n<p data-start=\"1121\" data-end=\"1229\">&#x1f33f; <strong data-start=\"1124\" data-end=\"1150\">K\u00f6rnyezetbar\u00e1t kivitel<\/strong> \u2013 Felel\u0151ss\u00e9ggel v\u00e1lasztott alapanyagokb\u00f3l, hogy a bolyg\u00f3nknak is j\u00f3t tegy\u00e9l.<\/p>\n<hr data-start=\"1231\" data-end=\"1234\" \/>\n<h3 data-start=\"1236\" data-end=\"1294\">&#x1f4a1; <strong data-start=\"1243\" data-end=\"1292\">Mi\u00e9rt v\u00e1lassz minket a t\u00f6meggy\u00e1rtott helyett?<\/strong><\/h3>\n<p data-start=\"1296\" data-end=\"1588\">&#x2764;&#xfe0f; <strong data-start=\"1299\" data-end=\"1356\">Mert mi t\u00e9nyleg a bab\u00e1k fejl\u0151d\u00e9s\u00e9t tartjuk szem el\u0151tt<\/strong>, nem csak egy sz\u00e9p csomagot adunk el.<br data-start=\"1394\" data-end=\"1397\" \/>&#x1f3a8; <strong data-start=\"1400\" data-end=\"1442\">Minden darab limit\u00e1lt \u00e9s k\u00e9zzel k\u00e9sz\u00fcl<\/strong> \u2013 N\u00e1lunk nem fut\u00f3szalagon t\u00f6rt\u00e9nik a munka, minden apr\u00f3 l\u00e9p\u00e9s egy meg\u00e1lmod\u00e1ssal kezd\u0151dik.<br \/>\n&#x1f49b; <strong data-start=\"251\" data-end=\"314\">Minden k\u00e1rty\u00e1ban benne van a szeretet\u00fcnk \u00e9s gondoskod\u00e1sunk. <\/strong>Nem gy\u00e1ri t\u00f6megterm\u00e9k \u2014 ezek a k\u00e1rty\u00e1k Magyarorsz\u00e1gon, k\u00e9zzel rajzolva \u00e9s k\u00e9sz\u00edtve sz\u00fcletnek, hogy a bab\u00e1d a legjobbat kapja.<br \/>\n<strong data-start=\"380\" data-end=\"424\">&#x1f48e; <\/strong><strong data-start=\"449\" data-end=\"492\">Pr\u00e9mium min\u0151s\u00e9g, val\u00f3di odafigyel\u00e9ssel.<br \/>\n<\/strong>&#x1f381; <strong data-start=\"1490\" data-end=\"1517\">Aj\u00e1nd\u00e9knak is t\u00f6k\u00e9letes<\/strong> \u2013 Egyedi, pr\u00e9mium csomagol\u00e1sban \u00e9rkezik, hogy \u00f6r\u00f6m legyen \u00e1tadni, \u00e9s \u00f6r\u00f6k helyet biztos\u00edtson a k\u00e1rty\u00e1knak.<\/p>\n<hr data-start=\"1590\" data-end=\"1593\" \/>\n<h3 data-start=\"1595\" data-end=\"1626\">&#x1f4e6; <strong data-start=\"1602\" data-end=\"1624\">A csomag tartalma:<\/strong><\/h3>\n<p data-start=\"1627\" data-end=\"1734\">&#x2714;&#xfe0f; 12 db k\u00e9zzel rajzolt, egyedi kontrasztos babak\u00e1rtya.<br data-start=\"1673\" data-end=\"1676\" \/>&#x2714;&#xfe0f; Saj\u00e1t m\u00e1rk\u00e1s praktikus t\u00e1rol\u00f3zs\u00e1k, egyedi grafik\u00e1val.<br data-start=\"1695\" data-end=\"1698\" \/>&#x2714;&#xfe0f; Haszn\u00e1lati \u00fatmutat\u00f3 a sz\u00fcl\u0151knek, amiben az \u00f6sszes tud\u00e1sunkat \u00e1tadjuk nektek.<\/p>\n<hr data-start=\"1736\" data-end=\"1739\" \/>\n<h3 data-start=\"1741\" data-end=\"1816\">&#x1f31f; <strong data-start=\"1748\" data-end=\"1811\">Rendeld meg most, \u00e9s add meg a bab\u00e1dnak a legjobb indul\u00e1st!<\/strong> &#x1f31f;<\/h3>\n<p>Mikor m\u00e1r kin\u0151ttetek az \u00fajsz\u00fcl\u00f6tteknek val\u00f3 k\u00e1rtyacsomagb\u00f3l akkor j\u00f6hetnek , a <span style=\"color: #ff0000;\"><a style=\"color: #ff0000;\" href=\"https:\/\/irgumburgumstudio.hu\/en\/bolt\/fejleszto-jatekok\/kartyajatekaink\/szines-es-monokrom-kartyak-csomagban\/\">SZ\u00cdNES \u00c9S MONOKR\u00d3M BABAK\u00c1RTY\u00c1K<\/a><\/span><br \/>\nBiztosak lehettek benne, hogy ez lesz a leg\u00fajabb kedvencetek, a t\u00f6bbi cs\u00f6rg\u0151-z\u00f6rg\u0151 babaj\u00e1t\u00e9k mellett.<\/p>","protected":false},"featured_media":6533,"comment_status":"open","ping_status":"closed","template":"","meta":[],"product_brand":[],"product_cat":[167],"product_tag":[],"class_list":{"0":"post-6396","1":"product","2":"type-product","3":"status-publish","4":"has-post-thumbnail","6":"product_cat-kontrasztos-babakartya-csomagok","8":"first","9":"outofstock","10":"taxable","11":"shipping-taxable","12":"purchasable","13":"product-type-simple"},"yoast_head":"<!-- This site is optimized with the Yoast SEO plugin v27.4 - https:\/\/yoast.com\/product\/yoast-seo-wordpress\/ -->\n<title>KONTRASZTK\u00c1RTY\u00c1K KISBAB\u00c1KNAK - IrgumburgumStudio<\/title>\n<meta name=\"description\" content=\"baba aj\u00e1nd\u00e9kok, kontrasztos babak\u00e1rty\u00e1k, fejleszt\u0151 babak\u00e1rty\u00e1k, pr\u00e9mium babaj\u00e1t\u00e9kok, baba els\u0151 j\u00e1t\u00e9kai, egyedi babaterm\u00e9kek, pr\u00e9mium \u00fajsz\u00fcl\u00f6tt aj\u00e1nd\u00e9k\" \/>\n<meta name=\"robots\" content=\"index, follow, max-snippet:-1, max-image-preview:large, max-video-preview:-1\" \/>\n<link rel=\"canonical\" href=\"https:\/\/irgumburgumstudio.hu\/en\/bolt\/kontrasztos-babakartya-csomagok\/kontrasztos-babakartyak-kezzel-keszult-allatos\/\" \/>\n<meta property=\"og:locale\" content=\"en_US\" \/>\n<meta property=\"og:type\" content=\"article\" \/>\n<meta property=\"og:title\" content=\"KONTRASZTK\u00c1RTY\u00c1K KISBAB\u00c1KNAK - IrgumburgumStudio\" \/>\n<meta property=\"og:description\" content=\"baba aj\u00e1nd\u00e9kok, kontrasztos babak\u00e1rty\u00e1k, fejleszt\u0151 babak\u00e1rty\u00e1k, pr\u00e9mium babaj\u00e1t\u00e9kok, baba els\u0151 j\u00e1t\u00e9kai, egyedi babaterm\u00e9kek, pr\u00e9mium \u00fajsz\u00fcl\u00f6tt aj\u00e1nd\u00e9k\" \/>\n<meta property=\"og:url\" content=\"https:\/\/irgumburgumstudio.hu\/en\/bolt\/kontrasztos-babakartya-csomagok\/kontrasztos-babakartyak-kezzel-keszult-allatos\/\" \/>\n<meta property=\"og:site_name\" content=\"IrgumburgumStudio\" \/>\n<meta property=\"article:publisher\" content=\"https:\/\/www.facebook.com\/profile.php?id=100040055444498\" \/>\n<meta property=\"article:modified_time\" content=\"2025-06-01T07:26:18+00:00\" \/>\n<meta property=\"og:image\" content=\"https:\/\/irgumburgumstudio.hu\/wp-content\/uploads\/2023\/04\/IMG_6315-min-scaled.jpg\" \/>\n\t<meta property=\"og:image:width\" content=\"2053\" \/>\n\t<meta property=\"og:image:height\" content=\"2560\" \/>\n\t<meta property=\"og:image:type\" content=\"image\/jpeg\" \/>\n<meta name=\"twitter:card\" content=\"summary_large_image\" \/>\n<meta name=\"twitter:label1\" content=\"Est. reading time\" \/>\n\t<meta name=\"twitter:data1\" content=\"1 minute\" \/>\n<script type=\"application\/ld+json\" class=\"yoast-schema-graph\">{\"@context\":\"https:\\\/\\\/schema.org\",\"@graph\":[{\"@type\":\"WebPage\",\"@id\":\"https:\\\/\\\/irgumburgumstudio.hu\\\/bolt\\\/kontrasztos-babakartya-csomagok\\\/kontrasztos-babakartyak-kezzel-keszult-allatos\\\/\",\"url\":\"https:\\\/\\\/irgumburgumstudio.hu\\\/bolt\\\/kontrasztos-babakartya-csomagok\\\/kontrasztos-babakartyak-kezzel-keszult-allatos\\\/\",\"name\":\"KONTRASZTK\u00c1RTY\u00c1K KISBAB\u00c1KNAK - IrgumburgumStudio\",\"isPartOf\":{\"@id\":\"https:\\\/\\\/irgumburgumstudio.hu\\\/#website\"},\"primaryImageOfPage\":{\"@id\":\"https:\\\/\\\/irgumburgumstudio.hu\\\/bolt\\\/kontrasztos-babakartya-csomagok\\\/kontrasztos-babakartyak-kezzel-keszult-allatos\\\/#primaryimage\"},\"image\":{\"@id\":\"https:\\\/\\\/irgumburgumstudio.hu\\\/bolt\\\/kontrasztos-babakartya-csomagok\\\/kontrasztos-babakartyak-kezzel-keszult-allatos\\\/#primaryimage\"},\"thumbnailUrl\":\"https:\\\/\\\/irgumburgumstudio.hu\\\/wp-content\\\/uploads\\\/2023\\\/04\\\/IMG_6315-min-scaled.jpg\",\"datePublished\":\"2023-04-22T14:30:26+00:00\",\"dateModified\":\"2025-06-01T07:26:18+00:00\",\"description\":\"baba aj\u00e1nd\u00e9kok, kontrasztos babak\u00e1rty\u00e1k, fejleszt\u0151 babak\u00e1rty\u00e1k, pr\u00e9mium babaj\u00e1t\u00e9kok, baba els\u0151 j\u00e1t\u00e9kai, egyedi babaterm\u00e9kek, pr\u00e9mium \u00fajsz\u00fcl\u00f6tt aj\u00e1nd\u00e9k\",\"breadcrumb\":{\"@id\":\"https:\\\/\\\/irgumburgumstudio.hu\\\/bolt\\\/kontrasztos-babakartya-csomagok\\\/kontrasztos-babakartyak-kezzel-keszult-allatos\\\/#breadcrumb\"},\"inLanguage\":\"en-US\",\"potentialAction\":[{\"@type\":\"ReadAction\",\"target\":[\"https:\\\/\\\/irgumburgumstudio.hu\\\/bolt\\\/kontrasztos-babakartya-csomagok\\\/kontrasztos-babakartyak-kezzel-keszult-allatos\\\/\"]}]},{\"@type\":\"ImageObject\",\"inLanguage\":\"en-US\",\"@id\":\"https:\\\/\\\/irgumburgumstudio.hu\\\/bolt\\\/kontrasztos-babakartya-csomagok\\\/kontrasztos-babakartyak-kezzel-keszult-allatos\\\/#primaryimage\",\"url\":\"https:\\\/\\\/irgumburgumstudio.hu\\\/wp-content\\\/uploads\\\/2023\\\/04\\\/IMG_6315-min-scaled.jpg\",\"contentUrl\":\"https:\\\/\\\/irgumburgumstudio.hu\\\/wp-content\\\/uploads\\\/2023\\\/04\\\/IMG_6315-min-scaled.jpg\",\"width\":2053,\"height\":2560},{\"@type\":\"BreadcrumbList\",\"@id\":\"https:\\\/\\\/irgumburgumstudio.hu\\\/bolt\\\/kontrasztos-babakartya-csomagok\\\/kontrasztos-babakartyak-kezzel-keszult-allatos\\\/#breadcrumb\",\"itemListElement\":[{\"@type\":\"ListItem\",\"position\":1,\"name\":\"Home\",\"item\":\"https:\\\/\\\/irgumburgumstudio.hu\\\/\"},{\"@type\":\"ListItem\",\"position\":2,\"name\":\"Bolt\",\"item\":\"https:\\\/\\\/irgumburgumstudio.hu\\\/bolt\\\/\"},{\"@type\":\"ListItem\",\"position\":3,\"name\":\"KONTRASZTK\u00c1RTY\u00c1K KISBAB\u00c1KNAK\"}]},{\"@type\":\"WebSite\",\"@id\":\"https:\\\/\\\/irgumburgumstudio.hu\\\/#website\",\"url\":\"https:\\\/\\\/irgumburgumstudio.hu\\\/\",\"name\":\"IrgumburgumStudio\",\"description\":\"IrgumburgumStudio - k\u00e9zzel k\u00e9sz\u00edtett egyedi term\u00e9kek.\",\"publisher\":{\"@id\":\"https:\\\/\\\/irgumburgumstudio.hu\\\/#organization\"},\"potentialAction\":[{\"@type\":\"SearchAction\",\"target\":{\"@type\":\"EntryPoint\",\"urlTemplate\":\"https:\\\/\\\/irgumburgumstudio.hu\\\/?s={search_term_string}\"},\"query-input\":{\"@type\":\"PropertyValueSpecification\",\"valueRequired\":true,\"valueName\":\"search_term_string\"}}],\"inLanguage\":\"en-US\"},{\"@type\":\"Organization\",\"@id\":\"https:\\\/\\\/irgumburgumstudio.hu\\\/#organization\",\"name\":\"IrgumburgumStudio\",\"url\":\"https:\\\/\\\/irgumburgumstudio.hu\\\/\",\"logo\":{\"@type\":\"ImageObject\",\"inLanguage\":\"en-US\",\"@id\":\"https:\\\/\\\/irgumburgumstudio.hu\\\/#\\\/schema\\\/logo\\\/image\\\/\",\"url\":\"https:\\\/\\\/irgumburgumstudio.hu\\\/wp-content\\\/uploads\\\/2019\\\/10\\\/cropped-logoszines-min.png\",\"contentUrl\":\"https:\\\/\\\/irgumburgumstudio.hu\\\/wp-content\\\/uploads\\\/2019\\\/10\\\/cropped-logoszines-min.png\",\"width\":512,\"height\":512,\"caption\":\"IrgumburgumStudio\"},\"image\":{\"@id\":\"https:\\\/\\\/irgumburgumstudio.hu\\\/#\\\/schema\\\/logo\\\/image\\\/\"},\"sameAs\":[\"https:\\\/\\\/www.facebook.com\\\/profile.php?id=100040055444498\"]}]}<\/script>\n<!-- \/ Yoast SEO plugin. -->","yoast_head_json":{"title":"KONTRASZTK\u00c1RTY\u00c1K KISBAB\u00c1KNAK - IrgumburgumStudio","description":"baba aj\u00e1nd\u00e9kok, kontrasztos babak\u00e1rty\u00e1k, fejleszt\u0151 babak\u00e1rty\u00e1k, pr\u00e9mium babaj\u00e1t\u00e9kok, baba els\u0151 j\u00e1t\u00e9kai, egyedi babaterm\u00e9kek, pr\u00e9mium \u00fajsz\u00fcl\u00f6tt aj\u00e1nd\u00e9k","robots":{"index":"index","follow":"follow","max-snippet":"max-snippet:-1","max-image-preview":"max-image-preview:large","max-video-preview":"max-video-preview:-1"},"canonical":"https:\/\/irgumburgumstudio.hu\/en\/bolt\/kontrasztos-babakartya-csomagok\/kontrasztos-babakartyak-kezzel-keszult-allatos\/","og_locale":"en_US","og_type":"article","og_title":"KONTRASZTK\u00c1RTY\u00c1K KISBAB\u00c1KNAK - IrgumburgumStudio","og_description":"baba aj\u00e1nd\u00e9kok, kontrasztos babak\u00e1rty\u00e1k, fejleszt\u0151 babak\u00e1rty\u00e1k, pr\u00e9mium babaj\u00e1t\u00e9kok, baba els\u0151 j\u00e1t\u00e9kai, egyedi babaterm\u00e9kek, pr\u00e9mium \u00fajsz\u00fcl\u00f6tt aj\u00e1nd\u00e9k","og_url":"https:\/\/irgumburgumstudio.hu\/en\/bolt\/kontrasztos-babakartya-csomagok\/kontrasztos-babakartyak-kezzel-keszult-allatos\/","og_site_name":"IrgumburgumStudio","article_publisher":"https:\/\/www.facebook.com\/profile.php?id=100040055444498","article_modified_time":"2025-06-01T07:26:18+00:00","og_image":[{"width":2053,"height":2560,"url":"https:\/\/irgumburgumstudio.hu\/wp-content\/uploads\/2023\/04\/IMG_6315-min-scaled.jpg","type":"image\/jpeg"}],"twitter_card":"summary_large_image","twitter_misc":{"Est. reading time":"1 minute"},"schema":{"@context":"https:\/\/schema.org","@graph":[{"@type":"WebPage","@id":"https:\/\/irgumburgumstudio.hu\/bolt\/kontrasztos-babakartya-csomagok\/kontrasztos-babakartyak-kezzel-keszult-allatos\/","url":"https:\/\/irgumburgumstudio.hu\/bolt\/kontrasztos-babakartya-csomagok\/kontrasztos-babakartyak-kezzel-keszult-allatos\/","name":"KONTRASZTK\u00c1RTY\u00c1K KISBAB\u00c1KNAK - IrgumburgumStudio","isPartOf":{"@id":"https:\/\/irgumburgumstudio.hu\/#website"},"primaryImageOfPage":{"@id":"https:\/\/irgumburgumstudio.hu\/bolt\/kontrasztos-babakartya-csomagok\/kontrasztos-babakartyak-kezzel-keszult-allatos\/#primaryimage"},"image":{"@id":"https:\/\/irgumburgumstudio.hu\/bolt\/kontrasztos-babakartya-csomagok\/kontrasztos-babakartyak-kezzel-keszult-allatos\/#primaryimage"},"thumbnailUrl":"https:\/\/irgumburgumstudio.hu\/wp-content\/uploads\/2023\/04\/IMG_6315-min-scaled.jpg","datePublished":"2023-04-22T14:30:26+00:00","dateModified":"2025-06-01T07:26:18+00:00","description":"baba aj\u00e1nd\u00e9kok, kontrasztos babak\u00e1rty\u00e1k, fejleszt\u0151 babak\u00e1rty\u00e1k, pr\u00e9mium babaj\u00e1t\u00e9kok, baba els\u0151 j\u00e1t\u00e9kai, egyedi babaterm\u00e9kek, pr\u00e9mium \u00fajsz\u00fcl\u00f6tt aj\u00e1nd\u00e9k","breadcrumb":{"@id":"https:\/\/irgumburgumstudio.hu\/bolt\/kontrasztos-babakartya-csomagok\/kontrasztos-babakartyak-kezzel-keszult-allatos\/#breadcrumb"},"inLanguage":"en-US","potentialAction":[{"@type":"ReadAction","target":["https:\/\/irgumburgumstudio.hu\/bolt\/kontrasztos-babakartya-csomagok\/kontrasztos-babakartyak-kezzel-keszult-allatos\/"]}]},{"@type":"ImageObject","inLanguage":"en-US","@id":"https:\/\/irgumburgumstudio.hu\/bolt\/kontrasztos-babakartya-csomagok\/kontrasztos-babakartyak-kezzel-keszult-allatos\/#primaryimage","url":"https:\/\/irgumburgumstudio.hu\/wp-content\/uploads\/2023\/04\/IMG_6315-min-scaled.jpg","contentUrl":"https:\/\/irgumburgumstudio.hu\/wp-content\/uploads\/2023\/04\/IMG_6315-min-scaled.jpg","width":2053,"height":2560},{"@type":"BreadcrumbList","@id":"https:\/\/irgumburgumstudio.hu\/bolt\/kontrasztos-babakartya-csomagok\/kontrasztos-babakartyak-kezzel-keszult-allatos\/#breadcrumb","itemListElement":[{"@type":"ListItem","position":1,"name":"Home","item":"https:\/\/irgumburgumstudio.hu\/"},{"@type":"ListItem","position":2,"name":"Bolt","item":"https:\/\/irgumburgumstudio.hu\/bolt\/"},{"@type":"ListItem","position":3,"name":"KONTRASZTK\u00c1RTY\u00c1K KISBAB\u00c1KNAK"}]},{"@type":"WebSite","@id":"https:\/\/irgumburgumstudio.hu\/#website","url":"https:\/\/irgumburgumstudio.hu\/","name":"IrgumburgumStudio","description":"IrgumburgumStudio - k\u00e9zzel k\u00e9sz\u00edtett egyedi term\u00e9kek.","publisher":{"@id":"https:\/\/irgumburgumstudio.hu\/#organization"},"potentialAction":[{"@type":"SearchAction","target":{"@type":"EntryPoint","urlTemplate":"https:\/\/irgumburgumstudio.hu\/?s={search_term_string}"},"query-input":{"@type":"PropertyValueSpecification","valueRequired":true,"valueName":"search_term_string"}}],"inLanguage":"en-US"},{"@type":"Organization","@id":"https:\/\/irgumburgumstudio.hu\/#organization","name":"IrgumburgumStudio","url":"https:\/\/irgumburgumstudio.hu\/","logo":{"@type":"ImageObject","inLanguage":"en-US","@id":"https:\/\/irgumburgumstudio.hu\/#\/schema\/logo\/image\/","url":"https:\/\/irgumburgumstudio.hu\/wp-content\/uploads\/2019\/10\/cropped-logoszines-min.png","contentUrl":"https:\/\/irgumburgumstudio.hu\/wp-content\/uploads\/2019\/10\/cropped-logoszines-min.png","width":512,"height":512,"caption":"IrgumburgumStudio"},"image":{"@id":"https:\/\/irgumburgumstudio.hu\/#\/schema\/logo\/image\/"},"sameAs":["https:\/\/www.facebook.com\/profile.php?id=100040055444498"]}]}},"_links":{"self":[{"href":"https:\/\/irgumburgumstudio.hu\/en\/wp-json\/wp\/v2\/product\/6396","targetHints":{"allow":["GET"]}}],"collection":[{"href":"https:\/\/irgumburgumstudio.hu\/en\/wp-json\/wp\/v2\/product"}],"about":[{"href":"https:\/\/irgumburgumstudio.hu\/en\/wp-json\/wp\/v2\/types\/product"}],"replies":[{"embeddable":true,"href":"https:\/\/irgumburgumstudio.hu\/en\/wp-json\/wp\/v2\/comments?post=6396"}],"wp:featuredmedia":[{"embeddable":true,"href":"https:\/\/irgumburgumstudio.hu\/en\/wp-json\/wp\/v2\/media\/6533"}],"wp:attachment":[{"href":"https:\/\/irgumburgumstudio.hu\/en\/wp-json\/wp\/v2\/media?parent=6396"}],"wp:term":[{"taxonomy":"product_brand","embeddable":true,"href":"https:\/\/irgumburgumstudio.hu\/en\/wp-json\/wp\/v2\/product_brand?post=6396"},{"taxonomy":"product_cat","embeddable":true,"href":"https:\/\/irgumburgumstudio.hu\/en\/wp-json\/wp\/v2\/product_cat?post=6396"},{"taxonomy":"product_tag","embeddable":true,"href":"https:\/\/irgumburgumstudio.hu\/en\/wp-json\/wp\/v2\/product_tag?post=6396"}],"curies":[{"name":"wp","href":"https:\/\/api.w.org\/{rel}","templated":true}]}}