{"id":6286,"date":"2023-03-14T14:53:29","date_gmt":"2023-03-14T14:53:29","guid":{"rendered":"https:\/\/irgumburgumstudio.hu\/?post_type=product&#038;p=6286"},"modified":"2025-06-01T07:26:29","modified_gmt":"2025-06-01T07:26:29","slug":"sajat-marka-logo-es-arculat-tervezese","status":"publish","type":"product","link":"https:\/\/irgumburgumstudio.hu\/en\/bolt\/egyedi-megrendelesek\/logo-es-arculat\/sajat-marka-logo-es-arculat-tervezese\/","title":{"rendered":"LOG\u00d3 TERVEZ\u00c9S"},"content":{"rendered":"<p>Miel\u0151tt elkezden\u00e9k dolgozni a m\u00e1rk\u00e1d arculat\u00e1n \u00e9s log\u00f3j\u00e1n, egy picit jobban megismerem a m\u00e1rk\u00e1d, az elk\u00e9pzel\u00e9sed, \u00e9s t\u00e9ged.<br \/>\nEzt \u00e1ltal\u00e1ban egy telefonos konzult\u00e1ci\u00f3 alkalm\u00e1val tessz\u00fck meg, de ha \u00e9rtj\u00fck egym\u00e1st akkor \u00edr\u00e1sos form\u00e1ban is t\u00f6k\u00e9letesen m\u0171k\u00f6dik a dolog.<br \/>\nMiut\u00e1n \u00e1tbesz\u00e9lt\u00fck az elk\u00e9pzel\u00e9sed \u00e9n hagyok egy kis id\u0151t magamnak hogy \u00e9rlel\u0151dj\u00f6n bennem az, amit sz\u00e1modra elk\u00e9pzelek.<\/p>\n<p><strong>Ez ut\u00e1n k\u00f6vetkezik a tervez\u00e9s.<\/strong><br \/>\nK\u00e9sz\u00edtek neked 3 db v\u00e1zlatrajzot, amely alapj\u00e1n el tudod d\u00f6nteni, hogy melyik ir\u00e1nyba haladjunk tov\u00e1bb.<br \/>\nAz \u00e1r tartalmazza a 3 db v\u00e1zlatrajzot, egy fekete-feh\u00e9r v\u00e1ltozat\u00e1t a log\u00f3dnak, ig\u00e9ny szerint egy sima k\u00f6rvonalas verzi\u00f3t is (nyomdak\u00e9sz\u00edt\u00e9shez), \u00e9s v\u00e9g\u00fcl egy sz\u00ednes k\u00e9sz k\u00e9pet, ami val\u00f3j\u00e1ban a log\u00f3d lesz.<\/p>\n<p>A munk\u00e1m sor\u00e1n folyamatosan tartjuk a kapcsolatot.<br \/>\nEgy\u00fctt besz\u00e9lj\u00fck meg hova ker\u00fclj\u00f6n a log\u00f3dhoz k\u00e9pest a m\u00e1rk\u00e1d neve, a bet\u0171t\u00edpus fajt\u00e1j\u00e1t, \u00e9s minden m\u00e1s fontos dolgot.<br \/>\nEbben az \u00e1rban benne vannak apr\u00f3 v\u00e1ltoztat\u00e1sok \u00e9s m\u00f3dos\u00edt\u00e1sok is.<br \/>\nNyilv\u00e1n m\u00e9rt\u00e9kkel.<br \/>\nAzonban ha m\u00e1r majdnem a v\u00e9g\u00e9n vagyunk, \u00e9s egy nagyot v\u00e1ltoztatn\u00e1l ami nekem sok munk\u00e1mba ker\u00fcl, akkor fel\u00e1rat sz\u00e1molok fel.<\/p>","protected":false},"excerpt":{"rendered":"<p>Miel\u0151tt elkezden\u00e9k dolgozni a m\u00e1rk\u00e1d arculat\u00e1n \u00e9s log\u00f3j\u00e1n, egy picit jobban megismerem a m\u00e1rk\u00e1d, az elk\u00e9pzel\u00e9sed, \u00e9s t\u00e9ged. Ezt \u00e1ltal\u00e1ban egy telefonos konzult\u00e1ci\u00f3 alkalm\u00e1val tessz\u00fck meg, de ha \u00e9rtj\u00fck egym\u00e1st akkor \u00edr\u00e1sos form\u00e1ban is t\u00f6k\u00e9letesen m\u0171k\u00f6dik a dolog. Miut\u00e1n \u00e1tbesz\u00e9lt\u00fck az elk\u00e9pzel\u00e9sed \u00e9n hagyok egy kis id\u0151t magamnak hogy \u00e9rlel\u0151dj\u00f6n bennem az, amit sz\u00e1modra elk\u00e9pzelek&#8230;.<\/p>","protected":false},"featured_media":6329,"comment_status":"open","ping_status":"closed","template":"","meta":[],"product_brand":[],"product_cat":[147,152],"product_tag":[],"class_list":{"0":"post-6286","1":"product","2":"type-product","3":"status-publish","4":"has-post-thumbnail","6":"product_cat-egyedi-megrendelesek","7":"product_cat-logo-es-arculat","9":"first","10":"outofstock","11":"virtual","12":"taxable","13":"purchasable","14":"product-type-simple"},"yoast_head":"<!-- This site is optimized with the Yoast SEO plugin v27.4 - https:\/\/yoast.com\/product\/yoast-seo-wordpress\/ -->\n<title>LOG\u00d3 TERVEZ\u00c9S - IrgumburgumStudio<\/title>\n<meta name=\"robots\" content=\"index, follow, max-snippet:-1, max-image-preview:large, max-video-preview:-1\" \/>\n<link rel=\"canonical\" href=\"https:\/\/irgumburgumstudio.hu\/en\/bolt\/egyedi-megrendelesek\/logo-es-arculat\/sajat-marka-logo-es-arculat-tervezese\/\" \/>\n<meta property=\"og:locale\" content=\"en_US\" \/>\n<meta property=\"og:type\" content=\"article\" \/>\n<meta property=\"og:title\" content=\"LOG\u00d3 TERVEZ\u00c9S - IrgumburgumStudio\" \/>\n<meta property=\"og:description\" content=\"Miel\u0151tt elkezden\u00e9k dolgozni a m\u00e1rk\u00e1d arculat\u00e1n \u00e9s log\u00f3j\u00e1n, egy picit jobban megismerem a m\u00e1rk\u00e1d, az elk\u00e9pzel\u00e9sed, \u00e9s t\u00e9ged. Ezt \u00e1ltal\u00e1ban egy telefonos konzult\u00e1ci\u00f3 alkalm\u00e1val tessz\u00fck meg, de ha \u00e9rtj\u00fck egym\u00e1st akkor \u00edr\u00e1sos form\u00e1ban is t\u00f6k\u00e9letesen m\u0171k\u00f6dik a dolog. Miut\u00e1n \u00e1tbesz\u00e9lt\u00fck az elk\u00e9pzel\u00e9sed \u00e9n hagyok egy kis id\u0151t magamnak hogy \u00e9rlel\u0151dj\u00f6n bennem az, amit sz\u00e1modra elk\u00e9pzelek....\" \/>\n<meta property=\"og:url\" content=\"https:\/\/irgumburgumstudio.hu\/en\/bolt\/egyedi-megrendelesek\/logo-es-arculat\/sajat-marka-logo-es-arculat-tervezese\/\" \/>\n<meta property=\"og:site_name\" content=\"IrgumburgumStudio\" \/>\n<meta property=\"article:publisher\" content=\"https:\/\/www.facebook.com\/profile.php?id=100040055444498\" \/>\n<meta property=\"article:modified_time\" content=\"2025-06-01T07:26:29+00:00\" \/>\n<meta property=\"og:image\" content=\"https:\/\/irgumburgumstudio.hu\/wp-content\/uploads\/2023\/03\/IMG_7775.jpg\" \/>\n\t<meta property=\"og:image:width\" content=\"777\" \/>\n\t<meta property=\"og:image:height\" content=\"1091\" \/>\n\t<meta property=\"og:image:type\" content=\"image\/jpeg\" \/>\n<meta name=\"twitter:card\" content=\"summary_large_image\" \/>\n<meta name=\"twitter:label1\" content=\"Est. reading time\" \/>\n\t<meta name=\"twitter:data1\" content=\"2 minutes\" \/>\n<script type=\"application\/ld+json\" class=\"yoast-schema-graph\">{\"@context\":\"https:\\\/\\\/schema.org\",\"@graph\":[{\"@type\":\"WebPage\",\"@id\":\"https:\\\/\\\/irgumburgumstudio.hu\\\/bolt\\\/egyedi-megrendelesek\\\/logo-es-arculat\\\/sajat-marka-logo-es-arculat-tervezese\\\/\",\"url\":\"https:\\\/\\\/irgumburgumstudio.hu\\\/bolt\\\/egyedi-megrendelesek\\\/logo-es-arculat\\\/sajat-marka-logo-es-arculat-tervezese\\\/\",\"name\":\"LOG\u00d3 TERVEZ\u00c9S - IrgumburgumStudio\",\"isPartOf\":{\"@id\":\"https:\\\/\\\/irgumburgumstudio.hu\\\/#website\"},\"primaryImageOfPage\":{\"@id\":\"https:\\\/\\\/irgumburgumstudio.hu\\\/bolt\\\/egyedi-megrendelesek\\\/logo-es-arculat\\\/sajat-marka-logo-es-arculat-tervezese\\\/#primaryimage\"},\"image\":{\"@id\":\"https:\\\/\\\/irgumburgumstudio.hu\\\/bolt\\\/egyedi-megrendelesek\\\/logo-es-arculat\\\/sajat-marka-logo-es-arculat-tervezese\\\/#primaryimage\"},\"thumbnailUrl\":\"https:\\\/\\\/irgumburgumstudio.hu\\\/wp-content\\\/uploads\\\/2023\\\/03\\\/IMG_7775.jpg\",\"datePublished\":\"2023-03-14T14:53:29+00:00\",\"dateModified\":\"2025-06-01T07:26:29+00:00\",\"breadcrumb\":{\"@id\":\"https:\\\/\\\/irgumburgumstudio.hu\\\/bolt\\\/egyedi-megrendelesek\\\/logo-es-arculat\\\/sajat-marka-logo-es-arculat-tervezese\\\/#breadcrumb\"},\"inLanguage\":\"en-US\",\"potentialAction\":[{\"@type\":\"ReadAction\",\"target\":[\"https:\\\/\\\/irgumburgumstudio.hu\\\/bolt\\\/egyedi-megrendelesek\\\/logo-es-arculat\\\/sajat-marka-logo-es-arculat-tervezese\\\/\"]}]},{\"@type\":\"ImageObject\",\"inLanguage\":\"en-US\",\"@id\":\"https:\\\/\\\/irgumburgumstudio.hu\\\/bolt\\\/egyedi-megrendelesek\\\/logo-es-arculat\\\/sajat-marka-logo-es-arculat-tervezese\\\/#primaryimage\",\"url\":\"https:\\\/\\\/irgumburgumstudio.hu\\\/wp-content\\\/uploads\\\/2023\\\/03\\\/IMG_7775.jpg\",\"contentUrl\":\"https:\\\/\\\/irgumburgumstudio.hu\\\/wp-content\\\/uploads\\\/2023\\\/03\\\/IMG_7775.jpg\",\"width\":777,\"height\":1091},{\"@type\":\"BreadcrumbList\",\"@id\":\"https:\\\/\\\/irgumburgumstudio.hu\\\/bolt\\\/egyedi-megrendelesek\\\/logo-es-arculat\\\/sajat-marka-logo-es-arculat-tervezese\\\/#breadcrumb\",\"itemListElement\":[{\"@type\":\"ListItem\",\"position\":1,\"name\":\"Home\",\"item\":\"https:\\\/\\\/irgumburgumstudio.hu\\\/\"},{\"@type\":\"ListItem\",\"position\":2,\"name\":\"Bolt\",\"item\":\"https:\\\/\\\/irgumburgumstudio.hu\\\/bolt\\\/\"},{\"@type\":\"ListItem\",\"position\":3,\"name\":\"LOG\u00d3 TERVEZ\u00c9S\"}]},{\"@type\":\"WebSite\",\"@id\":\"https:\\\/\\\/irgumburgumstudio.hu\\\/#website\",\"url\":\"https:\\\/\\\/irgumburgumstudio.hu\\\/\",\"name\":\"IrgumburgumStudio\",\"description\":\"IrgumburgumStudio - k\u00e9zzel k\u00e9sz\u00edtett egyedi term\u00e9kek.\",\"publisher\":{\"@id\":\"https:\\\/\\\/irgumburgumstudio.hu\\\/#organization\"},\"potentialAction\":[{\"@type\":\"SearchAction\",\"target\":{\"@type\":\"EntryPoint\",\"urlTemplate\":\"https:\\\/\\\/irgumburgumstudio.hu\\\/?s={search_term_string}\"},\"query-input\":{\"@type\":\"PropertyValueSpecification\",\"valueRequired\":true,\"valueName\":\"search_term_string\"}}],\"inLanguage\":\"en-US\"},{\"@type\":\"Organization\",\"@id\":\"https:\\\/\\\/irgumburgumstudio.hu\\\/#organization\",\"name\":\"IrgumburgumStudio\",\"url\":\"https:\\\/\\\/irgumburgumstudio.hu\\\/\",\"logo\":{\"@type\":\"ImageObject\",\"inLanguage\":\"en-US\",\"@id\":\"https:\\\/\\\/irgumburgumstudio.hu\\\/#\\\/schema\\\/logo\\\/image\\\/\",\"url\":\"https:\\\/\\\/irgumburgumstudio.hu\\\/wp-content\\\/uploads\\\/2019\\\/10\\\/cropped-logoszines-min.png\",\"contentUrl\":\"https:\\\/\\\/irgumburgumstudio.hu\\\/wp-content\\\/uploads\\\/2019\\\/10\\\/cropped-logoszines-min.png\",\"width\":512,\"height\":512,\"caption\":\"IrgumburgumStudio\"},\"image\":{\"@id\":\"https:\\\/\\\/irgumburgumstudio.hu\\\/#\\\/schema\\\/logo\\\/image\\\/\"},\"sameAs\":[\"https:\\\/\\\/www.facebook.com\\\/profile.php?id=100040055444498\"]}]}<\/script>\n<!-- \/ Yoast SEO plugin. -->","yoast_head_json":{"title":"LOG\u00d3 TERVEZ\u00c9S - IrgumburgumStudio","robots":{"index":"index","follow":"follow","max-snippet":"max-snippet:-1","max-image-preview":"max-image-preview:large","max-video-preview":"max-video-preview:-1"},"canonical":"https:\/\/irgumburgumstudio.hu\/en\/bolt\/egyedi-megrendelesek\/logo-es-arculat\/sajat-marka-logo-es-arculat-tervezese\/","og_locale":"en_US","og_type":"article","og_title":"LOG\u00d3 TERVEZ\u00c9S - IrgumburgumStudio","og_description":"Miel\u0151tt elkezden\u00e9k dolgozni a m\u00e1rk\u00e1d arculat\u00e1n \u00e9s log\u00f3j\u00e1n, egy picit jobban megismerem a m\u00e1rk\u00e1d, az elk\u00e9pzel\u00e9sed, \u00e9s t\u00e9ged. Ezt \u00e1ltal\u00e1ban egy telefonos konzult\u00e1ci\u00f3 alkalm\u00e1val tessz\u00fck meg, de ha \u00e9rtj\u00fck egym\u00e1st akkor \u00edr\u00e1sos form\u00e1ban is t\u00f6k\u00e9letesen m\u0171k\u00f6dik a dolog. Miut\u00e1n \u00e1tbesz\u00e9lt\u00fck az elk\u00e9pzel\u00e9sed \u00e9n hagyok egy kis id\u0151t magamnak hogy \u00e9rlel\u0151dj\u00f6n bennem az, amit sz\u00e1modra elk\u00e9pzelek....","og_url":"https:\/\/irgumburgumstudio.hu\/en\/bolt\/egyedi-megrendelesek\/logo-es-arculat\/sajat-marka-logo-es-arculat-tervezese\/","og_site_name":"IrgumburgumStudio","article_publisher":"https:\/\/www.facebook.com\/profile.php?id=100040055444498","article_modified_time":"2025-06-01T07:26:29+00:00","og_image":[{"width":777,"height":1091,"url":"https:\/\/irgumburgumstudio.hu\/wp-content\/uploads\/2023\/03\/IMG_7775.jpg","type":"image\/jpeg"}],"twitter_card":"summary_large_image","twitter_misc":{"Est. reading time":"2 minutes"},"schema":{"@context":"https:\/\/schema.org","@graph":[{"@type":"WebPage","@id":"https:\/\/irgumburgumstudio.hu\/bolt\/egyedi-megrendelesek\/logo-es-arculat\/sajat-marka-logo-es-arculat-tervezese\/","url":"https:\/\/irgumburgumstudio.hu\/bolt\/egyedi-megrendelesek\/logo-es-arculat\/sajat-marka-logo-es-arculat-tervezese\/","name":"LOG\u00d3 TERVEZ\u00c9S - IrgumburgumStudio","isPartOf":{"@id":"https:\/\/irgumburgumstudio.hu\/#website"},"primaryImageOfPage":{"@id":"https:\/\/irgumburgumstudio.hu\/bolt\/egyedi-megrendelesek\/logo-es-arculat\/sajat-marka-logo-es-arculat-tervezese\/#primaryimage"},"image":{"@id":"https:\/\/irgumburgumstudio.hu\/bolt\/egyedi-megrendelesek\/logo-es-arculat\/sajat-marka-logo-es-arculat-tervezese\/#primaryimage"},"thumbnailUrl":"https:\/\/irgumburgumstudio.hu\/wp-content\/uploads\/2023\/03\/IMG_7775.jpg","datePublished":"2023-03-14T14:53:29+00:00","dateModified":"2025-06-01T07:26:29+00:00","breadcrumb":{"@id":"https:\/\/irgumburgumstudio.hu\/bolt\/egyedi-megrendelesek\/logo-es-arculat\/sajat-marka-logo-es-arculat-tervezese\/#breadcrumb"},"inLanguage":"en-US","potentialAction":[{"@type":"ReadAction","target":["https:\/\/irgumburgumstudio.hu\/bolt\/egyedi-megrendelesek\/logo-es-arculat\/sajat-marka-logo-es-arculat-tervezese\/"]}]},{"@type":"ImageObject","inLanguage":"en-US","@id":"https:\/\/irgumburgumstudio.hu\/bolt\/egyedi-megrendelesek\/logo-es-arculat\/sajat-marka-logo-es-arculat-tervezese\/#primaryimage","url":"https:\/\/irgumburgumstudio.hu\/wp-content\/uploads\/2023\/03\/IMG_7775.jpg","contentUrl":"https:\/\/irgumburgumstudio.hu\/wp-content\/uploads\/2023\/03\/IMG_7775.jpg","width":777,"height":1091},{"@type":"BreadcrumbList","@id":"https:\/\/irgumburgumstudio.hu\/bolt\/egyedi-megrendelesek\/logo-es-arculat\/sajat-marka-logo-es-arculat-tervezese\/#breadcrumb","itemListElement":[{"@type":"ListItem","position":1,"name":"Home","item":"https:\/\/irgumburgumstudio.hu\/"},{"@type":"ListItem","position":2,"name":"Bolt","item":"https:\/\/irgumburgumstudio.hu\/bolt\/"},{"@type":"ListItem","position":3,"name":"LOG\u00d3 TERVEZ\u00c9S"}]},{"@type":"WebSite","@id":"https:\/\/irgumburgumstudio.hu\/#website","url":"https:\/\/irgumburgumstudio.hu\/","name":"IrgumburgumStudio","description":"IrgumburgumStudio - k\u00e9zzel k\u00e9sz\u00edtett egyedi term\u00e9kek.","publisher":{"@id":"https:\/\/irgumburgumstudio.hu\/#organization"},"potentialAction":[{"@type":"SearchAction","target":{"@type":"EntryPoint","urlTemplate":"https:\/\/irgumburgumstudio.hu\/?s={search_term_string}"},"query-input":{"@type":"PropertyValueSpecification","valueRequired":true,"valueName":"search_term_string"}}],"inLanguage":"en-US"},{"@type":"Organization","@id":"https:\/\/irgumburgumstudio.hu\/#organization","name":"IrgumburgumStudio","url":"https:\/\/irgumburgumstudio.hu\/","logo":{"@type":"ImageObject","inLanguage":"en-US","@id":"https:\/\/irgumburgumstudio.hu\/#\/schema\/logo\/image\/","url":"https:\/\/irgumburgumstudio.hu\/wp-content\/uploads\/2019\/10\/cropped-logoszines-min.png","contentUrl":"https:\/\/irgumburgumstudio.hu\/wp-content\/uploads\/2019\/10\/cropped-logoszines-min.png","width":512,"height":512,"caption":"IrgumburgumStudio"},"image":{"@id":"https:\/\/irgumburgumstudio.hu\/#\/schema\/logo\/image\/"},"sameAs":["https:\/\/www.facebook.com\/profile.php?id=100040055444498"]}]}},"_links":{"self":[{"href":"https:\/\/irgumburgumstudio.hu\/en\/wp-json\/wp\/v2\/product\/6286","targetHints":{"allow":["GET"]}}],"collection":[{"href":"https:\/\/irgumburgumstudio.hu\/en\/wp-json\/wp\/v2\/product"}],"about":[{"href":"https:\/\/irgumburgumstudio.hu\/en\/wp-json\/wp\/v2\/types\/product"}],"replies":[{"embeddable":true,"href":"https:\/\/irgumburgumstudio.hu\/en\/wp-json\/wp\/v2\/comments?post=6286"}],"wp:featuredmedia":[{"embeddable":true,"href":"https:\/\/irgumburgumstudio.hu\/en\/wp-json\/wp\/v2\/media\/6329"}],"wp:attachment":[{"href":"https:\/\/irgumburgumstudio.hu\/en\/wp-json\/wp\/v2\/media?parent=6286"}],"wp:term":[{"taxonomy":"product_brand","embeddable":true,"href":"https:\/\/irgumburgumstudio.hu\/en\/wp-json\/wp\/v2\/product_brand?post=6286"},{"taxonomy":"product_cat","embeddable":true,"href":"https:\/\/irgumburgumstudio.hu\/en\/wp-json\/wp\/v2\/product_cat?post=6286"},{"taxonomy":"product_tag","embeddable":true,"href":"https:\/\/irgumburgumstudio.hu\/en\/wp-json\/wp\/v2\/product_tag?post=6286"}],"curies":[{"name":"wp","href":"https:\/\/api.w.org\/{rel}","templated":true}]}}