{"id":6247,"date":"2023-03-01T08:16:23","date_gmt":"2023-03-01T08:16:23","guid":{"rendered":"https:\/\/irgumburgumstudio.hu\/?post_type=product&#038;p=6247"},"modified":"2025-06-01T07:33:39","modified_gmt":"2025-06-01T07:33:39","slug":"allatos-mefoldko-csomag","status":"publish","type":"product","link":"https:\/\/irgumburgumstudio.hu\/en\/bolt\/merfoldko-kartyaink\/allatos-mefoldko-csomag\/","title":{"rendered":"\u00c1LLATOS M\u00c9RF\u00d6LDK\u0150 CSOMAG"},"content":{"rendered":"","protected":false},"excerpt":{"rendered":"<p><span style=\"color: #008ae6;\"><strong>( V\u00e1rhat\u00f3 sz\u00e1ll\u00edt\u00e1si id\u0151: 1-2 munkanap )<\/strong><\/span><\/p>\n<p><em>Kisbab\u00e1d minden egyes fejl\u0151d\u00e9si m\u00e9rf\u00f6ldk\u00f6ve egy csod\u00e1s pillanat, amit \u00e9rdemes meg\u0151rizni! Az IrgumBurgumStudio \u00e1llatos m\u00e9rf\u00f6ldk\u0151 babak\u00e1rtya csomagja seg\u00edt meg\u00f6r\u00f6k\u00edteni a legfontosabb esem\u00e9nyeket \u2013 az els\u0151 mosolyt\u00f3l az els\u0151 l\u00e9p\u00e9sekig. A k\u00e1rty\u00e1k vid\u00e1m, egyedi \u00e1llatmint\u00e1kkal k\u00e9sz\u00fcltek, amelyek m\u00e9g k\u00fcl\u00f6nlegesebb\u00e9 teszik a fot\u00f3kat. Kiv\u00e1l\u00f3 min\u0151s\u00e9g\u0171, bababar\u00e1t anyagb\u00f3l k\u00e9sz\u00fcltek, \u00edgy biztons\u00e1gosak \u00e9s tart\u00f3sak. <\/em><em>Ide\u00e1lis aj\u00e1nd\u00e9k babav\u00e1r\u00f3 bulira, keresztel\u0151re vagy kisbab\u00e1s csal\u00e1dok sz\u00e1m\u00e1ra!<\/em><\/p>\n<p>A csomag <strong>25<\/strong> darab <strong>k\u00e1rty\u00e1t<\/strong> tartalmaz.<br \/>\nA csomaggal az els\u0151 12 h\u00f3napot tudj\u00e1tok meg\u00f6r\u00f6k\u00edteni, ezen fel\u00fcl a legnagyobb m\u00e9rf\u00f6ldk\u00f6veket is, mint p\u00e9ld\u00e1ul:<\/p>\n<p><em>-Az els\u0151 s\u00e9t\u00e1m.<\/em><br \/>\n<em>-Kimondtam az els\u0151 szavam.<\/em><br \/>\n<em>-Kib\u00fajt az els\u0151 fogacsk\u00e1m.<\/em><br \/>\n<em>-Ma el\u0151sz\u00f6r \u00e1taludtam az \u00e9jszak\u00e1t&#8230;<\/em><br \/>\nEzeket a k\u00e1rty\u00e1kat mind d\u00e1tummal tudj\u00e1tok ell\u00e1tni, \u00edgy \u00f6r\u00f6k eml\u00e9k lehet majd a babak\u00f6nyvbe.<\/p>\n<p><strong>A csomag tartalma:<\/strong><br \/>\nLog\u00f3val ell\u00e1tott v\u00e1szonzs\u00e1k, amely \u00f6r\u00f6k helyet biztos\u00edt a k\u00e1rty\u00e1knak.<br \/>\n25 db 9&#215;13 cm-es k\u00e1rtya lekerek\u00edtett sz\u00e9lekkel, hogy bababiztos legyen! \ud83d\ude42<\/p>","protected":false},"featured_media":7651,"comment_status":"open","ping_status":"closed","template":"","meta":[],"product_brand":[],"product_cat":[166],"product_tag":[],"class_list":{"0":"post-6247","1":"product","2":"type-product","3":"status-publish","4":"has-post-thumbnail","6":"product_cat-merfoldko-kartyaink","8":"first","9":"outofstock","10":"taxable","11":"shipping-taxable","12":"purchasable","13":"product-type-simple"},"yoast_head":"<!-- This site is optimized with the Yoast SEO plugin v27.6 - https:\/\/yoast.com\/product\/yoast-seo-wordpress\/ -->\n<title>\u00c1LLATOS M\u00c9RF\u00d6LDK\u0150 CSOMAG - IrgumburgumStudio<\/title>\n<meta name=\"description\" content=\"\u00e1llatos m\u00e9rf\u00f6ldk\u0151 babak\u00e1rty\u00e1k, baba m\u00e9rf\u00f6ldk\u0151 k\u00e1rty\u00e1k \u00e1llatos mint\u00e1val, \u00e1llatos baba eml\u00e9kk\u00e1rty\u00e1k, cuki \u00e1llatos babak\u00e1rty\u00e1k, \u00fajsz\u00fcl\u00f6tt fot\u00f3k\u00e1rty\u00e1k, babav\u00e1r\u00f3\" \/>\n<meta name=\"robots\" content=\"index, follow, max-snippet:-1, max-image-preview:large, max-video-preview:-1\" \/>\n<link rel=\"canonical\" href=\"https:\/\/irgumburgumstudio.hu\/en\/bolt\/merfoldko-kartyaink\/allatos-mefoldko-csomag\/\" \/>\n<meta property=\"og:locale\" content=\"en_US\" \/>\n<meta property=\"og:type\" content=\"article\" \/>\n<meta property=\"og:title\" content=\"\u00c1LLATOS M\u00c9RF\u00d6LDK\u0150 CSOMAG - IrgumburgumStudio\" \/>\n<meta property=\"og:description\" content=\"\u00e1llatos m\u00e9rf\u00f6ldk\u0151 babak\u00e1rty\u00e1k, baba m\u00e9rf\u00f6ldk\u0151 k\u00e1rty\u00e1k \u00e1llatos mint\u00e1val, \u00e1llatos baba eml\u00e9kk\u00e1rty\u00e1k, cuki \u00e1llatos babak\u00e1rty\u00e1k, \u00fajsz\u00fcl\u00f6tt fot\u00f3k\u00e1rty\u00e1k, babav\u00e1r\u00f3\" \/>\n<meta property=\"og:url\" content=\"https:\/\/irgumburgumstudio.hu\/en\/bolt\/merfoldko-kartyaink\/allatos-mefoldko-csomag\/\" \/>\n<meta property=\"og:site_name\" content=\"IrgumburgumStudio\" \/>\n<meta property=\"article:publisher\" content=\"https:\/\/www.facebook.com\/profile.php?id=100040055444498\" \/>\n<meta property=\"article:modified_time\" content=\"2025-06-01T07:33:39+00:00\" \/>\n<meta property=\"og:image\" content=\"https:\/\/irgumburgumstudio.hu\/wp-content\/uploads\/2023\/03\/40252FAE-0827-47B2-9CC3-53E69CB5E4D3-scaled.jpg\" \/>\n\t<meta property=\"og:image:width\" content=\"2560\" \/>\n\t<meta property=\"og:image:height\" content=\"2059\" \/>\n\t<meta property=\"og:image:type\" content=\"image\/jpeg\" \/>\n<meta name=\"twitter:card\" content=\"summary_large_image\" \/>\n<meta name=\"twitter:label1\" content=\"Est. reading time\" \/>\n\t<meta name=\"twitter:data1\" content=\"1 minute\" \/>\n<script type=\"application\/ld+json\" class=\"yoast-schema-graph\">{\"@context\":\"https:\\\/\\\/schema.org\",\"@graph\":[{\"@type\":\"WebPage\",\"@id\":\"https:\\\/\\\/irgumburgumstudio.hu\\\/bolt\\\/merfoldko-kartyaink\\\/allatos-mefoldko-csomag\\\/\",\"url\":\"https:\\\/\\\/irgumburgumstudio.hu\\\/bolt\\\/merfoldko-kartyaink\\\/allatos-mefoldko-csomag\\\/\",\"name\":\"\u00c1LLATOS M\u00c9RF\u00d6LDK\u0150 CSOMAG - IrgumburgumStudio\",\"isPartOf\":{\"@id\":\"https:\\\/\\\/irgumburgumstudio.hu\\\/#website\"},\"primaryImageOfPage\":{\"@id\":\"https:\\\/\\\/irgumburgumstudio.hu\\\/bolt\\\/merfoldko-kartyaink\\\/allatos-mefoldko-csomag\\\/#primaryimage\"},\"image\":{\"@id\":\"https:\\\/\\\/irgumburgumstudio.hu\\\/bolt\\\/merfoldko-kartyaink\\\/allatos-mefoldko-csomag\\\/#primaryimage\"},\"thumbnailUrl\":\"https:\\\/\\\/irgumburgumstudio.hu\\\/wp-content\\\/uploads\\\/2023\\\/03\\\/40252FAE-0827-47B2-9CC3-53E69CB5E4D3-scaled.jpg\",\"datePublished\":\"2023-03-01T08:16:23+00:00\",\"dateModified\":\"2025-06-01T07:33:39+00:00\",\"description\":\"\u00e1llatos m\u00e9rf\u00f6ldk\u0151 babak\u00e1rty\u00e1k, baba m\u00e9rf\u00f6ldk\u0151 k\u00e1rty\u00e1k \u00e1llatos mint\u00e1val, \u00e1llatos baba eml\u00e9kk\u00e1rty\u00e1k, cuki \u00e1llatos babak\u00e1rty\u00e1k, \u00fajsz\u00fcl\u00f6tt fot\u00f3k\u00e1rty\u00e1k, babav\u00e1r\u00f3\",\"breadcrumb\":{\"@id\":\"https:\\\/\\\/irgumburgumstudio.hu\\\/bolt\\\/merfoldko-kartyaink\\\/allatos-mefoldko-csomag\\\/#breadcrumb\"},\"inLanguage\":\"en-US\",\"potentialAction\":[{\"@type\":\"ReadAction\",\"target\":[\"https:\\\/\\\/irgumburgumstudio.hu\\\/bolt\\\/merfoldko-kartyaink\\\/allatos-mefoldko-csomag\\\/\"]}]},{\"@type\":\"ImageObject\",\"inLanguage\":\"en-US\",\"@id\":\"https:\\\/\\\/irgumburgumstudio.hu\\\/bolt\\\/merfoldko-kartyaink\\\/allatos-mefoldko-csomag\\\/#primaryimage\",\"url\":\"https:\\\/\\\/irgumburgumstudio.hu\\\/wp-content\\\/uploads\\\/2023\\\/03\\\/40252FAE-0827-47B2-9CC3-53E69CB5E4D3-scaled.jpg\",\"contentUrl\":\"https:\\\/\\\/irgumburgumstudio.hu\\\/wp-content\\\/uploads\\\/2023\\\/03\\\/40252FAE-0827-47B2-9CC3-53E69CB5E4D3-scaled.jpg\",\"width\":2560,\"height\":2059},{\"@type\":\"BreadcrumbList\",\"@id\":\"https:\\\/\\\/irgumburgumstudio.hu\\\/bolt\\\/merfoldko-kartyaink\\\/allatos-mefoldko-csomag\\\/#breadcrumb\",\"itemListElement\":[{\"@type\":\"ListItem\",\"position\":1,\"name\":\"Home\",\"item\":\"https:\\\/\\\/irgumburgumstudio.hu\\\/\"},{\"@type\":\"ListItem\",\"position\":2,\"name\":\"Bolt\",\"item\":\"https:\\\/\\\/irgumburgumstudio.hu\\\/bolt\\\/\"},{\"@type\":\"ListItem\",\"position\":3,\"name\":\"\u00c1LLATOS M\u00c9RF\u00d6LDK\u0150 CSOMAG\"}]},{\"@type\":\"WebSite\",\"@id\":\"https:\\\/\\\/irgumburgumstudio.hu\\\/#website\",\"url\":\"https:\\\/\\\/irgumburgumstudio.hu\\\/\",\"name\":\"IrgumburgumStudio\",\"description\":\"IrgumburgumStudio - k\u00e9zzel k\u00e9sz\u00edtett egyedi term\u00e9kek.\",\"publisher\":{\"@id\":\"https:\\\/\\\/irgumburgumstudio.hu\\\/#organization\"},\"potentialAction\":[{\"@type\":\"SearchAction\",\"target\":{\"@type\":\"EntryPoint\",\"urlTemplate\":\"https:\\\/\\\/irgumburgumstudio.hu\\\/?s={search_term_string}\"},\"query-input\":{\"@type\":\"PropertyValueSpecification\",\"valueRequired\":true,\"valueName\":\"search_term_string\"}}],\"inLanguage\":\"en-US\"},{\"@type\":\"Organization\",\"@id\":\"https:\\\/\\\/irgumburgumstudio.hu\\\/#organization\",\"name\":\"IrgumburgumStudio\",\"url\":\"https:\\\/\\\/irgumburgumstudio.hu\\\/\",\"logo\":{\"@type\":\"ImageObject\",\"inLanguage\":\"en-US\",\"@id\":\"https:\\\/\\\/irgumburgumstudio.hu\\\/#\\\/schema\\\/logo\\\/image\\\/\",\"url\":\"https:\\\/\\\/irgumburgumstudio.hu\\\/wp-content\\\/uploads\\\/2019\\\/10\\\/cropped-logoszines-min.png\",\"contentUrl\":\"https:\\\/\\\/irgumburgumstudio.hu\\\/wp-content\\\/uploads\\\/2019\\\/10\\\/cropped-logoszines-min.png\",\"width\":512,\"height\":512,\"caption\":\"IrgumburgumStudio\"},\"image\":{\"@id\":\"https:\\\/\\\/irgumburgumstudio.hu\\\/#\\\/schema\\\/logo\\\/image\\\/\"},\"sameAs\":[\"https:\\\/\\\/www.facebook.com\\\/profile.php?id=100040055444498\"]}]}<\/script>\n<!-- \/ Yoast SEO plugin. -->","yoast_head_json":{"title":"\u00c1LLATOS M\u00c9RF\u00d6LDK\u0150 CSOMAG - IrgumburgumStudio","description":"\u00e1llatos m\u00e9rf\u00f6ldk\u0151 babak\u00e1rty\u00e1k, baba m\u00e9rf\u00f6ldk\u0151 k\u00e1rty\u00e1k \u00e1llatos mint\u00e1val, \u00e1llatos baba eml\u00e9kk\u00e1rty\u00e1k, cuki \u00e1llatos babak\u00e1rty\u00e1k, \u00fajsz\u00fcl\u00f6tt fot\u00f3k\u00e1rty\u00e1k, babav\u00e1r\u00f3","robots":{"index":"index","follow":"follow","max-snippet":"max-snippet:-1","max-image-preview":"max-image-preview:large","max-video-preview":"max-video-preview:-1"},"canonical":"https:\/\/irgumburgumstudio.hu\/en\/bolt\/merfoldko-kartyaink\/allatos-mefoldko-csomag\/","og_locale":"en_US","og_type":"article","og_title":"\u00c1LLATOS M\u00c9RF\u00d6LDK\u0150 CSOMAG - IrgumburgumStudio","og_description":"\u00e1llatos m\u00e9rf\u00f6ldk\u0151 babak\u00e1rty\u00e1k, baba m\u00e9rf\u00f6ldk\u0151 k\u00e1rty\u00e1k \u00e1llatos mint\u00e1val, \u00e1llatos baba eml\u00e9kk\u00e1rty\u00e1k, cuki \u00e1llatos babak\u00e1rty\u00e1k, \u00fajsz\u00fcl\u00f6tt fot\u00f3k\u00e1rty\u00e1k, babav\u00e1r\u00f3","og_url":"https:\/\/irgumburgumstudio.hu\/en\/bolt\/merfoldko-kartyaink\/allatos-mefoldko-csomag\/","og_site_name":"IrgumburgumStudio","article_publisher":"https:\/\/www.facebook.com\/profile.php?id=100040055444498","article_modified_time":"2025-06-01T07:33:39+00:00","og_image":[{"width":2560,"height":2059,"url":"https:\/\/irgumburgumstudio.hu\/wp-content\/uploads\/2023\/03\/40252FAE-0827-47B2-9CC3-53E69CB5E4D3-scaled.jpg","type":"image\/jpeg"}],"twitter_card":"summary_large_image","twitter_misc":{"Est. reading time":"1 minute"},"schema":{"@context":"https:\/\/schema.org","@graph":[{"@type":"WebPage","@id":"https:\/\/irgumburgumstudio.hu\/bolt\/merfoldko-kartyaink\/allatos-mefoldko-csomag\/","url":"https:\/\/irgumburgumstudio.hu\/bolt\/merfoldko-kartyaink\/allatos-mefoldko-csomag\/","name":"\u00c1LLATOS M\u00c9RF\u00d6LDK\u0150 CSOMAG - IrgumburgumStudio","isPartOf":{"@id":"https:\/\/irgumburgumstudio.hu\/#website"},"primaryImageOfPage":{"@id":"https:\/\/irgumburgumstudio.hu\/bolt\/merfoldko-kartyaink\/allatos-mefoldko-csomag\/#primaryimage"},"image":{"@id":"https:\/\/irgumburgumstudio.hu\/bolt\/merfoldko-kartyaink\/allatos-mefoldko-csomag\/#primaryimage"},"thumbnailUrl":"https:\/\/irgumburgumstudio.hu\/wp-content\/uploads\/2023\/03\/40252FAE-0827-47B2-9CC3-53E69CB5E4D3-scaled.jpg","datePublished":"2023-03-01T08:16:23+00:00","dateModified":"2025-06-01T07:33:39+00:00","description":"\u00e1llatos m\u00e9rf\u00f6ldk\u0151 babak\u00e1rty\u00e1k, baba m\u00e9rf\u00f6ldk\u0151 k\u00e1rty\u00e1k \u00e1llatos mint\u00e1val, \u00e1llatos baba eml\u00e9kk\u00e1rty\u00e1k, cuki \u00e1llatos babak\u00e1rty\u00e1k, \u00fajsz\u00fcl\u00f6tt fot\u00f3k\u00e1rty\u00e1k, babav\u00e1r\u00f3","breadcrumb":{"@id":"https:\/\/irgumburgumstudio.hu\/bolt\/merfoldko-kartyaink\/allatos-mefoldko-csomag\/#breadcrumb"},"inLanguage":"en-US","potentialAction":[{"@type":"ReadAction","target":["https:\/\/irgumburgumstudio.hu\/bolt\/merfoldko-kartyaink\/allatos-mefoldko-csomag\/"]}]},{"@type":"ImageObject","inLanguage":"en-US","@id":"https:\/\/irgumburgumstudio.hu\/bolt\/merfoldko-kartyaink\/allatos-mefoldko-csomag\/#primaryimage","url":"https:\/\/irgumburgumstudio.hu\/wp-content\/uploads\/2023\/03\/40252FAE-0827-47B2-9CC3-53E69CB5E4D3-scaled.jpg","contentUrl":"https:\/\/irgumburgumstudio.hu\/wp-content\/uploads\/2023\/03\/40252FAE-0827-47B2-9CC3-53E69CB5E4D3-scaled.jpg","width":2560,"height":2059},{"@type":"BreadcrumbList","@id":"https:\/\/irgumburgumstudio.hu\/bolt\/merfoldko-kartyaink\/allatos-mefoldko-csomag\/#breadcrumb","itemListElement":[{"@type":"ListItem","position":1,"name":"Home","item":"https:\/\/irgumburgumstudio.hu\/"},{"@type":"ListItem","position":2,"name":"Bolt","item":"https:\/\/irgumburgumstudio.hu\/bolt\/"},{"@type":"ListItem","position":3,"name":"\u00c1LLATOS M\u00c9RF\u00d6LDK\u0150 CSOMAG"}]},{"@type":"WebSite","@id":"https:\/\/irgumburgumstudio.hu\/#website","url":"https:\/\/irgumburgumstudio.hu\/","name":"IrgumburgumStudio","description":"IrgumburgumStudio - k\u00e9zzel k\u00e9sz\u00edtett egyedi term\u00e9kek.","publisher":{"@id":"https:\/\/irgumburgumstudio.hu\/#organization"},"potentialAction":[{"@type":"SearchAction","target":{"@type":"EntryPoint","urlTemplate":"https:\/\/irgumburgumstudio.hu\/?s={search_term_string}"},"query-input":{"@type":"PropertyValueSpecification","valueRequired":true,"valueName":"search_term_string"}}],"inLanguage":"en-US"},{"@type":"Organization","@id":"https:\/\/irgumburgumstudio.hu\/#organization","name":"IrgumburgumStudio","url":"https:\/\/irgumburgumstudio.hu\/","logo":{"@type":"ImageObject","inLanguage":"en-US","@id":"https:\/\/irgumburgumstudio.hu\/#\/schema\/logo\/image\/","url":"https:\/\/irgumburgumstudio.hu\/wp-content\/uploads\/2019\/10\/cropped-logoszines-min.png","contentUrl":"https:\/\/irgumburgumstudio.hu\/wp-content\/uploads\/2019\/10\/cropped-logoszines-min.png","width":512,"height":512,"caption":"IrgumburgumStudio"},"image":{"@id":"https:\/\/irgumburgumstudio.hu\/#\/schema\/logo\/image\/"},"sameAs":["https:\/\/www.facebook.com\/profile.php?id=100040055444498"]}]}},"_links":{"self":[{"href":"https:\/\/irgumburgumstudio.hu\/en\/wp-json\/wp\/v2\/product\/6247","targetHints":{"allow":["GET"]}}],"collection":[{"href":"https:\/\/irgumburgumstudio.hu\/en\/wp-json\/wp\/v2\/product"}],"about":[{"href":"https:\/\/irgumburgumstudio.hu\/en\/wp-json\/wp\/v2\/types\/product"}],"replies":[{"embeddable":true,"href":"https:\/\/irgumburgumstudio.hu\/en\/wp-json\/wp\/v2\/comments?post=6247"}],"wp:featuredmedia":[{"embeddable":true,"href":"https:\/\/irgumburgumstudio.hu\/en\/wp-json\/wp\/v2\/media\/7651"}],"wp:attachment":[{"href":"https:\/\/irgumburgumstudio.hu\/en\/wp-json\/wp\/v2\/media?parent=6247"}],"wp:term":[{"taxonomy":"product_brand","embeddable":true,"href":"https:\/\/irgumburgumstudio.hu\/en\/wp-json\/wp\/v2\/product_brand?post=6247"},{"taxonomy":"product_cat","embeddable":true,"href":"https:\/\/irgumburgumstudio.hu\/en\/wp-json\/wp\/v2\/product_cat?post=6247"},{"taxonomy":"product_tag","embeddable":true,"href":"https:\/\/irgumburgumstudio.hu\/en\/wp-json\/wp\/v2\/product_tag?post=6247"}],"curies":[{"name":"wp","href":"https:\/\/api.w.org\/{rel}","templated":true}]}}