{"id":6244,"date":"2023-03-01T08:07:23","date_gmt":"2023-03-01T08:07:23","guid":{"rendered":"https:\/\/irgumburgumstudio.hu\/?post_type=product&#038;p=6244"},"modified":"2025-06-01T07:33:59","modified_gmt":"2025-06-01T07:33:59","slug":"allatos-honapkartya-csomag","status":"publish","type":"product","link":"https:\/\/irgumburgumstudio.hu\/en\/bolt\/merfoldko-kartyaink\/allatos-honapkartya-csomag\/","title":{"rendered":"\u00c1LLATOS H\u00d3NAPK\u00c1RTYA CSOMAG"},"content":{"rendered":"","protected":false},"excerpt":{"rendered":"<p><span style=\"color: #008ae6;\"><strong>( V\u00e1rhat\u00f3 sz\u00e1ll\u00edt\u00e1si id\u0151: 1-2 munkanap )<\/strong><\/span><\/p>\n<p><strong>A H\u00f3napk\u00e1rtya csomag seg\u00edt meg\u0151rizni bab\u00e1d els\u0151 \u00e9v\u00e9nek minden csod\u00e1s pillanat\u00e1t! Minden k\u00e1rtya egy adott h\u00f3napot jelk\u00e9pez, \u00edgy a fot\u00f3sorozat l\u00e9p\u00e9sr\u0151l l\u00e9p\u00e9sre mutatja be kisbab\u00e1d n\u00f6veked\u00e9s\u00e9t \u00e9s fejl\u0151d\u00e9s\u00e9t. Az egyedi, sz\u00e9p diz\u00e1jn \u00e9s a gondosan kiv\u00e1lasztott, bababar\u00e1t anyagok garant\u00e1lj\u00e1k, hogy ezek a k\u00e1rty\u00e1k nemcsak vizu\u00e1lisan ragyog\u00f3ak, de biztons\u00e1gosak is a legkisebbek sz\u00e1m\u00e1ra. T\u00f6k\u00e9letes v\u00e1laszt\u00e1s eml\u00e9kmeg\u0151rz\u00e9sre, babav\u00e1r\u00f3 aj\u00e1nd\u00e9kk\u00e9nt \u2013 hiszen minden h\u00f3nap egy \u00faj, k\u00fcl\u00f6nleges m\u00e9rf\u00f6ldk\u0151 a bab\u00e1d \u00e9let\u00e9ben!<\/strong><\/p>\n<p>A csomag 12 darab k\u00e1rty\u00e1t tartalmaz.<\/p>\n<p><strong>A csomag tartalma:<\/strong><br \/>\nLog\u00f3val ell\u00e1tott v\u00e1szonzs\u00e1k, amely \u00f6r\u00f6k helyet biztos\u00edt a k\u00e1rty\u00e1knak.<br \/>\n12 db 95&#215;135 mm-es k\u00e1rtya lekerek\u00edtett sz\u00e9lekkel, hogy bababiztos legyen! \ud83d\ude42<\/p>","protected":false},"featured_media":7471,"comment_status":"open","ping_status":"closed","template":"","meta":[],"product_brand":[],"product_cat":[166],"product_tag":[],"class_list":{"0":"post-6244","1":"product","2":"type-product","3":"status-publish","4":"has-post-thumbnail","6":"product_cat-merfoldko-kartyaink","8":"first","9":"outofstock","10":"taxable","11":"shipping-taxable","12":"purchasable","13":"product-type-simple"},"yoast_head":"<!-- This site is optimized with the Yoast SEO plugin v27.4 - https:\/\/yoast.com\/product\/yoast-seo-wordpress\/ -->\n<title>\u00c1LLATOS H\u00d3NAPK\u00c1RTYA CSOMAG - IrgumburgumStudio<\/title>\n<meta name=\"description\" content=\"egyedi babak\u00e1rty\u00e1k, babav\u00e1r\u00f3 aj\u00e1nd\u00e9k, baba h\u00f3napk\u00e1rty\u00e1k, baba eml\u00e9kk\u00e1rty\u00e1k els\u0151 \u00e9v, egyedi h\u00f3napk\u00e1rtya, baba aj\u00e1nd\u00e9k, k\u00e9zm\u0171ves babak\u00e1rtya\" \/>\n<meta name=\"robots\" content=\"index, follow, max-snippet:-1, max-image-preview:large, max-video-preview:-1\" \/>\n<link rel=\"canonical\" href=\"https:\/\/irgumburgumstudio.hu\/en\/bolt\/merfoldko-kartyaink\/allatos-honapkartya-csomag\/\" \/>\n<meta property=\"og:locale\" content=\"en_US\" \/>\n<meta property=\"og:type\" content=\"article\" \/>\n<meta property=\"og:title\" content=\"\u00c1LLATOS H\u00d3NAPK\u00c1RTYA CSOMAG - IrgumburgumStudio\" \/>\n<meta property=\"og:description\" content=\"egyedi babak\u00e1rty\u00e1k, babav\u00e1r\u00f3 aj\u00e1nd\u00e9k, baba h\u00f3napk\u00e1rty\u00e1k, baba eml\u00e9kk\u00e1rty\u00e1k els\u0151 \u00e9v, egyedi h\u00f3napk\u00e1rtya, baba aj\u00e1nd\u00e9k, k\u00e9zm\u0171ves babak\u00e1rtya\" \/>\n<meta property=\"og:url\" content=\"https:\/\/irgumburgumstudio.hu\/en\/bolt\/merfoldko-kartyaink\/allatos-honapkartya-csomag\/\" \/>\n<meta property=\"og:site_name\" content=\"IrgumburgumStudio\" \/>\n<meta property=\"article:publisher\" content=\"https:\/\/www.facebook.com\/profile.php?id=100040055444498\" \/>\n<meta property=\"article:modified_time\" content=\"2025-06-01T07:33:59+00:00\" \/>\n<meta property=\"og:image\" content=\"https:\/\/irgumburgumstudio.hu\/wp-content\/uploads\/2023\/03\/F684072C-D830-4A03-A87A-D592AF4B6A1F-min-scaled.jpg\" \/>\n\t<meta property=\"og:image:width\" content=\"2560\" \/>\n\t<meta property=\"og:image:height\" content=\"2560\" \/>\n\t<meta property=\"og:image:type\" content=\"image\/jpeg\" \/>\n<meta name=\"twitter:card\" content=\"summary_large_image\" \/>\n<meta name=\"twitter:label1\" content=\"Est. reading time\" \/>\n\t<meta name=\"twitter:data1\" content=\"1 minute\" \/>\n<script type=\"application\/ld+json\" class=\"yoast-schema-graph\">{\"@context\":\"https:\\\/\\\/schema.org\",\"@graph\":[{\"@type\":\"WebPage\",\"@id\":\"https:\\\/\\\/irgumburgumstudio.hu\\\/bolt\\\/merfoldko-kartyaink\\\/allatos-honapkartya-csomag\\\/\",\"url\":\"https:\\\/\\\/irgumburgumstudio.hu\\\/bolt\\\/merfoldko-kartyaink\\\/allatos-honapkartya-csomag\\\/\",\"name\":\"\u00c1LLATOS H\u00d3NAPK\u00c1RTYA CSOMAG - IrgumburgumStudio\",\"isPartOf\":{\"@id\":\"https:\\\/\\\/irgumburgumstudio.hu\\\/#website\"},\"primaryImageOfPage\":{\"@id\":\"https:\\\/\\\/irgumburgumstudio.hu\\\/bolt\\\/merfoldko-kartyaink\\\/allatos-honapkartya-csomag\\\/#primaryimage\"},\"image\":{\"@id\":\"https:\\\/\\\/irgumburgumstudio.hu\\\/bolt\\\/merfoldko-kartyaink\\\/allatos-honapkartya-csomag\\\/#primaryimage\"},\"thumbnailUrl\":\"https:\\\/\\\/irgumburgumstudio.hu\\\/wp-content\\\/uploads\\\/2023\\\/03\\\/F684072C-D830-4A03-A87A-D592AF4B6A1F-min-scaled.jpg\",\"datePublished\":\"2023-03-01T08:07:23+00:00\",\"dateModified\":\"2025-06-01T07:33:59+00:00\",\"description\":\"egyedi babak\u00e1rty\u00e1k, babav\u00e1r\u00f3 aj\u00e1nd\u00e9k, baba h\u00f3napk\u00e1rty\u00e1k, baba eml\u00e9kk\u00e1rty\u00e1k els\u0151 \u00e9v, egyedi h\u00f3napk\u00e1rtya, baba aj\u00e1nd\u00e9k, k\u00e9zm\u0171ves babak\u00e1rtya\",\"breadcrumb\":{\"@id\":\"https:\\\/\\\/irgumburgumstudio.hu\\\/bolt\\\/merfoldko-kartyaink\\\/allatos-honapkartya-csomag\\\/#breadcrumb\"},\"inLanguage\":\"en-US\",\"potentialAction\":[{\"@type\":\"ReadAction\",\"target\":[\"https:\\\/\\\/irgumburgumstudio.hu\\\/bolt\\\/merfoldko-kartyaink\\\/allatos-honapkartya-csomag\\\/\"]}]},{\"@type\":\"ImageObject\",\"inLanguage\":\"en-US\",\"@id\":\"https:\\\/\\\/irgumburgumstudio.hu\\\/bolt\\\/merfoldko-kartyaink\\\/allatos-honapkartya-csomag\\\/#primaryimage\",\"url\":\"https:\\\/\\\/irgumburgumstudio.hu\\\/wp-content\\\/uploads\\\/2023\\\/03\\\/F684072C-D830-4A03-A87A-D592AF4B6A1F-min-scaled.jpg\",\"contentUrl\":\"https:\\\/\\\/irgumburgumstudio.hu\\\/wp-content\\\/uploads\\\/2023\\\/03\\\/F684072C-D830-4A03-A87A-D592AF4B6A1F-min-scaled.jpg\",\"width\":2560,\"height\":2560},{\"@type\":\"BreadcrumbList\",\"@id\":\"https:\\\/\\\/irgumburgumstudio.hu\\\/bolt\\\/merfoldko-kartyaink\\\/allatos-honapkartya-csomag\\\/#breadcrumb\",\"itemListElement\":[{\"@type\":\"ListItem\",\"position\":1,\"name\":\"Home\",\"item\":\"https:\\\/\\\/irgumburgumstudio.hu\\\/\"},{\"@type\":\"ListItem\",\"position\":2,\"name\":\"Bolt\",\"item\":\"https:\\\/\\\/irgumburgumstudio.hu\\\/bolt\\\/\"},{\"@type\":\"ListItem\",\"position\":3,\"name\":\"\u00c1LLATOS H\u00d3NAPK\u00c1RTYA CSOMAG\"}]},{\"@type\":\"WebSite\",\"@id\":\"https:\\\/\\\/irgumburgumstudio.hu\\\/#website\",\"url\":\"https:\\\/\\\/irgumburgumstudio.hu\\\/\",\"name\":\"IrgumburgumStudio\",\"description\":\"IrgumburgumStudio - k\u00e9zzel k\u00e9sz\u00edtett egyedi term\u00e9kek.\",\"publisher\":{\"@id\":\"https:\\\/\\\/irgumburgumstudio.hu\\\/#organization\"},\"potentialAction\":[{\"@type\":\"SearchAction\",\"target\":{\"@type\":\"EntryPoint\",\"urlTemplate\":\"https:\\\/\\\/irgumburgumstudio.hu\\\/?s={search_term_string}\"},\"query-input\":{\"@type\":\"PropertyValueSpecification\",\"valueRequired\":true,\"valueName\":\"search_term_string\"}}],\"inLanguage\":\"en-US\"},{\"@type\":\"Organization\",\"@id\":\"https:\\\/\\\/irgumburgumstudio.hu\\\/#organization\",\"name\":\"IrgumburgumStudio\",\"url\":\"https:\\\/\\\/irgumburgumstudio.hu\\\/\",\"logo\":{\"@type\":\"ImageObject\",\"inLanguage\":\"en-US\",\"@id\":\"https:\\\/\\\/irgumburgumstudio.hu\\\/#\\\/schema\\\/logo\\\/image\\\/\",\"url\":\"https:\\\/\\\/irgumburgumstudio.hu\\\/wp-content\\\/uploads\\\/2019\\\/10\\\/cropped-logoszines-min.png\",\"contentUrl\":\"https:\\\/\\\/irgumburgumstudio.hu\\\/wp-content\\\/uploads\\\/2019\\\/10\\\/cropped-logoszines-min.png\",\"width\":512,\"height\":512,\"caption\":\"IrgumburgumStudio\"},\"image\":{\"@id\":\"https:\\\/\\\/irgumburgumstudio.hu\\\/#\\\/schema\\\/logo\\\/image\\\/\"},\"sameAs\":[\"https:\\\/\\\/www.facebook.com\\\/profile.php?id=100040055444498\"]}]}<\/script>\n<!-- \/ Yoast SEO plugin. -->","yoast_head_json":{"title":"\u00c1LLATOS H\u00d3NAPK\u00c1RTYA CSOMAG - IrgumburgumStudio","description":"egyedi babak\u00e1rty\u00e1k, babav\u00e1r\u00f3 aj\u00e1nd\u00e9k, baba h\u00f3napk\u00e1rty\u00e1k, baba eml\u00e9kk\u00e1rty\u00e1k els\u0151 \u00e9v, egyedi h\u00f3napk\u00e1rtya, baba aj\u00e1nd\u00e9k, k\u00e9zm\u0171ves babak\u00e1rtya","robots":{"index":"index","follow":"follow","max-snippet":"max-snippet:-1","max-image-preview":"max-image-preview:large","max-video-preview":"max-video-preview:-1"},"canonical":"https:\/\/irgumburgumstudio.hu\/en\/bolt\/merfoldko-kartyaink\/allatos-honapkartya-csomag\/","og_locale":"en_US","og_type":"article","og_title":"\u00c1LLATOS H\u00d3NAPK\u00c1RTYA CSOMAG - IrgumburgumStudio","og_description":"egyedi babak\u00e1rty\u00e1k, babav\u00e1r\u00f3 aj\u00e1nd\u00e9k, baba h\u00f3napk\u00e1rty\u00e1k, baba eml\u00e9kk\u00e1rty\u00e1k els\u0151 \u00e9v, egyedi h\u00f3napk\u00e1rtya, baba aj\u00e1nd\u00e9k, k\u00e9zm\u0171ves babak\u00e1rtya","og_url":"https:\/\/irgumburgumstudio.hu\/en\/bolt\/merfoldko-kartyaink\/allatos-honapkartya-csomag\/","og_site_name":"IrgumburgumStudio","article_publisher":"https:\/\/www.facebook.com\/profile.php?id=100040055444498","article_modified_time":"2025-06-01T07:33:59+00:00","og_image":[{"width":2560,"height":2560,"url":"https:\/\/irgumburgumstudio.hu\/wp-content\/uploads\/2023\/03\/F684072C-D830-4A03-A87A-D592AF4B6A1F-min-scaled.jpg","type":"image\/jpeg"}],"twitter_card":"summary_large_image","twitter_misc":{"Est. reading time":"1 minute"},"schema":{"@context":"https:\/\/schema.org","@graph":[{"@type":"WebPage","@id":"https:\/\/irgumburgumstudio.hu\/bolt\/merfoldko-kartyaink\/allatos-honapkartya-csomag\/","url":"https:\/\/irgumburgumstudio.hu\/bolt\/merfoldko-kartyaink\/allatos-honapkartya-csomag\/","name":"\u00c1LLATOS H\u00d3NAPK\u00c1RTYA CSOMAG - IrgumburgumStudio","isPartOf":{"@id":"https:\/\/irgumburgumstudio.hu\/#website"},"primaryImageOfPage":{"@id":"https:\/\/irgumburgumstudio.hu\/bolt\/merfoldko-kartyaink\/allatos-honapkartya-csomag\/#primaryimage"},"image":{"@id":"https:\/\/irgumburgumstudio.hu\/bolt\/merfoldko-kartyaink\/allatos-honapkartya-csomag\/#primaryimage"},"thumbnailUrl":"https:\/\/irgumburgumstudio.hu\/wp-content\/uploads\/2023\/03\/F684072C-D830-4A03-A87A-D592AF4B6A1F-min-scaled.jpg","datePublished":"2023-03-01T08:07:23+00:00","dateModified":"2025-06-01T07:33:59+00:00","description":"egyedi babak\u00e1rty\u00e1k, babav\u00e1r\u00f3 aj\u00e1nd\u00e9k, baba h\u00f3napk\u00e1rty\u00e1k, baba eml\u00e9kk\u00e1rty\u00e1k els\u0151 \u00e9v, egyedi h\u00f3napk\u00e1rtya, baba aj\u00e1nd\u00e9k, k\u00e9zm\u0171ves babak\u00e1rtya","breadcrumb":{"@id":"https:\/\/irgumburgumstudio.hu\/bolt\/merfoldko-kartyaink\/allatos-honapkartya-csomag\/#breadcrumb"},"inLanguage":"en-US","potentialAction":[{"@type":"ReadAction","target":["https:\/\/irgumburgumstudio.hu\/bolt\/merfoldko-kartyaink\/allatos-honapkartya-csomag\/"]}]},{"@type":"ImageObject","inLanguage":"en-US","@id":"https:\/\/irgumburgumstudio.hu\/bolt\/merfoldko-kartyaink\/allatos-honapkartya-csomag\/#primaryimage","url":"https:\/\/irgumburgumstudio.hu\/wp-content\/uploads\/2023\/03\/F684072C-D830-4A03-A87A-D592AF4B6A1F-min-scaled.jpg","contentUrl":"https:\/\/irgumburgumstudio.hu\/wp-content\/uploads\/2023\/03\/F684072C-D830-4A03-A87A-D592AF4B6A1F-min-scaled.jpg","width":2560,"height":2560},{"@type":"BreadcrumbList","@id":"https:\/\/irgumburgumstudio.hu\/bolt\/merfoldko-kartyaink\/allatos-honapkartya-csomag\/#breadcrumb","itemListElement":[{"@type":"ListItem","position":1,"name":"Home","item":"https:\/\/irgumburgumstudio.hu\/"},{"@type":"ListItem","position":2,"name":"Bolt","item":"https:\/\/irgumburgumstudio.hu\/bolt\/"},{"@type":"ListItem","position":3,"name":"\u00c1LLATOS H\u00d3NAPK\u00c1RTYA CSOMAG"}]},{"@type":"WebSite","@id":"https:\/\/irgumburgumstudio.hu\/#website","url":"https:\/\/irgumburgumstudio.hu\/","name":"IrgumburgumStudio","description":"IrgumburgumStudio - k\u00e9zzel k\u00e9sz\u00edtett egyedi term\u00e9kek.","publisher":{"@id":"https:\/\/irgumburgumstudio.hu\/#organization"},"potentialAction":[{"@type":"SearchAction","target":{"@type":"EntryPoint","urlTemplate":"https:\/\/irgumburgumstudio.hu\/?s={search_term_string}"},"query-input":{"@type":"PropertyValueSpecification","valueRequired":true,"valueName":"search_term_string"}}],"inLanguage":"en-US"},{"@type":"Organization","@id":"https:\/\/irgumburgumstudio.hu\/#organization","name":"IrgumburgumStudio","url":"https:\/\/irgumburgumstudio.hu\/","logo":{"@type":"ImageObject","inLanguage":"en-US","@id":"https:\/\/irgumburgumstudio.hu\/#\/schema\/logo\/image\/","url":"https:\/\/irgumburgumstudio.hu\/wp-content\/uploads\/2019\/10\/cropped-logoszines-min.png","contentUrl":"https:\/\/irgumburgumstudio.hu\/wp-content\/uploads\/2019\/10\/cropped-logoszines-min.png","width":512,"height":512,"caption":"IrgumburgumStudio"},"image":{"@id":"https:\/\/irgumburgumstudio.hu\/#\/schema\/logo\/image\/"},"sameAs":["https:\/\/www.facebook.com\/profile.php?id=100040055444498"]}]}},"_links":{"self":[{"href":"https:\/\/irgumburgumstudio.hu\/en\/wp-json\/wp\/v2\/product\/6244","targetHints":{"allow":["GET"]}}],"collection":[{"href":"https:\/\/irgumburgumstudio.hu\/en\/wp-json\/wp\/v2\/product"}],"about":[{"href":"https:\/\/irgumburgumstudio.hu\/en\/wp-json\/wp\/v2\/types\/product"}],"replies":[{"embeddable":true,"href":"https:\/\/irgumburgumstudio.hu\/en\/wp-json\/wp\/v2\/comments?post=6244"}],"wp:featuredmedia":[{"embeddable":true,"href":"https:\/\/irgumburgumstudio.hu\/en\/wp-json\/wp\/v2\/media\/7471"}],"wp:attachment":[{"href":"https:\/\/irgumburgumstudio.hu\/en\/wp-json\/wp\/v2\/media?parent=6244"}],"wp:term":[{"taxonomy":"product_brand","embeddable":true,"href":"https:\/\/irgumburgumstudio.hu\/en\/wp-json\/wp\/v2\/product_brand?post=6244"},{"taxonomy":"product_cat","embeddable":true,"href":"https:\/\/irgumburgumstudio.hu\/en\/wp-json\/wp\/v2\/product_cat?post=6244"},{"taxonomy":"product_tag","embeddable":true,"href":"https:\/\/irgumburgumstudio.hu\/en\/wp-json\/wp\/v2\/product_tag?post=6244"}],"curies":[{"name":"wp","href":"https:\/\/api.w.org\/{rel}","templated":true}]}}