{"id":5783,"date":"2022-10-10T14:54:51","date_gmt":"2022-10-10T14:54:51","guid":{"rendered":"https:\/\/irgumburgumstudio.hu\/?post_type=product&#038;p=5783"},"modified":"2025-06-01T07:26:40","modified_gmt":"2025-06-01T07:26:40","slug":"fazos-allatok-kartyajatek","status":"publish","type":"product","link":"https:\/\/irgumburgumstudio.hu\/en\/bolt\/fejleszto-jatekok\/kartyajatekaink\/fazos-allatok-kartyajatek\/","title":{"rendered":"F\u00e1z\u00f3s \u00e1llatok k\u00e1rtyaj\u00e1t\u00e9k"},"content":{"rendered":"","protected":false},"excerpt":{"rendered":"<p><span style=\"color: #008ae6;\"><strong>( V\u00e1rhat\u00f3 sz\u00e1ll\u00edt\u00e1si id\u0151: 1-3 munkanap )<\/strong><\/span><\/p>\n<p>F\u00e1z\u00f3s \u00c1llatok k\u00e1rtyacsomag<\/p>\n<p><strong>A csomag tartalma:<\/strong><br \/>\n-11 p\u00e1r k\u00e1rtya<br \/>\n-Doboz<\/p>\n<p>A k\u00e1rtycsomagot \u00fagy \u00e1lmodtam meg, hogy 1 \u00e9ves kort\u00f3l m\u00e1r tudunk j\u00e1tszani vele. Ha vigy\u00e1zunk a k\u00e1rty\u00e1kra, akkor v\u00e9gigk\u00eds\u00e9rheti a gyermekeket eg\u00e9szen feln\u0151tt korukig, ugyanis egy j\u00f3 mem\u00f3riaj\u00e1t\u00e9k nagyon j\u00f3 kikapcsol\u00f3d\u00e1s tud lenni m\u00e9g feln\u0151tt fejjel is. Mi legal\u00e1bbis a mai napig szeretj\u00fck! \ud83d\ude42<\/p>\n<p>1\u00e9ves korban a szavak tanul\u00e1s\u00e1hoz, \u00e9s az \u00e1llatok felismer\u00e9s\u00e9hez t\u00f6k\u00e9letes lehet.<br \/>\nAmivel m\u00e9g izgalmasabb\u00e1 tehetitek a j\u00e1t\u00e9kot a kicsiknek, ha ezekb\u0151l az \u00e1llatokb\u00f3l kis figur\u00e1kat tesztek a k\u00e1rty\u00e1k mell\u00e9. Itt a feladat, hogy keress\u00e9k meg melyik \u00e1llat van a k\u00e9pen, \u00e9s tegy\u00e9k r\u00e1.<\/p>\n<p>Ha m\u00e1r nagyobbak a gyerekek akkor felfele ford\u00edtva tudunk j\u00e1tszani, \u00e9s p\u00e1rokat keresni.<\/p>\n<p>Ha m\u00e1r ebb\u0151l is kin\u0151tt a gyermek akkor pedig mem\u00f3riak\u00e1rtyak\u00e9nt funkcion\u00e1lhat a j\u00e1t\u00e9k! \ud83d\ude42<\/p>\n<p>Ez egy kimondottan t\u00e9li t\u00e9m\u00e1j\u00fa k\u00e1rtyacsomag, melyet \u00c9n T\u00f3th-W\u00e9ber Dana \u00e1lmodtam, \u00e9s rajzoltam meg.<br \/>\nHatalmas szeretettel k\u00e9sz\u00fclt, rem\u00e9lem a gyermekeitek \u00e9ppannyira im\u00e1dj\u00e1k, mint amennyire \u00e9n im\u00e1dtam k\u00e9sz\u00edteni.<\/p>\n<p>Mikul\u00e1sra \u00e9s Kar\u00e1csonyra szuper v\u00e1laszt\u00e1s lehet a kicsiknek! \ud83d\ude42<\/p>","protected":false},"featured_media":5968,"comment_status":"open","ping_status":"closed","template":"","meta":[],"product_brand":[],"product_cat":[144,145],"product_tag":[],"class_list":{"0":"post-5783","1":"product","2":"type-product","3":"status-publish","4":"has-post-thumbnail","6":"product_cat-kartyajatekaink","7":"product_cat-kartyajatekaink-2","9":"first","10":"outofstock","11":"taxable","12":"shipping-taxable","13":"purchasable","14":"product-type-simple"},"yoast_head":"<!-- This site is optimized with the Yoast SEO plugin v27.5 - https:\/\/yoast.com\/product\/yoast-seo-wordpress\/ -->\n<title>F\u00e1z\u00f3s \u00e1llatok k\u00e1rtyaj\u00e1t\u00e9k - IrgumburgumStudio<\/title>\n<meta name=\"robots\" content=\"index, follow, max-snippet:-1, max-image-preview:large, max-video-preview:-1\" \/>\n<link rel=\"canonical\" href=\"https:\/\/irgumburgumstudio.hu\/en\/bolt\/fejleszto-jatekok\/kartyajatekaink\/fazos-allatok-kartyajatek\/\" \/>\n<meta property=\"og:locale\" content=\"en_US\" \/>\n<meta property=\"og:type\" content=\"article\" \/>\n<meta property=\"og:title\" content=\"F\u00e1z\u00f3s \u00e1llatok k\u00e1rtyaj\u00e1t\u00e9k - IrgumburgumStudio\" \/>\n<meta property=\"og:description\" content=\"( V\u00e1rhat\u00f3 sz\u00e1ll\u00edt\u00e1si id\u0151: 1-3 munkanap )  F\u00e1z\u00f3s \u00c1llatok k\u00e1rtyacsomag  A csomag tartalma: -11 p\u00e1r k\u00e1rtya -Doboz  A k\u00e1rtycsomagot \u00fagy \u00e1lmodtam meg, hogy 1 \u00e9ves kort\u00f3l m\u00e1r tudunk j\u00e1tszani vele. Ha vigy\u00e1zunk a k\u00e1rty\u00e1kra, akkor v\u00e9gigk\u00eds\u00e9rheti a gyermekeket eg\u00e9szen feln\u0151tt korukig, ugyanis egy j\u00f3 mem\u00f3riaj\u00e1t\u00e9k nagyon j\u00f3 kikapcsol\u00f3d\u00e1s tud lenni m\u00e9g feln\u0151tt fejjel is. Mi legal\u00e1bbis a mai napig szeretj\u00fck! :)  1\u00e9ves korban a szavak tanul\u00e1s\u00e1hoz, \u00e9s az \u00e1llatok felismer\u00e9s\u00e9hez t\u00f6k\u00e9letes lehet. Amivel m\u00e9g izgalmasabb\u00e1 tehetitek a j\u00e1t\u00e9kot a kicsiknek, ha ezekb\u0151l az \u00e1llatokb\u00f3l kis figur\u00e1kat tesztek a k\u00e1rty\u00e1k mell\u00e9. Itt a feladat, hogy keress\u00e9k meg melyik \u00e1llat van a k\u00e9pen, \u00e9s tegy\u00e9k r\u00e1.  Ha m\u00e1r nagyobbak a gyerekek akkor felfele ford\u00edtva tudunk j\u00e1tszani, \u00e9s p\u00e1rokat keresni.  Ha m\u00e1r ebb\u0151l is kin\u0151tt a gyermek akkor pedig mem\u00f3riak\u00e1rtyak\u00e9nt funkcion\u00e1lhat a j\u00e1t\u00e9k! :)  Ez egy kimondottan t\u00e9li t\u00e9m\u00e1j\u00fa k\u00e1rtyacsomag, melyet \u00c9n T\u00f3th-W\u00e9ber Dana \u00e1lmodtam, \u00e9s rajzoltam meg. Hatalmas szeretettel k\u00e9sz\u00fclt, rem\u00e9lem a gyermekeitek \u00e9ppannyira im\u00e1dj\u00e1k, mint amennyire \u00e9n im\u00e1dtam k\u00e9sz\u00edteni.  Mikul\u00e1sra \u00e9s Kar\u00e1csonyra szuper v\u00e1laszt\u00e1s lehet a kicsiknek! :)\" \/>\n<meta property=\"og:url\" content=\"https:\/\/irgumburgumstudio.hu\/en\/bolt\/fejleszto-jatekok\/kartyajatekaink\/fazos-allatok-kartyajatek\/\" \/>\n<meta property=\"og:site_name\" content=\"IrgumburgumStudio\" \/>\n<meta property=\"article:publisher\" content=\"https:\/\/www.facebook.com\/profile.php?id=100040055444498\" \/>\n<meta property=\"article:modified_time\" content=\"2025-06-01T07:26:40+00:00\" \/>\n<meta property=\"og:image\" content=\"https:\/\/irgumburgumstudio.hu\/wp-content\/uploads\/2022\/11\/IMG_1737-min-scaled.jpeg\" \/>\n\t<meta property=\"og:image:width\" content=\"2560\" \/>\n\t<meta property=\"og:image:height\" content=\"1920\" \/>\n\t<meta property=\"og:image:type\" content=\"image\/jpeg\" \/>\n<meta name=\"twitter:card\" content=\"summary_large_image\" \/>\n<meta name=\"twitter:label1\" content=\"Est. reading time\" \/>\n\t<meta name=\"twitter:data1\" content=\"1 minute\" \/>\n<script type=\"application\/ld+json\" class=\"yoast-schema-graph\">{\"@context\":\"https:\\\/\\\/schema.org\",\"@graph\":[{\"@type\":\"WebPage\",\"@id\":\"https:\\\/\\\/irgumburgumstudio.hu\\\/bolt\\\/fejleszto-jatekok\\\/kartyajatekaink\\\/fazos-allatok-kartyajatek\\\/\",\"url\":\"https:\\\/\\\/irgumburgumstudio.hu\\\/bolt\\\/fejleszto-jatekok\\\/kartyajatekaink\\\/fazos-allatok-kartyajatek\\\/\",\"name\":\"F\u00e1z\u00f3s \u00e1llatok k\u00e1rtyaj\u00e1t\u00e9k - IrgumburgumStudio\",\"isPartOf\":{\"@id\":\"https:\\\/\\\/irgumburgumstudio.hu\\\/#website\"},\"primaryImageOfPage\":{\"@id\":\"https:\\\/\\\/irgumburgumstudio.hu\\\/bolt\\\/fejleszto-jatekok\\\/kartyajatekaink\\\/fazos-allatok-kartyajatek\\\/#primaryimage\"},\"image\":{\"@id\":\"https:\\\/\\\/irgumburgumstudio.hu\\\/bolt\\\/fejleszto-jatekok\\\/kartyajatekaink\\\/fazos-allatok-kartyajatek\\\/#primaryimage\"},\"thumbnailUrl\":\"https:\\\/\\\/irgumburgumstudio.hu\\\/wp-content\\\/uploads\\\/2022\\\/11\\\/IMG_1737-min-scaled.jpeg\",\"datePublished\":\"2022-10-10T14:54:51+00:00\",\"dateModified\":\"2025-06-01T07:26:40+00:00\",\"breadcrumb\":{\"@id\":\"https:\\\/\\\/irgumburgumstudio.hu\\\/bolt\\\/fejleszto-jatekok\\\/kartyajatekaink\\\/fazos-allatok-kartyajatek\\\/#breadcrumb\"},\"inLanguage\":\"en-US\",\"potentialAction\":[{\"@type\":\"ReadAction\",\"target\":[\"https:\\\/\\\/irgumburgumstudio.hu\\\/bolt\\\/fejleszto-jatekok\\\/kartyajatekaink\\\/fazos-allatok-kartyajatek\\\/\"]}]},{\"@type\":\"ImageObject\",\"inLanguage\":\"en-US\",\"@id\":\"https:\\\/\\\/irgumburgumstudio.hu\\\/bolt\\\/fejleszto-jatekok\\\/kartyajatekaink\\\/fazos-allatok-kartyajatek\\\/#primaryimage\",\"url\":\"https:\\\/\\\/irgumburgumstudio.hu\\\/wp-content\\\/uploads\\\/2022\\\/11\\\/IMG_1737-min-scaled.jpeg\",\"contentUrl\":\"https:\\\/\\\/irgumburgumstudio.hu\\\/wp-content\\\/uploads\\\/2022\\\/11\\\/IMG_1737-min-scaled.jpeg\",\"width\":2560,\"height\":1920},{\"@type\":\"BreadcrumbList\",\"@id\":\"https:\\\/\\\/irgumburgumstudio.hu\\\/bolt\\\/fejleszto-jatekok\\\/kartyajatekaink\\\/fazos-allatok-kartyajatek\\\/#breadcrumb\",\"itemListElement\":[{\"@type\":\"ListItem\",\"position\":1,\"name\":\"Home\",\"item\":\"https:\\\/\\\/irgumburgumstudio.hu\\\/\"},{\"@type\":\"ListItem\",\"position\":2,\"name\":\"Bolt\",\"item\":\"https:\\\/\\\/irgumburgumstudio.hu\\\/bolt\\\/\"},{\"@type\":\"ListItem\",\"position\":3,\"name\":\"F\u00e1z\u00f3s \u00e1llatok k\u00e1rtyaj\u00e1t\u00e9k\"}]},{\"@type\":\"WebSite\",\"@id\":\"https:\\\/\\\/irgumburgumstudio.hu\\\/#website\",\"url\":\"https:\\\/\\\/irgumburgumstudio.hu\\\/\",\"name\":\"IrgumburgumStudio\",\"description\":\"IrgumburgumStudio - k\u00e9zzel k\u00e9sz\u00edtett egyedi term\u00e9kek.\",\"publisher\":{\"@id\":\"https:\\\/\\\/irgumburgumstudio.hu\\\/#organization\"},\"potentialAction\":[{\"@type\":\"SearchAction\",\"target\":{\"@type\":\"EntryPoint\",\"urlTemplate\":\"https:\\\/\\\/irgumburgumstudio.hu\\\/?s={search_term_string}\"},\"query-input\":{\"@type\":\"PropertyValueSpecification\",\"valueRequired\":true,\"valueName\":\"search_term_string\"}}],\"inLanguage\":\"en-US\"},{\"@type\":\"Organization\",\"@id\":\"https:\\\/\\\/irgumburgumstudio.hu\\\/#organization\",\"name\":\"IrgumburgumStudio\",\"url\":\"https:\\\/\\\/irgumburgumstudio.hu\\\/\",\"logo\":{\"@type\":\"ImageObject\",\"inLanguage\":\"en-US\",\"@id\":\"https:\\\/\\\/irgumburgumstudio.hu\\\/#\\\/schema\\\/logo\\\/image\\\/\",\"url\":\"https:\\\/\\\/irgumburgumstudio.hu\\\/wp-content\\\/uploads\\\/2019\\\/10\\\/cropped-logoszines-min.png\",\"contentUrl\":\"https:\\\/\\\/irgumburgumstudio.hu\\\/wp-content\\\/uploads\\\/2019\\\/10\\\/cropped-logoszines-min.png\",\"width\":512,\"height\":512,\"caption\":\"IrgumburgumStudio\"},\"image\":{\"@id\":\"https:\\\/\\\/irgumburgumstudio.hu\\\/#\\\/schema\\\/logo\\\/image\\\/\"},\"sameAs\":[\"https:\\\/\\\/www.facebook.com\\\/profile.php?id=100040055444498\"]}]}<\/script>\n<!-- \/ Yoast SEO plugin. -->","yoast_head_json":{"title":"F\u00e1z\u00f3s \u00e1llatok k\u00e1rtyaj\u00e1t\u00e9k - IrgumburgumStudio","robots":{"index":"index","follow":"follow","max-snippet":"max-snippet:-1","max-image-preview":"max-image-preview:large","max-video-preview":"max-video-preview:-1"},"canonical":"https:\/\/irgumburgumstudio.hu\/en\/bolt\/fejleszto-jatekok\/kartyajatekaink\/fazos-allatok-kartyajatek\/","og_locale":"en_US","og_type":"article","og_title":"F\u00e1z\u00f3s \u00e1llatok k\u00e1rtyaj\u00e1t\u00e9k - IrgumburgumStudio","og_description":"( V\u00e1rhat\u00f3 sz\u00e1ll\u00edt\u00e1si id\u0151: 1-3 munkanap )  F\u00e1z\u00f3s \u00c1llatok k\u00e1rtyacsomag  A csomag tartalma: -11 p\u00e1r k\u00e1rtya -Doboz  A k\u00e1rtycsomagot \u00fagy \u00e1lmodtam meg, hogy 1 \u00e9ves kort\u00f3l m\u00e1r tudunk j\u00e1tszani vele. Ha vigy\u00e1zunk a k\u00e1rty\u00e1kra, akkor v\u00e9gigk\u00eds\u00e9rheti a gyermekeket eg\u00e9szen feln\u0151tt korukig, ugyanis egy j\u00f3 mem\u00f3riaj\u00e1t\u00e9k nagyon j\u00f3 kikapcsol\u00f3d\u00e1s tud lenni m\u00e9g feln\u0151tt fejjel is. Mi legal\u00e1bbis a mai napig szeretj\u00fck! :)  1\u00e9ves korban a szavak tanul\u00e1s\u00e1hoz, \u00e9s az \u00e1llatok felismer\u00e9s\u00e9hez t\u00f6k\u00e9letes lehet. Amivel m\u00e9g izgalmasabb\u00e1 tehetitek a j\u00e1t\u00e9kot a kicsiknek, ha ezekb\u0151l az \u00e1llatokb\u00f3l kis figur\u00e1kat tesztek a k\u00e1rty\u00e1k mell\u00e9. Itt a feladat, hogy keress\u00e9k meg melyik \u00e1llat van a k\u00e9pen, \u00e9s tegy\u00e9k r\u00e1.  Ha m\u00e1r nagyobbak a gyerekek akkor felfele ford\u00edtva tudunk j\u00e1tszani, \u00e9s p\u00e1rokat keresni.  Ha m\u00e1r ebb\u0151l is kin\u0151tt a gyermek akkor pedig mem\u00f3riak\u00e1rtyak\u00e9nt funkcion\u00e1lhat a j\u00e1t\u00e9k! :)  Ez egy kimondottan t\u00e9li t\u00e9m\u00e1j\u00fa k\u00e1rtyacsomag, melyet \u00c9n T\u00f3th-W\u00e9ber Dana \u00e1lmodtam, \u00e9s rajzoltam meg. Hatalmas szeretettel k\u00e9sz\u00fclt, rem\u00e9lem a gyermekeitek \u00e9ppannyira im\u00e1dj\u00e1k, mint amennyire \u00e9n im\u00e1dtam k\u00e9sz\u00edteni.  Mikul\u00e1sra \u00e9s Kar\u00e1csonyra szuper v\u00e1laszt\u00e1s lehet a kicsiknek! :)","og_url":"https:\/\/irgumburgumstudio.hu\/en\/bolt\/fejleszto-jatekok\/kartyajatekaink\/fazos-allatok-kartyajatek\/","og_site_name":"IrgumburgumStudio","article_publisher":"https:\/\/www.facebook.com\/profile.php?id=100040055444498","article_modified_time":"2025-06-01T07:26:40+00:00","og_image":[{"width":2560,"height":1920,"url":"https:\/\/irgumburgumstudio.hu\/wp-content\/uploads\/2022\/11\/IMG_1737-min-scaled.jpeg","type":"image\/jpeg"}],"twitter_card":"summary_large_image","twitter_misc":{"Est. reading time":"1 minute"},"schema":{"@context":"https:\/\/schema.org","@graph":[{"@type":"WebPage","@id":"https:\/\/irgumburgumstudio.hu\/bolt\/fejleszto-jatekok\/kartyajatekaink\/fazos-allatok-kartyajatek\/","url":"https:\/\/irgumburgumstudio.hu\/bolt\/fejleszto-jatekok\/kartyajatekaink\/fazos-allatok-kartyajatek\/","name":"F\u00e1z\u00f3s \u00e1llatok k\u00e1rtyaj\u00e1t\u00e9k - IrgumburgumStudio","isPartOf":{"@id":"https:\/\/irgumburgumstudio.hu\/#website"},"primaryImageOfPage":{"@id":"https:\/\/irgumburgumstudio.hu\/bolt\/fejleszto-jatekok\/kartyajatekaink\/fazos-allatok-kartyajatek\/#primaryimage"},"image":{"@id":"https:\/\/irgumburgumstudio.hu\/bolt\/fejleszto-jatekok\/kartyajatekaink\/fazos-allatok-kartyajatek\/#primaryimage"},"thumbnailUrl":"https:\/\/irgumburgumstudio.hu\/wp-content\/uploads\/2022\/11\/IMG_1737-min-scaled.jpeg","datePublished":"2022-10-10T14:54:51+00:00","dateModified":"2025-06-01T07:26:40+00:00","breadcrumb":{"@id":"https:\/\/irgumburgumstudio.hu\/bolt\/fejleszto-jatekok\/kartyajatekaink\/fazos-allatok-kartyajatek\/#breadcrumb"},"inLanguage":"en-US","potentialAction":[{"@type":"ReadAction","target":["https:\/\/irgumburgumstudio.hu\/bolt\/fejleszto-jatekok\/kartyajatekaink\/fazos-allatok-kartyajatek\/"]}]},{"@type":"ImageObject","inLanguage":"en-US","@id":"https:\/\/irgumburgumstudio.hu\/bolt\/fejleszto-jatekok\/kartyajatekaink\/fazos-allatok-kartyajatek\/#primaryimage","url":"https:\/\/irgumburgumstudio.hu\/wp-content\/uploads\/2022\/11\/IMG_1737-min-scaled.jpeg","contentUrl":"https:\/\/irgumburgumstudio.hu\/wp-content\/uploads\/2022\/11\/IMG_1737-min-scaled.jpeg","width":2560,"height":1920},{"@type":"BreadcrumbList","@id":"https:\/\/irgumburgumstudio.hu\/bolt\/fejleszto-jatekok\/kartyajatekaink\/fazos-allatok-kartyajatek\/#breadcrumb","itemListElement":[{"@type":"ListItem","position":1,"name":"Home","item":"https:\/\/irgumburgumstudio.hu\/"},{"@type":"ListItem","position":2,"name":"Bolt","item":"https:\/\/irgumburgumstudio.hu\/bolt\/"},{"@type":"ListItem","position":3,"name":"F\u00e1z\u00f3s \u00e1llatok k\u00e1rtyaj\u00e1t\u00e9k"}]},{"@type":"WebSite","@id":"https:\/\/irgumburgumstudio.hu\/#website","url":"https:\/\/irgumburgumstudio.hu\/","name":"IrgumburgumStudio","description":"IrgumburgumStudio - k\u00e9zzel k\u00e9sz\u00edtett egyedi term\u00e9kek.","publisher":{"@id":"https:\/\/irgumburgumstudio.hu\/#organization"},"potentialAction":[{"@type":"SearchAction","target":{"@type":"EntryPoint","urlTemplate":"https:\/\/irgumburgumstudio.hu\/?s={search_term_string}"},"query-input":{"@type":"PropertyValueSpecification","valueRequired":true,"valueName":"search_term_string"}}],"inLanguage":"en-US"},{"@type":"Organization","@id":"https:\/\/irgumburgumstudio.hu\/#organization","name":"IrgumburgumStudio","url":"https:\/\/irgumburgumstudio.hu\/","logo":{"@type":"ImageObject","inLanguage":"en-US","@id":"https:\/\/irgumburgumstudio.hu\/#\/schema\/logo\/image\/","url":"https:\/\/irgumburgumstudio.hu\/wp-content\/uploads\/2019\/10\/cropped-logoszines-min.png","contentUrl":"https:\/\/irgumburgumstudio.hu\/wp-content\/uploads\/2019\/10\/cropped-logoszines-min.png","width":512,"height":512,"caption":"IrgumburgumStudio"},"image":{"@id":"https:\/\/irgumburgumstudio.hu\/#\/schema\/logo\/image\/"},"sameAs":["https:\/\/www.facebook.com\/profile.php?id=100040055444498"]}]}},"_links":{"self":[{"href":"https:\/\/irgumburgumstudio.hu\/en\/wp-json\/wp\/v2\/product\/5783","targetHints":{"allow":["GET"]}}],"collection":[{"href":"https:\/\/irgumburgumstudio.hu\/en\/wp-json\/wp\/v2\/product"}],"about":[{"href":"https:\/\/irgumburgumstudio.hu\/en\/wp-json\/wp\/v2\/types\/product"}],"replies":[{"embeddable":true,"href":"https:\/\/irgumburgumstudio.hu\/en\/wp-json\/wp\/v2\/comments?post=5783"}],"wp:featuredmedia":[{"embeddable":true,"href":"https:\/\/irgumburgumstudio.hu\/en\/wp-json\/wp\/v2\/media\/5968"}],"wp:attachment":[{"href":"https:\/\/irgumburgumstudio.hu\/en\/wp-json\/wp\/v2\/media?parent=5783"}],"wp:term":[{"taxonomy":"product_brand","embeddable":true,"href":"https:\/\/irgumburgumstudio.hu\/en\/wp-json\/wp\/v2\/product_brand?post=5783"},{"taxonomy":"product_cat","embeddable":true,"href":"https:\/\/irgumburgumstudio.hu\/en\/wp-json\/wp\/v2\/product_cat?post=5783"},{"taxonomy":"product_tag","embeddable":true,"href":"https:\/\/irgumburgumstudio.hu\/en\/wp-json\/wp\/v2\/product_tag?post=5783"}],"curies":[{"name":"wp","href":"https:\/\/api.w.org\/{rel}","templated":true}]}}