{"id":5359,"date":"2022-04-28T07:59:49","date_gmt":"2022-04-28T07:59:49","guid":{"rendered":"https:\/\/irgumburgumstudio.hu\/?post_type=product&#038;p=5359"},"modified":"2025-06-01T07:26:48","modified_gmt":"2025-06-01T07:26:48","slug":"kisbabam-falikep","status":"publish","type":"product","link":"https:\/\/irgumburgumstudio.hu\/en\/bolt\/egyedi-megrendelesek\/kisbabam-falikep\/","title":{"rendered":"EGYEDI PORTR\u00c9 KISBAB\u00c1DR\u00d3L"},"content":{"rendered":"","protected":false},"excerpt":{"rendered":"<p><strong>Egy \u00f6r\u00f6k eml\u00e9k, a babaszoba d\u00edsze egy f\u00e9nyk\u00e9p alapj\u00e1n meg\u00f6r\u00f6k\u00edtve.<br \/>\n<\/strong>Ezt, mint sok m\u00e1sik term\u00e9kemet is kisl\u00e1nyom inspir\u00e1lta.<\/p>\n<p><strong>Amit tudnod kell a term\u00e9kr\u0151l:<\/strong><br \/>\n-A3-as m\u00e9retben k\u00e9sz\u00fcl.<br \/>\n-Digit\u00e1lis form\u00e1tum. (Mindenben seg\u00edtek, hogy hol \u00e9s milyen ar\u00e1nyokkal tudod kinyomtattatni a k\u00e9pet!)<\/p>\n<p><strong>Amire nekem sz\u00fcks\u00e9gem van:<br \/>\n<\/strong>-Kisbab\u00e1d neve, sz\u00fclet\u00e9si d\u00e1tuma (v\u00e1laszthat\u00f3 mindkett\u0151)<br \/>\n-Egy a fot\u00f3n l\u00e1that\u00f3hoz hasonl\u00f3 k\u00e9p kisbab\u00e1dr\u00f3l.<br \/>\n-Ha van kedvenc, vagy nem kedvenc \u00e1llat, akkor mell\u00e9 mehet \u0151 is. (egy j\u00f3 kis otthoni fot\u00f3z\u00e1st alakulhat ki az eg\u00e9szb\u0151l! \ud83d\ude42 )<\/p>\n<p><strong>Amire sz\u00e1m\u00edthatsz:<br \/>\n<\/strong>-A koszor\u00fa adott, minden esetben ilyen lesz.<br \/>\n-Te v\u00e1laszhatod ki hogy milyen sz\u00edn\u0171 legyen a kisbab\u00e1d ruh\u00e1ja. Ha azt szeretn\u00e9d hogy maradjon olyan amilyen a k\u00e9pen amit elk\u00e9sz\u00edtettetek, akkor maradhat olyan, de v\u00e1laszthatsz is.<br \/>\n-Lehet cs\u00edkos-p\u00f6tty\u00f6s-vir\u00e1gos-sima a ruh\u00e1ja.<br \/>\n-A fot\u00f3 alapj\u00e1n dolgozom, \u00edgy abban a p\u00f3zban lesz mindene a kisbab\u00e1dnak, mint ahogyan az a f\u00e9nyk\u00e9pen is van! \ud83d\ude42<\/p>\n<p><em>Miut\u00e1n megrendelted a k\u00e9pet, k\u00e9rlek k\u00fcldj emailben nek\u00fcnk egy r\u00e9szletes dokument\u00e1ci\u00f3t, azt ami az elk\u00e9pzel\u00e9sed, ak\u00e1r a gyerekszob\u00e1r\u00f3l f\u00e9nyk\u00e9pet, hogy biztosan passzoljon minden! \ud83d\ude42<\/em><br \/>\n<em>\u00c9s nagyon v\u00e1rjuk a cukibbn\u00e1l cukibb k\u00e9peket is!<\/em><\/p>","protected":false},"featured_media":5361,"comment_status":"open","ping_status":"closed","template":"","meta":[],"product_brand":[],"product_cat":[147],"product_tag":[],"class_list":{"0":"post-5359","1":"product","2":"type-product","3":"status-publish","4":"has-post-thumbnail","6":"product_cat-egyedi-megrendelesek","8":"first","9":"outofstock","10":"downloadable","11":"virtual","12":"taxable","13":"purchasable","14":"product-type-simple"},"yoast_head":"<!-- This site is optimized with the Yoast SEO plugin v27.4 - https:\/\/yoast.com\/product\/yoast-seo-wordpress\/ -->\n<title>EGYEDI PORTR\u00c9 KISBAB\u00c1DR\u00d3L - IrgumburgumStudio<\/title>\n<meta name=\"robots\" content=\"index, follow, max-snippet:-1, max-image-preview:large, max-video-preview:-1\" \/>\n<link rel=\"canonical\" href=\"https:\/\/irgumburgumstudio.hu\/en\/bolt\/egyedi-megrendelesek\/kisbabam-falikep\/\" \/>\n<meta property=\"og:locale\" content=\"en_US\" \/>\n<meta property=\"og:type\" content=\"article\" \/>\n<meta property=\"og:title\" content=\"EGYEDI PORTR\u00c9 KISBAB\u00c1DR\u00d3L - IrgumburgumStudio\" \/>\n<meta property=\"og:description\" content=\"Egy \u00f6r\u00f6k eml\u00e9k, a babaszoba d\u00edsze egy f\u00e9nyk\u00e9p alapj\u00e1n meg\u00f6r\u00f6k\u00edtve. Ezt, mint sok m\u00e1sik term\u00e9kemet is kisl\u00e1nyom inspir\u00e1lta.  Amit tudnod kell a term\u00e9kr\u0151l: -A3-as m\u00e9retben k\u00e9sz\u00fcl. -Digit\u00e1lis form\u00e1tum. (Mindenben seg\u00edtek, hogy hol \u00e9s milyen ar\u00e1nyokkal tudod kinyomtattatni a k\u00e9pet!)  Amire nekem sz\u00fcks\u00e9gem van: -Kisbab\u00e1d neve, sz\u00fclet\u00e9si d\u00e1tuma (v\u00e1laszthat\u00f3 mindkett\u0151) -Egy a fot\u00f3n l\u00e1that\u00f3hoz hasonl\u00f3 k\u00e9p kisbab\u00e1dr\u00f3l. -Ha van kedvenc, vagy nem kedvenc \u00e1llat, akkor mell\u00e9 mehet \u0151 is. (egy j\u00f3 kis otthoni fot\u00f3z\u00e1st alakulhat ki az eg\u00e9szb\u0151l! :) )  Amire sz\u00e1m\u00edthatsz: -A koszor\u00fa adott, minden esetben ilyen lesz. -Te v\u00e1laszhatod ki hogy milyen sz\u00edn\u0171 legyen a kisbab\u00e1d ruh\u00e1ja. Ha azt szeretn\u00e9d hogy maradjon olyan amilyen a k\u00e9pen amit elk\u00e9sz\u00edtettetek, akkor maradhat olyan, de v\u00e1laszthatsz is. -Lehet cs\u00edkos-p\u00f6tty\u00f6s-vir\u00e1gos-sima a ruh\u00e1ja. -A fot\u00f3 alapj\u00e1n dolgozom, \u00edgy abban a p\u00f3zban lesz mindene a kisbab\u00e1dnak, mint ahogyan az a f\u00e9nyk\u00e9pen is van! :)  Miut\u00e1n megrendelted a k\u00e9pet, k\u00e9rlek k\u00fcldj emailben nek\u00fcnk egy r\u00e9szletes dokument\u00e1ci\u00f3t, azt ami az elk\u00e9pzel\u00e9sed, ak\u00e1r a gyerekszob\u00e1r\u00f3l f\u00e9nyk\u00e9pet, hogy biztosan passzoljon minden! :) \u00c9s nagyon v\u00e1rjuk a cukibbn\u00e1l cukibb k\u00e9peket is!\" \/>\n<meta property=\"og:url\" content=\"https:\/\/irgumburgumstudio.hu\/en\/bolt\/egyedi-megrendelesek\/kisbabam-falikep\/\" \/>\n<meta property=\"og:site_name\" content=\"IrgumburgumStudio\" \/>\n<meta property=\"article:publisher\" content=\"https:\/\/www.facebook.com\/profile.php?id=100040055444498\" \/>\n<meta property=\"article:modified_time\" content=\"2025-06-01T07:26:48+00:00\" \/>\n<meta property=\"og:image\" content=\"https:\/\/irgumburgumstudio.hu\/wp-content\/uploads\/2022\/04\/ACS_0200-min-scaled.jpeg\" \/>\n\t<meta property=\"og:image:width\" content=\"1920\" \/>\n\t<meta property=\"og:image:height\" content=\"2560\" \/>\n\t<meta property=\"og:image:type\" content=\"image\/jpeg\" \/>\n<meta name=\"twitter:card\" content=\"summary_large_image\" \/>\n<meta name=\"twitter:label1\" content=\"Est. reading time\" \/>\n\t<meta name=\"twitter:data1\" content=\"1 minute\" \/>\n<script type=\"application\/ld+json\" class=\"yoast-schema-graph\">{\"@context\":\"https:\\\/\\\/schema.org\",\"@graph\":[{\"@type\":\"WebPage\",\"@id\":\"https:\\\/\\\/irgumburgumstudio.hu\\\/bolt\\\/egyedi-megrendelesek\\\/kisbabam-falikep\\\/\",\"url\":\"https:\\\/\\\/irgumburgumstudio.hu\\\/bolt\\\/egyedi-megrendelesek\\\/kisbabam-falikep\\\/\",\"name\":\"EGYEDI PORTR\u00c9 KISBAB\u00c1DR\u00d3L - IrgumburgumStudio\",\"isPartOf\":{\"@id\":\"https:\\\/\\\/irgumburgumstudio.hu\\\/#website\"},\"primaryImageOfPage\":{\"@id\":\"https:\\\/\\\/irgumburgumstudio.hu\\\/bolt\\\/egyedi-megrendelesek\\\/kisbabam-falikep\\\/#primaryimage\"},\"image\":{\"@id\":\"https:\\\/\\\/irgumburgumstudio.hu\\\/bolt\\\/egyedi-megrendelesek\\\/kisbabam-falikep\\\/#primaryimage\"},\"thumbnailUrl\":\"https:\\\/\\\/irgumburgumstudio.hu\\\/wp-content\\\/uploads\\\/2022\\\/04\\\/ACS_0200-min-scaled.jpeg\",\"datePublished\":\"2022-04-28T07:59:49+00:00\",\"dateModified\":\"2025-06-01T07:26:48+00:00\",\"breadcrumb\":{\"@id\":\"https:\\\/\\\/irgumburgumstudio.hu\\\/bolt\\\/egyedi-megrendelesek\\\/kisbabam-falikep\\\/#breadcrumb\"},\"inLanguage\":\"en-US\",\"potentialAction\":[{\"@type\":\"ReadAction\",\"target\":[\"https:\\\/\\\/irgumburgumstudio.hu\\\/bolt\\\/egyedi-megrendelesek\\\/kisbabam-falikep\\\/\"]}]},{\"@type\":\"ImageObject\",\"inLanguage\":\"en-US\",\"@id\":\"https:\\\/\\\/irgumburgumstudio.hu\\\/bolt\\\/egyedi-megrendelesek\\\/kisbabam-falikep\\\/#primaryimage\",\"url\":\"https:\\\/\\\/irgumburgumstudio.hu\\\/wp-content\\\/uploads\\\/2022\\\/04\\\/ACS_0200-min-scaled.jpeg\",\"contentUrl\":\"https:\\\/\\\/irgumburgumstudio.hu\\\/wp-content\\\/uploads\\\/2022\\\/04\\\/ACS_0200-min-scaled.jpeg\",\"width\":1920,\"height\":2560},{\"@type\":\"BreadcrumbList\",\"@id\":\"https:\\\/\\\/irgumburgumstudio.hu\\\/bolt\\\/egyedi-megrendelesek\\\/kisbabam-falikep\\\/#breadcrumb\",\"itemListElement\":[{\"@type\":\"ListItem\",\"position\":1,\"name\":\"Home\",\"item\":\"https:\\\/\\\/irgumburgumstudio.hu\\\/\"},{\"@type\":\"ListItem\",\"position\":2,\"name\":\"Bolt\",\"item\":\"https:\\\/\\\/irgumburgumstudio.hu\\\/bolt\\\/\"},{\"@type\":\"ListItem\",\"position\":3,\"name\":\"EGYEDI PORTR\u00c9 KISBAB\u00c1DR\u00d3L\"}]},{\"@type\":\"WebSite\",\"@id\":\"https:\\\/\\\/irgumburgumstudio.hu\\\/#website\",\"url\":\"https:\\\/\\\/irgumburgumstudio.hu\\\/\",\"name\":\"IrgumburgumStudio\",\"description\":\"IrgumburgumStudio - k\u00e9zzel k\u00e9sz\u00edtett egyedi term\u00e9kek.\",\"publisher\":{\"@id\":\"https:\\\/\\\/irgumburgumstudio.hu\\\/#organization\"},\"potentialAction\":[{\"@type\":\"SearchAction\",\"target\":{\"@type\":\"EntryPoint\",\"urlTemplate\":\"https:\\\/\\\/irgumburgumstudio.hu\\\/?s={search_term_string}\"},\"query-input\":{\"@type\":\"PropertyValueSpecification\",\"valueRequired\":true,\"valueName\":\"search_term_string\"}}],\"inLanguage\":\"en-US\"},{\"@type\":\"Organization\",\"@id\":\"https:\\\/\\\/irgumburgumstudio.hu\\\/#organization\",\"name\":\"IrgumburgumStudio\",\"url\":\"https:\\\/\\\/irgumburgumstudio.hu\\\/\",\"logo\":{\"@type\":\"ImageObject\",\"inLanguage\":\"en-US\",\"@id\":\"https:\\\/\\\/irgumburgumstudio.hu\\\/#\\\/schema\\\/logo\\\/image\\\/\",\"url\":\"https:\\\/\\\/irgumburgumstudio.hu\\\/wp-content\\\/uploads\\\/2019\\\/10\\\/cropped-logoszines-min.png\",\"contentUrl\":\"https:\\\/\\\/irgumburgumstudio.hu\\\/wp-content\\\/uploads\\\/2019\\\/10\\\/cropped-logoszines-min.png\",\"width\":512,\"height\":512,\"caption\":\"IrgumburgumStudio\"},\"image\":{\"@id\":\"https:\\\/\\\/irgumburgumstudio.hu\\\/#\\\/schema\\\/logo\\\/image\\\/\"},\"sameAs\":[\"https:\\\/\\\/www.facebook.com\\\/profile.php?id=100040055444498\"]}]}<\/script>\n<!-- \/ Yoast SEO plugin. -->","yoast_head_json":{"title":"EGYEDI PORTR\u00c9 KISBAB\u00c1DR\u00d3L - IrgumburgumStudio","robots":{"index":"index","follow":"follow","max-snippet":"max-snippet:-1","max-image-preview":"max-image-preview:large","max-video-preview":"max-video-preview:-1"},"canonical":"https:\/\/irgumburgumstudio.hu\/en\/bolt\/egyedi-megrendelesek\/kisbabam-falikep\/","og_locale":"en_US","og_type":"article","og_title":"EGYEDI PORTR\u00c9 KISBAB\u00c1DR\u00d3L - IrgumburgumStudio","og_description":"Egy \u00f6r\u00f6k eml\u00e9k, a babaszoba d\u00edsze egy f\u00e9nyk\u00e9p alapj\u00e1n meg\u00f6r\u00f6k\u00edtve. Ezt, mint sok m\u00e1sik term\u00e9kemet is kisl\u00e1nyom inspir\u00e1lta.  Amit tudnod kell a term\u00e9kr\u0151l: -A3-as m\u00e9retben k\u00e9sz\u00fcl. -Digit\u00e1lis form\u00e1tum. (Mindenben seg\u00edtek, hogy hol \u00e9s milyen ar\u00e1nyokkal tudod kinyomtattatni a k\u00e9pet!)  Amire nekem sz\u00fcks\u00e9gem van: -Kisbab\u00e1d neve, sz\u00fclet\u00e9si d\u00e1tuma (v\u00e1laszthat\u00f3 mindkett\u0151) -Egy a fot\u00f3n l\u00e1that\u00f3hoz hasonl\u00f3 k\u00e9p kisbab\u00e1dr\u00f3l. -Ha van kedvenc, vagy nem kedvenc \u00e1llat, akkor mell\u00e9 mehet \u0151 is. (egy j\u00f3 kis otthoni fot\u00f3z\u00e1st alakulhat ki az eg\u00e9szb\u0151l! :) )  Amire sz\u00e1m\u00edthatsz: -A koszor\u00fa adott, minden esetben ilyen lesz. -Te v\u00e1laszhatod ki hogy milyen sz\u00edn\u0171 legyen a kisbab\u00e1d ruh\u00e1ja. Ha azt szeretn\u00e9d hogy maradjon olyan amilyen a k\u00e9pen amit elk\u00e9sz\u00edtettetek, akkor maradhat olyan, de v\u00e1laszthatsz is. -Lehet cs\u00edkos-p\u00f6tty\u00f6s-vir\u00e1gos-sima a ruh\u00e1ja. -A fot\u00f3 alapj\u00e1n dolgozom, \u00edgy abban a p\u00f3zban lesz mindene a kisbab\u00e1dnak, mint ahogyan az a f\u00e9nyk\u00e9pen is van! :)  Miut\u00e1n megrendelted a k\u00e9pet, k\u00e9rlek k\u00fcldj emailben nek\u00fcnk egy r\u00e9szletes dokument\u00e1ci\u00f3t, azt ami az elk\u00e9pzel\u00e9sed, ak\u00e1r a gyerekszob\u00e1r\u00f3l f\u00e9nyk\u00e9pet, hogy biztosan passzoljon minden! :) \u00c9s nagyon v\u00e1rjuk a cukibbn\u00e1l cukibb k\u00e9peket is!","og_url":"https:\/\/irgumburgumstudio.hu\/en\/bolt\/egyedi-megrendelesek\/kisbabam-falikep\/","og_site_name":"IrgumburgumStudio","article_publisher":"https:\/\/www.facebook.com\/profile.php?id=100040055444498","article_modified_time":"2025-06-01T07:26:48+00:00","og_image":[{"width":1920,"height":2560,"url":"https:\/\/irgumburgumstudio.hu\/wp-content\/uploads\/2022\/04\/ACS_0200-min-scaled.jpeg","type":"image\/jpeg"}],"twitter_card":"summary_large_image","twitter_misc":{"Est. reading time":"1 minute"},"schema":{"@context":"https:\/\/schema.org","@graph":[{"@type":"WebPage","@id":"https:\/\/irgumburgumstudio.hu\/bolt\/egyedi-megrendelesek\/kisbabam-falikep\/","url":"https:\/\/irgumburgumstudio.hu\/bolt\/egyedi-megrendelesek\/kisbabam-falikep\/","name":"EGYEDI PORTR\u00c9 KISBAB\u00c1DR\u00d3L - IrgumburgumStudio","isPartOf":{"@id":"https:\/\/irgumburgumstudio.hu\/#website"},"primaryImageOfPage":{"@id":"https:\/\/irgumburgumstudio.hu\/bolt\/egyedi-megrendelesek\/kisbabam-falikep\/#primaryimage"},"image":{"@id":"https:\/\/irgumburgumstudio.hu\/bolt\/egyedi-megrendelesek\/kisbabam-falikep\/#primaryimage"},"thumbnailUrl":"https:\/\/irgumburgumstudio.hu\/wp-content\/uploads\/2022\/04\/ACS_0200-min-scaled.jpeg","datePublished":"2022-04-28T07:59:49+00:00","dateModified":"2025-06-01T07:26:48+00:00","breadcrumb":{"@id":"https:\/\/irgumburgumstudio.hu\/bolt\/egyedi-megrendelesek\/kisbabam-falikep\/#breadcrumb"},"inLanguage":"en-US","potentialAction":[{"@type":"ReadAction","target":["https:\/\/irgumburgumstudio.hu\/bolt\/egyedi-megrendelesek\/kisbabam-falikep\/"]}]},{"@type":"ImageObject","inLanguage":"en-US","@id":"https:\/\/irgumburgumstudio.hu\/bolt\/egyedi-megrendelesek\/kisbabam-falikep\/#primaryimage","url":"https:\/\/irgumburgumstudio.hu\/wp-content\/uploads\/2022\/04\/ACS_0200-min-scaled.jpeg","contentUrl":"https:\/\/irgumburgumstudio.hu\/wp-content\/uploads\/2022\/04\/ACS_0200-min-scaled.jpeg","width":1920,"height":2560},{"@type":"BreadcrumbList","@id":"https:\/\/irgumburgumstudio.hu\/bolt\/egyedi-megrendelesek\/kisbabam-falikep\/#breadcrumb","itemListElement":[{"@type":"ListItem","position":1,"name":"Home","item":"https:\/\/irgumburgumstudio.hu\/"},{"@type":"ListItem","position":2,"name":"Bolt","item":"https:\/\/irgumburgumstudio.hu\/bolt\/"},{"@type":"ListItem","position":3,"name":"EGYEDI PORTR\u00c9 KISBAB\u00c1DR\u00d3L"}]},{"@type":"WebSite","@id":"https:\/\/irgumburgumstudio.hu\/#website","url":"https:\/\/irgumburgumstudio.hu\/","name":"IrgumburgumStudio","description":"IrgumburgumStudio - k\u00e9zzel k\u00e9sz\u00edtett egyedi term\u00e9kek.","publisher":{"@id":"https:\/\/irgumburgumstudio.hu\/#organization"},"potentialAction":[{"@type":"SearchAction","target":{"@type":"EntryPoint","urlTemplate":"https:\/\/irgumburgumstudio.hu\/?s={search_term_string}"},"query-input":{"@type":"PropertyValueSpecification","valueRequired":true,"valueName":"search_term_string"}}],"inLanguage":"en-US"},{"@type":"Organization","@id":"https:\/\/irgumburgumstudio.hu\/#organization","name":"IrgumburgumStudio","url":"https:\/\/irgumburgumstudio.hu\/","logo":{"@type":"ImageObject","inLanguage":"en-US","@id":"https:\/\/irgumburgumstudio.hu\/#\/schema\/logo\/image\/","url":"https:\/\/irgumburgumstudio.hu\/wp-content\/uploads\/2019\/10\/cropped-logoszines-min.png","contentUrl":"https:\/\/irgumburgumstudio.hu\/wp-content\/uploads\/2019\/10\/cropped-logoszines-min.png","width":512,"height":512,"caption":"IrgumburgumStudio"},"image":{"@id":"https:\/\/irgumburgumstudio.hu\/#\/schema\/logo\/image\/"},"sameAs":["https:\/\/www.facebook.com\/profile.php?id=100040055444498"]}]}},"_links":{"self":[{"href":"https:\/\/irgumburgumstudio.hu\/en\/wp-json\/wp\/v2\/product\/5359","targetHints":{"allow":["GET"]}}],"collection":[{"href":"https:\/\/irgumburgumstudio.hu\/en\/wp-json\/wp\/v2\/product"}],"about":[{"href":"https:\/\/irgumburgumstudio.hu\/en\/wp-json\/wp\/v2\/types\/product"}],"replies":[{"embeddable":true,"href":"https:\/\/irgumburgumstudio.hu\/en\/wp-json\/wp\/v2\/comments?post=5359"}],"wp:featuredmedia":[{"embeddable":true,"href":"https:\/\/irgumburgumstudio.hu\/en\/wp-json\/wp\/v2\/media\/5361"}],"wp:attachment":[{"href":"https:\/\/irgumburgumstudio.hu\/en\/wp-json\/wp\/v2\/media?parent=5359"}],"wp:term":[{"taxonomy":"product_brand","embeddable":true,"href":"https:\/\/irgumburgumstudio.hu\/en\/wp-json\/wp\/v2\/product_brand?post=5359"},{"taxonomy":"product_cat","embeddable":true,"href":"https:\/\/irgumburgumstudio.hu\/en\/wp-json\/wp\/v2\/product_cat?post=5359"},{"taxonomy":"product_tag","embeddable":true,"href":"https:\/\/irgumburgumstudio.hu\/en\/wp-json\/wp\/v2\/product_tag?post=5359"}],"curies":[{"name":"wp","href":"https:\/\/api.w.org\/{rel}","templated":true}]}}