{"id":5250,"date":"2022-03-01T21:58:38","date_gmt":"2022-03-01T21:58:38","guid":{"rendered":"https:\/\/irgumburgumstudio.hu\/?post_type=product&#038;p=5250"},"modified":"2025-06-01T07:27:01","modified_gmt":"2025-06-01T07:27:01","slug":"szuletesnapi-emlekorzo-ajandek","status":"publish","type":"product","link":"https:\/\/irgumburgumstudio.hu\/en\/bolt\/egyedi-megrendelesek\/szuletesnapi-emlekorzo-ajandek\/","title":{"rendered":"Sz\u00fclet\u00e9snapi eml\u00e9k\u0151rz\u0151 aj\u00e1nd\u00e9k"},"content":{"rendered":"","protected":false},"excerpt":{"rendered":"<p>Ezt a term\u00e9kemet a kisl\u00e1nyom els\u0151 sz\u00fclet\u00e9snapja inspir\u00e1lta.<br \/>\nSzerettem volna, ha adunk neki valamit, amit majd sok sok \u00e9v m\u00falva elolvashat, mosolyogva visszaeml\u00e9kezhet r\u00e1.<br \/>\nMindenki hatalmas szeretettel t\u00f6lt\u00f6gette a sz\u00fclet\u00e9snapi zs\u00far ut\u00e1n a kis lapj\u00e1t.. olyan j\u00f3 volt n\u00e9zni \u0151ket.<\/p>\n<p><strong>A csomag tartalma:<\/strong><br \/>\n-1db A4-es grafika, v\u00e1laszthat\u00f3 \u00e1llattal, bet\u0171sz\u00ednnel.(sokszoros\u00edthat\u00f3)<br \/>\n-1db grafika a5-\u00f6s m\u00e9retben, v\u00e1laszthat\u00f3 sz\u00ednekkel-form\u00e1kkal-\u00e1llatokkal.(sokszoros\u00edthat\u00f3)<\/p>\n<p>Amennyiben a nyuszis opci\u00f3t v\u00e1lasztod, ugyan \u00fagy a bet\u0171 sz\u00edne v\u00e1laszthat\u00f3, teh\u00e1t fi\u00fas k\u00e9pet is lehet bel\u0151le k\u00e9sz\u00edteni!<\/p>\n<p>Elk\u00e9sz\u00fcl\u00e9si id\u0151 nagyj\u00e1b\u00f3l 3 h\u00e9t, onnant\u00f3l kezdve, hogy leegyeztett\u00fck milyen \u00e1llattal \u00e9s sz\u00ednnel szeretn\u00e9d! \ud83d\ude42<\/p>","protected":false},"featured_media":5254,"comment_status":"open","ping_status":"closed","template":"","meta":[],"product_brand":[],"product_cat":[147],"product_tag":[],"class_list":{"0":"post-5250","1":"product","2":"type-product","3":"status-publish","4":"has-post-thumbnail","6":"product_cat-egyedi-megrendelesek","8":"first","9":"outofstock","10":"downloadable","11":"virtual","12":"taxable","13":"purchasable","14":"product-type-simple"},"yoast_head":"<!-- This site is optimized with the Yoast SEO plugin v27.4 - https:\/\/yoast.com\/product\/yoast-seo-wordpress\/ -->\n<title>Sz\u00fclet\u00e9snapi eml\u00e9k\u0151rz\u0151 aj\u00e1nd\u00e9k - IrgumburgumStudio<\/title>\n<meta name=\"robots\" content=\"index, follow, max-snippet:-1, max-image-preview:large, max-video-preview:-1\" \/>\n<link rel=\"canonical\" href=\"https:\/\/irgumburgumstudio.hu\/en\/bolt\/egyedi-megrendelesek\/szuletesnapi-emlekorzo-ajandek\/\" \/>\n<meta property=\"og:locale\" content=\"en_US\" \/>\n<meta property=\"og:type\" content=\"article\" \/>\n<meta property=\"og:title\" content=\"Sz\u00fclet\u00e9snapi eml\u00e9k\u0151rz\u0151 aj\u00e1nd\u00e9k - IrgumburgumStudio\" \/>\n<meta property=\"og:description\" content=\"Ezt a term\u00e9kemet a kisl\u00e1nyom els\u0151 sz\u00fclet\u00e9snapja inspir\u00e1lta. Szerettem volna, ha adunk neki valamit, amit majd sok sok \u00e9v m\u00falva elolvashat, mosolyogva visszaeml\u00e9kezhet r\u00e1. Mindenki hatalmas szeretettel t\u00f6lt\u00f6gette a sz\u00fclet\u00e9snapi zs\u00far ut\u00e1n a kis lapj\u00e1t.. olyan j\u00f3 volt n\u00e9zni \u0151ket.  A csomag tartalma: -1db A4-es grafika, v\u00e1laszthat\u00f3 \u00e1llattal, bet\u0171sz\u00ednnel.(sokszoros\u00edthat\u00f3) -1db grafika a5-\u00f6s m\u00e9retben, v\u00e1laszthat\u00f3 sz\u00ednekkel-form\u00e1kkal-\u00e1llatokkal.(sokszoros\u00edthat\u00f3)  Amennyiben a nyuszis opci\u00f3t v\u00e1lasztod, ugyan \u00fagy a bet\u0171 sz\u00edne v\u00e1laszthat\u00f3, teh\u00e1t fi\u00fas k\u00e9pet is lehet bel\u0151le k\u00e9sz\u00edteni!  Elk\u00e9sz\u00fcl\u00e9si id\u0151 nagyj\u00e1b\u00f3l 3 h\u00e9t, onnant\u00f3l kezdve, hogy leegyeztett\u00fck milyen \u00e1llattal \u00e9s sz\u00ednnel szeretn\u00e9d! :)\" \/>\n<meta property=\"og:url\" content=\"https:\/\/irgumburgumstudio.hu\/en\/bolt\/egyedi-megrendelesek\/szuletesnapi-emlekorzo-ajandek\/\" \/>\n<meta property=\"og:site_name\" content=\"IrgumburgumStudio\" \/>\n<meta property=\"article:publisher\" content=\"https:\/\/www.facebook.com\/profile.php?id=100040055444498\" \/>\n<meta property=\"article:modified_time\" content=\"2025-06-01T07:27:01+00:00\" \/>\n<meta property=\"og:image\" content=\"https:\/\/irgumburgumstudio.hu\/wp-content\/uploads\/2022\/03\/78124BE3-1217-4219-9173-94D85A051AB8-scaled.jpeg\" \/>\n\t<meta property=\"og:image:width\" content=\"2049\" \/>\n\t<meta property=\"og:image:height\" content=\"2560\" \/>\n\t<meta property=\"og:image:type\" content=\"image\/jpeg\" \/>\n<meta name=\"twitter:card\" content=\"summary_large_image\" \/>\n<script type=\"application\/ld+json\" class=\"yoast-schema-graph\">{\"@context\":\"https:\\\/\\\/schema.org\",\"@graph\":[{\"@type\":\"WebPage\",\"@id\":\"https:\\\/\\\/irgumburgumstudio.hu\\\/bolt\\\/egyedi-megrendelesek\\\/szuletesnapi-emlekorzo-ajandek\\\/\",\"url\":\"https:\\\/\\\/irgumburgumstudio.hu\\\/bolt\\\/egyedi-megrendelesek\\\/szuletesnapi-emlekorzo-ajandek\\\/\",\"name\":\"Sz\u00fclet\u00e9snapi eml\u00e9k\u0151rz\u0151 aj\u00e1nd\u00e9k - IrgumburgumStudio\",\"isPartOf\":{\"@id\":\"https:\\\/\\\/irgumburgumstudio.hu\\\/#website\"},\"primaryImageOfPage\":{\"@id\":\"https:\\\/\\\/irgumburgumstudio.hu\\\/bolt\\\/egyedi-megrendelesek\\\/szuletesnapi-emlekorzo-ajandek\\\/#primaryimage\"},\"image\":{\"@id\":\"https:\\\/\\\/irgumburgumstudio.hu\\\/bolt\\\/egyedi-megrendelesek\\\/szuletesnapi-emlekorzo-ajandek\\\/#primaryimage\"},\"thumbnailUrl\":\"https:\\\/\\\/irgumburgumstudio.hu\\\/wp-content\\\/uploads\\\/2022\\\/03\\\/78124BE3-1217-4219-9173-94D85A051AB8-scaled.jpeg\",\"datePublished\":\"2022-03-01T21:58:38+00:00\",\"dateModified\":\"2025-06-01T07:27:01+00:00\",\"breadcrumb\":{\"@id\":\"https:\\\/\\\/irgumburgumstudio.hu\\\/bolt\\\/egyedi-megrendelesek\\\/szuletesnapi-emlekorzo-ajandek\\\/#breadcrumb\"},\"inLanguage\":\"en-US\",\"potentialAction\":[{\"@type\":\"ReadAction\",\"target\":[\"https:\\\/\\\/irgumburgumstudio.hu\\\/bolt\\\/egyedi-megrendelesek\\\/szuletesnapi-emlekorzo-ajandek\\\/\"]}]},{\"@type\":\"ImageObject\",\"inLanguage\":\"en-US\",\"@id\":\"https:\\\/\\\/irgumburgumstudio.hu\\\/bolt\\\/egyedi-megrendelesek\\\/szuletesnapi-emlekorzo-ajandek\\\/#primaryimage\",\"url\":\"https:\\\/\\\/irgumburgumstudio.hu\\\/wp-content\\\/uploads\\\/2022\\\/03\\\/78124BE3-1217-4219-9173-94D85A051AB8-scaled.jpeg\",\"contentUrl\":\"https:\\\/\\\/irgumburgumstudio.hu\\\/wp-content\\\/uploads\\\/2022\\\/03\\\/78124BE3-1217-4219-9173-94D85A051AB8-scaled.jpeg\",\"width\":2049,\"height\":2560},{\"@type\":\"BreadcrumbList\",\"@id\":\"https:\\\/\\\/irgumburgumstudio.hu\\\/bolt\\\/egyedi-megrendelesek\\\/szuletesnapi-emlekorzo-ajandek\\\/#breadcrumb\",\"itemListElement\":[{\"@type\":\"ListItem\",\"position\":1,\"name\":\"Home\",\"item\":\"https:\\\/\\\/irgumburgumstudio.hu\\\/\"},{\"@type\":\"ListItem\",\"position\":2,\"name\":\"Bolt\",\"item\":\"https:\\\/\\\/irgumburgumstudio.hu\\\/bolt\\\/\"},{\"@type\":\"ListItem\",\"position\":3,\"name\":\"Sz\u00fclet\u00e9snapi eml\u00e9k\u0151rz\u0151 aj\u00e1nd\u00e9k\"}]},{\"@type\":\"WebSite\",\"@id\":\"https:\\\/\\\/irgumburgumstudio.hu\\\/#website\",\"url\":\"https:\\\/\\\/irgumburgumstudio.hu\\\/\",\"name\":\"IrgumburgumStudio\",\"description\":\"IrgumburgumStudio - k\u00e9zzel k\u00e9sz\u00edtett egyedi term\u00e9kek.\",\"publisher\":{\"@id\":\"https:\\\/\\\/irgumburgumstudio.hu\\\/#organization\"},\"potentialAction\":[{\"@type\":\"SearchAction\",\"target\":{\"@type\":\"EntryPoint\",\"urlTemplate\":\"https:\\\/\\\/irgumburgumstudio.hu\\\/?s={search_term_string}\"},\"query-input\":{\"@type\":\"PropertyValueSpecification\",\"valueRequired\":true,\"valueName\":\"search_term_string\"}}],\"inLanguage\":\"en-US\"},{\"@type\":\"Organization\",\"@id\":\"https:\\\/\\\/irgumburgumstudio.hu\\\/#organization\",\"name\":\"IrgumburgumStudio\",\"url\":\"https:\\\/\\\/irgumburgumstudio.hu\\\/\",\"logo\":{\"@type\":\"ImageObject\",\"inLanguage\":\"en-US\",\"@id\":\"https:\\\/\\\/irgumburgumstudio.hu\\\/#\\\/schema\\\/logo\\\/image\\\/\",\"url\":\"https:\\\/\\\/irgumburgumstudio.hu\\\/wp-content\\\/uploads\\\/2019\\\/10\\\/cropped-logoszines-min.png\",\"contentUrl\":\"https:\\\/\\\/irgumburgumstudio.hu\\\/wp-content\\\/uploads\\\/2019\\\/10\\\/cropped-logoszines-min.png\",\"width\":512,\"height\":512,\"caption\":\"IrgumburgumStudio\"},\"image\":{\"@id\":\"https:\\\/\\\/irgumburgumstudio.hu\\\/#\\\/schema\\\/logo\\\/image\\\/\"},\"sameAs\":[\"https:\\\/\\\/www.facebook.com\\\/profile.php?id=100040055444498\"]}]}<\/script>\n<!-- \/ Yoast SEO plugin. -->","yoast_head_json":{"title":"Sz\u00fclet\u00e9snapi eml\u00e9k\u0151rz\u0151 aj\u00e1nd\u00e9k - IrgumburgumStudio","robots":{"index":"index","follow":"follow","max-snippet":"max-snippet:-1","max-image-preview":"max-image-preview:large","max-video-preview":"max-video-preview:-1"},"canonical":"https:\/\/irgumburgumstudio.hu\/en\/bolt\/egyedi-megrendelesek\/szuletesnapi-emlekorzo-ajandek\/","og_locale":"en_US","og_type":"article","og_title":"Sz\u00fclet\u00e9snapi eml\u00e9k\u0151rz\u0151 aj\u00e1nd\u00e9k - IrgumburgumStudio","og_description":"Ezt a term\u00e9kemet a kisl\u00e1nyom els\u0151 sz\u00fclet\u00e9snapja inspir\u00e1lta. Szerettem volna, ha adunk neki valamit, amit majd sok sok \u00e9v m\u00falva elolvashat, mosolyogva visszaeml\u00e9kezhet r\u00e1. Mindenki hatalmas szeretettel t\u00f6lt\u00f6gette a sz\u00fclet\u00e9snapi zs\u00far ut\u00e1n a kis lapj\u00e1t.. olyan j\u00f3 volt n\u00e9zni \u0151ket.  A csomag tartalma: -1db A4-es grafika, v\u00e1laszthat\u00f3 \u00e1llattal, bet\u0171sz\u00ednnel.(sokszoros\u00edthat\u00f3) -1db grafika a5-\u00f6s m\u00e9retben, v\u00e1laszthat\u00f3 sz\u00ednekkel-form\u00e1kkal-\u00e1llatokkal.(sokszoros\u00edthat\u00f3)  Amennyiben a nyuszis opci\u00f3t v\u00e1lasztod, ugyan \u00fagy a bet\u0171 sz\u00edne v\u00e1laszthat\u00f3, teh\u00e1t fi\u00fas k\u00e9pet is lehet bel\u0151le k\u00e9sz\u00edteni!  Elk\u00e9sz\u00fcl\u00e9si id\u0151 nagyj\u00e1b\u00f3l 3 h\u00e9t, onnant\u00f3l kezdve, hogy leegyeztett\u00fck milyen \u00e1llattal \u00e9s sz\u00ednnel szeretn\u00e9d! :)","og_url":"https:\/\/irgumburgumstudio.hu\/en\/bolt\/egyedi-megrendelesek\/szuletesnapi-emlekorzo-ajandek\/","og_site_name":"IrgumburgumStudio","article_publisher":"https:\/\/www.facebook.com\/profile.php?id=100040055444498","article_modified_time":"2025-06-01T07:27:01+00:00","og_image":[{"width":2049,"height":2560,"url":"https:\/\/irgumburgumstudio.hu\/wp-content\/uploads\/2022\/03\/78124BE3-1217-4219-9173-94D85A051AB8-scaled.jpeg","type":"image\/jpeg"}],"twitter_card":"summary_large_image","schema":{"@context":"https:\/\/schema.org","@graph":[{"@type":"WebPage","@id":"https:\/\/irgumburgumstudio.hu\/bolt\/egyedi-megrendelesek\/szuletesnapi-emlekorzo-ajandek\/","url":"https:\/\/irgumburgumstudio.hu\/bolt\/egyedi-megrendelesek\/szuletesnapi-emlekorzo-ajandek\/","name":"Sz\u00fclet\u00e9snapi eml\u00e9k\u0151rz\u0151 aj\u00e1nd\u00e9k - IrgumburgumStudio","isPartOf":{"@id":"https:\/\/irgumburgumstudio.hu\/#website"},"primaryImageOfPage":{"@id":"https:\/\/irgumburgumstudio.hu\/bolt\/egyedi-megrendelesek\/szuletesnapi-emlekorzo-ajandek\/#primaryimage"},"image":{"@id":"https:\/\/irgumburgumstudio.hu\/bolt\/egyedi-megrendelesek\/szuletesnapi-emlekorzo-ajandek\/#primaryimage"},"thumbnailUrl":"https:\/\/irgumburgumstudio.hu\/wp-content\/uploads\/2022\/03\/78124BE3-1217-4219-9173-94D85A051AB8-scaled.jpeg","datePublished":"2022-03-01T21:58:38+00:00","dateModified":"2025-06-01T07:27:01+00:00","breadcrumb":{"@id":"https:\/\/irgumburgumstudio.hu\/bolt\/egyedi-megrendelesek\/szuletesnapi-emlekorzo-ajandek\/#breadcrumb"},"inLanguage":"en-US","potentialAction":[{"@type":"ReadAction","target":["https:\/\/irgumburgumstudio.hu\/bolt\/egyedi-megrendelesek\/szuletesnapi-emlekorzo-ajandek\/"]}]},{"@type":"ImageObject","inLanguage":"en-US","@id":"https:\/\/irgumburgumstudio.hu\/bolt\/egyedi-megrendelesek\/szuletesnapi-emlekorzo-ajandek\/#primaryimage","url":"https:\/\/irgumburgumstudio.hu\/wp-content\/uploads\/2022\/03\/78124BE3-1217-4219-9173-94D85A051AB8-scaled.jpeg","contentUrl":"https:\/\/irgumburgumstudio.hu\/wp-content\/uploads\/2022\/03\/78124BE3-1217-4219-9173-94D85A051AB8-scaled.jpeg","width":2049,"height":2560},{"@type":"BreadcrumbList","@id":"https:\/\/irgumburgumstudio.hu\/bolt\/egyedi-megrendelesek\/szuletesnapi-emlekorzo-ajandek\/#breadcrumb","itemListElement":[{"@type":"ListItem","position":1,"name":"Home","item":"https:\/\/irgumburgumstudio.hu\/"},{"@type":"ListItem","position":2,"name":"Bolt","item":"https:\/\/irgumburgumstudio.hu\/bolt\/"},{"@type":"ListItem","position":3,"name":"Sz\u00fclet\u00e9snapi eml\u00e9k\u0151rz\u0151 aj\u00e1nd\u00e9k"}]},{"@type":"WebSite","@id":"https:\/\/irgumburgumstudio.hu\/#website","url":"https:\/\/irgumburgumstudio.hu\/","name":"IrgumburgumStudio","description":"IrgumburgumStudio - k\u00e9zzel k\u00e9sz\u00edtett egyedi term\u00e9kek.","publisher":{"@id":"https:\/\/irgumburgumstudio.hu\/#organization"},"potentialAction":[{"@type":"SearchAction","target":{"@type":"EntryPoint","urlTemplate":"https:\/\/irgumburgumstudio.hu\/?s={search_term_string}"},"query-input":{"@type":"PropertyValueSpecification","valueRequired":true,"valueName":"search_term_string"}}],"inLanguage":"en-US"},{"@type":"Organization","@id":"https:\/\/irgumburgumstudio.hu\/#organization","name":"IrgumburgumStudio","url":"https:\/\/irgumburgumstudio.hu\/","logo":{"@type":"ImageObject","inLanguage":"en-US","@id":"https:\/\/irgumburgumstudio.hu\/#\/schema\/logo\/image\/","url":"https:\/\/irgumburgumstudio.hu\/wp-content\/uploads\/2019\/10\/cropped-logoszines-min.png","contentUrl":"https:\/\/irgumburgumstudio.hu\/wp-content\/uploads\/2019\/10\/cropped-logoszines-min.png","width":512,"height":512,"caption":"IrgumburgumStudio"},"image":{"@id":"https:\/\/irgumburgumstudio.hu\/#\/schema\/logo\/image\/"},"sameAs":["https:\/\/www.facebook.com\/profile.php?id=100040055444498"]}]}},"_links":{"self":[{"href":"https:\/\/irgumburgumstudio.hu\/en\/wp-json\/wp\/v2\/product\/5250","targetHints":{"allow":["GET"]}}],"collection":[{"href":"https:\/\/irgumburgumstudio.hu\/en\/wp-json\/wp\/v2\/product"}],"about":[{"href":"https:\/\/irgumburgumstudio.hu\/en\/wp-json\/wp\/v2\/types\/product"}],"replies":[{"embeddable":true,"href":"https:\/\/irgumburgumstudio.hu\/en\/wp-json\/wp\/v2\/comments?post=5250"}],"wp:featuredmedia":[{"embeddable":true,"href":"https:\/\/irgumburgumstudio.hu\/en\/wp-json\/wp\/v2\/media\/5254"}],"wp:attachment":[{"href":"https:\/\/irgumburgumstudio.hu\/en\/wp-json\/wp\/v2\/media?parent=5250"}],"wp:term":[{"taxonomy":"product_brand","embeddable":true,"href":"https:\/\/irgumburgumstudio.hu\/en\/wp-json\/wp\/v2\/product_brand?post=5250"},{"taxonomy":"product_cat","embeddable":true,"href":"https:\/\/irgumburgumstudio.hu\/en\/wp-json\/wp\/v2\/product_cat?post=5250"},{"taxonomy":"product_tag","embeddable":true,"href":"https:\/\/irgumburgumstudio.hu\/en\/wp-json\/wp\/v2\/product_tag?post=5250"}],"curies":[{"name":"wp","href":"https:\/\/api.w.org\/{rel}","templated":true}]}}