{"id":5190,"date":"2022-02-07T20:23:51","date_gmt":"2022-02-07T20:23:51","guid":{"rendered":"https:\/\/irgumburgumstudio.hu\/?post_type=product&#038;p=5190"},"modified":"2025-06-01T07:27:15","modified_gmt":"2025-06-01T07:27:15","slug":"szines-es-monokrom-kartyak-csomagban","status":"publish","type":"product","link":"https:\/\/irgumburgumstudio.hu\/en\/bolt\/kontrasztos-babakartya-csomagok\/szines-es-monokrom-kartyak-csomagban\/","title":{"rendered":"SZ\u00cdNES \u00c9S MONOKR\u00d3M K\u00c1RTY\u00c1K CSOMAGBAN"},"content":{"rendered":"","protected":false},"excerpt":{"rendered":"<p><span style=\"color: #008ae6;\"><strong>( V\u00e1rhat\u00f3 sz\u00e1ll\u00edt\u00e1si id\u0151: 1-3 munkanap )<\/strong><\/span><\/p>\n<p><strong data-start=\"263\" data-end=\"341\">Sz\u00ednes \u00e9s Fekete-feh\u00e9r Babak\u00e1rtya Csomag \u2013 k\u00e9zzel k\u00e9sz\u00fclt, sz\u00edvvel rajzolt.&#x1f3a8;<\/strong><\/p>\n<p data-start=\"345\" data-end=\"519\">Minden k\u00e1rty\u00e1t \u00c9n rajzoltam<strong data-start=\"360\" data-end=\"414\">, szeretettel \u00e9s odafigyel\u00e9ssel<\/strong>, hogy a bab\u00e1d els\u0151 pillanatait k\u00fcl\u00f6nlegess\u00e9 tegyem.<br \/>\n<br data-start=\"466\" data-end=\"469\" \/><em><strong>Ez a csomag k\u00e9tf\u00e9le vil\u00e1got nyit meg el\u0151tte:<br \/>\n<\/strong><\/em>Fekete-feh\u00e9r kontrasztos k\u00e9pek, amiket m\u00e1r \u00fajsz\u00fcl\u00f6ttk\u00e9nt is l\u00e1t.<br \/>\nSz\u00ednes k\u00e1rty\u00e1k, amikkel a vil\u00e1g fokozatosan v\u00e1lik sz\u00edness\u00e9 sz\u00e1m\u00e1ra.<\/p>\n<hr data-start=\"673\" data-end=\"676\" \/>\n<h3 data-start=\"678\" data-end=\"715\"><strong data-start=\"685\" data-end=\"713\">Mi\u00e9rt fogj\u00e1tok szeretni?<\/strong><\/h3>\n<p>&nbsp;<\/p>\n<h3 data-start=\"678\" data-end=\"715\">&#x1f49b;<strong data-start=\"720\" data-end=\"753\">K\u00e9zzel rajzolt, egyedi mint\u00e1k<\/strong> \u2013 magyar alkot\u00e1s, amit sehol m\u00e1shol nem tal\u00e1lsz.<br data-start=\"802\" data-end=\"805\" \/>&#x1f3a8; <strong data-start=\"808\" data-end=\"853\">Sz\u00ednes \u00e9s kontrasztos k\u00e9pek egy csomagban<\/strong> \u2013 a baba \u00e9letkora szerint v\u00e1lthattok!<br data-start=\"891\" data-end=\"894\" \/>&#x1f476; <strong data-start=\"897\" data-end=\"924\">Bababar\u00e1t, vastag lapok<\/strong> \u2013 hogy kib\u00edrj\u00e1k a k\u00edv\u00e1ncsi kis kezeket is.<br data-start=\"967\" data-end=\"970\" \/>&#x1f381; <strong data-start=\"973\" data-end=\"1016\">Sz\u00e9pen csomagolt, sz\u00edvhez sz\u00f3l\u00f3 aj\u00e1nd\u00e9k<\/strong> \u2013 t\u00f6k\u00e9letes babal\u00e1togat\u00f3ra, keresztel\u0151re.<br data-start=\"1058\" data-end=\"1061\" \/>&#x1f33f; <strong data-start=\"1064\" data-end=\"1097\">Term\u00e9szetes, min\u0151s\u00e9gi anyagok<\/strong> \u2013 mert sz\u00e1munkra is fontos, hogy biztons\u00e1gos legyen.<\/h3>\n<hr data-start=\"1154\" data-end=\"1157\" \/>\n<h3 data-start=\"1159\" data-end=\"1190\">&#x1f4e6; <strong data-start=\"1166\" data-end=\"1188\">Mit rejt a csomag?<\/strong><\/h3>\n<p data-start=\"1191\" data-end=\"1337\">&#x2714;&#xfe0f; <strong>1 db<\/strong> log\u00f3val ell\u00e1tott <strong>v\u00e1szonzs\u00e1k<\/strong>, amely \u00f6r\u00f6k otthont biztos\u00edt a k\u00e1rty\u00e1knak.<br \/>\n<strong>&#x2714;&#xfe0f;9 db<\/strong> <strong>fekete-feh\u00e9r<\/strong> grafik\u00e1s k\u00e9p, fekete-feh\u00e9r h\u00e1tlappal. &#8211; (\u00fajsz\u00fcl\u00f6tt kort\u00f3l)<br \/>\n<strong>&#x2714;&#xfe0f;5 db<\/strong>\u00a0fekete-feh\u00e9r-<span style=\"color: #ff0000;\"><strong>piros<\/strong><\/span> grafik\u00e1s k\u00e9p, fekete-feh\u00e9r-piros h\u00e1tlappal. -(k\u00e9s\u0151bb, amikor a vil\u00e1g ny\u00edlni kezd)<br \/>\n<strong>&#x2714;&#xfe0f;4 db<\/strong> fekete-feh\u00e9r-<span style=\"color: #ff9900;\"><strong>s\u00e1rga<\/strong><\/span> grafik\u00e1s k\u00e9p, fekete-feh\u00e9r-s\u00e1rga h\u00e1tlappal. &#8211; (k\u00e9s\u0151bb, amikor a vil\u00e1g ny\u00edlni kezd)<br \/>\n<strong>&#x2714;&#xfe0f;4 db<\/strong>\u00a0fekete-feh\u00e9r-<span style=\"color: #3366ff;\"><strong>k\u00e9k<\/strong><\/span> grafik\u00e1s k\u00e9p, fekete-feh\u00e9r-k\u00e9k h\u00e1tlappal. &#8211; (k\u00e9s\u0151bb, amikor a vil\u00e1g ny\u00edlni kezd)<\/p>\n<hr data-start=\"1339\" data-end=\"1342\" \/>\n<h3 data-start=\"1344\" data-end=\"1405\">&#x1f338; <strong data-start=\"1351\" data-end=\"1403\">Nem &#8220;csak egy k\u00e1rtya&#8221;, hanem els\u0151 k\u00f6z\u00f6s \u00e9lm\u00e9nyek.<\/strong><\/h3>\n<p data-start=\"1407\" data-end=\"1538\">&#x1f49b; <strong data-start=\"1410\" data-end=\"1467\">Minden lap egy \u00faj pillanat, amit egy\u00fctt fedeztek fel.<br \/>\n<\/strong>&#x1f49b; <strong data-start=\"1473\" data-end=\"1536\">Minden rajz egy apr\u00f3 csoda, ami a bab\u00e1d szem\u00e9vel \u00e9led \u00fajj\u00e1.<br \/>\n&#x1f49b; A k\u00f6z\u00f6s torna\u00f3r\u00e1k \u00f6r\u00f6k eml\u00e9kek maradnak!<br \/>\n<\/strong><\/p>\n<hr data-start=\"1540\" data-end=\"1543\" \/>\n<p data-start=\"1545\" data-end=\"1686\"><strong data-start=\"1545\" data-end=\"1613\">&#x1f48e; Magyar, k\u00e9zzel k\u00e9sz\u00fclt pr\u00e9mium babak\u00e1rty\u00e1k, sz\u00edvvel-l\u00e9lekkel.<\/strong><br data-start=\"1613\" data-end=\"1616\" \/>&#x1f6d2; <strong data-start=\"1619\" data-end=\"1684\">Rendeld meg most, \u00e9s kezdjetek el egy\u00fctt j\u00e1tszani, n\u00e9zegetni!<\/strong><\/p>","protected":false},"featured_media":7572,"comment_status":"open","ping_status":"closed","template":"","meta":[],"product_brand":[],"product_cat":[167],"product_tag":[],"class_list":{"0":"post-5190","1":"product","2":"type-product","3":"status-publish","4":"has-post-thumbnail","6":"product_cat-kontrasztos-babakartya-csomagok","8":"first","9":"outofstock","10":"taxable","11":"shipping-taxable","12":"purchasable","13":"product-type-simple"},"yoast_head":"<!-- This site is optimized with the Yoast SEO plugin v27.3 - https:\/\/yoast.com\/product\/yoast-seo-wordpress\/ -->\n<title>SZ\u00cdNES \u00c9S MONOKR\u00d3M K\u00c1RTY\u00c1K CSOMAGBAN - IrgumburgumStudio<\/title>\n<meta name=\"description\" content=\"sz\u00ednes babak\u00e1rty\u00e1k, fejleszt\u0151 babak\u00e1rty\u00e1k, vizu\u00e1lis fejleszt\u0151 j\u00e1t\u00e9k bab\u00e1knak, kontrasztos babak\u00e1rty\u00e1k,\u00fajsz\u00fcl\u00f6tt fejleszt\u0151 j\u00e1t\u00e9kok, baba els\u0151 j\u00e1t\u00e9kai\" \/>\n<meta name=\"robots\" content=\"index, follow, max-snippet:-1, max-image-preview:large, max-video-preview:-1\" \/>\n<link rel=\"canonical\" href=\"https:\/\/irgumburgumstudio.hu\/en\/bolt\/kontrasztos-babakartya-csomagok\/szines-es-monokrom-kartyak-csomagban\/\" \/>\n<meta property=\"og:locale\" content=\"en_US\" \/>\n<meta property=\"og:type\" content=\"article\" \/>\n<meta property=\"og:title\" content=\"SZ\u00cdNES \u00c9S MONOKR\u00d3M K\u00c1RTY\u00c1K CSOMAGBAN - IrgumburgumStudio\" \/>\n<meta property=\"og:description\" content=\"sz\u00ednes babak\u00e1rty\u00e1k, fejleszt\u0151 babak\u00e1rty\u00e1k, vizu\u00e1lis fejleszt\u0151 j\u00e1t\u00e9k bab\u00e1knak, kontrasztos babak\u00e1rty\u00e1k,\u00fajsz\u00fcl\u00f6tt fejleszt\u0151 j\u00e1t\u00e9kok, baba els\u0151 j\u00e1t\u00e9kai\" \/>\n<meta property=\"og:url\" content=\"https:\/\/irgumburgumstudio.hu\/en\/bolt\/kontrasztos-babakartya-csomagok\/szines-es-monokrom-kartyak-csomagban\/\" \/>\n<meta property=\"og:site_name\" content=\"IrgumburgumStudio\" \/>\n<meta property=\"article:publisher\" content=\"https:\/\/www.facebook.com\/profile.php?id=100040055444498\" \/>\n<meta property=\"article:modified_time\" content=\"2025-06-01T07:27:15+00:00\" \/>\n<meta property=\"og:image\" content=\"https:\/\/irgumburgumstudio.hu\/wp-content\/uploads\/2022\/02\/4CD06E95-6754-4F1A-A799-3E6877AD5E63-min.jpg\" \/>\n\t<meta property=\"og:image:width\" content=\"1440\" \/>\n\t<meta property=\"og:image:height\" content=\"1799\" \/>\n\t<meta property=\"og:image:type\" content=\"image\/jpeg\" \/>\n<meta name=\"twitter:card\" content=\"summary_large_image\" \/>\n<meta name=\"twitter:label1\" content=\"Est. reading time\" \/>\n\t<meta name=\"twitter:data1\" content=\"1 minute\" \/>\n<script type=\"application\/ld+json\" class=\"yoast-schema-graph\">{\"@context\":\"https:\\\/\\\/schema.org\",\"@graph\":[{\"@type\":\"WebPage\",\"@id\":\"https:\\\/\\\/irgumburgumstudio.hu\\\/bolt\\\/kontrasztos-babakartya-csomagok\\\/szines-es-monokrom-kartyak-csomagban\\\/\",\"url\":\"https:\\\/\\\/irgumburgumstudio.hu\\\/bolt\\\/kontrasztos-babakartya-csomagok\\\/szines-es-monokrom-kartyak-csomagban\\\/\",\"name\":\"SZ\u00cdNES \u00c9S MONOKR\u00d3M K\u00c1RTY\u00c1K CSOMAGBAN - IrgumburgumStudio\",\"isPartOf\":{\"@id\":\"https:\\\/\\\/irgumburgumstudio.hu\\\/#website\"},\"primaryImageOfPage\":{\"@id\":\"https:\\\/\\\/irgumburgumstudio.hu\\\/bolt\\\/kontrasztos-babakartya-csomagok\\\/szines-es-monokrom-kartyak-csomagban\\\/#primaryimage\"},\"image\":{\"@id\":\"https:\\\/\\\/irgumburgumstudio.hu\\\/bolt\\\/kontrasztos-babakartya-csomagok\\\/szines-es-monokrom-kartyak-csomagban\\\/#primaryimage\"},\"thumbnailUrl\":\"https:\\\/\\\/irgumburgumstudio.hu\\\/wp-content\\\/uploads\\\/2022\\\/02\\\/4CD06E95-6754-4F1A-A799-3E6877AD5E63-min.jpg\",\"datePublished\":\"2022-02-07T20:23:51+00:00\",\"dateModified\":\"2025-06-01T07:27:15+00:00\",\"description\":\"sz\u00ednes babak\u00e1rty\u00e1k, fejleszt\u0151 babak\u00e1rty\u00e1k, vizu\u00e1lis fejleszt\u0151 j\u00e1t\u00e9k bab\u00e1knak, kontrasztos babak\u00e1rty\u00e1k,\u00fajsz\u00fcl\u00f6tt fejleszt\u0151 j\u00e1t\u00e9kok, baba els\u0151 j\u00e1t\u00e9kai\",\"breadcrumb\":{\"@id\":\"https:\\\/\\\/irgumburgumstudio.hu\\\/bolt\\\/kontrasztos-babakartya-csomagok\\\/szines-es-monokrom-kartyak-csomagban\\\/#breadcrumb\"},\"inLanguage\":\"en-US\",\"potentialAction\":[{\"@type\":\"ReadAction\",\"target\":[\"https:\\\/\\\/irgumburgumstudio.hu\\\/bolt\\\/kontrasztos-babakartya-csomagok\\\/szines-es-monokrom-kartyak-csomagban\\\/\"]}]},{\"@type\":\"ImageObject\",\"inLanguage\":\"en-US\",\"@id\":\"https:\\\/\\\/irgumburgumstudio.hu\\\/bolt\\\/kontrasztos-babakartya-csomagok\\\/szines-es-monokrom-kartyak-csomagban\\\/#primaryimage\",\"url\":\"https:\\\/\\\/irgumburgumstudio.hu\\\/wp-content\\\/uploads\\\/2022\\\/02\\\/4CD06E95-6754-4F1A-A799-3E6877AD5E63-min.jpg\",\"contentUrl\":\"https:\\\/\\\/irgumburgumstudio.hu\\\/wp-content\\\/uploads\\\/2022\\\/02\\\/4CD06E95-6754-4F1A-A799-3E6877AD5E63-min.jpg\",\"width\":1440,\"height\":1799},{\"@type\":\"BreadcrumbList\",\"@id\":\"https:\\\/\\\/irgumburgumstudio.hu\\\/bolt\\\/kontrasztos-babakartya-csomagok\\\/szines-es-monokrom-kartyak-csomagban\\\/#breadcrumb\",\"itemListElement\":[{\"@type\":\"ListItem\",\"position\":1,\"name\":\"Home\",\"item\":\"https:\\\/\\\/irgumburgumstudio.hu\\\/\"},{\"@type\":\"ListItem\",\"position\":2,\"name\":\"Bolt\",\"item\":\"https:\\\/\\\/irgumburgumstudio.hu\\\/bolt\\\/\"},{\"@type\":\"ListItem\",\"position\":3,\"name\":\"SZ\u00cdNES \u00c9S MONOKR\u00d3M K\u00c1RTY\u00c1K CSOMAGBAN\"}]},{\"@type\":\"WebSite\",\"@id\":\"https:\\\/\\\/irgumburgumstudio.hu\\\/#website\",\"url\":\"https:\\\/\\\/irgumburgumstudio.hu\\\/\",\"name\":\"IrgumburgumStudio\",\"description\":\"IrgumburgumStudio - k\u00e9zzel k\u00e9sz\u00edtett egyedi term\u00e9kek.\",\"publisher\":{\"@id\":\"https:\\\/\\\/irgumburgumstudio.hu\\\/#organization\"},\"potentialAction\":[{\"@type\":\"SearchAction\",\"target\":{\"@type\":\"EntryPoint\",\"urlTemplate\":\"https:\\\/\\\/irgumburgumstudio.hu\\\/?s={search_term_string}\"},\"query-input\":{\"@type\":\"PropertyValueSpecification\",\"valueRequired\":true,\"valueName\":\"search_term_string\"}}],\"inLanguage\":\"en-US\"},{\"@type\":\"Organization\",\"@id\":\"https:\\\/\\\/irgumburgumstudio.hu\\\/#organization\",\"name\":\"IrgumburgumStudio\",\"url\":\"https:\\\/\\\/irgumburgumstudio.hu\\\/\",\"logo\":{\"@type\":\"ImageObject\",\"inLanguage\":\"en-US\",\"@id\":\"https:\\\/\\\/irgumburgumstudio.hu\\\/#\\\/schema\\\/logo\\\/image\\\/\",\"url\":\"https:\\\/\\\/irgumburgumstudio.hu\\\/wp-content\\\/uploads\\\/2019\\\/10\\\/cropped-logoszines-min.png\",\"contentUrl\":\"https:\\\/\\\/irgumburgumstudio.hu\\\/wp-content\\\/uploads\\\/2019\\\/10\\\/cropped-logoszines-min.png\",\"width\":512,\"height\":512,\"caption\":\"IrgumburgumStudio\"},\"image\":{\"@id\":\"https:\\\/\\\/irgumburgumstudio.hu\\\/#\\\/schema\\\/logo\\\/image\\\/\"},\"sameAs\":[\"https:\\\/\\\/www.facebook.com\\\/profile.php?id=100040055444498\"]}]}<\/script>\n<!-- \/ Yoast SEO plugin. -->","yoast_head_json":{"title":"SZ\u00cdNES \u00c9S MONOKR\u00d3M K\u00c1RTY\u00c1K CSOMAGBAN - IrgumburgumStudio","description":"sz\u00ednes babak\u00e1rty\u00e1k, fejleszt\u0151 babak\u00e1rty\u00e1k, vizu\u00e1lis fejleszt\u0151 j\u00e1t\u00e9k bab\u00e1knak, kontrasztos babak\u00e1rty\u00e1k,\u00fajsz\u00fcl\u00f6tt fejleszt\u0151 j\u00e1t\u00e9kok, baba els\u0151 j\u00e1t\u00e9kai","robots":{"index":"index","follow":"follow","max-snippet":"max-snippet:-1","max-image-preview":"max-image-preview:large","max-video-preview":"max-video-preview:-1"},"canonical":"https:\/\/irgumburgumstudio.hu\/en\/bolt\/kontrasztos-babakartya-csomagok\/szines-es-monokrom-kartyak-csomagban\/","og_locale":"en_US","og_type":"article","og_title":"SZ\u00cdNES \u00c9S MONOKR\u00d3M K\u00c1RTY\u00c1K CSOMAGBAN - IrgumburgumStudio","og_description":"sz\u00ednes babak\u00e1rty\u00e1k, fejleszt\u0151 babak\u00e1rty\u00e1k, vizu\u00e1lis fejleszt\u0151 j\u00e1t\u00e9k bab\u00e1knak, kontrasztos babak\u00e1rty\u00e1k,\u00fajsz\u00fcl\u00f6tt fejleszt\u0151 j\u00e1t\u00e9kok, baba els\u0151 j\u00e1t\u00e9kai","og_url":"https:\/\/irgumburgumstudio.hu\/en\/bolt\/kontrasztos-babakartya-csomagok\/szines-es-monokrom-kartyak-csomagban\/","og_site_name":"IrgumburgumStudio","article_publisher":"https:\/\/www.facebook.com\/profile.php?id=100040055444498","article_modified_time":"2025-06-01T07:27:15+00:00","og_image":[{"width":1440,"height":1799,"url":"https:\/\/irgumburgumstudio.hu\/wp-content\/uploads\/2022\/02\/4CD06E95-6754-4F1A-A799-3E6877AD5E63-min.jpg","type":"image\/jpeg"}],"twitter_card":"summary_large_image","twitter_misc":{"Est. reading time":"1 minute"},"schema":{"@context":"https:\/\/schema.org","@graph":[{"@type":"WebPage","@id":"https:\/\/irgumburgumstudio.hu\/bolt\/kontrasztos-babakartya-csomagok\/szines-es-monokrom-kartyak-csomagban\/","url":"https:\/\/irgumburgumstudio.hu\/bolt\/kontrasztos-babakartya-csomagok\/szines-es-monokrom-kartyak-csomagban\/","name":"SZ\u00cdNES \u00c9S MONOKR\u00d3M K\u00c1RTY\u00c1K CSOMAGBAN - IrgumburgumStudio","isPartOf":{"@id":"https:\/\/irgumburgumstudio.hu\/#website"},"primaryImageOfPage":{"@id":"https:\/\/irgumburgumstudio.hu\/bolt\/kontrasztos-babakartya-csomagok\/szines-es-monokrom-kartyak-csomagban\/#primaryimage"},"image":{"@id":"https:\/\/irgumburgumstudio.hu\/bolt\/kontrasztos-babakartya-csomagok\/szines-es-monokrom-kartyak-csomagban\/#primaryimage"},"thumbnailUrl":"https:\/\/irgumburgumstudio.hu\/wp-content\/uploads\/2022\/02\/4CD06E95-6754-4F1A-A799-3E6877AD5E63-min.jpg","datePublished":"2022-02-07T20:23:51+00:00","dateModified":"2025-06-01T07:27:15+00:00","description":"sz\u00ednes babak\u00e1rty\u00e1k, fejleszt\u0151 babak\u00e1rty\u00e1k, vizu\u00e1lis fejleszt\u0151 j\u00e1t\u00e9k bab\u00e1knak, kontrasztos babak\u00e1rty\u00e1k,\u00fajsz\u00fcl\u00f6tt fejleszt\u0151 j\u00e1t\u00e9kok, baba els\u0151 j\u00e1t\u00e9kai","breadcrumb":{"@id":"https:\/\/irgumburgumstudio.hu\/bolt\/kontrasztos-babakartya-csomagok\/szines-es-monokrom-kartyak-csomagban\/#breadcrumb"},"inLanguage":"en-US","potentialAction":[{"@type":"ReadAction","target":["https:\/\/irgumburgumstudio.hu\/bolt\/kontrasztos-babakartya-csomagok\/szines-es-monokrom-kartyak-csomagban\/"]}]},{"@type":"ImageObject","inLanguage":"en-US","@id":"https:\/\/irgumburgumstudio.hu\/bolt\/kontrasztos-babakartya-csomagok\/szines-es-monokrom-kartyak-csomagban\/#primaryimage","url":"https:\/\/irgumburgumstudio.hu\/wp-content\/uploads\/2022\/02\/4CD06E95-6754-4F1A-A799-3E6877AD5E63-min.jpg","contentUrl":"https:\/\/irgumburgumstudio.hu\/wp-content\/uploads\/2022\/02\/4CD06E95-6754-4F1A-A799-3E6877AD5E63-min.jpg","width":1440,"height":1799},{"@type":"BreadcrumbList","@id":"https:\/\/irgumburgumstudio.hu\/bolt\/kontrasztos-babakartya-csomagok\/szines-es-monokrom-kartyak-csomagban\/#breadcrumb","itemListElement":[{"@type":"ListItem","position":1,"name":"Home","item":"https:\/\/irgumburgumstudio.hu\/"},{"@type":"ListItem","position":2,"name":"Bolt","item":"https:\/\/irgumburgumstudio.hu\/bolt\/"},{"@type":"ListItem","position":3,"name":"SZ\u00cdNES \u00c9S MONOKR\u00d3M K\u00c1RTY\u00c1K CSOMAGBAN"}]},{"@type":"WebSite","@id":"https:\/\/irgumburgumstudio.hu\/#website","url":"https:\/\/irgumburgumstudio.hu\/","name":"IrgumburgumStudio","description":"IrgumburgumStudio - k\u00e9zzel k\u00e9sz\u00edtett egyedi term\u00e9kek.","publisher":{"@id":"https:\/\/irgumburgumstudio.hu\/#organization"},"potentialAction":[{"@type":"SearchAction","target":{"@type":"EntryPoint","urlTemplate":"https:\/\/irgumburgumstudio.hu\/?s={search_term_string}"},"query-input":{"@type":"PropertyValueSpecification","valueRequired":true,"valueName":"search_term_string"}}],"inLanguage":"en-US"},{"@type":"Organization","@id":"https:\/\/irgumburgumstudio.hu\/#organization","name":"IrgumburgumStudio","url":"https:\/\/irgumburgumstudio.hu\/","logo":{"@type":"ImageObject","inLanguage":"en-US","@id":"https:\/\/irgumburgumstudio.hu\/#\/schema\/logo\/image\/","url":"https:\/\/irgumburgumstudio.hu\/wp-content\/uploads\/2019\/10\/cropped-logoszines-min.png","contentUrl":"https:\/\/irgumburgumstudio.hu\/wp-content\/uploads\/2019\/10\/cropped-logoszines-min.png","width":512,"height":512,"caption":"IrgumburgumStudio"},"image":{"@id":"https:\/\/irgumburgumstudio.hu\/#\/schema\/logo\/image\/"},"sameAs":["https:\/\/www.facebook.com\/profile.php?id=100040055444498"]}]}},"_links":{"self":[{"href":"https:\/\/irgumburgumstudio.hu\/en\/wp-json\/wp\/v2\/product\/5190","targetHints":{"allow":["GET"]}}],"collection":[{"href":"https:\/\/irgumburgumstudio.hu\/en\/wp-json\/wp\/v2\/product"}],"about":[{"href":"https:\/\/irgumburgumstudio.hu\/en\/wp-json\/wp\/v2\/types\/product"}],"replies":[{"embeddable":true,"href":"https:\/\/irgumburgumstudio.hu\/en\/wp-json\/wp\/v2\/comments?post=5190"}],"wp:featuredmedia":[{"embeddable":true,"href":"https:\/\/irgumburgumstudio.hu\/en\/wp-json\/wp\/v2\/media\/7572"}],"wp:attachment":[{"href":"https:\/\/irgumburgumstudio.hu\/en\/wp-json\/wp\/v2\/media?parent=5190"}],"wp:term":[{"taxonomy":"product_brand","embeddable":true,"href":"https:\/\/irgumburgumstudio.hu\/en\/wp-json\/wp\/v2\/product_brand?post=5190"},{"taxonomy":"product_cat","embeddable":true,"href":"https:\/\/irgumburgumstudio.hu\/en\/wp-json\/wp\/v2\/product_cat?post=5190"},{"taxonomy":"product_tag","embeddable":true,"href":"https:\/\/irgumburgumstudio.hu\/en\/wp-json\/wp\/v2\/product_tag?post=5190"}],"curies":[{"name":"wp","href":"https:\/\/api.w.org\/{rel}","templated":true}]}}