{"id":5157,"date":"2022-01-23T19:15:17","date_gmt":"2022-01-23T19:15:17","guid":{"rendered":"https:\/\/irgumburgumstudio.hu\/?post_type=product&#038;p=5157"},"modified":"2025-04-22T20:45:02","modified_gmt":"2025-04-22T20:45:02","slug":"zokni-parosito-jatek","status":"publish","type":"product","link":"https:\/\/irgumburgumstudio.hu\/en\/bolt\/termeszetes-jatekok\/zokni-parosito-jatek\/","title":{"rendered":"ZOKNI P\u00c1ROS\u00cdT\u00d3 J\u00c1T\u00c9K"},"content":{"rendered":"","protected":false},"excerpt":{"rendered":"<p><span style=\"color: #008ae6;\"><strong>( V\u00e1rhat\u00f3 sz\u00e1ll\u00edt\u00e1si id\u0151: 1-3 munkanap )<\/strong><\/span><\/p>\n<p>Minden sz\u00fcl\u0151 v\u00e1gya, hogy gyermek\u00e9t \u00f6r\u00f6mmel! tan\u00edtsa \u00f6n\u00e1ll\u00f3s\u00e1gra min\u00e9l hamarabb.<br \/>\nSzeretn\u00e9nk ha gyermekeink \u00f6r\u00f6mmel seg\u00e9dhezn\u00e9nek a h\u00e1zimunk\u00e1ban, hiszen nekik mindez egy j\u00e1t\u00e9k.<br \/>\nUgye mindig a talpunk alatt vannak, ha h\u00e1zimunk\u00e1r\u00f3l, ha b\u00e1rmi m\u00e1sr\u00f3l van sz\u00f3. <span class=\"pq6dq46d tbxw36s4 knj5qynh kvgmc6g5 ditlmg2l oygrvhab nvdbi5me sf5mxxl7 gl3lb2sf hhz5lgdu\"><img loading=\"lazy\" decoding=\"async\" src=\"https:\/\/static.xx.fbcdn.net\/images\/emoji.php\/v9\/t4c\/1\/16\/1f642.png\" alt=\"&#x1f642;\" width=\"16\" height=\"16\" \/><br \/>\n<\/span><br \/>\n\u00cdgy sz\u00fcletett meg a legegyszer\u0171bb kis mem\u00f3riak\u00e1rtyacsomagom, amivel k\u00f6nnyen be tudjuk a gyerk\u0151c\u00f6ket j\u00e1t\u00e9kosan vonni a zoknip\u00e1ros\u00edt\u00e1sra.<\/p>\n<p>Sz\u00f3val&#8230;. kellemes k\u00f6z\u00f6s h\u00e1zimunk\u00e1z\u00e1s anyuk\u00e1k-apuk\u00e1k! <span class=\"pq6dq46d tbxw36s4 knj5qynh kvgmc6g5 ditlmg2l oygrvhab nvdbi5me sf5mxxl7 gl3lb2sf hhz5lgdu\"><img loading=\"lazy\" decoding=\"async\" src=\"https:\/\/static.xx.fbcdn.net\/images\/emoji.php\/v9\/t6c\/1\/16\/2764.png\" alt=\"&#x2764;&#xfe0f;\" width=\"16\" height=\"16\" \/><\/span><\/p>\n<p>K\u00e1rty\u00e1k m\u00e9rete: <strong>10&#215;10 cm\u00a0<\/strong><\/p>\n<p><strong>A csomag tartalma:<\/strong><br \/>\n1db saj\u00e1t log\u00f3val ell\u00e1tott zs\u00e1kocska ami \u00f6r\u00f6k otthont biztos\u00edt a k\u00e1rty\u00e1knak<br \/>\n10p\u00e1r k\u00e9zzel festett zokni \ud83d\ude42<\/p>","protected":false},"featured_media":5162,"comment_status":"open","ping_status":"closed","template":"","meta":[],"product_brand":[],"product_cat":[58],"product_tag":[],"class_list":{"0":"post-5157","1":"product","2":"type-product","3":"status-publish","4":"has-post-thumbnail","6":"product_cat-termeszetes-jatekok","8":"first","9":"outofstock","10":"taxable","11":"shipping-taxable","12":"purchasable","13":"product-type-simple"},"yoast_head":"<!-- This site is optimized with the Yoast SEO plugin v27.4 - https:\/\/yoast.com\/product\/yoast-seo-wordpress\/ -->\n<title>ZOKNI P\u00c1ROS\u00cdT\u00d3 J\u00c1T\u00c9K - IrgumburgumStudio<\/title>\n<meta name=\"robots\" content=\"index, follow, max-snippet:-1, max-image-preview:large, max-video-preview:-1\" \/>\n<link rel=\"canonical\" href=\"https:\/\/irgumburgumstudio.hu\/en\/bolt\/termeszetes-jatekok\/zokni-parosito-jatek\/\" \/>\n<meta property=\"og:locale\" content=\"en_US\" \/>\n<meta property=\"og:type\" content=\"article\" \/>\n<meta property=\"og:title\" content=\"ZOKNI P\u00c1ROS\u00cdT\u00d3 J\u00c1T\u00c9K - IrgumburgumStudio\" \/>\n<meta property=\"og:description\" content=\"( V\u00e1rhat\u00f3 sz\u00e1ll\u00edt\u00e1si id\u0151: 1-3 munkanap )  Minden sz\u00fcl\u0151 v\u00e1gya, hogy gyermek\u00e9t \u00f6r\u00f6mmel! tan\u00edtsa \u00f6n\u00e1ll\u00f3s\u00e1gra min\u00e9l hamarabb. Szeretn\u00e9nk ha gyermekeink \u00f6r\u00f6mmel seg\u00e9dhezn\u00e9nek a h\u00e1zimunk\u00e1ban, hiszen nekik mindez egy j\u00e1t\u00e9k. Ugye mindig a talpunk alatt vannak, ha h\u00e1zimunk\u00e1r\u00f3l, ha b\u00e1rmi m\u00e1sr\u00f3l van sz\u00f3.   \u00cdgy sz\u00fcletett meg a legegyszer\u0171bb kis mem\u00f3riak\u00e1rtyacsomagom, amivel k\u00f6nnyen be tudjuk a gyerk\u0151c\u00f6ket j\u00e1t\u00e9kosan vonni a zoknip\u00e1ros\u00edt\u00e1sra.  Sz\u00f3val.... kellemes k\u00f6z\u00f6s h\u00e1zimunk\u00e1z\u00e1s anyuk\u00e1k-apuk\u00e1k!   K\u00e1rty\u00e1k m\u00e9rete: 10x10 cm\u00a0  A csomag tartalma: 1db saj\u00e1t log\u00f3val ell\u00e1tott zs\u00e1kocska ami \u00f6r\u00f6k otthont biztos\u00edt a k\u00e1rty\u00e1knak 10p\u00e1r k\u00e9zzel festett zokni :)\" \/>\n<meta property=\"og:url\" content=\"https:\/\/irgumburgumstudio.hu\/en\/bolt\/termeszetes-jatekok\/zokni-parosito-jatek\/\" \/>\n<meta property=\"og:site_name\" content=\"IrgumburgumStudio\" \/>\n<meta property=\"article:publisher\" content=\"https:\/\/www.facebook.com\/profile.php?id=100040055444498\" \/>\n<meta property=\"article:modified_time\" content=\"2025-04-22T20:45:02+00:00\" \/>\n<meta property=\"og:image\" content=\"https:\/\/irgumburgumstudio.hu\/wp-content\/uploads\/2022\/01\/ACS_0113-min-scaled.jpeg\" \/>\n\t<meta property=\"og:image:width\" content=\"1920\" \/>\n\t<meta property=\"og:image:height\" content=\"2560\" \/>\n\t<meta property=\"og:image:type\" content=\"image\/jpeg\" \/>\n<meta name=\"twitter:card\" content=\"summary_large_image\" \/>\n<script type=\"application\/ld+json\" class=\"yoast-schema-graph\">{\"@context\":\"https:\\\/\\\/schema.org\",\"@graph\":[{\"@type\":\"WebPage\",\"@id\":\"https:\\\/\\\/irgumburgumstudio.hu\\\/bolt\\\/termeszetes-jatekok\\\/zokni-parosito-jatek\\\/\",\"url\":\"https:\\\/\\\/irgumburgumstudio.hu\\\/bolt\\\/termeszetes-jatekok\\\/zokni-parosito-jatek\\\/\",\"name\":\"ZOKNI P\u00c1ROS\u00cdT\u00d3 J\u00c1T\u00c9K - IrgumburgumStudio\",\"isPartOf\":{\"@id\":\"https:\\\/\\\/irgumburgumstudio.hu\\\/#website\"},\"primaryImageOfPage\":{\"@id\":\"https:\\\/\\\/irgumburgumstudio.hu\\\/bolt\\\/termeszetes-jatekok\\\/zokni-parosito-jatek\\\/#primaryimage\"},\"image\":{\"@id\":\"https:\\\/\\\/irgumburgumstudio.hu\\\/bolt\\\/termeszetes-jatekok\\\/zokni-parosito-jatek\\\/#primaryimage\"},\"thumbnailUrl\":\"https:\\\/\\\/irgumburgumstudio.hu\\\/wp-content\\\/uploads\\\/2022\\\/01\\\/ACS_0113-min-scaled.jpeg\",\"datePublished\":\"2022-01-23T19:15:17+00:00\",\"dateModified\":\"2025-04-22T20:45:02+00:00\",\"breadcrumb\":{\"@id\":\"https:\\\/\\\/irgumburgumstudio.hu\\\/bolt\\\/termeszetes-jatekok\\\/zokni-parosito-jatek\\\/#breadcrumb\"},\"inLanguage\":\"en-US\",\"potentialAction\":[{\"@type\":\"ReadAction\",\"target\":[\"https:\\\/\\\/irgumburgumstudio.hu\\\/bolt\\\/termeszetes-jatekok\\\/zokni-parosito-jatek\\\/\"]}]},{\"@type\":\"ImageObject\",\"inLanguage\":\"en-US\",\"@id\":\"https:\\\/\\\/irgumburgumstudio.hu\\\/bolt\\\/termeszetes-jatekok\\\/zokni-parosito-jatek\\\/#primaryimage\",\"url\":\"https:\\\/\\\/irgumburgumstudio.hu\\\/wp-content\\\/uploads\\\/2022\\\/01\\\/ACS_0113-min-scaled.jpeg\",\"contentUrl\":\"https:\\\/\\\/irgumburgumstudio.hu\\\/wp-content\\\/uploads\\\/2022\\\/01\\\/ACS_0113-min-scaled.jpeg\",\"width\":1920,\"height\":2560},{\"@type\":\"BreadcrumbList\",\"@id\":\"https:\\\/\\\/irgumburgumstudio.hu\\\/bolt\\\/termeszetes-jatekok\\\/zokni-parosito-jatek\\\/#breadcrumb\",\"itemListElement\":[{\"@type\":\"ListItem\",\"position\":1,\"name\":\"Home\",\"item\":\"https:\\\/\\\/irgumburgumstudio.hu\\\/\"},{\"@type\":\"ListItem\",\"position\":2,\"name\":\"Bolt\",\"item\":\"https:\\\/\\\/irgumburgumstudio.hu\\\/bolt\\\/\"},{\"@type\":\"ListItem\",\"position\":3,\"name\":\"ZOKNI P\u00c1ROS\u00cdT\u00d3 J\u00c1T\u00c9K\"}]},{\"@type\":\"WebSite\",\"@id\":\"https:\\\/\\\/irgumburgumstudio.hu\\\/#website\",\"url\":\"https:\\\/\\\/irgumburgumstudio.hu\\\/\",\"name\":\"IrgumburgumStudio\",\"description\":\"IrgumburgumStudio - k\u00e9zzel k\u00e9sz\u00edtett egyedi term\u00e9kek.\",\"publisher\":{\"@id\":\"https:\\\/\\\/irgumburgumstudio.hu\\\/#organization\"},\"potentialAction\":[{\"@type\":\"SearchAction\",\"target\":{\"@type\":\"EntryPoint\",\"urlTemplate\":\"https:\\\/\\\/irgumburgumstudio.hu\\\/?s={search_term_string}\"},\"query-input\":{\"@type\":\"PropertyValueSpecification\",\"valueRequired\":true,\"valueName\":\"search_term_string\"}}],\"inLanguage\":\"en-US\"},{\"@type\":\"Organization\",\"@id\":\"https:\\\/\\\/irgumburgumstudio.hu\\\/#organization\",\"name\":\"IrgumburgumStudio\",\"url\":\"https:\\\/\\\/irgumburgumstudio.hu\\\/\",\"logo\":{\"@type\":\"ImageObject\",\"inLanguage\":\"en-US\",\"@id\":\"https:\\\/\\\/irgumburgumstudio.hu\\\/#\\\/schema\\\/logo\\\/image\\\/\",\"url\":\"https:\\\/\\\/irgumburgumstudio.hu\\\/wp-content\\\/uploads\\\/2019\\\/10\\\/cropped-logoszines-min.png\",\"contentUrl\":\"https:\\\/\\\/irgumburgumstudio.hu\\\/wp-content\\\/uploads\\\/2019\\\/10\\\/cropped-logoszines-min.png\",\"width\":512,\"height\":512,\"caption\":\"IrgumburgumStudio\"},\"image\":{\"@id\":\"https:\\\/\\\/irgumburgumstudio.hu\\\/#\\\/schema\\\/logo\\\/image\\\/\"},\"sameAs\":[\"https:\\\/\\\/www.facebook.com\\\/profile.php?id=100040055444498\"]}]}<\/script>\n<!-- \/ Yoast SEO plugin. -->","yoast_head_json":{"title":"ZOKNI P\u00c1ROS\u00cdT\u00d3 J\u00c1T\u00c9K - IrgumburgumStudio","robots":{"index":"index","follow":"follow","max-snippet":"max-snippet:-1","max-image-preview":"max-image-preview:large","max-video-preview":"max-video-preview:-1"},"canonical":"https:\/\/irgumburgumstudio.hu\/en\/bolt\/termeszetes-jatekok\/zokni-parosito-jatek\/","og_locale":"en_US","og_type":"article","og_title":"ZOKNI P\u00c1ROS\u00cdT\u00d3 J\u00c1T\u00c9K - IrgumburgumStudio","og_description":"( V\u00e1rhat\u00f3 sz\u00e1ll\u00edt\u00e1si id\u0151: 1-3 munkanap )  Minden sz\u00fcl\u0151 v\u00e1gya, hogy gyermek\u00e9t \u00f6r\u00f6mmel! tan\u00edtsa \u00f6n\u00e1ll\u00f3s\u00e1gra min\u00e9l hamarabb. Szeretn\u00e9nk ha gyermekeink \u00f6r\u00f6mmel seg\u00e9dhezn\u00e9nek a h\u00e1zimunk\u00e1ban, hiszen nekik mindez egy j\u00e1t\u00e9k. Ugye mindig a talpunk alatt vannak, ha h\u00e1zimunk\u00e1r\u00f3l, ha b\u00e1rmi m\u00e1sr\u00f3l van sz\u00f3.   \u00cdgy sz\u00fcletett meg a legegyszer\u0171bb kis mem\u00f3riak\u00e1rtyacsomagom, amivel k\u00f6nnyen be tudjuk a gyerk\u0151c\u00f6ket j\u00e1t\u00e9kosan vonni a zoknip\u00e1ros\u00edt\u00e1sra.  Sz\u00f3val.... kellemes k\u00f6z\u00f6s h\u00e1zimunk\u00e1z\u00e1s anyuk\u00e1k-apuk\u00e1k!   K\u00e1rty\u00e1k m\u00e9rete: 10x10 cm\u00a0  A csomag tartalma: 1db saj\u00e1t log\u00f3val ell\u00e1tott zs\u00e1kocska ami \u00f6r\u00f6k otthont biztos\u00edt a k\u00e1rty\u00e1knak 10p\u00e1r k\u00e9zzel festett zokni :)","og_url":"https:\/\/irgumburgumstudio.hu\/en\/bolt\/termeszetes-jatekok\/zokni-parosito-jatek\/","og_site_name":"IrgumburgumStudio","article_publisher":"https:\/\/www.facebook.com\/profile.php?id=100040055444498","article_modified_time":"2025-04-22T20:45:02+00:00","og_image":[{"width":1920,"height":2560,"url":"https:\/\/irgumburgumstudio.hu\/wp-content\/uploads\/2022\/01\/ACS_0113-min-scaled.jpeg","type":"image\/jpeg"}],"twitter_card":"summary_large_image","schema":{"@context":"https:\/\/schema.org","@graph":[{"@type":"WebPage","@id":"https:\/\/irgumburgumstudio.hu\/bolt\/termeszetes-jatekok\/zokni-parosito-jatek\/","url":"https:\/\/irgumburgumstudio.hu\/bolt\/termeszetes-jatekok\/zokni-parosito-jatek\/","name":"ZOKNI P\u00c1ROS\u00cdT\u00d3 J\u00c1T\u00c9K - IrgumburgumStudio","isPartOf":{"@id":"https:\/\/irgumburgumstudio.hu\/#website"},"primaryImageOfPage":{"@id":"https:\/\/irgumburgumstudio.hu\/bolt\/termeszetes-jatekok\/zokni-parosito-jatek\/#primaryimage"},"image":{"@id":"https:\/\/irgumburgumstudio.hu\/bolt\/termeszetes-jatekok\/zokni-parosito-jatek\/#primaryimage"},"thumbnailUrl":"https:\/\/irgumburgumstudio.hu\/wp-content\/uploads\/2022\/01\/ACS_0113-min-scaled.jpeg","datePublished":"2022-01-23T19:15:17+00:00","dateModified":"2025-04-22T20:45:02+00:00","breadcrumb":{"@id":"https:\/\/irgumburgumstudio.hu\/bolt\/termeszetes-jatekok\/zokni-parosito-jatek\/#breadcrumb"},"inLanguage":"en-US","potentialAction":[{"@type":"ReadAction","target":["https:\/\/irgumburgumstudio.hu\/bolt\/termeszetes-jatekok\/zokni-parosito-jatek\/"]}]},{"@type":"ImageObject","inLanguage":"en-US","@id":"https:\/\/irgumburgumstudio.hu\/bolt\/termeszetes-jatekok\/zokni-parosito-jatek\/#primaryimage","url":"https:\/\/irgumburgumstudio.hu\/wp-content\/uploads\/2022\/01\/ACS_0113-min-scaled.jpeg","contentUrl":"https:\/\/irgumburgumstudio.hu\/wp-content\/uploads\/2022\/01\/ACS_0113-min-scaled.jpeg","width":1920,"height":2560},{"@type":"BreadcrumbList","@id":"https:\/\/irgumburgumstudio.hu\/bolt\/termeszetes-jatekok\/zokni-parosito-jatek\/#breadcrumb","itemListElement":[{"@type":"ListItem","position":1,"name":"Home","item":"https:\/\/irgumburgumstudio.hu\/"},{"@type":"ListItem","position":2,"name":"Bolt","item":"https:\/\/irgumburgumstudio.hu\/bolt\/"},{"@type":"ListItem","position":3,"name":"ZOKNI P\u00c1ROS\u00cdT\u00d3 J\u00c1T\u00c9K"}]},{"@type":"WebSite","@id":"https:\/\/irgumburgumstudio.hu\/#website","url":"https:\/\/irgumburgumstudio.hu\/","name":"IrgumburgumStudio","description":"IrgumburgumStudio - k\u00e9zzel k\u00e9sz\u00edtett egyedi term\u00e9kek.","publisher":{"@id":"https:\/\/irgumburgumstudio.hu\/#organization"},"potentialAction":[{"@type":"SearchAction","target":{"@type":"EntryPoint","urlTemplate":"https:\/\/irgumburgumstudio.hu\/?s={search_term_string}"},"query-input":{"@type":"PropertyValueSpecification","valueRequired":true,"valueName":"search_term_string"}}],"inLanguage":"en-US"},{"@type":"Organization","@id":"https:\/\/irgumburgumstudio.hu\/#organization","name":"IrgumburgumStudio","url":"https:\/\/irgumburgumstudio.hu\/","logo":{"@type":"ImageObject","inLanguage":"en-US","@id":"https:\/\/irgumburgumstudio.hu\/#\/schema\/logo\/image\/","url":"https:\/\/irgumburgumstudio.hu\/wp-content\/uploads\/2019\/10\/cropped-logoszines-min.png","contentUrl":"https:\/\/irgumburgumstudio.hu\/wp-content\/uploads\/2019\/10\/cropped-logoszines-min.png","width":512,"height":512,"caption":"IrgumburgumStudio"},"image":{"@id":"https:\/\/irgumburgumstudio.hu\/#\/schema\/logo\/image\/"},"sameAs":["https:\/\/www.facebook.com\/profile.php?id=100040055444498"]}]}},"_links":{"self":[{"href":"https:\/\/irgumburgumstudio.hu\/en\/wp-json\/wp\/v2\/product\/5157","targetHints":{"allow":["GET"]}}],"collection":[{"href":"https:\/\/irgumburgumstudio.hu\/en\/wp-json\/wp\/v2\/product"}],"about":[{"href":"https:\/\/irgumburgumstudio.hu\/en\/wp-json\/wp\/v2\/types\/product"}],"replies":[{"embeddable":true,"href":"https:\/\/irgumburgumstudio.hu\/en\/wp-json\/wp\/v2\/comments?post=5157"}],"wp:featuredmedia":[{"embeddable":true,"href":"https:\/\/irgumburgumstudio.hu\/en\/wp-json\/wp\/v2\/media\/5162"}],"wp:attachment":[{"href":"https:\/\/irgumburgumstudio.hu\/en\/wp-json\/wp\/v2\/media?parent=5157"}],"wp:term":[{"taxonomy":"product_brand","embeddable":true,"href":"https:\/\/irgumburgumstudio.hu\/en\/wp-json\/wp\/v2\/product_brand?post=5157"},{"taxonomy":"product_cat","embeddable":true,"href":"https:\/\/irgumburgumstudio.hu\/en\/wp-json\/wp\/v2\/product_cat?post=5157"},{"taxonomy":"product_tag","embeddable":true,"href":"https:\/\/irgumburgumstudio.hu\/en\/wp-json\/wp\/v2\/product_tag?post=5157"}],"curies":[{"name":"wp","href":"https:\/\/api.w.org\/{rel}","templated":true}]}}