{"id":5125,"date":"2022-01-10T21:13:15","date_gmt":"2022-01-10T21:13:15","guid":{"rendered":"https:\/\/irgumburgumstudio.hu\/?post_type=product&#038;p=5125"},"modified":"2025-06-01T07:27:27","modified_gmt":"2025-06-01T07:27:27","slug":"az-elso-evem-fali-dekoracio","status":"publish","type":"product","link":"https:\/\/irgumburgumstudio.hu\/en\/bolt\/egyedi-megrendelesek\/az-elso-evem-fali-dekoracio\/","title":{"rendered":"Az els\u0151 \u00e9vem fali dekor\u00e1ci\u00f3"},"content":{"rendered":"","protected":false},"excerpt":{"rendered":"<p>&nbsp;<\/p>\n<p>&nbsp;<\/p>\n<p>A leg\u00fajabb term\u00e9k\u00fcnk kisl\u00e1nyunk 1 \u00e9ves sz\u00fclet\u00e9snapja alkalm\u00e1b\u00f3l k\u00e9sz\u00fclt!<\/p>\n<p>Mi m\u00e1r most im\u00e1djuk, \u00e9s biztos vagyok benne hogy hossz\u00fa \u00e9veken \u00e1t a falainkon fog d\u00edszelegni, legyen az a nappali, h\u00e1l\u00f3szoba, gyerekszoba. \ud83d\ude42<\/p>\n<p>Amit tudnotok kell err\u0151l a csod\u00e1latos eml\u00e9k\u0151rz\u0151r\u0151l:<\/p>\n<p>&#x2764; A3-as m\u00e9ret\u0171.<br \/>\n&#x2764; T\u00f6k\u00e9letes aj\u00e1nd\u00e9k els\u0151 sz\u00fclet\u00e9snapra, de t\u00f6k\u00e9letes f\u0151 dekor\u00e1ci\u00f3ja az els\u0151 sz\u00fclet\u00e9snapi zs\u00farnak.<br \/>\n&#x2764; T\u00f6k\u00e9letes aj\u00e1nd\u00e9k lehet nagysz\u00fcl\u0151knek-d\u00e9dmam\u00e1knak, a csal\u00e1d b\u00e1rmely tagj\u00e1nak.<\/p>\n<p>Egyedi megrendel\u00e9s alapj\u00e1n k\u00e9sz\u00fcl, ami jelen esetben azt jelenti, hogy a rendel\u00e9s sor\u00e1n fontos hogy felt\u00fcntesd kisl\u00e1nyod\/kisfiad nev\u00e9t a megjegyz\u00e9sben, esetleg b\u00e1rmi m\u00e1s sz\u00f6veget, amit a poszterre szeretn\u00e9l iratni.<br \/>\nMiut\u00e1n megrendelted a term\u00e9ket, emailen kereszt\u00fcl egy google drive-os linket kell k\u00fcldened az al\u00e1bbi email c\u00edmre: irgumburgumstore@gmail.com. A google drive-os mappa a 12db &#8220;h\u00f3napfot\u00f3t&#8221; tartalmazza.<\/p>\n<p>Figyelem:<br \/>\nTudom hogy sokan nem csin\u00e1ltak minden h\u00f3napban ugyan azon a napon f\u00e9nyk\u00e9peket, \u00edgy ez nem k\u00f6telez\u0151 eleme. El\u00e9g ha kiv\u00e1lasztod a 12 h\u00f3nap k\u00f6z\u00fcl minden h\u00f3napb\u00f3l a kedvenc kis k\u00e9pedet gyermkedr\u0151l, \u00e9s sorrendj\u00e9ben elk\u00fcld\u00f6d nekem azokat!<\/p>\n<p>Nem kell \u00fcnnephez, alkalomhoz k\u00f6tni ezt a kis eml\u00e9ket, b\u00e1rkimilyen koroszt\u00e1lnyak aj\u00e1nlom!<\/p>\n<p>Onnant\u00f3l sz\u00e1m\u00edtva hogy meg\u00e9rkeztek hozz\u00e1m a f\u00e9nyk\u00e9pek, 3h\u00e9t az elk\u00e9sz\u00edt\u00e9si id\u0151.<br \/>\nAz \u00e1r a keretet nem tartalmazza. \ud83d\ude42<\/p>\n<p><em><strong>Jelenleg egy fajta k\u00e9pet tudok felt\u00f6lteni err\u0151l a k\u00e9pr\u0151l,\u00a0 de 5 f\u00e9le &#8220;alap&#8221; minta k\u00f6z\u00fcl lehet v\u00e1lasztani! \ud83d\ude42<\/strong><\/em><\/p>\n<p><strong>A k\u00e9pet DIGIT\u00c1LIS FORM\u00c1TUMBAN k\u00fcldj\u00fck a v\u00e1s\u00e1rl\u00f3knak.<\/strong><\/p>","protected":false},"featured_media":5168,"comment_status":"open","ping_status":"closed","template":"","meta":[],"product_brand":[],"product_cat":[147],"product_tag":[],"class_list":{"0":"post-5125","1":"product","2":"type-product","3":"status-publish","4":"has-post-thumbnail","6":"product_cat-egyedi-megrendelesek","8":"first","9":"outofstock","10":"downloadable","11":"virtual","12":"taxable","13":"purchasable","14":"product-type-simple"},"yoast_head":"<!-- This site is optimized with the Yoast SEO plugin v27.4 - https:\/\/yoast.com\/product\/yoast-seo-wordpress\/ -->\n<title>Az els\u0151 \u00e9vem fali dekor\u00e1ci\u00f3 - IrgumburgumStudio<\/title>\n<meta name=\"robots\" content=\"index, follow, max-snippet:-1, max-image-preview:large, max-video-preview:-1\" \/>\n<link rel=\"canonical\" href=\"https:\/\/irgumburgumstudio.hu\/en\/bolt\/egyedi-megrendelesek\/az-elso-evem-fali-dekoracio\/\" \/>\n<meta property=\"og:locale\" content=\"en_US\" \/>\n<meta property=\"og:type\" content=\"article\" \/>\n<meta property=\"og:title\" content=\"Az els\u0151 \u00e9vem fali dekor\u00e1ci\u00f3 - IrgumburgumStudio\" \/>\n<meta property=\"og:description\" content=\"&nbsp;  &nbsp;  A leg\u00fajabb term\u00e9k\u00fcnk kisl\u00e1nyunk 1 \u00e9ves sz\u00fclet\u00e9snapja alkalm\u00e1b\u00f3l k\u00e9sz\u00fclt!  Mi m\u00e1r most im\u00e1djuk, \u00e9s biztos vagyok benne hogy hossz\u00fa \u00e9veken \u00e1t a falainkon fog d\u00edszelegni, legyen az a nappali, h\u00e1l\u00f3szoba, gyerekszoba. :)  Amit tudnotok kell err\u0151l a csod\u00e1latos eml\u00e9k\u0151rz\u0151r\u0151l:  &#x2764; A3-as m\u00e9ret\u0171. &#x2764; T\u00f6k\u00e9letes aj\u00e1nd\u00e9k els\u0151 sz\u00fclet\u00e9snapra, de t\u00f6k\u00e9letes f\u0151 dekor\u00e1ci\u00f3ja az els\u0151 sz\u00fclet\u00e9snapi zs\u00farnak. &#x2764; T\u00f6k\u00e9letes aj\u00e1nd\u00e9k lehet nagysz\u00fcl\u0151knek-d\u00e9dmam\u00e1knak, a csal\u00e1d b\u00e1rmely tagj\u00e1nak.  Egyedi megrendel\u00e9s alapj\u00e1n k\u00e9sz\u00fcl, ami jelen esetben azt jelenti, hogy a rendel\u00e9s sor\u00e1n fontos hogy felt\u00fcntesd kisl\u00e1nyod\/kisfiad nev\u00e9t a megjegyz\u00e9sben, esetleg b\u00e1rmi m\u00e1s sz\u00f6veget, amit a poszterre szeretn\u00e9l iratni. Miut\u00e1n megrendelted a term\u00e9ket, emailen kereszt\u00fcl egy google drive-os linket kell k\u00fcldened az al\u00e1bbi email c\u00edmre: irgumburgumstore@gmail.com. A google drive-os mappa a 12db &quot;h\u00f3napfot\u00f3t&quot; tartalmazza.  Figyelem: Tudom hogy sokan nem csin\u00e1ltak minden h\u00f3napban ugyan azon a napon f\u00e9nyk\u00e9peket, \u00edgy ez nem k\u00f6telez\u0151 eleme. El\u00e9g ha kiv\u00e1lasztod a 12 h\u00f3nap k\u00f6z\u00fcl minden h\u00f3napb\u00f3l a kedvenc kis k\u00e9pedet gyermkedr\u0151l, \u00e9s sorrendj\u00e9ben elk\u00fcld\u00f6d nekem azokat!  Nem kell \u00fcnnephez, alkalomhoz k\u00f6tni ezt a kis eml\u00e9ket, b\u00e1rkimilyen koroszt\u00e1lnyak aj\u00e1nlom!  Onnant\u00f3l sz\u00e1m\u00edtva hogy meg\u00e9rkeztek hozz\u00e1m a f\u00e9nyk\u00e9pek, 3h\u00e9t az elk\u00e9sz\u00edt\u00e9si id\u0151. Az \u00e1r a keretet nem tartalmazza. :)  Jelenleg egy fajta k\u00e9pet tudok felt\u00f6lteni err\u0151l a k\u00e9pr\u0151l,\u00a0 de 5 f\u00e9le &quot;alap&quot; minta k\u00f6z\u00fcl lehet v\u00e1lasztani! :)  A k\u00e9pet DIGIT\u00c1LIS FORM\u00c1TUMBAN k\u00fcldj\u00fck a v\u00e1s\u00e1rl\u00f3knak.\" \/>\n<meta property=\"og:url\" content=\"https:\/\/irgumburgumstudio.hu\/en\/bolt\/egyedi-megrendelesek\/az-elso-evem-fali-dekoracio\/\" \/>\n<meta property=\"og:site_name\" content=\"IrgumburgumStudio\" \/>\n<meta property=\"article:publisher\" content=\"https:\/\/www.facebook.com\/profile.php?id=100040055444498\" \/>\n<meta property=\"article:modified_time\" content=\"2025-06-01T07:27:27+00:00\" \/>\n<meta property=\"og:image\" content=\"https:\/\/irgumburgumstudio.hu\/wp-content\/uploads\/2022\/01\/ACS_0123-min-scaled.jpeg\" \/>\n\t<meta property=\"og:image:width\" content=\"1920\" \/>\n\t<meta property=\"og:image:height\" content=\"2560\" \/>\n\t<meta property=\"og:image:type\" content=\"image\/jpeg\" \/>\n<meta name=\"twitter:card\" content=\"summary_large_image\" \/>\n<script type=\"application\/ld+json\" class=\"yoast-schema-graph\">{\"@context\":\"https:\\\/\\\/schema.org\",\"@graph\":[{\"@type\":\"WebPage\",\"@id\":\"https:\\\/\\\/irgumburgumstudio.hu\\\/bolt\\\/egyedi-megrendelesek\\\/az-elso-evem-fali-dekoracio\\\/\",\"url\":\"https:\\\/\\\/irgumburgumstudio.hu\\\/bolt\\\/egyedi-megrendelesek\\\/az-elso-evem-fali-dekoracio\\\/\",\"name\":\"Az els\u0151 \u00e9vem fali dekor\u00e1ci\u00f3 - IrgumburgumStudio\",\"isPartOf\":{\"@id\":\"https:\\\/\\\/irgumburgumstudio.hu\\\/#website\"},\"primaryImageOfPage\":{\"@id\":\"https:\\\/\\\/irgumburgumstudio.hu\\\/bolt\\\/egyedi-megrendelesek\\\/az-elso-evem-fali-dekoracio\\\/#primaryimage\"},\"image\":{\"@id\":\"https:\\\/\\\/irgumburgumstudio.hu\\\/bolt\\\/egyedi-megrendelesek\\\/az-elso-evem-fali-dekoracio\\\/#primaryimage\"},\"thumbnailUrl\":\"https:\\\/\\\/irgumburgumstudio.hu\\\/wp-content\\\/uploads\\\/2022\\\/01\\\/ACS_0123-min-scaled.jpeg\",\"datePublished\":\"2022-01-10T21:13:15+00:00\",\"dateModified\":\"2025-06-01T07:27:27+00:00\",\"breadcrumb\":{\"@id\":\"https:\\\/\\\/irgumburgumstudio.hu\\\/bolt\\\/egyedi-megrendelesek\\\/az-elso-evem-fali-dekoracio\\\/#breadcrumb\"},\"inLanguage\":\"en-US\",\"potentialAction\":[{\"@type\":\"ReadAction\",\"target\":[\"https:\\\/\\\/irgumburgumstudio.hu\\\/bolt\\\/egyedi-megrendelesek\\\/az-elso-evem-fali-dekoracio\\\/\"]}]},{\"@type\":\"ImageObject\",\"inLanguage\":\"en-US\",\"@id\":\"https:\\\/\\\/irgumburgumstudio.hu\\\/bolt\\\/egyedi-megrendelesek\\\/az-elso-evem-fali-dekoracio\\\/#primaryimage\",\"url\":\"https:\\\/\\\/irgumburgumstudio.hu\\\/wp-content\\\/uploads\\\/2022\\\/01\\\/ACS_0123-min-scaled.jpeg\",\"contentUrl\":\"https:\\\/\\\/irgumburgumstudio.hu\\\/wp-content\\\/uploads\\\/2022\\\/01\\\/ACS_0123-min-scaled.jpeg\",\"width\":1920,\"height\":2560},{\"@type\":\"BreadcrumbList\",\"@id\":\"https:\\\/\\\/irgumburgumstudio.hu\\\/bolt\\\/egyedi-megrendelesek\\\/az-elso-evem-fali-dekoracio\\\/#breadcrumb\",\"itemListElement\":[{\"@type\":\"ListItem\",\"position\":1,\"name\":\"Home\",\"item\":\"https:\\\/\\\/irgumburgumstudio.hu\\\/\"},{\"@type\":\"ListItem\",\"position\":2,\"name\":\"Bolt\",\"item\":\"https:\\\/\\\/irgumburgumstudio.hu\\\/bolt\\\/\"},{\"@type\":\"ListItem\",\"position\":3,\"name\":\"Az els\u0151 \u00e9vem fali dekor\u00e1ci\u00f3\"}]},{\"@type\":\"WebSite\",\"@id\":\"https:\\\/\\\/irgumburgumstudio.hu\\\/#website\",\"url\":\"https:\\\/\\\/irgumburgumstudio.hu\\\/\",\"name\":\"IrgumburgumStudio\",\"description\":\"IrgumburgumStudio - k\u00e9zzel k\u00e9sz\u00edtett egyedi term\u00e9kek.\",\"publisher\":{\"@id\":\"https:\\\/\\\/irgumburgumstudio.hu\\\/#organization\"},\"potentialAction\":[{\"@type\":\"SearchAction\",\"target\":{\"@type\":\"EntryPoint\",\"urlTemplate\":\"https:\\\/\\\/irgumburgumstudio.hu\\\/?s={search_term_string}\"},\"query-input\":{\"@type\":\"PropertyValueSpecification\",\"valueRequired\":true,\"valueName\":\"search_term_string\"}}],\"inLanguage\":\"en-US\"},{\"@type\":\"Organization\",\"@id\":\"https:\\\/\\\/irgumburgumstudio.hu\\\/#organization\",\"name\":\"IrgumburgumStudio\",\"url\":\"https:\\\/\\\/irgumburgumstudio.hu\\\/\",\"logo\":{\"@type\":\"ImageObject\",\"inLanguage\":\"en-US\",\"@id\":\"https:\\\/\\\/irgumburgumstudio.hu\\\/#\\\/schema\\\/logo\\\/image\\\/\",\"url\":\"https:\\\/\\\/irgumburgumstudio.hu\\\/wp-content\\\/uploads\\\/2019\\\/10\\\/cropped-logoszines-min.png\",\"contentUrl\":\"https:\\\/\\\/irgumburgumstudio.hu\\\/wp-content\\\/uploads\\\/2019\\\/10\\\/cropped-logoszines-min.png\",\"width\":512,\"height\":512,\"caption\":\"IrgumburgumStudio\"},\"image\":{\"@id\":\"https:\\\/\\\/irgumburgumstudio.hu\\\/#\\\/schema\\\/logo\\\/image\\\/\"},\"sameAs\":[\"https:\\\/\\\/www.facebook.com\\\/profile.php?id=100040055444498\"]}]}<\/script>\n<!-- \/ Yoast SEO plugin. -->","yoast_head_json":{"title":"Az els\u0151 \u00e9vem fali dekor\u00e1ci\u00f3 - IrgumburgumStudio","robots":{"index":"index","follow":"follow","max-snippet":"max-snippet:-1","max-image-preview":"max-image-preview:large","max-video-preview":"max-video-preview:-1"},"canonical":"https:\/\/irgumburgumstudio.hu\/en\/bolt\/egyedi-megrendelesek\/az-elso-evem-fali-dekoracio\/","og_locale":"en_US","og_type":"article","og_title":"Az els\u0151 \u00e9vem fali dekor\u00e1ci\u00f3 - IrgumburgumStudio","og_description":"&nbsp;  &nbsp;  A leg\u00fajabb term\u00e9k\u00fcnk kisl\u00e1nyunk 1 \u00e9ves sz\u00fclet\u00e9snapja alkalm\u00e1b\u00f3l k\u00e9sz\u00fclt!  Mi m\u00e1r most im\u00e1djuk, \u00e9s biztos vagyok benne hogy hossz\u00fa \u00e9veken \u00e1t a falainkon fog d\u00edszelegni, legyen az a nappali, h\u00e1l\u00f3szoba, gyerekszoba. :)  Amit tudnotok kell err\u0151l a csod\u00e1latos eml\u00e9k\u0151rz\u0151r\u0151l:  &#x2764; A3-as m\u00e9ret\u0171. &#x2764; T\u00f6k\u00e9letes aj\u00e1nd\u00e9k els\u0151 sz\u00fclet\u00e9snapra, de t\u00f6k\u00e9letes f\u0151 dekor\u00e1ci\u00f3ja az els\u0151 sz\u00fclet\u00e9snapi zs\u00farnak. &#x2764; T\u00f6k\u00e9letes aj\u00e1nd\u00e9k lehet nagysz\u00fcl\u0151knek-d\u00e9dmam\u00e1knak, a csal\u00e1d b\u00e1rmely tagj\u00e1nak.  Egyedi megrendel\u00e9s alapj\u00e1n k\u00e9sz\u00fcl, ami jelen esetben azt jelenti, hogy a rendel\u00e9s sor\u00e1n fontos hogy felt\u00fcntesd kisl\u00e1nyod\/kisfiad nev\u00e9t a megjegyz\u00e9sben, esetleg b\u00e1rmi m\u00e1s sz\u00f6veget, amit a poszterre szeretn\u00e9l iratni. Miut\u00e1n megrendelted a term\u00e9ket, emailen kereszt\u00fcl egy google drive-os linket kell k\u00fcldened az al\u00e1bbi email c\u00edmre: irgumburgumstore@gmail.com. A google drive-os mappa a 12db \"h\u00f3napfot\u00f3t\" tartalmazza.  Figyelem: Tudom hogy sokan nem csin\u00e1ltak minden h\u00f3napban ugyan azon a napon f\u00e9nyk\u00e9peket, \u00edgy ez nem k\u00f6telez\u0151 eleme. El\u00e9g ha kiv\u00e1lasztod a 12 h\u00f3nap k\u00f6z\u00fcl minden h\u00f3napb\u00f3l a kedvenc kis k\u00e9pedet gyermkedr\u0151l, \u00e9s sorrendj\u00e9ben elk\u00fcld\u00f6d nekem azokat!  Nem kell \u00fcnnephez, alkalomhoz k\u00f6tni ezt a kis eml\u00e9ket, b\u00e1rkimilyen koroszt\u00e1lnyak aj\u00e1nlom!  Onnant\u00f3l sz\u00e1m\u00edtva hogy meg\u00e9rkeztek hozz\u00e1m a f\u00e9nyk\u00e9pek, 3h\u00e9t az elk\u00e9sz\u00edt\u00e9si id\u0151. Az \u00e1r a keretet nem tartalmazza. :)  Jelenleg egy fajta k\u00e9pet tudok felt\u00f6lteni err\u0151l a k\u00e9pr\u0151l,\u00a0 de 5 f\u00e9le \"alap\" minta k\u00f6z\u00fcl lehet v\u00e1lasztani! :)  A k\u00e9pet DIGIT\u00c1LIS FORM\u00c1TUMBAN k\u00fcldj\u00fck a v\u00e1s\u00e1rl\u00f3knak.","og_url":"https:\/\/irgumburgumstudio.hu\/en\/bolt\/egyedi-megrendelesek\/az-elso-evem-fali-dekoracio\/","og_site_name":"IrgumburgumStudio","article_publisher":"https:\/\/www.facebook.com\/profile.php?id=100040055444498","article_modified_time":"2025-06-01T07:27:27+00:00","og_image":[{"width":1920,"height":2560,"url":"https:\/\/irgumburgumstudio.hu\/wp-content\/uploads\/2022\/01\/ACS_0123-min-scaled.jpeg","type":"image\/jpeg"}],"twitter_card":"summary_large_image","schema":{"@context":"https:\/\/schema.org","@graph":[{"@type":"WebPage","@id":"https:\/\/irgumburgumstudio.hu\/bolt\/egyedi-megrendelesek\/az-elso-evem-fali-dekoracio\/","url":"https:\/\/irgumburgumstudio.hu\/bolt\/egyedi-megrendelesek\/az-elso-evem-fali-dekoracio\/","name":"Az els\u0151 \u00e9vem fali dekor\u00e1ci\u00f3 - IrgumburgumStudio","isPartOf":{"@id":"https:\/\/irgumburgumstudio.hu\/#website"},"primaryImageOfPage":{"@id":"https:\/\/irgumburgumstudio.hu\/bolt\/egyedi-megrendelesek\/az-elso-evem-fali-dekoracio\/#primaryimage"},"image":{"@id":"https:\/\/irgumburgumstudio.hu\/bolt\/egyedi-megrendelesek\/az-elso-evem-fali-dekoracio\/#primaryimage"},"thumbnailUrl":"https:\/\/irgumburgumstudio.hu\/wp-content\/uploads\/2022\/01\/ACS_0123-min-scaled.jpeg","datePublished":"2022-01-10T21:13:15+00:00","dateModified":"2025-06-01T07:27:27+00:00","breadcrumb":{"@id":"https:\/\/irgumburgumstudio.hu\/bolt\/egyedi-megrendelesek\/az-elso-evem-fali-dekoracio\/#breadcrumb"},"inLanguage":"en-US","potentialAction":[{"@type":"ReadAction","target":["https:\/\/irgumburgumstudio.hu\/bolt\/egyedi-megrendelesek\/az-elso-evem-fali-dekoracio\/"]}]},{"@type":"ImageObject","inLanguage":"en-US","@id":"https:\/\/irgumburgumstudio.hu\/bolt\/egyedi-megrendelesek\/az-elso-evem-fali-dekoracio\/#primaryimage","url":"https:\/\/irgumburgumstudio.hu\/wp-content\/uploads\/2022\/01\/ACS_0123-min-scaled.jpeg","contentUrl":"https:\/\/irgumburgumstudio.hu\/wp-content\/uploads\/2022\/01\/ACS_0123-min-scaled.jpeg","width":1920,"height":2560},{"@type":"BreadcrumbList","@id":"https:\/\/irgumburgumstudio.hu\/bolt\/egyedi-megrendelesek\/az-elso-evem-fali-dekoracio\/#breadcrumb","itemListElement":[{"@type":"ListItem","position":1,"name":"Home","item":"https:\/\/irgumburgumstudio.hu\/"},{"@type":"ListItem","position":2,"name":"Bolt","item":"https:\/\/irgumburgumstudio.hu\/bolt\/"},{"@type":"ListItem","position":3,"name":"Az els\u0151 \u00e9vem fali dekor\u00e1ci\u00f3"}]},{"@type":"WebSite","@id":"https:\/\/irgumburgumstudio.hu\/#website","url":"https:\/\/irgumburgumstudio.hu\/","name":"IrgumburgumStudio","description":"IrgumburgumStudio - k\u00e9zzel k\u00e9sz\u00edtett egyedi term\u00e9kek.","publisher":{"@id":"https:\/\/irgumburgumstudio.hu\/#organization"},"potentialAction":[{"@type":"SearchAction","target":{"@type":"EntryPoint","urlTemplate":"https:\/\/irgumburgumstudio.hu\/?s={search_term_string}"},"query-input":{"@type":"PropertyValueSpecification","valueRequired":true,"valueName":"search_term_string"}}],"inLanguage":"en-US"},{"@type":"Organization","@id":"https:\/\/irgumburgumstudio.hu\/#organization","name":"IrgumburgumStudio","url":"https:\/\/irgumburgumstudio.hu\/","logo":{"@type":"ImageObject","inLanguage":"en-US","@id":"https:\/\/irgumburgumstudio.hu\/#\/schema\/logo\/image\/","url":"https:\/\/irgumburgumstudio.hu\/wp-content\/uploads\/2019\/10\/cropped-logoszines-min.png","contentUrl":"https:\/\/irgumburgumstudio.hu\/wp-content\/uploads\/2019\/10\/cropped-logoszines-min.png","width":512,"height":512,"caption":"IrgumburgumStudio"},"image":{"@id":"https:\/\/irgumburgumstudio.hu\/#\/schema\/logo\/image\/"},"sameAs":["https:\/\/www.facebook.com\/profile.php?id=100040055444498"]}]}},"_links":{"self":[{"href":"https:\/\/irgumburgumstudio.hu\/en\/wp-json\/wp\/v2\/product\/5125","targetHints":{"allow":["GET"]}}],"collection":[{"href":"https:\/\/irgumburgumstudio.hu\/en\/wp-json\/wp\/v2\/product"}],"about":[{"href":"https:\/\/irgumburgumstudio.hu\/en\/wp-json\/wp\/v2\/types\/product"}],"replies":[{"embeddable":true,"href":"https:\/\/irgumburgumstudio.hu\/en\/wp-json\/wp\/v2\/comments?post=5125"}],"wp:featuredmedia":[{"embeddable":true,"href":"https:\/\/irgumburgumstudio.hu\/en\/wp-json\/wp\/v2\/media\/5168"}],"wp:attachment":[{"href":"https:\/\/irgumburgumstudio.hu\/en\/wp-json\/wp\/v2\/media?parent=5125"}],"wp:term":[{"taxonomy":"product_brand","embeddable":true,"href":"https:\/\/irgumburgumstudio.hu\/en\/wp-json\/wp\/v2\/product_brand?post=5125"},{"taxonomy":"product_cat","embeddable":true,"href":"https:\/\/irgumburgumstudio.hu\/en\/wp-json\/wp\/v2\/product_cat?post=5125"},{"taxonomy":"product_tag","embeddable":true,"href":"https:\/\/irgumburgumstudio.hu\/en\/wp-json\/wp\/v2\/product_tag?post=5125"}],"curies":[{"name":"wp","href":"https:\/\/api.w.org\/{rel}","templated":true}]}}