{"id":4912,"date":"2021-08-05T08:51:21","date_gmt":"2021-08-05T08:51:21","guid":{"rendered":"https:\/\/irgumburgumstudio.hu\/?post_type=product&#038;p=4912"},"modified":"2023-06-16T10:25:43","modified_gmt":"2023-06-16T10:25:43","slug":"szinezo-es-foglalkoztato-konyv","status":"publish","type":"product","link":"https:\/\/irgumburgumstudio.hu\/en\/bolt\/szinezo-mesekonyv\/szinezo-es-foglalkoztato-konyv\/","title":{"rendered":"SZ\u00cdNEZ\u0150 \u00c9S FOGLALKOZTAT\u00d3 K\u00d6NYV"},"content":{"rendered":"","protected":false},"excerpt":{"rendered":"<p>Nagy \u00e1lom v\u00e1lt val\u00f3ra, mikor megkaptam a kezembe ezt a kis <strong>fejleszt\u0151 f\u00fczetet<\/strong>, amin m\u00e1r h\u00f3napok \u00f3ta dolgoztam.<br \/>\n100%ban meg vagyok el\u00e9gedve vele, \u00e9s bizton \u00e1ll\u00edtom nem ez az utols\u00f3 ilyen kis f\u00fczet, amit k\u00e9sz\u00edtettem.<br \/>\n<strong>34 oldalas<\/strong> kis csoda, sz\u00ednez\u0151s oldalakkal \u00e9s labirintusokkal tele.<br \/>\n12 oldal sz\u00ednez\u0151, \u00e9s 12 oldal labirintus tal\u00e1lhat\u00f3 a k\u00f6nyvben.<br \/>\nA csod\u00e1latos <strong>&#8220;Huba \u00e9s Zizi a csillag\u00e1lmokat ereget\u0151 k\u00e9t bar\u00e1t&#8221;<\/strong> &#8211; mese szerepl\u0151ivel, \u00e9rz\u00e9seivel tele.<br \/>\nK\u00e9zzel k\u00e9sz\u00fclt, telis tele szeretettel.<br \/>\nB\u00edzom benne, hogy mindenki aki megkaparintja ezt a kis f\u00fczetet, az hossz\u00fa hossz\u00fa \u00f3r\u00e1kat kikapcsol\u00f3d\u00e1ssal-j\u00f3kedvvel \u00e9s szeretettel rakja le a ceruz\u00e1t az alkot\u00e1s ut\u00e1n.<br \/>\nM\u00e9rete <strong>20x20cm.<\/strong><br \/>\n<strong>Irkaf\u0171z\u00f6tt. Matt 200g-os lapokkal tele \ud83d\ude42<\/strong><\/p>","protected":false},"featured_media":4923,"comment_status":"closed","ping_status":"closed","template":"","meta":[],"product_brand":[],"product_cat":[148],"product_tag":[],"class_list":{"0":"post-4912","1":"product","2":"type-product","3":"status-publish","4":"has-post-thumbnail","6":"product_cat-szinezo-mesekonyv","8":"first","9":"outofstock","10":"taxable","11":"shipping-taxable","12":"purchasable","13":"product-type-simple"},"yoast_head":"<!-- This site is optimized with the Yoast SEO plugin v27.4 - https:\/\/yoast.com\/product\/yoast-seo-wordpress\/ -->\n<title>SZ\u00cdNEZ\u0150 \u00c9S FOGLALKOZTAT\u00d3 K\u00d6NYV - IrgumburgumStudio<\/title>\n<meta name=\"robots\" content=\"index, follow, max-snippet:-1, max-image-preview:large, max-video-preview:-1\" \/>\n<link rel=\"canonical\" href=\"https:\/\/irgumburgumstudio.hu\/en\/bolt\/szinezo-mesekonyv\/szinezo-es-foglalkoztato-konyv\/\" \/>\n<meta property=\"og:locale\" content=\"en_US\" \/>\n<meta property=\"og:type\" content=\"article\" \/>\n<meta property=\"og:title\" content=\"SZ\u00cdNEZ\u0150 \u00c9S FOGLALKOZTAT\u00d3 K\u00d6NYV - IrgumburgumStudio\" \/>\n<meta property=\"og:description\" content=\"Nagy \u00e1lom v\u00e1lt val\u00f3ra, mikor megkaptam a kezembe ezt a kis fejleszt\u0151 f\u00fczetet, amin m\u00e1r h\u00f3napok \u00f3ta dolgoztam. 100%ban meg vagyok el\u00e9gedve vele, \u00e9s bizton \u00e1ll\u00edtom nem ez az utols\u00f3 ilyen kis f\u00fczet, amit k\u00e9sz\u00edtettem. 34 oldalas kis csoda, sz\u00ednez\u0151s oldalakkal \u00e9s labirintusokkal tele. 12 oldal sz\u00ednez\u0151, \u00e9s 12 oldal labirintus tal\u00e1lhat\u00f3 a k\u00f6nyvben. A csod\u00e1latos &quot;Huba \u00e9s Zizi a csillag\u00e1lmokat ereget\u0151 k\u00e9t bar\u00e1t&quot; - mese szerepl\u0151ivel, \u00e9rz\u00e9seivel tele. K\u00e9zzel k\u00e9sz\u00fclt, telis tele szeretettel. B\u00edzom benne, hogy mindenki aki megkaparintja ezt a kis f\u00fczetet, az hossz\u00fa hossz\u00fa \u00f3r\u00e1kat kikapcsol\u00f3d\u00e1ssal-j\u00f3kedvvel \u00e9s szeretettel rakja le a ceruz\u00e1t az alkot\u00e1s ut\u00e1n. M\u00e9rete 20x20cm. Irkaf\u0171z\u00f6tt. Matt 200g-os lapokkal tele :)\" \/>\n<meta property=\"og:url\" content=\"https:\/\/irgumburgumstudio.hu\/en\/bolt\/szinezo-mesekonyv\/szinezo-es-foglalkoztato-konyv\/\" \/>\n<meta property=\"og:site_name\" content=\"IrgumburgumStudio\" \/>\n<meta property=\"article:publisher\" content=\"https:\/\/www.facebook.com\/profile.php?id=100040055444498\" \/>\n<meta property=\"article:modified_time\" content=\"2023-06-16T10:25:43+00:00\" \/>\n<meta property=\"og:image\" content=\"https:\/\/irgumburgumstudio.hu\/wp-content\/uploads\/2021\/08\/IMG_1604-min-scaled.jpg\" \/>\n\t<meta property=\"og:image:width\" content=\"1920\" \/>\n\t<meta property=\"og:image:height\" content=\"2560\" \/>\n\t<meta property=\"og:image:type\" content=\"image\/jpeg\" \/>\n<meta name=\"twitter:card\" content=\"summary_large_image\" \/>\n<script type=\"application\/ld+json\" class=\"yoast-schema-graph\">{\"@context\":\"https:\\\/\\\/schema.org\",\"@graph\":[{\"@type\":\"WebPage\",\"@id\":\"https:\\\/\\\/irgumburgumstudio.hu\\\/bolt\\\/szinezo-mesekonyv\\\/szinezo-es-foglalkoztato-konyv\\\/\",\"url\":\"https:\\\/\\\/irgumburgumstudio.hu\\\/bolt\\\/szinezo-mesekonyv\\\/szinezo-es-foglalkoztato-konyv\\\/\",\"name\":\"SZ\u00cdNEZ\u0150 \u00c9S FOGLALKOZTAT\u00d3 K\u00d6NYV - IrgumburgumStudio\",\"isPartOf\":{\"@id\":\"https:\\\/\\\/irgumburgumstudio.hu\\\/#website\"},\"primaryImageOfPage\":{\"@id\":\"https:\\\/\\\/irgumburgumstudio.hu\\\/bolt\\\/szinezo-mesekonyv\\\/szinezo-es-foglalkoztato-konyv\\\/#primaryimage\"},\"image\":{\"@id\":\"https:\\\/\\\/irgumburgumstudio.hu\\\/bolt\\\/szinezo-mesekonyv\\\/szinezo-es-foglalkoztato-konyv\\\/#primaryimage\"},\"thumbnailUrl\":\"https:\\\/\\\/irgumburgumstudio.hu\\\/wp-content\\\/uploads\\\/2021\\\/08\\\/IMG_1604-min-scaled.jpg\",\"datePublished\":\"2021-08-05T08:51:21+00:00\",\"dateModified\":\"2023-06-16T10:25:43+00:00\",\"breadcrumb\":{\"@id\":\"https:\\\/\\\/irgumburgumstudio.hu\\\/bolt\\\/szinezo-mesekonyv\\\/szinezo-es-foglalkoztato-konyv\\\/#breadcrumb\"},\"inLanguage\":\"en-US\",\"potentialAction\":[{\"@type\":\"ReadAction\",\"target\":[\"https:\\\/\\\/irgumburgumstudio.hu\\\/bolt\\\/szinezo-mesekonyv\\\/szinezo-es-foglalkoztato-konyv\\\/\"]}]},{\"@type\":\"ImageObject\",\"inLanguage\":\"en-US\",\"@id\":\"https:\\\/\\\/irgumburgumstudio.hu\\\/bolt\\\/szinezo-mesekonyv\\\/szinezo-es-foglalkoztato-konyv\\\/#primaryimage\",\"url\":\"https:\\\/\\\/irgumburgumstudio.hu\\\/wp-content\\\/uploads\\\/2021\\\/08\\\/IMG_1604-min-scaled.jpg\",\"contentUrl\":\"https:\\\/\\\/irgumburgumstudio.hu\\\/wp-content\\\/uploads\\\/2021\\\/08\\\/IMG_1604-min-scaled.jpg\",\"width\":1920,\"height\":2560},{\"@type\":\"BreadcrumbList\",\"@id\":\"https:\\\/\\\/irgumburgumstudio.hu\\\/bolt\\\/szinezo-mesekonyv\\\/szinezo-es-foglalkoztato-konyv\\\/#breadcrumb\",\"itemListElement\":[{\"@type\":\"ListItem\",\"position\":1,\"name\":\"Home\",\"item\":\"https:\\\/\\\/irgumburgumstudio.hu\\\/\"},{\"@type\":\"ListItem\",\"position\":2,\"name\":\"Bolt\",\"item\":\"https:\\\/\\\/irgumburgumstudio.hu\\\/bolt\\\/\"},{\"@type\":\"ListItem\",\"position\":3,\"name\":\"SZ\u00cdNEZ\u0150 \u00c9S FOGLALKOZTAT\u00d3 K\u00d6NYV\"}]},{\"@type\":\"WebSite\",\"@id\":\"https:\\\/\\\/irgumburgumstudio.hu\\\/#website\",\"url\":\"https:\\\/\\\/irgumburgumstudio.hu\\\/\",\"name\":\"IrgumburgumStudio\",\"description\":\"IrgumburgumStudio - k\u00e9zzel k\u00e9sz\u00edtett egyedi term\u00e9kek.\",\"publisher\":{\"@id\":\"https:\\\/\\\/irgumburgumstudio.hu\\\/#organization\"},\"potentialAction\":[{\"@type\":\"SearchAction\",\"target\":{\"@type\":\"EntryPoint\",\"urlTemplate\":\"https:\\\/\\\/irgumburgumstudio.hu\\\/?s={search_term_string}\"},\"query-input\":{\"@type\":\"PropertyValueSpecification\",\"valueRequired\":true,\"valueName\":\"search_term_string\"}}],\"inLanguage\":\"en-US\"},{\"@type\":\"Organization\",\"@id\":\"https:\\\/\\\/irgumburgumstudio.hu\\\/#organization\",\"name\":\"IrgumburgumStudio\",\"url\":\"https:\\\/\\\/irgumburgumstudio.hu\\\/\",\"logo\":{\"@type\":\"ImageObject\",\"inLanguage\":\"en-US\",\"@id\":\"https:\\\/\\\/irgumburgumstudio.hu\\\/#\\\/schema\\\/logo\\\/image\\\/\",\"url\":\"https:\\\/\\\/irgumburgumstudio.hu\\\/wp-content\\\/uploads\\\/2019\\\/10\\\/cropped-logoszines-min.png\",\"contentUrl\":\"https:\\\/\\\/irgumburgumstudio.hu\\\/wp-content\\\/uploads\\\/2019\\\/10\\\/cropped-logoszines-min.png\",\"width\":512,\"height\":512,\"caption\":\"IrgumburgumStudio\"},\"image\":{\"@id\":\"https:\\\/\\\/irgumburgumstudio.hu\\\/#\\\/schema\\\/logo\\\/image\\\/\"},\"sameAs\":[\"https:\\\/\\\/www.facebook.com\\\/profile.php?id=100040055444498\"]}]}<\/script>\n<!-- \/ Yoast SEO plugin. -->","yoast_head_json":{"title":"SZ\u00cdNEZ\u0150 \u00c9S FOGLALKOZTAT\u00d3 K\u00d6NYV - IrgumburgumStudio","robots":{"index":"index","follow":"follow","max-snippet":"max-snippet:-1","max-image-preview":"max-image-preview:large","max-video-preview":"max-video-preview:-1"},"canonical":"https:\/\/irgumburgumstudio.hu\/en\/bolt\/szinezo-mesekonyv\/szinezo-es-foglalkoztato-konyv\/","og_locale":"en_US","og_type":"article","og_title":"SZ\u00cdNEZ\u0150 \u00c9S FOGLALKOZTAT\u00d3 K\u00d6NYV - IrgumburgumStudio","og_description":"Nagy \u00e1lom v\u00e1lt val\u00f3ra, mikor megkaptam a kezembe ezt a kis fejleszt\u0151 f\u00fczetet, amin m\u00e1r h\u00f3napok \u00f3ta dolgoztam. 100%ban meg vagyok el\u00e9gedve vele, \u00e9s bizton \u00e1ll\u00edtom nem ez az utols\u00f3 ilyen kis f\u00fczet, amit k\u00e9sz\u00edtettem. 34 oldalas kis csoda, sz\u00ednez\u0151s oldalakkal \u00e9s labirintusokkal tele. 12 oldal sz\u00ednez\u0151, \u00e9s 12 oldal labirintus tal\u00e1lhat\u00f3 a k\u00f6nyvben. A csod\u00e1latos \"Huba \u00e9s Zizi a csillag\u00e1lmokat ereget\u0151 k\u00e9t bar\u00e1t\" - mese szerepl\u0151ivel, \u00e9rz\u00e9seivel tele. K\u00e9zzel k\u00e9sz\u00fclt, telis tele szeretettel. B\u00edzom benne, hogy mindenki aki megkaparintja ezt a kis f\u00fczetet, az hossz\u00fa hossz\u00fa \u00f3r\u00e1kat kikapcsol\u00f3d\u00e1ssal-j\u00f3kedvvel \u00e9s szeretettel rakja le a ceruz\u00e1t az alkot\u00e1s ut\u00e1n. M\u00e9rete 20x20cm. Irkaf\u0171z\u00f6tt. Matt 200g-os lapokkal tele :)","og_url":"https:\/\/irgumburgumstudio.hu\/en\/bolt\/szinezo-mesekonyv\/szinezo-es-foglalkoztato-konyv\/","og_site_name":"IrgumburgumStudio","article_publisher":"https:\/\/www.facebook.com\/profile.php?id=100040055444498","article_modified_time":"2023-06-16T10:25:43+00:00","og_image":[{"width":1920,"height":2560,"url":"https:\/\/irgumburgumstudio.hu\/wp-content\/uploads\/2021\/08\/IMG_1604-min-scaled.jpg","type":"image\/jpeg"}],"twitter_card":"summary_large_image","schema":{"@context":"https:\/\/schema.org","@graph":[{"@type":"WebPage","@id":"https:\/\/irgumburgumstudio.hu\/bolt\/szinezo-mesekonyv\/szinezo-es-foglalkoztato-konyv\/","url":"https:\/\/irgumburgumstudio.hu\/bolt\/szinezo-mesekonyv\/szinezo-es-foglalkoztato-konyv\/","name":"SZ\u00cdNEZ\u0150 \u00c9S FOGLALKOZTAT\u00d3 K\u00d6NYV - IrgumburgumStudio","isPartOf":{"@id":"https:\/\/irgumburgumstudio.hu\/#website"},"primaryImageOfPage":{"@id":"https:\/\/irgumburgumstudio.hu\/bolt\/szinezo-mesekonyv\/szinezo-es-foglalkoztato-konyv\/#primaryimage"},"image":{"@id":"https:\/\/irgumburgumstudio.hu\/bolt\/szinezo-mesekonyv\/szinezo-es-foglalkoztato-konyv\/#primaryimage"},"thumbnailUrl":"https:\/\/irgumburgumstudio.hu\/wp-content\/uploads\/2021\/08\/IMG_1604-min-scaled.jpg","datePublished":"2021-08-05T08:51:21+00:00","dateModified":"2023-06-16T10:25:43+00:00","breadcrumb":{"@id":"https:\/\/irgumburgumstudio.hu\/bolt\/szinezo-mesekonyv\/szinezo-es-foglalkoztato-konyv\/#breadcrumb"},"inLanguage":"en-US","potentialAction":[{"@type":"ReadAction","target":["https:\/\/irgumburgumstudio.hu\/bolt\/szinezo-mesekonyv\/szinezo-es-foglalkoztato-konyv\/"]}]},{"@type":"ImageObject","inLanguage":"en-US","@id":"https:\/\/irgumburgumstudio.hu\/bolt\/szinezo-mesekonyv\/szinezo-es-foglalkoztato-konyv\/#primaryimage","url":"https:\/\/irgumburgumstudio.hu\/wp-content\/uploads\/2021\/08\/IMG_1604-min-scaled.jpg","contentUrl":"https:\/\/irgumburgumstudio.hu\/wp-content\/uploads\/2021\/08\/IMG_1604-min-scaled.jpg","width":1920,"height":2560},{"@type":"BreadcrumbList","@id":"https:\/\/irgumburgumstudio.hu\/bolt\/szinezo-mesekonyv\/szinezo-es-foglalkoztato-konyv\/#breadcrumb","itemListElement":[{"@type":"ListItem","position":1,"name":"Home","item":"https:\/\/irgumburgumstudio.hu\/"},{"@type":"ListItem","position":2,"name":"Bolt","item":"https:\/\/irgumburgumstudio.hu\/bolt\/"},{"@type":"ListItem","position":3,"name":"SZ\u00cdNEZ\u0150 \u00c9S FOGLALKOZTAT\u00d3 K\u00d6NYV"}]},{"@type":"WebSite","@id":"https:\/\/irgumburgumstudio.hu\/#website","url":"https:\/\/irgumburgumstudio.hu\/","name":"IrgumburgumStudio","description":"IrgumburgumStudio - k\u00e9zzel k\u00e9sz\u00edtett egyedi term\u00e9kek.","publisher":{"@id":"https:\/\/irgumburgumstudio.hu\/#organization"},"potentialAction":[{"@type":"SearchAction","target":{"@type":"EntryPoint","urlTemplate":"https:\/\/irgumburgumstudio.hu\/?s={search_term_string}"},"query-input":{"@type":"PropertyValueSpecification","valueRequired":true,"valueName":"search_term_string"}}],"inLanguage":"en-US"},{"@type":"Organization","@id":"https:\/\/irgumburgumstudio.hu\/#organization","name":"IrgumburgumStudio","url":"https:\/\/irgumburgumstudio.hu\/","logo":{"@type":"ImageObject","inLanguage":"en-US","@id":"https:\/\/irgumburgumstudio.hu\/#\/schema\/logo\/image\/","url":"https:\/\/irgumburgumstudio.hu\/wp-content\/uploads\/2019\/10\/cropped-logoszines-min.png","contentUrl":"https:\/\/irgumburgumstudio.hu\/wp-content\/uploads\/2019\/10\/cropped-logoszines-min.png","width":512,"height":512,"caption":"IrgumburgumStudio"},"image":{"@id":"https:\/\/irgumburgumstudio.hu\/#\/schema\/logo\/image\/"},"sameAs":["https:\/\/www.facebook.com\/profile.php?id=100040055444498"]}]}},"_links":{"self":[{"href":"https:\/\/irgumburgumstudio.hu\/en\/wp-json\/wp\/v2\/product\/4912","targetHints":{"allow":["GET"]}}],"collection":[{"href":"https:\/\/irgumburgumstudio.hu\/en\/wp-json\/wp\/v2\/product"}],"about":[{"href":"https:\/\/irgumburgumstudio.hu\/en\/wp-json\/wp\/v2\/types\/product"}],"replies":[{"embeddable":true,"href":"https:\/\/irgumburgumstudio.hu\/en\/wp-json\/wp\/v2\/comments?post=4912"}],"wp:featuredmedia":[{"embeddable":true,"href":"https:\/\/irgumburgumstudio.hu\/en\/wp-json\/wp\/v2\/media\/4923"}],"wp:attachment":[{"href":"https:\/\/irgumburgumstudio.hu\/en\/wp-json\/wp\/v2\/media?parent=4912"}],"wp:term":[{"taxonomy":"product_brand","embeddable":true,"href":"https:\/\/irgumburgumstudio.hu\/en\/wp-json\/wp\/v2\/product_brand?post=4912"},{"taxonomy":"product_cat","embeddable":true,"href":"https:\/\/irgumburgumstudio.hu\/en\/wp-json\/wp\/v2\/product_cat?post=4912"},{"taxonomy":"product_tag","embeddable":true,"href":"https:\/\/irgumburgumstudio.hu\/en\/wp-json\/wp\/v2\/product_tag?post=4912"}],"curies":[{"name":"wp","href":"https:\/\/api.w.org\/{rel}","templated":true}]}}