{"id":4885,"date":"2021-07-06T08:56:22","date_gmt":"2021-07-06T08:56:22","guid":{"rendered":"https:\/\/irgumburgumstudio.hu\/?post_type=product&#038;p=4885"},"modified":"2025-06-01T07:29:53","modified_gmt":"2025-06-01T07:29:53","slug":"monokrom-babakartya","status":"publish","type":"product","link":"https:\/\/irgumburgumstudio.hu\/en\/bolt\/kontrasztos-babakartya-csomagok\/monokrom-babakartya\/","title":{"rendered":"Monokr\u00f3m babak\u00e1rtya"},"content":{"rendered":"","protected":false},"excerpt":{"rendered":"<p><span style=\"color: #333399;\">( V\u00e1rhat\u00f3 sz\u00e1ll\u00edt\u00e1si id\u0151: 1-2 munkanap )<\/span><\/p>\n<p><b>A CSOMAG TARTALMA:<br \/>\n<\/b>-12 db k\u00e1rtya, melyen egyedi k\u00e9zzel rajzolt illsztr\u00e1ci\u00f3k l\u00e1that\u00f3ak.<br \/>\n-Pr\u00e9mium min\u0151s\u00e9g\u0171 v\u00e1szonzs\u00e1k, szint\u00e9n saj\u00e1t grafik\u00e1val ell\u00e1tva. Ez \u00f6r\u00f6k helyet biztos\u00edt a k\u00e1rty\u00e1knak.<br \/>\n-1 db r\u00e9szletes term\u00e9kle\u00edr\u00e1s, hogyan haszn\u00e1ld a k\u00e1rty\u00e1kat.<\/p>\n<p><strong>Mire j\u00f3 a kontrasztos babak\u00e1rtya?<\/strong><br \/>\n<em>A fekete-feh\u00e9r babak\u00e1rty\u00e1k c\u00e9lja, hogy seg\u00edts\u00e9k a kisgyermekek vizu\u00e1lis \u00e9s \u00e9rz\u00e9kel\u00e9si fejl\u0151d\u00e9s\u00e9t, valamint az agyuk idegrendszer\u00e9nek fejl\u0151d\u00e9s\u00e9t. A nagy kontraszt\u00fa sz\u00ednek \u00e9s a mint\u00e1k seg\u00edtenek az agy fejl\u0151d\u00e9s\u00e9ben, \u00e9s seg\u00edtik az idegrendszert a k\u00fcl\u00f6nb\u00f6z\u0151 form\u00e1k \u00e9s sz\u00ednek megk\u00fcl\u00f6nb\u00f6ztet\u00e9s\u00e9ben. A fekete-feh\u00e9r babak\u00e1rty\u00e1k gyakran haszn\u00e1latosak korasz\u00fcl\u00f6tt bab\u00e1kn\u00e1l is, akiknek sz\u00fcks\u00e9g\u00fck van a vizu\u00e1lis stimul\u00e1ci\u00f3ra \u00e9s a fejl\u0151d\u00e9s\u00fck t\u00e1mogat\u00e1s\u00e1ra.<\/em><\/p>\n<p><strong>Mi\u00e9rt a mi babak\u00e1rty\u00e1nkat v\u00e1laszd?<br \/>\n&#x2b50;&#xfe0f; <\/strong>Egyedi, k\u00e9zzel rajzolt illusztr\u00e1ci\u00f3k.<br \/>\n&#x2b50;&#xfe0f; Extra vastag, matt lamin\u00e1lt k\u00e1rty\u00e1k, lekerek\u00edtett sarkakkal.<br \/>\n&#x2b50;&#xfe0f; 100% ban bababiztos.<br \/>\n&#x2b50;&#xfe0f; Magyar k\u00e9zm\u0171ves term\u00e9k.<br \/>\n&#x2b50;&#xfe0f; Praktikus t\u00e1rol\u00f3zs\u00e1k a hossz\u00fa t\u00e1v\u00fa haszn\u00e1lathoz.<br \/>\n&#x2b50;&#xfe0f; Fejleszti a baba l\u00e1t\u00e1s\u00e1t \u00e9s figyelm\u00e9t.<strong><br \/>\n<\/strong><\/p>\n<p><strong>Hogyan haszn\u00e1ld:<\/strong><br \/>\nA kis\u00e1gyba\/falhoz t\u00e1masztva.<br \/>\nTorn\u00e1z\u00e1skor lassan h\u00fazzuk el a bab\u00e1nk el\u0151tt a k\u00e1rty\u00e1t, majd vissza.<br \/>\nPelenk\u00e1z\u00f3hoz a falra ragasztva.<br \/>\nAut\u00f3ba is legyen mindig 1-2 k\u00e1rtya.<br \/>\nBabakocsira csiptetve.<\/p>\n<p><strong>\u00c9rdekess\u00e9g:<br \/>\n<\/strong>Leg\u00e9lesebben akkor l\u00e1tnak, ha a n\u00e9zend\u0151 dolog<strong> 20-25 cm<\/strong>-re van t\u0151l\u00fck.<strong><br \/>\n<\/strong>(\u201eHat-tizenk\u00e9t h\u00f3napos korban alakul ki a f\u00fazi\u00f3, vagyis amikor a k\u00e9t szemmel l\u00e1tott t\u00e1rgyak k\u00e9p\u00e9t nem csup\u00e1n egym\u00e1sra fekteti, hanem az agyk\u00e9rgi tev\u00e9kenys\u00e9g k\u00f6vetkezt\u00e9ben val\u00f3ban egy k\u00e9pp\u00e9 is form\u00e1lja, \u00f6sszeolvasztja a k\u00e9t szemmel l\u00e1tottakat. Ez felt\u00e9tele a t\u00e9rl\u00e1t\u00e1s kialakul\u00e1s\u00e1nak is.)<em>&#8220;A fiatal idegrendszernek adott id\u0151ben \u00e9s fejletts\u00e9gi st\u00e1diumban tal\u00e1lkoznia kell bizonyos ingerekkel, \u2013 a l\u00e1t\u00e1s eset\u00e9ben \u2013 vonalakkal, form\u00e1kkal, sz\u00ednekkel, hogy azok ne csak retin\u00e1j\u00e1n hagyjanak k\u00e9pet, hanem fel is tudja dolgozni, \u00e9rtelmezni tudja a megfelel\u0151 agyi k\u00f6zpontokkal is.\u201d<\/em>Az els\u0151 sz\u00edn, amit meg tudnak k\u00fcl\u00f6nb\u00f6ztetni, k\u00f6r\u00fclbel\u00fcl h\u00e1rom-n\u00e9gy h\u00f3napos korban az a piros.<br \/>\nMikor m\u00e1r kin\u0151ttetek az \u00fajsz\u00fcl\u00f6tteknek val\u00f3 k\u00e1rtyacsomagb\u00f3l akkor j\u00f6hetnek , a \u00a0<span style=\"color: #ff0000;\"><a style=\"color: #ff0000;\" href=\"https:\/\/irgumburgumstudio.hu\/en\/bolt\/fejleszto-jatekok\/kartyajatekaink\/szines-es-monokrom-kartyak-csomagban\/\">sz\u00ednes kontrasztk\u00e1rty\u00e1k<\/a><\/span><br \/>\nBiztosak lehettek benne, hogy ez lesz a leg\u00fajabb kedvencetek, a t\u00f6bbi cs\u00f6rg\u0151-z\u00f6rg\u0151 babaj\u00e1t\u00e9k mellett.<\/p>\n<p><strong>Ezt a babak\u00e1rtya csomagot 6h\u00f3napos korig melegen aj\u00e1nlom napi szint\u0171 haszn\u00e1latra! Torn\u00e1ztass\u00e1tok a bab\u00e1itokat vele! \ud83d\ude42<\/strong><\/p>\n<p><em>Ha sz\u00edvesen n\u00e9zegetn\u00e9l k\u00e9peket, amin kisbab\u00e1k n\u00e9zegetik az irgumburgumst\u00fadi\u00f3s k\u00e1rty\u00e1kat, akkor az instagram highlight story sorozatban tal\u00e1lsz sok ilyen k\u00e9pet, vide\u00f3t!<\/em><\/p>","protected":false},"featured_media":4886,"comment_status":"closed","ping_status":"closed","template":"","meta":[],"product_brand":[],"product_cat":[167],"product_tag":[],"class_list":{"0":"post-4885","1":"product","2":"type-product","3":"status-publish","4":"has-post-thumbnail","6":"product_cat-kontrasztos-babakartya-csomagok","8":"first","9":"outofstock","10":"taxable","11":"shipping-taxable","12":"purchasable","13":"product-type-simple"},"yoast_head":"<!-- This site is optimized with the Yoast SEO plugin v27.6 - https:\/\/yoast.com\/product\/yoast-seo-wordpress\/ -->\n<title>Monokr\u00f3m babak\u00e1rtya - IrgumburgumStudio<\/title>\n<meta name=\"description\" content=\"baba els\u0151 j\u00e1t\u00e9kai, fekete-feh\u00e9r babak\u00e1rty\u00e1k, fekete-feh\u00e9r babak\u00e1rty\u00e1k, kontrasztos k\u00e1rty\u00e1k \u00fajsz\u00fcl\u00f6tteknek, fejleszt\u0151 j\u00e1t\u00e9k bab\u00e1knak, els\u0151 j\u00e1t\u00e9k bab\u00e1knak\" \/>\n<meta name=\"robots\" content=\"index, follow, max-snippet:-1, max-image-preview:large, max-video-preview:-1\" \/>\n<link rel=\"canonical\" href=\"https:\/\/irgumburgumstudio.hu\/en\/bolt\/kontrasztos-babakartya-csomagok\/monokrom-babakartya\/\" \/>\n<meta property=\"og:locale\" content=\"en_US\" \/>\n<meta property=\"og:type\" content=\"article\" \/>\n<meta property=\"og:title\" content=\"Monokr\u00f3m babak\u00e1rtya - IrgumburgumStudio\" \/>\n<meta property=\"og:description\" content=\"baba els\u0151 j\u00e1t\u00e9kai, fekete-feh\u00e9r babak\u00e1rty\u00e1k, fekete-feh\u00e9r babak\u00e1rty\u00e1k, kontrasztos k\u00e1rty\u00e1k \u00fajsz\u00fcl\u00f6tteknek, fejleszt\u0151 j\u00e1t\u00e9k bab\u00e1knak, els\u0151 j\u00e1t\u00e9k bab\u00e1knak\" \/>\n<meta property=\"og:url\" content=\"https:\/\/irgumburgumstudio.hu\/en\/bolt\/kontrasztos-babakartya-csomagok\/monokrom-babakartya\/\" \/>\n<meta property=\"og:site_name\" content=\"IrgumburgumStudio\" \/>\n<meta property=\"article:publisher\" content=\"https:\/\/www.facebook.com\/profile.php?id=100040055444498\" \/>\n<meta property=\"article:modified_time\" content=\"2025-06-01T07:29:53+00:00\" \/>\n<meta property=\"og:image\" content=\"https:\/\/irgumburgumstudio.hu\/wp-content\/uploads\/2021\/07\/DABBFC9E-BC0C-471E-8860-36AF1F5C0E04-min-scaled.jpeg\" \/>\n\t<meta property=\"og:image:width\" content=\"2560\" \/>\n\t<meta property=\"og:image:height\" content=\"2560\" \/>\n\t<meta property=\"og:image:type\" content=\"image\/jpeg\" \/>\n<meta name=\"twitter:card\" content=\"summary_large_image\" \/>\n<meta name=\"twitter:label1\" content=\"Est. reading time\" \/>\n\t<meta name=\"twitter:data1\" content=\"1 minute\" \/>\n<script type=\"application\/ld+json\" class=\"yoast-schema-graph\">{\"@context\":\"https:\\\/\\\/schema.org\",\"@graph\":[{\"@type\":\"WebPage\",\"@id\":\"https:\\\/\\\/irgumburgumstudio.hu\\\/bolt\\\/kontrasztos-babakartya-csomagok\\\/monokrom-babakartya\\\/\",\"url\":\"https:\\\/\\\/irgumburgumstudio.hu\\\/bolt\\\/kontrasztos-babakartya-csomagok\\\/monokrom-babakartya\\\/\",\"name\":\"Monokr\u00f3m babak\u00e1rtya - IrgumburgumStudio\",\"isPartOf\":{\"@id\":\"https:\\\/\\\/irgumburgumstudio.hu\\\/#website\"},\"primaryImageOfPage\":{\"@id\":\"https:\\\/\\\/irgumburgumstudio.hu\\\/bolt\\\/kontrasztos-babakartya-csomagok\\\/monokrom-babakartya\\\/#primaryimage\"},\"image\":{\"@id\":\"https:\\\/\\\/irgumburgumstudio.hu\\\/bolt\\\/kontrasztos-babakartya-csomagok\\\/monokrom-babakartya\\\/#primaryimage\"},\"thumbnailUrl\":\"https:\\\/\\\/irgumburgumstudio.hu\\\/wp-content\\\/uploads\\\/2021\\\/07\\\/DABBFC9E-BC0C-471E-8860-36AF1F5C0E04-min-scaled.jpeg\",\"datePublished\":\"2021-07-06T08:56:22+00:00\",\"dateModified\":\"2025-06-01T07:29:53+00:00\",\"description\":\"baba els\u0151 j\u00e1t\u00e9kai, fekete-feh\u00e9r babak\u00e1rty\u00e1k, fekete-feh\u00e9r babak\u00e1rty\u00e1k, kontrasztos k\u00e1rty\u00e1k \u00fajsz\u00fcl\u00f6tteknek, fejleszt\u0151 j\u00e1t\u00e9k bab\u00e1knak, els\u0151 j\u00e1t\u00e9k bab\u00e1knak\",\"breadcrumb\":{\"@id\":\"https:\\\/\\\/irgumburgumstudio.hu\\\/bolt\\\/kontrasztos-babakartya-csomagok\\\/monokrom-babakartya\\\/#breadcrumb\"},\"inLanguage\":\"en-US\",\"potentialAction\":[{\"@type\":\"ReadAction\",\"target\":[\"https:\\\/\\\/irgumburgumstudio.hu\\\/bolt\\\/kontrasztos-babakartya-csomagok\\\/monokrom-babakartya\\\/\"]}]},{\"@type\":\"ImageObject\",\"inLanguage\":\"en-US\",\"@id\":\"https:\\\/\\\/irgumburgumstudio.hu\\\/bolt\\\/kontrasztos-babakartya-csomagok\\\/monokrom-babakartya\\\/#primaryimage\",\"url\":\"https:\\\/\\\/irgumburgumstudio.hu\\\/wp-content\\\/uploads\\\/2021\\\/07\\\/DABBFC9E-BC0C-471E-8860-36AF1F5C0E04-min-scaled.jpeg\",\"contentUrl\":\"https:\\\/\\\/irgumburgumstudio.hu\\\/wp-content\\\/uploads\\\/2021\\\/07\\\/DABBFC9E-BC0C-471E-8860-36AF1F5C0E04-min-scaled.jpeg\",\"width\":2560,\"height\":2560},{\"@type\":\"BreadcrumbList\",\"@id\":\"https:\\\/\\\/irgumburgumstudio.hu\\\/bolt\\\/kontrasztos-babakartya-csomagok\\\/monokrom-babakartya\\\/#breadcrumb\",\"itemListElement\":[{\"@type\":\"ListItem\",\"position\":1,\"name\":\"Home\",\"item\":\"https:\\\/\\\/irgumburgumstudio.hu\\\/\"},{\"@type\":\"ListItem\",\"position\":2,\"name\":\"Bolt\",\"item\":\"https:\\\/\\\/irgumburgumstudio.hu\\\/bolt\\\/\"},{\"@type\":\"ListItem\",\"position\":3,\"name\":\"Monokr\u00f3m babak\u00e1rtya\"}]},{\"@type\":\"WebSite\",\"@id\":\"https:\\\/\\\/irgumburgumstudio.hu\\\/#website\",\"url\":\"https:\\\/\\\/irgumburgumstudio.hu\\\/\",\"name\":\"IrgumburgumStudio\",\"description\":\"IrgumburgumStudio - k\u00e9zzel k\u00e9sz\u00edtett egyedi term\u00e9kek.\",\"publisher\":{\"@id\":\"https:\\\/\\\/irgumburgumstudio.hu\\\/#organization\"},\"potentialAction\":[{\"@type\":\"SearchAction\",\"target\":{\"@type\":\"EntryPoint\",\"urlTemplate\":\"https:\\\/\\\/irgumburgumstudio.hu\\\/?s={search_term_string}\"},\"query-input\":{\"@type\":\"PropertyValueSpecification\",\"valueRequired\":true,\"valueName\":\"search_term_string\"}}],\"inLanguage\":\"en-US\"},{\"@type\":\"Organization\",\"@id\":\"https:\\\/\\\/irgumburgumstudio.hu\\\/#organization\",\"name\":\"IrgumburgumStudio\",\"url\":\"https:\\\/\\\/irgumburgumstudio.hu\\\/\",\"logo\":{\"@type\":\"ImageObject\",\"inLanguage\":\"en-US\",\"@id\":\"https:\\\/\\\/irgumburgumstudio.hu\\\/#\\\/schema\\\/logo\\\/image\\\/\",\"url\":\"https:\\\/\\\/irgumburgumstudio.hu\\\/wp-content\\\/uploads\\\/2019\\\/10\\\/cropped-logoszines-min.png\",\"contentUrl\":\"https:\\\/\\\/irgumburgumstudio.hu\\\/wp-content\\\/uploads\\\/2019\\\/10\\\/cropped-logoszines-min.png\",\"width\":512,\"height\":512,\"caption\":\"IrgumburgumStudio\"},\"image\":{\"@id\":\"https:\\\/\\\/irgumburgumstudio.hu\\\/#\\\/schema\\\/logo\\\/image\\\/\"},\"sameAs\":[\"https:\\\/\\\/www.facebook.com\\\/profile.php?id=100040055444498\"]}]}<\/script>\n<!-- \/ Yoast SEO plugin. -->","yoast_head_json":{"title":"Monokr\u00f3m babak\u00e1rtya - IrgumburgumStudio","description":"baba els\u0151 j\u00e1t\u00e9kai, fekete-feh\u00e9r babak\u00e1rty\u00e1k, fekete-feh\u00e9r babak\u00e1rty\u00e1k, kontrasztos k\u00e1rty\u00e1k \u00fajsz\u00fcl\u00f6tteknek, fejleszt\u0151 j\u00e1t\u00e9k bab\u00e1knak, els\u0151 j\u00e1t\u00e9k bab\u00e1knak","robots":{"index":"index","follow":"follow","max-snippet":"max-snippet:-1","max-image-preview":"max-image-preview:large","max-video-preview":"max-video-preview:-1"},"canonical":"https:\/\/irgumburgumstudio.hu\/en\/bolt\/kontrasztos-babakartya-csomagok\/monokrom-babakartya\/","og_locale":"en_US","og_type":"article","og_title":"Monokr\u00f3m babak\u00e1rtya - IrgumburgumStudio","og_description":"baba els\u0151 j\u00e1t\u00e9kai, fekete-feh\u00e9r babak\u00e1rty\u00e1k, fekete-feh\u00e9r babak\u00e1rty\u00e1k, kontrasztos k\u00e1rty\u00e1k \u00fajsz\u00fcl\u00f6tteknek, fejleszt\u0151 j\u00e1t\u00e9k bab\u00e1knak, els\u0151 j\u00e1t\u00e9k bab\u00e1knak","og_url":"https:\/\/irgumburgumstudio.hu\/en\/bolt\/kontrasztos-babakartya-csomagok\/monokrom-babakartya\/","og_site_name":"IrgumburgumStudio","article_publisher":"https:\/\/www.facebook.com\/profile.php?id=100040055444498","article_modified_time":"2025-06-01T07:29:53+00:00","og_image":[{"width":2560,"height":2560,"url":"https:\/\/irgumburgumstudio.hu\/wp-content\/uploads\/2021\/07\/DABBFC9E-BC0C-471E-8860-36AF1F5C0E04-min-scaled.jpeg","type":"image\/jpeg"}],"twitter_card":"summary_large_image","twitter_misc":{"Est. reading time":"1 minute"},"schema":{"@context":"https:\/\/schema.org","@graph":[{"@type":"WebPage","@id":"https:\/\/irgumburgumstudio.hu\/bolt\/kontrasztos-babakartya-csomagok\/monokrom-babakartya\/","url":"https:\/\/irgumburgumstudio.hu\/bolt\/kontrasztos-babakartya-csomagok\/monokrom-babakartya\/","name":"Monokr\u00f3m babak\u00e1rtya - IrgumburgumStudio","isPartOf":{"@id":"https:\/\/irgumburgumstudio.hu\/#website"},"primaryImageOfPage":{"@id":"https:\/\/irgumburgumstudio.hu\/bolt\/kontrasztos-babakartya-csomagok\/monokrom-babakartya\/#primaryimage"},"image":{"@id":"https:\/\/irgumburgumstudio.hu\/bolt\/kontrasztos-babakartya-csomagok\/monokrom-babakartya\/#primaryimage"},"thumbnailUrl":"https:\/\/irgumburgumstudio.hu\/wp-content\/uploads\/2021\/07\/DABBFC9E-BC0C-471E-8860-36AF1F5C0E04-min-scaled.jpeg","datePublished":"2021-07-06T08:56:22+00:00","dateModified":"2025-06-01T07:29:53+00:00","description":"baba els\u0151 j\u00e1t\u00e9kai, fekete-feh\u00e9r babak\u00e1rty\u00e1k, fekete-feh\u00e9r babak\u00e1rty\u00e1k, kontrasztos k\u00e1rty\u00e1k \u00fajsz\u00fcl\u00f6tteknek, fejleszt\u0151 j\u00e1t\u00e9k bab\u00e1knak, els\u0151 j\u00e1t\u00e9k bab\u00e1knak","breadcrumb":{"@id":"https:\/\/irgumburgumstudio.hu\/bolt\/kontrasztos-babakartya-csomagok\/monokrom-babakartya\/#breadcrumb"},"inLanguage":"en-US","potentialAction":[{"@type":"ReadAction","target":["https:\/\/irgumburgumstudio.hu\/bolt\/kontrasztos-babakartya-csomagok\/monokrom-babakartya\/"]}]},{"@type":"ImageObject","inLanguage":"en-US","@id":"https:\/\/irgumburgumstudio.hu\/bolt\/kontrasztos-babakartya-csomagok\/monokrom-babakartya\/#primaryimage","url":"https:\/\/irgumburgumstudio.hu\/wp-content\/uploads\/2021\/07\/DABBFC9E-BC0C-471E-8860-36AF1F5C0E04-min-scaled.jpeg","contentUrl":"https:\/\/irgumburgumstudio.hu\/wp-content\/uploads\/2021\/07\/DABBFC9E-BC0C-471E-8860-36AF1F5C0E04-min-scaled.jpeg","width":2560,"height":2560},{"@type":"BreadcrumbList","@id":"https:\/\/irgumburgumstudio.hu\/bolt\/kontrasztos-babakartya-csomagok\/monokrom-babakartya\/#breadcrumb","itemListElement":[{"@type":"ListItem","position":1,"name":"Home","item":"https:\/\/irgumburgumstudio.hu\/"},{"@type":"ListItem","position":2,"name":"Bolt","item":"https:\/\/irgumburgumstudio.hu\/bolt\/"},{"@type":"ListItem","position":3,"name":"Monokr\u00f3m babak\u00e1rtya"}]},{"@type":"WebSite","@id":"https:\/\/irgumburgumstudio.hu\/#website","url":"https:\/\/irgumburgumstudio.hu\/","name":"IrgumburgumStudio","description":"IrgumburgumStudio - k\u00e9zzel k\u00e9sz\u00edtett egyedi term\u00e9kek.","publisher":{"@id":"https:\/\/irgumburgumstudio.hu\/#organization"},"potentialAction":[{"@type":"SearchAction","target":{"@type":"EntryPoint","urlTemplate":"https:\/\/irgumburgumstudio.hu\/?s={search_term_string}"},"query-input":{"@type":"PropertyValueSpecification","valueRequired":true,"valueName":"search_term_string"}}],"inLanguage":"en-US"},{"@type":"Organization","@id":"https:\/\/irgumburgumstudio.hu\/#organization","name":"IrgumburgumStudio","url":"https:\/\/irgumburgumstudio.hu\/","logo":{"@type":"ImageObject","inLanguage":"en-US","@id":"https:\/\/irgumburgumstudio.hu\/#\/schema\/logo\/image\/","url":"https:\/\/irgumburgumstudio.hu\/wp-content\/uploads\/2019\/10\/cropped-logoszines-min.png","contentUrl":"https:\/\/irgumburgumstudio.hu\/wp-content\/uploads\/2019\/10\/cropped-logoszines-min.png","width":512,"height":512,"caption":"IrgumburgumStudio"},"image":{"@id":"https:\/\/irgumburgumstudio.hu\/#\/schema\/logo\/image\/"},"sameAs":["https:\/\/www.facebook.com\/profile.php?id=100040055444498"]}]}},"_links":{"self":[{"href":"https:\/\/irgumburgumstudio.hu\/en\/wp-json\/wp\/v2\/product\/4885","targetHints":{"allow":["GET"]}}],"collection":[{"href":"https:\/\/irgumburgumstudio.hu\/en\/wp-json\/wp\/v2\/product"}],"about":[{"href":"https:\/\/irgumburgumstudio.hu\/en\/wp-json\/wp\/v2\/types\/product"}],"replies":[{"embeddable":true,"href":"https:\/\/irgumburgumstudio.hu\/en\/wp-json\/wp\/v2\/comments?post=4885"}],"wp:featuredmedia":[{"embeddable":true,"href":"https:\/\/irgumburgumstudio.hu\/en\/wp-json\/wp\/v2\/media\/4886"}],"wp:attachment":[{"href":"https:\/\/irgumburgumstudio.hu\/en\/wp-json\/wp\/v2\/media?parent=4885"}],"wp:term":[{"taxonomy":"product_brand","embeddable":true,"href":"https:\/\/irgumburgumstudio.hu\/en\/wp-json\/wp\/v2\/product_brand?post=4885"},{"taxonomy":"product_cat","embeddable":true,"href":"https:\/\/irgumburgumstudio.hu\/en\/wp-json\/wp\/v2\/product_cat?post=4885"},{"taxonomy":"product_tag","embeddable":true,"href":"https:\/\/irgumburgumstudio.hu\/en\/wp-json\/wp\/v2\/product_tag?post=4885"}],"curies":[{"name":"wp","href":"https:\/\/api.w.org\/{rel}","templated":true}]}}