{"id":4884,"date":"2021-07-06T08:43:59","date_gmt":"2021-07-06T08:43:59","guid":{"rendered":"https:\/\/irgumburgumstudio.hu\/?post_type=product&#038;p=4884"},"modified":"2025-04-22T20:38:34","modified_gmt":"2025-04-22T20:38:34","slug":"huba-es-zizi-a-csillagalmokat-eregeto-ket-barat","status":"publish","type":"product","link":"https:\/\/irgumburgumstudio.hu\/en\/bolt\/szinezo-mesekonyv\/huba-es-zizi-a-csillagalmokat-eregeto-ket-barat\/","title":{"rendered":"Huba \u00e9s Zizi a csillag\u00e1lmokat ereget\u0151 k\u00e9t bar\u00e1t"},"content":{"rendered":"","protected":false},"excerpt":{"rendered":"<p style=\"text-align: left;\">Csillag\u00e1lom sz\u00fcletett!<\/p>\n<p>&#8220;Minden egyes mese sz\u00e1momra a l\u00e9lek kacag\u00e1s\u00e1t jelenti. Hiszem hogy aki mes\u00e9t \u00edr, az\u00e9rt teszi mert m\u00e1sokat boldogg\u00e1 akar tenni. \u00cdgy sz\u00fcletett meg a Huba \u00e9s Zizi a csillag\u00e1lmokat ereget\u0151 k\u00e9t bar\u00e1t t\u00f6rt\u00e9nete.&#8221;<\/p>\n<p><strong><em>Minden koroszt\u00e1lynak aj\u00e1nljuk ezt a mes\u00e9t,\u00a0 mert sz\u00f3l a hitr\u0151l, az \u00e1lmainkr\u00f3l, az \u00f6nelfogad\u00e1sr\u00f3l, bar\u00e1ts\u00e1gr\u00f3l.<\/em><\/strong><\/p>\n<p>Mindketten mert\u00fcnk nagyot \u00e1lmodni, \u00e9s megsz\u00fcletett a <strong>Huba \u00e9s Zizi a csillag\u00e1lmokat ereget\u0151 k\u00e9t bar\u00e1t mesek\u00f6ny<\/strong>ve.<br \/>\nBarbinak \u00f3v\u00f3n\u00e9nik\u00e9nt nagy \u00e1lma volt hogy egyszer lehessen egy saj\u00e1t mesek\u00f6nyve. \u00c9n ped\u00edg mindig is szerettem volna illusztr\u00e1lni egy mes\u00e9t.<br \/>\nNagy dolog ez mindkett\u0151nk sz\u00e1m\u00e1ra, egy nagyon k\u00fcl\u00f6nleges mesek\u00f6nyvet alkottunk, amely igaz t\u00f6rt\u00e9neten alapszik.<br \/>\nF\u0151szerepl\u0151je a kis csal\u00e1dom egyetlen \u00e1llat tagja: Huba, a kisnyuszink. \ud83d\ude42<\/p>\n<p>&nbsp;<\/p>","protected":false},"featured_media":4879,"comment_status":"closed","ping_status":"closed","template":"","meta":[],"product_brand":[],"product_cat":[148],"product_tag":[],"class_list":{"0":"post-4884","1":"product","2":"type-product","3":"status-publish","4":"has-post-thumbnail","6":"product_cat-szinezo-mesekonyv","8":"first","9":"outofstock","10":"taxable","11":"shipping-taxable","12":"purchasable","13":"product-type-simple"},"yoast_head":"<!-- This site is optimized with the Yoast SEO plugin v27.4 - https:\/\/yoast.com\/product\/yoast-seo-wordpress\/ -->\n<title>Huba \u00e9s Zizi a csillag\u00e1lmokat ereget\u0151 k\u00e9t bar\u00e1t - IrgumburgumStudio<\/title>\n<meta name=\"robots\" content=\"index, follow, max-snippet:-1, max-image-preview:large, max-video-preview:-1\" \/>\n<link rel=\"canonical\" href=\"https:\/\/irgumburgumstudio.hu\/en\/bolt\/szinezo-mesekonyv\/huba-es-zizi-a-csillagalmokat-eregeto-ket-barat\/\" \/>\n<meta property=\"og:locale\" content=\"en_US\" \/>\n<meta property=\"og:type\" content=\"article\" \/>\n<meta property=\"og:title\" content=\"Huba \u00e9s Zizi a csillag\u00e1lmokat ereget\u0151 k\u00e9t bar\u00e1t - IrgumburgumStudio\" \/>\n<meta property=\"og:description\" content=\"Csillag\u00e1lom sz\u00fcletett! &quot;Minden egyes mese sz\u00e1momra a l\u00e9lek kacag\u00e1s\u00e1t jelenti. Hiszem hogy aki mes\u00e9t \u00edr, az\u00e9rt teszi mert m\u00e1sokat boldogg\u00e1 akar tenni. \u00cdgy sz\u00fcletett meg a Huba \u00e9s Zizi a csillag\u00e1lmokat ereget\u0151 k\u00e9t bar\u00e1t t\u00f6rt\u00e9nete.&quot;  Minden koroszt\u00e1lynak aj\u00e1nljuk ezt a mes\u00e9t,\u00a0 mert sz\u00f3l a hitr\u0151l, az \u00e1lmainkr\u00f3l, az \u00f6nelfogad\u00e1sr\u00f3l, bar\u00e1ts\u00e1gr\u00f3l.  Mindketten mert\u00fcnk nagyot \u00e1lmodni, \u00e9s megsz\u00fcletett a Huba \u00e9s Zizi a csillag\u00e1lmokat ereget\u0151 k\u00e9t bar\u00e1t mesek\u00f6nyve. Barbinak \u00f3v\u00f3n\u00e9nik\u00e9nt nagy \u00e1lma volt hogy egyszer lehessen egy saj\u00e1t mesek\u00f6nyve. \u00c9n ped\u00edg mindig is szerettem volna illusztr\u00e1lni egy mes\u00e9t. Nagy dolog ez mindkett\u0151nk sz\u00e1m\u00e1ra, egy nagyon k\u00fcl\u00f6nleges mesek\u00f6nyvet alkottunk, amely igaz t\u00f6rt\u00e9neten alapszik. F\u0151szerepl\u0151je a kis csal\u00e1dom egyetlen \u00e1llat tagja: Huba, a kisnyuszink. :)  &nbsp;\" \/>\n<meta property=\"og:url\" content=\"https:\/\/irgumburgumstudio.hu\/en\/bolt\/szinezo-mesekonyv\/huba-es-zizi-a-csillagalmokat-eregeto-ket-barat\/\" \/>\n<meta property=\"og:site_name\" content=\"IrgumburgumStudio\" \/>\n<meta property=\"article:publisher\" content=\"https:\/\/www.facebook.com\/profile.php?id=100040055444498\" \/>\n<meta property=\"article:modified_time\" content=\"2025-04-22T20:38:34+00:00\" \/>\n<meta property=\"og:image\" content=\"https:\/\/irgumburgumstudio.hu\/wp-content\/uploads\/2021\/07\/L55A9993-min-scaled.jpeg\" \/>\n\t<meta property=\"og:image:width\" content=\"2560\" \/>\n\t<meta property=\"og:image:height\" content=\"1707\" \/>\n\t<meta property=\"og:image:type\" content=\"image\/jpeg\" \/>\n<meta name=\"twitter:card\" content=\"summary_large_image\" \/>\n<script type=\"application\/ld+json\" class=\"yoast-schema-graph\">{\"@context\":\"https:\\\/\\\/schema.org\",\"@graph\":[{\"@type\":\"WebPage\",\"@id\":\"https:\\\/\\\/irgumburgumstudio.hu\\\/bolt\\\/szinezo-mesekonyv\\\/huba-es-zizi-a-csillagalmokat-eregeto-ket-barat\\\/\",\"url\":\"https:\\\/\\\/irgumburgumstudio.hu\\\/bolt\\\/szinezo-mesekonyv\\\/huba-es-zizi-a-csillagalmokat-eregeto-ket-barat\\\/\",\"name\":\"Huba \u00e9s Zizi a csillag\u00e1lmokat ereget\u0151 k\u00e9t bar\u00e1t - IrgumburgumStudio\",\"isPartOf\":{\"@id\":\"https:\\\/\\\/irgumburgumstudio.hu\\\/#website\"},\"primaryImageOfPage\":{\"@id\":\"https:\\\/\\\/irgumburgumstudio.hu\\\/bolt\\\/szinezo-mesekonyv\\\/huba-es-zizi-a-csillagalmokat-eregeto-ket-barat\\\/#primaryimage\"},\"image\":{\"@id\":\"https:\\\/\\\/irgumburgumstudio.hu\\\/bolt\\\/szinezo-mesekonyv\\\/huba-es-zizi-a-csillagalmokat-eregeto-ket-barat\\\/#primaryimage\"},\"thumbnailUrl\":\"https:\\\/\\\/irgumburgumstudio.hu\\\/wp-content\\\/uploads\\\/2021\\\/07\\\/L55A9993-min-scaled.jpeg\",\"datePublished\":\"2021-07-06T08:43:59+00:00\",\"dateModified\":\"2025-04-22T20:38:34+00:00\",\"breadcrumb\":{\"@id\":\"https:\\\/\\\/irgumburgumstudio.hu\\\/bolt\\\/szinezo-mesekonyv\\\/huba-es-zizi-a-csillagalmokat-eregeto-ket-barat\\\/#breadcrumb\"},\"inLanguage\":\"en-US\",\"potentialAction\":[{\"@type\":\"ReadAction\",\"target\":[\"https:\\\/\\\/irgumburgumstudio.hu\\\/bolt\\\/szinezo-mesekonyv\\\/huba-es-zizi-a-csillagalmokat-eregeto-ket-barat\\\/\"]}]},{\"@type\":\"ImageObject\",\"inLanguage\":\"en-US\",\"@id\":\"https:\\\/\\\/irgumburgumstudio.hu\\\/bolt\\\/szinezo-mesekonyv\\\/huba-es-zizi-a-csillagalmokat-eregeto-ket-barat\\\/#primaryimage\",\"url\":\"https:\\\/\\\/irgumburgumstudio.hu\\\/wp-content\\\/uploads\\\/2021\\\/07\\\/L55A9993-min-scaled.jpeg\",\"contentUrl\":\"https:\\\/\\\/irgumburgumstudio.hu\\\/wp-content\\\/uploads\\\/2021\\\/07\\\/L55A9993-min-scaled.jpeg\",\"width\":2560,\"height\":1707},{\"@type\":\"BreadcrumbList\",\"@id\":\"https:\\\/\\\/irgumburgumstudio.hu\\\/bolt\\\/szinezo-mesekonyv\\\/huba-es-zizi-a-csillagalmokat-eregeto-ket-barat\\\/#breadcrumb\",\"itemListElement\":[{\"@type\":\"ListItem\",\"position\":1,\"name\":\"Home\",\"item\":\"https:\\\/\\\/irgumburgumstudio.hu\\\/\"},{\"@type\":\"ListItem\",\"position\":2,\"name\":\"Bolt\",\"item\":\"https:\\\/\\\/irgumburgumstudio.hu\\\/bolt\\\/\"},{\"@type\":\"ListItem\",\"position\":3,\"name\":\"Huba \u00e9s Zizi a csillag\u00e1lmokat ereget\u0151 k\u00e9t bar\u00e1t\"}]},{\"@type\":\"WebSite\",\"@id\":\"https:\\\/\\\/irgumburgumstudio.hu\\\/#website\",\"url\":\"https:\\\/\\\/irgumburgumstudio.hu\\\/\",\"name\":\"IrgumburgumStudio\",\"description\":\"IrgumburgumStudio - k\u00e9zzel k\u00e9sz\u00edtett egyedi term\u00e9kek.\",\"publisher\":{\"@id\":\"https:\\\/\\\/irgumburgumstudio.hu\\\/#organization\"},\"potentialAction\":[{\"@type\":\"SearchAction\",\"target\":{\"@type\":\"EntryPoint\",\"urlTemplate\":\"https:\\\/\\\/irgumburgumstudio.hu\\\/?s={search_term_string}\"},\"query-input\":{\"@type\":\"PropertyValueSpecification\",\"valueRequired\":true,\"valueName\":\"search_term_string\"}}],\"inLanguage\":\"en-US\"},{\"@type\":\"Organization\",\"@id\":\"https:\\\/\\\/irgumburgumstudio.hu\\\/#organization\",\"name\":\"IrgumburgumStudio\",\"url\":\"https:\\\/\\\/irgumburgumstudio.hu\\\/\",\"logo\":{\"@type\":\"ImageObject\",\"inLanguage\":\"en-US\",\"@id\":\"https:\\\/\\\/irgumburgumstudio.hu\\\/#\\\/schema\\\/logo\\\/image\\\/\",\"url\":\"https:\\\/\\\/irgumburgumstudio.hu\\\/wp-content\\\/uploads\\\/2019\\\/10\\\/cropped-logoszines-min.png\",\"contentUrl\":\"https:\\\/\\\/irgumburgumstudio.hu\\\/wp-content\\\/uploads\\\/2019\\\/10\\\/cropped-logoszines-min.png\",\"width\":512,\"height\":512,\"caption\":\"IrgumburgumStudio\"},\"image\":{\"@id\":\"https:\\\/\\\/irgumburgumstudio.hu\\\/#\\\/schema\\\/logo\\\/image\\\/\"},\"sameAs\":[\"https:\\\/\\\/www.facebook.com\\\/profile.php?id=100040055444498\"]}]}<\/script>\n<!-- \/ Yoast SEO plugin. -->","yoast_head_json":{"title":"Huba \u00e9s Zizi a csillag\u00e1lmokat ereget\u0151 k\u00e9t bar\u00e1t - IrgumburgumStudio","robots":{"index":"index","follow":"follow","max-snippet":"max-snippet:-1","max-image-preview":"max-image-preview:large","max-video-preview":"max-video-preview:-1"},"canonical":"https:\/\/irgumburgumstudio.hu\/en\/bolt\/szinezo-mesekonyv\/huba-es-zizi-a-csillagalmokat-eregeto-ket-barat\/","og_locale":"en_US","og_type":"article","og_title":"Huba \u00e9s Zizi a csillag\u00e1lmokat ereget\u0151 k\u00e9t bar\u00e1t - IrgumburgumStudio","og_description":"Csillag\u00e1lom sz\u00fcletett! \"Minden egyes mese sz\u00e1momra a l\u00e9lek kacag\u00e1s\u00e1t jelenti. Hiszem hogy aki mes\u00e9t \u00edr, az\u00e9rt teszi mert m\u00e1sokat boldogg\u00e1 akar tenni. \u00cdgy sz\u00fcletett meg a Huba \u00e9s Zizi a csillag\u00e1lmokat ereget\u0151 k\u00e9t bar\u00e1t t\u00f6rt\u00e9nete.\"  Minden koroszt\u00e1lynak aj\u00e1nljuk ezt a mes\u00e9t,\u00a0 mert sz\u00f3l a hitr\u0151l, az \u00e1lmainkr\u00f3l, az \u00f6nelfogad\u00e1sr\u00f3l, bar\u00e1ts\u00e1gr\u00f3l.  Mindketten mert\u00fcnk nagyot \u00e1lmodni, \u00e9s megsz\u00fcletett a Huba \u00e9s Zizi a csillag\u00e1lmokat ereget\u0151 k\u00e9t bar\u00e1t mesek\u00f6nyve. Barbinak \u00f3v\u00f3n\u00e9nik\u00e9nt nagy \u00e1lma volt hogy egyszer lehessen egy saj\u00e1t mesek\u00f6nyve. \u00c9n ped\u00edg mindig is szerettem volna illusztr\u00e1lni egy mes\u00e9t. Nagy dolog ez mindkett\u0151nk sz\u00e1m\u00e1ra, egy nagyon k\u00fcl\u00f6nleges mesek\u00f6nyvet alkottunk, amely igaz t\u00f6rt\u00e9neten alapszik. F\u0151szerepl\u0151je a kis csal\u00e1dom egyetlen \u00e1llat tagja: Huba, a kisnyuszink. :)  &nbsp;","og_url":"https:\/\/irgumburgumstudio.hu\/en\/bolt\/szinezo-mesekonyv\/huba-es-zizi-a-csillagalmokat-eregeto-ket-barat\/","og_site_name":"IrgumburgumStudio","article_publisher":"https:\/\/www.facebook.com\/profile.php?id=100040055444498","article_modified_time":"2025-04-22T20:38:34+00:00","og_image":[{"width":2560,"height":1707,"url":"https:\/\/irgumburgumstudio.hu\/wp-content\/uploads\/2021\/07\/L55A9993-min-scaled.jpeg","type":"image\/jpeg"}],"twitter_card":"summary_large_image","schema":{"@context":"https:\/\/schema.org","@graph":[{"@type":"WebPage","@id":"https:\/\/irgumburgumstudio.hu\/bolt\/szinezo-mesekonyv\/huba-es-zizi-a-csillagalmokat-eregeto-ket-barat\/","url":"https:\/\/irgumburgumstudio.hu\/bolt\/szinezo-mesekonyv\/huba-es-zizi-a-csillagalmokat-eregeto-ket-barat\/","name":"Huba \u00e9s Zizi a csillag\u00e1lmokat ereget\u0151 k\u00e9t bar\u00e1t - IrgumburgumStudio","isPartOf":{"@id":"https:\/\/irgumburgumstudio.hu\/#website"},"primaryImageOfPage":{"@id":"https:\/\/irgumburgumstudio.hu\/bolt\/szinezo-mesekonyv\/huba-es-zizi-a-csillagalmokat-eregeto-ket-barat\/#primaryimage"},"image":{"@id":"https:\/\/irgumburgumstudio.hu\/bolt\/szinezo-mesekonyv\/huba-es-zizi-a-csillagalmokat-eregeto-ket-barat\/#primaryimage"},"thumbnailUrl":"https:\/\/irgumburgumstudio.hu\/wp-content\/uploads\/2021\/07\/L55A9993-min-scaled.jpeg","datePublished":"2021-07-06T08:43:59+00:00","dateModified":"2025-04-22T20:38:34+00:00","breadcrumb":{"@id":"https:\/\/irgumburgumstudio.hu\/bolt\/szinezo-mesekonyv\/huba-es-zizi-a-csillagalmokat-eregeto-ket-barat\/#breadcrumb"},"inLanguage":"en-US","potentialAction":[{"@type":"ReadAction","target":["https:\/\/irgumburgumstudio.hu\/bolt\/szinezo-mesekonyv\/huba-es-zizi-a-csillagalmokat-eregeto-ket-barat\/"]}]},{"@type":"ImageObject","inLanguage":"en-US","@id":"https:\/\/irgumburgumstudio.hu\/bolt\/szinezo-mesekonyv\/huba-es-zizi-a-csillagalmokat-eregeto-ket-barat\/#primaryimage","url":"https:\/\/irgumburgumstudio.hu\/wp-content\/uploads\/2021\/07\/L55A9993-min-scaled.jpeg","contentUrl":"https:\/\/irgumburgumstudio.hu\/wp-content\/uploads\/2021\/07\/L55A9993-min-scaled.jpeg","width":2560,"height":1707},{"@type":"BreadcrumbList","@id":"https:\/\/irgumburgumstudio.hu\/bolt\/szinezo-mesekonyv\/huba-es-zizi-a-csillagalmokat-eregeto-ket-barat\/#breadcrumb","itemListElement":[{"@type":"ListItem","position":1,"name":"Home","item":"https:\/\/irgumburgumstudio.hu\/"},{"@type":"ListItem","position":2,"name":"Bolt","item":"https:\/\/irgumburgumstudio.hu\/bolt\/"},{"@type":"ListItem","position":3,"name":"Huba \u00e9s Zizi a csillag\u00e1lmokat ereget\u0151 k\u00e9t bar\u00e1t"}]},{"@type":"WebSite","@id":"https:\/\/irgumburgumstudio.hu\/#website","url":"https:\/\/irgumburgumstudio.hu\/","name":"IrgumburgumStudio","description":"IrgumburgumStudio - k\u00e9zzel k\u00e9sz\u00edtett egyedi term\u00e9kek.","publisher":{"@id":"https:\/\/irgumburgumstudio.hu\/#organization"},"potentialAction":[{"@type":"SearchAction","target":{"@type":"EntryPoint","urlTemplate":"https:\/\/irgumburgumstudio.hu\/?s={search_term_string}"},"query-input":{"@type":"PropertyValueSpecification","valueRequired":true,"valueName":"search_term_string"}}],"inLanguage":"en-US"},{"@type":"Organization","@id":"https:\/\/irgumburgumstudio.hu\/#organization","name":"IrgumburgumStudio","url":"https:\/\/irgumburgumstudio.hu\/","logo":{"@type":"ImageObject","inLanguage":"en-US","@id":"https:\/\/irgumburgumstudio.hu\/#\/schema\/logo\/image\/","url":"https:\/\/irgumburgumstudio.hu\/wp-content\/uploads\/2019\/10\/cropped-logoszines-min.png","contentUrl":"https:\/\/irgumburgumstudio.hu\/wp-content\/uploads\/2019\/10\/cropped-logoszines-min.png","width":512,"height":512,"caption":"IrgumburgumStudio"},"image":{"@id":"https:\/\/irgumburgumstudio.hu\/#\/schema\/logo\/image\/"},"sameAs":["https:\/\/www.facebook.com\/profile.php?id=100040055444498"]}]}},"_links":{"self":[{"href":"https:\/\/irgumburgumstudio.hu\/en\/wp-json\/wp\/v2\/product\/4884","targetHints":{"allow":["GET"]}}],"collection":[{"href":"https:\/\/irgumburgumstudio.hu\/en\/wp-json\/wp\/v2\/product"}],"about":[{"href":"https:\/\/irgumburgumstudio.hu\/en\/wp-json\/wp\/v2\/types\/product"}],"replies":[{"embeddable":true,"href":"https:\/\/irgumburgumstudio.hu\/en\/wp-json\/wp\/v2\/comments?post=4884"}],"wp:featuredmedia":[{"embeddable":true,"href":"https:\/\/irgumburgumstudio.hu\/en\/wp-json\/wp\/v2\/media\/4879"}],"wp:attachment":[{"href":"https:\/\/irgumburgumstudio.hu\/en\/wp-json\/wp\/v2\/media?parent=4884"}],"wp:term":[{"taxonomy":"product_brand","embeddable":true,"href":"https:\/\/irgumburgumstudio.hu\/en\/wp-json\/wp\/v2\/product_brand?post=4884"},{"taxonomy":"product_cat","embeddable":true,"href":"https:\/\/irgumburgumstudio.hu\/en\/wp-json\/wp\/v2\/product_cat?post=4884"},{"taxonomy":"product_tag","embeddable":true,"href":"https:\/\/irgumburgumstudio.hu\/en\/wp-json\/wp\/v2\/product_tag?post=4884"}],"curies":[{"name":"wp","href":"https:\/\/api.w.org\/{rel}","templated":true}]}}