{"id":4866,"date":"2021-08-08T12:53:03","date_gmt":"2021-08-08T12:53:03","guid":{"rendered":"https:\/\/irgumburgumstudio.hu\/?post_type=product&#038;p=4866"},"modified":"2023-09-20T06:58:00","modified_gmt":"2023-09-20T06:58:00","slug":"gombabas-memoriakartya-2","status":"publish","type":"product","link":"https:\/\/irgumburgumstudio.hu\/en\/bolt\/kartyajatekaink-2\/gombabas-memoriakartya-2\/","title":{"rendered":"GOMBAB\u00c1S P\u00c1ROS\u00cdT\u00d3 J\u00c1T\u00c9K"},"content":{"rendered":"","protected":false},"excerpt":{"rendered":"<div class=\"summary entry-summary\">\n<div class=\"woocommerce-product-details__short-description\">\n<p>A csomag tartalma\u00a0<strong>20db<\/strong> k\u00e1rtya. (10p\u00e1r)<br \/>\nA k\u00e1rty\u00e1k m\u00e9rete\u00a0<strong>7\u00d77 cm<\/strong><br \/>\nK\u00e9zzel k\u00e9sz\u00fclt csod\u00e1latos kis v\u00e1szontaty\u00f3ban kapj\u00e1tok a csomagot, saj\u00e1t m\u00e1rk\u00e1s log\u00f3val, ami \u00f6r\u00f6k helyet biztos\u00edt a k\u00e1rty\u00e1knak.<br \/>\nA feladat: hogy megtal\u00e1ljuk minden gomba tetej\u00e9nek a mint\u00e1zat\u00e1t.<br \/>\n(tov\u00e1bbi f\u00e9nyk\u00e9pek felt\u00f6lt\u00e9se folyamatban, de aki k\u00edv\u00e1ncsi az a &#8220;gombaba mem\u00f3riak\u00e1rty\u00e1n\u00e1l megn\u00e9zheti a k\u00e1rtya f\u0151szerepl\u0151it)<\/p>\n<p>A k\u00e1rty\u00e1k f\u0151szerepl\u0151it \u00c9n festettem\/\u00e1lmodtam meg.<br \/>\n100%ban term\u00e9szetes anyagok felhaszn\u00e1l\u00e1s\u00e1val, 100%-ban k\u00e9zm\u0171ves,magyar term\u00e9k.<br \/>\nMatt f\u00f3li\u00e1val van bevonva, a sz\u00e9le le van kerek\u00edtve, \u00edgy baba \u00e9s gyermekbiztos\u00a0<img decoding=\"async\" class=\"emoji\" role=\"img\" draggable=\"false\" src=\"https:\/\/s.w.org\/images\/core\/emoji\/12.0.0-1\/svg\/1f642.svg\" alt=\"&#x1f642;\" \/><\/p>\n<\/div>\n<\/div>","protected":false},"featured_media":4868,"comment_status":"closed","ping_status":"closed","template":"","meta":[],"product_brand":[],"product_cat":[145],"product_tag":[],"class_list":{"0":"post-4866","1":"product","2":"type-product","3":"status-publish","4":"has-post-thumbnail","6":"product_cat-kartyajatekaink-2","8":"first","9":"outofstock","10":"taxable","11":"shipping-taxable","12":"purchasable","13":"product-type-simple"},"yoast_head":"<!-- This site is optimized with the Yoast SEO plugin v27.4 - https:\/\/yoast.com\/product\/yoast-seo-wordpress\/ -->\n<title>GOMBAB\u00c1S P\u00c1ROS\u00cdT\u00d3 J\u00c1T\u00c9K - IrgumburgumStudio<\/title>\n<meta name=\"robots\" content=\"index, follow, max-snippet:-1, max-image-preview:large, max-video-preview:-1\" \/>\n<link rel=\"canonical\" href=\"https:\/\/irgumburgumstudio.hu\/en\/bolt\/kartyajatekaink-2\/gombabas-memoriakartya-2\/\" \/>\n<meta property=\"og:locale\" content=\"en_US\" \/>\n<meta property=\"og:type\" content=\"article\" \/>\n<meta property=\"og:title\" content=\"GOMBAB\u00c1S P\u00c1ROS\u00cdT\u00d3 J\u00c1T\u00c9K - IrgumburgumStudio\" \/>\n<meta property=\"og:description\" content=\"A csomag tartalma\u00a020db k\u00e1rtya. (10p\u00e1r) A k\u00e1rty\u00e1k m\u00e9rete\u00a07\u00d77 cm K\u00e9zzel k\u00e9sz\u00fclt csod\u00e1latos kis v\u00e1szontaty\u00f3ban kapj\u00e1tok a csomagot, saj\u00e1t m\u00e1rk\u00e1s log\u00f3val, ami \u00f6r\u00f6k helyet biztos\u00edt a k\u00e1rty\u00e1knak. A feladat: hogy megtal\u00e1ljuk minden gomba tetej\u00e9nek a mint\u00e1zat\u00e1t. (tov\u00e1bbi f\u00e9nyk\u00e9pek felt\u00f6lt\u00e9se folyamatban, de aki k\u00edv\u00e1ncsi az a &quot;gombaba mem\u00f3riak\u00e1rty\u00e1n\u00e1l megn\u00e9zheti a k\u00e1rtya f\u0151szerepl\u0151it)  A k\u00e1rty\u00e1k f\u0151szerepl\u0151it \u00c9n festettem\/\u00e1lmodtam meg. 100%ban term\u00e9szetes anyagok felhaszn\u00e1l\u00e1s\u00e1val, 100%-ban k\u00e9zm\u0171ves,magyar term\u00e9k. Matt f\u00f3li\u00e1val van bevonva, a sz\u00e9le le van kerek\u00edtve, \u00edgy baba \u00e9s gyermekbiztos\u00a0\" \/>\n<meta property=\"og:url\" content=\"https:\/\/irgumburgumstudio.hu\/en\/bolt\/kartyajatekaink-2\/gombabas-memoriakartya-2\/\" \/>\n<meta property=\"og:site_name\" content=\"IrgumburgumStudio\" \/>\n<meta property=\"article:publisher\" content=\"https:\/\/www.facebook.com\/profile.php?id=100040055444498\" \/>\n<meta property=\"article:modified_time\" content=\"2023-09-20T06:58:00+00:00\" \/>\n<meta property=\"og:image\" content=\"https:\/\/irgumburgumstudio.hu\/wp-content\/uploads\/2021\/05\/15972585-6B3D-47D6-867E-4299E389A6D2-min.jpeg\" \/>\n\t<meta property=\"og:image:width\" content=\"1440\" \/>\n\t<meta property=\"og:image:height\" content=\"1440\" \/>\n\t<meta property=\"og:image:type\" content=\"image\/jpeg\" \/>\n<meta name=\"twitter:card\" content=\"summary_large_image\" \/>\n<script type=\"application\/ld+json\" class=\"yoast-schema-graph\">{\"@context\":\"https:\\\/\\\/schema.org\",\"@graph\":[{\"@type\":\"WebPage\",\"@id\":\"https:\\\/\\\/irgumburgumstudio.hu\\\/bolt\\\/kartyajatekaink-2\\\/gombabas-memoriakartya-2\\\/\",\"url\":\"https:\\\/\\\/irgumburgumstudio.hu\\\/bolt\\\/kartyajatekaink-2\\\/gombabas-memoriakartya-2\\\/\",\"name\":\"GOMBAB\u00c1S P\u00c1ROS\u00cdT\u00d3 J\u00c1T\u00c9K - IrgumburgumStudio\",\"isPartOf\":{\"@id\":\"https:\\\/\\\/irgumburgumstudio.hu\\\/#website\"},\"primaryImageOfPage\":{\"@id\":\"https:\\\/\\\/irgumburgumstudio.hu\\\/bolt\\\/kartyajatekaink-2\\\/gombabas-memoriakartya-2\\\/#primaryimage\"},\"image\":{\"@id\":\"https:\\\/\\\/irgumburgumstudio.hu\\\/bolt\\\/kartyajatekaink-2\\\/gombabas-memoriakartya-2\\\/#primaryimage\"},\"thumbnailUrl\":\"https:\\\/\\\/irgumburgumstudio.hu\\\/wp-content\\\/uploads\\\/2021\\\/05\\\/15972585-6B3D-47D6-867E-4299E389A6D2-min.jpeg\",\"datePublished\":\"2021-08-08T12:53:03+00:00\",\"dateModified\":\"2023-09-20T06:58:00+00:00\",\"breadcrumb\":{\"@id\":\"https:\\\/\\\/irgumburgumstudio.hu\\\/bolt\\\/kartyajatekaink-2\\\/gombabas-memoriakartya-2\\\/#breadcrumb\"},\"inLanguage\":\"en-US\",\"potentialAction\":[{\"@type\":\"ReadAction\",\"target\":[\"https:\\\/\\\/irgumburgumstudio.hu\\\/bolt\\\/kartyajatekaink-2\\\/gombabas-memoriakartya-2\\\/\"]}]},{\"@type\":\"ImageObject\",\"inLanguage\":\"en-US\",\"@id\":\"https:\\\/\\\/irgumburgumstudio.hu\\\/bolt\\\/kartyajatekaink-2\\\/gombabas-memoriakartya-2\\\/#primaryimage\",\"url\":\"https:\\\/\\\/irgumburgumstudio.hu\\\/wp-content\\\/uploads\\\/2021\\\/05\\\/15972585-6B3D-47D6-867E-4299E389A6D2-min.jpeg\",\"contentUrl\":\"https:\\\/\\\/irgumburgumstudio.hu\\\/wp-content\\\/uploads\\\/2021\\\/05\\\/15972585-6B3D-47D6-867E-4299E389A6D2-min.jpeg\",\"width\":1440,\"height\":1440},{\"@type\":\"BreadcrumbList\",\"@id\":\"https:\\\/\\\/irgumburgumstudio.hu\\\/bolt\\\/kartyajatekaink-2\\\/gombabas-memoriakartya-2\\\/#breadcrumb\",\"itemListElement\":[{\"@type\":\"ListItem\",\"position\":1,\"name\":\"Home\",\"item\":\"https:\\\/\\\/irgumburgumstudio.hu\\\/\"},{\"@type\":\"ListItem\",\"position\":2,\"name\":\"Bolt\",\"item\":\"https:\\\/\\\/irgumburgumstudio.hu\\\/bolt\\\/\"},{\"@type\":\"ListItem\",\"position\":3,\"name\":\"GOMBAB\u00c1S P\u00c1ROS\u00cdT\u00d3 J\u00c1T\u00c9K\"}]},{\"@type\":\"WebSite\",\"@id\":\"https:\\\/\\\/irgumburgumstudio.hu\\\/#website\",\"url\":\"https:\\\/\\\/irgumburgumstudio.hu\\\/\",\"name\":\"IrgumburgumStudio\",\"description\":\"IrgumburgumStudio - k\u00e9zzel k\u00e9sz\u00edtett egyedi term\u00e9kek.\",\"publisher\":{\"@id\":\"https:\\\/\\\/irgumburgumstudio.hu\\\/#organization\"},\"potentialAction\":[{\"@type\":\"SearchAction\",\"target\":{\"@type\":\"EntryPoint\",\"urlTemplate\":\"https:\\\/\\\/irgumburgumstudio.hu\\\/?s={search_term_string}\"},\"query-input\":{\"@type\":\"PropertyValueSpecification\",\"valueRequired\":true,\"valueName\":\"search_term_string\"}}],\"inLanguage\":\"en-US\"},{\"@type\":\"Organization\",\"@id\":\"https:\\\/\\\/irgumburgumstudio.hu\\\/#organization\",\"name\":\"IrgumburgumStudio\",\"url\":\"https:\\\/\\\/irgumburgumstudio.hu\\\/\",\"logo\":{\"@type\":\"ImageObject\",\"inLanguage\":\"en-US\",\"@id\":\"https:\\\/\\\/irgumburgumstudio.hu\\\/#\\\/schema\\\/logo\\\/image\\\/\",\"url\":\"https:\\\/\\\/irgumburgumstudio.hu\\\/wp-content\\\/uploads\\\/2019\\\/10\\\/cropped-logoszines-min.png\",\"contentUrl\":\"https:\\\/\\\/irgumburgumstudio.hu\\\/wp-content\\\/uploads\\\/2019\\\/10\\\/cropped-logoszines-min.png\",\"width\":512,\"height\":512,\"caption\":\"IrgumburgumStudio\"},\"image\":{\"@id\":\"https:\\\/\\\/irgumburgumstudio.hu\\\/#\\\/schema\\\/logo\\\/image\\\/\"},\"sameAs\":[\"https:\\\/\\\/www.facebook.com\\\/profile.php?id=100040055444498\"]}]}<\/script>\n<!-- \/ Yoast SEO plugin. -->","yoast_head_json":{"title":"GOMBAB\u00c1S P\u00c1ROS\u00cdT\u00d3 J\u00c1T\u00c9K - IrgumburgumStudio","robots":{"index":"index","follow":"follow","max-snippet":"max-snippet:-1","max-image-preview":"max-image-preview:large","max-video-preview":"max-video-preview:-1"},"canonical":"https:\/\/irgumburgumstudio.hu\/en\/bolt\/kartyajatekaink-2\/gombabas-memoriakartya-2\/","og_locale":"en_US","og_type":"article","og_title":"GOMBAB\u00c1S P\u00c1ROS\u00cdT\u00d3 J\u00c1T\u00c9K - IrgumburgumStudio","og_description":"A csomag tartalma\u00a020db k\u00e1rtya. (10p\u00e1r) A k\u00e1rty\u00e1k m\u00e9rete\u00a07\u00d77 cm K\u00e9zzel k\u00e9sz\u00fclt csod\u00e1latos kis v\u00e1szontaty\u00f3ban kapj\u00e1tok a csomagot, saj\u00e1t m\u00e1rk\u00e1s log\u00f3val, ami \u00f6r\u00f6k helyet biztos\u00edt a k\u00e1rty\u00e1knak. A feladat: hogy megtal\u00e1ljuk minden gomba tetej\u00e9nek a mint\u00e1zat\u00e1t. (tov\u00e1bbi f\u00e9nyk\u00e9pek felt\u00f6lt\u00e9se folyamatban, de aki k\u00edv\u00e1ncsi az a \"gombaba mem\u00f3riak\u00e1rty\u00e1n\u00e1l megn\u00e9zheti a k\u00e1rtya f\u0151szerepl\u0151it)  A k\u00e1rty\u00e1k f\u0151szerepl\u0151it \u00c9n festettem\/\u00e1lmodtam meg. 100%ban term\u00e9szetes anyagok felhaszn\u00e1l\u00e1s\u00e1val, 100%-ban k\u00e9zm\u0171ves,magyar term\u00e9k. Matt f\u00f3li\u00e1val van bevonva, a sz\u00e9le le van kerek\u00edtve, \u00edgy baba \u00e9s gyermekbiztos\u00a0","og_url":"https:\/\/irgumburgumstudio.hu\/en\/bolt\/kartyajatekaink-2\/gombabas-memoriakartya-2\/","og_site_name":"IrgumburgumStudio","article_publisher":"https:\/\/www.facebook.com\/profile.php?id=100040055444498","article_modified_time":"2023-09-20T06:58:00+00:00","og_image":[{"width":1440,"height":1440,"url":"https:\/\/irgumburgumstudio.hu\/wp-content\/uploads\/2021\/05\/15972585-6B3D-47D6-867E-4299E389A6D2-min.jpeg","type":"image\/jpeg"}],"twitter_card":"summary_large_image","schema":{"@context":"https:\/\/schema.org","@graph":[{"@type":"WebPage","@id":"https:\/\/irgumburgumstudio.hu\/bolt\/kartyajatekaink-2\/gombabas-memoriakartya-2\/","url":"https:\/\/irgumburgumstudio.hu\/bolt\/kartyajatekaink-2\/gombabas-memoriakartya-2\/","name":"GOMBAB\u00c1S P\u00c1ROS\u00cdT\u00d3 J\u00c1T\u00c9K - IrgumburgumStudio","isPartOf":{"@id":"https:\/\/irgumburgumstudio.hu\/#website"},"primaryImageOfPage":{"@id":"https:\/\/irgumburgumstudio.hu\/bolt\/kartyajatekaink-2\/gombabas-memoriakartya-2\/#primaryimage"},"image":{"@id":"https:\/\/irgumburgumstudio.hu\/bolt\/kartyajatekaink-2\/gombabas-memoriakartya-2\/#primaryimage"},"thumbnailUrl":"https:\/\/irgumburgumstudio.hu\/wp-content\/uploads\/2021\/05\/15972585-6B3D-47D6-867E-4299E389A6D2-min.jpeg","datePublished":"2021-08-08T12:53:03+00:00","dateModified":"2023-09-20T06:58:00+00:00","breadcrumb":{"@id":"https:\/\/irgumburgumstudio.hu\/bolt\/kartyajatekaink-2\/gombabas-memoriakartya-2\/#breadcrumb"},"inLanguage":"en-US","potentialAction":[{"@type":"ReadAction","target":["https:\/\/irgumburgumstudio.hu\/bolt\/kartyajatekaink-2\/gombabas-memoriakartya-2\/"]}]},{"@type":"ImageObject","inLanguage":"en-US","@id":"https:\/\/irgumburgumstudio.hu\/bolt\/kartyajatekaink-2\/gombabas-memoriakartya-2\/#primaryimage","url":"https:\/\/irgumburgumstudio.hu\/wp-content\/uploads\/2021\/05\/15972585-6B3D-47D6-867E-4299E389A6D2-min.jpeg","contentUrl":"https:\/\/irgumburgumstudio.hu\/wp-content\/uploads\/2021\/05\/15972585-6B3D-47D6-867E-4299E389A6D2-min.jpeg","width":1440,"height":1440},{"@type":"BreadcrumbList","@id":"https:\/\/irgumburgumstudio.hu\/bolt\/kartyajatekaink-2\/gombabas-memoriakartya-2\/#breadcrumb","itemListElement":[{"@type":"ListItem","position":1,"name":"Home","item":"https:\/\/irgumburgumstudio.hu\/"},{"@type":"ListItem","position":2,"name":"Bolt","item":"https:\/\/irgumburgumstudio.hu\/bolt\/"},{"@type":"ListItem","position":3,"name":"GOMBAB\u00c1S P\u00c1ROS\u00cdT\u00d3 J\u00c1T\u00c9K"}]},{"@type":"WebSite","@id":"https:\/\/irgumburgumstudio.hu\/#website","url":"https:\/\/irgumburgumstudio.hu\/","name":"IrgumburgumStudio","description":"IrgumburgumStudio - k\u00e9zzel k\u00e9sz\u00edtett egyedi term\u00e9kek.","publisher":{"@id":"https:\/\/irgumburgumstudio.hu\/#organization"},"potentialAction":[{"@type":"SearchAction","target":{"@type":"EntryPoint","urlTemplate":"https:\/\/irgumburgumstudio.hu\/?s={search_term_string}"},"query-input":{"@type":"PropertyValueSpecification","valueRequired":true,"valueName":"search_term_string"}}],"inLanguage":"en-US"},{"@type":"Organization","@id":"https:\/\/irgumburgumstudio.hu\/#organization","name":"IrgumburgumStudio","url":"https:\/\/irgumburgumstudio.hu\/","logo":{"@type":"ImageObject","inLanguage":"en-US","@id":"https:\/\/irgumburgumstudio.hu\/#\/schema\/logo\/image\/","url":"https:\/\/irgumburgumstudio.hu\/wp-content\/uploads\/2019\/10\/cropped-logoszines-min.png","contentUrl":"https:\/\/irgumburgumstudio.hu\/wp-content\/uploads\/2019\/10\/cropped-logoszines-min.png","width":512,"height":512,"caption":"IrgumburgumStudio"},"image":{"@id":"https:\/\/irgumburgumstudio.hu\/#\/schema\/logo\/image\/"},"sameAs":["https:\/\/www.facebook.com\/profile.php?id=100040055444498"]}]}},"_links":{"self":[{"href":"https:\/\/irgumburgumstudio.hu\/en\/wp-json\/wp\/v2\/product\/4866","targetHints":{"allow":["GET"]}}],"collection":[{"href":"https:\/\/irgumburgumstudio.hu\/en\/wp-json\/wp\/v2\/product"}],"about":[{"href":"https:\/\/irgumburgumstudio.hu\/en\/wp-json\/wp\/v2\/types\/product"}],"replies":[{"embeddable":true,"href":"https:\/\/irgumburgumstudio.hu\/en\/wp-json\/wp\/v2\/comments?post=4866"}],"wp:featuredmedia":[{"embeddable":true,"href":"https:\/\/irgumburgumstudio.hu\/en\/wp-json\/wp\/v2\/media\/4868"}],"wp:attachment":[{"href":"https:\/\/irgumburgumstudio.hu\/en\/wp-json\/wp\/v2\/media?parent=4866"}],"wp:term":[{"taxonomy":"product_brand","embeddable":true,"href":"https:\/\/irgumburgumstudio.hu\/en\/wp-json\/wp\/v2\/product_brand?post=4866"},{"taxonomy":"product_cat","embeddable":true,"href":"https:\/\/irgumburgumstudio.hu\/en\/wp-json\/wp\/v2\/product_cat?post=4866"},{"taxonomy":"product_tag","embeddable":true,"href":"https:\/\/irgumburgumstudio.hu\/en\/wp-json\/wp\/v2\/product_tag?post=4866"}],"curies":[{"name":"wp","href":"https:\/\/api.w.org\/{rel}","templated":true}]}}