{"id":4452,"date":"2020-08-12T07:07:27","date_gmt":"2020-08-12T07:07:27","guid":{"rendered":"https:\/\/irgumburgumstudio.hu\/?post_type=product&#038;p=4452"},"modified":"2024-11-19T13:17:03","modified_gmt":"2024-11-19T13:17:03","slug":"viraggyerekek-memoriakartya","status":"publish","type":"product","link":"https:\/\/irgumburgumstudio.hu\/en\/bolt\/fejleszto-jatekok\/kartyajatekaink\/viraggyerekek-memoriakartya\/","title":{"rendered":"VIR\u00c1GGYEREKEK MEM\u00d3RIAK\u00c1RTYA"},"content":{"rendered":"","protected":false},"excerpt":{"rendered":"<p>K\u00e9zzel festett, telis tele szeretettel, a term\u00e9szet kedvel\u0151inek.<br \/>\nA k\u00e1rty\u00e1k m\u00e9rete j\u00f3 nagy, \u00edgy ak\u00e1r a falra is ragaszthatj\u00e1tok dekor\u00e1ci\u00f3nak amikor nincs haszn\u00e1latban. (10x10cm)<br \/>\nA k\u00e1rty\u00e1k v\u00e9ge lekerek\u00edtett, \u00edgy nem v\u00e1gj\/karcol.<br \/>\nA csomag minden esetben egy irgumburgumstudio-s log\u00f3val ell\u00e1tott v\u00e1szonzs\u00e1kban \u00e9rkezik hozz\u00e1d, ez lesz a kis &#8220;doboza&#8221;.<br \/>\n18db-os a mem\u00f3riak\u00e1rtya.<\/p>","protected":false},"featured_media":4378,"comment_status":"closed","ping_status":"closed","template":"","meta":[],"product_brand":[],"product_cat":[144,145],"product_tag":[],"class_list":{"0":"post-4452","1":"product","2":"type-product","3":"status-publish","4":"has-post-thumbnail","6":"product_cat-kartyajatekaink","7":"product_cat-kartyajatekaink-2","9":"first","10":"outofstock","11":"taxable","12":"shipping-taxable","13":"purchasable","14":"product-type-simple"},"yoast_head":"<!-- This site is optimized with the Yoast SEO plugin v27.4 - https:\/\/yoast.com\/product\/yoast-seo-wordpress\/ -->\n<title>VIR\u00c1GGYEREKEK MEM\u00d3RIAK\u00c1RTYA - IrgumburgumStudio<\/title>\n<meta name=\"robots\" content=\"index, follow, max-snippet:-1, max-image-preview:large, max-video-preview:-1\" \/>\n<link rel=\"canonical\" href=\"https:\/\/irgumburgumstudio.hu\/en\/bolt\/fejleszto-jatekok\/kartyajatekaink\/viraggyerekek-memoriakartya\/\" \/>\n<meta property=\"og:locale\" content=\"en_US\" \/>\n<meta property=\"og:type\" content=\"article\" \/>\n<meta property=\"og:title\" content=\"VIR\u00c1GGYEREKEK MEM\u00d3RIAK\u00c1RTYA - IrgumburgumStudio\" \/>\n<meta property=\"og:description\" content=\"K\u00e9zzel festett, telis tele szeretettel, a term\u00e9szet kedvel\u0151inek. A k\u00e1rty\u00e1k m\u00e9rete j\u00f3 nagy, \u00edgy ak\u00e1r a falra is ragaszthatj\u00e1tok dekor\u00e1ci\u00f3nak amikor nincs haszn\u00e1latban. (10x10cm) A k\u00e1rty\u00e1k v\u00e9ge lekerek\u00edtett, \u00edgy nem v\u00e1gj\/karcol. A csomag minden esetben egy irgumburgumstudio-s log\u00f3val ell\u00e1tott v\u00e1szonzs\u00e1kban \u00e9rkezik hozz\u00e1d, ez lesz a kis &quot;doboza&quot;. 18db-os a mem\u00f3riak\u00e1rtya.\" \/>\n<meta property=\"og:url\" content=\"https:\/\/irgumburgumstudio.hu\/en\/bolt\/fejleszto-jatekok\/kartyajatekaink\/viraggyerekek-memoriakartya\/\" \/>\n<meta property=\"og:site_name\" content=\"IrgumburgumStudio\" \/>\n<meta property=\"article:publisher\" content=\"https:\/\/www.facebook.com\/profile.php?id=100040055444498\" \/>\n<meta property=\"article:modified_time\" content=\"2024-11-19T13:17:03+00:00\" \/>\n<meta property=\"og:image\" content=\"https:\/\/irgumburgumstudio.hu\/wp-content\/uploads\/2020\/07\/IMG_0245-min-scaled.jpg\" \/>\n\t<meta property=\"og:image:width\" content=\"2560\" \/>\n\t<meta property=\"og:image:height\" content=\"1707\" \/>\n\t<meta property=\"og:image:type\" content=\"image\/jpeg\" \/>\n<meta name=\"twitter:card\" content=\"summary_large_image\" \/>\n<script type=\"application\/ld+json\" class=\"yoast-schema-graph\">{\"@context\":\"https:\\\/\\\/schema.org\",\"@graph\":[{\"@type\":\"WebPage\",\"@id\":\"https:\\\/\\\/irgumburgumstudio.hu\\\/bolt\\\/fejleszto-jatekok\\\/kartyajatekaink\\\/viraggyerekek-memoriakartya\\\/\",\"url\":\"https:\\\/\\\/irgumburgumstudio.hu\\\/bolt\\\/fejleszto-jatekok\\\/kartyajatekaink\\\/viraggyerekek-memoriakartya\\\/\",\"name\":\"VIR\u00c1GGYEREKEK MEM\u00d3RIAK\u00c1RTYA - IrgumburgumStudio\",\"isPartOf\":{\"@id\":\"https:\\\/\\\/irgumburgumstudio.hu\\\/#website\"},\"primaryImageOfPage\":{\"@id\":\"https:\\\/\\\/irgumburgumstudio.hu\\\/bolt\\\/fejleszto-jatekok\\\/kartyajatekaink\\\/viraggyerekek-memoriakartya\\\/#primaryimage\"},\"image\":{\"@id\":\"https:\\\/\\\/irgumburgumstudio.hu\\\/bolt\\\/fejleszto-jatekok\\\/kartyajatekaink\\\/viraggyerekek-memoriakartya\\\/#primaryimage\"},\"thumbnailUrl\":\"https:\\\/\\\/irgumburgumstudio.hu\\\/wp-content\\\/uploads\\\/2020\\\/07\\\/IMG_0245-min-scaled.jpg\",\"datePublished\":\"2020-08-12T07:07:27+00:00\",\"dateModified\":\"2024-11-19T13:17:03+00:00\",\"breadcrumb\":{\"@id\":\"https:\\\/\\\/irgumburgumstudio.hu\\\/bolt\\\/fejleszto-jatekok\\\/kartyajatekaink\\\/viraggyerekek-memoriakartya\\\/#breadcrumb\"},\"inLanguage\":\"en-US\",\"potentialAction\":[{\"@type\":\"ReadAction\",\"target\":[\"https:\\\/\\\/irgumburgumstudio.hu\\\/bolt\\\/fejleszto-jatekok\\\/kartyajatekaink\\\/viraggyerekek-memoriakartya\\\/\"]}]},{\"@type\":\"ImageObject\",\"inLanguage\":\"en-US\",\"@id\":\"https:\\\/\\\/irgumburgumstudio.hu\\\/bolt\\\/fejleszto-jatekok\\\/kartyajatekaink\\\/viraggyerekek-memoriakartya\\\/#primaryimage\",\"url\":\"https:\\\/\\\/irgumburgumstudio.hu\\\/wp-content\\\/uploads\\\/2020\\\/07\\\/IMG_0245-min-scaled.jpg\",\"contentUrl\":\"https:\\\/\\\/irgumburgumstudio.hu\\\/wp-content\\\/uploads\\\/2020\\\/07\\\/IMG_0245-min-scaled.jpg\",\"width\":2560,\"height\":1707},{\"@type\":\"BreadcrumbList\",\"@id\":\"https:\\\/\\\/irgumburgumstudio.hu\\\/bolt\\\/fejleszto-jatekok\\\/kartyajatekaink\\\/viraggyerekek-memoriakartya\\\/#breadcrumb\",\"itemListElement\":[{\"@type\":\"ListItem\",\"position\":1,\"name\":\"Home\",\"item\":\"https:\\\/\\\/irgumburgumstudio.hu\\\/\"},{\"@type\":\"ListItem\",\"position\":2,\"name\":\"Bolt\",\"item\":\"https:\\\/\\\/irgumburgumstudio.hu\\\/bolt\\\/\"},{\"@type\":\"ListItem\",\"position\":3,\"name\":\"VIR\u00c1GGYEREKEK MEM\u00d3RIAK\u00c1RTYA\"}]},{\"@type\":\"WebSite\",\"@id\":\"https:\\\/\\\/irgumburgumstudio.hu\\\/#website\",\"url\":\"https:\\\/\\\/irgumburgumstudio.hu\\\/\",\"name\":\"IrgumburgumStudio\",\"description\":\"IrgumburgumStudio - k\u00e9zzel k\u00e9sz\u00edtett egyedi term\u00e9kek.\",\"publisher\":{\"@id\":\"https:\\\/\\\/irgumburgumstudio.hu\\\/#organization\"},\"potentialAction\":[{\"@type\":\"SearchAction\",\"target\":{\"@type\":\"EntryPoint\",\"urlTemplate\":\"https:\\\/\\\/irgumburgumstudio.hu\\\/?s={search_term_string}\"},\"query-input\":{\"@type\":\"PropertyValueSpecification\",\"valueRequired\":true,\"valueName\":\"search_term_string\"}}],\"inLanguage\":\"en-US\"},{\"@type\":\"Organization\",\"@id\":\"https:\\\/\\\/irgumburgumstudio.hu\\\/#organization\",\"name\":\"IrgumburgumStudio\",\"url\":\"https:\\\/\\\/irgumburgumstudio.hu\\\/\",\"logo\":{\"@type\":\"ImageObject\",\"inLanguage\":\"en-US\",\"@id\":\"https:\\\/\\\/irgumburgumstudio.hu\\\/#\\\/schema\\\/logo\\\/image\\\/\",\"url\":\"https:\\\/\\\/irgumburgumstudio.hu\\\/wp-content\\\/uploads\\\/2019\\\/10\\\/cropped-logoszines-min.png\",\"contentUrl\":\"https:\\\/\\\/irgumburgumstudio.hu\\\/wp-content\\\/uploads\\\/2019\\\/10\\\/cropped-logoszines-min.png\",\"width\":512,\"height\":512,\"caption\":\"IrgumburgumStudio\"},\"image\":{\"@id\":\"https:\\\/\\\/irgumburgumstudio.hu\\\/#\\\/schema\\\/logo\\\/image\\\/\"},\"sameAs\":[\"https:\\\/\\\/www.facebook.com\\\/profile.php?id=100040055444498\"]}]}<\/script>\n<!-- \/ Yoast SEO plugin. -->","yoast_head_json":{"title":"VIR\u00c1GGYEREKEK MEM\u00d3RIAK\u00c1RTYA - IrgumburgumStudio","robots":{"index":"index","follow":"follow","max-snippet":"max-snippet:-1","max-image-preview":"max-image-preview:large","max-video-preview":"max-video-preview:-1"},"canonical":"https:\/\/irgumburgumstudio.hu\/en\/bolt\/fejleszto-jatekok\/kartyajatekaink\/viraggyerekek-memoriakartya\/","og_locale":"en_US","og_type":"article","og_title":"VIR\u00c1GGYEREKEK MEM\u00d3RIAK\u00c1RTYA - IrgumburgumStudio","og_description":"K\u00e9zzel festett, telis tele szeretettel, a term\u00e9szet kedvel\u0151inek. A k\u00e1rty\u00e1k m\u00e9rete j\u00f3 nagy, \u00edgy ak\u00e1r a falra is ragaszthatj\u00e1tok dekor\u00e1ci\u00f3nak amikor nincs haszn\u00e1latban. (10x10cm) A k\u00e1rty\u00e1k v\u00e9ge lekerek\u00edtett, \u00edgy nem v\u00e1gj\/karcol. A csomag minden esetben egy irgumburgumstudio-s log\u00f3val ell\u00e1tott v\u00e1szonzs\u00e1kban \u00e9rkezik hozz\u00e1d, ez lesz a kis \"doboza\". 18db-os a mem\u00f3riak\u00e1rtya.","og_url":"https:\/\/irgumburgumstudio.hu\/en\/bolt\/fejleszto-jatekok\/kartyajatekaink\/viraggyerekek-memoriakartya\/","og_site_name":"IrgumburgumStudio","article_publisher":"https:\/\/www.facebook.com\/profile.php?id=100040055444498","article_modified_time":"2024-11-19T13:17:03+00:00","og_image":[{"width":2560,"height":1707,"url":"https:\/\/irgumburgumstudio.hu\/wp-content\/uploads\/2020\/07\/IMG_0245-min-scaled.jpg","type":"image\/jpeg"}],"twitter_card":"summary_large_image","schema":{"@context":"https:\/\/schema.org","@graph":[{"@type":"WebPage","@id":"https:\/\/irgumburgumstudio.hu\/bolt\/fejleszto-jatekok\/kartyajatekaink\/viraggyerekek-memoriakartya\/","url":"https:\/\/irgumburgumstudio.hu\/bolt\/fejleszto-jatekok\/kartyajatekaink\/viraggyerekek-memoriakartya\/","name":"VIR\u00c1GGYEREKEK MEM\u00d3RIAK\u00c1RTYA - IrgumburgumStudio","isPartOf":{"@id":"https:\/\/irgumburgumstudio.hu\/#website"},"primaryImageOfPage":{"@id":"https:\/\/irgumburgumstudio.hu\/bolt\/fejleszto-jatekok\/kartyajatekaink\/viraggyerekek-memoriakartya\/#primaryimage"},"image":{"@id":"https:\/\/irgumburgumstudio.hu\/bolt\/fejleszto-jatekok\/kartyajatekaink\/viraggyerekek-memoriakartya\/#primaryimage"},"thumbnailUrl":"https:\/\/irgumburgumstudio.hu\/wp-content\/uploads\/2020\/07\/IMG_0245-min-scaled.jpg","datePublished":"2020-08-12T07:07:27+00:00","dateModified":"2024-11-19T13:17:03+00:00","breadcrumb":{"@id":"https:\/\/irgumburgumstudio.hu\/bolt\/fejleszto-jatekok\/kartyajatekaink\/viraggyerekek-memoriakartya\/#breadcrumb"},"inLanguage":"en-US","potentialAction":[{"@type":"ReadAction","target":["https:\/\/irgumburgumstudio.hu\/bolt\/fejleszto-jatekok\/kartyajatekaink\/viraggyerekek-memoriakartya\/"]}]},{"@type":"ImageObject","inLanguage":"en-US","@id":"https:\/\/irgumburgumstudio.hu\/bolt\/fejleszto-jatekok\/kartyajatekaink\/viraggyerekek-memoriakartya\/#primaryimage","url":"https:\/\/irgumburgumstudio.hu\/wp-content\/uploads\/2020\/07\/IMG_0245-min-scaled.jpg","contentUrl":"https:\/\/irgumburgumstudio.hu\/wp-content\/uploads\/2020\/07\/IMG_0245-min-scaled.jpg","width":2560,"height":1707},{"@type":"BreadcrumbList","@id":"https:\/\/irgumburgumstudio.hu\/bolt\/fejleszto-jatekok\/kartyajatekaink\/viraggyerekek-memoriakartya\/#breadcrumb","itemListElement":[{"@type":"ListItem","position":1,"name":"Home","item":"https:\/\/irgumburgumstudio.hu\/"},{"@type":"ListItem","position":2,"name":"Bolt","item":"https:\/\/irgumburgumstudio.hu\/bolt\/"},{"@type":"ListItem","position":3,"name":"VIR\u00c1GGYEREKEK MEM\u00d3RIAK\u00c1RTYA"}]},{"@type":"WebSite","@id":"https:\/\/irgumburgumstudio.hu\/#website","url":"https:\/\/irgumburgumstudio.hu\/","name":"IrgumburgumStudio","description":"IrgumburgumStudio - k\u00e9zzel k\u00e9sz\u00edtett egyedi term\u00e9kek.","publisher":{"@id":"https:\/\/irgumburgumstudio.hu\/#organization"},"potentialAction":[{"@type":"SearchAction","target":{"@type":"EntryPoint","urlTemplate":"https:\/\/irgumburgumstudio.hu\/?s={search_term_string}"},"query-input":{"@type":"PropertyValueSpecification","valueRequired":true,"valueName":"search_term_string"}}],"inLanguage":"en-US"},{"@type":"Organization","@id":"https:\/\/irgumburgumstudio.hu\/#organization","name":"IrgumburgumStudio","url":"https:\/\/irgumburgumstudio.hu\/","logo":{"@type":"ImageObject","inLanguage":"en-US","@id":"https:\/\/irgumburgumstudio.hu\/#\/schema\/logo\/image\/","url":"https:\/\/irgumburgumstudio.hu\/wp-content\/uploads\/2019\/10\/cropped-logoszines-min.png","contentUrl":"https:\/\/irgumburgumstudio.hu\/wp-content\/uploads\/2019\/10\/cropped-logoszines-min.png","width":512,"height":512,"caption":"IrgumburgumStudio"},"image":{"@id":"https:\/\/irgumburgumstudio.hu\/#\/schema\/logo\/image\/"},"sameAs":["https:\/\/www.facebook.com\/profile.php?id=100040055444498"]}]}},"_links":{"self":[{"href":"https:\/\/irgumburgumstudio.hu\/en\/wp-json\/wp\/v2\/product\/4452","targetHints":{"allow":["GET"]}}],"collection":[{"href":"https:\/\/irgumburgumstudio.hu\/en\/wp-json\/wp\/v2\/product"}],"about":[{"href":"https:\/\/irgumburgumstudio.hu\/en\/wp-json\/wp\/v2\/types\/product"}],"replies":[{"embeddable":true,"href":"https:\/\/irgumburgumstudio.hu\/en\/wp-json\/wp\/v2\/comments?post=4452"}],"wp:featuredmedia":[{"embeddable":true,"href":"https:\/\/irgumburgumstudio.hu\/en\/wp-json\/wp\/v2\/media\/4378"}],"wp:attachment":[{"href":"https:\/\/irgumburgumstudio.hu\/en\/wp-json\/wp\/v2\/media?parent=4452"}],"wp:term":[{"taxonomy":"product_brand","embeddable":true,"href":"https:\/\/irgumburgumstudio.hu\/en\/wp-json\/wp\/v2\/product_brand?post=4452"},{"taxonomy":"product_cat","embeddable":true,"href":"https:\/\/irgumburgumstudio.hu\/en\/wp-json\/wp\/v2\/product_cat?post=4452"},{"taxonomy":"product_tag","embeddable":true,"href":"https:\/\/irgumburgumstudio.hu\/en\/wp-json\/wp\/v2\/product_tag?post=4452"}],"curies":[{"name":"wp","href":"https:\/\/api.w.org\/{rel}","templated":true}]}}