{"id":4375,"date":"2020-07-06T11:06:57","date_gmt":"2020-07-06T11:06:57","guid":{"rendered":"https:\/\/irgumburgumstudio.hu\/?post_type=product&#038;p=4375"},"modified":"2022-11-10T21:08:56","modified_gmt":"2022-11-10T21:08:56","slug":"kezzel-festett-fa-memoriakorongok-fabol","status":"publish","type":"product","link":"https:\/\/irgumburgumstudio.hu\/en\/bolt\/termeszetes-jatekok\/kezzel-festett-fa-memoriakorongok-fabol\/","title":{"rendered":"K\u00c9ZZEL FESTETT FA MEM\u00d3RIAKORONGOK F\u00c1B\u00d3L"},"content":{"rendered":"","protected":false},"excerpt":{"rendered":"<p>K\u00c9ZZEL FESTETT FA MEM\u00d3RIAJ\u00c1T\u00c9K<\/p>\n<p>18db-os<\/p>\n<p>&nbsp;<\/p>","protected":false},"featured_media":4377,"comment_status":"closed","ping_status":"closed","template":"","meta":[],"product_brand":[],"product_cat":[58],"product_tag":[],"class_list":{"0":"post-4375","1":"product","2":"type-product","3":"status-publish","4":"has-post-thumbnail","6":"product_cat-termeszetes-jatekok","8":"first","9":"outofstock","10":"taxable","11":"shipping-taxable","12":"purchasable","13":"product-type-simple"},"yoast_head":"<!-- This site is optimized with the Yoast SEO plugin v27.4 - https:\/\/yoast.com\/product\/yoast-seo-wordpress\/ -->\n<title>K\u00c9ZZEL FESTETT FA MEM\u00d3RIAKORONGOK F\u00c1B\u00d3L - IrgumburgumStudio<\/title>\n<meta name=\"robots\" content=\"index, follow, max-snippet:-1, max-image-preview:large, max-video-preview:-1\" \/>\n<link rel=\"canonical\" href=\"https:\/\/irgumburgumstudio.hu\/en\/bolt\/termeszetes-jatekok\/kezzel-festett-fa-memoriakorongok-fabol\/\" \/>\n<meta property=\"og:locale\" content=\"en_US\" \/>\n<meta property=\"og:type\" content=\"article\" \/>\n<meta property=\"og:title\" content=\"K\u00c9ZZEL FESTETT FA MEM\u00d3RIAKORONGOK F\u00c1B\u00d3L - IrgumburgumStudio\" \/>\n<meta property=\"og:description\" content=\"K\u00c9ZZEL FESTETT FA MEM\u00d3RIAJ\u00c1T\u00c9K  18db-os  &nbsp;\" \/>\n<meta property=\"og:url\" content=\"https:\/\/irgumburgumstudio.hu\/en\/bolt\/termeszetes-jatekok\/kezzel-festett-fa-memoriakorongok-fabol\/\" \/>\n<meta property=\"og:site_name\" content=\"IrgumburgumStudio\" \/>\n<meta property=\"article:publisher\" content=\"https:\/\/www.facebook.com\/profile.php?id=100040055444498\" \/>\n<meta property=\"article:modified_time\" content=\"2022-11-10T21:08:56+00:00\" \/>\n<meta property=\"og:image\" content=\"https:\/\/irgumburgumstudio.hu\/wp-content\/uploads\/2020\/07\/IMG_0254-min-scaled.jpg\" \/>\n\t<meta property=\"og:image:width\" content=\"2560\" \/>\n\t<meta property=\"og:image:height\" content=\"1707\" \/>\n\t<meta property=\"og:image:type\" content=\"image\/jpeg\" \/>\n<meta name=\"twitter:card\" content=\"summary_large_image\" \/>\n<meta name=\"twitter:label1\" content=\"Est. reading time\" \/>\n\t<meta name=\"twitter:data1\" content=\"1 minute\" \/>\n<script type=\"application\/ld+json\" class=\"yoast-schema-graph\">{\"@context\":\"https:\\\/\\\/schema.org\",\"@graph\":[{\"@type\":\"WebPage\",\"@id\":\"https:\\\/\\\/irgumburgumstudio.hu\\\/bolt\\\/termeszetes-jatekok\\\/kezzel-festett-fa-memoriakorongok-fabol\\\/\",\"url\":\"https:\\\/\\\/irgumburgumstudio.hu\\\/bolt\\\/termeszetes-jatekok\\\/kezzel-festett-fa-memoriakorongok-fabol\\\/\",\"name\":\"K\u00c9ZZEL FESTETT FA MEM\u00d3RIAKORONGOK F\u00c1B\u00d3L - IrgumburgumStudio\",\"isPartOf\":{\"@id\":\"https:\\\/\\\/irgumburgumstudio.hu\\\/#website\"},\"primaryImageOfPage\":{\"@id\":\"https:\\\/\\\/irgumburgumstudio.hu\\\/bolt\\\/termeszetes-jatekok\\\/kezzel-festett-fa-memoriakorongok-fabol\\\/#primaryimage\"},\"image\":{\"@id\":\"https:\\\/\\\/irgumburgumstudio.hu\\\/bolt\\\/termeszetes-jatekok\\\/kezzel-festett-fa-memoriakorongok-fabol\\\/#primaryimage\"},\"thumbnailUrl\":\"https:\\\/\\\/irgumburgumstudio.hu\\\/wp-content\\\/uploads\\\/2020\\\/07\\\/IMG_0254-min-scaled.jpg\",\"datePublished\":\"2020-07-06T11:06:57+00:00\",\"dateModified\":\"2022-11-10T21:08:56+00:00\",\"breadcrumb\":{\"@id\":\"https:\\\/\\\/irgumburgumstudio.hu\\\/bolt\\\/termeszetes-jatekok\\\/kezzel-festett-fa-memoriakorongok-fabol\\\/#breadcrumb\"},\"inLanguage\":\"en-US\",\"potentialAction\":[{\"@type\":\"ReadAction\",\"target\":[\"https:\\\/\\\/irgumburgumstudio.hu\\\/bolt\\\/termeszetes-jatekok\\\/kezzel-festett-fa-memoriakorongok-fabol\\\/\"]}]},{\"@type\":\"ImageObject\",\"inLanguage\":\"en-US\",\"@id\":\"https:\\\/\\\/irgumburgumstudio.hu\\\/bolt\\\/termeszetes-jatekok\\\/kezzel-festett-fa-memoriakorongok-fabol\\\/#primaryimage\",\"url\":\"https:\\\/\\\/irgumburgumstudio.hu\\\/wp-content\\\/uploads\\\/2020\\\/07\\\/IMG_0254-min-scaled.jpg\",\"contentUrl\":\"https:\\\/\\\/irgumburgumstudio.hu\\\/wp-content\\\/uploads\\\/2020\\\/07\\\/IMG_0254-min-scaled.jpg\",\"width\":2560,\"height\":1707},{\"@type\":\"BreadcrumbList\",\"@id\":\"https:\\\/\\\/irgumburgumstudio.hu\\\/bolt\\\/termeszetes-jatekok\\\/kezzel-festett-fa-memoriakorongok-fabol\\\/#breadcrumb\",\"itemListElement\":[{\"@type\":\"ListItem\",\"position\":1,\"name\":\"Home\",\"item\":\"https:\\\/\\\/irgumburgumstudio.hu\\\/\"},{\"@type\":\"ListItem\",\"position\":2,\"name\":\"Bolt\",\"item\":\"https:\\\/\\\/irgumburgumstudio.hu\\\/bolt\\\/\"},{\"@type\":\"ListItem\",\"position\":3,\"name\":\"K\u00c9ZZEL FESTETT FA MEM\u00d3RIAKORONGOK F\u00c1B\u00d3L\"}]},{\"@type\":\"WebSite\",\"@id\":\"https:\\\/\\\/irgumburgumstudio.hu\\\/#website\",\"url\":\"https:\\\/\\\/irgumburgumstudio.hu\\\/\",\"name\":\"IrgumburgumStudio\",\"description\":\"IrgumburgumStudio - k\u00e9zzel k\u00e9sz\u00edtett egyedi term\u00e9kek.\",\"publisher\":{\"@id\":\"https:\\\/\\\/irgumburgumstudio.hu\\\/#organization\"},\"potentialAction\":[{\"@type\":\"SearchAction\",\"target\":{\"@type\":\"EntryPoint\",\"urlTemplate\":\"https:\\\/\\\/irgumburgumstudio.hu\\\/?s={search_term_string}\"},\"query-input\":{\"@type\":\"PropertyValueSpecification\",\"valueRequired\":true,\"valueName\":\"search_term_string\"}}],\"inLanguage\":\"en-US\"},{\"@type\":\"Organization\",\"@id\":\"https:\\\/\\\/irgumburgumstudio.hu\\\/#organization\",\"name\":\"IrgumburgumStudio\",\"url\":\"https:\\\/\\\/irgumburgumstudio.hu\\\/\",\"logo\":{\"@type\":\"ImageObject\",\"inLanguage\":\"en-US\",\"@id\":\"https:\\\/\\\/irgumburgumstudio.hu\\\/#\\\/schema\\\/logo\\\/image\\\/\",\"url\":\"https:\\\/\\\/irgumburgumstudio.hu\\\/wp-content\\\/uploads\\\/2019\\\/10\\\/cropped-logoszines-min.png\",\"contentUrl\":\"https:\\\/\\\/irgumburgumstudio.hu\\\/wp-content\\\/uploads\\\/2019\\\/10\\\/cropped-logoszines-min.png\",\"width\":512,\"height\":512,\"caption\":\"IrgumburgumStudio\"},\"image\":{\"@id\":\"https:\\\/\\\/irgumburgumstudio.hu\\\/#\\\/schema\\\/logo\\\/image\\\/\"},\"sameAs\":[\"https:\\\/\\\/www.facebook.com\\\/profile.php?id=100040055444498\"]}]}<\/script>\n<!-- \/ Yoast SEO plugin. -->","yoast_head_json":{"title":"K\u00c9ZZEL FESTETT FA MEM\u00d3RIAKORONGOK F\u00c1B\u00d3L - IrgumburgumStudio","robots":{"index":"index","follow":"follow","max-snippet":"max-snippet:-1","max-image-preview":"max-image-preview:large","max-video-preview":"max-video-preview:-1"},"canonical":"https:\/\/irgumburgumstudio.hu\/en\/bolt\/termeszetes-jatekok\/kezzel-festett-fa-memoriakorongok-fabol\/","og_locale":"en_US","og_type":"article","og_title":"K\u00c9ZZEL FESTETT FA MEM\u00d3RIAKORONGOK F\u00c1B\u00d3L - IrgumburgumStudio","og_description":"K\u00c9ZZEL FESTETT FA MEM\u00d3RIAJ\u00c1T\u00c9K  18db-os  &nbsp;","og_url":"https:\/\/irgumburgumstudio.hu\/en\/bolt\/termeszetes-jatekok\/kezzel-festett-fa-memoriakorongok-fabol\/","og_site_name":"IrgumburgumStudio","article_publisher":"https:\/\/www.facebook.com\/profile.php?id=100040055444498","article_modified_time":"2022-11-10T21:08:56+00:00","og_image":[{"width":2560,"height":1707,"url":"https:\/\/irgumburgumstudio.hu\/wp-content\/uploads\/2020\/07\/IMG_0254-min-scaled.jpg","type":"image\/jpeg"}],"twitter_card":"summary_large_image","twitter_misc":{"Est. reading time":"1 minute"},"schema":{"@context":"https:\/\/schema.org","@graph":[{"@type":"WebPage","@id":"https:\/\/irgumburgumstudio.hu\/bolt\/termeszetes-jatekok\/kezzel-festett-fa-memoriakorongok-fabol\/","url":"https:\/\/irgumburgumstudio.hu\/bolt\/termeszetes-jatekok\/kezzel-festett-fa-memoriakorongok-fabol\/","name":"K\u00c9ZZEL FESTETT FA MEM\u00d3RIAKORONGOK F\u00c1B\u00d3L - IrgumburgumStudio","isPartOf":{"@id":"https:\/\/irgumburgumstudio.hu\/#website"},"primaryImageOfPage":{"@id":"https:\/\/irgumburgumstudio.hu\/bolt\/termeszetes-jatekok\/kezzel-festett-fa-memoriakorongok-fabol\/#primaryimage"},"image":{"@id":"https:\/\/irgumburgumstudio.hu\/bolt\/termeszetes-jatekok\/kezzel-festett-fa-memoriakorongok-fabol\/#primaryimage"},"thumbnailUrl":"https:\/\/irgumburgumstudio.hu\/wp-content\/uploads\/2020\/07\/IMG_0254-min-scaled.jpg","datePublished":"2020-07-06T11:06:57+00:00","dateModified":"2022-11-10T21:08:56+00:00","breadcrumb":{"@id":"https:\/\/irgumburgumstudio.hu\/bolt\/termeszetes-jatekok\/kezzel-festett-fa-memoriakorongok-fabol\/#breadcrumb"},"inLanguage":"en-US","potentialAction":[{"@type":"ReadAction","target":["https:\/\/irgumburgumstudio.hu\/bolt\/termeszetes-jatekok\/kezzel-festett-fa-memoriakorongok-fabol\/"]}]},{"@type":"ImageObject","inLanguage":"en-US","@id":"https:\/\/irgumburgumstudio.hu\/bolt\/termeszetes-jatekok\/kezzel-festett-fa-memoriakorongok-fabol\/#primaryimage","url":"https:\/\/irgumburgumstudio.hu\/wp-content\/uploads\/2020\/07\/IMG_0254-min-scaled.jpg","contentUrl":"https:\/\/irgumburgumstudio.hu\/wp-content\/uploads\/2020\/07\/IMG_0254-min-scaled.jpg","width":2560,"height":1707},{"@type":"BreadcrumbList","@id":"https:\/\/irgumburgumstudio.hu\/bolt\/termeszetes-jatekok\/kezzel-festett-fa-memoriakorongok-fabol\/#breadcrumb","itemListElement":[{"@type":"ListItem","position":1,"name":"Home","item":"https:\/\/irgumburgumstudio.hu\/"},{"@type":"ListItem","position":2,"name":"Bolt","item":"https:\/\/irgumburgumstudio.hu\/bolt\/"},{"@type":"ListItem","position":3,"name":"K\u00c9ZZEL FESTETT FA MEM\u00d3RIAKORONGOK F\u00c1B\u00d3L"}]},{"@type":"WebSite","@id":"https:\/\/irgumburgumstudio.hu\/#website","url":"https:\/\/irgumburgumstudio.hu\/","name":"IrgumburgumStudio","description":"IrgumburgumStudio - k\u00e9zzel k\u00e9sz\u00edtett egyedi term\u00e9kek.","publisher":{"@id":"https:\/\/irgumburgumstudio.hu\/#organization"},"potentialAction":[{"@type":"SearchAction","target":{"@type":"EntryPoint","urlTemplate":"https:\/\/irgumburgumstudio.hu\/?s={search_term_string}"},"query-input":{"@type":"PropertyValueSpecification","valueRequired":true,"valueName":"search_term_string"}}],"inLanguage":"en-US"},{"@type":"Organization","@id":"https:\/\/irgumburgumstudio.hu\/#organization","name":"IrgumburgumStudio","url":"https:\/\/irgumburgumstudio.hu\/","logo":{"@type":"ImageObject","inLanguage":"en-US","@id":"https:\/\/irgumburgumstudio.hu\/#\/schema\/logo\/image\/","url":"https:\/\/irgumburgumstudio.hu\/wp-content\/uploads\/2019\/10\/cropped-logoszines-min.png","contentUrl":"https:\/\/irgumburgumstudio.hu\/wp-content\/uploads\/2019\/10\/cropped-logoszines-min.png","width":512,"height":512,"caption":"IrgumburgumStudio"},"image":{"@id":"https:\/\/irgumburgumstudio.hu\/#\/schema\/logo\/image\/"},"sameAs":["https:\/\/www.facebook.com\/profile.php?id=100040055444498"]}]}},"_links":{"self":[{"href":"https:\/\/irgumburgumstudio.hu\/en\/wp-json\/wp\/v2\/product\/4375","targetHints":{"allow":["GET"]}}],"collection":[{"href":"https:\/\/irgumburgumstudio.hu\/en\/wp-json\/wp\/v2\/product"}],"about":[{"href":"https:\/\/irgumburgumstudio.hu\/en\/wp-json\/wp\/v2\/types\/product"}],"replies":[{"embeddable":true,"href":"https:\/\/irgumburgumstudio.hu\/en\/wp-json\/wp\/v2\/comments?post=4375"}],"wp:featuredmedia":[{"embeddable":true,"href":"https:\/\/irgumburgumstudio.hu\/en\/wp-json\/wp\/v2\/media\/4377"}],"wp:attachment":[{"href":"https:\/\/irgumburgumstudio.hu\/en\/wp-json\/wp\/v2\/media?parent=4375"}],"wp:term":[{"taxonomy":"product_brand","embeddable":true,"href":"https:\/\/irgumburgumstudio.hu\/en\/wp-json\/wp\/v2\/product_brand?post=4375"},{"taxonomy":"product_cat","embeddable":true,"href":"https:\/\/irgumburgumstudio.hu\/en\/wp-json\/wp\/v2\/product_cat?post=4375"},{"taxonomy":"product_tag","embeddable":true,"href":"https:\/\/irgumburgumstudio.hu\/en\/wp-json\/wp\/v2\/product_tag?post=4375"}],"curies":[{"name":"wp","href":"https:\/\/api.w.org\/{rel}","templated":true}]}}