{"id":4372,"date":"2020-07-06T10:11:04","date_gmt":"2020-07-06T10:11:04","guid":{"rendered":"https:\/\/irgumburgumstudio.hu\/?post_type=product&#038;p=4372"},"modified":"2022-11-10T21:08:57","modified_gmt":"2022-11-10T21:08:57","slug":"4372","status":"publish","type":"product","link":"https:\/\/irgumburgumstudio.hu\/en\/bolt\/termeszetes-jatekok\/4372\/","title":{"rendered":"K\u00c9ZZEL FESTETT FA MEM\u00d3RIAJ\u00c1T\u00c9K"},"content":{"rendered":"","protected":false},"excerpt":{"rendered":"<p>28db-os k\u00e9zzel festett, egyedi, term\u00e9szetes mem\u00f3riaj\u00e1t\u00e9k f\u00e1b\u00f3l. Kis szatyorban kapod magadhoz, ami azont\u00fal a j\u00e1t\u00e9k kis \u201cszatyra\u201d lesz.<\/p>\n<p>(Ez elt\u00e9r\u0151 lehet egym\u00e1st\u00f3l, hiszen mindig \u00fajrahasznos\u00edtott anyagokb\u00f3l pr\u00f3b\u00e1lunk dolgozni)<\/p>\n<p>Egyetlen egy k\u00e9sz\u00fclt bel\u0151le, amit m\u00e1r megv\u00e1s\u00e1roltak. Ut\u00e1nrendel\u00e9sre van lehet\u0151s\u00e9ged, ennek elk\u00e9sz\u00fcl\u00e9se rendel\u00e9sek mennyis\u00e9g\u00e9t\u0151l f\u00fcgg, de nagyj\u00e1b\u00f3l 3 h\u00e9t. \ud83d\ude42<\/p>","protected":false},"featured_media":4374,"comment_status":"closed","ping_status":"closed","template":"","meta":[],"product_brand":[],"product_cat":[58],"product_tag":[],"class_list":{"0":"post-4372","1":"product","2":"type-product","3":"status-publish","4":"has-post-thumbnail","6":"product_cat-termeszetes-jatekok","8":"first","9":"outofstock","10":"sold-individually","11":"taxable","12":"shipping-taxable","13":"purchasable","14":"product-type-simple"},"yoast_head":"<!-- This site is optimized with the Yoast SEO plugin v27.4 - https:\/\/yoast.com\/product\/yoast-seo-wordpress\/ -->\n<title>K\u00c9ZZEL FESTETT FA MEM\u00d3RIAJ\u00c1T\u00c9K - IrgumburgumStudio<\/title>\n<meta name=\"robots\" content=\"index, follow, max-snippet:-1, max-image-preview:large, max-video-preview:-1\" \/>\n<link rel=\"canonical\" href=\"https:\/\/irgumburgumstudio.hu\/en\/bolt\/termeszetes-jatekok\/4372\/\" \/>\n<meta property=\"og:locale\" content=\"en_US\" \/>\n<meta property=\"og:type\" content=\"article\" \/>\n<meta property=\"og:title\" content=\"K\u00c9ZZEL FESTETT FA MEM\u00d3RIAJ\u00c1T\u00c9K - IrgumburgumStudio\" \/>\n<meta property=\"og:description\" content=\"28db-os k\u00e9zzel festett, egyedi, term\u00e9szetes mem\u00f3riaj\u00e1t\u00e9k f\u00e1b\u00f3l. Kis szatyorban kapod magadhoz, ami azont\u00fal a j\u00e1t\u00e9k kis \u201cszatyra\u201d lesz.  (Ez elt\u00e9r\u0151 lehet egym\u00e1st\u00f3l, hiszen mindig \u00fajrahasznos\u00edtott anyagokb\u00f3l pr\u00f3b\u00e1lunk dolgozni)  Egyetlen egy k\u00e9sz\u00fclt bel\u0151le, amit m\u00e1r megv\u00e1s\u00e1roltak. Ut\u00e1nrendel\u00e9sre van lehet\u0151s\u00e9ged, ennek elk\u00e9sz\u00fcl\u00e9se rendel\u00e9sek mennyis\u00e9g\u00e9t\u0151l f\u00fcgg, de nagyj\u00e1b\u00f3l 3 h\u00e9t. :)\" \/>\n<meta property=\"og:url\" content=\"https:\/\/irgumburgumstudio.hu\/en\/bolt\/termeszetes-jatekok\/4372\/\" \/>\n<meta property=\"og:site_name\" content=\"IrgumburgumStudio\" \/>\n<meta property=\"article:publisher\" content=\"https:\/\/www.facebook.com\/profile.php?id=100040055444498\" \/>\n<meta property=\"article:modified_time\" content=\"2022-11-10T21:08:57+00:00\" \/>\n<meta property=\"og:image\" content=\"https:\/\/irgumburgumstudio.hu\/wp-content\/uploads\/2020\/07\/IMG_0169-min-scaled.jpg\" \/>\n\t<meta property=\"og:image:width\" content=\"1990\" \/>\n\t<meta property=\"og:image:height\" content=\"2560\" \/>\n\t<meta property=\"og:image:type\" content=\"image\/jpeg\" \/>\n<meta name=\"twitter:card\" content=\"summary_large_image\" \/>\n<script type=\"application\/ld+json\" class=\"yoast-schema-graph\">{\"@context\":\"https:\\\/\\\/schema.org\",\"@graph\":[{\"@type\":\"WebPage\",\"@id\":\"https:\\\/\\\/irgumburgumstudio.hu\\\/bolt\\\/termeszetes-jatekok\\\/4372\\\/\",\"url\":\"https:\\\/\\\/irgumburgumstudio.hu\\\/bolt\\\/termeszetes-jatekok\\\/4372\\\/\",\"name\":\"K\u00c9ZZEL FESTETT FA MEM\u00d3RIAJ\u00c1T\u00c9K - IrgumburgumStudio\",\"isPartOf\":{\"@id\":\"https:\\\/\\\/irgumburgumstudio.hu\\\/#website\"},\"primaryImageOfPage\":{\"@id\":\"https:\\\/\\\/irgumburgumstudio.hu\\\/bolt\\\/termeszetes-jatekok\\\/4372\\\/#primaryimage\"},\"image\":{\"@id\":\"https:\\\/\\\/irgumburgumstudio.hu\\\/bolt\\\/termeszetes-jatekok\\\/4372\\\/#primaryimage\"},\"thumbnailUrl\":\"https:\\\/\\\/irgumburgumstudio.hu\\\/wp-content\\\/uploads\\\/2020\\\/07\\\/IMG_0169-min-scaled.jpg\",\"datePublished\":\"2020-07-06T10:11:04+00:00\",\"dateModified\":\"2022-11-10T21:08:57+00:00\",\"breadcrumb\":{\"@id\":\"https:\\\/\\\/irgumburgumstudio.hu\\\/bolt\\\/termeszetes-jatekok\\\/4372\\\/#breadcrumb\"},\"inLanguage\":\"en-US\",\"potentialAction\":[{\"@type\":\"ReadAction\",\"target\":[\"https:\\\/\\\/irgumburgumstudio.hu\\\/bolt\\\/termeszetes-jatekok\\\/4372\\\/\"]}]},{\"@type\":\"ImageObject\",\"inLanguage\":\"en-US\",\"@id\":\"https:\\\/\\\/irgumburgumstudio.hu\\\/bolt\\\/termeszetes-jatekok\\\/4372\\\/#primaryimage\",\"url\":\"https:\\\/\\\/irgumburgumstudio.hu\\\/wp-content\\\/uploads\\\/2020\\\/07\\\/IMG_0169-min-scaled.jpg\",\"contentUrl\":\"https:\\\/\\\/irgumburgumstudio.hu\\\/wp-content\\\/uploads\\\/2020\\\/07\\\/IMG_0169-min-scaled.jpg\",\"width\":1990,\"height\":2560},{\"@type\":\"BreadcrumbList\",\"@id\":\"https:\\\/\\\/irgumburgumstudio.hu\\\/bolt\\\/termeszetes-jatekok\\\/4372\\\/#breadcrumb\",\"itemListElement\":[{\"@type\":\"ListItem\",\"position\":1,\"name\":\"Home\",\"item\":\"https:\\\/\\\/irgumburgumstudio.hu\\\/\"},{\"@type\":\"ListItem\",\"position\":2,\"name\":\"Bolt\",\"item\":\"https:\\\/\\\/irgumburgumstudio.hu\\\/bolt\\\/\"},{\"@type\":\"ListItem\",\"position\":3,\"name\":\"K\u00c9ZZEL FESTETT FA MEM\u00d3RIAJ\u00c1T\u00c9K\"}]},{\"@type\":\"WebSite\",\"@id\":\"https:\\\/\\\/irgumburgumstudio.hu\\\/#website\",\"url\":\"https:\\\/\\\/irgumburgumstudio.hu\\\/\",\"name\":\"IrgumburgumStudio\",\"description\":\"IrgumburgumStudio - k\u00e9zzel k\u00e9sz\u00edtett egyedi term\u00e9kek.\",\"publisher\":{\"@id\":\"https:\\\/\\\/irgumburgumstudio.hu\\\/#organization\"},\"potentialAction\":[{\"@type\":\"SearchAction\",\"target\":{\"@type\":\"EntryPoint\",\"urlTemplate\":\"https:\\\/\\\/irgumburgumstudio.hu\\\/?s={search_term_string}\"},\"query-input\":{\"@type\":\"PropertyValueSpecification\",\"valueRequired\":true,\"valueName\":\"search_term_string\"}}],\"inLanguage\":\"en-US\"},{\"@type\":\"Organization\",\"@id\":\"https:\\\/\\\/irgumburgumstudio.hu\\\/#organization\",\"name\":\"IrgumburgumStudio\",\"url\":\"https:\\\/\\\/irgumburgumstudio.hu\\\/\",\"logo\":{\"@type\":\"ImageObject\",\"inLanguage\":\"en-US\",\"@id\":\"https:\\\/\\\/irgumburgumstudio.hu\\\/#\\\/schema\\\/logo\\\/image\\\/\",\"url\":\"https:\\\/\\\/irgumburgumstudio.hu\\\/wp-content\\\/uploads\\\/2019\\\/10\\\/cropped-logoszines-min.png\",\"contentUrl\":\"https:\\\/\\\/irgumburgumstudio.hu\\\/wp-content\\\/uploads\\\/2019\\\/10\\\/cropped-logoszines-min.png\",\"width\":512,\"height\":512,\"caption\":\"IrgumburgumStudio\"},\"image\":{\"@id\":\"https:\\\/\\\/irgumburgumstudio.hu\\\/#\\\/schema\\\/logo\\\/image\\\/\"},\"sameAs\":[\"https:\\\/\\\/www.facebook.com\\\/profile.php?id=100040055444498\"]}]}<\/script>\n<!-- \/ Yoast SEO plugin. -->","yoast_head_json":{"title":"K\u00c9ZZEL FESTETT FA MEM\u00d3RIAJ\u00c1T\u00c9K - IrgumburgumStudio","robots":{"index":"index","follow":"follow","max-snippet":"max-snippet:-1","max-image-preview":"max-image-preview:large","max-video-preview":"max-video-preview:-1"},"canonical":"https:\/\/irgumburgumstudio.hu\/en\/bolt\/termeszetes-jatekok\/4372\/","og_locale":"en_US","og_type":"article","og_title":"K\u00c9ZZEL FESTETT FA MEM\u00d3RIAJ\u00c1T\u00c9K - IrgumburgumStudio","og_description":"28db-os k\u00e9zzel festett, egyedi, term\u00e9szetes mem\u00f3riaj\u00e1t\u00e9k f\u00e1b\u00f3l. Kis szatyorban kapod magadhoz, ami azont\u00fal a j\u00e1t\u00e9k kis \u201cszatyra\u201d lesz.  (Ez elt\u00e9r\u0151 lehet egym\u00e1st\u00f3l, hiszen mindig \u00fajrahasznos\u00edtott anyagokb\u00f3l pr\u00f3b\u00e1lunk dolgozni)  Egyetlen egy k\u00e9sz\u00fclt bel\u0151le, amit m\u00e1r megv\u00e1s\u00e1roltak. Ut\u00e1nrendel\u00e9sre van lehet\u0151s\u00e9ged, ennek elk\u00e9sz\u00fcl\u00e9se rendel\u00e9sek mennyis\u00e9g\u00e9t\u0151l f\u00fcgg, de nagyj\u00e1b\u00f3l 3 h\u00e9t. :)","og_url":"https:\/\/irgumburgumstudio.hu\/en\/bolt\/termeszetes-jatekok\/4372\/","og_site_name":"IrgumburgumStudio","article_publisher":"https:\/\/www.facebook.com\/profile.php?id=100040055444498","article_modified_time":"2022-11-10T21:08:57+00:00","og_image":[{"width":1990,"height":2560,"url":"https:\/\/irgumburgumstudio.hu\/wp-content\/uploads\/2020\/07\/IMG_0169-min-scaled.jpg","type":"image\/jpeg"}],"twitter_card":"summary_large_image","schema":{"@context":"https:\/\/schema.org","@graph":[{"@type":"WebPage","@id":"https:\/\/irgumburgumstudio.hu\/bolt\/termeszetes-jatekok\/4372\/","url":"https:\/\/irgumburgumstudio.hu\/bolt\/termeszetes-jatekok\/4372\/","name":"K\u00c9ZZEL FESTETT FA MEM\u00d3RIAJ\u00c1T\u00c9K - IrgumburgumStudio","isPartOf":{"@id":"https:\/\/irgumburgumstudio.hu\/#website"},"primaryImageOfPage":{"@id":"https:\/\/irgumburgumstudio.hu\/bolt\/termeszetes-jatekok\/4372\/#primaryimage"},"image":{"@id":"https:\/\/irgumburgumstudio.hu\/bolt\/termeszetes-jatekok\/4372\/#primaryimage"},"thumbnailUrl":"https:\/\/irgumburgumstudio.hu\/wp-content\/uploads\/2020\/07\/IMG_0169-min-scaled.jpg","datePublished":"2020-07-06T10:11:04+00:00","dateModified":"2022-11-10T21:08:57+00:00","breadcrumb":{"@id":"https:\/\/irgumburgumstudio.hu\/bolt\/termeszetes-jatekok\/4372\/#breadcrumb"},"inLanguage":"en-US","potentialAction":[{"@type":"ReadAction","target":["https:\/\/irgumburgumstudio.hu\/bolt\/termeszetes-jatekok\/4372\/"]}]},{"@type":"ImageObject","inLanguage":"en-US","@id":"https:\/\/irgumburgumstudio.hu\/bolt\/termeszetes-jatekok\/4372\/#primaryimage","url":"https:\/\/irgumburgumstudio.hu\/wp-content\/uploads\/2020\/07\/IMG_0169-min-scaled.jpg","contentUrl":"https:\/\/irgumburgumstudio.hu\/wp-content\/uploads\/2020\/07\/IMG_0169-min-scaled.jpg","width":1990,"height":2560},{"@type":"BreadcrumbList","@id":"https:\/\/irgumburgumstudio.hu\/bolt\/termeszetes-jatekok\/4372\/#breadcrumb","itemListElement":[{"@type":"ListItem","position":1,"name":"Home","item":"https:\/\/irgumburgumstudio.hu\/"},{"@type":"ListItem","position":2,"name":"Bolt","item":"https:\/\/irgumburgumstudio.hu\/bolt\/"},{"@type":"ListItem","position":3,"name":"K\u00c9ZZEL FESTETT FA MEM\u00d3RIAJ\u00c1T\u00c9K"}]},{"@type":"WebSite","@id":"https:\/\/irgumburgumstudio.hu\/#website","url":"https:\/\/irgumburgumstudio.hu\/","name":"IrgumburgumStudio","description":"IrgumburgumStudio - k\u00e9zzel k\u00e9sz\u00edtett egyedi term\u00e9kek.","publisher":{"@id":"https:\/\/irgumburgumstudio.hu\/#organization"},"potentialAction":[{"@type":"SearchAction","target":{"@type":"EntryPoint","urlTemplate":"https:\/\/irgumburgumstudio.hu\/?s={search_term_string}"},"query-input":{"@type":"PropertyValueSpecification","valueRequired":true,"valueName":"search_term_string"}}],"inLanguage":"en-US"},{"@type":"Organization","@id":"https:\/\/irgumburgumstudio.hu\/#organization","name":"IrgumburgumStudio","url":"https:\/\/irgumburgumstudio.hu\/","logo":{"@type":"ImageObject","inLanguage":"en-US","@id":"https:\/\/irgumburgumstudio.hu\/#\/schema\/logo\/image\/","url":"https:\/\/irgumburgumstudio.hu\/wp-content\/uploads\/2019\/10\/cropped-logoszines-min.png","contentUrl":"https:\/\/irgumburgumstudio.hu\/wp-content\/uploads\/2019\/10\/cropped-logoszines-min.png","width":512,"height":512,"caption":"IrgumburgumStudio"},"image":{"@id":"https:\/\/irgumburgumstudio.hu\/#\/schema\/logo\/image\/"},"sameAs":["https:\/\/www.facebook.com\/profile.php?id=100040055444498"]}]}},"_links":{"self":[{"href":"https:\/\/irgumburgumstudio.hu\/en\/wp-json\/wp\/v2\/product\/4372","targetHints":{"allow":["GET"]}}],"collection":[{"href":"https:\/\/irgumburgumstudio.hu\/en\/wp-json\/wp\/v2\/product"}],"about":[{"href":"https:\/\/irgumburgumstudio.hu\/en\/wp-json\/wp\/v2\/types\/product"}],"replies":[{"embeddable":true,"href":"https:\/\/irgumburgumstudio.hu\/en\/wp-json\/wp\/v2\/comments?post=4372"}],"wp:featuredmedia":[{"embeddable":true,"href":"https:\/\/irgumburgumstudio.hu\/en\/wp-json\/wp\/v2\/media\/4374"}],"wp:attachment":[{"href":"https:\/\/irgumburgumstudio.hu\/en\/wp-json\/wp\/v2\/media?parent=4372"}],"wp:term":[{"taxonomy":"product_brand","embeddable":true,"href":"https:\/\/irgumburgumstudio.hu\/en\/wp-json\/wp\/v2\/product_brand?post=4372"},{"taxonomy":"product_cat","embeddable":true,"href":"https:\/\/irgumburgumstudio.hu\/en\/wp-json\/wp\/v2\/product_cat?post=4372"},{"taxonomy":"product_tag","embeddable":true,"href":"https:\/\/irgumburgumstudio.hu\/en\/wp-json\/wp\/v2\/product_tag?post=4372"}],"curies":[{"name":"wp","href":"https:\/\/api.w.org\/{rel}","templated":true}]}}