{"id":4042,"date":"2020-03-08T21:08:37","date_gmt":"2020-03-08T21:08:37","guid":{"rendered":"https:\/\/irgumburgumstudio.hu\/?post_type=product&#038;p=4042"},"modified":"2025-04-26T18:06:32","modified_gmt":"2025-04-26T18:06:32","slug":"kezzel-festett-allatos-memoriakartya","status":"publish","type":"product","link":"https:\/\/irgumburgumstudio.hu\/en\/bolt\/fejleszto-jatekok\/kartyajatekaink\/kezzel-festett-allatos-memoriakartya\/","title":{"rendered":"K\u00e9zzel festett \u00e1llatos mem\u00f3riak\u00e1rtya"},"content":{"rendered":"","protected":false},"excerpt":{"rendered":"<p><span style=\"color: #008ae6;\"><strong>( V\u00e1rhat\u00f3 sz\u00e1ll\u00edt\u00e1si id\u0151: 1-3 munkanap )<\/strong><\/span><\/p>\n<p>Meg\u00e9rkeztek a v\u00e1rva v\u00e1rt mem\u00f3riak\u00e1rty\u00e1k !!!<br \/>\nA csomag tartalma 24db mem\u00f3riak\u00e1rtya. (12p\u00e1r)<br \/>\nK\u00e9zzel k\u00e9sz\u00fclt csod\u00e1latos kis v\u00e1szontaty\u00f3ban kapj\u00e1tok a csomagot, ami \u00f6r\u00f6k helyet biztos\u00edt a k\u00e1rty\u00e1knak.<br \/>\nItt is mint minden term\u00e9kemn\u00e9l t\u00f6rekedtem a minimalizmusra, az \u00e1llatok pedig irt\u00f3cukira sikeredtek szerintem.<br \/>\nA k\u00e1rty\u00e1k f\u0151szerepl\u0151it \u00c9n festettem\/\u00e1lmodtam meg.<br \/>\n100%ban term\u00e9szetes anyagok felhaszn\u00e1l\u00e1s\u00e1val, 100%-ban k\u00e9zm\u0171ves,magyar term\u00e9k.<\/p>\n<p>Itthon nagyon im\u00e1djuk! \ud83d\ude42\u00a0 Rem\u00e9lem Ti is legal\u00e1bb ennyire fogj\u00e1tok!<\/p>","protected":false},"featured_media":5284,"comment_status":"closed","ping_status":"closed","template":"","meta":[],"product_brand":[],"product_cat":[144,145],"product_tag":[],"class_list":{"0":"post-4042","1":"product","2":"type-product","3":"status-publish","4":"has-post-thumbnail","6":"product_cat-kartyajatekaink","7":"product_cat-kartyajatekaink-2","9":"first","10":"outofstock","11":"taxable","12":"shipping-taxable","13":"purchasable","14":"product-type-simple"},"yoast_head":"<!-- This site is optimized with the Yoast SEO plugin v27.4 - https:\/\/yoast.com\/product\/yoast-seo-wordpress\/ -->\n<title>K\u00e9zzel festett \u00e1llatos mem\u00f3riak\u00e1rtya - IrgumburgumStudio<\/title>\n<meta name=\"robots\" content=\"index, follow, max-snippet:-1, max-image-preview:large, max-video-preview:-1\" \/>\n<link rel=\"canonical\" href=\"https:\/\/irgumburgumstudio.hu\/en\/bolt\/fejleszto-jatekok\/kartyajatekaink\/kezzel-festett-allatos-memoriakartya\/\" \/>\n<meta property=\"og:locale\" content=\"en_US\" \/>\n<meta property=\"og:type\" content=\"article\" \/>\n<meta property=\"og:title\" content=\"K\u00e9zzel festett \u00e1llatos mem\u00f3riak\u00e1rtya - IrgumburgumStudio\" \/>\n<meta property=\"og:description\" content=\"( V\u00e1rhat\u00f3 sz\u00e1ll\u00edt\u00e1si id\u0151: 1-3 munkanap )  Meg\u00e9rkeztek a v\u00e1rva v\u00e1rt mem\u00f3riak\u00e1rty\u00e1k !!! A csomag tartalma 24db mem\u00f3riak\u00e1rtya. (12p\u00e1r) K\u00e9zzel k\u00e9sz\u00fclt csod\u00e1latos kis v\u00e1szontaty\u00f3ban kapj\u00e1tok a csomagot, ami \u00f6r\u00f6k helyet biztos\u00edt a k\u00e1rty\u00e1knak. Itt is mint minden term\u00e9kemn\u00e9l t\u00f6rekedtem a minimalizmusra, az \u00e1llatok pedig irt\u00f3cukira sikeredtek szerintem. A k\u00e1rty\u00e1k f\u0151szerepl\u0151it \u00c9n festettem\/\u00e1lmodtam meg. 100%ban term\u00e9szetes anyagok felhaszn\u00e1l\u00e1s\u00e1val, 100%-ban k\u00e9zm\u0171ves,magyar term\u00e9k.  Itthon nagyon im\u00e1djuk! :)\u00a0 Rem\u00e9lem Ti is legal\u00e1bb ennyire fogj\u00e1tok!\" \/>\n<meta property=\"og:url\" content=\"https:\/\/irgumburgumstudio.hu\/en\/bolt\/fejleszto-jatekok\/kartyajatekaink\/kezzel-festett-allatos-memoriakartya\/\" \/>\n<meta property=\"og:site_name\" content=\"IrgumburgumStudio\" \/>\n<meta property=\"article:publisher\" content=\"https:\/\/www.facebook.com\/profile.php?id=100040055444498\" \/>\n<meta property=\"article:modified_time\" content=\"2025-04-26T18:06:32+00:00\" \/>\n<meta property=\"og:image\" content=\"https:\/\/irgumburgumstudio.hu\/wp-content\/uploads\/2022\/03\/MB4A7325-min-scaled.jpeg\" \/>\n\t<meta property=\"og:image:width\" content=\"2560\" \/>\n\t<meta property=\"og:image:height\" content=\"1707\" \/>\n\t<meta property=\"og:image:type\" content=\"image\/jpeg\" \/>\n<meta name=\"twitter:card\" content=\"summary_large_image\" \/>\n<meta name=\"twitter:label1\" content=\"Est. reading time\" \/>\n\t<meta name=\"twitter:data1\" content=\"1 minute\" \/>\n<script type=\"application\/ld+json\" class=\"yoast-schema-graph\">{\"@context\":\"https:\\\/\\\/schema.org\",\"@graph\":[{\"@type\":\"WebPage\",\"@id\":\"https:\\\/\\\/irgumburgumstudio.hu\\\/bolt\\\/fejleszto-jatekok\\\/kartyajatekaink\\\/kezzel-festett-allatos-memoriakartya\\\/\",\"url\":\"https:\\\/\\\/irgumburgumstudio.hu\\\/bolt\\\/fejleszto-jatekok\\\/kartyajatekaink\\\/kezzel-festett-allatos-memoriakartya\\\/\",\"name\":\"K\u00e9zzel festett \u00e1llatos mem\u00f3riak\u00e1rtya - IrgumburgumStudio\",\"isPartOf\":{\"@id\":\"https:\\\/\\\/irgumburgumstudio.hu\\\/#website\"},\"primaryImageOfPage\":{\"@id\":\"https:\\\/\\\/irgumburgumstudio.hu\\\/bolt\\\/fejleszto-jatekok\\\/kartyajatekaink\\\/kezzel-festett-allatos-memoriakartya\\\/#primaryimage\"},\"image\":{\"@id\":\"https:\\\/\\\/irgumburgumstudio.hu\\\/bolt\\\/fejleszto-jatekok\\\/kartyajatekaink\\\/kezzel-festett-allatos-memoriakartya\\\/#primaryimage\"},\"thumbnailUrl\":\"https:\\\/\\\/irgumburgumstudio.hu\\\/wp-content\\\/uploads\\\/2022\\\/03\\\/MB4A7325-min-scaled.jpeg\",\"datePublished\":\"2020-03-08T21:08:37+00:00\",\"dateModified\":\"2025-04-26T18:06:32+00:00\",\"breadcrumb\":{\"@id\":\"https:\\\/\\\/irgumburgumstudio.hu\\\/bolt\\\/fejleszto-jatekok\\\/kartyajatekaink\\\/kezzel-festett-allatos-memoriakartya\\\/#breadcrumb\"},\"inLanguage\":\"en-US\",\"potentialAction\":[{\"@type\":\"ReadAction\",\"target\":[\"https:\\\/\\\/irgumburgumstudio.hu\\\/bolt\\\/fejleszto-jatekok\\\/kartyajatekaink\\\/kezzel-festett-allatos-memoriakartya\\\/\"]}]},{\"@type\":\"ImageObject\",\"inLanguage\":\"en-US\",\"@id\":\"https:\\\/\\\/irgumburgumstudio.hu\\\/bolt\\\/fejleszto-jatekok\\\/kartyajatekaink\\\/kezzel-festett-allatos-memoriakartya\\\/#primaryimage\",\"url\":\"https:\\\/\\\/irgumburgumstudio.hu\\\/wp-content\\\/uploads\\\/2022\\\/03\\\/MB4A7325-min-scaled.jpeg\",\"contentUrl\":\"https:\\\/\\\/irgumburgumstudio.hu\\\/wp-content\\\/uploads\\\/2022\\\/03\\\/MB4A7325-min-scaled.jpeg\",\"width\":2560,\"height\":1707},{\"@type\":\"BreadcrumbList\",\"@id\":\"https:\\\/\\\/irgumburgumstudio.hu\\\/bolt\\\/fejleszto-jatekok\\\/kartyajatekaink\\\/kezzel-festett-allatos-memoriakartya\\\/#breadcrumb\",\"itemListElement\":[{\"@type\":\"ListItem\",\"position\":1,\"name\":\"Home\",\"item\":\"https:\\\/\\\/irgumburgumstudio.hu\\\/\"},{\"@type\":\"ListItem\",\"position\":2,\"name\":\"Bolt\",\"item\":\"https:\\\/\\\/irgumburgumstudio.hu\\\/bolt\\\/\"},{\"@type\":\"ListItem\",\"position\":3,\"name\":\"K\u00e9zzel festett \u00e1llatos mem\u00f3riak\u00e1rtya\"}]},{\"@type\":\"WebSite\",\"@id\":\"https:\\\/\\\/irgumburgumstudio.hu\\\/#website\",\"url\":\"https:\\\/\\\/irgumburgumstudio.hu\\\/\",\"name\":\"IrgumburgumStudio\",\"description\":\"IrgumburgumStudio - k\u00e9zzel k\u00e9sz\u00edtett egyedi term\u00e9kek.\",\"publisher\":{\"@id\":\"https:\\\/\\\/irgumburgumstudio.hu\\\/#organization\"},\"potentialAction\":[{\"@type\":\"SearchAction\",\"target\":{\"@type\":\"EntryPoint\",\"urlTemplate\":\"https:\\\/\\\/irgumburgumstudio.hu\\\/?s={search_term_string}\"},\"query-input\":{\"@type\":\"PropertyValueSpecification\",\"valueRequired\":true,\"valueName\":\"search_term_string\"}}],\"inLanguage\":\"en-US\"},{\"@type\":\"Organization\",\"@id\":\"https:\\\/\\\/irgumburgumstudio.hu\\\/#organization\",\"name\":\"IrgumburgumStudio\",\"url\":\"https:\\\/\\\/irgumburgumstudio.hu\\\/\",\"logo\":{\"@type\":\"ImageObject\",\"inLanguage\":\"en-US\",\"@id\":\"https:\\\/\\\/irgumburgumstudio.hu\\\/#\\\/schema\\\/logo\\\/image\\\/\",\"url\":\"https:\\\/\\\/irgumburgumstudio.hu\\\/wp-content\\\/uploads\\\/2019\\\/10\\\/cropped-logoszines-min.png\",\"contentUrl\":\"https:\\\/\\\/irgumburgumstudio.hu\\\/wp-content\\\/uploads\\\/2019\\\/10\\\/cropped-logoszines-min.png\",\"width\":512,\"height\":512,\"caption\":\"IrgumburgumStudio\"},\"image\":{\"@id\":\"https:\\\/\\\/irgumburgumstudio.hu\\\/#\\\/schema\\\/logo\\\/image\\\/\"},\"sameAs\":[\"https:\\\/\\\/www.facebook.com\\\/profile.php?id=100040055444498\"]}]}<\/script>\n<!-- \/ Yoast SEO plugin. -->","yoast_head_json":{"title":"K\u00e9zzel festett \u00e1llatos mem\u00f3riak\u00e1rtya - IrgumburgumStudio","robots":{"index":"index","follow":"follow","max-snippet":"max-snippet:-1","max-image-preview":"max-image-preview:large","max-video-preview":"max-video-preview:-1"},"canonical":"https:\/\/irgumburgumstudio.hu\/en\/bolt\/fejleszto-jatekok\/kartyajatekaink\/kezzel-festett-allatos-memoriakartya\/","og_locale":"en_US","og_type":"article","og_title":"K\u00e9zzel festett \u00e1llatos mem\u00f3riak\u00e1rtya - IrgumburgumStudio","og_description":"( V\u00e1rhat\u00f3 sz\u00e1ll\u00edt\u00e1si id\u0151: 1-3 munkanap )  Meg\u00e9rkeztek a v\u00e1rva v\u00e1rt mem\u00f3riak\u00e1rty\u00e1k !!! A csomag tartalma 24db mem\u00f3riak\u00e1rtya. (12p\u00e1r) K\u00e9zzel k\u00e9sz\u00fclt csod\u00e1latos kis v\u00e1szontaty\u00f3ban kapj\u00e1tok a csomagot, ami \u00f6r\u00f6k helyet biztos\u00edt a k\u00e1rty\u00e1knak. Itt is mint minden term\u00e9kemn\u00e9l t\u00f6rekedtem a minimalizmusra, az \u00e1llatok pedig irt\u00f3cukira sikeredtek szerintem. A k\u00e1rty\u00e1k f\u0151szerepl\u0151it \u00c9n festettem\/\u00e1lmodtam meg. 100%ban term\u00e9szetes anyagok felhaszn\u00e1l\u00e1s\u00e1val, 100%-ban k\u00e9zm\u0171ves,magyar term\u00e9k.  Itthon nagyon im\u00e1djuk! :)\u00a0 Rem\u00e9lem Ti is legal\u00e1bb ennyire fogj\u00e1tok!","og_url":"https:\/\/irgumburgumstudio.hu\/en\/bolt\/fejleszto-jatekok\/kartyajatekaink\/kezzel-festett-allatos-memoriakartya\/","og_site_name":"IrgumburgumStudio","article_publisher":"https:\/\/www.facebook.com\/profile.php?id=100040055444498","article_modified_time":"2025-04-26T18:06:32+00:00","og_image":[{"width":2560,"height":1707,"url":"https:\/\/irgumburgumstudio.hu\/wp-content\/uploads\/2022\/03\/MB4A7325-min-scaled.jpeg","type":"image\/jpeg"}],"twitter_card":"summary_large_image","twitter_misc":{"Est. reading time":"1 minute"},"schema":{"@context":"https:\/\/schema.org","@graph":[{"@type":"WebPage","@id":"https:\/\/irgumburgumstudio.hu\/bolt\/fejleszto-jatekok\/kartyajatekaink\/kezzel-festett-allatos-memoriakartya\/","url":"https:\/\/irgumburgumstudio.hu\/bolt\/fejleszto-jatekok\/kartyajatekaink\/kezzel-festett-allatos-memoriakartya\/","name":"K\u00e9zzel festett \u00e1llatos mem\u00f3riak\u00e1rtya - IrgumburgumStudio","isPartOf":{"@id":"https:\/\/irgumburgumstudio.hu\/#website"},"primaryImageOfPage":{"@id":"https:\/\/irgumburgumstudio.hu\/bolt\/fejleszto-jatekok\/kartyajatekaink\/kezzel-festett-allatos-memoriakartya\/#primaryimage"},"image":{"@id":"https:\/\/irgumburgumstudio.hu\/bolt\/fejleszto-jatekok\/kartyajatekaink\/kezzel-festett-allatos-memoriakartya\/#primaryimage"},"thumbnailUrl":"https:\/\/irgumburgumstudio.hu\/wp-content\/uploads\/2022\/03\/MB4A7325-min-scaled.jpeg","datePublished":"2020-03-08T21:08:37+00:00","dateModified":"2025-04-26T18:06:32+00:00","breadcrumb":{"@id":"https:\/\/irgumburgumstudio.hu\/bolt\/fejleszto-jatekok\/kartyajatekaink\/kezzel-festett-allatos-memoriakartya\/#breadcrumb"},"inLanguage":"en-US","potentialAction":[{"@type":"ReadAction","target":["https:\/\/irgumburgumstudio.hu\/bolt\/fejleszto-jatekok\/kartyajatekaink\/kezzel-festett-allatos-memoriakartya\/"]}]},{"@type":"ImageObject","inLanguage":"en-US","@id":"https:\/\/irgumburgumstudio.hu\/bolt\/fejleszto-jatekok\/kartyajatekaink\/kezzel-festett-allatos-memoriakartya\/#primaryimage","url":"https:\/\/irgumburgumstudio.hu\/wp-content\/uploads\/2022\/03\/MB4A7325-min-scaled.jpeg","contentUrl":"https:\/\/irgumburgumstudio.hu\/wp-content\/uploads\/2022\/03\/MB4A7325-min-scaled.jpeg","width":2560,"height":1707},{"@type":"BreadcrumbList","@id":"https:\/\/irgumburgumstudio.hu\/bolt\/fejleszto-jatekok\/kartyajatekaink\/kezzel-festett-allatos-memoriakartya\/#breadcrumb","itemListElement":[{"@type":"ListItem","position":1,"name":"Home","item":"https:\/\/irgumburgumstudio.hu\/"},{"@type":"ListItem","position":2,"name":"Bolt","item":"https:\/\/irgumburgumstudio.hu\/bolt\/"},{"@type":"ListItem","position":3,"name":"K\u00e9zzel festett \u00e1llatos mem\u00f3riak\u00e1rtya"}]},{"@type":"WebSite","@id":"https:\/\/irgumburgumstudio.hu\/#website","url":"https:\/\/irgumburgumstudio.hu\/","name":"IrgumburgumStudio","description":"IrgumburgumStudio - k\u00e9zzel k\u00e9sz\u00edtett egyedi term\u00e9kek.","publisher":{"@id":"https:\/\/irgumburgumstudio.hu\/#organization"},"potentialAction":[{"@type":"SearchAction","target":{"@type":"EntryPoint","urlTemplate":"https:\/\/irgumburgumstudio.hu\/?s={search_term_string}"},"query-input":{"@type":"PropertyValueSpecification","valueRequired":true,"valueName":"search_term_string"}}],"inLanguage":"en-US"},{"@type":"Organization","@id":"https:\/\/irgumburgumstudio.hu\/#organization","name":"IrgumburgumStudio","url":"https:\/\/irgumburgumstudio.hu\/","logo":{"@type":"ImageObject","inLanguage":"en-US","@id":"https:\/\/irgumburgumstudio.hu\/#\/schema\/logo\/image\/","url":"https:\/\/irgumburgumstudio.hu\/wp-content\/uploads\/2019\/10\/cropped-logoszines-min.png","contentUrl":"https:\/\/irgumburgumstudio.hu\/wp-content\/uploads\/2019\/10\/cropped-logoszines-min.png","width":512,"height":512,"caption":"IrgumburgumStudio"},"image":{"@id":"https:\/\/irgumburgumstudio.hu\/#\/schema\/logo\/image\/"},"sameAs":["https:\/\/www.facebook.com\/profile.php?id=100040055444498"]}]}},"_links":{"self":[{"href":"https:\/\/irgumburgumstudio.hu\/en\/wp-json\/wp\/v2\/product\/4042","targetHints":{"allow":["GET"]}}],"collection":[{"href":"https:\/\/irgumburgumstudio.hu\/en\/wp-json\/wp\/v2\/product"}],"about":[{"href":"https:\/\/irgumburgumstudio.hu\/en\/wp-json\/wp\/v2\/types\/product"}],"replies":[{"embeddable":true,"href":"https:\/\/irgumburgumstudio.hu\/en\/wp-json\/wp\/v2\/comments?post=4042"}],"wp:featuredmedia":[{"embeddable":true,"href":"https:\/\/irgumburgumstudio.hu\/en\/wp-json\/wp\/v2\/media\/5284"}],"wp:attachment":[{"href":"https:\/\/irgumburgumstudio.hu\/en\/wp-json\/wp\/v2\/media?parent=4042"}],"wp:term":[{"taxonomy":"product_brand","embeddable":true,"href":"https:\/\/irgumburgumstudio.hu\/en\/wp-json\/wp\/v2\/product_brand?post=4042"},{"taxonomy":"product_cat","embeddable":true,"href":"https:\/\/irgumburgumstudio.hu\/en\/wp-json\/wp\/v2\/product_cat?post=4042"},{"taxonomy":"product_tag","embeddable":true,"href":"https:\/\/irgumburgumstudio.hu\/en\/wp-json\/wp\/v2\/product_tag?post=4042"}],"curies":[{"name":"wp","href":"https:\/\/api.w.org\/{rel}","templated":true}]}}