{"id":4030,"date":"2020-02-10T06:40:59","date_gmt":"2020-02-10T06:40:59","guid":{"rendered":"https:\/\/irgumburgumstudio.hu\/?post_type=product&#038;p=4030"},"modified":"2025-06-01T07:31:25","modified_gmt":"2025-06-01T07:31:25","slug":"merfoldko-babakartya","status":"publish","type":"product","link":"https:\/\/irgumburgumstudio.hu\/en\/bolt\/merfoldko-kartyaink\/merfoldko-babakartya\/","title":{"rendered":"M\u00c9RF\u00d6LDK\u0150 BABAK\u00c1RTYA"},"content":{"rendered":"","protected":false},"excerpt":{"rendered":"<p>18db-os m\u00e9rf\u00f6lk\u0151k\u00e1rtya csomag.<br \/>\nA k\u00e1rty\u00e1t sz\u00e1nd\u00e9kosan \u00fagy alkottam meg, hogy fi\u00faknak \u00e9s l\u00e1nyoknak is egyar\u00e1nt j\u00f3 lehessen.<br \/>\nAj\u00e1nd\u00e9kba &#8220;gender&#8221;party-ra, vagy olyan p\u00e1rnak, akik csak sz\u00fclet\u00e9skor szeretn\u00e9k megtudni a baba nem\u00e9t, t\u00f6k\u00e9letes v\u00e1laszt\u00e1s lehet.<br \/>\nA k\u00e1rtya m\u00e9rete 15cm X 15cm, \u00edgy j\u00f3l l\u00e1that\u00f3 a f\u00e9nyk\u00e9peken, \u00e9s a legjobb, hogy a k\u00e1rty\u00e1kat az adott f\u00e9nyk\u00e9p mell\u00e9 be is tudj\u00e1tok ragasztani a babaalbumba .<br \/>\nSok-sok gondoskod\u00e1ssal, \u00e9s szeretettel k\u00e9sz\u00fclt!<\/p>","protected":false},"featured_media":5874,"comment_status":"closed","ping_status":"closed","template":"","meta":[],"product_brand":[],"product_cat":[166],"product_tag":[],"class_list":{"0":"post-4030","1":"product","2":"type-product","3":"status-publish","4":"has-post-thumbnail","6":"product_cat-merfoldko-kartyaink","8":"first","9":"outofstock","10":"taxable","11":"shipping-taxable","12":"purchasable","13":"product-type-simple"},"yoast_head":"<!-- This site is optimized with the Yoast SEO plugin v27.6 - https:\/\/yoast.com\/product\/yoast-seo-wordpress\/ -->\n<title>M\u00c9RF\u00d6LDK\u0150 BABAK\u00c1RTYA - IrgumburgumStudio<\/title>\n<meta name=\"description\" content=\"m\u00e9rf\u00f6ldk\u0151 babak\u00e1rty\u00e1k, baba eml\u00e9kk\u00e1rty\u00e1k, baba fejl\u0151d\u00e9si m\u00e9rf\u00f6ldk\u00f6vek, baba fot\u00f3kell\u00e9k k\u00e1rty\u00e1k, \u00fajsz\u00fcl\u00f6tt aj\u00e1nd\u00e9kcsomag, egyedi baba aj\u00e1nd\u00e9k, baba aj\u00e1nd\u00e9k\" \/>\n<meta name=\"robots\" content=\"index, follow, max-snippet:-1, max-image-preview:large, max-video-preview:-1\" \/>\n<link rel=\"canonical\" href=\"https:\/\/irgumburgumstudio.hu\/en\/bolt\/merfoldko-kartyaink\/merfoldko-babakartya\/\" \/>\n<meta property=\"og:locale\" content=\"en_US\" \/>\n<meta property=\"og:type\" content=\"article\" \/>\n<meta property=\"og:title\" content=\"M\u00c9RF\u00d6LDK\u0150 BABAK\u00c1RTYA - IrgumburgumStudio\" \/>\n<meta property=\"og:description\" content=\"m\u00e9rf\u00f6ldk\u0151 babak\u00e1rty\u00e1k, baba eml\u00e9kk\u00e1rty\u00e1k, baba fejl\u0151d\u00e9si m\u00e9rf\u00f6ldk\u00f6vek, baba fot\u00f3kell\u00e9k k\u00e1rty\u00e1k, \u00fajsz\u00fcl\u00f6tt aj\u00e1nd\u00e9kcsomag, egyedi baba aj\u00e1nd\u00e9k, baba aj\u00e1nd\u00e9k\" \/>\n<meta property=\"og:url\" content=\"https:\/\/irgumburgumstudio.hu\/en\/bolt\/merfoldko-kartyaink\/merfoldko-babakartya\/\" \/>\n<meta property=\"og:site_name\" content=\"IrgumburgumStudio\" \/>\n<meta property=\"article:publisher\" content=\"https:\/\/www.facebook.com\/profile.php?id=100040055444498\" \/>\n<meta property=\"article:modified_time\" content=\"2025-06-01T07:31:25+00:00\" \/>\n<meta property=\"og:image\" content=\"https:\/\/irgumburgumstudio.hu\/wp-content\/uploads\/2020\/02\/312131606_1879150242430270_4759895810215712454_n-min.jpeg\" \/>\n\t<meta property=\"og:image:width\" content=\"1500\" \/>\n\t<meta property=\"og:image:height\" content=\"2000\" \/>\n\t<meta property=\"og:image:type\" content=\"image\/jpeg\" \/>\n<meta name=\"twitter:card\" content=\"summary_large_image\" \/>\n<meta name=\"twitter:label1\" content=\"Est. reading time\" \/>\n\t<meta name=\"twitter:data1\" content=\"1 minute\" \/>\n<script type=\"application\/ld+json\" class=\"yoast-schema-graph\">{\"@context\":\"https:\\\/\\\/schema.org\",\"@graph\":[{\"@type\":\"WebPage\",\"@id\":\"https:\\\/\\\/irgumburgumstudio.hu\\\/bolt\\\/merfoldko-kartyaink\\\/merfoldko-babakartya\\\/\",\"url\":\"https:\\\/\\\/irgumburgumstudio.hu\\\/bolt\\\/merfoldko-kartyaink\\\/merfoldko-babakartya\\\/\",\"name\":\"M\u00c9RF\u00d6LDK\u0150 BABAK\u00c1RTYA - IrgumburgumStudio\",\"isPartOf\":{\"@id\":\"https:\\\/\\\/irgumburgumstudio.hu\\\/#website\"},\"primaryImageOfPage\":{\"@id\":\"https:\\\/\\\/irgumburgumstudio.hu\\\/bolt\\\/merfoldko-kartyaink\\\/merfoldko-babakartya\\\/#primaryimage\"},\"image\":{\"@id\":\"https:\\\/\\\/irgumburgumstudio.hu\\\/bolt\\\/merfoldko-kartyaink\\\/merfoldko-babakartya\\\/#primaryimage\"},\"thumbnailUrl\":\"https:\\\/\\\/irgumburgumstudio.hu\\\/wp-content\\\/uploads\\\/2020\\\/02\\\/312131606_1879150242430270_4759895810215712454_n-min.jpeg\",\"datePublished\":\"2020-02-10T06:40:59+00:00\",\"dateModified\":\"2025-06-01T07:31:25+00:00\",\"description\":\"m\u00e9rf\u00f6ldk\u0151 babak\u00e1rty\u00e1k, baba eml\u00e9kk\u00e1rty\u00e1k, baba fejl\u0151d\u00e9si m\u00e9rf\u00f6ldk\u00f6vek, baba fot\u00f3kell\u00e9k k\u00e1rty\u00e1k, \u00fajsz\u00fcl\u00f6tt aj\u00e1nd\u00e9kcsomag, egyedi baba aj\u00e1nd\u00e9k, baba aj\u00e1nd\u00e9k\",\"breadcrumb\":{\"@id\":\"https:\\\/\\\/irgumburgumstudio.hu\\\/bolt\\\/merfoldko-kartyaink\\\/merfoldko-babakartya\\\/#breadcrumb\"},\"inLanguage\":\"en-US\",\"potentialAction\":[{\"@type\":\"ReadAction\",\"target\":[\"https:\\\/\\\/irgumburgumstudio.hu\\\/bolt\\\/merfoldko-kartyaink\\\/merfoldko-babakartya\\\/\"]}]},{\"@type\":\"ImageObject\",\"inLanguage\":\"en-US\",\"@id\":\"https:\\\/\\\/irgumburgumstudio.hu\\\/bolt\\\/merfoldko-kartyaink\\\/merfoldko-babakartya\\\/#primaryimage\",\"url\":\"https:\\\/\\\/irgumburgumstudio.hu\\\/wp-content\\\/uploads\\\/2020\\\/02\\\/312131606_1879150242430270_4759895810215712454_n-min.jpeg\",\"contentUrl\":\"https:\\\/\\\/irgumburgumstudio.hu\\\/wp-content\\\/uploads\\\/2020\\\/02\\\/312131606_1879150242430270_4759895810215712454_n-min.jpeg\",\"width\":1500,\"height\":2000,\"caption\":\"dokument\u00e1ld kisbab\u00e1d fejl\u0151d\u00e9s\u00e9t egyedi eml\u00e9kk\u00e1rty\u00e1kkal\"},{\"@type\":\"BreadcrumbList\",\"@id\":\"https:\\\/\\\/irgumburgumstudio.hu\\\/bolt\\\/merfoldko-kartyaink\\\/merfoldko-babakartya\\\/#breadcrumb\",\"itemListElement\":[{\"@type\":\"ListItem\",\"position\":1,\"name\":\"Home\",\"item\":\"https:\\\/\\\/irgumburgumstudio.hu\\\/\"},{\"@type\":\"ListItem\",\"position\":2,\"name\":\"Bolt\",\"item\":\"https:\\\/\\\/irgumburgumstudio.hu\\\/bolt\\\/\"},{\"@type\":\"ListItem\",\"position\":3,\"name\":\"M\u00c9RF\u00d6LDK\u0150 BABAK\u00c1RTYA\"}]},{\"@type\":\"WebSite\",\"@id\":\"https:\\\/\\\/irgumburgumstudio.hu\\\/#website\",\"url\":\"https:\\\/\\\/irgumburgumstudio.hu\\\/\",\"name\":\"IrgumburgumStudio\",\"description\":\"IrgumburgumStudio - k\u00e9zzel k\u00e9sz\u00edtett egyedi term\u00e9kek.\",\"publisher\":{\"@id\":\"https:\\\/\\\/irgumburgumstudio.hu\\\/#organization\"},\"potentialAction\":[{\"@type\":\"SearchAction\",\"target\":{\"@type\":\"EntryPoint\",\"urlTemplate\":\"https:\\\/\\\/irgumburgumstudio.hu\\\/?s={search_term_string}\"},\"query-input\":{\"@type\":\"PropertyValueSpecification\",\"valueRequired\":true,\"valueName\":\"search_term_string\"}}],\"inLanguage\":\"en-US\"},{\"@type\":\"Organization\",\"@id\":\"https:\\\/\\\/irgumburgumstudio.hu\\\/#organization\",\"name\":\"IrgumburgumStudio\",\"url\":\"https:\\\/\\\/irgumburgumstudio.hu\\\/\",\"logo\":{\"@type\":\"ImageObject\",\"inLanguage\":\"en-US\",\"@id\":\"https:\\\/\\\/irgumburgumstudio.hu\\\/#\\\/schema\\\/logo\\\/image\\\/\",\"url\":\"https:\\\/\\\/irgumburgumstudio.hu\\\/wp-content\\\/uploads\\\/2019\\\/10\\\/cropped-logoszines-min.png\",\"contentUrl\":\"https:\\\/\\\/irgumburgumstudio.hu\\\/wp-content\\\/uploads\\\/2019\\\/10\\\/cropped-logoszines-min.png\",\"width\":512,\"height\":512,\"caption\":\"IrgumburgumStudio\"},\"image\":{\"@id\":\"https:\\\/\\\/irgumburgumstudio.hu\\\/#\\\/schema\\\/logo\\\/image\\\/\"},\"sameAs\":[\"https:\\\/\\\/www.facebook.com\\\/profile.php?id=100040055444498\"]}]}<\/script>\n<!-- \/ Yoast SEO plugin. -->","yoast_head_json":{"title":"M\u00c9RF\u00d6LDK\u0150 BABAK\u00c1RTYA - IrgumburgumStudio","description":"m\u00e9rf\u00f6ldk\u0151 babak\u00e1rty\u00e1k, baba eml\u00e9kk\u00e1rty\u00e1k, baba fejl\u0151d\u00e9si m\u00e9rf\u00f6ldk\u00f6vek, baba fot\u00f3kell\u00e9k k\u00e1rty\u00e1k, \u00fajsz\u00fcl\u00f6tt aj\u00e1nd\u00e9kcsomag, egyedi baba aj\u00e1nd\u00e9k, baba aj\u00e1nd\u00e9k","robots":{"index":"index","follow":"follow","max-snippet":"max-snippet:-1","max-image-preview":"max-image-preview:large","max-video-preview":"max-video-preview:-1"},"canonical":"https:\/\/irgumburgumstudio.hu\/en\/bolt\/merfoldko-kartyaink\/merfoldko-babakartya\/","og_locale":"en_US","og_type":"article","og_title":"M\u00c9RF\u00d6LDK\u0150 BABAK\u00c1RTYA - IrgumburgumStudio","og_description":"m\u00e9rf\u00f6ldk\u0151 babak\u00e1rty\u00e1k, baba eml\u00e9kk\u00e1rty\u00e1k, baba fejl\u0151d\u00e9si m\u00e9rf\u00f6ldk\u00f6vek, baba fot\u00f3kell\u00e9k k\u00e1rty\u00e1k, \u00fajsz\u00fcl\u00f6tt aj\u00e1nd\u00e9kcsomag, egyedi baba aj\u00e1nd\u00e9k, baba aj\u00e1nd\u00e9k","og_url":"https:\/\/irgumburgumstudio.hu\/en\/bolt\/merfoldko-kartyaink\/merfoldko-babakartya\/","og_site_name":"IrgumburgumStudio","article_publisher":"https:\/\/www.facebook.com\/profile.php?id=100040055444498","article_modified_time":"2025-06-01T07:31:25+00:00","og_image":[{"width":1500,"height":2000,"url":"https:\/\/irgumburgumstudio.hu\/wp-content\/uploads\/2020\/02\/312131606_1879150242430270_4759895810215712454_n-min.jpeg","type":"image\/jpeg"}],"twitter_card":"summary_large_image","twitter_misc":{"Est. reading time":"1 minute"},"schema":{"@context":"https:\/\/schema.org","@graph":[{"@type":"WebPage","@id":"https:\/\/irgumburgumstudio.hu\/bolt\/merfoldko-kartyaink\/merfoldko-babakartya\/","url":"https:\/\/irgumburgumstudio.hu\/bolt\/merfoldko-kartyaink\/merfoldko-babakartya\/","name":"M\u00c9RF\u00d6LDK\u0150 BABAK\u00c1RTYA - IrgumburgumStudio","isPartOf":{"@id":"https:\/\/irgumburgumstudio.hu\/#website"},"primaryImageOfPage":{"@id":"https:\/\/irgumburgumstudio.hu\/bolt\/merfoldko-kartyaink\/merfoldko-babakartya\/#primaryimage"},"image":{"@id":"https:\/\/irgumburgumstudio.hu\/bolt\/merfoldko-kartyaink\/merfoldko-babakartya\/#primaryimage"},"thumbnailUrl":"https:\/\/irgumburgumstudio.hu\/wp-content\/uploads\/2020\/02\/312131606_1879150242430270_4759895810215712454_n-min.jpeg","datePublished":"2020-02-10T06:40:59+00:00","dateModified":"2025-06-01T07:31:25+00:00","description":"m\u00e9rf\u00f6ldk\u0151 babak\u00e1rty\u00e1k, baba eml\u00e9kk\u00e1rty\u00e1k, baba fejl\u0151d\u00e9si m\u00e9rf\u00f6ldk\u00f6vek, baba fot\u00f3kell\u00e9k k\u00e1rty\u00e1k, \u00fajsz\u00fcl\u00f6tt aj\u00e1nd\u00e9kcsomag, egyedi baba aj\u00e1nd\u00e9k, baba aj\u00e1nd\u00e9k","breadcrumb":{"@id":"https:\/\/irgumburgumstudio.hu\/bolt\/merfoldko-kartyaink\/merfoldko-babakartya\/#breadcrumb"},"inLanguage":"en-US","potentialAction":[{"@type":"ReadAction","target":["https:\/\/irgumburgumstudio.hu\/bolt\/merfoldko-kartyaink\/merfoldko-babakartya\/"]}]},{"@type":"ImageObject","inLanguage":"en-US","@id":"https:\/\/irgumburgumstudio.hu\/bolt\/merfoldko-kartyaink\/merfoldko-babakartya\/#primaryimage","url":"https:\/\/irgumburgumstudio.hu\/wp-content\/uploads\/2020\/02\/312131606_1879150242430270_4759895810215712454_n-min.jpeg","contentUrl":"https:\/\/irgumburgumstudio.hu\/wp-content\/uploads\/2020\/02\/312131606_1879150242430270_4759895810215712454_n-min.jpeg","width":1500,"height":2000,"caption":"dokument\u00e1ld kisbab\u00e1d fejl\u0151d\u00e9s\u00e9t egyedi eml\u00e9kk\u00e1rty\u00e1kkal"},{"@type":"BreadcrumbList","@id":"https:\/\/irgumburgumstudio.hu\/bolt\/merfoldko-kartyaink\/merfoldko-babakartya\/#breadcrumb","itemListElement":[{"@type":"ListItem","position":1,"name":"Home","item":"https:\/\/irgumburgumstudio.hu\/"},{"@type":"ListItem","position":2,"name":"Bolt","item":"https:\/\/irgumburgumstudio.hu\/bolt\/"},{"@type":"ListItem","position":3,"name":"M\u00c9RF\u00d6LDK\u0150 BABAK\u00c1RTYA"}]},{"@type":"WebSite","@id":"https:\/\/irgumburgumstudio.hu\/#website","url":"https:\/\/irgumburgumstudio.hu\/","name":"IrgumburgumStudio","description":"IrgumburgumStudio - k\u00e9zzel k\u00e9sz\u00edtett egyedi term\u00e9kek.","publisher":{"@id":"https:\/\/irgumburgumstudio.hu\/#organization"},"potentialAction":[{"@type":"SearchAction","target":{"@type":"EntryPoint","urlTemplate":"https:\/\/irgumburgumstudio.hu\/?s={search_term_string}"},"query-input":{"@type":"PropertyValueSpecification","valueRequired":true,"valueName":"search_term_string"}}],"inLanguage":"en-US"},{"@type":"Organization","@id":"https:\/\/irgumburgumstudio.hu\/#organization","name":"IrgumburgumStudio","url":"https:\/\/irgumburgumstudio.hu\/","logo":{"@type":"ImageObject","inLanguage":"en-US","@id":"https:\/\/irgumburgumstudio.hu\/#\/schema\/logo\/image\/","url":"https:\/\/irgumburgumstudio.hu\/wp-content\/uploads\/2019\/10\/cropped-logoszines-min.png","contentUrl":"https:\/\/irgumburgumstudio.hu\/wp-content\/uploads\/2019\/10\/cropped-logoszines-min.png","width":512,"height":512,"caption":"IrgumburgumStudio"},"image":{"@id":"https:\/\/irgumburgumstudio.hu\/#\/schema\/logo\/image\/"},"sameAs":["https:\/\/www.facebook.com\/profile.php?id=100040055444498"]}]}},"_links":{"self":[{"href":"https:\/\/irgumburgumstudio.hu\/en\/wp-json\/wp\/v2\/product\/4030","targetHints":{"allow":["GET"]}}],"collection":[{"href":"https:\/\/irgumburgumstudio.hu\/en\/wp-json\/wp\/v2\/product"}],"about":[{"href":"https:\/\/irgumburgumstudio.hu\/en\/wp-json\/wp\/v2\/types\/product"}],"replies":[{"embeddable":true,"href":"https:\/\/irgumburgumstudio.hu\/en\/wp-json\/wp\/v2\/comments?post=4030"}],"wp:featuredmedia":[{"embeddable":true,"href":"https:\/\/irgumburgumstudio.hu\/en\/wp-json\/wp\/v2\/media\/5874"}],"wp:attachment":[{"href":"https:\/\/irgumburgumstudio.hu\/en\/wp-json\/wp\/v2\/media?parent=4030"}],"wp:term":[{"taxonomy":"product_brand","embeddable":true,"href":"https:\/\/irgumburgumstudio.hu\/en\/wp-json\/wp\/v2\/product_brand?post=4030"},{"taxonomy":"product_cat","embeddable":true,"href":"https:\/\/irgumburgumstudio.hu\/en\/wp-json\/wp\/v2\/product_cat?post=4030"},{"taxonomy":"product_tag","embeddable":true,"href":"https:\/\/irgumburgumstudio.hu\/en\/wp-json\/wp\/v2\/product_tag?post=4030"}],"curies":[{"name":"wp","href":"https:\/\/api.w.org\/{rel}","templated":true}]}}