{"id":3821,"date":"2019-11-13T15:40:39","date_gmt":"2019-11-13T15:40:39","guid":{"rendered":"https:\/\/irgumburgumstudio.hu\/?post_type=product&#038;p=3821"},"modified":"2025-06-01T07:30:44","modified_gmt":"2025-06-01T07:30:44","slug":"nevtabla","status":"publish","type":"product","link":"https:\/\/irgumburgumstudio.hu\/en\/bolt\/egyedi-megrendelesek\/nevtabla\/","title":{"rendered":"EGYEDI N\u00c9VT\u00c1BLA A GYEREKSZOB\u00c1BA"},"content":{"rendered":"","protected":false},"excerpt":{"rendered":"<p>Egyedi n\u00e9vt\u00e1bl\u00e1k, szerelmes neves k\u00e9pek. Ak\u00e1r saj\u00e1t elk\u00e9pzel\u00e9s alapj\u00e1n egy kedvenc sz\u00f3 koszor\u00faba fonva.<br \/>\nEmailben v\u00e1rom az elk\u00e9pzel\u00e9sedet.<br \/>\nA Te p\u00e9ld\u00e1nyod soha senki m\u00e1s\u00e9 nem lesz. Az az egyetlen egy fog k\u00e9sz\u00fclni bel\u0151le, amit Te megkapsz t\u0151lem egy let\u00f6lthet\u0151 form\u00e1tumban. Ez ut\u00e1n \u00e9n elir\u00e1ny\u00edtalak arra a helyre, ahol a legeslegszebb form\u00e1ban ki tudj\u00e1k nyomtatni\u00a0 neked az \u00e1ltalam k\u00e9sz\u00edtett k\u00e9pet!<br \/>\nSzeretettel v\u00e1rom a kis \u00f6tleteiteket! \ud83d\ude42<\/p>","protected":false},"featured_media":3684,"comment_status":"closed","ping_status":"closed","template":"","meta":[],"product_brand":[],"product_cat":[147],"product_tag":[],"class_list":{"0":"post-3821","1":"product","2":"type-product","3":"status-publish","4":"has-post-thumbnail","6":"product_cat-egyedi-megrendelesek","8":"first","9":"outofstock","10":"downloadable","11":"virtual","12":"taxable","13":"purchasable","14":"product-type-simple"},"yoast_head":"<!-- This site is optimized with the Yoast SEO plugin v27.4 - https:\/\/yoast.com\/product\/yoast-seo-wordpress\/ -->\n<title>EGYEDI N\u00c9VT\u00c1BLA A GYEREKSZOB\u00c1BA - IrgumburgumStudio<\/title>\n<meta name=\"robots\" content=\"index, follow, max-snippet:-1, max-image-preview:large, max-video-preview:-1\" \/>\n<link rel=\"canonical\" href=\"https:\/\/irgumburgumstudio.hu\/en\/bolt\/egyedi-megrendelesek\/nevtabla\/\" \/>\n<meta property=\"og:locale\" content=\"en_US\" \/>\n<meta property=\"og:type\" content=\"article\" \/>\n<meta property=\"og:title\" content=\"EGYEDI N\u00c9VT\u00c1BLA A GYEREKSZOB\u00c1BA - IrgumburgumStudio\" \/>\n<meta property=\"og:description\" content=\"Egyedi n\u00e9vt\u00e1bl\u00e1k, szerelmes neves k\u00e9pek. Ak\u00e1r saj\u00e1t elk\u00e9pzel\u00e9s alapj\u00e1n egy kedvenc sz\u00f3 koszor\u00faba fonva. Emailben v\u00e1rom az elk\u00e9pzel\u00e9sedet. A Te p\u00e9ld\u00e1nyod soha senki m\u00e1s\u00e9 nem lesz. Az az egyetlen egy fog k\u00e9sz\u00fclni bel\u0151le, amit Te megkapsz t\u0151lem egy let\u00f6lthet\u0151 form\u00e1tumban. Ez ut\u00e1n \u00e9n elir\u00e1ny\u00edtalak arra a helyre, ahol a legeslegszebb form\u00e1ban ki tudj\u00e1k nyomtatni\u00a0 neked az \u00e1ltalam k\u00e9sz\u00edtett k\u00e9pet! Szeretettel v\u00e1rom a kis \u00f6tleteiteket! :)\" \/>\n<meta property=\"og:url\" content=\"https:\/\/irgumburgumstudio.hu\/en\/bolt\/egyedi-megrendelesek\/nevtabla\/\" \/>\n<meta property=\"og:site_name\" content=\"IrgumburgumStudio\" \/>\n<meta property=\"article:publisher\" content=\"https:\/\/www.facebook.com\/profile.php?id=100040055444498\" \/>\n<meta property=\"article:modified_time\" content=\"2025-06-01T07:30:44+00:00\" \/>\n<meta property=\"og:image\" content=\"https:\/\/irgumburgumstudio.hu\/wp-content\/uploads\/2019\/10\/IMG_20191004_100024_198-min.jpg\" \/>\n\t<meta property=\"og:image:width\" content=\"1080\" \/>\n\t<meta property=\"og:image:height\" content=\"1040\" \/>\n\t<meta property=\"og:image:type\" content=\"image\/jpeg\" \/>\n<meta name=\"twitter:card\" content=\"summary_large_image\" \/>\n<script type=\"application\/ld+json\" class=\"yoast-schema-graph\">{\"@context\":\"https:\\\/\\\/schema.org\",\"@graph\":[{\"@type\":\"WebPage\",\"@id\":\"https:\\\/\\\/irgumburgumstudio.hu\\\/bolt\\\/egyedi-megrendelesek\\\/nevtabla\\\/\",\"url\":\"https:\\\/\\\/irgumburgumstudio.hu\\\/bolt\\\/egyedi-megrendelesek\\\/nevtabla\\\/\",\"name\":\"EGYEDI N\u00c9VT\u00c1BLA A GYEREKSZOB\u00c1BA - IrgumburgumStudio\",\"isPartOf\":{\"@id\":\"https:\\\/\\\/irgumburgumstudio.hu\\\/#website\"},\"primaryImageOfPage\":{\"@id\":\"https:\\\/\\\/irgumburgumstudio.hu\\\/bolt\\\/egyedi-megrendelesek\\\/nevtabla\\\/#primaryimage\"},\"image\":{\"@id\":\"https:\\\/\\\/irgumburgumstudio.hu\\\/bolt\\\/egyedi-megrendelesek\\\/nevtabla\\\/#primaryimage\"},\"thumbnailUrl\":\"https:\\\/\\\/irgumburgumstudio.hu\\\/wp-content\\\/uploads\\\/2019\\\/10\\\/IMG_20191004_100024_198-min.jpg\",\"datePublished\":\"2019-11-13T15:40:39+00:00\",\"dateModified\":\"2025-06-01T07:30:44+00:00\",\"breadcrumb\":{\"@id\":\"https:\\\/\\\/irgumburgumstudio.hu\\\/bolt\\\/egyedi-megrendelesek\\\/nevtabla\\\/#breadcrumb\"},\"inLanguage\":\"en-US\",\"potentialAction\":[{\"@type\":\"ReadAction\",\"target\":[\"https:\\\/\\\/irgumburgumstudio.hu\\\/bolt\\\/egyedi-megrendelesek\\\/nevtabla\\\/\"]}]},{\"@type\":\"ImageObject\",\"inLanguage\":\"en-US\",\"@id\":\"https:\\\/\\\/irgumburgumstudio.hu\\\/bolt\\\/egyedi-megrendelesek\\\/nevtabla\\\/#primaryimage\",\"url\":\"https:\\\/\\\/irgumburgumstudio.hu\\\/wp-content\\\/uploads\\\/2019\\\/10\\\/IMG_20191004_100024_198-min.jpg\",\"contentUrl\":\"https:\\\/\\\/irgumburgumstudio.hu\\\/wp-content\\\/uploads\\\/2019\\\/10\\\/IMG_20191004_100024_198-min.jpg\",\"width\":1080,\"height\":1040},{\"@type\":\"BreadcrumbList\",\"@id\":\"https:\\\/\\\/irgumburgumstudio.hu\\\/bolt\\\/egyedi-megrendelesek\\\/nevtabla\\\/#breadcrumb\",\"itemListElement\":[{\"@type\":\"ListItem\",\"position\":1,\"name\":\"Home\",\"item\":\"https:\\\/\\\/irgumburgumstudio.hu\\\/\"},{\"@type\":\"ListItem\",\"position\":2,\"name\":\"Bolt\",\"item\":\"https:\\\/\\\/irgumburgumstudio.hu\\\/bolt\\\/\"},{\"@type\":\"ListItem\",\"position\":3,\"name\":\"EGYEDI N\u00c9VT\u00c1BLA A GYEREKSZOB\u00c1BA\"}]},{\"@type\":\"WebSite\",\"@id\":\"https:\\\/\\\/irgumburgumstudio.hu\\\/#website\",\"url\":\"https:\\\/\\\/irgumburgumstudio.hu\\\/\",\"name\":\"IrgumburgumStudio\",\"description\":\"IrgumburgumStudio - k\u00e9zzel k\u00e9sz\u00edtett egyedi term\u00e9kek.\",\"publisher\":{\"@id\":\"https:\\\/\\\/irgumburgumstudio.hu\\\/#organization\"},\"potentialAction\":[{\"@type\":\"SearchAction\",\"target\":{\"@type\":\"EntryPoint\",\"urlTemplate\":\"https:\\\/\\\/irgumburgumstudio.hu\\\/?s={search_term_string}\"},\"query-input\":{\"@type\":\"PropertyValueSpecification\",\"valueRequired\":true,\"valueName\":\"search_term_string\"}}],\"inLanguage\":\"en-US\"},{\"@type\":\"Organization\",\"@id\":\"https:\\\/\\\/irgumburgumstudio.hu\\\/#organization\",\"name\":\"IrgumburgumStudio\",\"url\":\"https:\\\/\\\/irgumburgumstudio.hu\\\/\",\"logo\":{\"@type\":\"ImageObject\",\"inLanguage\":\"en-US\",\"@id\":\"https:\\\/\\\/irgumburgumstudio.hu\\\/#\\\/schema\\\/logo\\\/image\\\/\",\"url\":\"https:\\\/\\\/irgumburgumstudio.hu\\\/wp-content\\\/uploads\\\/2019\\\/10\\\/cropped-logoszines-min.png\",\"contentUrl\":\"https:\\\/\\\/irgumburgumstudio.hu\\\/wp-content\\\/uploads\\\/2019\\\/10\\\/cropped-logoszines-min.png\",\"width\":512,\"height\":512,\"caption\":\"IrgumburgumStudio\"},\"image\":{\"@id\":\"https:\\\/\\\/irgumburgumstudio.hu\\\/#\\\/schema\\\/logo\\\/image\\\/\"},\"sameAs\":[\"https:\\\/\\\/www.facebook.com\\\/profile.php?id=100040055444498\"]}]}<\/script>\n<!-- \/ Yoast SEO plugin. -->","yoast_head_json":{"title":"EGYEDI N\u00c9VT\u00c1BLA A GYEREKSZOB\u00c1BA - IrgumburgumStudio","robots":{"index":"index","follow":"follow","max-snippet":"max-snippet:-1","max-image-preview":"max-image-preview:large","max-video-preview":"max-video-preview:-1"},"canonical":"https:\/\/irgumburgumstudio.hu\/en\/bolt\/egyedi-megrendelesek\/nevtabla\/","og_locale":"en_US","og_type":"article","og_title":"EGYEDI N\u00c9VT\u00c1BLA A GYEREKSZOB\u00c1BA - IrgumburgumStudio","og_description":"Egyedi n\u00e9vt\u00e1bl\u00e1k, szerelmes neves k\u00e9pek. Ak\u00e1r saj\u00e1t elk\u00e9pzel\u00e9s alapj\u00e1n egy kedvenc sz\u00f3 koszor\u00faba fonva. Emailben v\u00e1rom az elk\u00e9pzel\u00e9sedet. A Te p\u00e9ld\u00e1nyod soha senki m\u00e1s\u00e9 nem lesz. Az az egyetlen egy fog k\u00e9sz\u00fclni bel\u0151le, amit Te megkapsz t\u0151lem egy let\u00f6lthet\u0151 form\u00e1tumban. Ez ut\u00e1n \u00e9n elir\u00e1ny\u00edtalak arra a helyre, ahol a legeslegszebb form\u00e1ban ki tudj\u00e1k nyomtatni\u00a0 neked az \u00e1ltalam k\u00e9sz\u00edtett k\u00e9pet! Szeretettel v\u00e1rom a kis \u00f6tleteiteket! :)","og_url":"https:\/\/irgumburgumstudio.hu\/en\/bolt\/egyedi-megrendelesek\/nevtabla\/","og_site_name":"IrgumburgumStudio","article_publisher":"https:\/\/www.facebook.com\/profile.php?id=100040055444498","article_modified_time":"2025-06-01T07:30:44+00:00","og_image":[{"width":1080,"height":1040,"url":"https:\/\/irgumburgumstudio.hu\/wp-content\/uploads\/2019\/10\/IMG_20191004_100024_198-min.jpg","type":"image\/jpeg"}],"twitter_card":"summary_large_image","schema":{"@context":"https:\/\/schema.org","@graph":[{"@type":"WebPage","@id":"https:\/\/irgumburgumstudio.hu\/bolt\/egyedi-megrendelesek\/nevtabla\/","url":"https:\/\/irgumburgumstudio.hu\/bolt\/egyedi-megrendelesek\/nevtabla\/","name":"EGYEDI N\u00c9VT\u00c1BLA A GYEREKSZOB\u00c1BA - IrgumburgumStudio","isPartOf":{"@id":"https:\/\/irgumburgumstudio.hu\/#website"},"primaryImageOfPage":{"@id":"https:\/\/irgumburgumstudio.hu\/bolt\/egyedi-megrendelesek\/nevtabla\/#primaryimage"},"image":{"@id":"https:\/\/irgumburgumstudio.hu\/bolt\/egyedi-megrendelesek\/nevtabla\/#primaryimage"},"thumbnailUrl":"https:\/\/irgumburgumstudio.hu\/wp-content\/uploads\/2019\/10\/IMG_20191004_100024_198-min.jpg","datePublished":"2019-11-13T15:40:39+00:00","dateModified":"2025-06-01T07:30:44+00:00","breadcrumb":{"@id":"https:\/\/irgumburgumstudio.hu\/bolt\/egyedi-megrendelesek\/nevtabla\/#breadcrumb"},"inLanguage":"en-US","potentialAction":[{"@type":"ReadAction","target":["https:\/\/irgumburgumstudio.hu\/bolt\/egyedi-megrendelesek\/nevtabla\/"]}]},{"@type":"ImageObject","inLanguage":"en-US","@id":"https:\/\/irgumburgumstudio.hu\/bolt\/egyedi-megrendelesek\/nevtabla\/#primaryimage","url":"https:\/\/irgumburgumstudio.hu\/wp-content\/uploads\/2019\/10\/IMG_20191004_100024_198-min.jpg","contentUrl":"https:\/\/irgumburgumstudio.hu\/wp-content\/uploads\/2019\/10\/IMG_20191004_100024_198-min.jpg","width":1080,"height":1040},{"@type":"BreadcrumbList","@id":"https:\/\/irgumburgumstudio.hu\/bolt\/egyedi-megrendelesek\/nevtabla\/#breadcrumb","itemListElement":[{"@type":"ListItem","position":1,"name":"Home","item":"https:\/\/irgumburgumstudio.hu\/"},{"@type":"ListItem","position":2,"name":"Bolt","item":"https:\/\/irgumburgumstudio.hu\/bolt\/"},{"@type":"ListItem","position":3,"name":"EGYEDI N\u00c9VT\u00c1BLA A GYEREKSZOB\u00c1BA"}]},{"@type":"WebSite","@id":"https:\/\/irgumburgumstudio.hu\/#website","url":"https:\/\/irgumburgumstudio.hu\/","name":"IrgumburgumStudio","description":"IrgumburgumStudio - k\u00e9zzel k\u00e9sz\u00edtett egyedi term\u00e9kek.","publisher":{"@id":"https:\/\/irgumburgumstudio.hu\/#organization"},"potentialAction":[{"@type":"SearchAction","target":{"@type":"EntryPoint","urlTemplate":"https:\/\/irgumburgumstudio.hu\/?s={search_term_string}"},"query-input":{"@type":"PropertyValueSpecification","valueRequired":true,"valueName":"search_term_string"}}],"inLanguage":"en-US"},{"@type":"Organization","@id":"https:\/\/irgumburgumstudio.hu\/#organization","name":"IrgumburgumStudio","url":"https:\/\/irgumburgumstudio.hu\/","logo":{"@type":"ImageObject","inLanguage":"en-US","@id":"https:\/\/irgumburgumstudio.hu\/#\/schema\/logo\/image\/","url":"https:\/\/irgumburgumstudio.hu\/wp-content\/uploads\/2019\/10\/cropped-logoszines-min.png","contentUrl":"https:\/\/irgumburgumstudio.hu\/wp-content\/uploads\/2019\/10\/cropped-logoszines-min.png","width":512,"height":512,"caption":"IrgumburgumStudio"},"image":{"@id":"https:\/\/irgumburgumstudio.hu\/#\/schema\/logo\/image\/"},"sameAs":["https:\/\/www.facebook.com\/profile.php?id=100040055444498"]}]}},"_links":{"self":[{"href":"https:\/\/irgumburgumstudio.hu\/en\/wp-json\/wp\/v2\/product\/3821","targetHints":{"allow":["GET"]}}],"collection":[{"href":"https:\/\/irgumburgumstudio.hu\/en\/wp-json\/wp\/v2\/product"}],"about":[{"href":"https:\/\/irgumburgumstudio.hu\/en\/wp-json\/wp\/v2\/types\/product"}],"replies":[{"embeddable":true,"href":"https:\/\/irgumburgumstudio.hu\/en\/wp-json\/wp\/v2\/comments?post=3821"}],"wp:featuredmedia":[{"embeddable":true,"href":"https:\/\/irgumburgumstudio.hu\/en\/wp-json\/wp\/v2\/media\/3684"}],"wp:attachment":[{"href":"https:\/\/irgumburgumstudio.hu\/en\/wp-json\/wp\/v2\/media?parent=3821"}],"wp:term":[{"taxonomy":"product_brand","embeddable":true,"href":"https:\/\/irgumburgumstudio.hu\/en\/wp-json\/wp\/v2\/product_brand?post=3821"},{"taxonomy":"product_cat","embeddable":true,"href":"https:\/\/irgumburgumstudio.hu\/en\/wp-json\/wp\/v2\/product_cat?post=3821"},{"taxonomy":"product_tag","embeddable":true,"href":"https:\/\/irgumburgumstudio.hu\/en\/wp-json\/wp\/v2\/product_tag?post=3821"}],"curies":[{"name":"wp","href":"https:\/\/api.w.org\/{rel}","templated":true}]}}