{"id":3797,"date":"2019-11-12T19:32:50","date_gmt":"2019-11-12T19:32:50","guid":{"rendered":"https:\/\/irgumburgumstudio.hu\/?post_type=product&#038;p=3797"},"modified":"2025-06-01T07:30:56","modified_gmt":"2025-06-01T07:30:56","slug":"csaladi-portre","status":"publish","type":"product","link":"https:\/\/irgumburgumstudio.hu\/en\/bolt\/egyedi-megrendelesek\/csaladi-portre\/","title":{"rendered":"CSAL\u00c1DI PORTR\u00c9"},"content":{"rendered":"<p>Ezt a term\u00e9ked digit\u00e1lis form\u00e1tumban kapod &#8220;k\u00e9zhez&#8221;.<\/p>","protected":false},"excerpt":{"rendered":"<p>A csal\u00e1di port\u00e9hoz nagyj\u00e1b\u00f3l egy, de ink\u00e1bb t\u00f6bb konzult\u00e1ci\u00f3ra mindenk\u00e9pp sz\u00fcks\u00e9g\u00fcnk lesz. Nagyon szeretem, ha kapok r\u00f3latok f\u00e9nyk\u00e9peket. Ha sz\u00ednvil\u00e1gban van elk\u00e9pzel\u00e9setek azt is b\u00e1tran mondj\u00e1tok, \u00e9s \u00c9n minden er\u0151mmel \u00e9s szeretetemmel azon leszek, hogy elk\u00e9sz\u00edtsem nektek azt, ami \u00f6r\u00f6kre sz\u00f3l. Ami egy \u00f6r\u00f6k eml\u00e9k marad, \u00e9s ami az otthonotokat m\u00e9g otthonosabb\u00e1 teszi, m\u00e9g szem\u00e9lyesebb\u00e9.<\/p>\n<p>Az \u00e1r a k\u00e9pkeretet nem tartalmazza, \u00e9s kiz\u00e1r\u00f3lag A4-es csal\u00e1di\/szerelmes portr\u00e9ra vonatkozik.<br \/>\nAzzal sz\u00e1molnod kell, hogy ha t\u0151lem rendelsz csal\u00e1di portr\u00e9t, akkor azt csak \u00e9s kiz\u00e1r\u00f3lag a saj\u00e1t st\u00edlusomban tudom elk\u00e9sz\u00edteni neked. \ud83d\ude42<\/p>\n<p><em><strong>Elk\u00e9sz\u00fcl\u00e9si id\u0151 nagyj\u00e1b\u00f3l 3 h\u00e9t \ud83d\ude42<\/strong><\/em><\/p>","protected":false},"featured_media":6064,"comment_status":"closed","ping_status":"closed","template":"","meta":[],"product_brand":[],"product_cat":[147],"product_tag":[],"class_list":{"0":"post-3797","1":"product","2":"type-product","3":"status-publish","4":"has-post-thumbnail","6":"product_cat-egyedi-megrendelesek","8":"first","9":"outofstock","10":"downloadable","11":"virtual","12":"taxable","13":"purchasable","14":"product-type-simple"},"yoast_head":"<!-- This site is optimized with the Yoast SEO plugin v27.4 - https:\/\/yoast.com\/product\/yoast-seo-wordpress\/ -->\n<title>CSAL\u00c1DI PORTR\u00c9 - IrgumburgumStudio<\/title>\n<meta name=\"robots\" content=\"index, follow, max-snippet:-1, max-image-preview:large, max-video-preview:-1\" \/>\n<link rel=\"canonical\" href=\"https:\/\/irgumburgumstudio.hu\/en\/bolt\/egyedi-megrendelesek\/csaladi-portre\/\" \/>\n<meta property=\"og:locale\" content=\"en_US\" \/>\n<meta property=\"og:type\" content=\"article\" \/>\n<meta property=\"og:title\" content=\"CSAL\u00c1DI PORTR\u00c9 - IrgumburgumStudio\" \/>\n<meta property=\"og:description\" content=\"A csal\u00e1di port\u00e9hoz nagyj\u00e1b\u00f3l egy, de ink\u00e1bb t\u00f6bb konzult\u00e1ci\u00f3ra mindenk\u00e9pp sz\u00fcks\u00e9g\u00fcnk lesz. Nagyon szeretem, ha kapok r\u00f3latok f\u00e9nyk\u00e9peket. Ha sz\u00ednvil\u00e1gban van elk\u00e9pzel\u00e9setek azt is b\u00e1tran mondj\u00e1tok, \u00e9s \u00c9n minden er\u0151mmel \u00e9s szeretetemmel azon leszek, hogy elk\u00e9sz\u00edtsem nektek azt, ami \u00f6r\u00f6kre sz\u00f3l. Ami egy \u00f6r\u00f6k eml\u00e9k marad, \u00e9s ami az otthonotokat m\u00e9g otthonosabb\u00e1 teszi, m\u00e9g szem\u00e9lyesebb\u00e9.  Az \u00e1r a k\u00e9pkeretet nem tartalmazza, \u00e9s kiz\u00e1r\u00f3lag A4-es csal\u00e1di\/szerelmes portr\u00e9ra vonatkozik. Azzal sz\u00e1molnod kell, hogy ha t\u0151lem rendelsz csal\u00e1di portr\u00e9t, akkor azt csak \u00e9s kiz\u00e1r\u00f3lag a saj\u00e1t st\u00edlusomban tudom elk\u00e9sz\u00edteni neked. :)  Elk\u00e9sz\u00fcl\u00e9si id\u0151 nagyj\u00e1b\u00f3l 3 h\u00e9t :)\" \/>\n<meta property=\"og:url\" content=\"https:\/\/irgumburgumstudio.hu\/en\/bolt\/egyedi-megrendelesek\/csaladi-portre\/\" \/>\n<meta property=\"og:site_name\" content=\"IrgumburgumStudio\" \/>\n<meta property=\"article:publisher\" content=\"https:\/\/www.facebook.com\/profile.php?id=100040055444498\" \/>\n<meta property=\"article:modified_time\" content=\"2025-06-01T07:30:56+00:00\" \/>\n<meta property=\"og:image\" content=\"https:\/\/irgumburgumstudio.hu\/wp-content\/uploads\/2019\/11\/DE098AE6-CF75-4FE4-805B-2A228D1E301D-min.jpeg\" \/>\n\t<meta property=\"og:image:width\" content=\"1440\" \/>\n\t<meta property=\"og:image:height\" content=\"1440\" \/>\n\t<meta property=\"og:image:type\" content=\"image\/jpeg\" \/>\n<meta name=\"twitter:card\" content=\"summary_large_image\" \/>\n<meta name=\"twitter:label1\" content=\"Est. reading time\" \/>\n\t<meta name=\"twitter:data1\" content=\"1 minute\" \/>\n<script type=\"application\/ld+json\" class=\"yoast-schema-graph\">{\"@context\":\"https:\\\/\\\/schema.org\",\"@graph\":[{\"@type\":\"WebPage\",\"@id\":\"https:\\\/\\\/irgumburgumstudio.hu\\\/bolt\\\/egyedi-megrendelesek\\\/csaladi-portre\\\/\",\"url\":\"https:\\\/\\\/irgumburgumstudio.hu\\\/bolt\\\/egyedi-megrendelesek\\\/csaladi-portre\\\/\",\"name\":\"CSAL\u00c1DI PORTR\u00c9 - IrgumburgumStudio\",\"isPartOf\":{\"@id\":\"https:\\\/\\\/irgumburgumstudio.hu\\\/#website\"},\"primaryImageOfPage\":{\"@id\":\"https:\\\/\\\/irgumburgumstudio.hu\\\/bolt\\\/egyedi-megrendelesek\\\/csaladi-portre\\\/#primaryimage\"},\"image\":{\"@id\":\"https:\\\/\\\/irgumburgumstudio.hu\\\/bolt\\\/egyedi-megrendelesek\\\/csaladi-portre\\\/#primaryimage\"},\"thumbnailUrl\":\"https:\\\/\\\/irgumburgumstudio.hu\\\/wp-content\\\/uploads\\\/2019\\\/11\\\/DE098AE6-CF75-4FE4-805B-2A228D1E301D-min.jpeg\",\"datePublished\":\"2019-11-12T19:32:50+00:00\",\"dateModified\":\"2025-06-01T07:30:56+00:00\",\"breadcrumb\":{\"@id\":\"https:\\\/\\\/irgumburgumstudio.hu\\\/bolt\\\/egyedi-megrendelesek\\\/csaladi-portre\\\/#breadcrumb\"},\"inLanguage\":\"en-US\",\"potentialAction\":[{\"@type\":\"ReadAction\",\"target\":[\"https:\\\/\\\/irgumburgumstudio.hu\\\/bolt\\\/egyedi-megrendelesek\\\/csaladi-portre\\\/\"]}]},{\"@type\":\"ImageObject\",\"inLanguage\":\"en-US\",\"@id\":\"https:\\\/\\\/irgumburgumstudio.hu\\\/bolt\\\/egyedi-megrendelesek\\\/csaladi-portre\\\/#primaryimage\",\"url\":\"https:\\\/\\\/irgumburgumstudio.hu\\\/wp-content\\\/uploads\\\/2019\\\/11\\\/DE098AE6-CF75-4FE4-805B-2A228D1E301D-min.jpeg\",\"contentUrl\":\"https:\\\/\\\/irgumburgumstudio.hu\\\/wp-content\\\/uploads\\\/2019\\\/11\\\/DE098AE6-CF75-4FE4-805B-2A228D1E301D-min.jpeg\",\"width\":1440,\"height\":1440},{\"@type\":\"BreadcrumbList\",\"@id\":\"https:\\\/\\\/irgumburgumstudio.hu\\\/bolt\\\/egyedi-megrendelesek\\\/csaladi-portre\\\/#breadcrumb\",\"itemListElement\":[{\"@type\":\"ListItem\",\"position\":1,\"name\":\"Home\",\"item\":\"https:\\\/\\\/irgumburgumstudio.hu\\\/\"},{\"@type\":\"ListItem\",\"position\":2,\"name\":\"Bolt\",\"item\":\"https:\\\/\\\/irgumburgumstudio.hu\\\/bolt\\\/\"},{\"@type\":\"ListItem\",\"position\":3,\"name\":\"CSAL\u00c1DI PORTR\u00c9\"}]},{\"@type\":\"WebSite\",\"@id\":\"https:\\\/\\\/irgumburgumstudio.hu\\\/#website\",\"url\":\"https:\\\/\\\/irgumburgumstudio.hu\\\/\",\"name\":\"IrgumburgumStudio\",\"description\":\"IrgumburgumStudio - k\u00e9zzel k\u00e9sz\u00edtett egyedi term\u00e9kek.\",\"publisher\":{\"@id\":\"https:\\\/\\\/irgumburgumstudio.hu\\\/#organization\"},\"potentialAction\":[{\"@type\":\"SearchAction\",\"target\":{\"@type\":\"EntryPoint\",\"urlTemplate\":\"https:\\\/\\\/irgumburgumstudio.hu\\\/?s={search_term_string}\"},\"query-input\":{\"@type\":\"PropertyValueSpecification\",\"valueRequired\":true,\"valueName\":\"search_term_string\"}}],\"inLanguage\":\"en-US\"},{\"@type\":\"Organization\",\"@id\":\"https:\\\/\\\/irgumburgumstudio.hu\\\/#organization\",\"name\":\"IrgumburgumStudio\",\"url\":\"https:\\\/\\\/irgumburgumstudio.hu\\\/\",\"logo\":{\"@type\":\"ImageObject\",\"inLanguage\":\"en-US\",\"@id\":\"https:\\\/\\\/irgumburgumstudio.hu\\\/#\\\/schema\\\/logo\\\/image\\\/\",\"url\":\"https:\\\/\\\/irgumburgumstudio.hu\\\/wp-content\\\/uploads\\\/2019\\\/10\\\/cropped-logoszines-min.png\",\"contentUrl\":\"https:\\\/\\\/irgumburgumstudio.hu\\\/wp-content\\\/uploads\\\/2019\\\/10\\\/cropped-logoszines-min.png\",\"width\":512,\"height\":512,\"caption\":\"IrgumburgumStudio\"},\"image\":{\"@id\":\"https:\\\/\\\/irgumburgumstudio.hu\\\/#\\\/schema\\\/logo\\\/image\\\/\"},\"sameAs\":[\"https:\\\/\\\/www.facebook.com\\\/profile.php?id=100040055444498\"]}]}<\/script>\n<!-- \/ Yoast SEO plugin. -->","yoast_head_json":{"title":"CSAL\u00c1DI PORTR\u00c9 - IrgumburgumStudio","robots":{"index":"index","follow":"follow","max-snippet":"max-snippet:-1","max-image-preview":"max-image-preview:large","max-video-preview":"max-video-preview:-1"},"canonical":"https:\/\/irgumburgumstudio.hu\/en\/bolt\/egyedi-megrendelesek\/csaladi-portre\/","og_locale":"en_US","og_type":"article","og_title":"CSAL\u00c1DI PORTR\u00c9 - IrgumburgumStudio","og_description":"A csal\u00e1di port\u00e9hoz nagyj\u00e1b\u00f3l egy, de ink\u00e1bb t\u00f6bb konzult\u00e1ci\u00f3ra mindenk\u00e9pp sz\u00fcks\u00e9g\u00fcnk lesz. Nagyon szeretem, ha kapok r\u00f3latok f\u00e9nyk\u00e9peket. Ha sz\u00ednvil\u00e1gban van elk\u00e9pzel\u00e9setek azt is b\u00e1tran mondj\u00e1tok, \u00e9s \u00c9n minden er\u0151mmel \u00e9s szeretetemmel azon leszek, hogy elk\u00e9sz\u00edtsem nektek azt, ami \u00f6r\u00f6kre sz\u00f3l. Ami egy \u00f6r\u00f6k eml\u00e9k marad, \u00e9s ami az otthonotokat m\u00e9g otthonosabb\u00e1 teszi, m\u00e9g szem\u00e9lyesebb\u00e9.  Az \u00e1r a k\u00e9pkeretet nem tartalmazza, \u00e9s kiz\u00e1r\u00f3lag A4-es csal\u00e1di\/szerelmes portr\u00e9ra vonatkozik. Azzal sz\u00e1molnod kell, hogy ha t\u0151lem rendelsz csal\u00e1di portr\u00e9t, akkor azt csak \u00e9s kiz\u00e1r\u00f3lag a saj\u00e1t st\u00edlusomban tudom elk\u00e9sz\u00edteni neked. :)  Elk\u00e9sz\u00fcl\u00e9si id\u0151 nagyj\u00e1b\u00f3l 3 h\u00e9t :)","og_url":"https:\/\/irgumburgumstudio.hu\/en\/bolt\/egyedi-megrendelesek\/csaladi-portre\/","og_site_name":"IrgumburgumStudio","article_publisher":"https:\/\/www.facebook.com\/profile.php?id=100040055444498","article_modified_time":"2025-06-01T07:30:56+00:00","og_image":[{"width":1440,"height":1440,"url":"https:\/\/irgumburgumstudio.hu\/wp-content\/uploads\/2019\/11\/DE098AE6-CF75-4FE4-805B-2A228D1E301D-min.jpeg","type":"image\/jpeg"}],"twitter_card":"summary_large_image","twitter_misc":{"Est. reading time":"1 minute"},"schema":{"@context":"https:\/\/schema.org","@graph":[{"@type":"WebPage","@id":"https:\/\/irgumburgumstudio.hu\/bolt\/egyedi-megrendelesek\/csaladi-portre\/","url":"https:\/\/irgumburgumstudio.hu\/bolt\/egyedi-megrendelesek\/csaladi-portre\/","name":"CSAL\u00c1DI PORTR\u00c9 - IrgumburgumStudio","isPartOf":{"@id":"https:\/\/irgumburgumstudio.hu\/#website"},"primaryImageOfPage":{"@id":"https:\/\/irgumburgumstudio.hu\/bolt\/egyedi-megrendelesek\/csaladi-portre\/#primaryimage"},"image":{"@id":"https:\/\/irgumburgumstudio.hu\/bolt\/egyedi-megrendelesek\/csaladi-portre\/#primaryimage"},"thumbnailUrl":"https:\/\/irgumburgumstudio.hu\/wp-content\/uploads\/2019\/11\/DE098AE6-CF75-4FE4-805B-2A228D1E301D-min.jpeg","datePublished":"2019-11-12T19:32:50+00:00","dateModified":"2025-06-01T07:30:56+00:00","breadcrumb":{"@id":"https:\/\/irgumburgumstudio.hu\/bolt\/egyedi-megrendelesek\/csaladi-portre\/#breadcrumb"},"inLanguage":"en-US","potentialAction":[{"@type":"ReadAction","target":["https:\/\/irgumburgumstudio.hu\/bolt\/egyedi-megrendelesek\/csaladi-portre\/"]}]},{"@type":"ImageObject","inLanguage":"en-US","@id":"https:\/\/irgumburgumstudio.hu\/bolt\/egyedi-megrendelesek\/csaladi-portre\/#primaryimage","url":"https:\/\/irgumburgumstudio.hu\/wp-content\/uploads\/2019\/11\/DE098AE6-CF75-4FE4-805B-2A228D1E301D-min.jpeg","contentUrl":"https:\/\/irgumburgumstudio.hu\/wp-content\/uploads\/2019\/11\/DE098AE6-CF75-4FE4-805B-2A228D1E301D-min.jpeg","width":1440,"height":1440},{"@type":"BreadcrumbList","@id":"https:\/\/irgumburgumstudio.hu\/bolt\/egyedi-megrendelesek\/csaladi-portre\/#breadcrumb","itemListElement":[{"@type":"ListItem","position":1,"name":"Home","item":"https:\/\/irgumburgumstudio.hu\/"},{"@type":"ListItem","position":2,"name":"Bolt","item":"https:\/\/irgumburgumstudio.hu\/bolt\/"},{"@type":"ListItem","position":3,"name":"CSAL\u00c1DI PORTR\u00c9"}]},{"@type":"WebSite","@id":"https:\/\/irgumburgumstudio.hu\/#website","url":"https:\/\/irgumburgumstudio.hu\/","name":"IrgumburgumStudio","description":"IrgumburgumStudio - k\u00e9zzel k\u00e9sz\u00edtett egyedi term\u00e9kek.","publisher":{"@id":"https:\/\/irgumburgumstudio.hu\/#organization"},"potentialAction":[{"@type":"SearchAction","target":{"@type":"EntryPoint","urlTemplate":"https:\/\/irgumburgumstudio.hu\/?s={search_term_string}"},"query-input":{"@type":"PropertyValueSpecification","valueRequired":true,"valueName":"search_term_string"}}],"inLanguage":"en-US"},{"@type":"Organization","@id":"https:\/\/irgumburgumstudio.hu\/#organization","name":"IrgumburgumStudio","url":"https:\/\/irgumburgumstudio.hu\/","logo":{"@type":"ImageObject","inLanguage":"en-US","@id":"https:\/\/irgumburgumstudio.hu\/#\/schema\/logo\/image\/","url":"https:\/\/irgumburgumstudio.hu\/wp-content\/uploads\/2019\/10\/cropped-logoszines-min.png","contentUrl":"https:\/\/irgumburgumstudio.hu\/wp-content\/uploads\/2019\/10\/cropped-logoszines-min.png","width":512,"height":512,"caption":"IrgumburgumStudio"},"image":{"@id":"https:\/\/irgumburgumstudio.hu\/#\/schema\/logo\/image\/"},"sameAs":["https:\/\/www.facebook.com\/profile.php?id=100040055444498"]}]}},"_links":{"self":[{"href":"https:\/\/irgumburgumstudio.hu\/en\/wp-json\/wp\/v2\/product\/3797","targetHints":{"allow":["GET"]}}],"collection":[{"href":"https:\/\/irgumburgumstudio.hu\/en\/wp-json\/wp\/v2\/product"}],"about":[{"href":"https:\/\/irgumburgumstudio.hu\/en\/wp-json\/wp\/v2\/types\/product"}],"replies":[{"embeddable":true,"href":"https:\/\/irgumburgumstudio.hu\/en\/wp-json\/wp\/v2\/comments?post=3797"}],"wp:featuredmedia":[{"embeddable":true,"href":"https:\/\/irgumburgumstudio.hu\/en\/wp-json\/wp\/v2\/media\/6064"}],"wp:attachment":[{"href":"https:\/\/irgumburgumstudio.hu\/en\/wp-json\/wp\/v2\/media?parent=3797"}],"wp:term":[{"taxonomy":"product_brand","embeddable":true,"href":"https:\/\/irgumburgumstudio.hu\/en\/wp-json\/wp\/v2\/product_brand?post=3797"},{"taxonomy":"product_cat","embeddable":true,"href":"https:\/\/irgumburgumstudio.hu\/en\/wp-json\/wp\/v2\/product_cat?post=3797"},{"taxonomy":"product_tag","embeddable":true,"href":"https:\/\/irgumburgumstudio.hu\/en\/wp-json\/wp\/v2\/product_tag?post=3797"}],"curies":[{"name":"wp","href":"https:\/\/api.w.org\/{rel}","templated":true}]}}