{"id":3382,"date":"2019-10-11T19:15:00","date_gmt":"2019-10-11T19:15:00","guid":{"rendered":"https:\/\/www.irgumburgumstudio.hu\/?post_type=product&#038;p=3382"},"modified":"2022-11-10T21:09:01","modified_gmt":"2022-11-10T21:09:01","slug":"montessori-memoriajatek-fabol","status":"publish","type":"product","link":"https:\/\/irgumburgumstudio.hu\/en\/bolt\/termeszetes-jatekok\/montessori-memoriajatek-fabol\/","title":{"rendered":"MONTESSORI MEM\u00d3RIAJ\u00c1T\u00c9K F\u00c1B\u00d3L"},"content":{"rendered":"","protected":false},"excerpt":{"rendered":"<p>28db-os k\u00e9zzel festett, egyedi, term\u00e9szetes mem\u00f3riaj\u00e1t\u00e9k f\u00e1b\u00f3l. A k\u00e9pen l\u00e1that\u00f3 kis szatyorban kapod magadhoz, ami azont\u00fal a j\u00e1t\u00e9k kis &#8220;szatyra&#8221; lesz.<br \/>\nEgyetlen egy k\u00e9sz\u00fclt bel\u0151le.<\/p>\n<p>&nbsp;<\/p>","protected":false},"featured_media":3596,"comment_status":"closed","ping_status":"closed","template":"","meta":[],"product_brand":[],"product_cat":[58],"product_tag":[],"class_list":{"0":"post-3382","1":"product","2":"type-product","3":"status-publish","4":"has-post-thumbnail","6":"product_cat-termeszetes-jatekok","8":"first","9":"outofstock","10":"taxable","11":"shipping-taxable","12":"purchasable","13":"product-type-simple"},"yoast_head":"<!-- This site is optimized with the Yoast SEO plugin v27.4 - https:\/\/yoast.com\/product\/yoast-seo-wordpress\/ -->\n<title>MONTESSORI MEM\u00d3RIAJ\u00c1T\u00c9K F\u00c1B\u00d3L - IrgumburgumStudio<\/title>\n<meta name=\"robots\" content=\"index, follow, max-snippet:-1, max-image-preview:large, max-video-preview:-1\" \/>\n<link rel=\"canonical\" href=\"https:\/\/irgumburgumstudio.hu\/en\/bolt\/termeszetes-jatekok\/montessori-memoriajatek-fabol\/\" \/>\n<meta property=\"og:locale\" content=\"en_US\" \/>\n<meta property=\"og:type\" content=\"article\" \/>\n<meta property=\"og:title\" content=\"MONTESSORI MEM\u00d3RIAJ\u00c1T\u00c9K F\u00c1B\u00d3L - IrgumburgumStudio\" \/>\n<meta property=\"og:description\" content=\"28db-os k\u00e9zzel festett, egyedi, term\u00e9szetes mem\u00f3riaj\u00e1t\u00e9k f\u00e1b\u00f3l. A k\u00e9pen l\u00e1that\u00f3 kis szatyorban kapod magadhoz, ami azont\u00fal a j\u00e1t\u00e9k kis &quot;szatyra&quot; lesz. Egyetlen egy k\u00e9sz\u00fclt bel\u0151le.  &nbsp;\" \/>\n<meta property=\"og:url\" content=\"https:\/\/irgumburgumstudio.hu\/en\/bolt\/termeszetes-jatekok\/montessori-memoriajatek-fabol\/\" \/>\n<meta property=\"og:site_name\" content=\"IrgumburgumStudio\" \/>\n<meta property=\"article:publisher\" content=\"https:\/\/www.facebook.com\/profile.php?id=100040055444498\" \/>\n<meta property=\"article:modified_time\" content=\"2022-11-10T21:09:01+00:00\" \/>\n<meta property=\"og:image\" content=\"https:\/\/irgumburgumstudio.hu\/wp-content\/uploads\/2019\/10\/IMG_20190805_095810_125.jpg\" \/>\n\t<meta property=\"og:image:width\" content=\"1080\" \/>\n\t<meta property=\"og:image:height\" content=\"1122\" \/>\n\t<meta property=\"og:image:type\" content=\"image\/jpeg\" \/>\n<meta name=\"twitter:card\" content=\"summary_large_image\" \/>\n<script type=\"application\/ld+json\" class=\"yoast-schema-graph\">{\"@context\":\"https:\\\/\\\/schema.org\",\"@graph\":[{\"@type\":\"WebPage\",\"@id\":\"https:\\\/\\\/irgumburgumstudio.hu\\\/bolt\\\/termeszetes-jatekok\\\/montessori-memoriajatek-fabol\\\/\",\"url\":\"https:\\\/\\\/irgumburgumstudio.hu\\\/bolt\\\/termeszetes-jatekok\\\/montessori-memoriajatek-fabol\\\/\",\"name\":\"MONTESSORI MEM\u00d3RIAJ\u00c1T\u00c9K F\u00c1B\u00d3L - IrgumburgumStudio\",\"isPartOf\":{\"@id\":\"https:\\\/\\\/irgumburgumstudio.hu\\\/#website\"},\"primaryImageOfPage\":{\"@id\":\"https:\\\/\\\/irgumburgumstudio.hu\\\/bolt\\\/termeszetes-jatekok\\\/montessori-memoriajatek-fabol\\\/#primaryimage\"},\"image\":{\"@id\":\"https:\\\/\\\/irgumburgumstudio.hu\\\/bolt\\\/termeszetes-jatekok\\\/montessori-memoriajatek-fabol\\\/#primaryimage\"},\"thumbnailUrl\":\"https:\\\/\\\/irgumburgumstudio.hu\\\/wp-content\\\/uploads\\\/2019\\\/10\\\/IMG_20190805_095810_125.jpg\",\"datePublished\":\"2019-10-11T19:15:00+00:00\",\"dateModified\":\"2022-11-10T21:09:01+00:00\",\"breadcrumb\":{\"@id\":\"https:\\\/\\\/irgumburgumstudio.hu\\\/bolt\\\/termeszetes-jatekok\\\/montessori-memoriajatek-fabol\\\/#breadcrumb\"},\"inLanguage\":\"en-US\",\"potentialAction\":[{\"@type\":\"ReadAction\",\"target\":[\"https:\\\/\\\/irgumburgumstudio.hu\\\/bolt\\\/termeszetes-jatekok\\\/montessori-memoriajatek-fabol\\\/\"]}]},{\"@type\":\"ImageObject\",\"inLanguage\":\"en-US\",\"@id\":\"https:\\\/\\\/irgumburgumstudio.hu\\\/bolt\\\/termeszetes-jatekok\\\/montessori-memoriajatek-fabol\\\/#primaryimage\",\"url\":\"https:\\\/\\\/irgumburgumstudio.hu\\\/wp-content\\\/uploads\\\/2019\\\/10\\\/IMG_20190805_095810_125.jpg\",\"contentUrl\":\"https:\\\/\\\/irgumburgumstudio.hu\\\/wp-content\\\/uploads\\\/2019\\\/10\\\/IMG_20190805_095810_125.jpg\",\"width\":1080,\"height\":1122},{\"@type\":\"BreadcrumbList\",\"@id\":\"https:\\\/\\\/irgumburgumstudio.hu\\\/bolt\\\/termeszetes-jatekok\\\/montessori-memoriajatek-fabol\\\/#breadcrumb\",\"itemListElement\":[{\"@type\":\"ListItem\",\"position\":1,\"name\":\"Home\",\"item\":\"https:\\\/\\\/irgumburgumstudio.hu\\\/\"},{\"@type\":\"ListItem\",\"position\":2,\"name\":\"Bolt\",\"item\":\"https:\\\/\\\/irgumburgumstudio.hu\\\/bolt\\\/\"},{\"@type\":\"ListItem\",\"position\":3,\"name\":\"MONTESSORI MEM\u00d3RIAJ\u00c1T\u00c9K F\u00c1B\u00d3L\"}]},{\"@type\":\"WebSite\",\"@id\":\"https:\\\/\\\/irgumburgumstudio.hu\\\/#website\",\"url\":\"https:\\\/\\\/irgumburgumstudio.hu\\\/\",\"name\":\"IrgumburgumStudio\",\"description\":\"IrgumburgumStudio - k\u00e9zzel k\u00e9sz\u00edtett egyedi term\u00e9kek.\",\"publisher\":{\"@id\":\"https:\\\/\\\/irgumburgumstudio.hu\\\/#organization\"},\"potentialAction\":[{\"@type\":\"SearchAction\",\"target\":{\"@type\":\"EntryPoint\",\"urlTemplate\":\"https:\\\/\\\/irgumburgumstudio.hu\\\/?s={search_term_string}\"},\"query-input\":{\"@type\":\"PropertyValueSpecification\",\"valueRequired\":true,\"valueName\":\"search_term_string\"}}],\"inLanguage\":\"en-US\"},{\"@type\":\"Organization\",\"@id\":\"https:\\\/\\\/irgumburgumstudio.hu\\\/#organization\",\"name\":\"IrgumburgumStudio\",\"url\":\"https:\\\/\\\/irgumburgumstudio.hu\\\/\",\"logo\":{\"@type\":\"ImageObject\",\"inLanguage\":\"en-US\",\"@id\":\"https:\\\/\\\/irgumburgumstudio.hu\\\/#\\\/schema\\\/logo\\\/image\\\/\",\"url\":\"https:\\\/\\\/irgumburgumstudio.hu\\\/wp-content\\\/uploads\\\/2019\\\/10\\\/cropped-logoszines-min.png\",\"contentUrl\":\"https:\\\/\\\/irgumburgumstudio.hu\\\/wp-content\\\/uploads\\\/2019\\\/10\\\/cropped-logoszines-min.png\",\"width\":512,\"height\":512,\"caption\":\"IrgumburgumStudio\"},\"image\":{\"@id\":\"https:\\\/\\\/irgumburgumstudio.hu\\\/#\\\/schema\\\/logo\\\/image\\\/\"},\"sameAs\":[\"https:\\\/\\\/www.facebook.com\\\/profile.php?id=100040055444498\"]}]}<\/script>\n<!-- \/ Yoast SEO plugin. -->","yoast_head_json":{"title":"MONTESSORI MEM\u00d3RIAJ\u00c1T\u00c9K F\u00c1B\u00d3L - IrgumburgumStudio","robots":{"index":"index","follow":"follow","max-snippet":"max-snippet:-1","max-image-preview":"max-image-preview:large","max-video-preview":"max-video-preview:-1"},"canonical":"https:\/\/irgumburgumstudio.hu\/en\/bolt\/termeszetes-jatekok\/montessori-memoriajatek-fabol\/","og_locale":"en_US","og_type":"article","og_title":"MONTESSORI MEM\u00d3RIAJ\u00c1T\u00c9K F\u00c1B\u00d3L - IrgumburgumStudio","og_description":"28db-os k\u00e9zzel festett, egyedi, term\u00e9szetes mem\u00f3riaj\u00e1t\u00e9k f\u00e1b\u00f3l. A k\u00e9pen l\u00e1that\u00f3 kis szatyorban kapod magadhoz, ami azont\u00fal a j\u00e1t\u00e9k kis \"szatyra\" lesz. Egyetlen egy k\u00e9sz\u00fclt bel\u0151le.  &nbsp;","og_url":"https:\/\/irgumburgumstudio.hu\/en\/bolt\/termeszetes-jatekok\/montessori-memoriajatek-fabol\/","og_site_name":"IrgumburgumStudio","article_publisher":"https:\/\/www.facebook.com\/profile.php?id=100040055444498","article_modified_time":"2022-11-10T21:09:01+00:00","og_image":[{"width":1080,"height":1122,"url":"https:\/\/irgumburgumstudio.hu\/wp-content\/uploads\/2019\/10\/IMG_20190805_095810_125.jpg","type":"image\/jpeg"}],"twitter_card":"summary_large_image","schema":{"@context":"https:\/\/schema.org","@graph":[{"@type":"WebPage","@id":"https:\/\/irgumburgumstudio.hu\/bolt\/termeszetes-jatekok\/montessori-memoriajatek-fabol\/","url":"https:\/\/irgumburgumstudio.hu\/bolt\/termeszetes-jatekok\/montessori-memoriajatek-fabol\/","name":"MONTESSORI MEM\u00d3RIAJ\u00c1T\u00c9K F\u00c1B\u00d3L - IrgumburgumStudio","isPartOf":{"@id":"https:\/\/irgumburgumstudio.hu\/#website"},"primaryImageOfPage":{"@id":"https:\/\/irgumburgumstudio.hu\/bolt\/termeszetes-jatekok\/montessori-memoriajatek-fabol\/#primaryimage"},"image":{"@id":"https:\/\/irgumburgumstudio.hu\/bolt\/termeszetes-jatekok\/montessori-memoriajatek-fabol\/#primaryimage"},"thumbnailUrl":"https:\/\/irgumburgumstudio.hu\/wp-content\/uploads\/2019\/10\/IMG_20190805_095810_125.jpg","datePublished":"2019-10-11T19:15:00+00:00","dateModified":"2022-11-10T21:09:01+00:00","breadcrumb":{"@id":"https:\/\/irgumburgumstudio.hu\/bolt\/termeszetes-jatekok\/montessori-memoriajatek-fabol\/#breadcrumb"},"inLanguage":"en-US","potentialAction":[{"@type":"ReadAction","target":["https:\/\/irgumburgumstudio.hu\/bolt\/termeszetes-jatekok\/montessori-memoriajatek-fabol\/"]}]},{"@type":"ImageObject","inLanguage":"en-US","@id":"https:\/\/irgumburgumstudio.hu\/bolt\/termeszetes-jatekok\/montessori-memoriajatek-fabol\/#primaryimage","url":"https:\/\/irgumburgumstudio.hu\/wp-content\/uploads\/2019\/10\/IMG_20190805_095810_125.jpg","contentUrl":"https:\/\/irgumburgumstudio.hu\/wp-content\/uploads\/2019\/10\/IMG_20190805_095810_125.jpg","width":1080,"height":1122},{"@type":"BreadcrumbList","@id":"https:\/\/irgumburgumstudio.hu\/bolt\/termeszetes-jatekok\/montessori-memoriajatek-fabol\/#breadcrumb","itemListElement":[{"@type":"ListItem","position":1,"name":"Home","item":"https:\/\/irgumburgumstudio.hu\/"},{"@type":"ListItem","position":2,"name":"Bolt","item":"https:\/\/irgumburgumstudio.hu\/bolt\/"},{"@type":"ListItem","position":3,"name":"MONTESSORI MEM\u00d3RIAJ\u00c1T\u00c9K F\u00c1B\u00d3L"}]},{"@type":"WebSite","@id":"https:\/\/irgumburgumstudio.hu\/#website","url":"https:\/\/irgumburgumstudio.hu\/","name":"IrgumburgumStudio","description":"IrgumburgumStudio - k\u00e9zzel k\u00e9sz\u00edtett egyedi term\u00e9kek.","publisher":{"@id":"https:\/\/irgumburgumstudio.hu\/#organization"},"potentialAction":[{"@type":"SearchAction","target":{"@type":"EntryPoint","urlTemplate":"https:\/\/irgumburgumstudio.hu\/?s={search_term_string}"},"query-input":{"@type":"PropertyValueSpecification","valueRequired":true,"valueName":"search_term_string"}}],"inLanguage":"en-US"},{"@type":"Organization","@id":"https:\/\/irgumburgumstudio.hu\/#organization","name":"IrgumburgumStudio","url":"https:\/\/irgumburgumstudio.hu\/","logo":{"@type":"ImageObject","inLanguage":"en-US","@id":"https:\/\/irgumburgumstudio.hu\/#\/schema\/logo\/image\/","url":"https:\/\/irgumburgumstudio.hu\/wp-content\/uploads\/2019\/10\/cropped-logoszines-min.png","contentUrl":"https:\/\/irgumburgumstudio.hu\/wp-content\/uploads\/2019\/10\/cropped-logoszines-min.png","width":512,"height":512,"caption":"IrgumburgumStudio"},"image":{"@id":"https:\/\/irgumburgumstudio.hu\/#\/schema\/logo\/image\/"},"sameAs":["https:\/\/www.facebook.com\/profile.php?id=100040055444498"]}]}},"_links":{"self":[{"href":"https:\/\/irgumburgumstudio.hu\/en\/wp-json\/wp\/v2\/product\/3382","targetHints":{"allow":["GET"]}}],"collection":[{"href":"https:\/\/irgumburgumstudio.hu\/en\/wp-json\/wp\/v2\/product"}],"about":[{"href":"https:\/\/irgumburgumstudio.hu\/en\/wp-json\/wp\/v2\/types\/product"}],"replies":[{"embeddable":true,"href":"https:\/\/irgumburgumstudio.hu\/en\/wp-json\/wp\/v2\/comments?post=3382"}],"wp:featuredmedia":[{"embeddable":true,"href":"https:\/\/irgumburgumstudio.hu\/en\/wp-json\/wp\/v2\/media\/3596"}],"wp:attachment":[{"href":"https:\/\/irgumburgumstudio.hu\/en\/wp-json\/wp\/v2\/media?parent=3382"}],"wp:term":[{"taxonomy":"product_brand","embeddable":true,"href":"https:\/\/irgumburgumstudio.hu\/en\/wp-json\/wp\/v2\/product_brand?post=3382"},{"taxonomy":"product_cat","embeddable":true,"href":"https:\/\/irgumburgumstudio.hu\/en\/wp-json\/wp\/v2\/product_cat?post=3382"},{"taxonomy":"product_tag","embeddable":true,"href":"https:\/\/irgumburgumstudio.hu\/en\/wp-json\/wp\/v2\/product_tag?post=3382"}],"curies":[{"name":"wp","href":"https:\/\/api.w.org\/{rel}","templated":true}]}}