{"id":3324,"date":"2019-10-11T16:52:11","date_gmt":"2019-10-11T16:52:11","guid":{"rendered":"https:\/\/www.irgumburgumstudio.hu\/?post_type=product&#038;p=3324"},"modified":"2022-08-16T12:19:16","modified_gmt":"2022-08-16T12:19:16","slug":"vilagterkep-gyerekszobaba","status":"publish","type":"product","link":"https:\/\/irgumburgumstudio.hu\/en\/bolt\/illusztraciok\/vilagterkep-gyerekszobaba\/","title":{"rendered":"VIL\u00c1GT\u00c9RK\u00c9P FALI K\u00c9P"},"content":{"rendered":"","protected":false},"excerpt":{"rendered":"<p>&#8220;Az\u00e9rt vagyunk a Vil\u00e1gon, hogy valahol otthon legy\u00fcnk benne..&#8221;<br \/>\nTam\u00e1si \u00c1ron<\/p>\n<p>A nyomat limit\u00e1lt p\u00e9ld\u00e1nysz\u00e1mban el\u00e9rhet\u0151.<br \/>\nK\u00e9sz\u00edtette: W\u00e9ber Dana<br \/>\nK\u00e9p m\u00e9rete: A4<br \/>\nPap\u00edr vastags\u00e1ga: 200g<\/p>","protected":false},"featured_media":3630,"comment_status":"closed","ping_status":"closed","template":"","meta":[],"product_brand":[],"product_cat":[57],"product_tag":[],"class_list":{"0":"post-3324","1":"product","2":"type-product","3":"status-publish","4":"has-post-thumbnail","6":"product_cat-illusztraciok","8":"first","9":"outofstock","10":"taxable","11":"shipping-taxable","12":"purchasable","13":"product-type-simple"},"yoast_head":"<!-- This site is optimized with the Yoast SEO plugin v27.4 - https:\/\/yoast.com\/product\/yoast-seo-wordpress\/ -->\n<title>VIL\u00c1GT\u00c9RK\u00c9P FALI K\u00c9P - IrgumburgumStudio<\/title>\n<meta name=\"robots\" content=\"index, follow, max-snippet:-1, max-image-preview:large, max-video-preview:-1\" \/>\n<link rel=\"canonical\" href=\"https:\/\/irgumburgumstudio.hu\/en\/bolt\/illusztraciok\/vilagterkep-gyerekszobaba\/\" \/>\n<meta property=\"og:locale\" content=\"en_US\" \/>\n<meta property=\"og:type\" content=\"article\" \/>\n<meta property=\"og:title\" content=\"VIL\u00c1GT\u00c9RK\u00c9P FALI K\u00c9P - IrgumburgumStudio\" \/>\n<meta property=\"og:description\" content=\"&quot;Az\u00e9rt vagyunk a Vil\u00e1gon, hogy valahol otthon legy\u00fcnk benne..&quot; Tam\u00e1si \u00c1ron  A nyomat limit\u00e1lt p\u00e9ld\u00e1nysz\u00e1mban el\u00e9rhet\u0151. K\u00e9sz\u00edtette: W\u00e9ber Dana K\u00e9p m\u00e9rete: A4 Pap\u00edr vastags\u00e1ga: 200g\" \/>\n<meta property=\"og:url\" content=\"https:\/\/irgumburgumstudio.hu\/en\/bolt\/illusztraciok\/vilagterkep-gyerekszobaba\/\" \/>\n<meta property=\"og:site_name\" content=\"IrgumburgumStudio\" \/>\n<meta property=\"article:publisher\" content=\"https:\/\/www.facebook.com\/profile.php?id=100040055444498\" \/>\n<meta property=\"article:modified_time\" content=\"2022-08-16T12:19:16+00:00\" \/>\n<meta property=\"og:image\" content=\"https:\/\/irgumburgumstudio.hu\/wp-content\/uploads\/2019\/10\/IMG_20190508_181242_193-1-min.jpg\" \/>\n\t<meta property=\"og:image:width\" content=\"1080\" \/>\n\t<meta property=\"og:image:height\" content=\"810\" \/>\n\t<meta property=\"og:image:type\" content=\"image\/jpeg\" \/>\n<meta name=\"twitter:card\" content=\"summary_large_image\" \/>\n<script type=\"application\/ld+json\" class=\"yoast-schema-graph\">{\"@context\":\"https:\\\/\\\/schema.org\",\"@graph\":[{\"@type\":\"WebPage\",\"@id\":\"https:\\\/\\\/irgumburgumstudio.hu\\\/bolt\\\/illusztraciok\\\/vilagterkep-gyerekszobaba\\\/\",\"url\":\"https:\\\/\\\/irgumburgumstudio.hu\\\/bolt\\\/illusztraciok\\\/vilagterkep-gyerekszobaba\\\/\",\"name\":\"VIL\u00c1GT\u00c9RK\u00c9P FALI K\u00c9P - IrgumburgumStudio\",\"isPartOf\":{\"@id\":\"https:\\\/\\\/irgumburgumstudio.hu\\\/#website\"},\"primaryImageOfPage\":{\"@id\":\"https:\\\/\\\/irgumburgumstudio.hu\\\/bolt\\\/illusztraciok\\\/vilagterkep-gyerekszobaba\\\/#primaryimage\"},\"image\":{\"@id\":\"https:\\\/\\\/irgumburgumstudio.hu\\\/bolt\\\/illusztraciok\\\/vilagterkep-gyerekszobaba\\\/#primaryimage\"},\"thumbnailUrl\":\"https:\\\/\\\/irgumburgumstudio.hu\\\/wp-content\\\/uploads\\\/2019\\\/10\\\/IMG_20190508_181242_193-1-min.jpg\",\"datePublished\":\"2019-10-11T16:52:11+00:00\",\"dateModified\":\"2022-08-16T12:19:16+00:00\",\"breadcrumb\":{\"@id\":\"https:\\\/\\\/irgumburgumstudio.hu\\\/bolt\\\/illusztraciok\\\/vilagterkep-gyerekszobaba\\\/#breadcrumb\"},\"inLanguage\":\"en-US\",\"potentialAction\":[{\"@type\":\"ReadAction\",\"target\":[\"https:\\\/\\\/irgumburgumstudio.hu\\\/bolt\\\/illusztraciok\\\/vilagterkep-gyerekszobaba\\\/\"]}]},{\"@type\":\"ImageObject\",\"inLanguage\":\"en-US\",\"@id\":\"https:\\\/\\\/irgumburgumstudio.hu\\\/bolt\\\/illusztraciok\\\/vilagterkep-gyerekszobaba\\\/#primaryimage\",\"url\":\"https:\\\/\\\/irgumburgumstudio.hu\\\/wp-content\\\/uploads\\\/2019\\\/10\\\/IMG_20190508_181242_193-1-min.jpg\",\"contentUrl\":\"https:\\\/\\\/irgumburgumstudio.hu\\\/wp-content\\\/uploads\\\/2019\\\/10\\\/IMG_20190508_181242_193-1-min.jpg\",\"width\":1080,\"height\":810},{\"@type\":\"BreadcrumbList\",\"@id\":\"https:\\\/\\\/irgumburgumstudio.hu\\\/bolt\\\/illusztraciok\\\/vilagterkep-gyerekszobaba\\\/#breadcrumb\",\"itemListElement\":[{\"@type\":\"ListItem\",\"position\":1,\"name\":\"Home\",\"item\":\"https:\\\/\\\/irgumburgumstudio.hu\\\/\"},{\"@type\":\"ListItem\",\"position\":2,\"name\":\"Bolt\",\"item\":\"https:\\\/\\\/irgumburgumstudio.hu\\\/bolt\\\/\"},{\"@type\":\"ListItem\",\"position\":3,\"name\":\"VIL\u00c1GT\u00c9RK\u00c9P FALI K\u00c9P\"}]},{\"@type\":\"WebSite\",\"@id\":\"https:\\\/\\\/irgumburgumstudio.hu\\\/#website\",\"url\":\"https:\\\/\\\/irgumburgumstudio.hu\\\/\",\"name\":\"IrgumburgumStudio\",\"description\":\"IrgumburgumStudio - k\u00e9zzel k\u00e9sz\u00edtett egyedi term\u00e9kek.\",\"publisher\":{\"@id\":\"https:\\\/\\\/irgumburgumstudio.hu\\\/#organization\"},\"potentialAction\":[{\"@type\":\"SearchAction\",\"target\":{\"@type\":\"EntryPoint\",\"urlTemplate\":\"https:\\\/\\\/irgumburgumstudio.hu\\\/?s={search_term_string}\"},\"query-input\":{\"@type\":\"PropertyValueSpecification\",\"valueRequired\":true,\"valueName\":\"search_term_string\"}}],\"inLanguage\":\"en-US\"},{\"@type\":\"Organization\",\"@id\":\"https:\\\/\\\/irgumburgumstudio.hu\\\/#organization\",\"name\":\"IrgumburgumStudio\",\"url\":\"https:\\\/\\\/irgumburgumstudio.hu\\\/\",\"logo\":{\"@type\":\"ImageObject\",\"inLanguage\":\"en-US\",\"@id\":\"https:\\\/\\\/irgumburgumstudio.hu\\\/#\\\/schema\\\/logo\\\/image\\\/\",\"url\":\"https:\\\/\\\/irgumburgumstudio.hu\\\/wp-content\\\/uploads\\\/2019\\\/10\\\/cropped-logoszines-min.png\",\"contentUrl\":\"https:\\\/\\\/irgumburgumstudio.hu\\\/wp-content\\\/uploads\\\/2019\\\/10\\\/cropped-logoszines-min.png\",\"width\":512,\"height\":512,\"caption\":\"IrgumburgumStudio\"},\"image\":{\"@id\":\"https:\\\/\\\/irgumburgumstudio.hu\\\/#\\\/schema\\\/logo\\\/image\\\/\"},\"sameAs\":[\"https:\\\/\\\/www.facebook.com\\\/profile.php?id=100040055444498\"]}]}<\/script>\n<!-- \/ Yoast SEO plugin. -->","yoast_head_json":{"title":"VIL\u00c1GT\u00c9RK\u00c9P FALI K\u00c9P - IrgumburgumStudio","robots":{"index":"index","follow":"follow","max-snippet":"max-snippet:-1","max-image-preview":"max-image-preview:large","max-video-preview":"max-video-preview:-1"},"canonical":"https:\/\/irgumburgumstudio.hu\/en\/bolt\/illusztraciok\/vilagterkep-gyerekszobaba\/","og_locale":"en_US","og_type":"article","og_title":"VIL\u00c1GT\u00c9RK\u00c9P FALI K\u00c9P - IrgumburgumStudio","og_description":"\"Az\u00e9rt vagyunk a Vil\u00e1gon, hogy valahol otthon legy\u00fcnk benne..\" Tam\u00e1si \u00c1ron  A nyomat limit\u00e1lt p\u00e9ld\u00e1nysz\u00e1mban el\u00e9rhet\u0151. K\u00e9sz\u00edtette: W\u00e9ber Dana K\u00e9p m\u00e9rete: A4 Pap\u00edr vastags\u00e1ga: 200g","og_url":"https:\/\/irgumburgumstudio.hu\/en\/bolt\/illusztraciok\/vilagterkep-gyerekszobaba\/","og_site_name":"IrgumburgumStudio","article_publisher":"https:\/\/www.facebook.com\/profile.php?id=100040055444498","article_modified_time":"2022-08-16T12:19:16+00:00","og_image":[{"width":1080,"height":810,"url":"https:\/\/irgumburgumstudio.hu\/wp-content\/uploads\/2019\/10\/IMG_20190508_181242_193-1-min.jpg","type":"image\/jpeg"}],"twitter_card":"summary_large_image","schema":{"@context":"https:\/\/schema.org","@graph":[{"@type":"WebPage","@id":"https:\/\/irgumburgumstudio.hu\/bolt\/illusztraciok\/vilagterkep-gyerekszobaba\/","url":"https:\/\/irgumburgumstudio.hu\/bolt\/illusztraciok\/vilagterkep-gyerekszobaba\/","name":"VIL\u00c1GT\u00c9RK\u00c9P FALI K\u00c9P - IrgumburgumStudio","isPartOf":{"@id":"https:\/\/irgumburgumstudio.hu\/#website"},"primaryImageOfPage":{"@id":"https:\/\/irgumburgumstudio.hu\/bolt\/illusztraciok\/vilagterkep-gyerekszobaba\/#primaryimage"},"image":{"@id":"https:\/\/irgumburgumstudio.hu\/bolt\/illusztraciok\/vilagterkep-gyerekszobaba\/#primaryimage"},"thumbnailUrl":"https:\/\/irgumburgumstudio.hu\/wp-content\/uploads\/2019\/10\/IMG_20190508_181242_193-1-min.jpg","datePublished":"2019-10-11T16:52:11+00:00","dateModified":"2022-08-16T12:19:16+00:00","breadcrumb":{"@id":"https:\/\/irgumburgumstudio.hu\/bolt\/illusztraciok\/vilagterkep-gyerekszobaba\/#breadcrumb"},"inLanguage":"en-US","potentialAction":[{"@type":"ReadAction","target":["https:\/\/irgumburgumstudio.hu\/bolt\/illusztraciok\/vilagterkep-gyerekszobaba\/"]}]},{"@type":"ImageObject","inLanguage":"en-US","@id":"https:\/\/irgumburgumstudio.hu\/bolt\/illusztraciok\/vilagterkep-gyerekszobaba\/#primaryimage","url":"https:\/\/irgumburgumstudio.hu\/wp-content\/uploads\/2019\/10\/IMG_20190508_181242_193-1-min.jpg","contentUrl":"https:\/\/irgumburgumstudio.hu\/wp-content\/uploads\/2019\/10\/IMG_20190508_181242_193-1-min.jpg","width":1080,"height":810},{"@type":"BreadcrumbList","@id":"https:\/\/irgumburgumstudio.hu\/bolt\/illusztraciok\/vilagterkep-gyerekszobaba\/#breadcrumb","itemListElement":[{"@type":"ListItem","position":1,"name":"Home","item":"https:\/\/irgumburgumstudio.hu\/"},{"@type":"ListItem","position":2,"name":"Bolt","item":"https:\/\/irgumburgumstudio.hu\/bolt\/"},{"@type":"ListItem","position":3,"name":"VIL\u00c1GT\u00c9RK\u00c9P FALI K\u00c9P"}]},{"@type":"WebSite","@id":"https:\/\/irgumburgumstudio.hu\/#website","url":"https:\/\/irgumburgumstudio.hu\/","name":"IrgumburgumStudio","description":"IrgumburgumStudio - k\u00e9zzel k\u00e9sz\u00edtett egyedi term\u00e9kek.","publisher":{"@id":"https:\/\/irgumburgumstudio.hu\/#organization"},"potentialAction":[{"@type":"SearchAction","target":{"@type":"EntryPoint","urlTemplate":"https:\/\/irgumburgumstudio.hu\/?s={search_term_string}"},"query-input":{"@type":"PropertyValueSpecification","valueRequired":true,"valueName":"search_term_string"}}],"inLanguage":"en-US"},{"@type":"Organization","@id":"https:\/\/irgumburgumstudio.hu\/#organization","name":"IrgumburgumStudio","url":"https:\/\/irgumburgumstudio.hu\/","logo":{"@type":"ImageObject","inLanguage":"en-US","@id":"https:\/\/irgumburgumstudio.hu\/#\/schema\/logo\/image\/","url":"https:\/\/irgumburgumstudio.hu\/wp-content\/uploads\/2019\/10\/cropped-logoszines-min.png","contentUrl":"https:\/\/irgumburgumstudio.hu\/wp-content\/uploads\/2019\/10\/cropped-logoszines-min.png","width":512,"height":512,"caption":"IrgumburgumStudio"},"image":{"@id":"https:\/\/irgumburgumstudio.hu\/#\/schema\/logo\/image\/"},"sameAs":["https:\/\/www.facebook.com\/profile.php?id=100040055444498"]}]}},"_links":{"self":[{"href":"https:\/\/irgumburgumstudio.hu\/en\/wp-json\/wp\/v2\/product\/3324","targetHints":{"allow":["GET"]}}],"collection":[{"href":"https:\/\/irgumburgumstudio.hu\/en\/wp-json\/wp\/v2\/product"}],"about":[{"href":"https:\/\/irgumburgumstudio.hu\/en\/wp-json\/wp\/v2\/types\/product"}],"replies":[{"embeddable":true,"href":"https:\/\/irgumburgumstudio.hu\/en\/wp-json\/wp\/v2\/comments?post=3324"}],"wp:featuredmedia":[{"embeddable":true,"href":"https:\/\/irgumburgumstudio.hu\/en\/wp-json\/wp\/v2\/media\/3630"}],"wp:attachment":[{"href":"https:\/\/irgumburgumstudio.hu\/en\/wp-json\/wp\/v2\/media?parent=3324"}],"wp:term":[{"taxonomy":"product_brand","embeddable":true,"href":"https:\/\/irgumburgumstudio.hu\/en\/wp-json\/wp\/v2\/product_brand?post=3324"},{"taxonomy":"product_cat","embeddable":true,"href":"https:\/\/irgumburgumstudio.hu\/en\/wp-json\/wp\/v2\/product_cat?post=3324"},{"taxonomy":"product_tag","embeddable":true,"href":"https:\/\/irgumburgumstudio.hu\/en\/wp-json\/wp\/v2\/product_tag?post=3324"}],"curies":[{"name":"wp","href":"https:\/\/api.w.org\/{rel}","templated":true}]}}