{"id":720,"date":"2018-11-06T09:33:30","date_gmt":"2018-11-06T09:33:30","guid":{"rendered":"http:\/\/learts.local\/?page_id=720"},"modified":"2018-11-06T09:33:30","modified_gmt":"2018-11-06T09:33:30","slug":"perfect-escapes","status":"publish","type":"page","link":"https:\/\/irgumburgumstudio.hu\/en\/perfect-escapes\/","title":{"rendered":"Perfect Escapes"},"content":{"rendered":"<section class=\"l-section wpb_row height_small\"><div class=\"l-section-h i-cf\"><div class=\"g-cols vc_row via_flex valign_top type_default stacking_default\"><div class=\"vc_col-sm-12 wpb_column vc_column_container\"><div class=\"vc_column-inner\"><div class=\"wpb_wrapper\">[learts_banner_carousel single_banner=&#8221;%5B%7B%22image%22%3A%222335%22%2C%22title%22%3A%22HOME%20DECOR%22%2C%22title_color%22%3A%22%23a4baa4%22%2C%22content%22%3A%22%3Ch2%3EMonamii%20Jade-green%3Cbr%3E%5CnWall%20Clock%3C%2Fh2%3E%22%2C%22content_color%22%3A%22%23333333%22%2C%22link%22%3A%22url%3A%252Fshop%252F%7Ctitle%3ASHOP%2520NOW%7C%7C%22%2C%22text_align_position%22%3A%22left%22%7D%2C%7B%22image%22%3A%222340%22%2C%22title%22%3A%22HOME%20DECOR%22%2C%22title_color%22%3A%22%23a88d77%22%2C%22content%22%3A%22%3Ch2%3EHomemade%20Creative%20Food%3Cbr%3E%5CnCutting%20Board%3C%2Fh2%3E%22%2C%22content_color%22%3A%22%23333333%22%2C%22link%22%3A%22url%3A%252Fshop%252F%7Ctitle%3ASHOP%2520NOW%7C%7C%22%2C%22text_align_position%22%3A%22left%22%7D%2C%7B%22image%22%3A%222336%22%2C%22title%22%3A%22HOME%20DECOR%22%2C%22title_color%22%3A%22%23c9a647%22%2C%22content%22%3A%22%3Ch2%3EHandmade%20Wooden%3Cbr%3E%5CnRounded%20Bowl%3C%2Fh2%3E%22%2C%22content_color%22%3A%22%23333333%22%2C%22link%22%3A%22url%3A%252Fshop%252F%7Ctitle%3ASHOP%2520NOW%7C%7C%22%2C%22text_align_position%22%3A%22left%22%7D%5D&#8221;][learts_space height=&#8221;100&#8243; height_lg=&#8221;80&#8243; height_md=&#8221;80&#8243; height_sm=&#8221;80&#8243; height_xs=&#8221;80&#8243;]<\/div><\/div><\/div><\/div><\/div><\/section><section class=\"l-section wpb_row us_custom_97f7e7d7 height_small\"><div class=\"l-section-h i-cf\"><div class=\"g-cols vc_row via_flex valign_top type_default stacking_default\"><div class=\"vc_col-sm-12 wpb_column vc_column_container\"><div class=\"vc_column-inner us_custom_89f51208\"><div class=\"wpb_wrapper\"><div style=\"font-size: 80px;color: #333333;line-height: 120px;text-align: center;font-family:Marcellus;font-weight:400;font-style:normal\" class=\"vc_custom_heading vc_do_custom_heading vc_custom_1548407338467 us_custom_466086ae\" >Live out your life<\/div><h2 style=\"font-size: 18px;color: #72a499;line-height: 26px;text-align: center;font-family:Marcellus;font-weight:400;font-style:normal\" class=\"vc_custom_heading vc_do_custom_heading ls-5 vc_custom_1541755192925 us_custom_90d9ded3\" >WELCOME TO LEARTS STORE<\/h2><div class=\"wpb_text_column us_custom_a5a86009\"><div class=\"wpb_wrapper\"><p style=\"font-size: 16px; line-height: 32px; font-weight: 300; text-align: center;\">Learts is an online shop of two passionate craftsmen where they sell handicrafts and arts\u2019 works\u00a0in the US.<\/p>\n<p style=\"font-size: 16px; line-height: 32px; font-weight: 300; text-align: center;\">\u00a0We provide high-end unique vases, wall arts, home accessories, and furniture pieces.<\/p>\n<\/div><\/div>[learts_space height=&#8221;100&#8243; height_lg=&#8221;80&#8243; height_md=&#8221;80&#8243; height_sm=&#8221;80&#8243; height_xs=&#8221;80&#8243;]<\/div><\/div><\/div><\/div><\/div><\/section><section class=\"l-section wpb_row height_small\"><div class=\"l-section-h i-cf\"><div class=\"g-cols vc_row via_flex valign_top type_default stacking_default\"><div class=\"vc_col-sm-12 vc_col-lg-3 vc_col-md-6 wpb_column vc_column_container\"><div class=\"vc_column-inner\"><div class=\"wpb_wrapper\">[learts_product_category_banner image=&#8221;941&#8243; category=&#8221;gift-ideas&#8221; font_size=&#8221;18&#8243; style_banner=&#8221;color&#8221; color_label=&#8221;#f4ede7&#8243; color_name=&#8221;#3333333&#8243; color_count=&#8221;&#8221; hover_style=&#8221;border-zoom&#8221;]<\/div><\/div><\/div><div class=\"vc_col-sm-12 vc_col-lg-3 vc_col-md-6 wpb_column vc_column_container\"><div class=\"vc_column-inner\"><div class=\"wpb_wrapper\">[learts_product_category_banner image=&#8221;942&#8243; category=&#8221;home-decor&#8221; font_size=&#8221;18&#8243; style_banner=&#8221;color&#8221; color_label=&#8221;#e8f5f2&#8243; color_name=&#8221;#3333333&#8243; color_count=&#8221;&#8221; hover_style=&#8221;border-zoom&#8221;]<\/div><\/div><\/div><div class=\"vc_col-sm-12 vc_col-lg-3 vc_col-md-6 wpb_column vc_column_container\"><div class=\"vc_column-inner\"><div class=\"wpb_wrapper\">[learts_product_category_banner image=&#8221;943&#8243; category=&#8221;kids-babies&#8221; font_size=&#8221;18&#8243; style_banner=&#8221;color&#8221; color_label=&#8221;#e3e4f5&#8243; color_name=&#8221;#3333333&#8243; color_count=&#8221;&#8221; hover_style=&#8221;border-zoom&#8221;]<\/div><\/div><\/div><div class=\"vc_col-sm-12 vc_col-lg-3 vc_col-md-6 wpb_column vc_column_container\"><div class=\"vc_column-inner\"><div class=\"wpb_wrapper\">[learts_product_category_banner image=&#8221;944&#8243; category=&#8221;kitchen&#8221; font_size=&#8221;18&#8243; style_banner=&#8221;color&#8221; color_label=&#8221;#faf5e5&#8243; color_name=&#8221;#3333333&#8243; color_count=&#8221;&#8221; hover_style=&#8221;border-zoom&#8221;]<\/div><\/div><\/div><\/div><\/div><\/section><section class=\"l-section wpb_row height_small\"><div class=\"l-section-h i-cf\"><div class=\"g-cols vc_row via_flex valign_top type_default stacking_default\"><div class=\"vc_col-sm-12 wpb_column vc_column_container\"><div class=\"vc_column-inner us_custom_d303ffa1\"><div class=\"wpb_wrapper\">[learts_space height=&#8221;80&#8243; height_lg=&#8221;80&#8243; height_md=&#8221;50&#8243; height_sm=&#8221;30&#8243; height_xs=&#8221;30&#8243;]<div class=\"vc_separator wpb_content_element vc_separator_align_center vc_sep_width_100 vc_sep_border_width_2 vc_sep_pos_align_center vc_separator_no_text vc_sep_color_grey wpb_content_element  wpb_content_element\" ><span class=\"vc_sep_holder vc_sep_holder_l\"><span class=\"vc_sep_line\"><\/span><\/span><span class=\"vc_sep_holder vc_sep_holder_r\"><span class=\"vc_sep_line\"><\/span><\/span>\n<\/div><div class=\"vc_empty_space\"   style=\"height: 20px\"><span class=\"vc_empty_space_inner\"><\/span><\/div>[learts_product_tabs filter=&#8221;group&#8221; filter_type=&#8221;ajax&#8221; align=&#8221;center&#8221; effect=&#8221;botanical&#8221; display_star_stock=&#8221;&#8221; number=&#8221;8&#8243; columns=&#8221;4&#8243; pagination_type=&#8221;more-btn&#8221; tabs=&#8221;recent_products,sale_products,best_selling_products&#8221;]<div class=\"vc_empty_space\"   style=\"height: 30px\"><span class=\"vc_empty_space_inner\"><\/span><\/div><\/div><\/div><\/div><\/div><\/div><\/section><section class=\"l-section wpb_row learts-team height_small\"><div class=\"l-section-h i-cf\"><div class=\"g-cols vc_row via_flex valign_top type_default stacking_default\"><div class=\"vc_col-sm-12 wpb_column vc_column_container\"><div class=\"vc_column-inner\"><div class=\"wpb_wrapper\"><div class=\"vc_separator wpb_content_element vc_separator_align_center vc_sep_width_100 vc_sep_border_width_2 vc_sep_pos_align_center vc_separator_no_text vc_sep_color_grey wpb_content_element  wpb_content_element\" ><span class=\"vc_sep_holder vc_sep_holder_l\"><span class=\"vc_sep_line\"><\/span><\/span><span class=\"vc_sep_holder vc_sep_holder_r\"><span class=\"vc_sep_line\"><\/span><\/span>\n<\/div><div class=\"g-cols wpb_row via_flex valign_middle type_default stacking_default\"><div class=\"vc_col-sm-6 wpb_column vc_column_container\"><div class=\"vc_column-inner\"><div class=\"wpb_wrapper\"><h2 style=\"font-size: 40px;color: #333333;line-height: 56px;text-align: left;font-family:Marcellus;font-weight:400;font-style:normal\" class=\"vc_custom_heading vc_do_custom_heading custom-title vc_custom_1547197570350 us_custom_cbbf625f\" >Shop by brands<\/h2><\/div><\/div><\/div><div class=\"vc_col-sm-6 wpb_column vc_column_container\"><div class=\"vc_column-inner\"><div class=\"wpb_wrapper\">[learts_button style=&#8221;custom&#8221; font_size=&#8221;16&#8243; button_bg_color=&#8221;#f9f0ee&#8221; font_color=&#8221;#333333&#8243; font_color_hover=&#8221;#ffffff&#8221; button_border_color=&#8221;#f9f0ee&#8221; text=&#8221;VIEW ALL&#8221; link=&#8221;url:%2Fshop-by-brands%2F|||&#8221; el_class=&#8221;btn-float-right&#8221;]<\/div><\/div><\/div><\/div>[learts_space height=&#8221;80&#8243; height_lg=&#8221;80&#8243; height_md=&#8221;50&#8243; height_sm=&#8221;30&#8243; height_xs=&#8221;30&#8243;][learts_brands_grid columns=&#8221;4&#8243; brand_slugs=&#8221;alexander,carmella,danielle,diana-day&#8221;][learts_space height=&#8221;80&#8243; height_lg=&#8221;80&#8243; height_md=&#8221;50&#8243; height_sm=&#8221;30&#8243; height_xs=&#8221;30&#8243;][learts_brands_grid columns=&#8221;4&#8243; brand_slugs=&#8221;emilia,gasmine,jack-and-ella,juliette&#8221;][learts_space height=&#8221;60&#8243; height_lg=&#8221;50&#8243; height_md=&#8221;50&#8243; height_sm=&#8221;30&#8243; height_xs=&#8221;30&#8243;]<\/div><\/div><\/div><\/div><\/div><\/section><section class=\"l-section wpb_row learts-team height_small\"><div class=\"l-section-h i-cf\"><div class=\"g-cols vc_row via_flex valign_top type_default stacking_default\"><div class=\"vc_col-sm-12 wpb_column vc_column_container\"><div class=\"vc_column-inner\"><div class=\"wpb_wrapper\"><div class=\"vc_separator wpb_content_element vc_separator_align_center vc_sep_width_100 vc_sep_border_width_2 vc_sep_pos_align_center vc_separator_no_text vc_sep_color_grey wpb_content_element  wpb_content_element\" ><span class=\"vc_sep_holder vc_sep_holder_l\"><span class=\"vc_sep_line\"><\/span><\/span><span class=\"vc_sep_holder vc_sep_holder_r\"><span class=\"vc_sep_line\"><\/span><\/span>\n<\/div><div class=\"g-cols wpb_row via_flex valign_middle type_default stacking_default\"><div class=\"vc_col-sm-6 wpb_column vc_column_container\"><div class=\"vc_column-inner\"><div class=\"wpb_wrapper\"><h2 style=\"font-size: 40px;color: #333333;line-height: 56px;text-align: left;font-family:Marcellus;font-weight:400;font-style:normal\" class=\"vc_custom_heading vc_do_custom_heading custom-title vc_custom_1541836354022 us_custom_d926c443\" >Meet our team<\/h2><\/div><\/div><\/div><div class=\"vc_col-sm-6 wpb_column vc_column_container\"><div class=\"vc_column-inner\"><div class=\"wpb_wrapper\">[learts_button style=&#8221;custom&#8221; font_size=&#8221;16&#8243; button_bg_color=&#8221;#f9f0ee&#8221; font_color=&#8221;#333333&#8243; font_color_hover=&#8221;#ffffff&#8221; button_border_color=&#8221;#f9f0ee&#8221; text=&#8221;VIEW TEAM&#8221; link=&#8221;url:%23|||&#8221; el_class=&#8221;btn-float-right&#8221;]<\/div><\/div><\/div><\/div>[learts_space height=&#8221;40&#8243; height_lg=&#8221;40&#8243; height_md=&#8221;40&#8243; height_sm=&#8221;30&#8243; height_xs=&#8221;30&#8243;]<\/div><\/div><\/div><\/div><\/div><\/section><section class=\"l-section wpb_row learts-team height_small\"><div class=\"l-section-h i-cf\"><div class=\"g-cols vc_row via_flex valign_top type_default stacking_default\"><div class=\"vc_col-sm-12 vc_col-lg-6 wpb_column vc_column_container big-member\"><div class=\"vc_column-inner us_custom_a3396ba6\"><div class=\"wpb_wrapper\">[learts_team_member image=&#8221;1015&#8243; name=&#8221;Albert McKinney&#8221; role=&#8221;CEO &amp; CO-FOUNDER&#8221; social_links=&#8221;facebook|# google-plus|# instagram|#&#8221;]<\/div><\/div><\/div><div class=\"vc_col-sm-12 vc_col-lg-6 wpb_column vc_column_container\"><div class=\"vc_column-inner\"><div class=\"wpb_wrapper\"><div class=\"vc_empty_space\"   style=\"height: 30px\"><span class=\"vc_empty_space_inner\"><\/span><\/div>\n\t<div  class=\"wpb_single_image wpb_content_element vc_align_center wpb_content_element\">\n\t\t\n\t\t<figure class=\"wpb_wrapper vc_figure\">\n\t\t\t<div class=\"vc_single_image-wrapper   vc_box_border_grey\"><\/div>\n\t\t<\/figure>\n\t<\/div>\n<div class=\"wpb_text_column\"><div class=\"wpb_wrapper\"><p style=\"font-size: 24px; line-height: 40px; color: #7e7e7e; text-align: center; font-family: Marcellus;\">Take the lead and dare to dream big, even when it seems difficult &amp; far. Now we finally did it.<\/p>\n<\/div><\/div><div class=\"vc_empty_space\"   style=\"height: 55px\"><span class=\"vc_empty_space_inner\"><\/span><\/div><div class=\"g-cols wpb_row via_flex valign_top type_default stacking_default\"><div class=\"vc_col-sm-6 wpb_column vc_column_container\"><div class=\"vc_column-inner\"><div class=\"wpb_wrapper\">[learts_team_member image=&#8221;1016&#8243; name=&#8221;Etta Schneider&#8221; role=&#8221;Ceramics&#8221; social_links=&#8221;facebook|# google-plus|# instagram|#&#8221;]<\/div><\/div><\/div><div class=\"vc_col-sm-6 wpb_column vc_column_container\"><div class=\"vc_column-inner\"><div class=\"wpb_wrapper\">[learts_team_member image=&#8221;1017&#8243; name=&#8221;Roger Collins&#8221; role=&#8221;WOOD&#8221; social_links=&#8221;facebook|# google-plus|# instagram|#&#8221;]<\/div><\/div><\/div><\/div><\/div><\/div><\/div><\/div><\/div><\/section><section class=\"l-section wpb_row learts-team height_small\"><div class=\"l-section-h i-cf\"><div class=\"g-cols vc_row via_flex valign_top type_default stacking_default\"><div class=\"vc_col-sm-12 wpb_column vc_column_container\"><div class=\"vc_column-inner\"><div class=\"wpb_wrapper\">[learts_space height=&#8221;40&#8243; height_lg=&#8221;40&#8243; height_md=&#8221;40&#8243; height_sm=&#8221;30&#8243; height_xs=&#8221;30&#8243;]<div class=\"vc_separator wpb_content_element vc_separator_align_center vc_sep_width_100 vc_sep_border_width_2 vc_sep_pos_align_center vc_separator_no_text vc_sep_color_grey wpb_content_element  wpb_content_element\" ><span class=\"vc_sep_holder vc_sep_holder_l\"><span class=\"vc_sep_line\"><\/span><\/span><span class=\"vc_sep_holder vc_sep_holder_r\"><span class=\"vc_sep_line\"><\/span><\/span>\n<\/div><div class=\"g-cols wpb_row via_flex valign_middle type_default stacking_default\"><div class=\"vc_col-sm-6 wpb_column vc_column_container\"><div class=\"vc_column-inner\"><div class=\"wpb_wrapper\"><h2 style=\"font-size: 40px;color: #333333;line-height: 56px;text-align: left;font-family:Marcellus;font-weight:400;font-style:normal\" class=\"vc_custom_heading vc_do_custom_heading custom-title vc_custom_1541840365510 us_custom_9419d92a\" >We love our cilents<\/h2><\/div><\/div><\/div><div class=\"vc_col-sm-6 wpb_column vc_column_container\"><div class=\"vc_column-inner\"><div class=\"wpb_wrapper\">[learts_button style=&#8221;custom&#8221; font_size=&#8221;16&#8243; button_bg_color=&#8221;#f9f0ee&#8221; font_color=&#8221;#333333&#8243; font_color_hover=&#8221;#ffffff&#8221; button_border_color=&#8221;#f9f0ee&#8221; text=&#8221;VIEW ALL&#8221; link=&#8221;url:%23|||&#8221; el_class=&#8221;btn-float-right&#8221;]<\/div><\/div><\/div><\/div>[learts_space height=&#8221;40&#8243; height_lg=&#8221;40&#8243; height_md=&#8221;40&#8243; height_sm=&#8221;30&#8243; height_xs=&#8221;30&#8243;][learts_testimonial_carousel style_testimonial=&#8221;multiple&#8221; item_count=&#8221;-1&#8243; items_to_show=&#8221;3&#8243; auto_play=&#8221;yes&#8221; auto_play_speed=&#8221;5&#8243;][learts_space height=&#8221;80&#8243; height_lg=&#8221;50&#8243; height_md=&#8221;50&#8243; height_sm=&#8221;30&#8243; height_xs=&#8221;30&#8243;]<\/div><\/div><\/div><\/div><\/div><\/section><section class=\"l-section wpb_row height_small\"><div class=\"l-section-h i-cf\"><div class=\"g-cols vc_row via_flex valign_middle type_default stacking_default\"><div class=\"vc_col-sm-12 vc_col-lg-6 wpb_column vc_column_container\"><div class=\"vc_column-inner\"><div class=\"wpb_wrapper\">[learts_instagram username=&#8221;a.room_decor&#8221; view=&#8221;carousel&#8221; number_items=&#8221;20&#8243; auto_play=&#8221;yes&#8221; auto_play_speed=&#8221;5&#8243; number_of_items_to_show=&#8221;3&#8243; spacing=&#8221;15&#8243; gap=&#8221;15&#8243;][\/learts_instagram]<\/div><\/div><\/div><div class=\"vc_col-sm-12 vc_col-lg-6 wpb_column vc_column_container\"><div class=\"vc_column-inner us_custom_60dd48db\"><div class=\"wpb_wrapper\">[learts_space height=&#8221;0&#8243; height_lg=&#8221;0&#8243; height_md=&#8221;30&#8243; height_sm=&#8221;15&#8243; height_xs=&#8221;15&#8243;]<div style=\"font-size: 40px;color: #333333;line-height: 56px;text-align: center;font-family:Marcellus;font-weight:400;font-style:normal\" class=\"vc_custom_heading vc_do_custom_heading us_custom_cda6f729\" >@leArts_store941<\/div><div class=\"wpb_text_column\"><div class=\"wpb_wrapper\"><p class=\"p1\" style=\"text-align: center; font-size: 18px; line-height: 32px; color: #333333;\"><span class=\"s1\">Follow us on Instagram<\/span><\/p>\n<\/div><\/div><\/div><\/div><\/div><\/div><\/div><\/section>\n","protected":false},"excerpt":{"rendered":"[learts_banner_carousel single_banner=\"%5B%7B%22image%22%3A%222335%22%2C%22title%22%3A%22HOME%20DECOR%22%2C%22title_color%22%3A%22%23a4baa4%22%2C%22content%22%3A%22%3Ch2%3EMonamii%20Jade-green%3Cbr%3E%5CnWall%20Clock%3C%2Fh2%3E%22%2C%22content_color%22%3A%22%23333333%22%2C%22link%22%3A%22url%3A%252Fshop%252F%7Ctitle%3ASHOP%2520NOW%7C%7C%22%2C%22text_align_position%22%3A%22left%22%7D%2C%7B%22image%22%3A%222340%22%2C%22title%22%3A%22HOME%20DECOR%22%2C%22title_color%22%3A%22%23a88d77%22%2C%22content%22%3A%22%3Ch2%3EHomemade%20Creative%20Food%3Cbr%3E%5CnCutting%20Board%3C%2Fh2%3E%22%2C%22content_color%22%3A%22%23333333%22%2C%22link%22%3A%22url%3A%252Fshop%252F%7Ctitle%3ASHOP%2520NOW%7C%7C%22%2C%22text_align_position%22%3A%22left%22%7D%2C%7B%22image%22%3A%222336%22%2C%22title%22%3A%22HOME%20DECOR%22%2C%22title_color%22%3A%22%23c9a647%22%2C%22content%22%3A%22%3Ch2%3EHandmade%20Wooden%3Cbr%3E%5CnRounded%20Bowl%3C%2Fh2%3E%22%2C%22content_color%22%3A%22%23333333%22%2C%22link%22%3A%22url%3A%252Fshop%252F%7Ctitle%3ASHOP%2520NOW%7C%7C%22%2C%22text_align_position%22%3A%22left%22%7D%5D\"][learts_space height=\"100\" height_lg=\"80\" height_md=\"80\" height_sm=\"80\" height_xs=\"80\"]Live out your lifeWELCOME TO LEARTS STORELearts is an online shop of two passionate craftsmen where they sell handicrafts and arts\u2019 works\u00a0in the US. \u00a0We provide high-end unique vases, wall arts, home accessories, and furniture pieces. [learts_space height=\"100\" height_lg=\"80\" height_md=\"80\" height_sm=\"80\" height_xs=\"80\"][learts_product_category_banner image=\"941\" category=\"gift-ideas\" font_size=\"18\" style_banner=\"color\" color_label=\"#f4ede7\" color_name=\"#3333333\" color_count=\"\"...","protected":false},"author":1,"featured_media":0,"parent":0,"menu_order":0,"comment_status":"closed","ping_status":"closed","template":"","meta":{"footnotes":""},"class_list":["post-720","page","type-page","status-publish","hentry"],"yoast_head":"<!-- This site is optimized with the Yoast SEO plugin v27.4 - https:\/\/yoast.com\/product\/yoast-seo-wordpress\/ -->\n<title>Perfect Escapes - IrgumburgumStudio<\/title>\n<meta name=\"robots\" content=\"index, follow, max-snippet:-1, max-image-preview:large, max-video-preview:-1\" \/>\n<link rel=\"canonical\" href=\"https:\/\/irgumburgumstudio.hu\/en\/perfect-escapes\/\" \/>\n<meta property=\"og:locale\" content=\"en_US\" \/>\n<meta property=\"og:type\" content=\"article\" \/>\n<meta property=\"og:title\" content=\"Perfect Escapes - IrgumburgumStudio\" \/>\n<meta property=\"og:url\" content=\"https:\/\/irgumburgumstudio.hu\/en\/perfect-escapes\/\" \/>\n<meta property=\"og:site_name\" content=\"IrgumburgumStudio\" \/>\n<meta property=\"article:publisher\" content=\"https:\/\/www.facebook.com\/profile.php?id=100040055444498\" \/>\n<meta name=\"twitter:card\" content=\"summary_large_image\" \/>\n<meta name=\"twitter:label1\" content=\"Est. reading time\" \/>\n\t<meta name=\"twitter:data1\" content=\"7 minutes\" \/>\n<script type=\"application\/ld+json\" class=\"yoast-schema-graph\">{\"@context\":\"https:\\\/\\\/schema.org\",\"@graph\":[{\"@type\":\"WebPage\",\"@id\":\"https:\\\/\\\/irgumburgumstudio.hu\\\/perfect-escapes\\\/\",\"url\":\"https:\\\/\\\/irgumburgumstudio.hu\\\/perfect-escapes\\\/\",\"name\":\"Perfect Escapes - IrgumburgumStudio\",\"isPartOf\":{\"@id\":\"https:\\\/\\\/irgumburgumstudio.hu\\\/#website\"},\"datePublished\":\"2018-11-06T09:33:30+00:00\",\"breadcrumb\":{\"@id\":\"https:\\\/\\\/irgumburgumstudio.hu\\\/perfect-escapes\\\/#breadcrumb\"},\"inLanguage\":\"en-US\",\"potentialAction\":[{\"@type\":\"ReadAction\",\"target\":[\"https:\\\/\\\/irgumburgumstudio.hu\\\/perfect-escapes\\\/\"]}]},{\"@type\":\"BreadcrumbList\",\"@id\":\"https:\\\/\\\/irgumburgumstudio.hu\\\/perfect-escapes\\\/#breadcrumb\",\"itemListElement\":[{\"@type\":\"ListItem\",\"position\":1,\"name\":\"Home\",\"item\":\"https:\\\/\\\/irgumburgumstudio.hu\\\/\"},{\"@type\":\"ListItem\",\"position\":2,\"name\":\"Perfect Escapes\"}]},{\"@type\":\"WebSite\",\"@id\":\"https:\\\/\\\/irgumburgumstudio.hu\\\/#website\",\"url\":\"https:\\\/\\\/irgumburgumstudio.hu\\\/\",\"name\":\"IrgumburgumStudio\",\"description\":\"IrgumburgumStudio - k\u00e9zzel k\u00e9sz\u00edtett egyedi term\u00e9kek.\",\"publisher\":{\"@id\":\"https:\\\/\\\/irgumburgumstudio.hu\\\/#organization\"},\"potentialAction\":[{\"@type\":\"SearchAction\",\"target\":{\"@type\":\"EntryPoint\",\"urlTemplate\":\"https:\\\/\\\/irgumburgumstudio.hu\\\/?s={search_term_string}\"},\"query-input\":{\"@type\":\"PropertyValueSpecification\",\"valueRequired\":true,\"valueName\":\"search_term_string\"}}],\"inLanguage\":\"en-US\"},{\"@type\":\"Organization\",\"@id\":\"https:\\\/\\\/irgumburgumstudio.hu\\\/#organization\",\"name\":\"IrgumburgumStudio\",\"url\":\"https:\\\/\\\/irgumburgumstudio.hu\\\/\",\"logo\":{\"@type\":\"ImageObject\",\"inLanguage\":\"en-US\",\"@id\":\"https:\\\/\\\/irgumburgumstudio.hu\\\/#\\\/schema\\\/logo\\\/image\\\/\",\"url\":\"https:\\\/\\\/irgumburgumstudio.hu\\\/wp-content\\\/uploads\\\/2019\\\/10\\\/cropped-logoszines-min.png\",\"contentUrl\":\"https:\\\/\\\/irgumburgumstudio.hu\\\/wp-content\\\/uploads\\\/2019\\\/10\\\/cropped-logoszines-min.png\",\"width\":512,\"height\":512,\"caption\":\"IrgumburgumStudio\"},\"image\":{\"@id\":\"https:\\\/\\\/irgumburgumstudio.hu\\\/#\\\/schema\\\/logo\\\/image\\\/\"},\"sameAs\":[\"https:\\\/\\\/www.facebook.com\\\/profile.php?id=100040055444498\"]}]}<\/script>\n<!-- \/ Yoast SEO plugin. -->","yoast_head_json":{"title":"Perfect Escapes - IrgumburgumStudio","robots":{"index":"index","follow":"follow","max-snippet":"max-snippet:-1","max-image-preview":"max-image-preview:large","max-video-preview":"max-video-preview:-1"},"canonical":"https:\/\/irgumburgumstudio.hu\/en\/perfect-escapes\/","og_locale":"en_US","og_type":"article","og_title":"Perfect Escapes - IrgumburgumStudio","og_url":"https:\/\/irgumburgumstudio.hu\/en\/perfect-escapes\/","og_site_name":"IrgumburgumStudio","article_publisher":"https:\/\/www.facebook.com\/profile.php?id=100040055444498","twitter_card":"summary_large_image","twitter_misc":{"Est. reading time":"7 minutes"},"schema":{"@context":"https:\/\/schema.org","@graph":[{"@type":"WebPage","@id":"https:\/\/irgumburgumstudio.hu\/perfect-escapes\/","url":"https:\/\/irgumburgumstudio.hu\/perfect-escapes\/","name":"Perfect Escapes - IrgumburgumStudio","isPartOf":{"@id":"https:\/\/irgumburgumstudio.hu\/#website"},"datePublished":"2018-11-06T09:33:30+00:00","breadcrumb":{"@id":"https:\/\/irgumburgumstudio.hu\/perfect-escapes\/#breadcrumb"},"inLanguage":"en-US","potentialAction":[{"@type":"ReadAction","target":["https:\/\/irgumburgumstudio.hu\/perfect-escapes\/"]}]},{"@type":"BreadcrumbList","@id":"https:\/\/irgumburgumstudio.hu\/perfect-escapes\/#breadcrumb","itemListElement":[{"@type":"ListItem","position":1,"name":"Home","item":"https:\/\/irgumburgumstudio.hu\/"},{"@type":"ListItem","position":2,"name":"Perfect Escapes"}]},{"@type":"WebSite","@id":"https:\/\/irgumburgumstudio.hu\/#website","url":"https:\/\/irgumburgumstudio.hu\/","name":"IrgumburgumStudio","description":"IrgumburgumStudio - k\u00e9zzel k\u00e9sz\u00edtett egyedi term\u00e9kek.","publisher":{"@id":"https:\/\/irgumburgumstudio.hu\/#organization"},"potentialAction":[{"@type":"SearchAction","target":{"@type":"EntryPoint","urlTemplate":"https:\/\/irgumburgumstudio.hu\/?s={search_term_string}"},"query-input":{"@type":"PropertyValueSpecification","valueRequired":true,"valueName":"search_term_string"}}],"inLanguage":"en-US"},{"@type":"Organization","@id":"https:\/\/irgumburgumstudio.hu\/#organization","name":"IrgumburgumStudio","url":"https:\/\/irgumburgumstudio.hu\/","logo":{"@type":"ImageObject","inLanguage":"en-US","@id":"https:\/\/irgumburgumstudio.hu\/#\/schema\/logo\/image\/","url":"https:\/\/irgumburgumstudio.hu\/wp-content\/uploads\/2019\/10\/cropped-logoszines-min.png","contentUrl":"https:\/\/irgumburgumstudio.hu\/wp-content\/uploads\/2019\/10\/cropped-logoszines-min.png","width":512,"height":512,"caption":"IrgumburgumStudio"},"image":{"@id":"https:\/\/irgumburgumstudio.hu\/#\/schema\/logo\/image\/"},"sameAs":["https:\/\/www.facebook.com\/profile.php?id=100040055444498"]}]}},"_links":{"self":[{"href":"https:\/\/irgumburgumstudio.hu\/en\/wp-json\/wp\/v2\/pages\/720","targetHints":{"allow":["GET"]}}],"collection":[{"href":"https:\/\/irgumburgumstudio.hu\/en\/wp-json\/wp\/v2\/pages"}],"about":[{"href":"https:\/\/irgumburgumstudio.hu\/en\/wp-json\/wp\/v2\/types\/page"}],"author":[{"embeddable":true,"href":"https:\/\/irgumburgumstudio.hu\/en\/wp-json\/wp\/v2\/users\/1"}],"replies":[{"embeddable":true,"href":"https:\/\/irgumburgumstudio.hu\/en\/wp-json\/wp\/v2\/comments?post=720"}],"version-history":[{"count":0,"href":"https:\/\/irgumburgumstudio.hu\/en\/wp-json\/wp\/v2\/pages\/720\/revisions"}],"wp:attachment":[{"href":"https:\/\/irgumburgumstudio.hu\/en\/wp-json\/wp\/v2\/media?parent=720"}],"curies":[{"name":"wp","href":"https:\/\/api.w.org\/{rel}","templated":true}]}}