{"id":4217,"date":"2019-08-16T15:11:29","date_gmt":"2019-08-16T15:11:29","guid":{"rendered":"http:\/\/impreza14.us-themes.com\/?page_id=19"},"modified":"2019-08-16T15:11:29","modified_gmt":"2019-08-16T15:11:29","slug":"why-buy-from-us","status":"publish","type":"page","link":"https:\/\/irgumburgumstudio.hu\/en\/why-buy-from-us\/","title":{"rendered":"Why Buy From Us"},"content":{"rendered":"<section class=\"l-section wpb_row height_small\"><div class=\"l-section-h i-cf\"><div class=\"g-cols vc_row via_flex valign_top type_default stacking_default\"><div class=\"vc_col-sm-1\/5 wpb_column vc_column_container\"><div class=\"vc_column-inner\"><div class=\"wpb_wrapper\"><\/div><\/div><\/div><div class=\"vc_col-sm-3\/5 wpb_column vc_column_container\"><div class=\"vc_column-inner\"><div class=\"wpb_wrapper\"><div class=\"w-video align_none ratio_16x9 has_iframe\"><div class=\"w-video-h\"><iframe title=\"Youtube video player\" src=\"\/\/www.youtube.com\/embed\/GLpv-9ZuEfM?autoplay=0&controls=1&origin=https:\/\/irgumburgumstudio.hu\/en&loop=0&mute=0\" allowfullscreen=\"1\" loading=\"lazy\"><\/iframe><\/div><div class=\"w-video-icon\" style=\"font-size:1.5rem;background:rgba(0,0,0,0.5);color:#fff\"><\/div><\/div><div class=\"w-separator size_small\"><\/div><div class=\"wpb_text_column\"><div class=\"wpb_wrapper\"><p>Lorem ipsum dolor sit amet, consectetur adipiscing elit. Vestibulum efficitur tristique tortor vel aliquet. Ut sed accumsan massa.<\/p>\n<p>Vestibulum ut quam et risus mollis dapibus. Nam aliquam eget dui sit amet pulvinar. Phasellus in fringilla mi. Proin posuere eget lorem vel aliquam. Sed ac blandit tortor, a facilisis diam. Donec mauris nisl, sagittis eget magna a, consectetur cursus eros. Praesent molestie iaculis nibh.<\/p>\n<\/div><\/div><\/div><\/div><\/div><div class=\"vc_col-sm-1\/5 wpb_column vc_column_container\"><div class=\"vc_column-inner\"><div class=\"wpb_wrapper\"><\/div><\/div><\/div><\/div><\/div><\/section><section class=\"l-section wpb_row height_auto\"><div class=\"l-section-h i-cf\"><div class=\"g-cols vc_row via_flex valign_middle type_boxes stacking_default\"><div class=\"vc_col-sm-6 wpb_column vc_column_container has_bg_color\"><div class=\"vc_column-inner us_custom_4698d313\"><div class=\"wpb_wrapper\"><div class=\"w-separator size_custom\" style=\"height:20vh\"><\/div><\/div><\/div><\/div><div class=\"vc_col-sm-6 wpb_column vc_column_container has_bg_color\"><div class=\"vc_column-inner us_custom_96041696\"><div class=\"wpb_wrapper\"><div class=\"wpb_text_column\"><div class=\"wpb_wrapper\"><h2>Best Quality<\/h2>\n<ul>\n<li><strong>Lorem ipsum dolor sit amet, consectetur adipiscing elit.<\/strong> Vestibulum efficitur tristique tortor vel aliquet. Ut sed accumsan massa.<\/li>\n<li><strong>Nunc consequat odio a ante posuere pulvinar id nec dolor.<\/strong> Curabitur ut tristique sapien. Fusce placerat posuere mauris.<\/li>\n<li><strong>Quisque placerat convallis mattis.<\/strong> Aenean tempus augue volutpat mauris interdum, vel efficitur sapien porttitor. Duis convallis cursus hendrerit.<\/li>\n<\/ul>\n<\/div><\/div><\/div><\/div><\/div><\/div><\/div><\/section><section class=\"l-section wpb_row height_auto\"><div class=\"l-section-h i-cf\"><div class=\"g-cols vc_row via_flex valign_middle type_boxes reversed stacking_default\"><div class=\"vc_col-sm-6 wpb_column vc_column_container has_bg_color\"><div class=\"vc_column-inner us_custom_96041696\"><div class=\"wpb_wrapper\"><div class=\"wpb_text_column\"><div class=\"wpb_wrapper\"><h2>Client-Oriented Services<\/h2>\n<ul>\n<li><strong>Lorem ipsum dolor sit amet, consectetur adipiscing elit.<\/strong> Vestibulum efficitur tristique tortor vel aliquet. Ut sed accumsan massa.<\/li>\n<li><strong>Nunc consequat odio a ante posuere pulvinar id nec dolor.<\/strong> Curabitur ut tristique sapien. Fusce placerat posuere mauris.<\/li>\n<li><strong>Quisque placerat convallis mattis.<\/strong> Aenean tempus augue volutpat mauris interdum, vel efficitur sapien porttitor. Duis convallis cursus hendrerit.<\/li>\n<\/ul>\n<\/div><\/div><\/div><\/div><\/div><div class=\"vc_col-sm-6 wpb_column vc_column_container has_bg_color\"><div class=\"vc_column-inner us_custom_4698d313\"><div class=\"wpb_wrapper\"><div class=\"w-separator size_custom\" style=\"height:20vh\"><\/div><\/div><\/div><\/div><\/div><\/div><\/section><section class=\"l-section wpb_row height_small\"><div class=\"l-section-h i-cf\"><div class=\"g-cols vc_row via_flex valign_top type_default stacking_default\"><div class=\"vc_col-sm-12 wpb_column vc_column_container\"><div class=\"vc_column-inner\"><div class=\"wpb_wrapper\"><div class=\"w-btn-wrapper align_center\"><a class=\"w-btn us-btn-style_1 us_custom_3118f2fd\" href=\"\/shop\/\"><span class=\"w-btn-label\">Shop Our Care Line Now!<\/span><\/a><\/div><div class=\"w-separator size_large\"><\/div><div class=\"wpb_text_column\"><div class=\"wpb_wrapper\"><h2 style=\"text-align: center;\">What people are saying about us<\/h2>\n<\/div><\/div><div class=\"w-separator size_small\"><\/div><div class=\"w-grid type_grid layout_testimonial_4 cols_2\" id=\"us_grid_1\" style=\"--columns:2;--gap:1.5rem;\" data-filterable=\"true\"><style>@media (max-width:600px){#us_grid_1{--columns:1!important}}.layout_testimonial_4 .w-grid-item-h{}.layout_testimonial_4 .usg_post_image_1{width:5.5rem!important}.layout_testimonial_4 .usg_post_custom_field_1{font-weight:700!important;line-height:1.5!important;margin-bottom:0!important}.layout_testimonial_4 .usg_post_custom_field_2{color:var(--color-content-faded)!important;font-size:0.9rem!important;line-height:1.5!important}<\/style><div class=\"w-grid-list\">\t<article class=\"w-grid-item size_1x1 post-6393 us_testimonial type-us_testimonial status-publish hentry\" data-id=\"6393\">\r\n\t\t<div class=\"w-grid-item-h\">\r\n\t\t\t\t\t\t<div class=\"w-hwrapper usg_hwrapper_1 align_none valign_top\"><div class=\"w-post-elm post_image usg_post_image_1 with_quote_icon as_circle has_width stretched with_placeholder\"><img loading=\"lazy\" decoding=\"async\" class=\"g-placeholder\" src=\"https:\/\/irgumburgumstudio.hu\/wp-content\/plugins\/us-core\/assets\/images\/placeholder.svg\" width=\"150\" height=\"150\" alt><\/div><div class=\"w-vwrapper usg_vwrapper_1 align_none valign_top\"><div class=\"w-post-elm post_content usg_post_content_1\"><div dir=\"auto\">Kisbab\u00e1nk nem tudtuk mi\u00e9rt s\u00edrt 10 percig v\u00edgasztalhatatlanul. Megpr\u00f3b\u00e1ltuk bevetni a k\u00e1rty\u00e9kat \u00e9s siker\u00fclt!<\/div>\n<div dir=\"auto\">Leraktuk a kanap\u00e9ra a k\u00e1rty\u00e1k el\u00e9, \u00e9s mosolym\u00f3kus lett!<\/div>\n<div dir=\"auto\">k\u00f6sz\u00f6nj\u00fck!<\/div>\n<\/div><div class=\"w-post-elm post_custom_field usg_post_custom_field_1 type_text us_testimonial_author\"><span class=\"w-post-elm-value\">Odett<\/span><\/div><div class=\"w-post-elm post_custom_field usg_post_custom_field_2 has_text_color type_text us_testimonial_role color_link_inherit\"><span class=\"w-post-elm-value\">V\u00e1s\u00e1rl\u00f3<\/span><\/div><\/div><\/div>\t\t<\/div>\r\n\t\t\t<\/article>\r\n\t<article class=\"w-grid-item size_1x1 post-6392 us_testimonial type-us_testimonial status-publish hentry\" data-id=\"6392\">\r\n\t\t<div class=\"w-grid-item-h\">\r\n\t\t\t\t\t\t<div class=\"w-hwrapper usg_hwrapper_1 align_none valign_top\"><div class=\"w-post-elm post_image usg_post_image_1 with_quote_icon as_circle has_width stretched with_placeholder\"><img loading=\"lazy\" decoding=\"async\" class=\"g-placeholder\" src=\"https:\/\/irgumburgumstudio.hu\/wp-content\/plugins\/us-core\/assets\/images\/placeholder.svg\" width=\"150\" height=\"150\" alt><\/div><div class=\"w-vwrapper usg_vwrapper_1 align_none valign_top\"><div class=\"w-post-elm post_content usg_post_content_1\"><p>S\u00e1ra 5 naposan nagyon-nagyon k\u00f6sz\u00f6ni ezt a csod\u00e1t, a csiga a kedvence eddig!<\/p>\n<\/div><div class=\"w-post-elm post_custom_field usg_post_custom_field_1 type_text us_testimonial_author\"><span class=\"w-post-elm-value\">Gr\u00e9ta<\/span><\/div><div class=\"w-post-elm post_custom_field usg_post_custom_field_2 has_text_color type_text us_testimonial_role color_link_inherit\"><span class=\"w-post-elm-value\">V\u00e1s\u00e1rl\u00f3<\/span><\/div><\/div><\/div>\t\t<\/div>\r\n\t\t\t<\/article>\r\n\t<article class=\"w-grid-item size_1x1 post-1987 us_testimonial type-us_testimonial status-publish hentry\" data-id=\"1987\">\r\n\t\t<div class=\"w-grid-item-h\">\r\n\t\t\t\t\t\t<div class=\"w-hwrapper usg_hwrapper_1 align_none valign_top\"><div class=\"w-post-elm post_image usg_post_image_1 with_quote_icon as_circle has_width stretched with_placeholder\"><img loading=\"lazy\" decoding=\"async\" class=\"g-placeholder\" src=\"https:\/\/irgumburgumstudio.hu\/wp-content\/plugins\/us-core\/assets\/images\/placeholder.svg\" width=\"150\" height=\"150\" alt><\/div><div class=\"w-vwrapper usg_vwrapper_1 align_none valign_top\"><div class=\"w-post-elm post_content usg_post_content_1\"><div dir=\"auto\">Sziasztok!<\/div>\n<div dir=\"auto\">Cs\u00fct\u00f6rt\u00f6k\u00f6n rendeltem t\u0151letek egy monokr\u00f3m k\u00e1rtyacsomagot \u00e9s egy pillang\u00f3s mem\u00f3riaka csomagot. P\u00e9ntek reggel m\u00e1r meg is \u00e9rkezett a csomag. K\u00f6sz\u00f6n\u00f6m sz\u00e9pen!<\/div>\n<div dir=\"auto\">A nagyobbik l\u00e1nyom oda meg vissza van a pillang\u00f3k\u00e9rt, \u0151t leptem meg a mem\u00f3riak\u00e1rty\u00e1kkal. Gy\u00f6ny\u00f6r\u0171ek! A design \u00e9s a term\u00e9k min\u0151s\u00e9ge is! A monokr\u00f3m k\u00e1rtya szint\u00fagy!<\/div>\n<div dir=\"auto\">\u00c9s k\u00f6sz\u00f6n\u00f6m azt a kedves &#8220;K\u00f6sz\u00f6n\u00f6m levelet&#8221; amit a csomaghoz tettetek. Megind\u00edt\u00f3! Sok sikert a tov\u00e1bbiakban is<\/div>\n<\/div><div class=\"w-post-elm post_custom_field usg_post_custom_field_1 type_text us_testimonial_author\"><span class=\"w-post-elm-value\">Brigi<\/span><\/div><div class=\"w-post-elm post_custom_field usg_post_custom_field_2 has_text_color type_text us_testimonial_role color_link_inherit\"><span class=\"w-post-elm-value\">V\u00e1s\u00e1rl\u00f3<\/span><\/div><\/div><\/div>\t\t<\/div>\r\n\t\t\t<\/article>\r\n\t<article class=\"w-grid-item size_1x1 post-80 us_testimonial type-us_testimonial status-publish hentry\" data-id=\"80\">\r\n\t\t<div class=\"w-grid-item-h\">\r\n\t\t\t\t\t\t<div class=\"w-hwrapper usg_hwrapper_1 align_none valign_top\"><div class=\"w-post-elm post_image usg_post_image_1 with_quote_icon as_circle has_width stretched with_placeholder\"><img loading=\"lazy\" decoding=\"async\" class=\"g-placeholder\" src=\"https:\/\/irgumburgumstudio.hu\/wp-content\/plugins\/us-core\/assets\/images\/placeholder.svg\" width=\"150\" height=\"150\" alt><\/div><div class=\"w-vwrapper usg_vwrapper_1 align_none valign_top\"><div class=\"w-post-elm post_content usg_post_content_1\"><div dir=\"auto\">Sziasztok!<\/div>\n<div dir=\"auto\">Engedj\u00e9tek meg, hogy visszajelz\u00e9st adjak a monokr\u00f3m k\u00e1rty\u00e1itokr\u00f3l. Az \u00edm\u00e9nt p\u00f6rgettem vissza a telefonomban l\u00e9v\u0151 k\u00e9peket \u00e9s r\u00e1akadtam az al\u00e1bbi k\u00e9pre. Az ikreim extr\u00e9m korasz\u00fcl\u00f6ttek, 27 h\u00e9tre sz\u00fclettek 530 \u00e9s 750 grammal, sajnos a kicsivel sokat kellett m\u00e9g k\u00f3rh\u00e1zban maradnunk plusz oxig\u00e9n ig\u00e9nye miatt. Viszont a mack\u00f3 nagy pajt\u00e1sa volt, sz\u00edvesen n\u00e9zegette forgatta ut\u00e1na a fej\u00e9t.<\/div>\n<div dir=\"auto\">K\u00f6sz\u00f6nj\u00fck hogy h\u0171 t\u00e1rsunk lehettek a monokr\u00f3m k\u00e1rty\u00e1k a k\u00f3rh\u00e1zban is! \u2661<\/div>\n<\/div><div class=\"w-post-elm post_custom_field usg_post_custom_field_1 type_text us_testimonial_author\"><span class=\"w-post-elm-value\">Timi<\/span><\/div><div class=\"w-post-elm post_custom_field usg_post_custom_field_2 has_text_color type_text us_testimonial_role color_link_inherit\"><span class=\"w-post-elm-value\">V\u00e1s\u00e1rl\u00f3<\/span><\/div><\/div><\/div>\t\t<\/div>\r\n\t\t\t<\/article>\r\n<\/div><div class=\"w-grid-preloader\">\t<div class=\"g-preloader type_1\">\r\n\t\t<div><\/div>\r\n\t<\/div>\r\n\t<\/div>\t<div class=\"w-grid-json hidden\" onclick='return {&quot;action&quot;:&quot;us_ajax_grid&quot;,&quot;infinite_scroll&quot;:0,&quot;max_num_pages&quot;:2,&quot;pagination&quot;:&quot;none&quot;,&quot;template_vars&quot;:{&quot;columns&quot;:&quot;2&quot;,&quot;exclude_items&quot;:&quot;none&quot;,&quot;img_size&quot;:&quot;default&quot;,&quot;ignore_items_size&quot;:0,&quot;items_layout&quot;:&quot;testimonial_4&quot;,&quot;items_offset&quot;:&quot;1&quot;,&quot;load_animation&quot;:&quot;none&quot;,&quot;overriding_link&quot;:&quot;{\\&quot;url\\&quot;:\\&quot;\\&quot;}&quot;,&quot;post_id&quot;:0,&quot;query_args&quot;:{&quot;post_type&quot;:[&quot;us_testimonial&quot;],&quot;post_status&quot;:[&quot;publish&quot;],&quot;posts_per_page&quot;:&quot;4&quot;},&quot;orderby_query_args&quot;:{&quot;orderby&quot;:{&quot;date&quot;:&quot;DESC&quot;}},&quot;type&quot;:&quot;grid&quot;,&quot;us_grid_post_type&quot;:&quot;us_testimonial&quot;,&quot;us_grid_ajax_index&quot;:1,&quot;us_grid_filter_query_string&quot;:null,&quot;us_grid_index&quot;:1,&quot;page_args&quot;:[]}}'><\/div>\r\n\t<\/div><\/div><\/div><\/div><\/div><\/div><\/section>\n","protected":false},"excerpt":{"rendered":"Sziasztok! Engedj\u00e9tek meg, hogy visszajelz\u00e9st adjak a monokr\u00f3m k\u00e1rty\u00e1itokr\u00f3l. Az \u00edm\u00e9nt p\u00f6rgettem vissza a telefonomban l\u00e9v\u0151 k\u00e9peket \u00e9s r\u00e1akadtam az al\u00e1bbi k\u00e9pre. Az ikreim extr\u00e9m korasz\u00fcl\u00f6ttek, 27 h\u00e9tre sz\u00fclettek 530 \u00e9s 750 grammal, sajnos a kicsivel sokat kellett m\u00e9g k\u00f3rh\u00e1zban maradnunk plusz oxig\u00e9n ig\u00e9nye miatt. Viszont a mack\u00f3 nagy pajt\u00e1sa volt, sz\u00edvesen n\u00e9zegette forgatta ut\u00e1na...","protected":false},"author":1,"featured_media":0,"parent":0,"menu_order":0,"comment_status":"closed","ping_status":"closed","template":"","meta":{"footnotes":""},"class_list":["post-4217","page","type-page","status-publish","hentry"],"yoast_head":"<!-- This site is optimized with the Yoast SEO plugin v27.3 - https:\/\/yoast.com\/product\/yoast-seo-wordpress\/ -->\n<title>Why Buy From Us - IrgumburgumStudio<\/title>\n<meta name=\"robots\" content=\"index, follow, max-snippet:-1, max-image-preview:large, max-video-preview:-1\" \/>\n<link rel=\"canonical\" href=\"https:\/\/irgumburgumstudio.hu\/en\/why-buy-from-us\/\" \/>\n<meta property=\"og:locale\" content=\"en_US\" \/>\n<meta property=\"og:type\" content=\"article\" \/>\n<meta property=\"og:title\" content=\"Why Buy From Us - IrgumburgumStudio\" \/>\n<meta property=\"og:url\" content=\"https:\/\/irgumburgumstudio.hu\/en\/why-buy-from-us\/\" \/>\n<meta property=\"og:site_name\" content=\"IrgumburgumStudio\" \/>\n<meta property=\"article:publisher\" content=\"https:\/\/www.facebook.com\/profile.php?id=100040055444498\" \/>\n<meta name=\"twitter:card\" content=\"summary_large_image\" \/>\n<meta name=\"twitter:label1\" content=\"Est. reading time\" \/>\n\t<meta name=\"twitter:data1\" content=\"2 minutes\" \/>\n<script type=\"application\/ld+json\" class=\"yoast-schema-graph\">{\"@context\":\"https:\\\/\\\/schema.org\",\"@graph\":[{\"@type\":\"WebPage\",\"@id\":\"https:\\\/\\\/irgumburgumstudio.hu\\\/why-buy-from-us\\\/\",\"url\":\"https:\\\/\\\/irgumburgumstudio.hu\\\/why-buy-from-us\\\/\",\"name\":\"Why Buy From Us - IrgumburgumStudio\",\"isPartOf\":{\"@id\":\"https:\\\/\\\/irgumburgumstudio.hu\\\/#website\"},\"datePublished\":\"2019-08-16T15:11:29+00:00\",\"breadcrumb\":{\"@id\":\"https:\\\/\\\/irgumburgumstudio.hu\\\/why-buy-from-us\\\/#breadcrumb\"},\"inLanguage\":\"en-US\",\"potentialAction\":[{\"@type\":\"ReadAction\",\"target\":[\"https:\\\/\\\/irgumburgumstudio.hu\\\/why-buy-from-us\\\/\"]}]},{\"@type\":\"BreadcrumbList\",\"@id\":\"https:\\\/\\\/irgumburgumstudio.hu\\\/why-buy-from-us\\\/#breadcrumb\",\"itemListElement\":[{\"@type\":\"ListItem\",\"position\":1,\"name\":\"Home\",\"item\":\"https:\\\/\\\/irgumburgumstudio.hu\\\/\"},{\"@type\":\"ListItem\",\"position\":2,\"name\":\"Why Buy From Us\"}]},{\"@type\":\"WebSite\",\"@id\":\"https:\\\/\\\/irgumburgumstudio.hu\\\/#website\",\"url\":\"https:\\\/\\\/irgumburgumstudio.hu\\\/\",\"name\":\"IrgumburgumStudio\",\"description\":\"IrgumburgumStudio - k\u00e9zzel k\u00e9sz\u00edtett egyedi term\u00e9kek.\",\"publisher\":{\"@id\":\"https:\\\/\\\/irgumburgumstudio.hu\\\/#organization\"},\"potentialAction\":[{\"@type\":\"SearchAction\",\"target\":{\"@type\":\"EntryPoint\",\"urlTemplate\":\"https:\\\/\\\/irgumburgumstudio.hu\\\/?s={search_term_string}\"},\"query-input\":{\"@type\":\"PropertyValueSpecification\",\"valueRequired\":true,\"valueName\":\"search_term_string\"}}],\"inLanguage\":\"en-US\"},{\"@type\":\"Organization\",\"@id\":\"https:\\\/\\\/irgumburgumstudio.hu\\\/#organization\",\"name\":\"IrgumburgumStudio\",\"url\":\"https:\\\/\\\/irgumburgumstudio.hu\\\/\",\"logo\":{\"@type\":\"ImageObject\",\"inLanguage\":\"en-US\",\"@id\":\"https:\\\/\\\/irgumburgumstudio.hu\\\/#\\\/schema\\\/logo\\\/image\\\/\",\"url\":\"https:\\\/\\\/irgumburgumstudio.hu\\\/wp-content\\\/uploads\\\/2019\\\/10\\\/cropped-logoszines-min.png\",\"contentUrl\":\"https:\\\/\\\/irgumburgumstudio.hu\\\/wp-content\\\/uploads\\\/2019\\\/10\\\/cropped-logoszines-min.png\",\"width\":512,\"height\":512,\"caption\":\"IrgumburgumStudio\"},\"image\":{\"@id\":\"https:\\\/\\\/irgumburgumstudio.hu\\\/#\\\/schema\\\/logo\\\/image\\\/\"},\"sameAs\":[\"https:\\\/\\\/www.facebook.com\\\/profile.php?id=100040055444498\"]}]}<\/script>\n<!-- \/ Yoast SEO plugin. -->","yoast_head_json":{"title":"Why Buy From Us - IrgumburgumStudio","robots":{"index":"index","follow":"follow","max-snippet":"max-snippet:-1","max-image-preview":"max-image-preview:large","max-video-preview":"max-video-preview:-1"},"canonical":"https:\/\/irgumburgumstudio.hu\/en\/why-buy-from-us\/","og_locale":"en_US","og_type":"article","og_title":"Why Buy From Us - IrgumburgumStudio","og_url":"https:\/\/irgumburgumstudio.hu\/en\/why-buy-from-us\/","og_site_name":"IrgumburgumStudio","article_publisher":"https:\/\/www.facebook.com\/profile.php?id=100040055444498","twitter_card":"summary_large_image","twitter_misc":{"Est. reading time":"2 minutes"},"schema":{"@context":"https:\/\/schema.org","@graph":[{"@type":"WebPage","@id":"https:\/\/irgumburgumstudio.hu\/why-buy-from-us\/","url":"https:\/\/irgumburgumstudio.hu\/why-buy-from-us\/","name":"Why Buy From Us - IrgumburgumStudio","isPartOf":{"@id":"https:\/\/irgumburgumstudio.hu\/#website"},"datePublished":"2019-08-16T15:11:29+00:00","breadcrumb":{"@id":"https:\/\/irgumburgumstudio.hu\/why-buy-from-us\/#breadcrumb"},"inLanguage":"en-US","potentialAction":[{"@type":"ReadAction","target":["https:\/\/irgumburgumstudio.hu\/why-buy-from-us\/"]}]},{"@type":"BreadcrumbList","@id":"https:\/\/irgumburgumstudio.hu\/why-buy-from-us\/#breadcrumb","itemListElement":[{"@type":"ListItem","position":1,"name":"Home","item":"https:\/\/irgumburgumstudio.hu\/"},{"@type":"ListItem","position":2,"name":"Why Buy From Us"}]},{"@type":"WebSite","@id":"https:\/\/irgumburgumstudio.hu\/#website","url":"https:\/\/irgumburgumstudio.hu\/","name":"IrgumburgumStudio","description":"IrgumburgumStudio - k\u00e9zzel k\u00e9sz\u00edtett egyedi term\u00e9kek.","publisher":{"@id":"https:\/\/irgumburgumstudio.hu\/#organization"},"potentialAction":[{"@type":"SearchAction","target":{"@type":"EntryPoint","urlTemplate":"https:\/\/irgumburgumstudio.hu\/?s={search_term_string}"},"query-input":{"@type":"PropertyValueSpecification","valueRequired":true,"valueName":"search_term_string"}}],"inLanguage":"en-US"},{"@type":"Organization","@id":"https:\/\/irgumburgumstudio.hu\/#organization","name":"IrgumburgumStudio","url":"https:\/\/irgumburgumstudio.hu\/","logo":{"@type":"ImageObject","inLanguage":"en-US","@id":"https:\/\/irgumburgumstudio.hu\/#\/schema\/logo\/image\/","url":"https:\/\/irgumburgumstudio.hu\/wp-content\/uploads\/2019\/10\/cropped-logoszines-min.png","contentUrl":"https:\/\/irgumburgumstudio.hu\/wp-content\/uploads\/2019\/10\/cropped-logoszines-min.png","width":512,"height":512,"caption":"IrgumburgumStudio"},"image":{"@id":"https:\/\/irgumburgumstudio.hu\/#\/schema\/logo\/image\/"},"sameAs":["https:\/\/www.facebook.com\/profile.php?id=100040055444498"]}]}},"_links":{"self":[{"href":"https:\/\/irgumburgumstudio.hu\/en\/wp-json\/wp\/v2\/pages\/4217","targetHints":{"allow":["GET"]}}],"collection":[{"href":"https:\/\/irgumburgumstudio.hu\/en\/wp-json\/wp\/v2\/pages"}],"about":[{"href":"https:\/\/irgumburgumstudio.hu\/en\/wp-json\/wp\/v2\/types\/page"}],"author":[{"embeddable":true,"href":"https:\/\/irgumburgumstudio.hu\/en\/wp-json\/wp\/v2\/users\/1"}],"replies":[{"embeddable":true,"href":"https:\/\/irgumburgumstudio.hu\/en\/wp-json\/wp\/v2\/comments?post=4217"}],"version-history":[{"count":0,"href":"https:\/\/irgumburgumstudio.hu\/en\/wp-json\/wp\/v2\/pages\/4217\/revisions"}],"wp:attachment":[{"href":"https:\/\/irgumburgumstudio.hu\/en\/wp-json\/wp\/v2\/media?parent=4217"}],"curies":[{"name":"wp","href":"https:\/\/api.w.org\/{rel}","templated":true}]}}