{"id":3322,"date":"2019-10-11T16:14:54","date_gmt":"2019-10-11T16:14:54","guid":{"rendered":"https:\/\/www.irgumburgumstudio.hu\/?page_id=3322"},"modified":"2025-02-11T17:12:04","modified_gmt":"2025-02-11T17:12:04","slug":"az-irgumburgumrol","status":"publish","type":"page","link":"https:\/\/irgumburgumstudio.hu\/en\/az-irgumburgumrol\/","title":{"rendered":"AZ IRGUMBURGUMR\u00d3L"},"content":{"rendered":"<section class=\"l-section wpb_row height_small\"><div class=\"l-section-h i-cf\"><div class=\"g-cols vc_row via_flex valign_top type_default stacking_default\"><div class=\"vc_col-sm-12 wpb_column vc_column_container\"><div class=\"vc_column-inner\"><div class=\"wpb_wrapper\"><h2 style=\"text-align: left\" class=\"vc_custom_heading vc_do_custom_heading us_custom_cda6f729\" >Az irgumburgumr\u00f3l<\/h2><\/div><\/div><\/div><\/div><\/div><\/section><section class=\"l-section wpb_row height_small\"><div class=\"l-section-h i-cf\"><div class=\"g-cols vc_row via_flex valign_top type_default stacking_default\"><div class=\"vc_col-sm-6 wpb_column vc_column_container\"><div class=\"vc_column-inner\"><div class=\"wpb_wrapper\"><div class=\"w-image align_none\"><div class=\"w-image-h\"><img decoding=\"async\" width=\"678\" height=\"1024\" src=\"https:\/\/irgumburgumstudio.hu\/wp-content\/uploads\/2020\/10\/DSC5052-678x1024.jpg\" class=\"attachment-large size-large\" alt=\"\" loading=\"lazy\" srcset=\"https:\/\/irgumburgumstudio.hu\/wp-content\/uploads\/2020\/10\/DSC5052-678x1024.jpg 678w, https:\/\/irgumburgumstudio.hu\/wp-content\/uploads\/2020\/10\/DSC5052-199x300.jpg 199w, https:\/\/irgumburgumstudio.hu\/wp-content\/uploads\/2020\/10\/DSC5052-160x242.jpg 160w, https:\/\/irgumburgumstudio.hu\/wp-content\/uploads\/2020\/10\/DSC5052-540x815.jpg 540w, https:\/\/irgumburgumstudio.hu\/wp-content\/uploads\/2020\/10\/DSC5052-scaled.jpg 1696w\" sizes=\"auto, (max-width: 678px) 100vw, 678px\" \/><\/div><\/div><\/div><\/div><\/div><div class=\"vc_col-sm-6 wpb_column vc_column_container\"><div class=\"vc_column-inner\"><div class=\"wpb_wrapper\"><div class=\"wpb_text_column\"><div class=\"wpb_wrapper\"><p><span>Dana vagyok az IRGUMBURGUMST\u00daDI\u00d3 meg\u00e1lmod\u00f3ja \u00e9s alkot\u00f3ja.<br \/>\nA m\u00e1rka id\u00e9n \u00fcnnepli a 6. sz\u00fclet\u00e9snapj\u00e1t, \u00e9s elk\u00e9peszt\u0151 \u00e9rz\u00e9s visszatekinteni arra az \u00fatra, amit eddig bej\u00e1rtam.<\/span><\/p>\n<p><span>Az Irgumburgumst\u00fadi\u00f3 \u00fatja alatt lettem k\u00e9t gy\u00f6ny\u00f6r\u0171 kisl\u00e1ny \u00e9desanyja, akik m\u00e9g k\u00fcl\u00f6nlegesebb jelent\u0151s\u00e9ggel t\u00f6lt\u00f6tt\u00e9k meg ezt az \u00e1lmot. Az elm\u00falt id\u0151szakban, m\u00e1sodik gyermek\u00fcnk sz\u00fclet\u00e9se ut\u00e1n, kicsit h\u00e1tt\u00e9rbe szorult a posztol\u00e1s \u00e9s a k\u00f6z\u00f6ss\u00e9gi jelenl\u00e9t, de a webshop \u00edgy is sz\u00e9pen tette a dolg\u00e1t. Most azonban \u00faj lend\u00fclettel \u00e9s rengeteg \u00f6tlettel t\u00e9rek vissza!<\/span><\/p>\n<p><span>A term\u00e9szet ir\u00e1nti szeretetem mindig is meghat\u00e1rozta a munk\u00e1imat \u2013 a term\u00e9keim szinte magukt\u00f3l kelnek \u00e9letre, amikor meg\u00e9rint a term\u00e9szet egyszer\u0171 sz\u00e9ps\u00e9ge. \u00c9s most valami igaz\u00e1n k\u00fcl\u00f6nleges k\u00e9sz\u00fcl: hamarosan deb\u00fct\u00e1l a leg\u00fajabb term\u00e9kcsal\u00e1dunk, amit m\u00e1r izgatottan v\u00e1runk mindannyian.<\/span><\/p>\n<p><span>A k\u00f6zelj\u00f6v\u0151ben szeretn\u00e9m m\u00e9g k\u00f6zelebb hozni hozz\u00e1tok a m\u00e1rk\u00e1t: sok-sok inspir\u00e1l\u00f3 vide\u00f3val \u00e9s betekint\u00e9ssel k\u00e9sz\u00fcl\u00f6k, hogy megmutassam, mi zajlik a kulissz\u00e1k m\u00f6g\u00f6tt. Rem\u00e9lem, velem tartotok ezen az izgalmas \u00faton!<\/span><\/p>\n<p>Ha \u00e9rdekelnek a tartalmaink, akkor k\u00f6vessetek benn\u00fcnket az instagrammon, ott vagyunk a legakt\u00edvabbak!<\/p>\n<p><span>K\u00f6sz\u00f6n\u00f6m, hogy itt vagytok, t\u00e1mogattok, \u00e9s egy\u00fctt \u00e9p\u00edtj\u00fck ezt a kis k\u00f6z\u00f6ss\u00e9get!\u00a0<\/span><\/p>\n<p><span>Dana, az Irgumburgumst\u00fadi\u00f3 meg\u00e1lmod\u00f3ja \u00e9s megalkot\u00f3ja! &#x2728;<\/span><\/p>\n<\/div><\/div><\/div><\/div><\/div><\/div><\/div><\/section>","protected":false},"excerpt":{"rendered":"Az irgumburgumr\u00f3lDana vagyok az IRGUMBURGUMST\u00daDI\u00d3 meg\u00e1lmod\u00f3ja \u00e9s alkot\u00f3ja. A m\u00e1rka id\u00e9n \u00fcnnepli a 6. sz\u00fclet\u00e9snapj\u00e1t, \u00e9s elk\u00e9peszt\u0151 \u00e9rz\u00e9s visszatekinteni arra az \u00fatra, amit eddig bej\u00e1rtam. Az Irgumburgumst\u00fadi\u00f3 \u00fatja alatt lettem k\u00e9t gy\u00f6ny\u00f6r\u0171 kisl\u00e1ny \u00e9desanyja, akik m\u00e9g k\u00fcl\u00f6nlegesebb jelent\u0151s\u00e9ggel t\u00f6lt\u00f6tt\u00e9k meg ezt az \u00e1lmot. Az elm\u00falt id\u0151szakban, m\u00e1sodik gyermek\u00fcnk sz\u00fclet\u00e9se ut\u00e1n, kicsit h\u00e1tt\u00e9rbe szorult a posztol\u00e1s...","protected":false},"author":1,"featured_media":2990,"parent":0,"menu_order":0,"comment_status":"closed","ping_status":"closed","template":"","meta":{"footnotes":""},"class_list":["post-3322","page","type-page","status-publish","has-post-thumbnail","hentry"],"yoast_head":"<!-- This site is optimized with the Yoast SEO plugin v27.4 - https:\/\/yoast.com\/product\/yoast-seo-wordpress\/ -->\n<title>AZ IRGUMBURGUMR\u00d3L - IrgumburgumStudio<\/title>\n<meta name=\"robots\" content=\"index, follow, max-snippet:-1, max-image-preview:large, max-video-preview:-1\" \/>\n<link rel=\"canonical\" href=\"https:\/\/irgumburgumstudio.hu\/en\/az-irgumburgumrol\/\" \/>\n<meta property=\"og:locale\" content=\"en_US\" \/>\n<meta property=\"og:type\" content=\"article\" \/>\n<meta property=\"og:title\" content=\"AZ IRGUMBURGUMR\u00d3L - IrgumburgumStudio\" \/>\n<meta property=\"og:url\" content=\"https:\/\/irgumburgumstudio.hu\/en\/az-irgumburgumrol\/\" \/>\n<meta property=\"og:site_name\" content=\"IrgumburgumStudio\" \/>\n<meta property=\"article:publisher\" content=\"https:\/\/www.facebook.com\/profile.php?id=100040055444498\" \/>\n<meta property=\"article:modified_time\" content=\"2025-02-11T17:12:04+00:00\" \/>\n<meta property=\"og:image\" content=\"https:\/\/irgumburgumstudio.hu\/wp-content\/uploads\/2019\/01\/bg-LP-02.jpg\" \/>\n\t<meta property=\"og:image:width\" content=\"1920\" \/>\n\t<meta property=\"og:image:height\" content=\"1123\" \/>\n\t<meta property=\"og:image:type\" content=\"image\/jpeg\" \/>\n<meta name=\"twitter:card\" content=\"summary_large_image\" \/>\n<meta name=\"twitter:label1\" content=\"Est. reading time\" \/>\n\t<meta name=\"twitter:data1\" content=\"2 minutes\" \/>\n<script type=\"application\/ld+json\" class=\"yoast-schema-graph\">{\"@context\":\"https:\\\/\\\/schema.org\",\"@graph\":[{\"@type\":\"WebPage\",\"@id\":\"https:\\\/\\\/irgumburgumstudio.hu\\\/az-irgumburgumrol\\\/\",\"url\":\"https:\\\/\\\/irgumburgumstudio.hu\\\/az-irgumburgumrol\\\/\",\"name\":\"AZ IRGUMBURGUMR\u00d3L - IrgumburgumStudio\",\"isPartOf\":{\"@id\":\"https:\\\/\\\/irgumburgumstudio.hu\\\/#website\"},\"primaryImageOfPage\":{\"@id\":\"https:\\\/\\\/irgumburgumstudio.hu\\\/az-irgumburgumrol\\\/#primaryimage\"},\"image\":{\"@id\":\"https:\\\/\\\/irgumburgumstudio.hu\\\/az-irgumburgumrol\\\/#primaryimage\"},\"thumbnailUrl\":\"https:\\\/\\\/irgumburgumstudio.hu\\\/wp-content\\\/uploads\\\/2019\\\/01\\\/bg-LP-02.jpg\",\"datePublished\":\"2019-10-11T16:14:54+00:00\",\"dateModified\":\"2025-02-11T17:12:04+00:00\",\"breadcrumb\":{\"@id\":\"https:\\\/\\\/irgumburgumstudio.hu\\\/az-irgumburgumrol\\\/#breadcrumb\"},\"inLanguage\":\"en-US\",\"potentialAction\":[{\"@type\":\"ReadAction\",\"target\":[\"https:\\\/\\\/irgumburgumstudio.hu\\\/az-irgumburgumrol\\\/\"]}]},{\"@type\":\"ImageObject\",\"inLanguage\":\"en-US\",\"@id\":\"https:\\\/\\\/irgumburgumstudio.hu\\\/az-irgumburgumrol\\\/#primaryimage\",\"url\":\"https:\\\/\\\/irgumburgumstudio.hu\\\/wp-content\\\/uploads\\\/2019\\\/01\\\/bg-LP-02.jpg\",\"contentUrl\":\"https:\\\/\\\/irgumburgumstudio.hu\\\/wp-content\\\/uploads\\\/2019\\\/01\\\/bg-LP-02.jpg\",\"width\":1920,\"height\":1123},{\"@type\":\"BreadcrumbList\",\"@id\":\"https:\\\/\\\/irgumburgumstudio.hu\\\/az-irgumburgumrol\\\/#breadcrumb\",\"itemListElement\":[{\"@type\":\"ListItem\",\"position\":1,\"name\":\"Home\",\"item\":\"https:\\\/\\\/irgumburgumstudio.hu\\\/\"},{\"@type\":\"ListItem\",\"position\":2,\"name\":\"AZ IRGUMBURGUMR\u00d3L\"}]},{\"@type\":\"WebSite\",\"@id\":\"https:\\\/\\\/irgumburgumstudio.hu\\\/#website\",\"url\":\"https:\\\/\\\/irgumburgumstudio.hu\\\/\",\"name\":\"IrgumburgumStudio\",\"description\":\"IrgumburgumStudio - k\u00e9zzel k\u00e9sz\u00edtett egyedi term\u00e9kek.\",\"publisher\":{\"@id\":\"https:\\\/\\\/irgumburgumstudio.hu\\\/#organization\"},\"potentialAction\":[{\"@type\":\"SearchAction\",\"target\":{\"@type\":\"EntryPoint\",\"urlTemplate\":\"https:\\\/\\\/irgumburgumstudio.hu\\\/?s={search_term_string}\"},\"query-input\":{\"@type\":\"PropertyValueSpecification\",\"valueRequired\":true,\"valueName\":\"search_term_string\"}}],\"inLanguage\":\"en-US\"},{\"@type\":\"Organization\",\"@id\":\"https:\\\/\\\/irgumburgumstudio.hu\\\/#organization\",\"name\":\"IrgumburgumStudio\",\"url\":\"https:\\\/\\\/irgumburgumstudio.hu\\\/\",\"logo\":{\"@type\":\"ImageObject\",\"inLanguage\":\"en-US\",\"@id\":\"https:\\\/\\\/irgumburgumstudio.hu\\\/#\\\/schema\\\/logo\\\/image\\\/\",\"url\":\"https:\\\/\\\/irgumburgumstudio.hu\\\/wp-content\\\/uploads\\\/2019\\\/10\\\/cropped-logoszines-min.png\",\"contentUrl\":\"https:\\\/\\\/irgumburgumstudio.hu\\\/wp-content\\\/uploads\\\/2019\\\/10\\\/cropped-logoszines-min.png\",\"width\":512,\"height\":512,\"caption\":\"IrgumburgumStudio\"},\"image\":{\"@id\":\"https:\\\/\\\/irgumburgumstudio.hu\\\/#\\\/schema\\\/logo\\\/image\\\/\"},\"sameAs\":[\"https:\\\/\\\/www.facebook.com\\\/profile.php?id=100040055444498\"]}]}<\/script>\n<!-- \/ Yoast SEO plugin. -->","yoast_head_json":{"title":"AZ IRGUMBURGUMR\u00d3L - IrgumburgumStudio","robots":{"index":"index","follow":"follow","max-snippet":"max-snippet:-1","max-image-preview":"max-image-preview:large","max-video-preview":"max-video-preview:-1"},"canonical":"https:\/\/irgumburgumstudio.hu\/en\/az-irgumburgumrol\/","og_locale":"en_US","og_type":"article","og_title":"AZ IRGUMBURGUMR\u00d3L - IrgumburgumStudio","og_url":"https:\/\/irgumburgumstudio.hu\/en\/az-irgumburgumrol\/","og_site_name":"IrgumburgumStudio","article_publisher":"https:\/\/www.facebook.com\/profile.php?id=100040055444498","article_modified_time":"2025-02-11T17:12:04+00:00","og_image":[{"width":1920,"height":1123,"url":"https:\/\/irgumburgumstudio.hu\/wp-content\/uploads\/2019\/01\/bg-LP-02.jpg","type":"image\/jpeg"}],"twitter_card":"summary_large_image","twitter_misc":{"Est. reading time":"2 minutes"},"schema":{"@context":"https:\/\/schema.org","@graph":[{"@type":"WebPage","@id":"https:\/\/irgumburgumstudio.hu\/az-irgumburgumrol\/","url":"https:\/\/irgumburgumstudio.hu\/az-irgumburgumrol\/","name":"AZ IRGUMBURGUMR\u00d3L - IrgumburgumStudio","isPartOf":{"@id":"https:\/\/irgumburgumstudio.hu\/#website"},"primaryImageOfPage":{"@id":"https:\/\/irgumburgumstudio.hu\/az-irgumburgumrol\/#primaryimage"},"image":{"@id":"https:\/\/irgumburgumstudio.hu\/az-irgumburgumrol\/#primaryimage"},"thumbnailUrl":"https:\/\/irgumburgumstudio.hu\/wp-content\/uploads\/2019\/01\/bg-LP-02.jpg","datePublished":"2019-10-11T16:14:54+00:00","dateModified":"2025-02-11T17:12:04+00:00","breadcrumb":{"@id":"https:\/\/irgumburgumstudio.hu\/az-irgumburgumrol\/#breadcrumb"},"inLanguage":"en-US","potentialAction":[{"@type":"ReadAction","target":["https:\/\/irgumburgumstudio.hu\/az-irgumburgumrol\/"]}]},{"@type":"ImageObject","inLanguage":"en-US","@id":"https:\/\/irgumburgumstudio.hu\/az-irgumburgumrol\/#primaryimage","url":"https:\/\/irgumburgumstudio.hu\/wp-content\/uploads\/2019\/01\/bg-LP-02.jpg","contentUrl":"https:\/\/irgumburgumstudio.hu\/wp-content\/uploads\/2019\/01\/bg-LP-02.jpg","width":1920,"height":1123},{"@type":"BreadcrumbList","@id":"https:\/\/irgumburgumstudio.hu\/az-irgumburgumrol\/#breadcrumb","itemListElement":[{"@type":"ListItem","position":1,"name":"Home","item":"https:\/\/irgumburgumstudio.hu\/"},{"@type":"ListItem","position":2,"name":"AZ IRGUMBURGUMR\u00d3L"}]},{"@type":"WebSite","@id":"https:\/\/irgumburgumstudio.hu\/#website","url":"https:\/\/irgumburgumstudio.hu\/","name":"IrgumburgumStudio","description":"IrgumburgumStudio - k\u00e9zzel k\u00e9sz\u00edtett egyedi term\u00e9kek.","publisher":{"@id":"https:\/\/irgumburgumstudio.hu\/#organization"},"potentialAction":[{"@type":"SearchAction","target":{"@type":"EntryPoint","urlTemplate":"https:\/\/irgumburgumstudio.hu\/?s={search_term_string}"},"query-input":{"@type":"PropertyValueSpecification","valueRequired":true,"valueName":"search_term_string"}}],"inLanguage":"en-US"},{"@type":"Organization","@id":"https:\/\/irgumburgumstudio.hu\/#organization","name":"IrgumburgumStudio","url":"https:\/\/irgumburgumstudio.hu\/","logo":{"@type":"ImageObject","inLanguage":"en-US","@id":"https:\/\/irgumburgumstudio.hu\/#\/schema\/logo\/image\/","url":"https:\/\/irgumburgumstudio.hu\/wp-content\/uploads\/2019\/10\/cropped-logoszines-min.png","contentUrl":"https:\/\/irgumburgumstudio.hu\/wp-content\/uploads\/2019\/10\/cropped-logoszines-min.png","width":512,"height":512,"caption":"IrgumburgumStudio"},"image":{"@id":"https:\/\/irgumburgumstudio.hu\/#\/schema\/logo\/image\/"},"sameAs":["https:\/\/www.facebook.com\/profile.php?id=100040055444498"]}]}},"_links":{"self":[{"href":"https:\/\/irgumburgumstudio.hu\/en\/wp-json\/wp\/v2\/pages\/3322","targetHints":{"allow":["GET"]}}],"collection":[{"href":"https:\/\/irgumburgumstudio.hu\/en\/wp-json\/wp\/v2\/pages"}],"about":[{"href":"https:\/\/irgumburgumstudio.hu\/en\/wp-json\/wp\/v2\/types\/page"}],"author":[{"embeddable":true,"href":"https:\/\/irgumburgumstudio.hu\/en\/wp-json\/wp\/v2\/users\/1"}],"replies":[{"embeddable":true,"href":"https:\/\/irgumburgumstudio.hu\/en\/wp-json\/wp\/v2\/comments?post=3322"}],"version-history":[{"count":3,"href":"https:\/\/irgumburgumstudio.hu\/en\/wp-json\/wp\/v2\/pages\/3322\/revisions"}],"predecessor-version":[{"id":7456,"href":"https:\/\/irgumburgumstudio.hu\/en\/wp-json\/wp\/v2\/pages\/3322\/revisions\/7456"}],"wp:featuredmedia":[{"embeddable":true,"href":"https:\/\/irgumburgumstudio.hu\/en\/wp-json\/wp\/v2\/media\/2990"}],"wp:attachment":[{"href":"https:\/\/irgumburgumstudio.hu\/en\/wp-json\/wp\/v2\/media?parent=3322"}],"curies":[{"name":"wp","href":"https:\/\/api.w.org\/{rel}","templated":true}]}}