{"id":1572,"date":"2018-11-20T08:52:39","date_gmt":"2018-11-20T08:52:39","guid":{"rendered":"http:\/\/learts.local\/element\/carousel-products-copy\/"},"modified":"2018-11-20T08:52:39","modified_gmt":"2018-11-20T08:52:39","slug":"product-tabs","status":"publish","type":"page","link":"https:\/\/irgumburgumstudio.hu\/en\/elements\/product-tabs\/","title":{"rendered":"Product Tabs"},"content":{"rendered":"<section class=\"l-section wpb_row height_small\"><div class=\"l-section-h i-cf\"><div class=\"g-cols vc_row via_flex valign_top type_default stacking_default\"><div class=\"vc_col-sm-12 wpb_column vc_column_container\"><div class=\"vc_column-inner\"><div class=\"wpb_wrapper\"><div style=\"font-size: 40px;color: #333333;line-height: 56px;text-align: center;font-family:Marcellus;font-weight:400;font-style:normal\" class=\"vc_custom_heading vc_do_custom_heading vc_custom_1542704071619 us_custom_23758ea0\" >Product Tabs Filter<\/div><div class=\"wpb_text_column us_custom_43296eeb\"><div class=\"wpb_wrapper\"><p style=\"font-size: 18px; line-height: 32px; letter-spacing: 0.5px; color: #696969; text-align: center; font-weight: 300;\">Browse a wide range of distinctive pieces of arts you could never find elsewhere.<\/p>\n<\/div><\/div>[learts_space height=&#8221;60&#8243; height_lg=&#8221;40&#8243; height_md=&#8221;30&#8243; height_sm=&#8221;20&#8243; height_xs=&#8221;20&#8243;][learts_product_tabs filter=&#8221;group&#8221; align=&#8221;center&#8221; effect=&#8221;cloudy&#8221; display_star_stock=&#8221;&#8221; number=&#8221;8&#8243; columns=&#8221;4&#8243; pagination_type=&#8221;more-btn&#8221; tabs=&#8221;featured_products,recent_products,sale_products&#8221;][learts_space height=&#8221;60&#8243; height_lg=&#8221;40&#8243; height_md=&#8221;30&#8243; height_sm=&#8221;20&#8243; height_xs=&#8221;20&#8243;]<\/div><\/div><\/div><\/div><\/div><\/section><section class=\"l-section wpb_row height_small\"><div class=\"l-section-h i-cf\"><div class=\"g-cols vc_row via_flex valign_top type_default stacking_default\"><div class=\"vc_col-sm-12 wpb_column vc_column_container\"><div class=\"vc_column-inner\"><div class=\"wpb_wrapper\"><div style=\"font-size: 40px;color: #333333;line-height: 56px;text-align: center;font-family:Marcellus;font-weight:400;font-style:normal\" class=\"vc_custom_heading vc_do_custom_heading vc_custom_1542704079474 us_custom_8b7c6cd9\" >Product Tabs Ajax<\/div><div class=\"wpb_text_column us_custom_07d5fb91\"><div class=\"wpb_wrapper\"><p style=\"font-size: 18px; line-height: 32px; letter-spacing: 0.5px; color: #696969; text-align: center; font-weight: 300;\">Browse a wide range of distinctive pieces of arts you could never find elsewhere.<\/p>\n<\/div><\/div>[learts_space height=&#8221;60&#8243; height_lg=&#8221;40&#8243; height_md=&#8221;30&#8243; height_sm=&#8221;20&#8243; height_xs=&#8221;20&#8243;][learts_product_tabs filter_type=&#8221;ajax&#8221; align=&#8221;center&#8221; effect=&#8221;botanical&#8221; display_star_stock=&#8221;&#8221; number=&#8221;8&#8243; columns=&#8221;4&#8243; pagination_type=&#8221;more-btn&#8221; product_cat_slugs=&#8221;gift-ideas,home-decor,kitchen&#8221;][learts_space height=&#8221;60&#8243; height_lg=&#8221;40&#8243; height_md=&#8221;30&#8243; height_sm=&#8221;20&#8243; height_xs=&#8221;20&#8243;]<\/div><\/div><\/div><\/div><\/div><\/section>\n","protected":false},"excerpt":{"rendered":"Product Tabs FilterBrowse a wide range of distinctive pieces of arts you could never find elsewhere. [learts_space height=\"60\" height_lg=\"40\" height_md=\"30\" height_sm=\"20\" height_xs=\"20\"][learts_product_tabs filter=\"group\" align=\"center\" effect=\"cloudy\" display_star_stock=\"\" number=\"8\" columns=\"4\" pagination_type=\"more-btn\" tabs=\"featured_products,recent_products,sale_products\"][learts_space height=\"60\" height_lg=\"40\" height_md=\"30\" height_sm=\"20\" height_xs=\"20\"]Product Tabs AjaxBrowse a wide range of distinctive pieces of arts you could never find elsewhere. [learts_space height=\"60\" height_lg=\"40\" height_md=\"30\" height_sm=\"20\"...","protected":false},"author":1,"featured_media":0,"parent":194,"menu_order":0,"comment_status":"closed","ping_status":"closed","template":"","meta":{"footnotes":""},"class_list":["post-1572","page","type-page","status-publish","hentry"],"yoast_head":"<!-- This site is optimized with the Yoast SEO plugin v27.5 - https:\/\/yoast.com\/product\/yoast-seo-wordpress\/ -->\n<title>Product Tabs - IrgumburgumStudio<\/title>\n<meta name=\"robots\" content=\"index, follow, max-snippet:-1, max-image-preview:large, max-video-preview:-1\" \/>\n<link rel=\"canonical\" href=\"https:\/\/irgumburgumstudio.hu\/en\/elements\/product-tabs\/\" \/>\n<meta property=\"og:locale\" content=\"en_US\" \/>\n<meta property=\"og:type\" content=\"article\" \/>\n<meta property=\"og:title\" content=\"Product Tabs - IrgumburgumStudio\" \/>\n<meta property=\"og:url\" content=\"https:\/\/irgumburgumstudio.hu\/en\/elements\/product-tabs\/\" \/>\n<meta property=\"og:site_name\" content=\"IrgumburgumStudio\" \/>\n<meta property=\"article:publisher\" content=\"https:\/\/www.facebook.com\/profile.php?id=100040055444498\" \/>\n<meta name=\"twitter:card\" content=\"summary_large_image\" \/>\n<meta name=\"twitter:label1\" content=\"Est. reading time\" \/>\n\t<meta name=\"twitter:data1\" content=\"1 minute\" \/>\n<script type=\"application\/ld+json\" class=\"yoast-schema-graph\">{\"@context\":\"https:\\\/\\\/schema.org\",\"@graph\":[{\"@type\":\"WebPage\",\"@id\":\"https:\\\/\\\/irgumburgumstudio.hu\\\/elements\\\/product-tabs\\\/\",\"url\":\"https:\\\/\\\/irgumburgumstudio.hu\\\/elements\\\/product-tabs\\\/\",\"name\":\"Product Tabs - IrgumburgumStudio\",\"isPartOf\":{\"@id\":\"https:\\\/\\\/irgumburgumstudio.hu\\\/#website\"},\"datePublished\":\"2018-11-20T08:52:39+00:00\",\"breadcrumb\":{\"@id\":\"https:\\\/\\\/irgumburgumstudio.hu\\\/elements\\\/product-tabs\\\/#breadcrumb\"},\"inLanguage\":\"en-US\",\"potentialAction\":[{\"@type\":\"ReadAction\",\"target\":[\"https:\\\/\\\/irgumburgumstudio.hu\\\/elements\\\/product-tabs\\\/\"]}]},{\"@type\":\"BreadcrumbList\",\"@id\":\"https:\\\/\\\/irgumburgumstudio.hu\\\/elements\\\/product-tabs\\\/#breadcrumb\",\"itemListElement\":[{\"@type\":\"ListItem\",\"position\":1,\"name\":\"Home\",\"item\":\"https:\\\/\\\/irgumburgumstudio.hu\\\/\"},{\"@type\":\"ListItem\",\"position\":2,\"name\":\"Elements\",\"item\":\"https:\\\/\\\/irgumburgumstudio.hu\\\/?page_id=194\"},{\"@type\":\"ListItem\",\"position\":3,\"name\":\"Product Tabs\"}]},{\"@type\":\"WebSite\",\"@id\":\"https:\\\/\\\/irgumburgumstudio.hu\\\/#website\",\"url\":\"https:\\\/\\\/irgumburgumstudio.hu\\\/\",\"name\":\"IrgumburgumStudio\",\"description\":\"IrgumburgumStudio - k\u00e9zzel k\u00e9sz\u00edtett egyedi term\u00e9kek.\",\"publisher\":{\"@id\":\"https:\\\/\\\/irgumburgumstudio.hu\\\/#organization\"},\"potentialAction\":[{\"@type\":\"SearchAction\",\"target\":{\"@type\":\"EntryPoint\",\"urlTemplate\":\"https:\\\/\\\/irgumburgumstudio.hu\\\/?s={search_term_string}\"},\"query-input\":{\"@type\":\"PropertyValueSpecification\",\"valueRequired\":true,\"valueName\":\"search_term_string\"}}],\"inLanguage\":\"en-US\"},{\"@type\":\"Organization\",\"@id\":\"https:\\\/\\\/irgumburgumstudio.hu\\\/#organization\",\"name\":\"IrgumburgumStudio\",\"url\":\"https:\\\/\\\/irgumburgumstudio.hu\\\/\",\"logo\":{\"@type\":\"ImageObject\",\"inLanguage\":\"en-US\",\"@id\":\"https:\\\/\\\/irgumburgumstudio.hu\\\/#\\\/schema\\\/logo\\\/image\\\/\",\"url\":\"https:\\\/\\\/irgumburgumstudio.hu\\\/wp-content\\\/uploads\\\/2019\\\/10\\\/cropped-logoszines-min.png\",\"contentUrl\":\"https:\\\/\\\/irgumburgumstudio.hu\\\/wp-content\\\/uploads\\\/2019\\\/10\\\/cropped-logoszines-min.png\",\"width\":512,\"height\":512,\"caption\":\"IrgumburgumStudio\"},\"image\":{\"@id\":\"https:\\\/\\\/irgumburgumstudio.hu\\\/#\\\/schema\\\/logo\\\/image\\\/\"},\"sameAs\":[\"https:\\\/\\\/www.facebook.com\\\/profile.php?id=100040055444498\"]}]}<\/script>\n<!-- \/ Yoast SEO plugin. -->","yoast_head_json":{"title":"Product Tabs - IrgumburgumStudio","robots":{"index":"index","follow":"follow","max-snippet":"max-snippet:-1","max-image-preview":"max-image-preview:large","max-video-preview":"max-video-preview:-1"},"canonical":"https:\/\/irgumburgumstudio.hu\/en\/elements\/product-tabs\/","og_locale":"en_US","og_type":"article","og_title":"Product Tabs - IrgumburgumStudio","og_url":"https:\/\/irgumburgumstudio.hu\/en\/elements\/product-tabs\/","og_site_name":"IrgumburgumStudio","article_publisher":"https:\/\/www.facebook.com\/profile.php?id=100040055444498","twitter_card":"summary_large_image","twitter_misc":{"Est. reading time":"1 minute"},"schema":{"@context":"https:\/\/schema.org","@graph":[{"@type":"WebPage","@id":"https:\/\/irgumburgumstudio.hu\/elements\/product-tabs\/","url":"https:\/\/irgumburgumstudio.hu\/elements\/product-tabs\/","name":"Product Tabs - IrgumburgumStudio","isPartOf":{"@id":"https:\/\/irgumburgumstudio.hu\/#website"},"datePublished":"2018-11-20T08:52:39+00:00","breadcrumb":{"@id":"https:\/\/irgumburgumstudio.hu\/elements\/product-tabs\/#breadcrumb"},"inLanguage":"en-US","potentialAction":[{"@type":"ReadAction","target":["https:\/\/irgumburgumstudio.hu\/elements\/product-tabs\/"]}]},{"@type":"BreadcrumbList","@id":"https:\/\/irgumburgumstudio.hu\/elements\/product-tabs\/#breadcrumb","itemListElement":[{"@type":"ListItem","position":1,"name":"Home","item":"https:\/\/irgumburgumstudio.hu\/"},{"@type":"ListItem","position":2,"name":"Elements","item":"https:\/\/irgumburgumstudio.hu\/?page_id=194"},{"@type":"ListItem","position":3,"name":"Product Tabs"}]},{"@type":"WebSite","@id":"https:\/\/irgumburgumstudio.hu\/#website","url":"https:\/\/irgumburgumstudio.hu\/","name":"IrgumburgumStudio","description":"IrgumburgumStudio - k\u00e9zzel k\u00e9sz\u00edtett egyedi term\u00e9kek.","publisher":{"@id":"https:\/\/irgumburgumstudio.hu\/#organization"},"potentialAction":[{"@type":"SearchAction","target":{"@type":"EntryPoint","urlTemplate":"https:\/\/irgumburgumstudio.hu\/?s={search_term_string}"},"query-input":{"@type":"PropertyValueSpecification","valueRequired":true,"valueName":"search_term_string"}}],"inLanguage":"en-US"},{"@type":"Organization","@id":"https:\/\/irgumburgumstudio.hu\/#organization","name":"IrgumburgumStudio","url":"https:\/\/irgumburgumstudio.hu\/","logo":{"@type":"ImageObject","inLanguage":"en-US","@id":"https:\/\/irgumburgumstudio.hu\/#\/schema\/logo\/image\/","url":"https:\/\/irgumburgumstudio.hu\/wp-content\/uploads\/2019\/10\/cropped-logoszines-min.png","contentUrl":"https:\/\/irgumburgumstudio.hu\/wp-content\/uploads\/2019\/10\/cropped-logoszines-min.png","width":512,"height":512,"caption":"IrgumburgumStudio"},"image":{"@id":"https:\/\/irgumburgumstudio.hu\/#\/schema\/logo\/image\/"},"sameAs":["https:\/\/www.facebook.com\/profile.php?id=100040055444498"]}]}},"_links":{"self":[{"href":"https:\/\/irgumburgumstudio.hu\/en\/wp-json\/wp\/v2\/pages\/1572","targetHints":{"allow":["GET"]}}],"collection":[{"href":"https:\/\/irgumburgumstudio.hu\/en\/wp-json\/wp\/v2\/pages"}],"about":[{"href":"https:\/\/irgumburgumstudio.hu\/en\/wp-json\/wp\/v2\/types\/page"}],"author":[{"embeddable":true,"href":"https:\/\/irgumburgumstudio.hu\/en\/wp-json\/wp\/v2\/users\/1"}],"replies":[{"embeddable":true,"href":"https:\/\/irgumburgumstudio.hu\/en\/wp-json\/wp\/v2\/comments?post=1572"}],"version-history":[{"count":0,"href":"https:\/\/irgumburgumstudio.hu\/en\/wp-json\/wp\/v2\/pages\/1572\/revisions"}],"up":[{"embeddable":true,"href":"https:\/\/irgumburgumstudio.hu\/en\/wp-json\/wp\/v2\/pages\/194"}],"wp:attachment":[{"href":"https:\/\/irgumburgumstudio.hu\/en\/wp-json\/wp\/v2\/media?parent=1572"}],"curies":[{"name":"wp","href":"https:\/\/api.w.org\/{rel}","templated":true}]}}