{"id":1200,"date":"2018-11-13T03:15:57","date_gmt":"2018-11-13T03:15:57","guid":{"rendered":"http:\/\/learts.local\/?page_id=1200"},"modified":"2018-11-13T03:15:57","modified_gmt":"2018-11-13T03:15:57","slug":"reblended-dish","status":"publish","type":"page","link":"https:\/\/irgumburgumstudio.hu\/en\/reblended-dish\/","title":{"rendered":"Reblended Dish"},"content":{"rendered":"<section class=\"l-section wpb_row height_small full_height valign_center\"><div class=\"l-section-h i-cf\"><div class=\"g-cols vc_row via_flex valign_top type_default stacking_default\"><div class=\"vc_col-sm-12 wpb_column vc_column_container\"><div class=\"vc_column-inner\"><div class=\"wpb_wrapper\">[learts_space height=&#8221;150&#8243; height_lg=&#8221;100&#8243; height_md=&#8221;100&#8243; height_sm=&#8221;10&#8243; height_xs=&#8221;100&#8243;]<div style=\"font-size: 120px;color: #333333;line-height: 72px;text-align: center;font-family:Abril Fatface;font-weight:400;font-style:normal\" class=\"vc_custom_heading vc_do_custom_heading text-transform text-frist us_custom_cda6f729\" >Large<\/div><div style=\"font-size: 56px;color: #baa491;line-height: 72px;text-align: center;font-family:Marcellus;font-weight:400;font-style:normal\" class=\"vc_custom_heading vc_do_custom_heading ls-20 text-second fw-600 us_custom_cda6f729\" >CUTTING BOARD<\/div><\/div><\/div><\/div><\/div><\/div><\/section><section class=\"l-section wpb_row height_small full_height valign_center\"><div class=\"l-section-h i-cf\"><div class=\"g-cols vc_row via_flex valign_middle type_default stacking_default\"><div class=\"vc_col-sm-6 wpb_column vc_column_container\"><div class=\"vc_column-inner\"><div class=\"wpb_wrapper\"><\/div><\/div><\/div><div class=\"vc_col-sm-12 vc_col-lg-6 wpb_column vc_column_container\"><div class=\"vc_column-inner\"><div class=\"wpb_wrapper\">\n\t<div  class=\"wpb_single_image wpb_content_element vc_align_center wpb_content_element wpb_animate_when_almost_visible wpb_fadeInUp fadeInUp\">\n\t\t\n\t\t<figure class=\"wpb_wrapper vc_figure\">\n\t\t\t<div class=\"vc_single_image-wrapper   vc_box_border_grey\"><\/div>\n\t\t<\/figure>\n\t<\/div>\n<div style=\"font-size: 64px;color: #333333;line-height: 72px;text-align: center;font-family:Marcellus;font-weight:400;font-style:normal\" class=\"vc_custom_heading vc_do_custom_heading us_custom_cda6f729\" >MOROCCO VASE<\/div><div style=\"font-size: 72px;color: #72a499;line-height: 72px;text-align: center;font-family:Abril Fatface;font-weight:400;font-style:normal\" class=\"vc_custom_heading vc_do_custom_heading us_custom_cda6f729\" >Superb quality<\/div><\/div><\/div><\/div><\/div><\/div><\/section><section class=\"l-section wpb_row height_small full_height valign_center\"><div class=\"l-section-h i-cf\"><div class=\"g-cols vc_row via_flex valign_middle type_default stacking_default\"><div class=\"vc_col-sm-12 vc_col-lg-6 wpb_column vc_column_container column-center\"><div class=\"vc_column-inner\"><div class=\"wpb_wrapper\">\n\t<div  class=\"wpb_single_image wpb_content_element vc_align_center wpb_content_element wpb_animate_when_almost_visible wpb_fadeInUp fadeInUp\">\n\t\t\n\t\t<figure class=\"wpb_wrapper vc_figure\">\n\t\t\t<div class=\"vc_single_image-wrapper   vc_box_border_grey\"><\/div>\n\t\t<\/figure>\n\t<\/div>\n<div style=\"font-size: 64px;color: #333333;line-height: 72px;text-align: center;font-family:Marcellus;font-weight:400;font-style:normal\" class=\"vc_custom_heading vc_do_custom_heading vc_custom_1548409225707 us_custom_ff456db9\" >Alumsy Shelf<\/div><div class=\"vc_empty_space\"   style=\"height: 40px\"><span class=\"vc_empty_space_inner\"><\/span><\/div>[learts_button style=&#8221;custom&#8221; font_size=&#8221;16&#8243; button_bg_color=&#8221;#f9f0ee&#8221; font_color=&#8221;#333333&#8243; font_color_hover=&#8221;#ffffff&#8221; button_border_color=&#8221;#f9f0ee&#8221; animation=&#8221;fade-in&#8221; text=&#8221;Shop now&#8221; link=&#8221;url:%2Fshop%2F|||&#8221;]<\/div><\/div><\/div><div class=\"vc_col-sm-6 wpb_column vc_column_container\"><div class=\"vc_column-inner\"><div class=\"wpb_wrapper\"><\/div><\/div><\/div><\/div><\/div><\/section><section class=\"l-section wpb_row height_small full_height valign_center\"><div class=\"l-section-h i-cf\"><div class=\"g-cols vc_row via_flex valign_middle type_default stacking_default\"><div class=\"vc_col-sm-12 vc_col-lg-2 wpb_column vc_column_container\"><div class=\"vc_column-inner\"><div class=\"wpb_wrapper\"><\/div><\/div><\/div><div class=\"vc_col-sm-12 vc_col-lg-5 wpb_column vc_column_container\"><div class=\"vc_column-inner\"><div class=\"wpb_wrapper\"><div style=\"font-size: 80px;color: #333333;line-height: 80px;text-align: left;font-family:Abril Fatface;font-weight:400;font-style:normal\" class=\"vc_custom_heading vc_do_custom_heading us_custom_cda6f729\" >made for you<\/div><div class=\"vc_empty_space\"   style=\"height: 20px\"><span class=\"vc_empty_space_inner\"><\/span><\/div><div style=\"font-size: 48px;color: #333333;line-height: 64px;text-align: left;font-family:Marcellus;font-weight:400;font-style:normal\" class=\"vc_custom_heading vc_do_custom_heading us_custom_cda6f729\" >Salmon Cutting Board<\/div><div style=\"font-size: 48px;color: #333333;line-height: 64px;text-align: left;font-family:Marcellus;font-weight:400;font-style:normal\" class=\"vc_custom_heading vc_do_custom_heading us_custom_cda6f729\" >Blue Stone<\/div><div class=\"vc_empty_space\"   style=\"height: 40px\"><span class=\"vc_empty_space_inner\"><\/span><\/div>[learts_button style=&#8221;custom&#8221; font_size=&#8221;16&#8243; button_bg_color=&#8221;&#8221; button_bg_color_hover=&#8221;&#8221; font_color=&#8221;#454545&#8243; font_color_hover=&#8221;#333333&#8243; button_border_color=&#8221;&#8221; button_border_color_hover=&#8221;&#8221; animation=&#8221;move-up&#8221; text=&#8221;+ Online store&#8221; link=&#8221;url:%2Fshop%2F|title:Learn%20more||&#8221; el_class=&#8221;btn-underline padding-0&#8243;]<\/div><\/div><\/div><div class=\"vc_col-sm-12 vc_col-lg-5 wpb_column vc_column_container\"><div class=\"vc_column-inner\"><div class=\"wpb_wrapper\"><\/div><\/div><\/div><\/div><\/div><\/section><section class=\"l-section wpb_row us_custom_57cfe1d7 column-center footer-vc footer-social height_small\"><div class=\"l-section-h i-cf\"><div class=\"g-cols vc_row via_flex valign_top type_default stacking_default\"><div class=\"vc_col-sm-12 wpb_column vc_column_container\"><div class=\"vc_column-inner us_custom_3b088e67\"><div class=\"wpb_wrapper\">[learts_space height=&#8221;70&#8243; height_lg=&#8221;60&#8243; height_md=&#8221;50&#8243; height_sm=&#8221;40&#8243; height_xs=&#8221;30&#8243;]<div class=\"wpb_text_column\"><div class=\"wpb_wrapper\"><ul class=\"menu quick-link\">\n<li><a href=\"#\">About us<\/a><\/li>\n<li><a href=\"#\">Store location<\/a><\/li>\n<li><a href=\"#\">Contact<\/a><\/li>\n<li><a href=\"#\">Support<\/a><\/li>\n<li><a href=\"#\">Policy<\/a><\/li>\n<li><a href=\"#\">FAQs<\/a><\/li>\n<\/ul>\n<\/div><\/div>[learts_social icon_font_size=&#8221;18&#8243; spacing=&#8221;10&#8243; icon_shape=&#8221;none&#8221; icon_color=&#8221;&#8221;][learts_space height=&#8221;50&#8243; height_lg=&#8221;40&#8243; height_md=&#8221;30&#8243; height_sm=&#8221;20&#8243; height_xs=&#8221;20&#8243;]<div class=\"wpb_text_column\"><div class=\"wpb_wrapper\"><p>\u00a9 2019 learts. All Rights Reserved | <strong>(+00) 123 567990<\/strong> | <a href=\"mailto:contact@learts.com\">contact@learts.com<\/a><\/p>\n<\/div><\/div>[learts_space height=&#8221;30&#8243; height_lg=&#8221;30&#8243; height_md=&#8221;30&#8243; height_sm=&#8221;30&#8243; height_xs=&#8221;30&#8243;]<\/div><\/div><\/div><\/div><\/div><\/section>\n","protected":false},"excerpt":{"rendered":"[learts_space height=\"150\" height_lg=\"100\" height_md=\"100\" height_sm=\"10\" height_xs=\"100\"]LargeCUTTING BOARD MOROCCO VASESuperb quality Alumsy Shelf[learts_button style=\"custom\" font_size=\"16\" button_bg_color=\"#f9f0ee\" font_color=\"#333333\" font_color_hover=\"#ffffff\" button_border_color=\"#f9f0ee\" animation=\"fade-in\" text=\"Shop now\" link=\"url:%2Fshop%2F|||\"]made for youSalmon Cutting BoardBlue Stone[learts_button style=\"custom\" font_size=\"16\" button_bg_color=\"\" button_bg_color_hover=\"\" font_color=\"#454545\" font_color_hover=\"#333333\" button_border_color=\"\" button_border_color_hover=\"\" animation=\"move-up\" text=\"+ Online store\" link=\"url:%2Fshop%2F|title:Learn%20more||\" el_class=\"btn-underline padding-0\"][learts_space height=\"70\" height_lg=\"60\" height_md=\"50\" height_sm=\"40\" height_xs=\"30\"] About us Store location Contact Support Policy FAQs...","protected":false},"author":1,"featured_media":0,"parent":0,"menu_order":0,"comment_status":"closed","ping_status":"closed","template":"","meta":{"footnotes":""},"class_list":["post-1200","page","type-page","status-publish","hentry"],"yoast_head":"<!-- This site is optimized with the Yoast SEO plugin v27.3 - https:\/\/yoast.com\/product\/yoast-seo-wordpress\/ -->\n<title>Reblended Dish - IrgumburgumStudio<\/title>\n<meta name=\"robots\" content=\"index, follow, max-snippet:-1, max-image-preview:large, max-video-preview:-1\" \/>\n<link rel=\"canonical\" href=\"https:\/\/irgumburgumstudio.hu\/en\/reblended-dish\/\" \/>\n<meta property=\"og:locale\" content=\"en_US\" \/>\n<meta property=\"og:type\" content=\"article\" \/>\n<meta property=\"og:title\" content=\"Reblended Dish - IrgumburgumStudio\" \/>\n<meta property=\"og:url\" content=\"https:\/\/irgumburgumstudio.hu\/en\/reblended-dish\/\" \/>\n<meta property=\"og:site_name\" content=\"IrgumburgumStudio\" \/>\n<meta property=\"article:publisher\" content=\"https:\/\/www.facebook.com\/profile.php?id=100040055444498\" \/>\n<meta name=\"twitter:card\" content=\"summary_large_image\" \/>\n<meta name=\"twitter:label1\" content=\"Est. reading time\" \/>\n\t<meta name=\"twitter:data1\" content=\"3 minutes\" \/>\n<script type=\"application\/ld+json\" class=\"yoast-schema-graph\">{\"@context\":\"https:\\\/\\\/schema.org\",\"@graph\":[{\"@type\":\"WebPage\",\"@id\":\"https:\\\/\\\/irgumburgumstudio.hu\\\/reblended-dish\\\/\",\"url\":\"https:\\\/\\\/irgumburgumstudio.hu\\\/reblended-dish\\\/\",\"name\":\"Reblended Dish - IrgumburgumStudio\",\"isPartOf\":{\"@id\":\"https:\\\/\\\/irgumburgumstudio.hu\\\/#website\"},\"datePublished\":\"2018-11-13T03:15:57+00:00\",\"breadcrumb\":{\"@id\":\"https:\\\/\\\/irgumburgumstudio.hu\\\/reblended-dish\\\/#breadcrumb\"},\"inLanguage\":\"en-US\",\"potentialAction\":[{\"@type\":\"ReadAction\",\"target\":[\"https:\\\/\\\/irgumburgumstudio.hu\\\/reblended-dish\\\/\"]}]},{\"@type\":\"BreadcrumbList\",\"@id\":\"https:\\\/\\\/irgumburgumstudio.hu\\\/reblended-dish\\\/#breadcrumb\",\"itemListElement\":[{\"@type\":\"ListItem\",\"position\":1,\"name\":\"Home\",\"item\":\"https:\\\/\\\/irgumburgumstudio.hu\\\/\"},{\"@type\":\"ListItem\",\"position\":2,\"name\":\"Reblended Dish\"}]},{\"@type\":\"WebSite\",\"@id\":\"https:\\\/\\\/irgumburgumstudio.hu\\\/#website\",\"url\":\"https:\\\/\\\/irgumburgumstudio.hu\\\/\",\"name\":\"IrgumburgumStudio\",\"description\":\"IrgumburgumStudio - k\u00e9zzel k\u00e9sz\u00edtett egyedi term\u00e9kek.\",\"publisher\":{\"@id\":\"https:\\\/\\\/irgumburgumstudio.hu\\\/#organization\"},\"potentialAction\":[{\"@type\":\"SearchAction\",\"target\":{\"@type\":\"EntryPoint\",\"urlTemplate\":\"https:\\\/\\\/irgumburgumstudio.hu\\\/?s={search_term_string}\"},\"query-input\":{\"@type\":\"PropertyValueSpecification\",\"valueRequired\":true,\"valueName\":\"search_term_string\"}}],\"inLanguage\":\"en-US\"},{\"@type\":\"Organization\",\"@id\":\"https:\\\/\\\/irgumburgumstudio.hu\\\/#organization\",\"name\":\"IrgumburgumStudio\",\"url\":\"https:\\\/\\\/irgumburgumstudio.hu\\\/\",\"logo\":{\"@type\":\"ImageObject\",\"inLanguage\":\"en-US\",\"@id\":\"https:\\\/\\\/irgumburgumstudio.hu\\\/#\\\/schema\\\/logo\\\/image\\\/\",\"url\":\"https:\\\/\\\/irgumburgumstudio.hu\\\/wp-content\\\/uploads\\\/2019\\\/10\\\/cropped-logoszines-min.png\",\"contentUrl\":\"https:\\\/\\\/irgumburgumstudio.hu\\\/wp-content\\\/uploads\\\/2019\\\/10\\\/cropped-logoszines-min.png\",\"width\":512,\"height\":512,\"caption\":\"IrgumburgumStudio\"},\"image\":{\"@id\":\"https:\\\/\\\/irgumburgumstudio.hu\\\/#\\\/schema\\\/logo\\\/image\\\/\"},\"sameAs\":[\"https:\\\/\\\/www.facebook.com\\\/profile.php?id=100040055444498\"]}]}<\/script>\n<!-- \/ Yoast SEO plugin. -->","yoast_head_json":{"title":"Reblended Dish - IrgumburgumStudio","robots":{"index":"index","follow":"follow","max-snippet":"max-snippet:-1","max-image-preview":"max-image-preview:large","max-video-preview":"max-video-preview:-1"},"canonical":"https:\/\/irgumburgumstudio.hu\/en\/reblended-dish\/","og_locale":"en_US","og_type":"article","og_title":"Reblended Dish - IrgumburgumStudio","og_url":"https:\/\/irgumburgumstudio.hu\/en\/reblended-dish\/","og_site_name":"IrgumburgumStudio","article_publisher":"https:\/\/www.facebook.com\/profile.php?id=100040055444498","twitter_card":"summary_large_image","twitter_misc":{"Est. reading time":"3 minutes"},"schema":{"@context":"https:\/\/schema.org","@graph":[{"@type":"WebPage","@id":"https:\/\/irgumburgumstudio.hu\/reblended-dish\/","url":"https:\/\/irgumburgumstudio.hu\/reblended-dish\/","name":"Reblended Dish - IrgumburgumStudio","isPartOf":{"@id":"https:\/\/irgumburgumstudio.hu\/#website"},"datePublished":"2018-11-13T03:15:57+00:00","breadcrumb":{"@id":"https:\/\/irgumburgumstudio.hu\/reblended-dish\/#breadcrumb"},"inLanguage":"en-US","potentialAction":[{"@type":"ReadAction","target":["https:\/\/irgumburgumstudio.hu\/reblended-dish\/"]}]},{"@type":"BreadcrumbList","@id":"https:\/\/irgumburgumstudio.hu\/reblended-dish\/#breadcrumb","itemListElement":[{"@type":"ListItem","position":1,"name":"Home","item":"https:\/\/irgumburgumstudio.hu\/"},{"@type":"ListItem","position":2,"name":"Reblended Dish"}]},{"@type":"WebSite","@id":"https:\/\/irgumburgumstudio.hu\/#website","url":"https:\/\/irgumburgumstudio.hu\/","name":"IrgumburgumStudio","description":"IrgumburgumStudio - k\u00e9zzel k\u00e9sz\u00edtett egyedi term\u00e9kek.","publisher":{"@id":"https:\/\/irgumburgumstudio.hu\/#organization"},"potentialAction":[{"@type":"SearchAction","target":{"@type":"EntryPoint","urlTemplate":"https:\/\/irgumburgumstudio.hu\/?s={search_term_string}"},"query-input":{"@type":"PropertyValueSpecification","valueRequired":true,"valueName":"search_term_string"}}],"inLanguage":"en-US"},{"@type":"Organization","@id":"https:\/\/irgumburgumstudio.hu\/#organization","name":"IrgumburgumStudio","url":"https:\/\/irgumburgumstudio.hu\/","logo":{"@type":"ImageObject","inLanguage":"en-US","@id":"https:\/\/irgumburgumstudio.hu\/#\/schema\/logo\/image\/","url":"https:\/\/irgumburgumstudio.hu\/wp-content\/uploads\/2019\/10\/cropped-logoszines-min.png","contentUrl":"https:\/\/irgumburgumstudio.hu\/wp-content\/uploads\/2019\/10\/cropped-logoszines-min.png","width":512,"height":512,"caption":"IrgumburgumStudio"},"image":{"@id":"https:\/\/irgumburgumstudio.hu\/#\/schema\/logo\/image\/"},"sameAs":["https:\/\/www.facebook.com\/profile.php?id=100040055444498"]}]}},"_links":{"self":[{"href":"https:\/\/irgumburgumstudio.hu\/en\/wp-json\/wp\/v2\/pages\/1200","targetHints":{"allow":["GET"]}}],"collection":[{"href":"https:\/\/irgumburgumstudio.hu\/en\/wp-json\/wp\/v2\/pages"}],"about":[{"href":"https:\/\/irgumburgumstudio.hu\/en\/wp-json\/wp\/v2\/types\/page"}],"author":[{"embeddable":true,"href":"https:\/\/irgumburgumstudio.hu\/en\/wp-json\/wp\/v2\/users\/1"}],"replies":[{"embeddable":true,"href":"https:\/\/irgumburgumstudio.hu\/en\/wp-json\/wp\/v2\/comments?post=1200"}],"version-history":[{"count":0,"href":"https:\/\/irgumburgumstudio.hu\/en\/wp-json\/wp\/v2\/pages\/1200\/revisions"}],"wp:attachment":[{"href":"https:\/\/irgumburgumstudio.hu\/en\/wp-json\/wp\/v2\/media?parent=1200"}],"curies":[{"name":"wp","href":"https:\/\/api.w.org\/{rel}","templated":true}]}}